{"id":564,"date":"2019-06-27T12:15:02","date_gmt":"2019-06-27T10:15:02","guid":{"rendered":"https:\/\/instytutpolski.pl\/bratyslawa\/?page_id=564"},"modified":"2022-09-27T17:44:24","modified_gmt":"2022-09-27T15:44:24","slug":"stipendia-v-ramci-bilateralnych-zmluv","status":"publish","type":"page","link":"https:\/\/instytutpolski.pl\/bratislava\/spoznajte-polsko\/stipendia-v-polsku\/stipendia-v-ramci-bilateralnych-zmluv\/","title":{"rendered":"\u0160tipendi\u00e1 v r\u00e1mci bilater\u00e1lnych zml\u00fav"},"content":{"rendered":"\n<p>Bilater\u00e1lna spolupr\u00e1ca zah\u0155\u0148a okrem in\u00e9ho tieto krajiny: Arm\u00e9nsko, Belgicko &#8211; Val\u00f3nsko, Bielorusko, Bulharsko, \u010c\u00edna, Chorv\u00e1tsko, \u010cesk\u00e1 republika, Egypt, Franc\u00fazsko, Izrael, Japonsko, Kazachstan, Ju\u017en\u00e1 K\u00f3rea, Severn\u00e9 Maced\u00f3nsko, Mongolsko, Rumunsko, Srbsko, Slovensko, Taiwan, Ukrajina, Ju\u017en\u00fd Jemen, Vietnam, Ma\u010farsko, Taliansko. V r\u00e1mci tohto programu je mo\u017en\u00e9 realizova\u0165 pobyty v rozsahu od 3 dn\u00ed do 12 mesiacov v danom akademickom roku.<\/p>\n\n\n\n<p>Viac inform\u00e1ci\u00ed o programe bilater\u00e1lnej spolupr\u00e1ce n\u00e1jdete <strong><a href=\"https:\/\/www.nawa.gov.pl\/studenci\/studenci-zagraniczni\/program-wymiany-osobowej-studentow-i-naukowcow-w-ramach-wspolpracy-bilateralnej-oferta-przyjazdowa\">tu<\/a><\/strong>.<\/p>\n\n\n\n<p>Inform\u00e1cie pre slovensk\u00fdch \u0161tudentov poskytuje aj <strong><a href=\"https:\/\/www.saia.sk\/sk\/main\/studium-a-vyskum\/\">Slovensk\u00e1 akademick\u00e1 informa\u010dn\u00e1 agent\u00fara<\/a><\/strong>.<\/p>\n\n\n\n<p>Viac inform\u00e1ci\u00ed o projektoch pre in\u0161tit\u00facie: Promocja Zagraniczna; Program PROM; Akademickie Partnerstwa Mi\u0119dzynarodowe; Welcome to Poland; STER \u2013 doktorandsk\u00e9 \u0161tipendi\u00e1 pre cudzincov; KATAMARAN \u2013 pr\u00edprava a realiz\u00e1cia spolo\u010dn\u00fdch magistersk\u00fdch \u0161tudijn\u00fdch programov: <strong><a href=\"https:\/\/www.nawa.gov.pl\/instytucje\">www.nawa.gov.pl\/instytucje<\/a><\/strong><\/p>\n","protected":false},"excerpt":{"rendered":"<p>Bilater\u00e1lna spolupr\u00e1ca zah\u0155\u0148a okrem in\u00e9ho tieto krajiny: Arm\u00e9nsko, Belgicko &#8211; Val\u00f3nsko, Bielorusko, Bulharsko, \u010c\u00edna, Chorv\u00e1tsko, \u010cesk\u00e1 republika, Egypt, Franc\u00fazsko, Izrael, Japonsko, Kazachstan, Ju\u017en\u00e1 K\u00f3rea, Severn\u00e9 Maced\u00f3nsko, Mongolsko, Rumunsko, Srbsko, Slovensko, Taiwan, Ukrajina, Ju\u017en\u00fd Jemen, Vietnam, Ma\u010farsko, Taliansko. V r\u00e1mci tohto programu je mo\u017en\u00e9 realizova\u0165 pobyty v rozsahu od 3 dn\u00ed do 12 mesiacov v danom [&hellip;]<\/p>\n","protected":false},"author":1,"featured_media":0,"parent":554,"menu_order":0,"comment_status":"closed","ping_status":"closed","template":"","meta":{"inline_featured_image":false,"_monsterinsights_skip_tracking":false,"_monsterinsights_sitenote_active":false,"_monsterinsights_sitenote_note":"","_monsterinsights_sitenote_category":0,"footnotes":""},"class_list":["post-564","page","type-page","status-publish","hentry"],"yoast_head":"<!-- This site is optimized with the Yoast SEO plugin v24.6 - https:\/\/yoast.com\/wordpress\/plugins\/seo\/ -->\n<title>\u0160tipendi\u00e1 v r\u00e1mci bilater\u00e1lnych zml\u00fav - Instytut Polski w Bratys\u0142awie<\/title>\n<meta name=\"robots\" content=\"index, follow, max-snippet:-1, max-image-preview:large, max-video-preview:-1\" \/>\n<link rel=\"canonical\" href=\"https:\/\/instytutpolski.pl\/bratislava\/spoznajte-polsko\/stipendia-v-polsku\/stipendia-v-ramci-bilateralnych-zmluv\/\" \/>\n<meta property=\"og:locale\" content=\"pl_PL\" \/>\n<meta property=\"og:type\" content=\"article\" \/>\n<meta property=\"og:title\" content=\"\u0160tipendi\u00e1 v r\u00e1mci bilater\u00e1lnych zml\u00fav - Instytut Polski w Bratys\u0142awie\" \/>\n<meta property=\"og:description\" content=\"Bilater\u00e1lna spolupr\u00e1ca zah\u0155\u0148a okrem in\u00e9ho tieto krajiny: Arm\u00e9nsko, Belgicko &#8211; Val\u00f3nsko, Bielorusko, Bulharsko, \u010c\u00edna, Chorv\u00e1tsko, \u010cesk\u00e1 republika, Egypt, Franc\u00fazsko, Izrael, Japonsko, Kazachstan, Ju\u017en\u00e1 K\u00f3rea, Severn\u00e9 Maced\u00f3nsko, Mongolsko, Rumunsko, Srbsko, Slovensko, Taiwan, Ukrajina, Ju\u017en\u00fd Jemen, Vietnam, Ma\u010farsko, Taliansko. V r\u00e1mci tohto programu je mo\u017en\u00e9 realizova\u0165 pobyty v rozsahu od 3 dn\u00ed do 12 mesiacov v danom [&hellip;]\" \/>\n<meta property=\"og:url\" content=\"https:\/\/instytutpolski.pl\/bratislava\/spoznajte-polsko\/stipendia-v-polsku\/stipendia-v-ramci-bilateralnych-zmluv\/\" \/>\n<meta property=\"og:site_name\" content=\"Instytut Polski w Bratys\u0142awie\" \/>\n<meta property=\"article:modified_time\" content=\"2022-09-27T15:44:24+00:00\" \/>\n<meta name=\"twitter:card\" content=\"summary_large_image\" \/>\n<meta name=\"twitter:label1\" content=\"Szacowany czas czytania\" \/>\n\t<meta name=\"twitter:data1\" content=\"1 minuta\" \/>\n<script type=\"application\/ld+json\" class=\"yoast-schema-graph\">{\"@context\":\"https:\/\/schema.org\",\"@graph\":[{\"@type\":\"WebPage\",\"@id\":\"https:\/\/instytutpolski.pl\/bratislava\/spoznajte-polsko\/stipendia-v-polsku\/stipendia-v-ramci-bilateralnych-zmluv\/\",\"url\":\"https:\/\/instytutpolski.pl\/bratislava\/spoznajte-polsko\/stipendia-v-polsku\/stipendia-v-ramci-bilateralnych-zmluv\/\",\"name\":\"\u0160tipendi\u00e1 v r\u00e1mci bilater\u00e1lnych zml\u00fav - Instytut Polski w Bratys\u0142awie\",\"isPartOf\":{\"@id\":\"https:\/\/instytutpolski.pl\/bratislava\/#website\"},\"datePublished\":\"2019-06-27T10:15:02+00:00\",\"dateModified\":\"2022-09-27T15:44:24+00:00\",\"breadcrumb\":{\"@id\":\"https:\/\/instytutpolski.pl\/bratislava\/spoznajte-polsko\/stipendia-v-polsku\/stipendia-v-ramci-bilateralnych-zmluv\/#breadcrumb\"},\"inLanguage\":\"pl-PL\",\"potentialAction\":[{\"@type\":\"ReadAction\",\"target\":[\"https:\/\/instytutpolski.pl\/bratislava\/spoznajte-polsko\/stipendia-v-polsku\/stipendia-v-ramci-bilateralnych-zmluv\/\"]}]},{\"@type\":\"BreadcrumbList\",\"@id\":\"https:\/\/instytutpolski.pl\/bratislava\/spoznajte-polsko\/stipendia-v-polsku\/stipendia-v-ramci-bilateralnych-zmluv\/#breadcrumb\",\"itemListElement\":[{\"@type\":\"ListItem\",\"position\":1,\"name\":\"Home\",\"item\":\"https:\/\/instytutpolski.pl\/bratislava\/\"},{\"@type\":\"ListItem\",\"position\":2,\"name\":\"Spoznajte Po\u013esko\",\"item\":\"https:\/\/instytutpolski.pl\/bratislava\/spoznajte-polsko\/\"},{\"@type\":\"ListItem\",\"position\":3,\"name\":\"\u0160tipendi\u00e1 v Po\u013esku\",\"item\":\"https:\/\/instytutpolski.pl\/bratislava\/spoznajte-polsko\/stipendia-v-polsku\/\"},{\"@type\":\"ListItem\",\"position\":4,\"name\":\"\u0160tipendi\u00e1 v r\u00e1mci bilater\u00e1lnych zml\u00fav\"}]},{\"@type\":\"WebSite\",\"@id\":\"https:\/\/instytutpolski.pl\/bratislava\/#website\",\"url\":\"https:\/\/instytutpolski.pl\/bratislava\/\",\"name\":\"Instytut Polski w Bratys\u0142awie\",\"description\":\"Instytuty Polskie\",\"potentialAction\":[{\"@type\":\"SearchAction\",\"target\":{\"@type\":\"EntryPoint\",\"urlTemplate\":\"https:\/\/instytutpolski.pl\/bratislava\/?s={search_term_string}\"},\"query-input\":{\"@type\":\"PropertyValueSpecification\",\"valueRequired\":true,\"valueName\":\"search_term_string\"}}],\"inLanguage\":\"pl-PL\"}]}<\/script>\n<!-- \/ Yoast SEO plugin. -->","yoast_head_json":{"title":"\u0160tipendi\u00e1 v r\u00e1mci bilater\u00e1lnych zml\u00fav - Instytut Polski w Bratys\u0142awie","robots":{"index":"index","follow":"follow","max-snippet":"max-snippet:-1","max-image-preview":"max-image-preview:large","max-video-preview":"max-video-preview:-1"},"canonical":"https:\/\/instytutpolski.pl\/bratislava\/spoznajte-polsko\/stipendia-v-polsku\/stipendia-v-ramci-bilateralnych-zmluv\/","og_locale":"pl_PL","og_type":"article","og_title":"\u0160tipendi\u00e1 v r\u00e1mci bilater\u00e1lnych zml\u00fav - Instytut Polski w Bratys\u0142awie","og_description":"Bilater\u00e1lna spolupr\u00e1ca zah\u0155\u0148a okrem in\u00e9ho tieto krajiny: Arm\u00e9nsko, Belgicko &#8211; Val\u00f3nsko, Bielorusko, Bulharsko, \u010c\u00edna, Chorv\u00e1tsko, \u010cesk\u00e1 republika, Egypt, Franc\u00fazsko, Izrael, Japonsko, Kazachstan, Ju\u017en\u00e1 K\u00f3rea, Severn\u00e9 Maced\u00f3nsko, Mongolsko, Rumunsko, Srbsko, Slovensko, Taiwan, Ukrajina, Ju\u017en\u00fd Jemen, Vietnam, Ma\u010farsko, Taliansko. V r\u00e1mci tohto programu je mo\u017en\u00e9 realizova\u0165 pobyty v rozsahu od 3 dn\u00ed do 12 mesiacov v danom [&hellip;]","og_url":"https:\/\/instytutpolski.pl\/bratislava\/spoznajte-polsko\/stipendia-v-polsku\/stipendia-v-ramci-bilateralnych-zmluv\/","og_site_name":"Instytut Polski w Bratys\u0142awie","article_modified_time":"2022-09-27T15:44:24+00:00","twitter_card":"summary_large_image","twitter_misc":{"Szacowany czas czytania":"1 minuta"},"schema":{"@context":"https:\/\/schema.org","@graph":[{"@type":"WebPage","@id":"https:\/\/instytutpolski.pl\/bratislava\/spoznajte-polsko\/stipendia-v-polsku\/stipendia-v-ramci-bilateralnych-zmluv\/","url":"https:\/\/instytutpolski.pl\/bratislava\/spoznajte-polsko\/stipendia-v-polsku\/stipendia-v-ramci-bilateralnych-zmluv\/","name":"\u0160tipendi\u00e1 v r\u00e1mci bilater\u00e1lnych zml\u00fav - Instytut Polski w Bratys\u0142awie","isPartOf":{"@id":"https:\/\/instytutpolski.pl\/bratislava\/#website"},"datePublished":"2019-06-27T10:15:02+00:00","dateModified":"2022-09-27T15:44:24+00:00","breadcrumb":{"@id":"https:\/\/instytutpolski.pl\/bratislava\/spoznajte-polsko\/stipendia-v-polsku\/stipendia-v-ramci-bilateralnych-zmluv\/#breadcrumb"},"inLanguage":"pl-PL","potentialAction":[{"@type":"ReadAction","target":["https:\/\/instytutpolski.pl\/bratislava\/spoznajte-polsko\/stipendia-v-polsku\/stipendia-v-ramci-bilateralnych-zmluv\/"]}]},{"@type":"BreadcrumbList","@id":"https:\/\/instytutpolski.pl\/bratislava\/spoznajte-polsko\/stipendia-v-polsku\/stipendia-v-ramci-bilateralnych-zmluv\/#breadcrumb","itemListElement":[{"@type":"ListItem","position":1,"name":"Home","item":"https:\/\/instytutpolski.pl\/bratislava\/"},{"@type":"ListItem","position":2,"name":"Spoznajte Po\u013esko","item":"https:\/\/instytutpolski.pl\/bratislava\/spoznajte-polsko\/"},{"@type":"ListItem","position":3,"name":"\u0160tipendi\u00e1 v Po\u013esku","item":"https:\/\/instytutpolski.pl\/bratislava\/spoznajte-polsko\/stipendia-v-polsku\/"},{"@type":"ListItem","position":4,"name":"\u0160tipendi\u00e1 v r\u00e1mci bilater\u00e1lnych zml\u00fav"}]},{"@type":"WebSite","@id":"https:\/\/instytutpolski.pl\/bratislava\/#website","url":"https:\/\/instytutpolski.pl\/bratislava\/","name":"Instytut Polski w Bratys\u0142awie","description":"Instytuty Polskie","potentialAction":[{"@type":"SearchAction","target":{"@type":"EntryPoint","urlTemplate":"https:\/\/instytutpolski.pl\/bratislava\/?s={search_term_string}"},"query-input":{"@type":"PropertyValueSpecification","valueRequired":true,"valueName":"search_term_string"}}],"inLanguage":"pl-PL"}]}},"_links":{"self":[{"href":"https:\/\/instytutpolski.pl\/bratislava\/wp-json\/wp\/v2\/pages\/564","targetHints":{"allow":["GET"]}}],"collection":[{"href":"https:\/\/instytutpolski.pl\/bratislava\/wp-json\/wp\/v2\/pages"}],"about":[{"href":"https:\/\/instytutpolski.pl\/bratislava\/wp-json\/wp\/v2\/types\/page"}],"author":[{"embeddable":true,"href":"https:\/\/instytutpolski.pl\/bratislava\/wp-json\/wp\/v2\/users\/1"}],"replies":[{"embeddable":true,"href":"https:\/\/instytutpolski.pl\/bratislava\/wp-json\/wp\/v2\/comments?post=564"}],"version-history":[{"count":2,"href":"https:\/\/instytutpolski.pl\/bratislava\/wp-json\/wp\/v2\/pages\/564\/revisions"}],"predecessor-version":[{"id":5237,"href":"https:\/\/instytutpolski.pl\/bratislava\/wp-json\/wp\/v2\/pages\/564\/revisions\/5237"}],"up":[{"embeddable":true,"href":"https:\/\/instytutpolski.pl\/bratislava\/wp-json\/wp\/v2\/pages\/554"}],"wp:attachment":[{"href":"https:\/\/instytutpolski.pl\/bratislava\/wp-json\/wp\/v2\/media?parent=564"}],"curies":[{"name":"wp","href":"https:\/\/api.w.org\/{rel}","templated":true}]}}