{"id":566,"date":"2019-06-27T12:15:02","date_gmt":"2019-06-27T10:15:02","guid":{"rendered":"https:\/\/instytutpolski.pl\/bratyslawa\/?page_id=566"},"modified":"2022-10-01T12:11:39","modified_gmt":"2022-10-01T10:11:39","slug":"stypendia-w-ramach-umow-dwustronnych","status":"publish","type":"page","link":"https:\/\/instytutpolski.pl\/bratislava\/pl\/poznaj-polske\/stypendia-w-polsce\/stypendia-w-ramach-umow-dwustronnych\/","title":{"rendered":"Stypendia w ramach um\u00f3w dwustronnych"},"content":{"rendered":"\n<p>Wsp\u00f3\u0142prac\u0105 obj\u0119te s\u0105 m.in.:\u00a0Armenia, Belgia Walonia, Bia\u0142oru\u015b, Bu\u0142garia, Chiny, Chorwacja, Czechy, Egipt, Francja, Izrael, Japonia, Jemen, Kazachstan,\u00a0Korea, Macedonia, Mongolia, Rumunia, Serbia, <strong>S\u0142owacja<\/strong>, S\u0142owenia, Tajwan, Ukraina, W\u0119gry, Wietnam, W\u0142ochy.<strong>\u00a0<\/strong>W ramach programu pobyt mo\u017ce trwa\u0107 od 3 dni do 12 miesi\u0119cy w danym roku akademickim.<strong>\u00a0<\/strong>Wi\u0119cej informacji o programie wsp\u00f3\u0142pracy tutaj:\u00a0<a href=\"https:\/\/www.nawa.gov.pl\/studenci\/studenci-zagraniczni\/program-wymiany-osobowej-studentow-i-naukowcow-w-ramach-wspolpracy-bilateralnej-oferta-przyjazdowa\">https:\/\/www.nawa.gov.pl\/studenci\/studenci-zagraniczni\/program-wymiany-osobowej-studentow-i-naukowcow-w-ramach-wspolpracy-bilateralnej-oferta-przyjazdowa<\/a>.<\/p>\n\n\n\n<p>Wi\u0119cej o<strong>&nbsp;projektach dedykowanych instytucjom<\/strong>: Promocja Zagraniczna; Program PROM;&nbsp;<a href=\"https:\/\/www.nawa.gov.pl\/instytucje\/akademickie-partnerstwa-miedzynarodowe\">Akademickie Partnerstwa Mi\u0119dzynarodowe<\/a>; Welcome to Poland;&nbsp;<a href=\"https:\/\/www.nawa.gov.pl\/instytucje\/ster-stypendia-doktorskie-dla-cudzoziemcow\">STER \u2013 Stypendia doktorskie dla cudzoziemc\u00f3w<\/a>; KATAMARAN \u2013 Przygotowanie i realizacja wsp\u00f3lnych studi\u00f3w II stopnia:&nbsp;<a href=\"https:\/\/www.nawa.gov.pl\/instytucje\">https:\/\/www.nawa.gov.pl\/instytucje<\/a><\/p>\n","protected":false},"excerpt":{"rendered":"<p>Wsp\u00f3\u0142prac\u0105 obj\u0119te s\u0105 m.in.:\u00a0Armenia, Belgia Walonia, Bia\u0142oru\u015b, Bu\u0142garia, Chiny, Chorwacja, Czechy, Egipt, Francja, Izrael, Japonia, Jemen, Kazachstan,\u00a0Korea, Macedonia, Mongolia, Rumunia, Serbia, S\u0142owacja, S\u0142owenia, Tajwan, Ukraina, W\u0119gry, Wietnam, W\u0142ochy.\u00a0W ramach programu pobyt mo\u017ce trwa\u0107 od 3 dni do 12 miesi\u0119cy w danym roku akademickim.\u00a0Wi\u0119cej informacji o programie wsp\u00f3\u0142pracy tutaj:\u00a0https:\/\/www.nawa.gov.pl\/studenci\/studenci-zagraniczni\/program-wymiany-osobowej-studentow-i-naukowcow-w-ramach-wspolpracy-bilateralnej-oferta-przyjazdowa. Wi\u0119cej o&nbsp;projektach dedykowanych instytucjom: Promocja Zagraniczna; Program [&hellip;]<\/p>\n","protected":false},"author":1,"featured_media":0,"parent":558,"menu_order":0,"comment_status":"closed","ping_status":"closed","template":"","meta":{"inline_featured_image":false,"_monsterinsights_skip_tracking":false,"_monsterinsights_sitenote_active":false,"_monsterinsights_sitenote_note":"","_monsterinsights_sitenote_category":0,"footnotes":""},"class_list":["post-566","page","type-page","status-publish","hentry"],"yoast_head":"<!-- This site is optimized with the Yoast SEO plugin v24.6 - https:\/\/yoast.com\/wordpress\/plugins\/seo\/ -->\n<title>Stypendia w ramach um\u00f3w dwustronnych - Instytut Polski w Bratys\u0142awie<\/title>\n<meta name=\"robots\" content=\"index, follow, max-snippet:-1, max-image-preview:large, max-video-preview:-1\" \/>\n<link rel=\"canonical\" href=\"https:\/\/instytutpolski.pl\/bratislava\/pl\/poznaj-polske\/stypendia-w-polsce\/stypendia-w-ramach-umow-dwustronnych\/\" \/>\n<meta property=\"og:locale\" content=\"pl_PL\" \/>\n<meta property=\"og:type\" content=\"article\" \/>\n<meta property=\"og:title\" content=\"Stypendia w ramach um\u00f3w dwustronnych - Instytut Polski w Bratys\u0142awie\" \/>\n<meta property=\"og:description\" content=\"Wsp\u00f3\u0142prac\u0105 obj\u0119te s\u0105 m.in.:\u00a0Armenia, Belgia Walonia, Bia\u0142oru\u015b, Bu\u0142garia, Chiny, Chorwacja, Czechy, Egipt, Francja, Izrael, Japonia, Jemen, Kazachstan,\u00a0Korea, Macedonia, Mongolia, Rumunia, Serbia, S\u0142owacja, S\u0142owenia, Tajwan, Ukraina, W\u0119gry, Wietnam, W\u0142ochy.\u00a0W ramach programu pobyt mo\u017ce trwa\u0107 od 3 dni do 12 miesi\u0119cy w danym roku akademickim.\u00a0Wi\u0119cej informacji o programie wsp\u00f3\u0142pracy tutaj:\u00a0https:\/\/www.nawa.gov.pl\/studenci\/studenci-zagraniczni\/program-wymiany-osobowej-studentow-i-naukowcow-w-ramach-wspolpracy-bilateralnej-oferta-przyjazdowa. Wi\u0119cej o&nbsp;projektach dedykowanych instytucjom: Promocja Zagraniczna; Program [&hellip;]\" \/>\n<meta property=\"og:url\" content=\"https:\/\/instytutpolski.pl\/bratislava\/pl\/poznaj-polske\/stypendia-w-polsce\/stypendia-w-ramach-umow-dwustronnych\/\" \/>\n<meta property=\"og:site_name\" content=\"Instytut Polski w Bratys\u0142awie\" \/>\n<meta property=\"article:modified_time\" content=\"2022-10-01T10:11:39+00:00\" \/>\n<meta name=\"twitter:card\" content=\"summary_large_image\" \/>\n<meta name=\"twitter:label1\" content=\"Szacowany czas czytania\" \/>\n\t<meta name=\"twitter:data1\" content=\"1 minuta\" \/>\n<script type=\"application\/ld+json\" class=\"yoast-schema-graph\">{\"@context\":\"https:\/\/schema.org\",\"@graph\":[{\"@type\":\"WebPage\",\"@id\":\"https:\/\/instytutpolski.pl\/bratislava\/pl\/poznaj-polske\/stypendia-w-polsce\/stypendia-w-ramach-umow-dwustronnych\/\",\"url\":\"https:\/\/instytutpolski.pl\/bratislava\/pl\/poznaj-polske\/stypendia-w-polsce\/stypendia-w-ramach-umow-dwustronnych\/\",\"name\":\"Stypendia w ramach um\u00f3w dwustronnych - Instytut Polski w Bratys\u0142awie\",\"isPartOf\":{\"@id\":\"https:\/\/instytutpolski.pl\/bratislava\/#website\"},\"datePublished\":\"2019-06-27T10:15:02+00:00\",\"dateModified\":\"2022-10-01T10:11:39+00:00\",\"breadcrumb\":{\"@id\":\"https:\/\/instytutpolski.pl\/bratislava\/pl\/poznaj-polske\/stypendia-w-polsce\/stypendia-w-ramach-umow-dwustronnych\/#breadcrumb\"},\"inLanguage\":\"pl-PL\",\"potentialAction\":[{\"@type\":\"ReadAction\",\"target\":[\"https:\/\/instytutpolski.pl\/bratislava\/pl\/poznaj-polske\/stypendia-w-polsce\/stypendia-w-ramach-umow-dwustronnych\/\"]}]},{\"@type\":\"BreadcrumbList\",\"@id\":\"https:\/\/instytutpolski.pl\/bratislava\/pl\/poznaj-polske\/stypendia-w-polsce\/stypendia-w-ramach-umow-dwustronnych\/#breadcrumb\",\"itemListElement\":[{\"@type\":\"ListItem\",\"position\":1,\"name\":\"Home\",\"item\":\"https:\/\/instytutpolski.pl\/bratislava\/\"},{\"@type\":\"ListItem\",\"position\":2,\"name\":\"Poznaj Polsk\u0119\",\"item\":\"https:\/\/instytutpolski.pl\/bratislava\/pl\/poznaj-polske\/\"},{\"@type\":\"ListItem\",\"position\":3,\"name\":\"Stypendia w Polsce\",\"item\":\"https:\/\/instytutpolski.pl\/bratislava\/pl\/poznaj-polske\/stypendia-w-polsce\/\"},{\"@type\":\"ListItem\",\"position\":4,\"name\":\"Stypendia w ramach um\u00f3w dwustronnych\"}]},{\"@type\":\"WebSite\",\"@id\":\"https:\/\/instytutpolski.pl\/bratislava\/#website\",\"url\":\"https:\/\/instytutpolski.pl\/bratislava\/\",\"name\":\"Instytut Polski w Bratys\u0142awie\",\"description\":\"Instytuty Polskie\",\"potentialAction\":[{\"@type\":\"SearchAction\",\"target\":{\"@type\":\"EntryPoint\",\"urlTemplate\":\"https:\/\/instytutpolski.pl\/bratislava\/?s={search_term_string}\"},\"query-input\":{\"@type\":\"PropertyValueSpecification\",\"valueRequired\":true,\"valueName\":\"search_term_string\"}}],\"inLanguage\":\"pl-PL\"}]}<\/script>\n<!-- \/ Yoast SEO plugin. -->","yoast_head_json":{"title":"Stypendia w ramach um\u00f3w dwustronnych - Instytut Polski w Bratys\u0142awie","robots":{"index":"index","follow":"follow","max-snippet":"max-snippet:-1","max-image-preview":"max-image-preview:large","max-video-preview":"max-video-preview:-1"},"canonical":"https:\/\/instytutpolski.pl\/bratislava\/pl\/poznaj-polske\/stypendia-w-polsce\/stypendia-w-ramach-umow-dwustronnych\/","og_locale":"pl_PL","og_type":"article","og_title":"Stypendia w ramach um\u00f3w dwustronnych - Instytut Polski w Bratys\u0142awie","og_description":"Wsp\u00f3\u0142prac\u0105 obj\u0119te s\u0105 m.in.:\u00a0Armenia, Belgia Walonia, Bia\u0142oru\u015b, Bu\u0142garia, Chiny, Chorwacja, Czechy, Egipt, Francja, Izrael, Japonia, Jemen, Kazachstan,\u00a0Korea, Macedonia, Mongolia, Rumunia, Serbia, S\u0142owacja, S\u0142owenia, Tajwan, Ukraina, W\u0119gry, Wietnam, W\u0142ochy.\u00a0W ramach programu pobyt mo\u017ce trwa\u0107 od 3 dni do 12 miesi\u0119cy w danym roku akademickim.\u00a0Wi\u0119cej informacji o programie wsp\u00f3\u0142pracy tutaj:\u00a0https:\/\/www.nawa.gov.pl\/studenci\/studenci-zagraniczni\/program-wymiany-osobowej-studentow-i-naukowcow-w-ramach-wspolpracy-bilateralnej-oferta-przyjazdowa. Wi\u0119cej o&nbsp;projektach dedykowanych instytucjom: Promocja Zagraniczna; Program [&hellip;]","og_url":"https:\/\/instytutpolski.pl\/bratislava\/pl\/poznaj-polske\/stypendia-w-polsce\/stypendia-w-ramach-umow-dwustronnych\/","og_site_name":"Instytut Polski w Bratys\u0142awie","article_modified_time":"2022-10-01T10:11:39+00:00","twitter_card":"summary_large_image","twitter_misc":{"Szacowany czas czytania":"1 minuta"},"schema":{"@context":"https:\/\/schema.org","@graph":[{"@type":"WebPage","@id":"https:\/\/instytutpolski.pl\/bratislava\/pl\/poznaj-polske\/stypendia-w-polsce\/stypendia-w-ramach-umow-dwustronnych\/","url":"https:\/\/instytutpolski.pl\/bratislava\/pl\/poznaj-polske\/stypendia-w-polsce\/stypendia-w-ramach-umow-dwustronnych\/","name":"Stypendia w ramach um\u00f3w dwustronnych - Instytut Polski w Bratys\u0142awie","isPartOf":{"@id":"https:\/\/instytutpolski.pl\/bratislava\/#website"},"datePublished":"2019-06-27T10:15:02+00:00","dateModified":"2022-10-01T10:11:39+00:00","breadcrumb":{"@id":"https:\/\/instytutpolski.pl\/bratislava\/pl\/poznaj-polske\/stypendia-w-polsce\/stypendia-w-ramach-umow-dwustronnych\/#breadcrumb"},"inLanguage":"pl-PL","potentialAction":[{"@type":"ReadAction","target":["https:\/\/instytutpolski.pl\/bratislava\/pl\/poznaj-polske\/stypendia-w-polsce\/stypendia-w-ramach-umow-dwustronnych\/"]}]},{"@type":"BreadcrumbList","@id":"https:\/\/instytutpolski.pl\/bratislava\/pl\/poznaj-polske\/stypendia-w-polsce\/stypendia-w-ramach-umow-dwustronnych\/#breadcrumb","itemListElement":[{"@type":"ListItem","position":1,"name":"Home","item":"https:\/\/instytutpolski.pl\/bratislava\/"},{"@type":"ListItem","position":2,"name":"Poznaj Polsk\u0119","item":"https:\/\/instytutpolski.pl\/bratislava\/pl\/poznaj-polske\/"},{"@type":"ListItem","position":3,"name":"Stypendia w Polsce","item":"https:\/\/instytutpolski.pl\/bratislava\/pl\/poznaj-polske\/stypendia-w-polsce\/"},{"@type":"ListItem","position":4,"name":"Stypendia w ramach um\u00f3w dwustronnych"}]},{"@type":"WebSite","@id":"https:\/\/instytutpolski.pl\/bratislava\/#website","url":"https:\/\/instytutpolski.pl\/bratislava\/","name":"Instytut Polski w Bratys\u0142awie","description":"Instytuty Polskie","potentialAction":[{"@type":"SearchAction","target":{"@type":"EntryPoint","urlTemplate":"https:\/\/instytutpolski.pl\/bratislava\/?s={search_term_string}"},"query-input":{"@type":"PropertyValueSpecification","valueRequired":true,"valueName":"search_term_string"}}],"inLanguage":"pl-PL"}]}},"_links":{"self":[{"href":"https:\/\/instytutpolski.pl\/bratislava\/wp-json\/wp\/v2\/pages\/566","targetHints":{"allow":["GET"]}}],"collection":[{"href":"https:\/\/instytutpolski.pl\/bratislava\/wp-json\/wp\/v2\/pages"}],"about":[{"href":"https:\/\/instytutpolski.pl\/bratislava\/wp-json\/wp\/v2\/types\/page"}],"author":[{"embeddable":true,"href":"https:\/\/instytutpolski.pl\/bratislava\/wp-json\/wp\/v2\/users\/1"}],"replies":[{"embeddable":true,"href":"https:\/\/instytutpolski.pl\/bratislava\/wp-json\/wp\/v2\/comments?post=566"}],"version-history":[{"count":2,"href":"https:\/\/instytutpolski.pl\/bratislava\/wp-json\/wp\/v2\/pages\/566\/revisions"}],"predecessor-version":[{"id":5315,"href":"https:\/\/instytutpolski.pl\/bratislava\/wp-json\/wp\/v2\/pages\/566\/revisions\/5315"}],"up":[{"embeddable":true,"href":"https:\/\/instytutpolski.pl\/bratislava\/wp-json\/wp\/v2\/pages\/558"}],"wp:attachment":[{"href":"https:\/\/instytutpolski.pl\/bratislava\/wp-json\/wp\/v2\/media?parent=566"}],"curies":[{"name":"wp","href":"https:\/\/api.w.org\/{rel}","templated":true}]}}