{"id":580,"date":"2019-06-27T12:17:49","date_gmt":"2019-06-27T10:17:49","guid":{"rendered":"https:\/\/instytutpolski.pl\/bratyslawa\/?page_id=580"},"modified":"2022-09-27T18:16:38","modified_gmt":"2022-09-27T16:16:38","slug":"veda-v-polsku","status":"publish","type":"page","link":"https:\/\/instytutpolski.pl\/bratislava\/spoznajte-polsko\/veda-v-polsku\/","title":{"rendered":"Veda v Po\u013esku"},"content":{"rendered":"\n<p>Po\u013esk\u00ed vedci stoja za mnoh\u00fdmi prevratn\u00fdmi objavmi a vyn\u00e1lezmi. Zozn\u00e1mte sa s niektor\u00fdmi z nich:<\/p>\n\n\n\n<p>Publik\u00e1cie o vede v Po\u013esku &#8211; <strong><a href=\"https:\/\/nawa.gov.pl\/images\/zdjecia\/ResearchinPoland\/Science_in_Poland_v1.25a-www.pdf\">online pdf verzia tu<\/a><\/strong>.<\/p>\n\n\n\n<figure class=\"wp-block-embed is-type-video is-provider-youtube wp-block-embed-youtube wp-embed-aspect-16-9 wp-has-aspect-ratio\"><div class=\"wp-block-embed__wrapper\">\nhttps:\/\/www.youtube.com\/watch?v=DQY_WY46I20\n<\/div><\/figure>\n\n\n\n<ul class=\"wp-block-list\"><li>Port\u00e1l o vede v Po\u013esku <strong><a href=\"https:\/\/researchinpoland.org\/\">Research in Poland<\/a><\/strong> &#8211; inform\u00e1cie o po\u013eskej vede, grantoch, konferenci\u00e1ch a in\u00fdch podujatiach, pracovn\u00fdch ponuk\u00e1ch na univerzit\u00e1ch alebo vo v\u00fdskumn\u00fdch \u00fastavoch a o v\u00fdskumn\u00fdch pobytoch v Po\u013esku.<\/li><li>Inform\u00e1cie o vede a v\u00fdskume n\u00e1jdete aj na <strong><a href=\"https:\/\/nawa.gov.pl\/en\/researchinpoland\">webovej str\u00e1nke N\u00e1rodnej agent\u00fary pre akademick\u00fa v\u00fdmenu<\/a><\/strong><\/li><li>Webov\u00e1 str\u00e1nka po\u013esk\u00e9ho <strong><a href=\"https:\/\/www.gov.pl\/web\/science\">Ministerstva vedy a vysok\u00e9ho \u0161kolstva<\/a><\/strong><\/li><li><strong><a href=\"https:\/\/institution.pan.pl\/\">Po\u013esk\u00e1 akad\u00e9mia vied<\/a><\/strong><\/li><li><strong><a href=\"https:\/\/poland.pl\/science\/famous-scientists\/\">Sl\u00e1vni po\u013esk\u00ed vedci a vyn\u00e1lezcovia<\/a><\/strong><\/li><\/ul>\n","protected":false},"excerpt":{"rendered":"<p>Po\u013esk\u00ed vedci stoja za mnoh\u00fdmi prevratn\u00fdmi objavmi a vyn\u00e1lezmi. Zozn\u00e1mte sa s niektor\u00fdmi z nich: Publik\u00e1cie o vede v Po\u013esku &#8211; online pdf verzia tu. Port\u00e1l o vede v Po\u013esku Research in Poland &#8211; inform\u00e1cie o po\u013eskej vede, grantoch, konferenci\u00e1ch a in\u00fdch podujatiach, pracovn\u00fdch ponuk\u00e1ch na univerzit\u00e1ch alebo vo v\u00fdskumn\u00fdch \u00fastavoch a o v\u00fdskumn\u00fdch pobytoch [&hellip;]<\/p>\n","protected":false},"author":1,"featured_media":581,"parent":542,"menu_order":0,"comment_status":"closed","ping_status":"closed","template":"","meta":{"inline_featured_image":false,"_monsterinsights_skip_tracking":false,"_monsterinsights_sitenote_active":false,"_monsterinsights_sitenote_note":"","_monsterinsights_sitenote_category":0,"footnotes":""},"class_list":["post-580","page","type-page","status-publish","has-post-thumbnail","hentry"],"yoast_head":"<!-- This site is optimized with the Yoast SEO plugin v24.6 - https:\/\/yoast.com\/wordpress\/plugins\/seo\/ -->\n<title>Veda v Po\u013esku - Instytut Polski w Bratys\u0142awie<\/title>\n<meta name=\"robots\" content=\"index, follow, max-snippet:-1, max-image-preview:large, max-video-preview:-1\" \/>\n<link rel=\"canonical\" href=\"https:\/\/instytutpolski.pl\/bratislava\/spoznajte-polsko\/veda-v-polsku\/\" \/>\n<meta property=\"og:locale\" content=\"pl_PL\" \/>\n<meta property=\"og:type\" content=\"article\" \/>\n<meta property=\"og:title\" content=\"Veda v Po\u013esku - Instytut Polski w Bratys\u0142awie\" \/>\n<meta property=\"og:description\" content=\"Po\u013esk\u00ed vedci stoja za mnoh\u00fdmi prevratn\u00fdmi objavmi a vyn\u00e1lezmi. Zozn\u00e1mte sa s niektor\u00fdmi z nich: Publik\u00e1cie o vede v Po\u013esku &#8211; online pdf verzia tu. Port\u00e1l o vede v Po\u013esku Research in Poland &#8211; inform\u00e1cie o po\u013eskej vede, grantoch, konferenci\u00e1ch a in\u00fdch podujatiach, pracovn\u00fdch ponuk\u00e1ch na univerzit\u00e1ch alebo vo v\u00fdskumn\u00fdch \u00fastavoch a o v\u00fdskumn\u00fdch pobytoch [&hellip;]\" \/>\n<meta property=\"og:url\" content=\"https:\/\/instytutpolski.pl\/bratislava\/spoznajte-polsko\/veda-v-polsku\/\" \/>\n<meta property=\"og:site_name\" content=\"Instytut Polski w Bratys\u0142awie\" \/>\n<meta property=\"article:modified_time\" content=\"2022-09-27T16:16:38+00:00\" \/>\n<meta property=\"og:image\" content=\"https:\/\/instytutpolski.pl\/bratislava\/wp-content\/uploads\/sites\/13\/2019\/06\/nauka-w-polsce.jpg\" \/>\n\t<meta property=\"og:image:width\" content=\"1920\" \/>\n\t<meta property=\"og:image:height\" content=\"700\" \/>\n\t<meta property=\"og:image:type\" content=\"image\/jpeg\" \/>\n<meta name=\"twitter:card\" content=\"summary_large_image\" \/>\n<meta name=\"twitter:label1\" content=\"Szacowany czas czytania\" \/>\n\t<meta name=\"twitter:data1\" content=\"1 minuta\" \/>\n<script type=\"application\/ld+json\" class=\"yoast-schema-graph\">{\"@context\":\"https:\/\/schema.org\",\"@graph\":[{\"@type\":\"WebPage\",\"@id\":\"https:\/\/instytutpolski.pl\/bratislava\/spoznajte-polsko\/veda-v-polsku\/\",\"url\":\"https:\/\/instytutpolski.pl\/bratislava\/spoznajte-polsko\/veda-v-polsku\/\",\"name\":\"Veda v Po\u013esku - Instytut Polski w Bratys\u0142awie\",\"isPartOf\":{\"@id\":\"https:\/\/instytutpolski.pl\/bratislava\/#website\"},\"primaryImageOfPage\":{\"@id\":\"https:\/\/instytutpolski.pl\/bratislava\/spoznajte-polsko\/veda-v-polsku\/#primaryimage\"},\"image\":{\"@id\":\"https:\/\/instytutpolski.pl\/bratislava\/spoznajte-polsko\/veda-v-polsku\/#primaryimage\"},\"thumbnailUrl\":\"https:\/\/instytutpolski.pl\/bratislava\/wp-content\/uploads\/sites\/13\/2019\/06\/nauka-w-polsce.jpg\",\"datePublished\":\"2019-06-27T10:17:49+00:00\",\"dateModified\":\"2022-09-27T16:16:38+00:00\",\"breadcrumb\":{\"@id\":\"https:\/\/instytutpolski.pl\/bratislava\/spoznajte-polsko\/veda-v-polsku\/#breadcrumb\"},\"inLanguage\":\"pl-PL\",\"potentialAction\":[{\"@type\":\"ReadAction\",\"target\":[\"https:\/\/instytutpolski.pl\/bratislava\/spoznajte-polsko\/veda-v-polsku\/\"]}]},{\"@type\":\"ImageObject\",\"inLanguage\":\"pl-PL\",\"@id\":\"https:\/\/instytutpolski.pl\/bratislava\/spoznajte-polsko\/veda-v-polsku\/#primaryimage\",\"url\":\"https:\/\/instytutpolski.pl\/bratislava\/wp-content\/uploads\/sites\/13\/2019\/06\/nauka-w-polsce.jpg\",\"contentUrl\":\"https:\/\/instytutpolski.pl\/bratislava\/wp-content\/uploads\/sites\/13\/2019\/06\/nauka-w-polsce.jpg\",\"width\":1920,\"height\":700},{\"@type\":\"BreadcrumbList\",\"@id\":\"https:\/\/instytutpolski.pl\/bratislava\/spoznajte-polsko\/veda-v-polsku\/#breadcrumb\",\"itemListElement\":[{\"@type\":\"ListItem\",\"position\":1,\"name\":\"Home\",\"item\":\"https:\/\/instytutpolski.pl\/bratislava\/\"},{\"@type\":\"ListItem\",\"position\":2,\"name\":\"Spoznajte Po\u013esko\",\"item\":\"https:\/\/instytutpolski.pl\/bratislava\/spoznajte-polsko\/\"},{\"@type\":\"ListItem\",\"position\":3,\"name\":\"Veda v Po\u013esku\"}]},{\"@type\":\"WebSite\",\"@id\":\"https:\/\/instytutpolski.pl\/bratislava\/#website\",\"url\":\"https:\/\/instytutpolski.pl\/bratislava\/\",\"name\":\"Instytut Polski w Bratys\u0142awie\",\"description\":\"Instytuty Polskie\",\"potentialAction\":[{\"@type\":\"SearchAction\",\"target\":{\"@type\":\"EntryPoint\",\"urlTemplate\":\"https:\/\/instytutpolski.pl\/bratislava\/?s={search_term_string}\"},\"query-input\":{\"@type\":\"PropertyValueSpecification\",\"valueRequired\":true,\"valueName\":\"search_term_string\"}}],\"inLanguage\":\"pl-PL\"}]}<\/script>\n<!-- \/ Yoast SEO plugin. -->","yoast_head_json":{"title":"Veda v Po\u013esku - Instytut Polski w Bratys\u0142awie","robots":{"index":"index","follow":"follow","max-snippet":"max-snippet:-1","max-image-preview":"max-image-preview:large","max-video-preview":"max-video-preview:-1"},"canonical":"https:\/\/instytutpolski.pl\/bratislava\/spoznajte-polsko\/veda-v-polsku\/","og_locale":"pl_PL","og_type":"article","og_title":"Veda v Po\u013esku - Instytut Polski w Bratys\u0142awie","og_description":"Po\u013esk\u00ed vedci stoja za mnoh\u00fdmi prevratn\u00fdmi objavmi a vyn\u00e1lezmi. Zozn\u00e1mte sa s niektor\u00fdmi z nich: Publik\u00e1cie o vede v Po\u013esku &#8211; online pdf verzia tu. Port\u00e1l o vede v Po\u013esku Research in Poland &#8211; inform\u00e1cie o po\u013eskej vede, grantoch, konferenci\u00e1ch a in\u00fdch podujatiach, pracovn\u00fdch ponuk\u00e1ch na univerzit\u00e1ch alebo vo v\u00fdskumn\u00fdch \u00fastavoch a o v\u00fdskumn\u00fdch pobytoch [&hellip;]","og_url":"https:\/\/instytutpolski.pl\/bratislava\/spoznajte-polsko\/veda-v-polsku\/","og_site_name":"Instytut Polski w Bratys\u0142awie","article_modified_time":"2022-09-27T16:16:38+00:00","og_image":[{"width":1920,"height":700,"url":"https:\/\/instytutpolski.pl\/bratislava\/wp-content\/uploads\/sites\/13\/2019\/06\/nauka-w-polsce.jpg","type":"image\/jpeg"}],"twitter_card":"summary_large_image","twitter_misc":{"Szacowany czas czytania":"1 minuta"},"schema":{"@context":"https:\/\/schema.org","@graph":[{"@type":"WebPage","@id":"https:\/\/instytutpolski.pl\/bratislava\/spoznajte-polsko\/veda-v-polsku\/","url":"https:\/\/instytutpolski.pl\/bratislava\/spoznajte-polsko\/veda-v-polsku\/","name":"Veda v Po\u013esku - Instytut Polski w Bratys\u0142awie","isPartOf":{"@id":"https:\/\/instytutpolski.pl\/bratislava\/#website"},"primaryImageOfPage":{"@id":"https:\/\/instytutpolski.pl\/bratislava\/spoznajte-polsko\/veda-v-polsku\/#primaryimage"},"image":{"@id":"https:\/\/instytutpolski.pl\/bratislava\/spoznajte-polsko\/veda-v-polsku\/#primaryimage"},"thumbnailUrl":"https:\/\/instytutpolski.pl\/bratislava\/wp-content\/uploads\/sites\/13\/2019\/06\/nauka-w-polsce.jpg","datePublished":"2019-06-27T10:17:49+00:00","dateModified":"2022-09-27T16:16:38+00:00","breadcrumb":{"@id":"https:\/\/instytutpolski.pl\/bratislava\/spoznajte-polsko\/veda-v-polsku\/#breadcrumb"},"inLanguage":"pl-PL","potentialAction":[{"@type":"ReadAction","target":["https:\/\/instytutpolski.pl\/bratislava\/spoznajte-polsko\/veda-v-polsku\/"]}]},{"@type":"ImageObject","inLanguage":"pl-PL","@id":"https:\/\/instytutpolski.pl\/bratislava\/spoznajte-polsko\/veda-v-polsku\/#primaryimage","url":"https:\/\/instytutpolski.pl\/bratislava\/wp-content\/uploads\/sites\/13\/2019\/06\/nauka-w-polsce.jpg","contentUrl":"https:\/\/instytutpolski.pl\/bratislava\/wp-content\/uploads\/sites\/13\/2019\/06\/nauka-w-polsce.jpg","width":1920,"height":700},{"@type":"BreadcrumbList","@id":"https:\/\/instytutpolski.pl\/bratislava\/spoznajte-polsko\/veda-v-polsku\/#breadcrumb","itemListElement":[{"@type":"ListItem","position":1,"name":"Home","item":"https:\/\/instytutpolski.pl\/bratislava\/"},{"@type":"ListItem","position":2,"name":"Spoznajte Po\u013esko","item":"https:\/\/instytutpolski.pl\/bratislava\/spoznajte-polsko\/"},{"@type":"ListItem","position":3,"name":"Veda v Po\u013esku"}]},{"@type":"WebSite","@id":"https:\/\/instytutpolski.pl\/bratislava\/#website","url":"https:\/\/instytutpolski.pl\/bratislava\/","name":"Instytut Polski w Bratys\u0142awie","description":"Instytuty Polskie","potentialAction":[{"@type":"SearchAction","target":{"@type":"EntryPoint","urlTemplate":"https:\/\/instytutpolski.pl\/bratislava\/?s={search_term_string}"},"query-input":{"@type":"PropertyValueSpecification","valueRequired":true,"valueName":"search_term_string"}}],"inLanguage":"pl-PL"}]}},"_links":{"self":[{"href":"https:\/\/instytutpolski.pl\/bratislava\/wp-json\/wp\/v2\/pages\/580","targetHints":{"allow":["GET"]}}],"collection":[{"href":"https:\/\/instytutpolski.pl\/bratislava\/wp-json\/wp\/v2\/pages"}],"about":[{"href":"https:\/\/instytutpolski.pl\/bratislava\/wp-json\/wp\/v2\/types\/page"}],"author":[{"embeddable":true,"href":"https:\/\/instytutpolski.pl\/bratislava\/wp-json\/wp\/v2\/users\/1"}],"replies":[{"embeddable":true,"href":"https:\/\/instytutpolski.pl\/bratislava\/wp-json\/wp\/v2\/comments?post=580"}],"version-history":[{"count":6,"href":"https:\/\/instytutpolski.pl\/bratislava\/wp-json\/wp\/v2\/pages\/580\/revisions"}],"predecessor-version":[{"id":5246,"href":"https:\/\/instytutpolski.pl\/bratislava\/wp-json\/wp\/v2\/pages\/580\/revisions\/5246"}],"up":[{"embeddable":true,"href":"https:\/\/instytutpolski.pl\/bratislava\/wp-json\/wp\/v2\/pages\/542"}],"wp:featuredmedia":[{"embeddable":true,"href":"https:\/\/instytutpolski.pl\/bratislava\/wp-json\/wp\/v2\/media\/581"}],"wp:attachment":[{"href":"https:\/\/instytutpolski.pl\/bratislava\/wp-json\/wp\/v2\/media?parent=580"}],"curies":[{"name":"wp","href":"https:\/\/api.w.org\/{rel}","templated":true}]}}