{"id":614,"date":"2019-06-27T12:21:59","date_gmt":"2019-06-27T10:21:59","guid":{"rendered":"https:\/\/instytutpolski.pl\/bratyslawa\/?page_id=614"},"modified":"2022-10-01T11:17:51","modified_gmt":"2022-10-01T09:17:51","slug":"studiuj-w-polsce","status":"publish","type":"page","link":"https:\/\/instytutpolski.pl\/bratislava\/pl\/studiuj-w-polsce\/","title":{"rendered":"J\u0119zyk polski"},"content":{"rendered":"\n<p>Polszczyzna jest drugim co do liczebno\u015bci u\u017cytkownik\u00f3w j\u0119zykiem s\u0142owia\u0144skim na \u015bwiecie. Pos\u0142uguje si\u0119 ni\u0105 aktywnie ok. 50 mln ludzi, a co najmniej 10 mln wykazuje si\u0119 jej pasywn\u0105 znajomo\u015bci\u0105. Tym samym polszczyzna jest najwi\u0119kszym j\u0119zykiem s\u0142owia\u0144skim w Unii Europejskiej, jej pi\u0105tym j\u0119zykiem etnicznych (ex aequo z hiszpa\u0144skim kastylijskim, po niemieckim, angielskim, francuskim i w\u0142oskim).<\/p>\n\n\n\n<p>Polski nale\u017cy do grupy j\u0119zyk\u00f3w indoeuropejskich i podgrupy j\u0119zyk\u00f3w zachodnios\u0142owia\u0144skich (obok czeskiego, s\u0142owackiego, kaszubskiego, dolno\u0142u\u017cyckiego, g\u00f3rno\u0142u\u017cyckiego i \u2013 wymar\u0142ego \u2013 po\u0142abskiego).Ocenia si\u0119, \u017ce przeci\u0119tny Polak zna czynnie ok. 30 tys. s\u0142\u00f3w, a biernie \u2013 rozumie ok. 100 tys, ale nie pos\u0142uguje si\u0119 nimi. Wed\u0142ug cz\u0119\u015bci polonist\u00f3w uniwersyteckich, wystarczy zna\u0107 1200 s\u0142\u00f3w, najcz\u0119\u015bciej u\u017cywanych, by m\u00f3c pos\u0142ugiwa\u0107 si\u0119 j\u0119zykiem polskim.<\/p>\n\n\n\n<p>Alfabet polski oparty jest na alfabecie \u0142aci\u0144skim i sk\u0142ada si\u0119 z 32 liter. Wyst\u0119puje w nim dziewi\u0119\u0107 liter tworzonych za pomoc\u0105 znak\u00f3w diakrytycznych (\u0105, \u0107, \u0119, \u0142, \u0144, \u00f3, \u015b, \u017a, \u017c). Ponadto w zapisie j\u0119zykowym wyr\u00f3\u017cnia si\u0119 jeszcze siedem dwuznak\u00f3w (sz, rz, cz, ch, dz, d\u017c, d\u017a) oraz jeden tr\u00f3jznak (dzi).<\/p>\n\n\n\n<p>W polskim wyst\u0119puje deklinacja. Przez siedem przypadk\u00f3w odmieniaj\u0105 si\u0119 rzeczowniki, przymiotniki, imies\u0142owy przymiotnikowe, zaimki rzeczowne, przymiotne i liczebne oraz liczebniki. Czasowniki z kolei ulegaj\u0105 koniugacji przez osoby, czasy, tryby, strony i liczby, a tak\u017ce aspekty.<\/p>\n\n\n\n<p>Najstarsze zdanie w j\u0119zyku polskim: \u201eDay, ut ia pobrusa, a ti poziwai\u201d (\u201eDaj, a\u0107 ja pobrucz\u0119, a ty poczywaj\u201d) zapisano w alfabecie \u0142aci\u0144skim w 1270 r. we Wroc\u0142awiu (w Ksi\u0119dze Henrykowskiej znajduj\u0105cej si\u0119 na li\u015bcie pami\u0119ci \u015bwiata UNESCO). W 1285 roku na zje\u017adzie w \u0141\u0119czycy postanowiono, \u017ce j\u0119zyk polski b\u0119dzie u\u017cywany obok \u0142aciny w szko\u0142ach klasztornych i katedralnych.<\/p>\n\n\n\n<p>Na j\u0119zyk polski wp\u0142yw mia\u0142y \u0142acina, greka, j\u0119zyk niemiecki, czeski, ruski, turecki, francuski, w\u0142oski, rosyjski, w\u0119gierski i jidysz. Obecnie najwi\u0119kszy wp\u0142yw ma na niego lingua franca naszych czas\u00f3w \u2013 j\u0119zyk angielski.<\/p>\n\n\n\n<p>G\u0142\u00f3wnymi dialektami j\u0119zyka polskiego s\u0105 wielkopolski, ma\u0142opolski, \u015bl\u0105ski, mazowiecki, che\u0142mi\u0144sko-kociewsko-warmi\u0144ski oraz p\u00f3\u0142nocno- i po\u0142udniowokresowy.<\/p>\n\n\n\n<p><a href=\"http:\/\/multimediaguides.culture.pl\/multimediaguides\/alphabet\/the-polish-alphabet\/0\"><strong>Multimedia Guide to Polish Language<\/strong><\/a><\/p>\n\n\n\n<p><a href=\"https:\/\/poland.pl\/social-issues\/social\/polish-language-simple-language\/\"><strong>Poland.pl<\/strong><\/a><\/p>\n\n\n\n<p><a href=\"https:\/\/polski.msz.gov.pl\/\"><strong>Informacje o tym gdzie na \u015bwiecie mo\u017cna uczy\u0107 si\u0119 j\u0119zyka polskiego oraz o polskich ksi\u0119gozbiorach na interaktywnej mapie Polski poza Polsk\u0105<\/strong><\/a><\/p>\n\n\n\n<p><a href=\"https:\/\/nawa.gov.pl\/jezyk-polski\"><strong>Upowszechnianie j\u0119zyka polskiego za granic\u0105<\/strong><\/a><\/p>\n","protected":false},"excerpt":{"rendered":"<p>Polszczyzna jest drugim co do liczebno\u015bci u\u017cytkownik\u00f3w j\u0119zykiem s\u0142owia\u0144skim na \u015bwiecie. Pos\u0142uguje si\u0119 ni\u0105 aktywnie ok. 50 mln ludzi, a co najmniej 10 mln wykazuje si\u0119 jej pasywn\u0105 znajomo\u015bci\u0105. Tym samym polszczyzna jest najwi\u0119kszym j\u0119zykiem s\u0142owia\u0144skim w Unii Europejskiej, jej pi\u0105tym j\u0119zykiem etnicznych (ex aequo z hiszpa\u0144skim kastylijskim, po niemieckim, angielskim, francuskim i w\u0142oskim). Polski [&hellip;]<\/p>\n","protected":false},"author":1,"featured_media":611,"parent":0,"menu_order":0,"comment_status":"closed","ping_status":"closed","template":"","meta":{"inline_featured_image":false,"_monsterinsights_skip_tracking":false,"_monsterinsights_sitenote_active":false,"_monsterinsights_sitenote_note":"","_monsterinsights_sitenote_category":0,"footnotes":""},"class_list":["post-614","page","type-page","status-publish","has-post-thumbnail","hentry"],"yoast_head":"<!-- This site is optimized with the Yoast SEO plugin v24.6 - https:\/\/yoast.com\/wordpress\/plugins\/seo\/ -->\n<title>J\u0119zyk polski - Instytut Polski w Bratys\u0142awie<\/title>\n<meta name=\"robots\" content=\"index, follow, max-snippet:-1, max-image-preview:large, max-video-preview:-1\" \/>\n<link rel=\"canonical\" href=\"https:\/\/instytutpolski.pl\/bratislava\/pl\/studiuj-w-polsce\/\" \/>\n<meta property=\"og:locale\" content=\"pl_PL\" \/>\n<meta property=\"og:type\" content=\"article\" \/>\n<meta property=\"og:title\" content=\"J\u0119zyk polski - Instytut Polski w Bratys\u0142awie\" \/>\n<meta property=\"og:description\" content=\"Polszczyzna jest drugim co do liczebno\u015bci u\u017cytkownik\u00f3w j\u0119zykiem s\u0142owia\u0144skim na \u015bwiecie. Pos\u0142uguje si\u0119 ni\u0105 aktywnie ok. 50 mln ludzi, a co najmniej 10 mln wykazuje si\u0119 jej pasywn\u0105 znajomo\u015bci\u0105. Tym samym polszczyzna jest najwi\u0119kszym j\u0119zykiem s\u0142owia\u0144skim w Unii Europejskiej, jej pi\u0105tym j\u0119zykiem etnicznych (ex aequo z hiszpa\u0144skim kastylijskim, po niemieckim, angielskim, francuskim i w\u0142oskim). Polski [&hellip;]\" \/>\n<meta property=\"og:url\" content=\"https:\/\/instytutpolski.pl\/bratislava\/pl\/studiuj-w-polsce\/\" \/>\n<meta property=\"og:site_name\" content=\"Instytut Polski w Bratys\u0142awie\" \/>\n<meta property=\"article:modified_time\" content=\"2022-10-01T09:17:51+00:00\" \/>\n<meta property=\"og:image\" content=\"https:\/\/instytutpolski.pl\/bratislava\/wp-content\/uploads\/sites\/13\/2019\/06\/jezyk-polski.jpg\" \/>\n\t<meta property=\"og:image:width\" content=\"1920\" \/>\n\t<meta property=\"og:image:height\" content=\"700\" \/>\n\t<meta property=\"og:image:type\" content=\"image\/jpeg\" \/>\n<meta name=\"twitter:card\" content=\"summary_large_image\" \/>\n<meta name=\"twitter:label1\" content=\"Szacowany czas czytania\" \/>\n\t<meta name=\"twitter:data1\" content=\"2 minuty\" \/>\n<script type=\"application\/ld+json\" class=\"yoast-schema-graph\">{\"@context\":\"https:\/\/schema.org\",\"@graph\":[{\"@type\":\"WebPage\",\"@id\":\"https:\/\/instytutpolski.pl\/bratislava\/pl\/studiuj-w-polsce\/\",\"url\":\"https:\/\/instytutpolski.pl\/bratislava\/pl\/studiuj-w-polsce\/\",\"name\":\"J\u0119zyk polski - Instytut Polski w Bratys\u0142awie\",\"isPartOf\":{\"@id\":\"https:\/\/instytutpolski.pl\/bratislava\/#website\"},\"primaryImageOfPage\":{\"@id\":\"https:\/\/instytutpolski.pl\/bratislava\/pl\/studiuj-w-polsce\/#primaryimage\"},\"image\":{\"@id\":\"https:\/\/instytutpolski.pl\/bratislava\/pl\/studiuj-w-polsce\/#primaryimage\"},\"thumbnailUrl\":\"https:\/\/instytutpolski.pl\/bratislava\/wp-content\/uploads\/sites\/13\/2019\/06\/jezyk-polski.jpg\",\"datePublished\":\"2019-06-27T10:21:59+00:00\",\"dateModified\":\"2022-10-01T09:17:51+00:00\",\"breadcrumb\":{\"@id\":\"https:\/\/instytutpolski.pl\/bratislava\/pl\/studiuj-w-polsce\/#breadcrumb\"},\"inLanguage\":\"pl-PL\",\"potentialAction\":[{\"@type\":\"ReadAction\",\"target\":[\"https:\/\/instytutpolski.pl\/bratislava\/pl\/studiuj-w-polsce\/\"]}]},{\"@type\":\"ImageObject\",\"inLanguage\":\"pl-PL\",\"@id\":\"https:\/\/instytutpolski.pl\/bratislava\/pl\/studiuj-w-polsce\/#primaryimage\",\"url\":\"https:\/\/instytutpolski.pl\/bratislava\/wp-content\/uploads\/sites\/13\/2019\/06\/jezyk-polski.jpg\",\"contentUrl\":\"https:\/\/instytutpolski.pl\/bratislava\/wp-content\/uploads\/sites\/13\/2019\/06\/jezyk-polski.jpg\",\"width\":1920,\"height\":700},{\"@type\":\"BreadcrumbList\",\"@id\":\"https:\/\/instytutpolski.pl\/bratislava\/pl\/studiuj-w-polsce\/#breadcrumb\",\"itemListElement\":[{\"@type\":\"ListItem\",\"position\":1,\"name\":\"Home\",\"item\":\"https:\/\/instytutpolski.pl\/bratislava\/\"},{\"@type\":\"ListItem\",\"position\":2,\"name\":\"J\u0119zyk polski\"}]},{\"@type\":\"WebSite\",\"@id\":\"https:\/\/instytutpolski.pl\/bratislava\/#website\",\"url\":\"https:\/\/instytutpolski.pl\/bratislava\/\",\"name\":\"Instytut Polski w Bratys\u0142awie\",\"description\":\"Instytuty Polskie\",\"potentialAction\":[{\"@type\":\"SearchAction\",\"target\":{\"@type\":\"EntryPoint\",\"urlTemplate\":\"https:\/\/instytutpolski.pl\/bratislava\/?s={search_term_string}\"},\"query-input\":{\"@type\":\"PropertyValueSpecification\",\"valueRequired\":true,\"valueName\":\"search_term_string\"}}],\"inLanguage\":\"pl-PL\"}]}<\/script>\n<!-- \/ Yoast SEO plugin. -->","yoast_head_json":{"title":"J\u0119zyk polski - Instytut Polski w Bratys\u0142awie","robots":{"index":"index","follow":"follow","max-snippet":"max-snippet:-1","max-image-preview":"max-image-preview:large","max-video-preview":"max-video-preview:-1"},"canonical":"https:\/\/instytutpolski.pl\/bratislava\/pl\/studiuj-w-polsce\/","og_locale":"pl_PL","og_type":"article","og_title":"J\u0119zyk polski - Instytut Polski w Bratys\u0142awie","og_description":"Polszczyzna jest drugim co do liczebno\u015bci u\u017cytkownik\u00f3w j\u0119zykiem s\u0142owia\u0144skim na \u015bwiecie. Pos\u0142uguje si\u0119 ni\u0105 aktywnie ok. 50 mln ludzi, a co najmniej 10 mln wykazuje si\u0119 jej pasywn\u0105 znajomo\u015bci\u0105. Tym samym polszczyzna jest najwi\u0119kszym j\u0119zykiem s\u0142owia\u0144skim w Unii Europejskiej, jej pi\u0105tym j\u0119zykiem etnicznych (ex aequo z hiszpa\u0144skim kastylijskim, po niemieckim, angielskim, francuskim i w\u0142oskim). Polski [&hellip;]","og_url":"https:\/\/instytutpolski.pl\/bratislava\/pl\/studiuj-w-polsce\/","og_site_name":"Instytut Polski w Bratys\u0142awie","article_modified_time":"2022-10-01T09:17:51+00:00","og_image":[{"width":1920,"height":700,"url":"https:\/\/instytutpolski.pl\/bratislava\/wp-content\/uploads\/sites\/13\/2019\/06\/jezyk-polski.jpg","type":"image\/jpeg"}],"twitter_card":"summary_large_image","twitter_misc":{"Szacowany czas czytania":"2 minuty"},"schema":{"@context":"https:\/\/schema.org","@graph":[{"@type":"WebPage","@id":"https:\/\/instytutpolski.pl\/bratislava\/pl\/studiuj-w-polsce\/","url":"https:\/\/instytutpolski.pl\/bratislava\/pl\/studiuj-w-polsce\/","name":"J\u0119zyk polski - Instytut Polski w Bratys\u0142awie","isPartOf":{"@id":"https:\/\/instytutpolski.pl\/bratislava\/#website"},"primaryImageOfPage":{"@id":"https:\/\/instytutpolski.pl\/bratislava\/pl\/studiuj-w-polsce\/#primaryimage"},"image":{"@id":"https:\/\/instytutpolski.pl\/bratislava\/pl\/studiuj-w-polsce\/#primaryimage"},"thumbnailUrl":"https:\/\/instytutpolski.pl\/bratislava\/wp-content\/uploads\/sites\/13\/2019\/06\/jezyk-polski.jpg","datePublished":"2019-06-27T10:21:59+00:00","dateModified":"2022-10-01T09:17:51+00:00","breadcrumb":{"@id":"https:\/\/instytutpolski.pl\/bratislava\/pl\/studiuj-w-polsce\/#breadcrumb"},"inLanguage":"pl-PL","potentialAction":[{"@type":"ReadAction","target":["https:\/\/instytutpolski.pl\/bratislava\/pl\/studiuj-w-polsce\/"]}]},{"@type":"ImageObject","inLanguage":"pl-PL","@id":"https:\/\/instytutpolski.pl\/bratislava\/pl\/studiuj-w-polsce\/#primaryimage","url":"https:\/\/instytutpolski.pl\/bratislava\/wp-content\/uploads\/sites\/13\/2019\/06\/jezyk-polski.jpg","contentUrl":"https:\/\/instytutpolski.pl\/bratislava\/wp-content\/uploads\/sites\/13\/2019\/06\/jezyk-polski.jpg","width":1920,"height":700},{"@type":"BreadcrumbList","@id":"https:\/\/instytutpolski.pl\/bratislava\/pl\/studiuj-w-polsce\/#breadcrumb","itemListElement":[{"@type":"ListItem","position":1,"name":"Home","item":"https:\/\/instytutpolski.pl\/bratislava\/"},{"@type":"ListItem","position":2,"name":"J\u0119zyk polski"}]},{"@type":"WebSite","@id":"https:\/\/instytutpolski.pl\/bratislava\/#website","url":"https:\/\/instytutpolski.pl\/bratislava\/","name":"Instytut Polski w Bratys\u0142awie","description":"Instytuty Polskie","potentialAction":[{"@type":"SearchAction","target":{"@type":"EntryPoint","urlTemplate":"https:\/\/instytutpolski.pl\/bratislava\/?s={search_term_string}"},"query-input":{"@type":"PropertyValueSpecification","valueRequired":true,"valueName":"search_term_string"}}],"inLanguage":"pl-PL"}]}},"_links":{"self":[{"href":"https:\/\/instytutpolski.pl\/bratislava\/wp-json\/wp\/v2\/pages\/614","targetHints":{"allow":["GET"]}}],"collection":[{"href":"https:\/\/instytutpolski.pl\/bratislava\/wp-json\/wp\/v2\/pages"}],"about":[{"href":"https:\/\/instytutpolski.pl\/bratislava\/wp-json\/wp\/v2\/types\/page"}],"author":[{"embeddable":true,"href":"https:\/\/instytutpolski.pl\/bratislava\/wp-json\/wp\/v2\/users\/1"}],"replies":[{"embeddable":true,"href":"https:\/\/instytutpolski.pl\/bratislava\/wp-json\/wp\/v2\/comments?post=614"}],"version-history":[{"count":5,"href":"https:\/\/instytutpolski.pl\/bratislava\/wp-json\/wp\/v2\/pages\/614\/revisions"}],"predecessor-version":[{"id":5292,"href":"https:\/\/instytutpolski.pl\/bratislava\/wp-json\/wp\/v2\/pages\/614\/revisions\/5292"}],"wp:featuredmedia":[{"embeddable":true,"href":"https:\/\/instytutpolski.pl\/bratislava\/wp-json\/wp\/v2\/media\/611"}],"wp:attachment":[{"href":"https:\/\/instytutpolski.pl\/bratislava\/wp-json\/wp\/v2\/media?parent=614"}],"curies":[{"name":"wp","href":"https:\/\/api.w.org\/{rel}","templated":true}]}}