{"id":617,"date":"2019-06-27T12:23:06","date_gmt":"2019-06-27T10:23:06","guid":{"rendered":"https:\/\/instytutpolski.pl\/bratyslawa\/?page_id=617"},"modified":"2025-09-29T11:45:29","modified_gmt":"2025-09-29T09:45:29","slug":"kurzy-polskeho-jazyka-v-polskom-institute","status":"publish","type":"page","link":"https:\/\/instytutpolski.pl\/bratislava\/polstina\/kurzy-polskeho-jazyka-v-polskom-institute\/","title":{"rendered":"Online kurzy po\u013esk\u00e9ho jazyka v Po\u013eskom in\u0161tit\u00fate"},"content":{"rendered":"\n<p><strong><em>Ro\u010dn\u00e9 (dvojsemestr\u00e1lne) online kurzy po\u013e\u0161tiny 2025\/2026<\/em><\/strong><\/p>\n\n\n\n<p><em>\u201eBezwzgl\u0119dny Grzegorz Brz\u0119czyszczykiewicz wyruszy\u0142 ze Szczebr\u00adzeszyna przez Szymankowszczyzn\u0119 do Pszczyny. I cho\u0107 nieraz za\u00adlewa\u0142a go \u017c\u00f3\u0142\u0107, niepomny nast\u0119pstw znalaz\u0142 ostatecznie szcz\u0119\u015bcie w \u017ad\u017able trawy.\u201c<\/em><\/p>\n\n\n\n<p>Aj vy chcete vedie\u0165 vyslovi\u0165 tento z\u00e1bavn\u00fd jazykolam plynulou po\u013e\u0161tinou? Tak nev\u00e1hajte, a&nbsp;prihl\u00e1ste sa na ro\u010dn\u00e9 \u2013 dvojsemestr\u00e1lne online kurzy po\u013esk\u00e9\u00adho jazyka v Po\u013eskom in\u0161tit\u00fate v Bratislave!<\/p>\n\n\n\n<p>V&nbsp;tomto roku budeme otv\u00e1ra\u0165 online kurz na \u00farovni <strong>A1<\/strong> a&nbsp;<strong>A2<\/strong>. Kurz pre ka\u017ed\u00fa skupinu sa sklad\u00e1 z&nbsp;<strong>30 vyu\u010dovac\u00edch hod\u00edn (45 min.)&nbsp;<\/strong>za semester, lekcie sa konaj\u00fa raz do t\u00fd\u017ed\u0148a (po dve vyu\u010dovacie hodiny). Cena kurzu je <strong>110 \u20ac<\/strong> za semester. Poplatok za semester je potrebn\u00e9 uhradi\u0165 na bankov\u00fd \u00fa\u010det IPB: <strong>SK32 7500 0000 0040 0196 8046 <\/strong>do piatich pracovn\u00fdch dn\u00ed pred za\u010diatkom semestra. Uhradenie poplatku je podmienkou pre \u00fa\u010das\u0165 na vyu\u010dovac\u00edch hodin\u00e1ch.<\/p>\n\n\n\n<p>Term\u00edny kurzov:<br>Vyu\u010dovanie skup\u00edn <strong>A1 <\/strong>a <strong>A2<\/strong> sa za\u010d\u00edna takto:<br>Skupina A2: prv\u00e1 lekcia <strong>6. 10. 2025 (pondelok)<\/strong> \/ <strong>18:00 hod.<\/strong>, lektorka Paulina Stawarz.<br>Skupina A1: prv\u00e1 lekcia <strong>7. 10. 2025 (utorok)<\/strong> \/ <strong>17:00 hod.<\/strong>, lektorka Stela Kubekov\u00e1. <strong>Kapacita skupiny A1 ku d\u0148u 29.09.2025 naplnen\u00e1, prihlasovanie do skupiny A1 nie je u\u017e mo\u017en\u00e9.<\/strong><\/p>\n\n\n\n<p>Prihlasovanie: e-mailom na <strong>teresa.lukacova@instytutpolski.pl<\/strong>.<\/p>\n\n\n\n<p><a href=\"https:\/\/instytutpolski.pl\/bratislava\/wp-content\/uploads\/sites\/13\/2024\/09\/SK_Vnutorny-poriadok-kurzov_2024.pdf\">Vn\u00fatorn\u00fd poriadok kurzov v\u00fdu\u010dby po\u013esk\u00e9ho jazyka ako cudzieho jazyka organizovan\u00fdch Po\u013esk\u00fdm in\u0161tit\u00fatom v Bratislave<\/a><\/p>\n\n\n\n<p><a href=\"https:\/\/instytutpolski.pl\/bratislava\/wp-content\/uploads\/sites\/13\/2024\/09\/PL_Regulamin-kursu_2024-1.pdf\">Regulamin kurs\u00f3w nauki j\u0119zyka polskiego jako obcego organizowanych przez Instytut Polski w Bratys\u0142awie<\/a><\/p>\n\n\n\n<p>____________________<\/p>\n\n\n\n<p>T\u00ed, ktor\u00ed u\u017e vedia po po\u013esky a maj\u00fa z\u00e1ujem o z\u00edskanie medzin\u00e1rodne uzn\u00e1van\u00e9ho jazykov\u00e9ho certifik\u00e1tu z po\u013e\u0161tiny, z\u00edskaj\u00fa viac inform\u00e1ci\u00ed na str\u00e1nke:&nbsp;<a href=\"https:\/\/nawa.gov.pl\/jezyk-polski\/certyfikacja\">www.nava.gov.pl\/jezyk-polski\/certyfikacja<\/a> alebo <a href=\"http:\/\/www.certyfikatpolski.pl\/\">www.certyfikatpolski.pl<\/a>.<\/p>\n","protected":false},"excerpt":{"rendered":"<p>Ro\u010dn\u00e9 (dvojsemestr\u00e1lne) online kurzy po\u013e\u0161tiny 2025\/2026 \u201eBezwzgl\u0119dny Grzegorz Brz\u0119czyszczykiewicz wyruszy\u0142 ze Szczebr\u00adzeszyna przez Szymankowszczyzn\u0119 do Pszczyny. I cho\u0107 nieraz za\u00adlewa\u0142a go \u017c\u00f3\u0142\u0107, niepomny nast\u0119pstw znalaz\u0142 ostatecznie szcz\u0119\u015bcie w \u017ad\u017able trawy.\u201c Aj vy chcete vedie\u0165 vyslovi\u0165 tento z\u00e1bavn\u00fd jazykolam plynulou po\u013e\u0161tinou? Tak nev\u00e1hajte, a&nbsp;prihl\u00e1ste sa na ro\u010dn\u00e9 \u2013 dvojsemestr\u00e1lne online kurzy po\u013esk\u00e9\u00adho jazyka v Po\u013eskom in\u0161tit\u00fate [&hellip;]<\/p>\n","protected":false},"author":1,"featured_media":618,"parent":610,"menu_order":0,"comment_status":"closed","ping_status":"closed","template":"","meta":{"inline_featured_image":false,"_monsterinsights_skip_tracking":false,"_monsterinsights_sitenote_active":false,"_monsterinsights_sitenote_note":"","_monsterinsights_sitenote_category":0,"footnotes":""},"class_list":["post-617","page","type-page","status-publish","has-post-thumbnail","hentry"],"yoast_head":"<!-- This site is optimized with the Yoast SEO plugin v24.6 - https:\/\/yoast.com\/wordpress\/plugins\/seo\/ -->\n<title>Online kurzy po\u013esk\u00e9ho jazyka v Po\u013eskom in\u0161tit\u00fate - Instytut Polski w Bratys\u0142awie<\/title>\n<meta name=\"robots\" content=\"index, follow, max-snippet:-1, max-image-preview:large, max-video-preview:-1\" \/>\n<link rel=\"canonical\" href=\"https:\/\/instytutpolski.pl\/bratislava\/polstina\/kurzy-polskeho-jazyka-v-polskom-institute\/\" \/>\n<meta property=\"og:locale\" content=\"pl_PL\" \/>\n<meta property=\"og:type\" content=\"article\" \/>\n<meta property=\"og:title\" content=\"Online kurzy po\u013esk\u00e9ho jazyka v Po\u013eskom in\u0161tit\u00fate - Instytut Polski w Bratys\u0142awie\" \/>\n<meta property=\"og:description\" content=\"Ro\u010dn\u00e9 (dvojsemestr\u00e1lne) online kurzy po\u013e\u0161tiny 2025\/2026 \u201eBezwzgl\u0119dny Grzegorz Brz\u0119czyszczykiewicz wyruszy\u0142 ze Szczebr\u00adzeszyna przez Szymankowszczyzn\u0119 do Pszczyny. I cho\u0107 nieraz za\u00adlewa\u0142a go \u017c\u00f3\u0142\u0107, niepomny nast\u0119pstw znalaz\u0142 ostatecznie szcz\u0119\u015bcie w \u017ad\u017able trawy.\u201c Aj vy chcete vedie\u0165 vyslovi\u0165 tento z\u00e1bavn\u00fd jazykolam plynulou po\u013e\u0161tinou? Tak nev\u00e1hajte, a&nbsp;prihl\u00e1ste sa na ro\u010dn\u00e9 \u2013 dvojsemestr\u00e1lne online kurzy po\u013esk\u00e9\u00adho jazyka v Po\u013eskom in\u0161tit\u00fate [&hellip;]\" \/>\n<meta property=\"og:url\" content=\"https:\/\/instytutpolski.pl\/bratislava\/polstina\/kurzy-polskeho-jazyka-v-polskom-institute\/\" \/>\n<meta property=\"og:site_name\" content=\"Instytut Polski w Bratys\u0142awie\" \/>\n<meta property=\"article:modified_time\" content=\"2025-09-29T09:45:29+00:00\" \/>\n<meta property=\"og:image\" content=\"https:\/\/instytutpolski.pl\/bratislava\/wp-content\/uploads\/sites\/13\/2019\/06\/kursy-jezyka-polskiego-kultury.jpg\" \/>\n\t<meta property=\"og:image:width\" content=\"1920\" \/>\n\t<meta property=\"og:image:height\" content=\"700\" \/>\n\t<meta property=\"og:image:type\" content=\"image\/jpeg\" \/>\n<meta name=\"twitter:card\" content=\"summary_large_image\" \/>\n<meta name=\"twitter:label1\" content=\"Szacowany czas czytania\" \/>\n\t<meta name=\"twitter:data1\" content=\"2 minuty\" \/>\n<script type=\"application\/ld+json\" class=\"yoast-schema-graph\">{\"@context\":\"https:\/\/schema.org\",\"@graph\":[{\"@type\":\"WebPage\",\"@id\":\"https:\/\/instytutpolski.pl\/bratislava\/polstina\/kurzy-polskeho-jazyka-v-polskom-institute\/\",\"url\":\"https:\/\/instytutpolski.pl\/bratislava\/polstina\/kurzy-polskeho-jazyka-v-polskom-institute\/\",\"name\":\"Online kurzy po\u013esk\u00e9ho jazyka v Po\u013eskom in\u0161tit\u00fate - Instytut Polski w Bratys\u0142awie\",\"isPartOf\":{\"@id\":\"https:\/\/instytutpolski.pl\/bratislava\/#website\"},\"primaryImageOfPage\":{\"@id\":\"https:\/\/instytutpolski.pl\/bratislava\/polstina\/kurzy-polskeho-jazyka-v-polskom-institute\/#primaryimage\"},\"image\":{\"@id\":\"https:\/\/instytutpolski.pl\/bratislava\/polstina\/kurzy-polskeho-jazyka-v-polskom-institute\/#primaryimage\"},\"thumbnailUrl\":\"https:\/\/instytutpolski.pl\/bratislava\/wp-content\/uploads\/sites\/13\/2019\/06\/kursy-jezyka-polskiego-kultury.jpg\",\"datePublished\":\"2019-06-27T10:23:06+00:00\",\"dateModified\":\"2025-09-29T09:45:29+00:00\",\"breadcrumb\":{\"@id\":\"https:\/\/instytutpolski.pl\/bratislava\/polstina\/kurzy-polskeho-jazyka-v-polskom-institute\/#breadcrumb\"},\"inLanguage\":\"pl-PL\",\"potentialAction\":[{\"@type\":\"ReadAction\",\"target\":[\"https:\/\/instytutpolski.pl\/bratislava\/polstina\/kurzy-polskeho-jazyka-v-polskom-institute\/\"]}]},{\"@type\":\"ImageObject\",\"inLanguage\":\"pl-PL\",\"@id\":\"https:\/\/instytutpolski.pl\/bratislava\/polstina\/kurzy-polskeho-jazyka-v-polskom-institute\/#primaryimage\",\"url\":\"https:\/\/instytutpolski.pl\/bratislava\/wp-content\/uploads\/sites\/13\/2019\/06\/kursy-jezyka-polskiego-kultury.jpg\",\"contentUrl\":\"https:\/\/instytutpolski.pl\/bratislava\/wp-content\/uploads\/sites\/13\/2019\/06\/kursy-jezyka-polskiego-kultury.jpg\",\"width\":1920,\"height\":700},{\"@type\":\"BreadcrumbList\",\"@id\":\"https:\/\/instytutpolski.pl\/bratislava\/polstina\/kurzy-polskeho-jazyka-v-polskom-institute\/#breadcrumb\",\"itemListElement\":[{\"@type\":\"ListItem\",\"position\":1,\"name\":\"Home\",\"item\":\"https:\/\/instytutpolski.pl\/bratislava\/\"},{\"@type\":\"ListItem\",\"position\":2,\"name\":\"Po\u013e\u0161tina\",\"item\":\"https:\/\/instytutpolski.pl\/bratislava\/polstina\/\"},{\"@type\":\"ListItem\",\"position\":3,\"name\":\"Online kurzy po\u013esk\u00e9ho jazyka v Po\u013eskom in\u0161tit\u00fate\"}]},{\"@type\":\"WebSite\",\"@id\":\"https:\/\/instytutpolski.pl\/bratislava\/#website\",\"url\":\"https:\/\/instytutpolski.pl\/bratislava\/\",\"name\":\"Instytut Polski w Bratys\u0142awie\",\"description\":\"Instytuty Polskie\",\"potentialAction\":[{\"@type\":\"SearchAction\",\"target\":{\"@type\":\"EntryPoint\",\"urlTemplate\":\"https:\/\/instytutpolski.pl\/bratislava\/?s={search_term_string}\"},\"query-input\":{\"@type\":\"PropertyValueSpecification\",\"valueRequired\":true,\"valueName\":\"search_term_string\"}}],\"inLanguage\":\"pl-PL\"}]}<\/script>\n<!-- \/ Yoast SEO plugin. -->","yoast_head_json":{"title":"Online kurzy po\u013esk\u00e9ho jazyka v Po\u013eskom in\u0161tit\u00fate - Instytut Polski w Bratys\u0142awie","robots":{"index":"index","follow":"follow","max-snippet":"max-snippet:-1","max-image-preview":"max-image-preview:large","max-video-preview":"max-video-preview:-1"},"canonical":"https:\/\/instytutpolski.pl\/bratislava\/polstina\/kurzy-polskeho-jazyka-v-polskom-institute\/","og_locale":"pl_PL","og_type":"article","og_title":"Online kurzy po\u013esk\u00e9ho jazyka v Po\u013eskom in\u0161tit\u00fate - Instytut Polski w Bratys\u0142awie","og_description":"Ro\u010dn\u00e9 (dvojsemestr\u00e1lne) online kurzy po\u013e\u0161tiny 2025\/2026 \u201eBezwzgl\u0119dny Grzegorz Brz\u0119czyszczykiewicz wyruszy\u0142 ze Szczebr\u00adzeszyna przez Szymankowszczyzn\u0119 do Pszczyny. I cho\u0107 nieraz za\u00adlewa\u0142a go \u017c\u00f3\u0142\u0107, niepomny nast\u0119pstw znalaz\u0142 ostatecznie szcz\u0119\u015bcie w \u017ad\u017able trawy.\u201c Aj vy chcete vedie\u0165 vyslovi\u0165 tento z\u00e1bavn\u00fd jazykolam plynulou po\u013e\u0161tinou? Tak nev\u00e1hajte, a&nbsp;prihl\u00e1ste sa na ro\u010dn\u00e9 \u2013 dvojsemestr\u00e1lne online kurzy po\u013esk\u00e9\u00adho jazyka v Po\u013eskom in\u0161tit\u00fate [&hellip;]","og_url":"https:\/\/instytutpolski.pl\/bratislava\/polstina\/kurzy-polskeho-jazyka-v-polskom-institute\/","og_site_name":"Instytut Polski w Bratys\u0142awie","article_modified_time":"2025-09-29T09:45:29+00:00","og_image":[{"width":1920,"height":700,"url":"https:\/\/instytutpolski.pl\/bratislava\/wp-content\/uploads\/sites\/13\/2019\/06\/kursy-jezyka-polskiego-kultury.jpg","type":"image\/jpeg"}],"twitter_card":"summary_large_image","twitter_misc":{"Szacowany czas czytania":"2 minuty"},"schema":{"@context":"https:\/\/schema.org","@graph":[{"@type":"WebPage","@id":"https:\/\/instytutpolski.pl\/bratislava\/polstina\/kurzy-polskeho-jazyka-v-polskom-institute\/","url":"https:\/\/instytutpolski.pl\/bratislava\/polstina\/kurzy-polskeho-jazyka-v-polskom-institute\/","name":"Online kurzy po\u013esk\u00e9ho jazyka v Po\u013eskom in\u0161tit\u00fate - Instytut Polski w Bratys\u0142awie","isPartOf":{"@id":"https:\/\/instytutpolski.pl\/bratislava\/#website"},"primaryImageOfPage":{"@id":"https:\/\/instytutpolski.pl\/bratislava\/polstina\/kurzy-polskeho-jazyka-v-polskom-institute\/#primaryimage"},"image":{"@id":"https:\/\/instytutpolski.pl\/bratislava\/polstina\/kurzy-polskeho-jazyka-v-polskom-institute\/#primaryimage"},"thumbnailUrl":"https:\/\/instytutpolski.pl\/bratislava\/wp-content\/uploads\/sites\/13\/2019\/06\/kursy-jezyka-polskiego-kultury.jpg","datePublished":"2019-06-27T10:23:06+00:00","dateModified":"2025-09-29T09:45:29+00:00","breadcrumb":{"@id":"https:\/\/instytutpolski.pl\/bratislava\/polstina\/kurzy-polskeho-jazyka-v-polskom-institute\/#breadcrumb"},"inLanguage":"pl-PL","potentialAction":[{"@type":"ReadAction","target":["https:\/\/instytutpolski.pl\/bratislava\/polstina\/kurzy-polskeho-jazyka-v-polskom-institute\/"]}]},{"@type":"ImageObject","inLanguage":"pl-PL","@id":"https:\/\/instytutpolski.pl\/bratislava\/polstina\/kurzy-polskeho-jazyka-v-polskom-institute\/#primaryimage","url":"https:\/\/instytutpolski.pl\/bratislava\/wp-content\/uploads\/sites\/13\/2019\/06\/kursy-jezyka-polskiego-kultury.jpg","contentUrl":"https:\/\/instytutpolski.pl\/bratislava\/wp-content\/uploads\/sites\/13\/2019\/06\/kursy-jezyka-polskiego-kultury.jpg","width":1920,"height":700},{"@type":"BreadcrumbList","@id":"https:\/\/instytutpolski.pl\/bratislava\/polstina\/kurzy-polskeho-jazyka-v-polskom-institute\/#breadcrumb","itemListElement":[{"@type":"ListItem","position":1,"name":"Home","item":"https:\/\/instytutpolski.pl\/bratislava\/"},{"@type":"ListItem","position":2,"name":"Po\u013e\u0161tina","item":"https:\/\/instytutpolski.pl\/bratislava\/polstina\/"},{"@type":"ListItem","position":3,"name":"Online kurzy po\u013esk\u00e9ho jazyka v Po\u013eskom in\u0161tit\u00fate"}]},{"@type":"WebSite","@id":"https:\/\/instytutpolski.pl\/bratislava\/#website","url":"https:\/\/instytutpolski.pl\/bratislava\/","name":"Instytut Polski w Bratys\u0142awie","description":"Instytuty Polskie","potentialAction":[{"@type":"SearchAction","target":{"@type":"EntryPoint","urlTemplate":"https:\/\/instytutpolski.pl\/bratislava\/?s={search_term_string}"},"query-input":{"@type":"PropertyValueSpecification","valueRequired":true,"valueName":"search_term_string"}}],"inLanguage":"pl-PL"}]}},"_links":{"self":[{"href":"https:\/\/instytutpolski.pl\/bratislava\/wp-json\/wp\/v2\/pages\/617","targetHints":{"allow":["GET"]}}],"collection":[{"href":"https:\/\/instytutpolski.pl\/bratislava\/wp-json\/wp\/v2\/pages"}],"about":[{"href":"https:\/\/instytutpolski.pl\/bratislava\/wp-json\/wp\/v2\/types\/page"}],"author":[{"embeddable":true,"href":"https:\/\/instytutpolski.pl\/bratislava\/wp-json\/wp\/v2\/users\/1"}],"replies":[{"embeddable":true,"href":"https:\/\/instytutpolski.pl\/bratislava\/wp-json\/wp\/v2\/comments?post=617"}],"version-history":[{"count":21,"href":"https:\/\/instytutpolski.pl\/bratislava\/wp-json\/wp\/v2\/pages\/617\/revisions"}],"predecessor-version":[{"id":8813,"href":"https:\/\/instytutpolski.pl\/bratislava\/wp-json\/wp\/v2\/pages\/617\/revisions\/8813"}],"up":[{"embeddable":true,"href":"https:\/\/instytutpolski.pl\/bratislava\/wp-json\/wp\/v2\/pages\/610"}],"wp:featuredmedia":[{"embeddable":true,"href":"https:\/\/instytutpolski.pl\/bratislava\/wp-json\/wp\/v2\/media\/618"}],"wp:attachment":[{"href":"https:\/\/instytutpolski.pl\/bratislava\/wp-json\/wp\/v2\/media?parent=617"}],"curies":[{"name":"wp","href":"https:\/\/api.w.org\/{rel}","templated":true}]}}