{"id":623,"date":"2019-06-27T12:23:18","date_gmt":"2019-06-27T10:23:18","guid":{"rendered":"https:\/\/instytutpolski.pl\/bratyslawa\/?page_id=623"},"modified":"2021-09-16T09:51:48","modified_gmt":"2021-09-16T07:51:48","slug":"ine-verejne-kurzy-polskeho-jazyka","status":"publish","type":"page","link":"https:\/\/instytutpolski.pl\/bratislava\/polstina\/ine-verejne-kurzy-polskeho-jazyka\/","title":{"rendered":"In\u00e9 verejn\u00e9 kurzy po\u013esk\u00e9ho jazyka"},"content":{"rendered":"\n<p><strong><a href=\"https:\/\/fphil.uniba.sk\/katedry-a-odborne-pracoviska\/ksf\/aktuality\/\">Katedra slovansk\u00fdch filol\u00f3gi\u00ed Filozofickej fakulty Univerzity Komensk\u00e9ho v Bratislave<\/a> <\/strong>pon\u00faka kurzy slovansk\u00fdch jazykov vr\u00e1tane po\u013e\u0161tiny v zimnom semestri akademick\u00e9ho roka 2021\/2022, ktor\u00e9 sa bud\u00fa kona\u0165\u00a0<strong>od 20. septembra 2021 do 17. decembra 2021<\/strong>.<\/p>\n\n\n\n<p>V pr\u00edpade nepriaznivej epidemiologickej situ\u00e1cie bude v\u00fdu\u010dba prebieha\u0165 online formou. Na kurz je potrebn\u00e9 prihl\u00e1si\u0165 sa e-mailom u koordin\u00e1torky Mgr. Zuzany Obertovej, PhD., (zuzana.obertova@uniba.sk) do <strong>20. septembra 2021<\/strong>.<\/p>\n\n\n\n<p>Ak m\u00e1te z\u00e1ujem pokra\u010dova\u0165 v kurze z predch\u00e1dzaj\u00faceho roka, uve\u010fte to do prihl\u00e1\u0161ky.<\/p>\n\n\n\n<p>V\u0161etci kurzisti sa musia na prvej vyu\u010dovacej hodine preuk\u00e1za\u0165 potvrden\u00edm o uhraden\u00ed poplatku za kurz, ktor\u00fd bude predstavova\u0165 130 eur*.<\/p>\n\n\n\n<p>\u010c\u00edslo \u00fa\u010dtu: SK36 8180 0000 0070 0008 3100, variabiln\u00fd symbol 43<\/p>\n\n\n\n<p>&nbsp;___________________________________________<\/p>\n\n\n\n<p>* 65 eur pre \u0161tudentov, 210 eur pre man\u017eelsk\u00fd p\u00e1r<\/p>\n\n\n\n<figure class=\"wp-block-image size-full\"><a href=\"https:\/\/fphil.uniba.sk\/katedry-a-odborne-pracoviska\/ksf\/aktuality\/\"><img loading=\"lazy\" decoding=\"async\" width=\"960\" height=\"720\" src=\"https:\/\/instytutpolski.pl\/bratislava\/wp-content\/uploads\/sites\/13\/2021\/09\/Kurzy-letak-1.jpg\" alt=\"\" class=\"wp-image-4164\" srcset=\"https:\/\/instytutpolski.pl\/bratislava\/wp-content\/uploads\/sites\/13\/2021\/09\/Kurzy-letak-1.jpg 960w, https:\/\/instytutpolski.pl\/bratislava\/wp-content\/uploads\/sites\/13\/2021\/09\/Kurzy-letak-1-300x225.jpg 300w, https:\/\/instytutpolski.pl\/bratislava\/wp-content\/uploads\/sites\/13\/2021\/09\/Kurzy-letak-1-768x576.jpg 768w\" sizes=\"auto, (max-width: 960px) 100vw, 960px\" \/><\/a><\/figure>\n","protected":false},"excerpt":{"rendered":"<p>Katedra slovansk\u00fdch filol\u00f3gi\u00ed Filozofickej fakulty Univerzity Komensk\u00e9ho v Bratislave pon\u00faka kurzy slovansk\u00fdch jazykov vr\u00e1tane po\u013e\u0161tiny v zimnom semestri akademick\u00e9ho roka 2021\/2022, ktor\u00e9 sa bud\u00fa kona\u0165\u00a0od 20. septembra 2021 do 17. decembra 2021. V pr\u00edpade nepriaznivej epidemiologickej situ\u00e1cie bude v\u00fdu\u010dba prebieha\u0165 online formou. Na kurz je potrebn\u00e9 prihl\u00e1si\u0165 sa e-mailom u koordin\u00e1torky Mgr. Zuzany Obertovej, PhD., [&hellip;]<\/p>\n","protected":false},"author":1,"featured_media":0,"parent":610,"menu_order":0,"comment_status":"closed","ping_status":"closed","template":"","meta":{"inline_featured_image":false,"_monsterinsights_skip_tracking":false,"_monsterinsights_sitenote_active":false,"_monsterinsights_sitenote_note":"","_monsterinsights_sitenote_category":0,"footnotes":""},"class_list":["post-623","page","type-page","status-publish","hentry"],"yoast_head":"<!-- This site is optimized with the Yoast SEO plugin v24.6 - https:\/\/yoast.com\/wordpress\/plugins\/seo\/ -->\n<title>In\u00e9 verejn\u00e9 kurzy po\u013esk\u00e9ho jazyka - Instytut Polski w Bratys\u0142awie<\/title>\n<meta name=\"robots\" content=\"index, follow, max-snippet:-1, max-image-preview:large, max-video-preview:-1\" \/>\n<link rel=\"canonical\" href=\"https:\/\/instytutpolski.pl\/bratislava\/polstina\/ine-verejne-kurzy-polskeho-jazyka\/\" \/>\n<meta property=\"og:locale\" content=\"pl_PL\" \/>\n<meta property=\"og:type\" content=\"article\" \/>\n<meta property=\"og:title\" content=\"In\u00e9 verejn\u00e9 kurzy po\u013esk\u00e9ho jazyka - Instytut Polski w Bratys\u0142awie\" \/>\n<meta property=\"og:description\" content=\"Katedra slovansk\u00fdch filol\u00f3gi\u00ed Filozofickej fakulty Univerzity Komensk\u00e9ho v Bratislave pon\u00faka kurzy slovansk\u00fdch jazykov vr\u00e1tane po\u013e\u0161tiny v zimnom semestri akademick\u00e9ho roka 2021\/2022, ktor\u00e9 sa bud\u00fa kona\u0165\u00a0od 20. septembra 2021 do 17. decembra 2021. V pr\u00edpade nepriaznivej epidemiologickej situ\u00e1cie bude v\u00fdu\u010dba prebieha\u0165 online formou. Na kurz je potrebn\u00e9 prihl\u00e1si\u0165 sa e-mailom u koordin\u00e1torky Mgr. Zuzany Obertovej, PhD., [&hellip;]\" \/>\n<meta property=\"og:url\" content=\"https:\/\/instytutpolski.pl\/bratislava\/polstina\/ine-verejne-kurzy-polskeho-jazyka\/\" \/>\n<meta property=\"og:site_name\" content=\"Instytut Polski w Bratys\u0142awie\" \/>\n<meta property=\"article:modified_time\" content=\"2021-09-16T07:51:48+00:00\" \/>\n<meta property=\"og:image\" content=\"https:\/\/instytutpolski.pl\/bratislava\/wp-content\/uploads\/sites\/13\/2021\/09\/Kurzy-letak-1.jpg\" \/>\n<meta name=\"twitter:card\" content=\"summary_large_image\" \/>\n<meta name=\"twitter:label1\" content=\"Szacowany czas czytania\" \/>\n\t<meta name=\"twitter:data1\" content=\"1 minuta\" \/>\n<script type=\"application\/ld+json\" class=\"yoast-schema-graph\">{\"@context\":\"https:\/\/schema.org\",\"@graph\":[{\"@type\":\"WebPage\",\"@id\":\"https:\/\/instytutpolski.pl\/bratislava\/polstina\/ine-verejne-kurzy-polskeho-jazyka\/\",\"url\":\"https:\/\/instytutpolski.pl\/bratislava\/polstina\/ine-verejne-kurzy-polskeho-jazyka\/\",\"name\":\"In\u00e9 verejn\u00e9 kurzy po\u013esk\u00e9ho jazyka - Instytut Polski w Bratys\u0142awie\",\"isPartOf\":{\"@id\":\"https:\/\/instytutpolski.pl\/bratislava\/#website\"},\"primaryImageOfPage\":{\"@id\":\"https:\/\/instytutpolski.pl\/bratislava\/polstina\/ine-verejne-kurzy-polskeho-jazyka\/#primaryimage\"},\"image\":{\"@id\":\"https:\/\/instytutpolski.pl\/bratislava\/polstina\/ine-verejne-kurzy-polskeho-jazyka\/#primaryimage\"},\"thumbnailUrl\":\"https:\/\/instytutpolski.pl\/bratislava\/wp-content\/uploads\/sites\/13\/2021\/09\/Kurzy-letak-1.jpg\",\"datePublished\":\"2019-06-27T10:23:18+00:00\",\"dateModified\":\"2021-09-16T07:51:48+00:00\",\"breadcrumb\":{\"@id\":\"https:\/\/instytutpolski.pl\/bratislava\/polstina\/ine-verejne-kurzy-polskeho-jazyka\/#breadcrumb\"},\"inLanguage\":\"pl-PL\",\"potentialAction\":[{\"@type\":\"ReadAction\",\"target\":[\"https:\/\/instytutpolski.pl\/bratislava\/polstina\/ine-verejne-kurzy-polskeho-jazyka\/\"]}]},{\"@type\":\"ImageObject\",\"inLanguage\":\"pl-PL\",\"@id\":\"https:\/\/instytutpolski.pl\/bratislava\/polstina\/ine-verejne-kurzy-polskeho-jazyka\/#primaryimage\",\"url\":\"https:\/\/instytutpolski.pl\/bratislava\/wp-content\/uploads\/sites\/13\/2021\/09\/Kurzy-letak-1.jpg\",\"contentUrl\":\"https:\/\/instytutpolski.pl\/bratislava\/wp-content\/uploads\/sites\/13\/2021\/09\/Kurzy-letak-1.jpg\",\"width\":960,\"height\":720},{\"@type\":\"BreadcrumbList\",\"@id\":\"https:\/\/instytutpolski.pl\/bratislava\/polstina\/ine-verejne-kurzy-polskeho-jazyka\/#breadcrumb\",\"itemListElement\":[{\"@type\":\"ListItem\",\"position\":1,\"name\":\"Home\",\"item\":\"https:\/\/instytutpolski.pl\/bratislava\/\"},{\"@type\":\"ListItem\",\"position\":2,\"name\":\"Po\u013e\u0161tina\",\"item\":\"https:\/\/instytutpolski.pl\/bratislava\/polstina\/\"},{\"@type\":\"ListItem\",\"position\":3,\"name\":\"In\u00e9 verejn\u00e9 kurzy po\u013esk\u00e9ho jazyka\"}]},{\"@type\":\"WebSite\",\"@id\":\"https:\/\/instytutpolski.pl\/bratislava\/#website\",\"url\":\"https:\/\/instytutpolski.pl\/bratislava\/\",\"name\":\"Instytut Polski w Bratys\u0142awie\",\"description\":\"Instytuty Polskie\",\"potentialAction\":[{\"@type\":\"SearchAction\",\"target\":{\"@type\":\"EntryPoint\",\"urlTemplate\":\"https:\/\/instytutpolski.pl\/bratislava\/?s={search_term_string}\"},\"query-input\":{\"@type\":\"PropertyValueSpecification\",\"valueRequired\":true,\"valueName\":\"search_term_string\"}}],\"inLanguage\":\"pl-PL\"}]}<\/script>\n<!-- \/ Yoast SEO plugin. -->","yoast_head_json":{"title":"In\u00e9 verejn\u00e9 kurzy po\u013esk\u00e9ho jazyka - Instytut Polski w Bratys\u0142awie","robots":{"index":"index","follow":"follow","max-snippet":"max-snippet:-1","max-image-preview":"max-image-preview:large","max-video-preview":"max-video-preview:-1"},"canonical":"https:\/\/instytutpolski.pl\/bratislava\/polstina\/ine-verejne-kurzy-polskeho-jazyka\/","og_locale":"pl_PL","og_type":"article","og_title":"In\u00e9 verejn\u00e9 kurzy po\u013esk\u00e9ho jazyka - Instytut Polski w Bratys\u0142awie","og_description":"Katedra slovansk\u00fdch filol\u00f3gi\u00ed Filozofickej fakulty Univerzity Komensk\u00e9ho v Bratislave pon\u00faka kurzy slovansk\u00fdch jazykov vr\u00e1tane po\u013e\u0161tiny v zimnom semestri akademick\u00e9ho roka 2021\/2022, ktor\u00e9 sa bud\u00fa kona\u0165\u00a0od 20. septembra 2021 do 17. decembra 2021. V pr\u00edpade nepriaznivej epidemiologickej situ\u00e1cie bude v\u00fdu\u010dba prebieha\u0165 online formou. Na kurz je potrebn\u00e9 prihl\u00e1si\u0165 sa e-mailom u koordin\u00e1torky Mgr. Zuzany Obertovej, PhD., [&hellip;]","og_url":"https:\/\/instytutpolski.pl\/bratislava\/polstina\/ine-verejne-kurzy-polskeho-jazyka\/","og_site_name":"Instytut Polski w Bratys\u0142awie","article_modified_time":"2021-09-16T07:51:48+00:00","og_image":[{"url":"https:\/\/instytutpolski.pl\/bratislava\/wp-content\/uploads\/sites\/13\/2021\/09\/Kurzy-letak-1.jpg","type":"","width":"","height":""}],"twitter_card":"summary_large_image","twitter_misc":{"Szacowany czas czytania":"1 minuta"},"schema":{"@context":"https:\/\/schema.org","@graph":[{"@type":"WebPage","@id":"https:\/\/instytutpolski.pl\/bratislava\/polstina\/ine-verejne-kurzy-polskeho-jazyka\/","url":"https:\/\/instytutpolski.pl\/bratislava\/polstina\/ine-verejne-kurzy-polskeho-jazyka\/","name":"In\u00e9 verejn\u00e9 kurzy po\u013esk\u00e9ho jazyka - Instytut Polski w Bratys\u0142awie","isPartOf":{"@id":"https:\/\/instytutpolski.pl\/bratislava\/#website"},"primaryImageOfPage":{"@id":"https:\/\/instytutpolski.pl\/bratislava\/polstina\/ine-verejne-kurzy-polskeho-jazyka\/#primaryimage"},"image":{"@id":"https:\/\/instytutpolski.pl\/bratislava\/polstina\/ine-verejne-kurzy-polskeho-jazyka\/#primaryimage"},"thumbnailUrl":"https:\/\/instytutpolski.pl\/bratislava\/wp-content\/uploads\/sites\/13\/2021\/09\/Kurzy-letak-1.jpg","datePublished":"2019-06-27T10:23:18+00:00","dateModified":"2021-09-16T07:51:48+00:00","breadcrumb":{"@id":"https:\/\/instytutpolski.pl\/bratislava\/polstina\/ine-verejne-kurzy-polskeho-jazyka\/#breadcrumb"},"inLanguage":"pl-PL","potentialAction":[{"@type":"ReadAction","target":["https:\/\/instytutpolski.pl\/bratislava\/polstina\/ine-verejne-kurzy-polskeho-jazyka\/"]}]},{"@type":"ImageObject","inLanguage":"pl-PL","@id":"https:\/\/instytutpolski.pl\/bratislava\/polstina\/ine-verejne-kurzy-polskeho-jazyka\/#primaryimage","url":"https:\/\/instytutpolski.pl\/bratislava\/wp-content\/uploads\/sites\/13\/2021\/09\/Kurzy-letak-1.jpg","contentUrl":"https:\/\/instytutpolski.pl\/bratislava\/wp-content\/uploads\/sites\/13\/2021\/09\/Kurzy-letak-1.jpg","width":960,"height":720},{"@type":"BreadcrumbList","@id":"https:\/\/instytutpolski.pl\/bratislava\/polstina\/ine-verejne-kurzy-polskeho-jazyka\/#breadcrumb","itemListElement":[{"@type":"ListItem","position":1,"name":"Home","item":"https:\/\/instytutpolski.pl\/bratislava\/"},{"@type":"ListItem","position":2,"name":"Po\u013e\u0161tina","item":"https:\/\/instytutpolski.pl\/bratislava\/polstina\/"},{"@type":"ListItem","position":3,"name":"In\u00e9 verejn\u00e9 kurzy po\u013esk\u00e9ho jazyka"}]},{"@type":"WebSite","@id":"https:\/\/instytutpolski.pl\/bratislava\/#website","url":"https:\/\/instytutpolski.pl\/bratislava\/","name":"Instytut Polski w Bratys\u0142awie","description":"Instytuty Polskie","potentialAction":[{"@type":"SearchAction","target":{"@type":"EntryPoint","urlTemplate":"https:\/\/instytutpolski.pl\/bratislava\/?s={search_term_string}"},"query-input":{"@type":"PropertyValueSpecification","valueRequired":true,"valueName":"search_term_string"}}],"inLanguage":"pl-PL"}]}},"_links":{"self":[{"href":"https:\/\/instytutpolski.pl\/bratislava\/wp-json\/wp\/v2\/pages\/623","targetHints":{"allow":["GET"]}}],"collection":[{"href":"https:\/\/instytutpolski.pl\/bratislava\/wp-json\/wp\/v2\/pages"}],"about":[{"href":"https:\/\/instytutpolski.pl\/bratislava\/wp-json\/wp\/v2\/types\/page"}],"author":[{"embeddable":true,"href":"https:\/\/instytutpolski.pl\/bratislava\/wp-json\/wp\/v2\/users\/1"}],"replies":[{"embeddable":true,"href":"https:\/\/instytutpolski.pl\/bratislava\/wp-json\/wp\/v2\/comments?post=623"}],"version-history":[{"count":7,"href":"https:\/\/instytutpolski.pl\/bratislava\/wp-json\/wp\/v2\/pages\/623\/revisions"}],"predecessor-version":[{"id":4166,"href":"https:\/\/instytutpolski.pl\/bratislava\/wp-json\/wp\/v2\/pages\/623\/revisions\/4166"}],"up":[{"embeddable":true,"href":"https:\/\/instytutpolski.pl\/bratislava\/wp-json\/wp\/v2\/pages\/610"}],"wp:attachment":[{"href":"https:\/\/instytutpolski.pl\/bratislava\/wp-json\/wp\/v2\/media?parent=623"}],"curies":[{"name":"wp","href":"https:\/\/api.w.org\/{rel}","templated":true}]}}