{"id":625,"date":"2019-06-27T12:23:18","date_gmt":"2019-06-27T10:23:18","guid":{"rendered":"https:\/\/instytutpolski.pl\/bratyslawa\/?page_id=625"},"modified":"2022-10-01T11:25:19","modified_gmt":"2022-10-01T09:25:19","slug":"inne-ogolnodostepne-kursy-jezyka-polskiego","status":"publish","type":"page","link":"https:\/\/instytutpolski.pl\/bratislava\/pl\/studiuj-w-polsce\/inne-ogolnodostepne-kursy-jezyka-polskiego\/","title":{"rendered":"Inne og\u00f3lnodost\u0119pne kursy j\u0119zyka polskiego"},"content":{"rendered":"\n<p><strong>Kursy j\u0119zyk\u00f3w s\u0142owia\u0144skich<\/strong>, w tym <strong>j\u0119zyka polskiego<\/strong>, s\u0105 zazwyczaj oferowane w semestrze zimowym i letnim przez Katedr\u0119 Filologii S\u0142owia\u0144skich na Wydziale Filozoficznym Uniwersytetu Kome\u0144skiego w Bratys\u0142awie.<\/p>\n\n\n\n<p>Na kurs nale\u017cy zapisa\u0107 si\u0119 drog\u0105 elektroniczn\u0105 u koordynatorki dr Zuzany Obertovej (zuzana.obertova@uniba.sk). <strong><a href=\"https:\/\/fphil.uniba.sk\/katedry-a-odborne-pracoviska\/ksf\/aktuality\/\">Wi\u0119cej informacji na stronie internetowej katedry.<\/a><\/strong><\/p>\n","protected":false},"excerpt":{"rendered":"<p>Kursy j\u0119zyk\u00f3w s\u0142owia\u0144skich, w tym j\u0119zyka polskiego, s\u0105 zazwyczaj oferowane w semestrze zimowym i letnim przez Katedr\u0119 Filologii S\u0142owia\u0144skich na Wydziale Filozoficznym Uniwersytetu Kome\u0144skiego w Bratys\u0142awie. Na kurs nale\u017cy zapisa\u0107 si\u0119 drog\u0105 elektroniczn\u0105 u koordynatorki dr Zuzany Obertovej (zuzana.obertova@uniba.sk). Wi\u0119cej informacji na stronie internetowej katedry.<\/p>\n","protected":false},"author":1,"featured_media":0,"parent":614,"menu_order":0,"comment_status":"closed","ping_status":"closed","template":"","meta":{"inline_featured_image":false,"_monsterinsights_skip_tracking":false,"_monsterinsights_sitenote_active":false,"_monsterinsights_sitenote_note":"","_monsterinsights_sitenote_category":0,"footnotes":""},"class_list":["post-625","page","type-page","status-publish","hentry"],"yoast_head":"<!-- This site is optimized with the Yoast SEO plugin v24.6 - https:\/\/yoast.com\/wordpress\/plugins\/seo\/ -->\n<title>Inne og\u00f3lnodost\u0119pne kursy j\u0119zyka polskiego - Instytut Polski w Bratys\u0142awie<\/title>\n<meta name=\"robots\" content=\"index, follow, max-snippet:-1, max-image-preview:large, max-video-preview:-1\" \/>\n<link rel=\"canonical\" href=\"https:\/\/instytutpolski.pl\/bratislava\/pl\/studiuj-w-polsce\/inne-ogolnodostepne-kursy-jezyka-polskiego\/\" \/>\n<meta property=\"og:locale\" content=\"pl_PL\" \/>\n<meta property=\"og:type\" content=\"article\" \/>\n<meta property=\"og:title\" content=\"Inne og\u00f3lnodost\u0119pne kursy j\u0119zyka polskiego - Instytut Polski w Bratys\u0142awie\" \/>\n<meta property=\"og:description\" content=\"Kursy j\u0119zyk\u00f3w s\u0142owia\u0144skich, w tym j\u0119zyka polskiego, s\u0105 zazwyczaj oferowane w semestrze zimowym i letnim przez Katedr\u0119 Filologii S\u0142owia\u0144skich na Wydziale Filozoficznym Uniwersytetu Kome\u0144skiego w Bratys\u0142awie. Na kurs nale\u017cy zapisa\u0107 si\u0119 drog\u0105 elektroniczn\u0105 u koordynatorki dr Zuzany Obertovej (zuzana.obertova@uniba.sk). Wi\u0119cej informacji na stronie internetowej katedry.\" \/>\n<meta property=\"og:url\" content=\"https:\/\/instytutpolski.pl\/bratislava\/pl\/studiuj-w-polsce\/inne-ogolnodostepne-kursy-jezyka-polskiego\/\" \/>\n<meta property=\"og:site_name\" content=\"Instytut Polski w Bratys\u0142awie\" \/>\n<meta property=\"article:modified_time\" content=\"2022-10-01T09:25:19+00:00\" \/>\n<meta name=\"twitter:card\" content=\"summary_large_image\" \/>\n<meta name=\"twitter:label1\" content=\"Szacowany czas czytania\" \/>\n\t<meta name=\"twitter:data1\" content=\"1 minuta\" \/>\n<script type=\"application\/ld+json\" class=\"yoast-schema-graph\">{\"@context\":\"https:\/\/schema.org\",\"@graph\":[{\"@type\":\"WebPage\",\"@id\":\"https:\/\/instytutpolski.pl\/bratislava\/pl\/studiuj-w-polsce\/inne-ogolnodostepne-kursy-jezyka-polskiego\/\",\"url\":\"https:\/\/instytutpolski.pl\/bratislava\/pl\/studiuj-w-polsce\/inne-ogolnodostepne-kursy-jezyka-polskiego\/\",\"name\":\"Inne og\u00f3lnodost\u0119pne kursy j\u0119zyka polskiego - Instytut Polski w Bratys\u0142awie\",\"isPartOf\":{\"@id\":\"https:\/\/instytutpolski.pl\/bratislava\/#website\"},\"datePublished\":\"2019-06-27T10:23:18+00:00\",\"dateModified\":\"2022-10-01T09:25:19+00:00\",\"breadcrumb\":{\"@id\":\"https:\/\/instytutpolski.pl\/bratislava\/pl\/studiuj-w-polsce\/inne-ogolnodostepne-kursy-jezyka-polskiego\/#breadcrumb\"},\"inLanguage\":\"pl-PL\",\"potentialAction\":[{\"@type\":\"ReadAction\",\"target\":[\"https:\/\/instytutpolski.pl\/bratislava\/pl\/studiuj-w-polsce\/inne-ogolnodostepne-kursy-jezyka-polskiego\/\"]}]},{\"@type\":\"BreadcrumbList\",\"@id\":\"https:\/\/instytutpolski.pl\/bratislava\/pl\/studiuj-w-polsce\/inne-ogolnodostepne-kursy-jezyka-polskiego\/#breadcrumb\",\"itemListElement\":[{\"@type\":\"ListItem\",\"position\":1,\"name\":\"Home\",\"item\":\"https:\/\/instytutpolski.pl\/bratislava\/\"},{\"@type\":\"ListItem\",\"position\":2,\"name\":\"J\u0119zyk polski\",\"item\":\"https:\/\/instytutpolski.pl\/bratislava\/pl\/studiuj-w-polsce\/\"},{\"@type\":\"ListItem\",\"position\":3,\"name\":\"Inne og\u00f3lnodost\u0119pne kursy j\u0119zyka polskiego\"}]},{\"@type\":\"WebSite\",\"@id\":\"https:\/\/instytutpolski.pl\/bratislava\/#website\",\"url\":\"https:\/\/instytutpolski.pl\/bratislava\/\",\"name\":\"Instytut Polski w Bratys\u0142awie\",\"description\":\"Instytuty Polskie\",\"potentialAction\":[{\"@type\":\"SearchAction\",\"target\":{\"@type\":\"EntryPoint\",\"urlTemplate\":\"https:\/\/instytutpolski.pl\/bratislava\/?s={search_term_string}\"},\"query-input\":{\"@type\":\"PropertyValueSpecification\",\"valueRequired\":true,\"valueName\":\"search_term_string\"}}],\"inLanguage\":\"pl-PL\"}]}<\/script>\n<!-- \/ Yoast SEO plugin. -->","yoast_head_json":{"title":"Inne og\u00f3lnodost\u0119pne kursy j\u0119zyka polskiego - Instytut Polski w Bratys\u0142awie","robots":{"index":"index","follow":"follow","max-snippet":"max-snippet:-1","max-image-preview":"max-image-preview:large","max-video-preview":"max-video-preview:-1"},"canonical":"https:\/\/instytutpolski.pl\/bratislava\/pl\/studiuj-w-polsce\/inne-ogolnodostepne-kursy-jezyka-polskiego\/","og_locale":"pl_PL","og_type":"article","og_title":"Inne og\u00f3lnodost\u0119pne kursy j\u0119zyka polskiego - Instytut Polski w Bratys\u0142awie","og_description":"Kursy j\u0119zyk\u00f3w s\u0142owia\u0144skich, w tym j\u0119zyka polskiego, s\u0105 zazwyczaj oferowane w semestrze zimowym i letnim przez Katedr\u0119 Filologii S\u0142owia\u0144skich na Wydziale Filozoficznym Uniwersytetu Kome\u0144skiego w Bratys\u0142awie. Na kurs nale\u017cy zapisa\u0107 si\u0119 drog\u0105 elektroniczn\u0105 u koordynatorki dr Zuzany Obertovej (zuzana.obertova@uniba.sk). Wi\u0119cej informacji na stronie internetowej katedry.","og_url":"https:\/\/instytutpolski.pl\/bratislava\/pl\/studiuj-w-polsce\/inne-ogolnodostepne-kursy-jezyka-polskiego\/","og_site_name":"Instytut Polski w Bratys\u0142awie","article_modified_time":"2022-10-01T09:25:19+00:00","twitter_card":"summary_large_image","twitter_misc":{"Szacowany czas czytania":"1 minuta"},"schema":{"@context":"https:\/\/schema.org","@graph":[{"@type":"WebPage","@id":"https:\/\/instytutpolski.pl\/bratislava\/pl\/studiuj-w-polsce\/inne-ogolnodostepne-kursy-jezyka-polskiego\/","url":"https:\/\/instytutpolski.pl\/bratislava\/pl\/studiuj-w-polsce\/inne-ogolnodostepne-kursy-jezyka-polskiego\/","name":"Inne og\u00f3lnodost\u0119pne kursy j\u0119zyka polskiego - Instytut Polski w Bratys\u0142awie","isPartOf":{"@id":"https:\/\/instytutpolski.pl\/bratislava\/#website"},"datePublished":"2019-06-27T10:23:18+00:00","dateModified":"2022-10-01T09:25:19+00:00","breadcrumb":{"@id":"https:\/\/instytutpolski.pl\/bratislava\/pl\/studiuj-w-polsce\/inne-ogolnodostepne-kursy-jezyka-polskiego\/#breadcrumb"},"inLanguage":"pl-PL","potentialAction":[{"@type":"ReadAction","target":["https:\/\/instytutpolski.pl\/bratislava\/pl\/studiuj-w-polsce\/inne-ogolnodostepne-kursy-jezyka-polskiego\/"]}]},{"@type":"BreadcrumbList","@id":"https:\/\/instytutpolski.pl\/bratislava\/pl\/studiuj-w-polsce\/inne-ogolnodostepne-kursy-jezyka-polskiego\/#breadcrumb","itemListElement":[{"@type":"ListItem","position":1,"name":"Home","item":"https:\/\/instytutpolski.pl\/bratislava\/"},{"@type":"ListItem","position":2,"name":"J\u0119zyk polski","item":"https:\/\/instytutpolski.pl\/bratislava\/pl\/studiuj-w-polsce\/"},{"@type":"ListItem","position":3,"name":"Inne og\u00f3lnodost\u0119pne kursy j\u0119zyka polskiego"}]},{"@type":"WebSite","@id":"https:\/\/instytutpolski.pl\/bratislava\/#website","url":"https:\/\/instytutpolski.pl\/bratislava\/","name":"Instytut Polski w Bratys\u0142awie","description":"Instytuty Polskie","potentialAction":[{"@type":"SearchAction","target":{"@type":"EntryPoint","urlTemplate":"https:\/\/instytutpolski.pl\/bratislava\/?s={search_term_string}"},"query-input":{"@type":"PropertyValueSpecification","valueRequired":true,"valueName":"search_term_string"}}],"inLanguage":"pl-PL"}]}},"_links":{"self":[{"href":"https:\/\/instytutpolski.pl\/bratislava\/wp-json\/wp\/v2\/pages\/625","targetHints":{"allow":["GET"]}}],"collection":[{"href":"https:\/\/instytutpolski.pl\/bratislava\/wp-json\/wp\/v2\/pages"}],"about":[{"href":"https:\/\/instytutpolski.pl\/bratislava\/wp-json\/wp\/v2\/types\/page"}],"author":[{"embeddable":true,"href":"https:\/\/instytutpolski.pl\/bratislava\/wp-json\/wp\/v2\/users\/1"}],"replies":[{"embeddable":true,"href":"https:\/\/instytutpolski.pl\/bratislava\/wp-json\/wp\/v2\/comments?post=625"}],"version-history":[{"count":3,"href":"https:\/\/instytutpolski.pl\/bratislava\/wp-json\/wp\/v2\/pages\/625\/revisions"}],"predecessor-version":[{"id":5294,"href":"https:\/\/instytutpolski.pl\/bratislava\/wp-json\/wp\/v2\/pages\/625\/revisions\/5294"}],"up":[{"embeddable":true,"href":"https:\/\/instytutpolski.pl\/bratislava\/wp-json\/wp\/v2\/pages\/614"}],"wp:attachment":[{"href":"https:\/\/instytutpolski.pl\/bratislava\/wp-json\/wp\/v2\/media?parent=625"}],"curies":[{"name":"wp","href":"https:\/\/api.w.org\/{rel}","templated":true}]}}