{"id":628,"date":"2019-06-27T12:24:02","date_gmt":"2019-06-27T10:24:02","guid":{"rendered":"https:\/\/instytutpolski.pl\/bratyslawa\/?page_id=628"},"modified":"2019-06-27T12:24:20","modified_gmt":"2019-06-27T10:24:20","slug":"lektoraty-polskeho-jazyka-na-univerzitach","status":"publish","type":"page","link":"https:\/\/instytutpolski.pl\/bratislava\/polstina\/lektoraty-polskeho-jazyka-na-univerzitach\/","title":{"rendered":"Lektor\u00e1ty po\u013esk\u00e9ho jazyka na univerzit\u00e1ch"},"content":{"rendered":"","protected":false},"excerpt":{"rendered":"","protected":false},"author":1,"featured_media":630,"parent":610,"menu_order":0,"comment_status":"closed","ping_status":"closed","template":"","meta":{"inline_featured_image":false,"_monsterinsights_skip_tracking":false,"_monsterinsights_sitenote_active":false,"_monsterinsights_sitenote_note":"","_monsterinsights_sitenote_category":0,"footnotes":""},"class_list":["post-628","page","type-page","status-publish","has-post-thumbnail","hentry"],"yoast_head":"<!-- This site is optimized with the Yoast SEO plugin v24.6 - https:\/\/yoast.com\/wordpress\/plugins\/seo\/ -->\n<title>Lektor\u00e1ty po\u013esk\u00e9ho jazyka na univerzit\u00e1ch - Instytut Polski w Bratys\u0142awie<\/title>\n<meta name=\"robots\" content=\"index, follow, max-snippet:-1, max-image-preview:large, max-video-preview:-1\" \/>\n<link rel=\"canonical\" href=\"https:\/\/instytutpolski.pl\/bratislava\/polstina\/lektoraty-polskeho-jazyka-na-univerzitach\/\" \/>\n<meta property=\"og:locale\" content=\"pl_PL\" \/>\n<meta property=\"og:type\" content=\"article\" \/>\n<meta property=\"og:title\" content=\"Lektor\u00e1ty po\u013esk\u00e9ho jazyka na univerzit\u00e1ch - Instytut Polski w Bratys\u0142awie\" \/>\n<meta property=\"og:url\" content=\"https:\/\/instytutpolski.pl\/bratislava\/polstina\/lektoraty-polskeho-jazyka-na-univerzitach\/\" \/>\n<meta property=\"og:site_name\" content=\"Instytut Polski w Bratys\u0142awie\" \/>\n<meta property=\"article:modified_time\" content=\"2019-06-27T10:24:20+00:00\" \/>\n<meta property=\"og:image\" content=\"https:\/\/instytutpolski.pl\/bratislava\/wp-content\/uploads\/sites\/13\/2019\/06\/lektoraty-jezyka-polskiego.jpg\" \/>\n\t<meta property=\"og:image:width\" content=\"1920\" \/>\n\t<meta property=\"og:image:height\" content=\"700\" \/>\n\t<meta property=\"og:image:type\" content=\"image\/jpeg\" \/>\n<meta name=\"twitter:card\" content=\"summary_large_image\" \/>\n<script type=\"application\/ld+json\" class=\"yoast-schema-graph\">{\"@context\":\"https:\/\/schema.org\",\"@graph\":[{\"@type\":\"WebPage\",\"@id\":\"https:\/\/instytutpolski.pl\/bratislava\/polstina\/lektoraty-polskeho-jazyka-na-univerzitach\/\",\"url\":\"https:\/\/instytutpolski.pl\/bratislava\/polstina\/lektoraty-polskeho-jazyka-na-univerzitach\/\",\"name\":\"Lektor\u00e1ty po\u013esk\u00e9ho jazyka na univerzit\u00e1ch - Instytut Polski w Bratys\u0142awie\",\"isPartOf\":{\"@id\":\"https:\/\/instytutpolski.pl\/bratislava\/#website\"},\"primaryImageOfPage\":{\"@id\":\"https:\/\/instytutpolski.pl\/bratislava\/polstina\/lektoraty-polskeho-jazyka-na-univerzitach\/#primaryimage\"},\"image\":{\"@id\":\"https:\/\/instytutpolski.pl\/bratislava\/polstina\/lektoraty-polskeho-jazyka-na-univerzitach\/#primaryimage\"},\"thumbnailUrl\":\"https:\/\/instytutpolski.pl\/bratislava\/wp-content\/uploads\/sites\/13\/2019\/06\/lektoraty-jezyka-polskiego.jpg\",\"datePublished\":\"2019-06-27T10:24:02+00:00\",\"dateModified\":\"2019-06-27T10:24:20+00:00\",\"breadcrumb\":{\"@id\":\"https:\/\/instytutpolski.pl\/bratislava\/polstina\/lektoraty-polskeho-jazyka-na-univerzitach\/#breadcrumb\"},\"inLanguage\":\"pl-PL\",\"potentialAction\":[{\"@type\":\"ReadAction\",\"target\":[\"https:\/\/instytutpolski.pl\/bratislava\/polstina\/lektoraty-polskeho-jazyka-na-univerzitach\/\"]}]},{\"@type\":\"ImageObject\",\"inLanguage\":\"pl-PL\",\"@id\":\"https:\/\/instytutpolski.pl\/bratislava\/polstina\/lektoraty-polskeho-jazyka-na-univerzitach\/#primaryimage\",\"url\":\"https:\/\/instytutpolski.pl\/bratislava\/wp-content\/uploads\/sites\/13\/2019\/06\/lektoraty-jezyka-polskiego.jpg\",\"contentUrl\":\"https:\/\/instytutpolski.pl\/bratislava\/wp-content\/uploads\/sites\/13\/2019\/06\/lektoraty-jezyka-polskiego.jpg\",\"width\":1920,\"height\":700},{\"@type\":\"BreadcrumbList\",\"@id\":\"https:\/\/instytutpolski.pl\/bratislava\/polstina\/lektoraty-polskeho-jazyka-na-univerzitach\/#breadcrumb\",\"itemListElement\":[{\"@type\":\"ListItem\",\"position\":1,\"name\":\"Home\",\"item\":\"https:\/\/instytutpolski.pl\/bratislava\/\"},{\"@type\":\"ListItem\",\"position\":2,\"name\":\"Po\u013e\u0161tina\",\"item\":\"https:\/\/instytutpolski.pl\/bratislava\/polstina\/\"},{\"@type\":\"ListItem\",\"position\":3,\"name\":\"Lektor\u00e1ty po\u013esk\u00e9ho jazyka na univerzit\u00e1ch\"}]},{\"@type\":\"WebSite\",\"@id\":\"https:\/\/instytutpolski.pl\/bratislava\/#website\",\"url\":\"https:\/\/instytutpolski.pl\/bratislava\/\",\"name\":\"Instytut Polski w Bratys\u0142awie\",\"description\":\"Instytuty Polskie\",\"potentialAction\":[{\"@type\":\"SearchAction\",\"target\":{\"@type\":\"EntryPoint\",\"urlTemplate\":\"https:\/\/instytutpolski.pl\/bratislava\/?s={search_term_string}\"},\"query-input\":{\"@type\":\"PropertyValueSpecification\",\"valueRequired\":true,\"valueName\":\"search_term_string\"}}],\"inLanguage\":\"pl-PL\"}]}<\/script>\n<!-- \/ Yoast SEO plugin. -->","yoast_head_json":{"title":"Lektor\u00e1ty po\u013esk\u00e9ho jazyka na univerzit\u00e1ch - Instytut Polski w Bratys\u0142awie","robots":{"index":"index","follow":"follow","max-snippet":"max-snippet:-1","max-image-preview":"max-image-preview:large","max-video-preview":"max-video-preview:-1"},"canonical":"https:\/\/instytutpolski.pl\/bratislava\/polstina\/lektoraty-polskeho-jazyka-na-univerzitach\/","og_locale":"pl_PL","og_type":"article","og_title":"Lektor\u00e1ty po\u013esk\u00e9ho jazyka na univerzit\u00e1ch - Instytut Polski w Bratys\u0142awie","og_url":"https:\/\/instytutpolski.pl\/bratislava\/polstina\/lektoraty-polskeho-jazyka-na-univerzitach\/","og_site_name":"Instytut Polski w Bratys\u0142awie","article_modified_time":"2019-06-27T10:24:20+00:00","og_image":[{"width":1920,"height":700,"url":"https:\/\/instytutpolski.pl\/bratislava\/wp-content\/uploads\/sites\/13\/2019\/06\/lektoraty-jezyka-polskiego.jpg","type":"image\/jpeg"}],"twitter_card":"summary_large_image","schema":{"@context":"https:\/\/schema.org","@graph":[{"@type":"WebPage","@id":"https:\/\/instytutpolski.pl\/bratislava\/polstina\/lektoraty-polskeho-jazyka-na-univerzitach\/","url":"https:\/\/instytutpolski.pl\/bratislava\/polstina\/lektoraty-polskeho-jazyka-na-univerzitach\/","name":"Lektor\u00e1ty po\u013esk\u00e9ho jazyka na univerzit\u00e1ch - Instytut Polski w Bratys\u0142awie","isPartOf":{"@id":"https:\/\/instytutpolski.pl\/bratislava\/#website"},"primaryImageOfPage":{"@id":"https:\/\/instytutpolski.pl\/bratislava\/polstina\/lektoraty-polskeho-jazyka-na-univerzitach\/#primaryimage"},"image":{"@id":"https:\/\/instytutpolski.pl\/bratislava\/polstina\/lektoraty-polskeho-jazyka-na-univerzitach\/#primaryimage"},"thumbnailUrl":"https:\/\/instytutpolski.pl\/bratislava\/wp-content\/uploads\/sites\/13\/2019\/06\/lektoraty-jezyka-polskiego.jpg","datePublished":"2019-06-27T10:24:02+00:00","dateModified":"2019-06-27T10:24:20+00:00","breadcrumb":{"@id":"https:\/\/instytutpolski.pl\/bratislava\/polstina\/lektoraty-polskeho-jazyka-na-univerzitach\/#breadcrumb"},"inLanguage":"pl-PL","potentialAction":[{"@type":"ReadAction","target":["https:\/\/instytutpolski.pl\/bratislava\/polstina\/lektoraty-polskeho-jazyka-na-univerzitach\/"]}]},{"@type":"ImageObject","inLanguage":"pl-PL","@id":"https:\/\/instytutpolski.pl\/bratislava\/polstina\/lektoraty-polskeho-jazyka-na-univerzitach\/#primaryimage","url":"https:\/\/instytutpolski.pl\/bratislava\/wp-content\/uploads\/sites\/13\/2019\/06\/lektoraty-jezyka-polskiego.jpg","contentUrl":"https:\/\/instytutpolski.pl\/bratislava\/wp-content\/uploads\/sites\/13\/2019\/06\/lektoraty-jezyka-polskiego.jpg","width":1920,"height":700},{"@type":"BreadcrumbList","@id":"https:\/\/instytutpolski.pl\/bratislava\/polstina\/lektoraty-polskeho-jazyka-na-univerzitach\/#breadcrumb","itemListElement":[{"@type":"ListItem","position":1,"name":"Home","item":"https:\/\/instytutpolski.pl\/bratislava\/"},{"@type":"ListItem","position":2,"name":"Po\u013e\u0161tina","item":"https:\/\/instytutpolski.pl\/bratislava\/polstina\/"},{"@type":"ListItem","position":3,"name":"Lektor\u00e1ty po\u013esk\u00e9ho jazyka na univerzit\u00e1ch"}]},{"@type":"WebSite","@id":"https:\/\/instytutpolski.pl\/bratislava\/#website","url":"https:\/\/instytutpolski.pl\/bratislava\/","name":"Instytut Polski w Bratys\u0142awie","description":"Instytuty Polskie","potentialAction":[{"@type":"SearchAction","target":{"@type":"EntryPoint","urlTemplate":"https:\/\/instytutpolski.pl\/bratislava\/?s={search_term_string}"},"query-input":{"@type":"PropertyValueSpecification","valueRequired":true,"valueName":"search_term_string"}}],"inLanguage":"pl-PL"}]}},"_links":{"self":[{"href":"https:\/\/instytutpolski.pl\/bratislava\/wp-json\/wp\/v2\/pages\/628","targetHints":{"allow":["GET"]}}],"collection":[{"href":"https:\/\/instytutpolski.pl\/bratislava\/wp-json\/wp\/v2\/pages"}],"about":[{"href":"https:\/\/instytutpolski.pl\/bratislava\/wp-json\/wp\/v2\/types\/page"}],"author":[{"embeddable":true,"href":"https:\/\/instytutpolski.pl\/bratislava\/wp-json\/wp\/v2\/users\/1"}],"replies":[{"embeddable":true,"href":"https:\/\/instytutpolski.pl\/bratislava\/wp-json\/wp\/v2\/comments?post=628"}],"version-history":[{"count":2,"href":"https:\/\/instytutpolski.pl\/bratislava\/wp-json\/wp\/v2\/pages\/628\/revisions"}],"predecessor-version":[{"id":631,"href":"https:\/\/instytutpolski.pl\/bratislava\/wp-json\/wp\/v2\/pages\/628\/revisions\/631"}],"up":[{"embeddable":true,"href":"https:\/\/instytutpolski.pl\/bratislava\/wp-json\/wp\/v2\/pages\/610"}],"wp:featuredmedia":[{"embeddable":true,"href":"https:\/\/instytutpolski.pl\/bratislava\/wp-json\/wp\/v2\/media\/630"}],"wp:attachment":[{"href":"https:\/\/instytutpolski.pl\/bratislava\/wp-json\/wp\/v2\/media?parent=628"}],"curies":[{"name":"wp","href":"https:\/\/api.w.org\/{rel}","templated":true}]}}