{"id":634,"date":"2019-06-27T12:31:27","date_gmt":"2019-06-27T10:31:27","guid":{"rendered":"https:\/\/instytutpolski.pl\/bratyslawa\/?page_id=634"},"modified":"2022-10-01T12:01:39","modified_gmt":"2022-10-01T10:01:39","slug":"studium-polonistiky","status":"publish","type":"page","link":"https:\/\/instytutpolski.pl\/bratislava\/polstina\/studium-polonistiky\/","title":{"rendered":"\u0160t\u00fadium polonistiky na Slovensku"},"content":{"rendered":"\n<p>Po\u013esk\u00fd jazyk je mo\u017en\u00e9 \u0161tudova\u0165 na t\u00fdchto slovensk\u00fdch univerzit\u00e1ch:<\/p>\n\n\n\n<p><strong>Katedra slovansk\u00fdch filol\u00f3gi\u00ed, Filozofick\u00e1 fakulta, Univerzita Komensk\u00e9ho v Bratislave<br><\/strong><em>stredoeur\u00f3pske \u0161t\u00fadi\u00e1<br><\/em><a href=\"https:\/\/fphil.uniba.sk\/katedry-a-odborne-pracoviska\/katedra-slovanskych-filologii\/\">fphil.uniba.sk\/katedry-a-odborne-pracoviska\/katedra-slovanskych-filologii<\/a><\/p>\n\n\n\n<p><strong>In\u0161tit\u00fat stredoeur\u00f3pskych \u0161t\u00fadi\u00ed, Filozofick\u00e1 fakulta, Pre\u0161ovsk\u00e1 univerzita v Pre\u0161ove<\/strong><br><em>stredoeur\u00f3pske \u0161t\u00fadi\u00e1<\/em><br><a href=\"https:\/\/www.unipo.sk\/filozoficka-fakulta\/instituty-fakulty\/iss\/\">unipo.sk\/filozoficka-fakulta\/instituty-fakulty\/iss<\/a><\/p>\n\n\n\n<p><strong>Katedra slovansk\u00fdch jazykov, Filozofick\u00e1 fakulta, Univerzita Mateja Bela, Bansk\u00e1 Bystrica<\/strong><br><em>polonistika<\/em><br><a href=\"https:\/\/www.ff.umb.sk\/katedry\/katedra-slovanskych-jazykov\/polonistika\/\">ff.umb.sk\/katedry\/katedra-slovanskych-jazykov\/polonistika<\/a><\/p>\n\n\n\n<p><strong>\u00dastav stredoeur\u00f3pskych jazykov a kult\u00far, Fakulta stredoeur\u00f3pskych \u0161t\u00fadi\u00ed, Univerzita Kon\u0161tant\u00edna Filozofa v Nitre<\/strong><br><em>lektor\u00e1t po\u013esk\u00e9ho jazyka<br><\/em><a href=\"http:\/\/www.usjk.fss.ukf.sk\/\">usjk.fss.ukf.sk<\/a><\/p>\n","protected":false},"excerpt":{"rendered":"<p>Po\u013esk\u00fd jazyk je mo\u017en\u00e9 \u0161tudova\u0165 na t\u00fdchto slovensk\u00fdch univerzit\u00e1ch: Katedra slovansk\u00fdch filol\u00f3gi\u00ed, Filozofick\u00e1 fakulta, Univerzita Komensk\u00e9ho v Bratislavestredoeur\u00f3pske \u0161t\u00fadi\u00e1fphil.uniba.sk\/katedry-a-odborne-pracoviska\/katedra-slovanskych-filologii In\u0161tit\u00fat stredoeur\u00f3pskych \u0161t\u00fadi\u00ed, Filozofick\u00e1 fakulta, Pre\u0161ovsk\u00e1 univerzita v Pre\u0161ovestredoeur\u00f3pske \u0161t\u00fadi\u00e1unipo.sk\/filozoficka-fakulta\/instituty-fakulty\/iss Katedra slovansk\u00fdch jazykov, Filozofick\u00e1 fakulta, Univerzita Mateja Bela, Bansk\u00e1 Bystricapolonistikaff.umb.sk\/katedry\/katedra-slovanskych-jazykov\/polonistika \u00dastav stredoeur\u00f3pskych jazykov a kult\u00far, Fakulta stredoeur\u00f3pskych \u0161t\u00fadi\u00ed, Univerzita Kon\u0161tant\u00edna Filozofa v Nitrelektor\u00e1t po\u013esk\u00e9ho jazykausjk.fss.ukf.sk<\/p>\n","protected":false},"author":1,"featured_media":635,"parent":610,"menu_order":0,"comment_status":"closed","ping_status":"closed","template":"","meta":{"inline_featured_image":false,"_monsterinsights_skip_tracking":false,"_monsterinsights_sitenote_active":false,"_monsterinsights_sitenote_note":"","_monsterinsights_sitenote_category":0,"footnotes":""},"class_list":["post-634","page","type-page","status-publish","has-post-thumbnail","hentry"],"yoast_head":"<!-- This site is optimized with the Yoast SEO plugin v24.6 - https:\/\/yoast.com\/wordpress\/plugins\/seo\/ -->\n<title>\u0160t\u00fadium polonistiky na Slovensku - Instytut Polski w Bratys\u0142awie<\/title>\n<meta name=\"robots\" content=\"index, follow, max-snippet:-1, max-image-preview:large, max-video-preview:-1\" \/>\n<link rel=\"canonical\" href=\"https:\/\/instytutpolski.pl\/bratislava\/polstina\/studium-polonistiky\/\" \/>\n<meta property=\"og:locale\" content=\"pl_PL\" \/>\n<meta property=\"og:type\" content=\"article\" \/>\n<meta property=\"og:title\" content=\"\u0160t\u00fadium polonistiky na Slovensku - Instytut Polski w Bratys\u0142awie\" \/>\n<meta property=\"og:description\" content=\"Po\u013esk\u00fd jazyk je mo\u017en\u00e9 \u0161tudova\u0165 na t\u00fdchto slovensk\u00fdch univerzit\u00e1ch: Katedra slovansk\u00fdch filol\u00f3gi\u00ed, Filozofick\u00e1 fakulta, Univerzita Komensk\u00e9ho v Bratislavestredoeur\u00f3pske \u0161t\u00fadi\u00e1fphil.uniba.sk\/katedry-a-odborne-pracoviska\/katedra-slovanskych-filologii In\u0161tit\u00fat stredoeur\u00f3pskych \u0161t\u00fadi\u00ed, Filozofick\u00e1 fakulta, Pre\u0161ovsk\u00e1 univerzita v Pre\u0161ovestredoeur\u00f3pske \u0161t\u00fadi\u00e1unipo.sk\/filozoficka-fakulta\/instituty-fakulty\/iss Katedra slovansk\u00fdch jazykov, Filozofick\u00e1 fakulta, Univerzita Mateja Bela, Bansk\u00e1 Bystricapolonistikaff.umb.sk\/katedry\/katedra-slovanskych-jazykov\/polonistika \u00dastav stredoeur\u00f3pskych jazykov a kult\u00far, Fakulta stredoeur\u00f3pskych \u0161t\u00fadi\u00ed, Univerzita Kon\u0161tant\u00edna Filozofa v Nitrelektor\u00e1t po\u013esk\u00e9ho jazykausjk.fss.ukf.sk\" \/>\n<meta property=\"og:url\" content=\"https:\/\/instytutpolski.pl\/bratislava\/polstina\/studium-polonistiky\/\" \/>\n<meta property=\"og:site_name\" content=\"Instytut Polski w Bratys\u0142awie\" \/>\n<meta property=\"article:modified_time\" content=\"2022-10-01T10:01:39+00:00\" \/>\n<meta property=\"og:image\" content=\"https:\/\/instytutpolski.pl\/bratislava\/wp-content\/uploads\/sites\/13\/2019\/06\/studia-polonoznawcze.jpg\" \/>\n\t<meta property=\"og:image:width\" content=\"1920\" \/>\n\t<meta property=\"og:image:height\" content=\"700\" \/>\n\t<meta property=\"og:image:type\" content=\"image\/jpeg\" \/>\n<meta name=\"twitter:card\" content=\"summary_large_image\" \/>\n<meta name=\"twitter:label1\" content=\"Szacowany czas czytania\" \/>\n\t<meta name=\"twitter:data1\" content=\"1 minuta\" \/>\n<script type=\"application\/ld+json\" class=\"yoast-schema-graph\">{\"@context\":\"https:\/\/schema.org\",\"@graph\":[{\"@type\":\"WebPage\",\"@id\":\"https:\/\/instytutpolski.pl\/bratislava\/polstina\/studium-polonistiky\/\",\"url\":\"https:\/\/instytutpolski.pl\/bratislava\/polstina\/studium-polonistiky\/\",\"name\":\"\u0160t\u00fadium polonistiky na Slovensku - Instytut Polski w Bratys\u0142awie\",\"isPartOf\":{\"@id\":\"https:\/\/instytutpolski.pl\/bratislava\/#website\"},\"primaryImageOfPage\":{\"@id\":\"https:\/\/instytutpolski.pl\/bratislava\/polstina\/studium-polonistiky\/#primaryimage\"},\"image\":{\"@id\":\"https:\/\/instytutpolski.pl\/bratislava\/polstina\/studium-polonistiky\/#primaryimage\"},\"thumbnailUrl\":\"https:\/\/instytutpolski.pl\/bratislava\/wp-content\/uploads\/sites\/13\/2019\/06\/studia-polonoznawcze.jpg\",\"datePublished\":\"2019-06-27T10:31:27+00:00\",\"dateModified\":\"2022-10-01T10:01:39+00:00\",\"breadcrumb\":{\"@id\":\"https:\/\/instytutpolski.pl\/bratislava\/polstina\/studium-polonistiky\/#breadcrumb\"},\"inLanguage\":\"pl-PL\",\"potentialAction\":[{\"@type\":\"ReadAction\",\"target\":[\"https:\/\/instytutpolski.pl\/bratislava\/polstina\/studium-polonistiky\/\"]}]},{\"@type\":\"ImageObject\",\"inLanguage\":\"pl-PL\",\"@id\":\"https:\/\/instytutpolski.pl\/bratislava\/polstina\/studium-polonistiky\/#primaryimage\",\"url\":\"https:\/\/instytutpolski.pl\/bratislava\/wp-content\/uploads\/sites\/13\/2019\/06\/studia-polonoznawcze.jpg\",\"contentUrl\":\"https:\/\/instytutpolski.pl\/bratislava\/wp-content\/uploads\/sites\/13\/2019\/06\/studia-polonoznawcze.jpg\",\"width\":1920,\"height\":700},{\"@type\":\"BreadcrumbList\",\"@id\":\"https:\/\/instytutpolski.pl\/bratislava\/polstina\/studium-polonistiky\/#breadcrumb\",\"itemListElement\":[{\"@type\":\"ListItem\",\"position\":1,\"name\":\"Home\",\"item\":\"https:\/\/instytutpolski.pl\/bratislava\/\"},{\"@type\":\"ListItem\",\"position\":2,\"name\":\"Po\u013e\u0161tina\",\"item\":\"https:\/\/instytutpolski.pl\/bratislava\/polstina\/\"},{\"@type\":\"ListItem\",\"position\":3,\"name\":\"\u0160t\u00fadium polonistiky na Slovensku\"}]},{\"@type\":\"WebSite\",\"@id\":\"https:\/\/instytutpolski.pl\/bratislava\/#website\",\"url\":\"https:\/\/instytutpolski.pl\/bratislava\/\",\"name\":\"Instytut Polski w Bratys\u0142awie\",\"description\":\"Instytuty Polskie\",\"potentialAction\":[{\"@type\":\"SearchAction\",\"target\":{\"@type\":\"EntryPoint\",\"urlTemplate\":\"https:\/\/instytutpolski.pl\/bratislava\/?s={search_term_string}\"},\"query-input\":{\"@type\":\"PropertyValueSpecification\",\"valueRequired\":true,\"valueName\":\"search_term_string\"}}],\"inLanguage\":\"pl-PL\"}]}<\/script>\n<!-- \/ Yoast SEO plugin. -->","yoast_head_json":{"title":"\u0160t\u00fadium polonistiky na Slovensku - Instytut Polski w Bratys\u0142awie","robots":{"index":"index","follow":"follow","max-snippet":"max-snippet:-1","max-image-preview":"max-image-preview:large","max-video-preview":"max-video-preview:-1"},"canonical":"https:\/\/instytutpolski.pl\/bratislava\/polstina\/studium-polonistiky\/","og_locale":"pl_PL","og_type":"article","og_title":"\u0160t\u00fadium polonistiky na Slovensku - Instytut Polski w Bratys\u0142awie","og_description":"Po\u013esk\u00fd jazyk je mo\u017en\u00e9 \u0161tudova\u0165 na t\u00fdchto slovensk\u00fdch univerzit\u00e1ch: Katedra slovansk\u00fdch filol\u00f3gi\u00ed, Filozofick\u00e1 fakulta, Univerzita Komensk\u00e9ho v Bratislavestredoeur\u00f3pske \u0161t\u00fadi\u00e1fphil.uniba.sk\/katedry-a-odborne-pracoviska\/katedra-slovanskych-filologii In\u0161tit\u00fat stredoeur\u00f3pskych \u0161t\u00fadi\u00ed, Filozofick\u00e1 fakulta, Pre\u0161ovsk\u00e1 univerzita v Pre\u0161ovestredoeur\u00f3pske \u0161t\u00fadi\u00e1unipo.sk\/filozoficka-fakulta\/instituty-fakulty\/iss Katedra slovansk\u00fdch jazykov, Filozofick\u00e1 fakulta, Univerzita Mateja Bela, Bansk\u00e1 Bystricapolonistikaff.umb.sk\/katedry\/katedra-slovanskych-jazykov\/polonistika \u00dastav stredoeur\u00f3pskych jazykov a kult\u00far, Fakulta stredoeur\u00f3pskych \u0161t\u00fadi\u00ed, Univerzita Kon\u0161tant\u00edna Filozofa v Nitrelektor\u00e1t po\u013esk\u00e9ho jazykausjk.fss.ukf.sk","og_url":"https:\/\/instytutpolski.pl\/bratislava\/polstina\/studium-polonistiky\/","og_site_name":"Instytut Polski w Bratys\u0142awie","article_modified_time":"2022-10-01T10:01:39+00:00","og_image":[{"width":1920,"height":700,"url":"https:\/\/instytutpolski.pl\/bratislava\/wp-content\/uploads\/sites\/13\/2019\/06\/studia-polonoznawcze.jpg","type":"image\/jpeg"}],"twitter_card":"summary_large_image","twitter_misc":{"Szacowany czas czytania":"1 minuta"},"schema":{"@context":"https:\/\/schema.org","@graph":[{"@type":"WebPage","@id":"https:\/\/instytutpolski.pl\/bratislava\/polstina\/studium-polonistiky\/","url":"https:\/\/instytutpolski.pl\/bratislava\/polstina\/studium-polonistiky\/","name":"\u0160t\u00fadium polonistiky na Slovensku - Instytut Polski w Bratys\u0142awie","isPartOf":{"@id":"https:\/\/instytutpolski.pl\/bratislava\/#website"},"primaryImageOfPage":{"@id":"https:\/\/instytutpolski.pl\/bratislava\/polstina\/studium-polonistiky\/#primaryimage"},"image":{"@id":"https:\/\/instytutpolski.pl\/bratislava\/polstina\/studium-polonistiky\/#primaryimage"},"thumbnailUrl":"https:\/\/instytutpolski.pl\/bratislava\/wp-content\/uploads\/sites\/13\/2019\/06\/studia-polonoznawcze.jpg","datePublished":"2019-06-27T10:31:27+00:00","dateModified":"2022-10-01T10:01:39+00:00","breadcrumb":{"@id":"https:\/\/instytutpolski.pl\/bratislava\/polstina\/studium-polonistiky\/#breadcrumb"},"inLanguage":"pl-PL","potentialAction":[{"@type":"ReadAction","target":["https:\/\/instytutpolski.pl\/bratislava\/polstina\/studium-polonistiky\/"]}]},{"@type":"ImageObject","inLanguage":"pl-PL","@id":"https:\/\/instytutpolski.pl\/bratislava\/polstina\/studium-polonistiky\/#primaryimage","url":"https:\/\/instytutpolski.pl\/bratislava\/wp-content\/uploads\/sites\/13\/2019\/06\/studia-polonoznawcze.jpg","contentUrl":"https:\/\/instytutpolski.pl\/bratislava\/wp-content\/uploads\/sites\/13\/2019\/06\/studia-polonoznawcze.jpg","width":1920,"height":700},{"@type":"BreadcrumbList","@id":"https:\/\/instytutpolski.pl\/bratislava\/polstina\/studium-polonistiky\/#breadcrumb","itemListElement":[{"@type":"ListItem","position":1,"name":"Home","item":"https:\/\/instytutpolski.pl\/bratislava\/"},{"@type":"ListItem","position":2,"name":"Po\u013e\u0161tina","item":"https:\/\/instytutpolski.pl\/bratislava\/polstina\/"},{"@type":"ListItem","position":3,"name":"\u0160t\u00fadium polonistiky na Slovensku"}]},{"@type":"WebSite","@id":"https:\/\/instytutpolski.pl\/bratislava\/#website","url":"https:\/\/instytutpolski.pl\/bratislava\/","name":"Instytut Polski w Bratys\u0142awie","description":"Instytuty Polskie","potentialAction":[{"@type":"SearchAction","target":{"@type":"EntryPoint","urlTemplate":"https:\/\/instytutpolski.pl\/bratislava\/?s={search_term_string}"},"query-input":{"@type":"PropertyValueSpecification","valueRequired":true,"valueName":"search_term_string"}}],"inLanguage":"pl-PL"}]}},"_links":{"self":[{"href":"https:\/\/instytutpolski.pl\/bratislava\/wp-json\/wp\/v2\/pages\/634","targetHints":{"allow":["GET"]}}],"collection":[{"href":"https:\/\/instytutpolski.pl\/bratislava\/wp-json\/wp\/v2\/pages"}],"about":[{"href":"https:\/\/instytutpolski.pl\/bratislava\/wp-json\/wp\/v2\/types\/page"}],"author":[{"embeddable":true,"href":"https:\/\/instytutpolski.pl\/bratislava\/wp-json\/wp\/v2\/users\/1"}],"replies":[{"embeddable":true,"href":"https:\/\/instytutpolski.pl\/bratislava\/wp-json\/wp\/v2\/comments?post=634"}],"version-history":[{"count":5,"href":"https:\/\/instytutpolski.pl\/bratislava\/wp-json\/wp\/v2\/pages\/634\/revisions"}],"predecessor-version":[{"id":5305,"href":"https:\/\/instytutpolski.pl\/bratislava\/wp-json\/wp\/v2\/pages\/634\/revisions\/5305"}],"up":[{"embeddable":true,"href":"https:\/\/instytutpolski.pl\/bratislava\/wp-json\/wp\/v2\/pages\/610"}],"wp:featuredmedia":[{"embeddable":true,"href":"https:\/\/instytutpolski.pl\/bratislava\/wp-json\/wp\/v2\/media\/635"}],"wp:attachment":[{"href":"https:\/\/instytutpolski.pl\/bratislava\/wp-json\/wp\/v2\/media?parent=634"}],"curies":[{"name":"wp","href":"https:\/\/api.w.org\/{rel}","templated":true}]}}