{"id":638,"date":"2019-06-27T12:31:27","date_gmt":"2019-06-27T10:31:27","guid":{"rendered":"https:\/\/instytutpolski.pl\/bratyslawa\/?page_id=638"},"modified":"2022-10-01T12:01:32","modified_gmt":"2022-10-01T10:01:32","slug":"studia-polonoznawcze","status":"publish","type":"page","link":"https:\/\/instytutpolski.pl\/bratislava\/pl\/studiuj-w-polsce\/studia-polonoznawcze\/","title":{"rendered":"Studia polonistyczne na S\u0142owacji"},"content":{"rendered":"\n<p>J\u0119zyk polski mo\u017cesz studiowa\u0107 na nast\u0119puj\u0105cych s\u0142owackich uczelniach:<\/p>\n\n\n\n<p><strong>Katedra Filologii S\u0142owia\u0144skich, Wydzia\u0142 Filozoficzny, Uniwersytet Kome\u0144skiego w Bratys\u0142awie<\/strong><br><em>Studia \u015brodkowoeuropejskie<\/em><br><a href=\"https:\/\/fphil.uniba.sk\/katedry-a-odborne-pracoviska\/katedra-slovanskych-filologii\/\">fphil.uniba.sk\/katedry-a-odborne-pracoviska\/katedra-slovanskych-filologii<\/a><\/p>\n\n\n\n<p><strong>Instytut Studi\u00f3w \u015arodkowoeuropejskich, Wydzia\u0142 Filozoficzny, Uniwersytet Preszowski w Preszowie<\/strong><br><em>Studia \u015brodkowoeuropejskie<\/em><br><a href=\"http:\/\/unipo.sk\/filozoficka-fakulta\/instituty-fakulty\/iss\">unipo.sk\/filozoficka-fakulta\/instituty-fakulty\/iss<\/a><\/p>\n\n\n\n<p><strong>Katedra J\u0119zyk\u00f3w S\u0142owia\u0144skich, Wydzia\u0142 Filozoficzny, Uniwersytet Mateja Bela w Ba\u0144skiej Bystrzycy<br><\/strong><em>Polonistyka<\/em><br><a href=\"https:\/\/www.ff.umb.sk\/katedry\/katedra-slovanskych-jazykov\/polonistika\/\">ff.umb.sk\/katedry\/katedra-slovanskych-jazykov\/polonistika<\/a><\/p>\n\n\n\n<p><strong>Katedra J\u0119zyk\u00f3w i Kultur \u015arodkowoeuropejskich, Wydzia\u0142 Studi\u00f3w \u015arodkowoeuropejskich, Uniwersytet Konstantyna Filozofa w Nitrze<br><\/strong><em>Lektorat j\u0119zyka polskiego<br><\/em><a href=\"http:\/\/usjk.fss.ukf.sk\">usjk.fss.ukf.sk<\/a><\/p>\n","protected":false},"excerpt":{"rendered":"<p>J\u0119zyk polski mo\u017cesz studiowa\u0107 na nast\u0119puj\u0105cych s\u0142owackich uczelniach: Katedra Filologii S\u0142owia\u0144skich, Wydzia\u0142 Filozoficzny, Uniwersytet Kome\u0144skiego w Bratys\u0142awieStudia \u015brodkowoeuropejskiefphil.uniba.sk\/katedry-a-odborne-pracoviska\/katedra-slovanskych-filologii Instytut Studi\u00f3w \u015arodkowoeuropejskich, Wydzia\u0142 Filozoficzny, Uniwersytet Preszowski w PreszowieStudia \u015brodkowoeuropejskieunipo.sk\/filozoficka-fakulta\/instituty-fakulty\/iss Katedra J\u0119zyk\u00f3w S\u0142owia\u0144skich, Wydzia\u0142 Filozoficzny, Uniwersytet Mateja Bela w Ba\u0144skiej BystrzycyPolonistykaff.umb.sk\/katedry\/katedra-slovanskych-jazykov\/polonistika Katedra J\u0119zyk\u00f3w i Kultur \u015arodkowoeuropejskich, Wydzia\u0142 Studi\u00f3w \u015arodkowoeuropejskich, Uniwersytet Konstantyna Filozofa w NitrzeLektorat j\u0119zyka polskiegousjk.fss.ukf.sk<\/p>\n","protected":false},"author":1,"featured_media":635,"parent":614,"menu_order":0,"comment_status":"closed","ping_status":"closed","template":"","meta":{"inline_featured_image":false,"_monsterinsights_skip_tracking":false,"_monsterinsights_sitenote_active":false,"_monsterinsights_sitenote_note":"","_monsterinsights_sitenote_category":0,"footnotes":""},"class_list":["post-638","page","type-page","status-publish","has-post-thumbnail","hentry"],"yoast_head":"<!-- This site is optimized with the Yoast SEO plugin v24.6 - https:\/\/yoast.com\/wordpress\/plugins\/seo\/ -->\n<title>Studia polonistyczne na S\u0142owacji - Instytut Polski w Bratys\u0142awie<\/title>\n<meta name=\"robots\" content=\"index, follow, max-snippet:-1, max-image-preview:large, max-video-preview:-1\" \/>\n<link rel=\"canonical\" href=\"https:\/\/instytutpolski.pl\/bratislava\/pl\/studiuj-w-polsce\/studia-polonoznawcze\/\" \/>\n<meta property=\"og:locale\" content=\"pl_PL\" \/>\n<meta property=\"og:type\" content=\"article\" \/>\n<meta property=\"og:title\" content=\"Studia polonistyczne na S\u0142owacji - Instytut Polski w Bratys\u0142awie\" \/>\n<meta property=\"og:description\" content=\"J\u0119zyk polski mo\u017cesz studiowa\u0107 na nast\u0119puj\u0105cych s\u0142owackich uczelniach: Katedra Filologii S\u0142owia\u0144skich, Wydzia\u0142 Filozoficzny, Uniwersytet Kome\u0144skiego w Bratys\u0142awieStudia \u015brodkowoeuropejskiefphil.uniba.sk\/katedry-a-odborne-pracoviska\/katedra-slovanskych-filologii Instytut Studi\u00f3w \u015arodkowoeuropejskich, Wydzia\u0142 Filozoficzny, Uniwersytet Preszowski w PreszowieStudia \u015brodkowoeuropejskieunipo.sk\/filozoficka-fakulta\/instituty-fakulty\/iss Katedra J\u0119zyk\u00f3w S\u0142owia\u0144skich, Wydzia\u0142 Filozoficzny, Uniwersytet Mateja Bela w Ba\u0144skiej BystrzycyPolonistykaff.umb.sk\/katedry\/katedra-slovanskych-jazykov\/polonistika Katedra J\u0119zyk\u00f3w i Kultur \u015arodkowoeuropejskich, Wydzia\u0142 Studi\u00f3w \u015arodkowoeuropejskich, Uniwersytet Konstantyna Filozofa w NitrzeLektorat j\u0119zyka polskiegousjk.fss.ukf.sk\" \/>\n<meta property=\"og:url\" content=\"https:\/\/instytutpolski.pl\/bratislava\/pl\/studiuj-w-polsce\/studia-polonoznawcze\/\" \/>\n<meta property=\"og:site_name\" content=\"Instytut Polski w Bratys\u0142awie\" \/>\n<meta property=\"article:modified_time\" content=\"2022-10-01T10:01:32+00:00\" \/>\n<meta property=\"og:image\" content=\"https:\/\/instytutpolski.pl\/bratislava\/wp-content\/uploads\/sites\/13\/2019\/06\/studia-polonoznawcze.jpg\" \/>\n\t<meta property=\"og:image:width\" content=\"1920\" \/>\n\t<meta property=\"og:image:height\" content=\"700\" \/>\n\t<meta property=\"og:image:type\" content=\"image\/jpeg\" \/>\n<meta name=\"twitter:card\" content=\"summary_large_image\" \/>\n<meta name=\"twitter:label1\" content=\"Szacowany czas czytania\" \/>\n\t<meta name=\"twitter:data1\" content=\"1 minuta\" \/>\n<script type=\"application\/ld+json\" class=\"yoast-schema-graph\">{\"@context\":\"https:\/\/schema.org\",\"@graph\":[{\"@type\":\"WebPage\",\"@id\":\"https:\/\/instytutpolski.pl\/bratislava\/pl\/studiuj-w-polsce\/studia-polonoznawcze\/\",\"url\":\"https:\/\/instytutpolski.pl\/bratislava\/pl\/studiuj-w-polsce\/studia-polonoznawcze\/\",\"name\":\"Studia polonistyczne na S\u0142owacji - Instytut Polski w Bratys\u0142awie\",\"isPartOf\":{\"@id\":\"https:\/\/instytutpolski.pl\/bratislava\/#website\"},\"primaryImageOfPage\":{\"@id\":\"https:\/\/instytutpolski.pl\/bratislava\/pl\/studiuj-w-polsce\/studia-polonoznawcze\/#primaryimage\"},\"image\":{\"@id\":\"https:\/\/instytutpolski.pl\/bratislava\/pl\/studiuj-w-polsce\/studia-polonoznawcze\/#primaryimage\"},\"thumbnailUrl\":\"https:\/\/instytutpolski.pl\/bratislava\/wp-content\/uploads\/sites\/13\/2019\/06\/studia-polonoznawcze.jpg\",\"datePublished\":\"2019-06-27T10:31:27+00:00\",\"dateModified\":\"2022-10-01T10:01:32+00:00\",\"breadcrumb\":{\"@id\":\"https:\/\/instytutpolski.pl\/bratislava\/pl\/studiuj-w-polsce\/studia-polonoznawcze\/#breadcrumb\"},\"inLanguage\":\"pl-PL\",\"potentialAction\":[{\"@type\":\"ReadAction\",\"target\":[\"https:\/\/instytutpolski.pl\/bratislava\/pl\/studiuj-w-polsce\/studia-polonoznawcze\/\"]}]},{\"@type\":\"ImageObject\",\"inLanguage\":\"pl-PL\",\"@id\":\"https:\/\/instytutpolski.pl\/bratislava\/pl\/studiuj-w-polsce\/studia-polonoznawcze\/#primaryimage\",\"url\":\"https:\/\/instytutpolski.pl\/bratislava\/wp-content\/uploads\/sites\/13\/2019\/06\/studia-polonoznawcze.jpg\",\"contentUrl\":\"https:\/\/instytutpolski.pl\/bratislava\/wp-content\/uploads\/sites\/13\/2019\/06\/studia-polonoznawcze.jpg\",\"width\":1920,\"height\":700},{\"@type\":\"BreadcrumbList\",\"@id\":\"https:\/\/instytutpolski.pl\/bratislava\/pl\/studiuj-w-polsce\/studia-polonoznawcze\/#breadcrumb\",\"itemListElement\":[{\"@type\":\"ListItem\",\"position\":1,\"name\":\"Home\",\"item\":\"https:\/\/instytutpolski.pl\/bratislava\/\"},{\"@type\":\"ListItem\",\"position\":2,\"name\":\"J\u0119zyk polski\",\"item\":\"https:\/\/instytutpolski.pl\/bratislava\/pl\/studiuj-w-polsce\/\"},{\"@type\":\"ListItem\",\"position\":3,\"name\":\"Studia polonistyczne na S\u0142owacji\"}]},{\"@type\":\"WebSite\",\"@id\":\"https:\/\/instytutpolski.pl\/bratislava\/#website\",\"url\":\"https:\/\/instytutpolski.pl\/bratislava\/\",\"name\":\"Instytut Polski w Bratys\u0142awie\",\"description\":\"Instytuty Polskie\",\"potentialAction\":[{\"@type\":\"SearchAction\",\"target\":{\"@type\":\"EntryPoint\",\"urlTemplate\":\"https:\/\/instytutpolski.pl\/bratislava\/?s={search_term_string}\"},\"query-input\":{\"@type\":\"PropertyValueSpecification\",\"valueRequired\":true,\"valueName\":\"search_term_string\"}}],\"inLanguage\":\"pl-PL\"}]}<\/script>\n<!-- \/ Yoast SEO plugin. -->","yoast_head_json":{"title":"Studia polonistyczne na S\u0142owacji - Instytut Polski w Bratys\u0142awie","robots":{"index":"index","follow":"follow","max-snippet":"max-snippet:-1","max-image-preview":"max-image-preview:large","max-video-preview":"max-video-preview:-1"},"canonical":"https:\/\/instytutpolski.pl\/bratislava\/pl\/studiuj-w-polsce\/studia-polonoznawcze\/","og_locale":"pl_PL","og_type":"article","og_title":"Studia polonistyczne na S\u0142owacji - Instytut Polski w Bratys\u0142awie","og_description":"J\u0119zyk polski mo\u017cesz studiowa\u0107 na nast\u0119puj\u0105cych s\u0142owackich uczelniach: Katedra Filologii S\u0142owia\u0144skich, Wydzia\u0142 Filozoficzny, Uniwersytet Kome\u0144skiego w Bratys\u0142awieStudia \u015brodkowoeuropejskiefphil.uniba.sk\/katedry-a-odborne-pracoviska\/katedra-slovanskych-filologii Instytut Studi\u00f3w \u015arodkowoeuropejskich, Wydzia\u0142 Filozoficzny, Uniwersytet Preszowski w PreszowieStudia \u015brodkowoeuropejskieunipo.sk\/filozoficka-fakulta\/instituty-fakulty\/iss Katedra J\u0119zyk\u00f3w S\u0142owia\u0144skich, Wydzia\u0142 Filozoficzny, Uniwersytet Mateja Bela w Ba\u0144skiej BystrzycyPolonistykaff.umb.sk\/katedry\/katedra-slovanskych-jazykov\/polonistika Katedra J\u0119zyk\u00f3w i Kultur \u015arodkowoeuropejskich, Wydzia\u0142 Studi\u00f3w \u015arodkowoeuropejskich, Uniwersytet Konstantyna Filozofa w NitrzeLektorat j\u0119zyka polskiegousjk.fss.ukf.sk","og_url":"https:\/\/instytutpolski.pl\/bratislava\/pl\/studiuj-w-polsce\/studia-polonoznawcze\/","og_site_name":"Instytut Polski w Bratys\u0142awie","article_modified_time":"2022-10-01T10:01:32+00:00","og_image":[{"width":1920,"height":700,"url":"https:\/\/instytutpolski.pl\/bratislava\/wp-content\/uploads\/sites\/13\/2019\/06\/studia-polonoznawcze.jpg","type":"image\/jpeg"}],"twitter_card":"summary_large_image","twitter_misc":{"Szacowany czas czytania":"1 minuta"},"schema":{"@context":"https:\/\/schema.org","@graph":[{"@type":"WebPage","@id":"https:\/\/instytutpolski.pl\/bratislava\/pl\/studiuj-w-polsce\/studia-polonoznawcze\/","url":"https:\/\/instytutpolski.pl\/bratislava\/pl\/studiuj-w-polsce\/studia-polonoznawcze\/","name":"Studia polonistyczne na S\u0142owacji - Instytut Polski w Bratys\u0142awie","isPartOf":{"@id":"https:\/\/instytutpolski.pl\/bratislava\/#website"},"primaryImageOfPage":{"@id":"https:\/\/instytutpolski.pl\/bratislava\/pl\/studiuj-w-polsce\/studia-polonoznawcze\/#primaryimage"},"image":{"@id":"https:\/\/instytutpolski.pl\/bratislava\/pl\/studiuj-w-polsce\/studia-polonoznawcze\/#primaryimage"},"thumbnailUrl":"https:\/\/instytutpolski.pl\/bratislava\/wp-content\/uploads\/sites\/13\/2019\/06\/studia-polonoznawcze.jpg","datePublished":"2019-06-27T10:31:27+00:00","dateModified":"2022-10-01T10:01:32+00:00","breadcrumb":{"@id":"https:\/\/instytutpolski.pl\/bratislava\/pl\/studiuj-w-polsce\/studia-polonoznawcze\/#breadcrumb"},"inLanguage":"pl-PL","potentialAction":[{"@type":"ReadAction","target":["https:\/\/instytutpolski.pl\/bratislava\/pl\/studiuj-w-polsce\/studia-polonoznawcze\/"]}]},{"@type":"ImageObject","inLanguage":"pl-PL","@id":"https:\/\/instytutpolski.pl\/bratislava\/pl\/studiuj-w-polsce\/studia-polonoznawcze\/#primaryimage","url":"https:\/\/instytutpolski.pl\/bratislava\/wp-content\/uploads\/sites\/13\/2019\/06\/studia-polonoznawcze.jpg","contentUrl":"https:\/\/instytutpolski.pl\/bratislava\/wp-content\/uploads\/sites\/13\/2019\/06\/studia-polonoznawcze.jpg","width":1920,"height":700},{"@type":"BreadcrumbList","@id":"https:\/\/instytutpolski.pl\/bratislava\/pl\/studiuj-w-polsce\/studia-polonoznawcze\/#breadcrumb","itemListElement":[{"@type":"ListItem","position":1,"name":"Home","item":"https:\/\/instytutpolski.pl\/bratislava\/"},{"@type":"ListItem","position":2,"name":"J\u0119zyk polski","item":"https:\/\/instytutpolski.pl\/bratislava\/pl\/studiuj-w-polsce\/"},{"@type":"ListItem","position":3,"name":"Studia polonistyczne na S\u0142owacji"}]},{"@type":"WebSite","@id":"https:\/\/instytutpolski.pl\/bratislava\/#website","url":"https:\/\/instytutpolski.pl\/bratislava\/","name":"Instytut Polski w Bratys\u0142awie","description":"Instytuty Polskie","potentialAction":[{"@type":"SearchAction","target":{"@type":"EntryPoint","urlTemplate":"https:\/\/instytutpolski.pl\/bratislava\/?s={search_term_string}"},"query-input":{"@type":"PropertyValueSpecification","valueRequired":true,"valueName":"search_term_string"}}],"inLanguage":"pl-PL"}]}},"_links":{"self":[{"href":"https:\/\/instytutpolski.pl\/bratislava\/wp-json\/wp\/v2\/pages\/638","targetHints":{"allow":["GET"]}}],"collection":[{"href":"https:\/\/instytutpolski.pl\/bratislava\/wp-json\/wp\/v2\/pages"}],"about":[{"href":"https:\/\/instytutpolski.pl\/bratislava\/wp-json\/wp\/v2\/types\/page"}],"author":[{"embeddable":true,"href":"https:\/\/instytutpolski.pl\/bratislava\/wp-json\/wp\/v2\/users\/1"}],"replies":[{"embeddable":true,"href":"https:\/\/instytutpolski.pl\/bratislava\/wp-json\/wp\/v2\/comments?post=638"}],"version-history":[{"count":3,"href":"https:\/\/instytutpolski.pl\/bratislava\/wp-json\/wp\/v2\/pages\/638\/revisions"}],"predecessor-version":[{"id":5304,"href":"https:\/\/instytutpolski.pl\/bratislava\/wp-json\/wp\/v2\/pages\/638\/revisions\/5304"}],"up":[{"embeddable":true,"href":"https:\/\/instytutpolski.pl\/bratislava\/wp-json\/wp\/v2\/pages\/614"}],"wp:featuredmedia":[{"embeddable":true,"href":"https:\/\/instytutpolski.pl\/bratislava\/wp-json\/wp\/v2\/media\/635"}],"wp:attachment":[{"href":"https:\/\/instytutpolski.pl\/bratislava\/wp-json\/wp\/v2\/media?parent=638"}],"curies":[{"name":"wp","href":"https:\/\/api.w.org\/{rel}","templated":true}]}}