{"id":650,"date":"2019-06-27T12:43:54","date_gmt":"2019-06-27T10:43:54","guid":{"rendered":"https:\/\/instytutpolski.pl\/bratyslawa\/?page_id=650"},"modified":"2022-09-28T14:44:31","modified_gmt":"2022-09-28T12:44:31","slug":"o-polskom-institute","status":"publish","type":"page","link":"https:\/\/instytutpolski.pl\/bratislava\/o-polskom-institute\/","title":{"rendered":"O Po\u013eskom in\u0161tit\u00fate"},"content":{"rendered":"\n<p>Po\u013esk\u00fd in\u0161tit\u00fat bol otvoren\u00fd v septembri 1950 a mal n\u00e1zov Nov\u00e9 Po\u013esko. Od roku 1982 fungoval ako Po\u013esk\u00e9 informa\u010dn\u00e9 a kult\u00farne stredisko a od 9. febru\u00e1ra 1994 existuje ako Po\u013esk\u00fd in\u0161tit\u00fat. U\u017e od roku 1953 s\u00eddli na tej istej adrese na N\u00e1m. SNP. \u00dalohou in\u0161tit\u00fatu je \u0161\u00edrenie inform\u00e1ci\u00ed o Po\u013esku, populariz\u00e1cia v\u00fdsledkov po\u013eskej kult\u00fary, umenia a vedy, podporovanie spolupr\u00e1ce medzi Po\u013eskom a Slovenskom v oblasti kult\u00fary, vedy a \u0161kolstva, prehlbovanie priate\u013esk\u00fdch po\u013esko-slovensk\u00fdch vz\u0165ahov. \u0164a\u017eiskovou programovou formou realiz\u00e1cie cie\u013eov s\u00fa v\u00fdstavy v&nbsp;na\u0161ej gal\u00e9rii \u2013 asi 12 expoz\u00edci\u00ed ro\u010dne. Organizuj\u00fa sa aj in\u00e9 podujatia: koncerty, predn\u00e1\u0161ky, projekcie filmov, autorsk\u00e9 stretnutia, poetick\u00e9 ve\u010dery, prezent\u00e1cie kn\u00edh, vedeck\u00e9 semin\u00e1re, stretnutia liter\u00e1tov, jazykovedcov a prekladate\u013eov po\u013eskej pr\u00f3zy a po\u00e9zie &#8211; ro\u010dne viac ako 180 podujat\u00ed. In\u0161tit\u00fat organizuje ro\u010dn\u00e9 kurzy po\u013esk\u00e9ho jazyka, na ktor\u00e9 sa ka\u017ed\u00fd rok hl\u00e1si pribli\u017ene 50-60 os\u00f4b. In\u0161tit\u00fat udr\u017eiava kontakty s viacer\u00fdmi kult\u00farnymi in\u0161tit\u00faciami a tvoriv\u00fdmi zv\u00e4zmi, s ktor\u00fdmi \u010dasto organizuje spolo\u010dn\u00e9 podujatia. Z\u00e1ujemcov o po\u013esk\u00fa tla\u010d a knihu iste uspokoj\u00ed zbierka vy\u0161e 10 000 titulov kn\u00edh a 60 titulov \u010dasopisov.<\/p>\n\n\n\n<p>Po\u013esk\u00fd in\u0161tit\u00fat patr\u00ed medzi najakt\u00edvnej\u0161ie zahrani\u010dn\u00e9 kult\u00farne organiz\u00e1cie na Slovensku. Je \u010dlenom bratislavskej skupiny EUNIC (EU National Institutes for Culture). Drviv\u00e1 v\u00e4\u010d\u0161ina podujat\u00ed, na ktor\u00fdch sa z\u00fa\u010dast\u0148uj\u00fa po\u013esk\u00ed umelci alebo sa prezentuje po\u013esk\u00e1 kult\u00fara \u010di veda, sa kon\u00e1 s organiza\u010dno-finan\u010dnou pomocou in\u0161tit\u00fatu. Podujatia in\u0161tit\u00fatu sa nekonaj\u00fa len v Bratislave, ale aj v Ko\u0161iciach, \u017diline, Banskej Bystrici, Pre\u0161ove, Nitre, Leviciach a v in\u00fdch slovensk\u00fdch mest\u00e1ch.<\/p>\n","protected":false},"excerpt":{"rendered":"<p>Po\u013esk\u00fd in\u0161tit\u00fat bol otvoren\u00fd v septembri 1950 a mal n\u00e1zov Nov\u00e9 Po\u013esko. Od roku 1982 fungoval ako Po\u013esk\u00e9 informa\u010dn\u00e9 a kult\u00farne stredisko a od 9. febru\u00e1ra 1994 existuje ako Po\u013esk\u00fd in\u0161tit\u00fat. U\u017e od roku 1953 s\u00eddli na tej istej adrese na N\u00e1m. SNP. \u00dalohou in\u0161tit\u00fatu je \u0161\u00edrenie inform\u00e1ci\u00ed o Po\u013esku, populariz\u00e1cia v\u00fdsledkov po\u013eskej kult\u00fary, umenia [&hellip;]<\/p>\n","protected":false},"author":1,"featured_media":5274,"parent":0,"menu_order":0,"comment_status":"closed","ping_status":"closed","template":"page-big-event.php","meta":{"inline_featured_image":false,"_monsterinsights_skip_tracking":false,"_monsterinsights_sitenote_active":false,"_monsterinsights_sitenote_note":"","_monsterinsights_sitenote_category":0,"footnotes":""},"class_list":["post-650","page","type-page","status-publish","has-post-thumbnail","hentry"],"yoast_head":"<!-- This site is optimized with the Yoast SEO plugin v24.6 - https:\/\/yoast.com\/wordpress\/plugins\/seo\/ -->\n<title>O Po\u013eskom in\u0161tit\u00fate - Instytut Polski w Bratys\u0142awie<\/title>\n<meta name=\"robots\" content=\"index, follow, max-snippet:-1, max-image-preview:large, max-video-preview:-1\" \/>\n<link rel=\"canonical\" href=\"https:\/\/instytutpolski.pl\/bratislava\/o-polskom-institute\/\" \/>\n<meta property=\"og:locale\" content=\"pl_PL\" \/>\n<meta property=\"og:type\" content=\"article\" \/>\n<meta property=\"og:title\" content=\"O Po\u013eskom in\u0161tit\u00fate - Instytut Polski w Bratys\u0142awie\" \/>\n<meta property=\"og:description\" content=\"Po\u013esk\u00fd in\u0161tit\u00fat bol otvoren\u00fd v septembri 1950 a mal n\u00e1zov Nov\u00e9 Po\u013esko. Od roku 1982 fungoval ako Po\u013esk\u00e9 informa\u010dn\u00e9 a kult\u00farne stredisko a od 9. febru\u00e1ra 1994 existuje ako Po\u013esk\u00fd in\u0161tit\u00fat. U\u017e od roku 1953 s\u00eddli na tej istej adrese na N\u00e1m. SNP. \u00dalohou in\u0161tit\u00fatu je \u0161\u00edrenie inform\u00e1ci\u00ed o Po\u013esku, populariz\u00e1cia v\u00fdsledkov po\u013eskej kult\u00fary, umenia [&hellip;]\" \/>\n<meta property=\"og:url\" content=\"https:\/\/instytutpolski.pl\/bratislava\/o-polskom-institute\/\" \/>\n<meta property=\"og:site_name\" content=\"Instytut Polski w Bratys\u0142awie\" \/>\n<meta property=\"article:modified_time\" content=\"2022-09-28T12:44:31+00:00\" \/>\n<meta property=\"og:image\" content=\"https:\/\/instytutpolski.pl\/bratislava\/wp-content\/uploads\/sites\/13\/2022\/09\/IPB-1024x528.png\" \/>\n\t<meta property=\"og:image:width\" content=\"1024\" \/>\n\t<meta property=\"og:image:height\" content=\"528\" \/>\n\t<meta property=\"og:image:type\" content=\"image\/png\" \/>\n<meta name=\"twitter:card\" content=\"summary_large_image\" \/>\n<meta name=\"twitter:label1\" content=\"Szacowany czas czytania\" \/>\n\t<meta name=\"twitter:data1\" content=\"2 minuty\" \/>\n<script type=\"application\/ld+json\" class=\"yoast-schema-graph\">{\"@context\":\"https:\/\/schema.org\",\"@graph\":[{\"@type\":\"WebPage\",\"@id\":\"https:\/\/instytutpolski.pl\/bratislava\/o-polskom-institute\/\",\"url\":\"https:\/\/instytutpolski.pl\/bratislava\/o-polskom-institute\/\",\"name\":\"O Po\u013eskom in\u0161tit\u00fate - Instytut Polski w Bratys\u0142awie\",\"isPartOf\":{\"@id\":\"https:\/\/instytutpolski.pl\/bratislava\/#website\"},\"primaryImageOfPage\":{\"@id\":\"https:\/\/instytutpolski.pl\/bratislava\/o-polskom-institute\/#primaryimage\"},\"image\":{\"@id\":\"https:\/\/instytutpolski.pl\/bratislava\/o-polskom-institute\/#primaryimage\"},\"thumbnailUrl\":\"https:\/\/instytutpolski.pl\/bratislava\/wp-content\/uploads\/sites\/13\/2022\/09\/IPB.png\",\"datePublished\":\"2019-06-27T10:43:54+00:00\",\"dateModified\":\"2022-09-28T12:44:31+00:00\",\"breadcrumb\":{\"@id\":\"https:\/\/instytutpolski.pl\/bratislava\/o-polskom-institute\/#breadcrumb\"},\"inLanguage\":\"pl-PL\",\"potentialAction\":[{\"@type\":\"ReadAction\",\"target\":[\"https:\/\/instytutpolski.pl\/bratislava\/o-polskom-institute\/\"]}]},{\"@type\":\"ImageObject\",\"inLanguage\":\"pl-PL\",\"@id\":\"https:\/\/instytutpolski.pl\/bratislava\/o-polskom-institute\/#primaryimage\",\"url\":\"https:\/\/instytutpolski.pl\/bratislava\/wp-content\/uploads\/sites\/13\/2022\/09\/IPB.png\",\"contentUrl\":\"https:\/\/instytutpolski.pl\/bratislava\/wp-content\/uploads\/sites\/13\/2022\/09\/IPB.png\",\"width\":3840,\"height\":1981},{\"@type\":\"BreadcrumbList\",\"@id\":\"https:\/\/instytutpolski.pl\/bratislava\/o-polskom-institute\/#breadcrumb\",\"itemListElement\":[{\"@type\":\"ListItem\",\"position\":1,\"name\":\"Home\",\"item\":\"https:\/\/instytutpolski.pl\/bratislava\/\"},{\"@type\":\"ListItem\",\"position\":2,\"name\":\"O Po\u013eskom in\u0161tit\u00fate\"}]},{\"@type\":\"WebSite\",\"@id\":\"https:\/\/instytutpolski.pl\/bratislava\/#website\",\"url\":\"https:\/\/instytutpolski.pl\/bratislava\/\",\"name\":\"Instytut Polski w Bratys\u0142awie\",\"description\":\"Instytuty Polskie\",\"potentialAction\":[{\"@type\":\"SearchAction\",\"target\":{\"@type\":\"EntryPoint\",\"urlTemplate\":\"https:\/\/instytutpolski.pl\/bratislava\/?s={search_term_string}\"},\"query-input\":{\"@type\":\"PropertyValueSpecification\",\"valueRequired\":true,\"valueName\":\"search_term_string\"}}],\"inLanguage\":\"pl-PL\"}]}<\/script>\n<!-- \/ Yoast SEO plugin. -->","yoast_head_json":{"title":"O Po\u013eskom in\u0161tit\u00fate - Instytut Polski w Bratys\u0142awie","robots":{"index":"index","follow":"follow","max-snippet":"max-snippet:-1","max-image-preview":"max-image-preview:large","max-video-preview":"max-video-preview:-1"},"canonical":"https:\/\/instytutpolski.pl\/bratislava\/o-polskom-institute\/","og_locale":"pl_PL","og_type":"article","og_title":"O Po\u013eskom in\u0161tit\u00fate - Instytut Polski w Bratys\u0142awie","og_description":"Po\u013esk\u00fd in\u0161tit\u00fat bol otvoren\u00fd v septembri 1950 a mal n\u00e1zov Nov\u00e9 Po\u013esko. Od roku 1982 fungoval ako Po\u013esk\u00e9 informa\u010dn\u00e9 a kult\u00farne stredisko a od 9. febru\u00e1ra 1994 existuje ako Po\u013esk\u00fd in\u0161tit\u00fat. U\u017e od roku 1953 s\u00eddli na tej istej adrese na N\u00e1m. SNP. \u00dalohou in\u0161tit\u00fatu je \u0161\u00edrenie inform\u00e1ci\u00ed o Po\u013esku, populariz\u00e1cia v\u00fdsledkov po\u013eskej kult\u00fary, umenia [&hellip;]","og_url":"https:\/\/instytutpolski.pl\/bratislava\/o-polskom-institute\/","og_site_name":"Instytut Polski w Bratys\u0142awie","article_modified_time":"2022-09-28T12:44:31+00:00","og_image":[{"width":1024,"height":528,"url":"https:\/\/instytutpolski.pl\/bratislava\/wp-content\/uploads\/sites\/13\/2022\/09\/IPB-1024x528.png","type":"image\/png"}],"twitter_card":"summary_large_image","twitter_misc":{"Szacowany czas czytania":"2 minuty"},"schema":{"@context":"https:\/\/schema.org","@graph":[{"@type":"WebPage","@id":"https:\/\/instytutpolski.pl\/bratislava\/o-polskom-institute\/","url":"https:\/\/instytutpolski.pl\/bratislava\/o-polskom-institute\/","name":"O Po\u013eskom in\u0161tit\u00fate - Instytut Polski w Bratys\u0142awie","isPartOf":{"@id":"https:\/\/instytutpolski.pl\/bratislava\/#website"},"primaryImageOfPage":{"@id":"https:\/\/instytutpolski.pl\/bratislava\/o-polskom-institute\/#primaryimage"},"image":{"@id":"https:\/\/instytutpolski.pl\/bratislava\/o-polskom-institute\/#primaryimage"},"thumbnailUrl":"https:\/\/instytutpolski.pl\/bratislava\/wp-content\/uploads\/sites\/13\/2022\/09\/IPB.png","datePublished":"2019-06-27T10:43:54+00:00","dateModified":"2022-09-28T12:44:31+00:00","breadcrumb":{"@id":"https:\/\/instytutpolski.pl\/bratislava\/o-polskom-institute\/#breadcrumb"},"inLanguage":"pl-PL","potentialAction":[{"@type":"ReadAction","target":["https:\/\/instytutpolski.pl\/bratislava\/o-polskom-institute\/"]}]},{"@type":"ImageObject","inLanguage":"pl-PL","@id":"https:\/\/instytutpolski.pl\/bratislava\/o-polskom-institute\/#primaryimage","url":"https:\/\/instytutpolski.pl\/bratislava\/wp-content\/uploads\/sites\/13\/2022\/09\/IPB.png","contentUrl":"https:\/\/instytutpolski.pl\/bratislava\/wp-content\/uploads\/sites\/13\/2022\/09\/IPB.png","width":3840,"height":1981},{"@type":"BreadcrumbList","@id":"https:\/\/instytutpolski.pl\/bratislava\/o-polskom-institute\/#breadcrumb","itemListElement":[{"@type":"ListItem","position":1,"name":"Home","item":"https:\/\/instytutpolski.pl\/bratislava\/"},{"@type":"ListItem","position":2,"name":"O Po\u013eskom in\u0161tit\u00fate"}]},{"@type":"WebSite","@id":"https:\/\/instytutpolski.pl\/bratislava\/#website","url":"https:\/\/instytutpolski.pl\/bratislava\/","name":"Instytut Polski w Bratys\u0142awie","description":"Instytuty Polskie","potentialAction":[{"@type":"SearchAction","target":{"@type":"EntryPoint","urlTemplate":"https:\/\/instytutpolski.pl\/bratislava\/?s={search_term_string}"},"query-input":{"@type":"PropertyValueSpecification","valueRequired":true,"valueName":"search_term_string"}}],"inLanguage":"pl-PL"}]}},"_links":{"self":[{"href":"https:\/\/instytutpolski.pl\/bratislava\/wp-json\/wp\/v2\/pages\/650","targetHints":{"allow":["GET"]}}],"collection":[{"href":"https:\/\/instytutpolski.pl\/bratislava\/wp-json\/wp\/v2\/pages"}],"about":[{"href":"https:\/\/instytutpolski.pl\/bratislava\/wp-json\/wp\/v2\/types\/page"}],"author":[{"embeddable":true,"href":"https:\/\/instytutpolski.pl\/bratislava\/wp-json\/wp\/v2\/users\/1"}],"replies":[{"embeddable":true,"href":"https:\/\/instytutpolski.pl\/bratislava\/wp-json\/wp\/v2\/comments?post=650"}],"version-history":[{"count":6,"href":"https:\/\/instytutpolski.pl\/bratislava\/wp-json\/wp\/v2\/pages\/650\/revisions"}],"predecessor-version":[{"id":5278,"href":"https:\/\/instytutpolski.pl\/bratislava\/wp-json\/wp\/v2\/pages\/650\/revisions\/5278"}],"wp:featuredmedia":[{"embeddable":true,"href":"https:\/\/instytutpolski.pl\/bratislava\/wp-json\/wp\/v2\/media\/5274"}],"wp:attachment":[{"href":"https:\/\/instytutpolski.pl\/bratislava\/wp-json\/wp\/v2\/media?parent=650"}],"curies":[{"name":"wp","href":"https:\/\/api.w.org\/{rel}","templated":true}]}}