{"id":653,"date":"2019-06-27T12:35:04","date_gmt":"2019-06-27T10:35:04","guid":{"rendered":"https:\/\/instytutpolski.pl\/bratyslawa\/?page_id=653"},"modified":"2024-11-26T12:26:13","modified_gmt":"2024-11-26T11:26:13","slug":"kontakt","status":"publish","type":"page","link":"https:\/\/instytutpolski.pl\/bratislava\/o-polskom-institute\/kontakt\/","title":{"rendered":"Kontakt"},"content":{"rendered":"\n<p><strong>Adresa:<\/strong><br>Po\u013esk\u00fd in\u0161tit\u00fat<br>N\u00e1m. SNP 27<br>P.O. Box 153<br>811 01 Bratislava<\/p>\n\n\n\n<p><strong>Internet:<\/strong><br>web: <a href=\"https:\/\/instytutpolski.pl\/bratislava\/\">https:\/\/instytutpolski.pl\/bratislava<\/a><br>mail:&nbsp;program.bratislava[@]instytutpolski.pl<br><br><strong>Telef\u00f3nne \u010d\u00edsla:<\/strong><br>sekretari\u00e1t: +421 910 273 881, +421 2 544 32 030<br>program: +421 2 544 32 014, +421 2 544 32 015<br>\u010dit\u00e1re\u0148: +421 2 544 32 088<br>ekonomick\u00fd \u00fasek: +421 2 544 32 089<br>fax: +421 2 544 32 016<\/p>\n\n\n\n<p><strong>Otv\u00e1racie hodiny:<\/strong><br>pon. 8.30\u201316.30, ut.\u2013\u0161tv. 9.00\u201317.00, pia. 8.00\u201316.00<br>Gal\u00e9ria: pon. 10.00\u201316.30, ut.\u2013\u0161tv. 10.00\u201317.00, pia. 9.00\u201315.00<br>\u010cit\u00e1re\u0148 a kni\u017enica: pon.\u2013\u0161tv. 10.00\u201316.00, pia. 10.00\u201315.00<\/p>\n\n\n\n<p><a href=\"https:\/\/instytutpolski.pl\/bratyslawa\/wp-content\/uploads\/sites\/13\/2019\/06\/Informcia-o-zsadch-prijmania-petci-sanost-a-nvrhov-v-Poskom-intitte-v-Bratislave.pdf\">Inform\u00e1cia o z\u00e1sad\u00e1ch prij\u00edmania pet\u00edci\u00ed, s\u0165a\u017enost\u00ed a n\u00e1vrhov v Po\u013eskom in\u0161tit\u00fate v Bratislave<\/a><\/p>\n\n\n\n<p><em>Mil\u00ed priatelia,<br>Po\u013esk\u00fd in\u0161tit\u00fat v Bratislave dost\u00e1va ve\u013ek\u00e9 mno\u017estvo n\u00e1vrhov kult\u00farnej spolupr\u00e1ce t\u00fdkaj\u00facich sa v\u00fdstav, koncertov a in\u00fdch podujat\u00ed. Za v\u0161etky n\u00e1vrhy \u010fakujeme a t\u00fdmto informujeme, \u017ee ich analyzujeme a uchov\u00e1vame. Ak sa naskytne mo\u017enos\u0165 zaradi\u0165 ich do programu Po\u013esk\u00e9ho in\u0161tit\u00fatu, pr\u00edslu\u0161n\u00fdch umelcov alebo in\u0161tit\u00facie budeme individu\u00e1lne kontaktova\u0165. N\u00e1vrhy, ktor\u00e9 boli doru\u010den\u00e9 bez n\u00e1\u0161ho podnetu, nekomentujeme a z\u00e1rove\u0148 z na\u0161ej strany tie\u017e neposielame nevy\u017eiadan\u00e9 propaga\u010dn\u00e9 materi\u00e1ly.<br>\u010eakujeme za pochopenie!<\/em><\/p>\n","protected":false},"excerpt":{"rendered":"<p>Adresa:Po\u013esk\u00fd in\u0161tit\u00fatN\u00e1m. SNP 27P.O. Box 153811 01 Bratislava Internet:web: https:\/\/instytutpolski.pl\/bratislavamail:&nbsp;program.bratislava[@]instytutpolski.pl Telef\u00f3nne \u010d\u00edsla:sekretari\u00e1t: +421 910 273 881, +421 2 544 32 030program: +421 2 544 32 014, +421 2 544 32 015\u010dit\u00e1re\u0148: +421 2 544 32 088ekonomick\u00fd \u00fasek: +421 2 544 32 089fax: +421 2 544 32 016 Otv\u00e1racie hodiny:pon. 8.30\u201316.30, ut.\u2013\u0161tv. 9.00\u201317.00, pia. 8.00\u201316.00Gal\u00e9ria: pon. [&hellip;]<\/p>\n","protected":false},"author":1,"featured_media":5279,"parent":650,"menu_order":0,"comment_status":"closed","ping_status":"closed","template":"page-big-event.php","meta":{"inline_featured_image":false,"_monsterinsights_skip_tracking":false,"_monsterinsights_sitenote_active":false,"_monsterinsights_sitenote_note":"","_monsterinsights_sitenote_category":0,"footnotes":""},"class_list":["post-653","page","type-page","status-publish","has-post-thumbnail","hentry"],"yoast_head":"<!-- This site is optimized with the Yoast SEO plugin v24.6 - https:\/\/yoast.com\/wordpress\/plugins\/seo\/ -->\n<title>Kontakt - Instytut Polski w Bratys\u0142awie<\/title>\n<meta name=\"robots\" content=\"index, follow, max-snippet:-1, max-image-preview:large, max-video-preview:-1\" \/>\n<link rel=\"canonical\" href=\"https:\/\/instytutpolski.pl\/bratislava\/o-polskom-institute\/kontakt\/\" \/>\n<meta property=\"og:locale\" content=\"pl_PL\" \/>\n<meta property=\"og:type\" content=\"article\" \/>\n<meta property=\"og:title\" content=\"Kontakt - Instytut Polski w Bratys\u0142awie\" \/>\n<meta property=\"og:description\" content=\"Adresa:Po\u013esk\u00fd in\u0161tit\u00fatN\u00e1m. SNP 27P.O. Box 153811 01 Bratislava Internet:web: https:\/\/instytutpolski.pl\/bratislavamail:&nbsp;program.bratislava[@]instytutpolski.pl Telef\u00f3nne \u010d\u00edsla:sekretari\u00e1t: +421 910 273 881, +421 2 544 32 030program: +421 2 544 32 014, +421 2 544 32 015\u010dit\u00e1re\u0148: +421 2 544 32 088ekonomick\u00fd \u00fasek: +421 2 544 32 089fax: +421 2 544 32 016 Otv\u00e1racie hodiny:pon. 8.30\u201316.30, ut.\u2013\u0161tv. 9.00\u201317.00, pia. 8.00\u201316.00Gal\u00e9ria: pon. [&hellip;]\" \/>\n<meta property=\"og:url\" content=\"https:\/\/instytutpolski.pl\/bratislava\/o-polskom-institute\/kontakt\/\" \/>\n<meta property=\"og:site_name\" content=\"Instytut Polski w Bratys\u0142awie\" \/>\n<meta property=\"article:modified_time\" content=\"2024-11-26T11:26:13+00:00\" \/>\n<meta property=\"og:image\" content=\"https:\/\/instytutpolski.pl\/bratislava\/wp-content\/uploads\/sites\/13\/2022\/09\/IPB-2-1024x475.png\" \/>\n\t<meta property=\"og:image:width\" content=\"1024\" \/>\n\t<meta property=\"og:image:height\" content=\"475\" \/>\n\t<meta property=\"og:image:type\" content=\"image\/png\" \/>\n<meta name=\"twitter:card\" content=\"summary_large_image\" \/>\n<meta name=\"twitter:label1\" content=\"Szacowany czas czytania\" \/>\n\t<meta name=\"twitter:data1\" content=\"1 minuta\" \/>\n<script type=\"application\/ld+json\" class=\"yoast-schema-graph\">{\"@context\":\"https:\/\/schema.org\",\"@graph\":[{\"@type\":\"WebPage\",\"@id\":\"https:\/\/instytutpolski.pl\/bratislava\/o-polskom-institute\/kontakt\/\",\"url\":\"https:\/\/instytutpolski.pl\/bratislava\/o-polskom-institute\/kontakt\/\",\"name\":\"Kontakt - Instytut Polski w Bratys\u0142awie\",\"isPartOf\":{\"@id\":\"https:\/\/instytutpolski.pl\/bratislava\/#website\"},\"primaryImageOfPage\":{\"@id\":\"https:\/\/instytutpolski.pl\/bratislava\/o-polskom-institute\/kontakt\/#primaryimage\"},\"image\":{\"@id\":\"https:\/\/instytutpolski.pl\/bratislava\/o-polskom-institute\/kontakt\/#primaryimage\"},\"thumbnailUrl\":\"https:\/\/instytutpolski.pl\/bratislava\/wp-content\/uploads\/sites\/13\/2022\/09\/IPB-2.png\",\"datePublished\":\"2019-06-27T10:35:04+00:00\",\"dateModified\":\"2024-11-26T11:26:13+00:00\",\"breadcrumb\":{\"@id\":\"https:\/\/instytutpolski.pl\/bratislava\/o-polskom-institute\/kontakt\/#breadcrumb\"},\"inLanguage\":\"pl-PL\",\"potentialAction\":[{\"@type\":\"ReadAction\",\"target\":[\"https:\/\/instytutpolski.pl\/bratislava\/o-polskom-institute\/kontakt\/\"]}]},{\"@type\":\"ImageObject\",\"inLanguage\":\"pl-PL\",\"@id\":\"https:\/\/instytutpolski.pl\/bratislava\/o-polskom-institute\/kontakt\/#primaryimage\",\"url\":\"https:\/\/instytutpolski.pl\/bratislava\/wp-content\/uploads\/sites\/13\/2022\/09\/IPB-2.png\",\"contentUrl\":\"https:\/\/instytutpolski.pl\/bratislava\/wp-content\/uploads\/sites\/13\/2022\/09\/IPB-2.png\",\"width\":3840,\"height\":1782},{\"@type\":\"BreadcrumbList\",\"@id\":\"https:\/\/instytutpolski.pl\/bratislava\/o-polskom-institute\/kontakt\/#breadcrumb\",\"itemListElement\":[{\"@type\":\"ListItem\",\"position\":1,\"name\":\"Home\",\"item\":\"https:\/\/instytutpolski.pl\/bratislava\/\"},{\"@type\":\"ListItem\",\"position\":2,\"name\":\"O Po\u013eskom in\u0161tit\u00fate\",\"item\":\"https:\/\/instytutpolski.pl\/bratislava\/o-polskom-institute\/\"},{\"@type\":\"ListItem\",\"position\":3,\"name\":\"Kontakt\"}]},{\"@type\":\"WebSite\",\"@id\":\"https:\/\/instytutpolski.pl\/bratislava\/#website\",\"url\":\"https:\/\/instytutpolski.pl\/bratislava\/\",\"name\":\"Instytut Polski w Bratys\u0142awie\",\"description\":\"Instytuty Polskie\",\"potentialAction\":[{\"@type\":\"SearchAction\",\"target\":{\"@type\":\"EntryPoint\",\"urlTemplate\":\"https:\/\/instytutpolski.pl\/bratislava\/?s={search_term_string}\"},\"query-input\":{\"@type\":\"PropertyValueSpecification\",\"valueRequired\":true,\"valueName\":\"search_term_string\"}}],\"inLanguage\":\"pl-PL\"}]}<\/script>\n<!-- \/ Yoast SEO plugin. -->","yoast_head_json":{"title":"Kontakt - Instytut Polski w Bratys\u0142awie","robots":{"index":"index","follow":"follow","max-snippet":"max-snippet:-1","max-image-preview":"max-image-preview:large","max-video-preview":"max-video-preview:-1"},"canonical":"https:\/\/instytutpolski.pl\/bratislava\/o-polskom-institute\/kontakt\/","og_locale":"pl_PL","og_type":"article","og_title":"Kontakt - Instytut Polski w Bratys\u0142awie","og_description":"Adresa:Po\u013esk\u00fd in\u0161tit\u00fatN\u00e1m. SNP 27P.O. Box 153811 01 Bratislava Internet:web: https:\/\/instytutpolski.pl\/bratislavamail:&nbsp;program.bratislava[@]instytutpolski.pl Telef\u00f3nne \u010d\u00edsla:sekretari\u00e1t: +421 910 273 881, +421 2 544 32 030program: +421 2 544 32 014, +421 2 544 32 015\u010dit\u00e1re\u0148: +421 2 544 32 088ekonomick\u00fd \u00fasek: +421 2 544 32 089fax: +421 2 544 32 016 Otv\u00e1racie hodiny:pon. 8.30\u201316.30, ut.\u2013\u0161tv. 9.00\u201317.00, pia. 8.00\u201316.00Gal\u00e9ria: pon. [&hellip;]","og_url":"https:\/\/instytutpolski.pl\/bratislava\/o-polskom-institute\/kontakt\/","og_site_name":"Instytut Polski w Bratys\u0142awie","article_modified_time":"2024-11-26T11:26:13+00:00","og_image":[{"width":1024,"height":475,"url":"https:\/\/instytutpolski.pl\/bratislava\/wp-content\/uploads\/sites\/13\/2022\/09\/IPB-2-1024x475.png","type":"image\/png"}],"twitter_card":"summary_large_image","twitter_misc":{"Szacowany czas czytania":"1 minuta"},"schema":{"@context":"https:\/\/schema.org","@graph":[{"@type":"WebPage","@id":"https:\/\/instytutpolski.pl\/bratislava\/o-polskom-institute\/kontakt\/","url":"https:\/\/instytutpolski.pl\/bratislava\/o-polskom-institute\/kontakt\/","name":"Kontakt - Instytut Polski w Bratys\u0142awie","isPartOf":{"@id":"https:\/\/instytutpolski.pl\/bratislava\/#website"},"primaryImageOfPage":{"@id":"https:\/\/instytutpolski.pl\/bratislava\/o-polskom-institute\/kontakt\/#primaryimage"},"image":{"@id":"https:\/\/instytutpolski.pl\/bratislava\/o-polskom-institute\/kontakt\/#primaryimage"},"thumbnailUrl":"https:\/\/instytutpolski.pl\/bratislava\/wp-content\/uploads\/sites\/13\/2022\/09\/IPB-2.png","datePublished":"2019-06-27T10:35:04+00:00","dateModified":"2024-11-26T11:26:13+00:00","breadcrumb":{"@id":"https:\/\/instytutpolski.pl\/bratislava\/o-polskom-institute\/kontakt\/#breadcrumb"},"inLanguage":"pl-PL","potentialAction":[{"@type":"ReadAction","target":["https:\/\/instytutpolski.pl\/bratislava\/o-polskom-institute\/kontakt\/"]}]},{"@type":"ImageObject","inLanguage":"pl-PL","@id":"https:\/\/instytutpolski.pl\/bratislava\/o-polskom-institute\/kontakt\/#primaryimage","url":"https:\/\/instytutpolski.pl\/bratislava\/wp-content\/uploads\/sites\/13\/2022\/09\/IPB-2.png","contentUrl":"https:\/\/instytutpolski.pl\/bratislava\/wp-content\/uploads\/sites\/13\/2022\/09\/IPB-2.png","width":3840,"height":1782},{"@type":"BreadcrumbList","@id":"https:\/\/instytutpolski.pl\/bratislava\/o-polskom-institute\/kontakt\/#breadcrumb","itemListElement":[{"@type":"ListItem","position":1,"name":"Home","item":"https:\/\/instytutpolski.pl\/bratislava\/"},{"@type":"ListItem","position":2,"name":"O Po\u013eskom in\u0161tit\u00fate","item":"https:\/\/instytutpolski.pl\/bratislava\/o-polskom-institute\/"},{"@type":"ListItem","position":3,"name":"Kontakt"}]},{"@type":"WebSite","@id":"https:\/\/instytutpolski.pl\/bratislava\/#website","url":"https:\/\/instytutpolski.pl\/bratislava\/","name":"Instytut Polski w Bratys\u0142awie","description":"Instytuty Polskie","potentialAction":[{"@type":"SearchAction","target":{"@type":"EntryPoint","urlTemplate":"https:\/\/instytutpolski.pl\/bratislava\/?s={search_term_string}"},"query-input":{"@type":"PropertyValueSpecification","valueRequired":true,"valueName":"search_term_string"}}],"inLanguage":"pl-PL"}]}},"_links":{"self":[{"href":"https:\/\/instytutpolski.pl\/bratislava\/wp-json\/wp\/v2\/pages\/653","targetHints":{"allow":["GET"]}}],"collection":[{"href":"https:\/\/instytutpolski.pl\/bratislava\/wp-json\/wp\/v2\/pages"}],"about":[{"href":"https:\/\/instytutpolski.pl\/bratislava\/wp-json\/wp\/v2\/types\/page"}],"author":[{"embeddable":true,"href":"https:\/\/instytutpolski.pl\/bratislava\/wp-json\/wp\/v2\/users\/1"}],"replies":[{"embeddable":true,"href":"https:\/\/instytutpolski.pl\/bratislava\/wp-json\/wp\/v2\/comments?post=653"}],"version-history":[{"count":10,"href":"https:\/\/instytutpolski.pl\/bratislava\/wp-json\/wp\/v2\/pages\/653\/revisions"}],"predecessor-version":[{"id":8062,"href":"https:\/\/instytutpolski.pl\/bratislava\/wp-json\/wp\/v2\/pages\/653\/revisions\/8062"}],"up":[{"embeddable":true,"href":"https:\/\/instytutpolski.pl\/bratislava\/wp-json\/wp\/v2\/pages\/650"}],"wp:featuredmedia":[{"embeddable":true,"href":"https:\/\/instytutpolski.pl\/bratislava\/wp-json\/wp\/v2\/media\/5279"}],"wp:attachment":[{"href":"https:\/\/instytutpolski.pl\/bratislava\/wp-json\/wp\/v2\/media?parent=653"}],"curies":[{"name":"wp","href":"https:\/\/api.w.org\/{rel}","templated":true}]}}