{"id":655,"date":"2019-06-27T12:35:04","date_gmt":"2019-06-27T10:35:04","guid":{"rendered":"https:\/\/instytutpolski.pl\/bratyslawa\/?page_id=655"},"modified":"2024-11-26T12:26:18","modified_gmt":"2024-11-26T11:26:18","slug":"kontakt","status":"publish","type":"page","link":"https:\/\/instytutpolski.pl\/bratislava\/pl\/o-instytucie-polskim\/kontakt\/","title":{"rendered":"Kontakt"},"content":{"rendered":"\n<p><strong>Adres:<\/strong><br>Po\u013esk\u00fd in\u0161tit\u00fat<br>N\u00e1m. SNP 27<br>P.O. Box 153<br>811 01 Bratys\u0142awa<br>Republika S\u0142owacka<\/p>\n\n\n\n<p><strong>Internet:<\/strong><br>web: <a href=\"https:\/\/instytutpolski.pl\/bratislava\/pl\/\">https:\/\/instytutpolski.pl\/bratislava\/pl<\/a><br>mail:&nbsp;bratyslawa.ip.sekretariat[@]msz.gov.pl<br><br><strong>Numery telefon\u00f3w:<\/strong><br>sekretariat: +421 910 273 881, +421 2 544 32 030<br>program: +421 2 544 32 014, +421 2 544 32 015<br>czytelnia: +421 2 544 32 088<br>ksi\u0119gowo\u015b\u0107: +421 2 544 32 089<br>fax: +421 2 544 32 016<\/p>\n\n\n\n<p><strong>Godziny otwarcia:<\/strong><br>po. 8.30\u201316.30, wt.\u2013czw. 9.00\u201317.00, pi. 8.00\u201316.00<br>Galeria: po. 10.00\u201316.30, wt.\u2013czw. 10.00\u201317.00, pi. 9.00\u201315.00<br>Czytelnia i biblioteka: po.\u2013czw.: 10.00\u201316.00, pi. 10.00\u201315.00<\/p>\n\n\n\n<p><a href=\"https:\/\/instytutpolski.pl\/bratyslawa\/wp-content\/uploads\/sites\/13\/2019\/06\/Informacja-w-sprawie-przyjmowania-petycji-skarg-i-wnioskw.pdf\">Informacja w sprawie przyjmowania petycji, skarg i wniosk\u00f3w&nbsp;w Instytucie Polskim&nbsp;w Bratys\u0142awie<\/a><\/p>\n\n\n\n<p><em>Szanowni Pa\u0144stwo,<br>Instytut Polski w Bratys\u0142awie otrzymuje bardzo wiele propozycji wystaw, koncert\u00f3w oraz innych wydarze\u0144 kulturalnych. Za wszystkie dzi\u0119kujemy i informujemy, \u017ce s\u0105 one analizowane i zachowywane. W razie mo\u017cliwo\u015bci w\u0142\u0105czenia do programu Instytutu b\u0119dziemy si\u0119 zwraca\u0107 do odpowiednich artyst\u00f3w czy instytucji. Przesy\u0142anych a niezamawianych propozycji nie komentujemy oraz nie odsy\u0142amy niezam\u00f3wionych materia\u0142\u00f3w promocyjnych.<br>Dzi\u0119kujemy za wyrozumia\u0142o\u015b\u0107!<\/em><\/p>\n","protected":false},"excerpt":{"rendered":"<p>Adres:Po\u013esk\u00fd in\u0161tit\u00fatN\u00e1m. SNP 27P.O. Box 153811 01 Bratys\u0142awaRepublika S\u0142owacka Internet:web: https:\/\/instytutpolski.pl\/bratislava\/plmail:&nbsp;bratyslawa.ip.sekretariat[@]msz.gov.pl Numery telefon\u00f3w:sekretariat: +421 910 273 881, +421 2 544 32 030program: +421 2 544 32 014, +421 2 544 32 015czytelnia: +421 2 544 32 088ksi\u0119gowo\u015b\u0107: +421 2 544 32 089fax: +421 2 544 32 016 Godziny otwarcia:po. 8.30\u201316.30, wt.\u2013czw. 9.00\u201317.00, pi. 8.00\u201316.00Galeria: po. [&hellip;]<\/p>\n","protected":false},"author":1,"featured_media":5279,"parent":679,"menu_order":0,"comment_status":"closed","ping_status":"closed","template":"page-big-event.php","meta":{"inline_featured_image":false,"_monsterinsights_skip_tracking":false,"_monsterinsights_sitenote_active":false,"_monsterinsights_sitenote_note":"","_monsterinsights_sitenote_category":0,"footnotes":""},"class_list":["post-655","page","type-page","status-publish","has-post-thumbnail","hentry"],"yoast_head":"<!-- This site is optimized with the Yoast SEO plugin v24.6 - https:\/\/yoast.com\/wordpress\/plugins\/seo\/ -->\n<title>Kontakt - Instytut Polski w Bratys\u0142awie<\/title>\n<meta name=\"robots\" content=\"index, follow, max-snippet:-1, max-image-preview:large, max-video-preview:-1\" \/>\n<link rel=\"canonical\" href=\"https:\/\/instytutpolski.pl\/bratislava\/pl\/o-instytucie-polskim\/kontakt\/\" \/>\n<meta property=\"og:locale\" content=\"pl_PL\" \/>\n<meta property=\"og:type\" content=\"article\" \/>\n<meta property=\"og:title\" content=\"Kontakt - Instytut Polski w Bratys\u0142awie\" \/>\n<meta property=\"og:description\" content=\"Adres:Po\u013esk\u00fd in\u0161tit\u00fatN\u00e1m. SNP 27P.O. Box 153811 01 Bratys\u0142awaRepublika S\u0142owacka Internet:web: https:\/\/instytutpolski.pl\/bratislava\/plmail:&nbsp;bratyslawa.ip.sekretariat[@]msz.gov.pl Numery telefon\u00f3w:sekretariat: +421 910 273 881, +421 2 544 32 030program: +421 2 544 32 014, +421 2 544 32 015czytelnia: +421 2 544 32 088ksi\u0119gowo\u015b\u0107: +421 2 544 32 089fax: +421 2 544 32 016 Godziny otwarcia:po. 8.30\u201316.30, wt.\u2013czw. 9.00\u201317.00, pi. 8.00\u201316.00Galeria: po. [&hellip;]\" \/>\n<meta property=\"og:url\" content=\"https:\/\/instytutpolski.pl\/bratislava\/pl\/o-instytucie-polskim\/kontakt\/\" \/>\n<meta property=\"og:site_name\" content=\"Instytut Polski w Bratys\u0142awie\" \/>\n<meta property=\"article:modified_time\" content=\"2024-11-26T11:26:18+00:00\" \/>\n<meta property=\"og:image\" content=\"https:\/\/instytutpolski.pl\/bratislava\/wp-content\/uploads\/sites\/13\/2022\/09\/IPB-2-1024x475.png\" \/>\n\t<meta property=\"og:image:width\" content=\"1024\" \/>\n\t<meta property=\"og:image:height\" content=\"475\" \/>\n\t<meta property=\"og:image:type\" content=\"image\/png\" \/>\n<meta name=\"twitter:card\" content=\"summary_large_image\" \/>\n<meta name=\"twitter:label1\" content=\"Szacowany czas czytania\" \/>\n\t<meta name=\"twitter:data1\" content=\"1 minuta\" \/>\n<script type=\"application\/ld+json\" class=\"yoast-schema-graph\">{\"@context\":\"https:\/\/schema.org\",\"@graph\":[{\"@type\":\"WebPage\",\"@id\":\"https:\/\/instytutpolski.pl\/bratislava\/pl\/o-instytucie-polskim\/kontakt\/\",\"url\":\"https:\/\/instytutpolski.pl\/bratislava\/pl\/o-instytucie-polskim\/kontakt\/\",\"name\":\"Kontakt - Instytut Polski w Bratys\u0142awie\",\"isPartOf\":{\"@id\":\"https:\/\/instytutpolski.pl\/bratislava\/#website\"},\"primaryImageOfPage\":{\"@id\":\"https:\/\/instytutpolski.pl\/bratislava\/pl\/o-instytucie-polskim\/kontakt\/#primaryimage\"},\"image\":{\"@id\":\"https:\/\/instytutpolski.pl\/bratislava\/pl\/o-instytucie-polskim\/kontakt\/#primaryimage\"},\"thumbnailUrl\":\"https:\/\/instytutpolski.pl\/bratislava\/wp-content\/uploads\/sites\/13\/2022\/09\/IPB-2.png\",\"datePublished\":\"2019-06-27T10:35:04+00:00\",\"dateModified\":\"2024-11-26T11:26:18+00:00\",\"breadcrumb\":{\"@id\":\"https:\/\/instytutpolski.pl\/bratislava\/pl\/o-instytucie-polskim\/kontakt\/#breadcrumb\"},\"inLanguage\":\"pl-PL\",\"potentialAction\":[{\"@type\":\"ReadAction\",\"target\":[\"https:\/\/instytutpolski.pl\/bratislava\/pl\/o-instytucie-polskim\/kontakt\/\"]}]},{\"@type\":\"ImageObject\",\"inLanguage\":\"pl-PL\",\"@id\":\"https:\/\/instytutpolski.pl\/bratislava\/pl\/o-instytucie-polskim\/kontakt\/#primaryimage\",\"url\":\"https:\/\/instytutpolski.pl\/bratislava\/wp-content\/uploads\/sites\/13\/2022\/09\/IPB-2.png\",\"contentUrl\":\"https:\/\/instytutpolski.pl\/bratislava\/wp-content\/uploads\/sites\/13\/2022\/09\/IPB-2.png\",\"width\":3840,\"height\":1782},{\"@type\":\"BreadcrumbList\",\"@id\":\"https:\/\/instytutpolski.pl\/bratislava\/pl\/o-instytucie-polskim\/kontakt\/#breadcrumb\",\"itemListElement\":[{\"@type\":\"ListItem\",\"position\":1,\"name\":\"Home\",\"item\":\"https:\/\/instytutpolski.pl\/bratislava\/\"},{\"@type\":\"ListItem\",\"position\":2,\"name\":\"O Instytucie Polskim\",\"item\":\"https:\/\/instytutpolski.pl\/bratislava\/pl\/o-instytucie-polskim\/\"},{\"@type\":\"ListItem\",\"position\":3,\"name\":\"Kontakt\"}]},{\"@type\":\"WebSite\",\"@id\":\"https:\/\/instytutpolski.pl\/bratislava\/#website\",\"url\":\"https:\/\/instytutpolski.pl\/bratislava\/\",\"name\":\"Instytut Polski w Bratys\u0142awie\",\"description\":\"Instytuty Polskie\",\"potentialAction\":[{\"@type\":\"SearchAction\",\"target\":{\"@type\":\"EntryPoint\",\"urlTemplate\":\"https:\/\/instytutpolski.pl\/bratislava\/?s={search_term_string}\"},\"query-input\":{\"@type\":\"PropertyValueSpecification\",\"valueRequired\":true,\"valueName\":\"search_term_string\"}}],\"inLanguage\":\"pl-PL\"}]}<\/script>\n<!-- \/ Yoast SEO plugin. -->","yoast_head_json":{"title":"Kontakt - Instytut Polski w Bratys\u0142awie","robots":{"index":"index","follow":"follow","max-snippet":"max-snippet:-1","max-image-preview":"max-image-preview:large","max-video-preview":"max-video-preview:-1"},"canonical":"https:\/\/instytutpolski.pl\/bratislava\/pl\/o-instytucie-polskim\/kontakt\/","og_locale":"pl_PL","og_type":"article","og_title":"Kontakt - Instytut Polski w Bratys\u0142awie","og_description":"Adres:Po\u013esk\u00fd in\u0161tit\u00fatN\u00e1m. SNP 27P.O. Box 153811 01 Bratys\u0142awaRepublika S\u0142owacka Internet:web: https:\/\/instytutpolski.pl\/bratislava\/plmail:&nbsp;bratyslawa.ip.sekretariat[@]msz.gov.pl Numery telefon\u00f3w:sekretariat: +421 910 273 881, +421 2 544 32 030program: +421 2 544 32 014, +421 2 544 32 015czytelnia: +421 2 544 32 088ksi\u0119gowo\u015b\u0107: +421 2 544 32 089fax: +421 2 544 32 016 Godziny otwarcia:po. 8.30\u201316.30, wt.\u2013czw. 9.00\u201317.00, pi. 8.00\u201316.00Galeria: po. [&hellip;]","og_url":"https:\/\/instytutpolski.pl\/bratislava\/pl\/o-instytucie-polskim\/kontakt\/","og_site_name":"Instytut Polski w Bratys\u0142awie","article_modified_time":"2024-11-26T11:26:18+00:00","og_image":[{"width":1024,"height":475,"url":"https:\/\/instytutpolski.pl\/bratislava\/wp-content\/uploads\/sites\/13\/2022\/09\/IPB-2-1024x475.png","type":"image\/png"}],"twitter_card":"summary_large_image","twitter_misc":{"Szacowany czas czytania":"1 minuta"},"schema":{"@context":"https:\/\/schema.org","@graph":[{"@type":"WebPage","@id":"https:\/\/instytutpolski.pl\/bratislava\/pl\/o-instytucie-polskim\/kontakt\/","url":"https:\/\/instytutpolski.pl\/bratislava\/pl\/o-instytucie-polskim\/kontakt\/","name":"Kontakt - Instytut Polski w Bratys\u0142awie","isPartOf":{"@id":"https:\/\/instytutpolski.pl\/bratislava\/#website"},"primaryImageOfPage":{"@id":"https:\/\/instytutpolski.pl\/bratislava\/pl\/o-instytucie-polskim\/kontakt\/#primaryimage"},"image":{"@id":"https:\/\/instytutpolski.pl\/bratislava\/pl\/o-instytucie-polskim\/kontakt\/#primaryimage"},"thumbnailUrl":"https:\/\/instytutpolski.pl\/bratislava\/wp-content\/uploads\/sites\/13\/2022\/09\/IPB-2.png","datePublished":"2019-06-27T10:35:04+00:00","dateModified":"2024-11-26T11:26:18+00:00","breadcrumb":{"@id":"https:\/\/instytutpolski.pl\/bratislava\/pl\/o-instytucie-polskim\/kontakt\/#breadcrumb"},"inLanguage":"pl-PL","potentialAction":[{"@type":"ReadAction","target":["https:\/\/instytutpolski.pl\/bratislava\/pl\/o-instytucie-polskim\/kontakt\/"]}]},{"@type":"ImageObject","inLanguage":"pl-PL","@id":"https:\/\/instytutpolski.pl\/bratislava\/pl\/o-instytucie-polskim\/kontakt\/#primaryimage","url":"https:\/\/instytutpolski.pl\/bratislava\/wp-content\/uploads\/sites\/13\/2022\/09\/IPB-2.png","contentUrl":"https:\/\/instytutpolski.pl\/bratislava\/wp-content\/uploads\/sites\/13\/2022\/09\/IPB-2.png","width":3840,"height":1782},{"@type":"BreadcrumbList","@id":"https:\/\/instytutpolski.pl\/bratislava\/pl\/o-instytucie-polskim\/kontakt\/#breadcrumb","itemListElement":[{"@type":"ListItem","position":1,"name":"Home","item":"https:\/\/instytutpolski.pl\/bratislava\/"},{"@type":"ListItem","position":2,"name":"O Instytucie Polskim","item":"https:\/\/instytutpolski.pl\/bratislava\/pl\/o-instytucie-polskim\/"},{"@type":"ListItem","position":3,"name":"Kontakt"}]},{"@type":"WebSite","@id":"https:\/\/instytutpolski.pl\/bratislava\/#website","url":"https:\/\/instytutpolski.pl\/bratislava\/","name":"Instytut Polski w Bratys\u0142awie","description":"Instytuty Polskie","potentialAction":[{"@type":"SearchAction","target":{"@type":"EntryPoint","urlTemplate":"https:\/\/instytutpolski.pl\/bratislava\/?s={search_term_string}"},"query-input":{"@type":"PropertyValueSpecification","valueRequired":true,"valueName":"search_term_string"}}],"inLanguage":"pl-PL"}]}},"_links":{"self":[{"href":"https:\/\/instytutpolski.pl\/bratislava\/wp-json\/wp\/v2\/pages\/655","targetHints":{"allow":["GET"]}}],"collection":[{"href":"https:\/\/instytutpolski.pl\/bratislava\/wp-json\/wp\/v2\/pages"}],"about":[{"href":"https:\/\/instytutpolski.pl\/bratislava\/wp-json\/wp\/v2\/types\/page"}],"author":[{"embeddable":true,"href":"https:\/\/instytutpolski.pl\/bratislava\/wp-json\/wp\/v2\/users\/1"}],"replies":[{"embeddable":true,"href":"https:\/\/instytutpolski.pl\/bratislava\/wp-json\/wp\/v2\/comments?post=655"}],"version-history":[{"count":10,"href":"https:\/\/instytutpolski.pl\/bratislava\/wp-json\/wp\/v2\/pages\/655\/revisions"}],"predecessor-version":[{"id":8063,"href":"https:\/\/instytutpolski.pl\/bratislava\/wp-json\/wp\/v2\/pages\/655\/revisions\/8063"}],"up":[{"embeddable":true,"href":"https:\/\/instytutpolski.pl\/bratislava\/wp-json\/wp\/v2\/pages\/679"}],"wp:featuredmedia":[{"embeddable":true,"href":"https:\/\/instytutpolski.pl\/bratislava\/wp-json\/wp\/v2\/media\/5279"}],"wp:attachment":[{"href":"https:\/\/instytutpolski.pl\/bratislava\/wp-json\/wp\/v2\/media?parent=655"}],"curies":[{"name":"wp","href":"https:\/\/api.w.org\/{rel}","templated":true}]}}