{"id":659,"date":"2019-06-27T12:37:06","date_gmt":"2019-06-27T10:37:06","guid":{"rendered":"https:\/\/instytutpolski.pl\/bratyslawa\/?page_id=659"},"modified":"2025-11-13T12:01:15","modified_gmt":"2025-11-13T11:01:15","slug":"biblioteka","status":"publish","type":"page","link":"https:\/\/instytutpolski.pl\/bratislava\/pl\/o-instytucie-polskim\/biblioteka\/","title":{"rendered":"Biblioteka"},"content":{"rendered":"\n<p>Nigdzie\nindziej na S\u0142owacji nie znajdziesz tyle polskiej literatury w jednym miejscu,\nbiblioteka Instytutu Polskiego mo\u017ce pochwali\u0107 si\u0119 zbiorem jedenastu tysi\u0119cy\nksi\u0105\u017cek. Je\u017celi nie czytasz jeszcze po polsku, mo\u017cemy zaproponowa\u0107 Ci oko\u0142o\npi\u0119ciuset t\u0142umacze\u0144 polskich dzie\u0142 na j\u0119zyk s\u0142owacki lub czeski. Studenci\npolonistyki znajd\u0105 u nas s\u0142owniki oraz inne materia\u0142y kt\u00f3re pomog\u0105 im szlifowa\u0107\nich j\u0119zyk polski.&nbsp;<\/p>\n\n\n\n<p>Chcesz si\u0119\nzapisa\u0107 do naszej biblioteki, nic prostszego. Wystarczy, \u017ce przyjdziesz\nosobi\u015bcie do biblioteki. Nie zapomnij zabra\u0107 dowodu osobistego, na podstawie\nkt\u00f3rego utworzymy kart\u0119 biblioteczn\u0105. Ksi\u0105\u017cki po\u017cyczamy na jeden miesi\u0105c, o\nup\u0142ywie terminu poinformujemy Ci\u0119 mailowo. Istnieje r\u00f3wnie\u017c mo\u017cliwo\u015b\u0107\nprzed\u0142u\u017cenia okresu wypo\u017cyczenia.&nbsp;<\/p>\n\n\n\n<p><strong>Szukasz\nksi\u0105\u017cki? Przejrzyj nasz katalog:<\/strong><\/p>\n\n\n\n<p><a href=\"http:\/\/www.szukamksi\u0105\u017cki.pl\/SzukamKsiazki\/search\/index.html?wyszukaj=true&amp;ns=t&amp;idkhw=&amp;katalog=0&amp;wersjaJezykowaId=pl&amp;menuBib=-200&amp;menuAuth=-200&amp;phrase=&amp;zaawansowane=0&amp;zaawAuthOld=432&amp;zaawBibOld=915&amp;menuBib=-200&amp;menuAuth=-200&amp;panId=xo&amp;powiatId=-100&amp;gminaId=-100&amp;zaawAuth=432&amp;zaawBib=915&amp;dokladnie=false&amp;rha=on&amp;rht=on&amp;rhr=on&amp;szukaj_miejsce=0&amp;sk=on&amp;sb=on&amp;sw=on&amp;sf=on&amp;ss=on&amp;se=on&amp;sn=on&amp;sd=on&amp;sy=on&amp;ibuk=1\">Katalog Biblioteki Instytutu Polskiego w Bratys\u0142awie<\/a><\/p>\n\n\n\n<p><strong>Biblioteka\njest otwarta:<\/strong><\/p>\n\n\n\n<p>Poniedzia\u0142ek\n\u2013 czwartek 9:30 \u2013 17:00<\/p>\n\n\n\n<p>Pi\u0105tek&nbsp;\n9:30 \u2013 15:00<\/p>\n\n\n\n<p><strong>Masz\npytania? Zapytaj bibliotekarki:<\/strong><\/p>\n\n\n\n<p>Teresa\nLuk\u00e1\u010dov\u00e1<\/p>\n\n\n\n<p>email: teresa.lukacova@instytutpolski.pl<\/p>\n\n\n\n<p>tel: +421 2\n544 32&nbsp;088<\/p>\n","protected":false},"excerpt":{"rendered":"<p>Nigdzie indziej na S\u0142owacji nie znajdziesz tyle polskiej literatury w jednym miejscu, biblioteka Instytutu Polskiego mo\u017ce pochwali\u0107 si\u0119 zbiorem jedenastu tysi\u0119cy ksi\u0105\u017cek. Je\u017celi nie czytasz jeszcze po polsku, mo\u017cemy zaproponowa\u0107 Ci oko\u0142o pi\u0119ciuset t\u0142umacze\u0144 polskich dzie\u0142 na j\u0119zyk s\u0142owacki lub czeski. Studenci polonistyki znajd\u0105 u nas s\u0142owniki oraz inne materia\u0142y kt\u00f3re pomog\u0105 im szlifowa\u0107 ich [&hellip;]<\/p>\n","protected":false},"author":1,"featured_media":0,"parent":679,"menu_order":0,"comment_status":"closed","ping_status":"closed","template":"","meta":{"inline_featured_image":false,"_monsterinsights_skip_tracking":false,"_monsterinsights_sitenote_active":false,"_monsterinsights_sitenote_note":"","_monsterinsights_sitenote_category":0,"footnotes":""},"class_list":["post-659","page","type-page","status-publish","hentry"],"yoast_head":"<!-- This site is optimized with the Yoast SEO plugin v24.6 - https:\/\/yoast.com\/wordpress\/plugins\/seo\/ -->\n<title>Biblioteka - Instytut Polski w Bratys\u0142awie<\/title>\n<meta name=\"robots\" content=\"index, follow, max-snippet:-1, max-image-preview:large, max-video-preview:-1\" \/>\n<link rel=\"canonical\" href=\"https:\/\/instytutpolski.pl\/bratislava\/pl\/o-instytucie-polskim\/biblioteka\/\" \/>\n<meta property=\"og:locale\" content=\"pl_PL\" \/>\n<meta property=\"og:type\" content=\"article\" \/>\n<meta property=\"og:title\" content=\"Biblioteka - Instytut Polski w Bratys\u0142awie\" \/>\n<meta property=\"og:description\" content=\"Nigdzie indziej na S\u0142owacji nie znajdziesz tyle polskiej literatury w jednym miejscu, biblioteka Instytutu Polskiego mo\u017ce pochwali\u0107 si\u0119 zbiorem jedenastu tysi\u0119cy ksi\u0105\u017cek. Je\u017celi nie czytasz jeszcze po polsku, mo\u017cemy zaproponowa\u0107 Ci oko\u0142o pi\u0119ciuset t\u0142umacze\u0144 polskich dzie\u0142 na j\u0119zyk s\u0142owacki lub czeski. Studenci polonistyki znajd\u0105 u nas s\u0142owniki oraz inne materia\u0142y kt\u00f3re pomog\u0105 im szlifowa\u0107 ich [&hellip;]\" \/>\n<meta property=\"og:url\" content=\"https:\/\/instytutpolski.pl\/bratislava\/pl\/o-instytucie-polskim\/biblioteka\/\" \/>\n<meta property=\"og:site_name\" content=\"Instytut Polski w Bratys\u0142awie\" \/>\n<meta property=\"article:modified_time\" content=\"2025-11-13T11:01:15+00:00\" \/>\n<meta name=\"twitter:card\" content=\"summary_large_image\" \/>\n<meta name=\"twitter:label1\" content=\"Szacowany czas czytania\" \/>\n\t<meta name=\"twitter:data1\" content=\"1 minuta\" \/>\n<script type=\"application\/ld+json\" class=\"yoast-schema-graph\">{\"@context\":\"https:\/\/schema.org\",\"@graph\":[{\"@type\":\"WebPage\",\"@id\":\"https:\/\/instytutpolski.pl\/bratislava\/pl\/o-instytucie-polskim\/biblioteka\/\",\"url\":\"https:\/\/instytutpolski.pl\/bratislava\/pl\/o-instytucie-polskim\/biblioteka\/\",\"name\":\"Biblioteka - Instytut Polski w Bratys\u0142awie\",\"isPartOf\":{\"@id\":\"https:\/\/instytutpolski.pl\/bratislava\/#website\"},\"datePublished\":\"2019-06-27T10:37:06+00:00\",\"dateModified\":\"2025-11-13T11:01:15+00:00\",\"breadcrumb\":{\"@id\":\"https:\/\/instytutpolski.pl\/bratislava\/pl\/o-instytucie-polskim\/biblioteka\/#breadcrumb\"},\"inLanguage\":\"pl-PL\",\"potentialAction\":[{\"@type\":\"ReadAction\",\"target\":[\"https:\/\/instytutpolski.pl\/bratislava\/pl\/o-instytucie-polskim\/biblioteka\/\"]}]},{\"@type\":\"BreadcrumbList\",\"@id\":\"https:\/\/instytutpolski.pl\/bratislava\/pl\/o-instytucie-polskim\/biblioteka\/#breadcrumb\",\"itemListElement\":[{\"@type\":\"ListItem\",\"position\":1,\"name\":\"Home\",\"item\":\"https:\/\/instytutpolski.pl\/bratislava\/\"},{\"@type\":\"ListItem\",\"position\":2,\"name\":\"O Instytucie Polskim\",\"item\":\"https:\/\/instytutpolski.pl\/bratislava\/pl\/o-instytucie-polskim\/\"},{\"@type\":\"ListItem\",\"position\":3,\"name\":\"Biblioteka\"}]},{\"@type\":\"WebSite\",\"@id\":\"https:\/\/instytutpolski.pl\/bratislava\/#website\",\"url\":\"https:\/\/instytutpolski.pl\/bratislava\/\",\"name\":\"Instytut Polski w Bratys\u0142awie\",\"description\":\"Instytuty Polskie\",\"potentialAction\":[{\"@type\":\"SearchAction\",\"target\":{\"@type\":\"EntryPoint\",\"urlTemplate\":\"https:\/\/instytutpolski.pl\/bratislava\/?s={search_term_string}\"},\"query-input\":{\"@type\":\"PropertyValueSpecification\",\"valueRequired\":true,\"valueName\":\"search_term_string\"}}],\"inLanguage\":\"pl-PL\"}]}<\/script>\n<!-- \/ Yoast SEO plugin. -->","yoast_head_json":{"title":"Biblioteka - Instytut Polski w Bratys\u0142awie","robots":{"index":"index","follow":"follow","max-snippet":"max-snippet:-1","max-image-preview":"max-image-preview:large","max-video-preview":"max-video-preview:-1"},"canonical":"https:\/\/instytutpolski.pl\/bratislava\/pl\/o-instytucie-polskim\/biblioteka\/","og_locale":"pl_PL","og_type":"article","og_title":"Biblioteka - Instytut Polski w Bratys\u0142awie","og_description":"Nigdzie indziej na S\u0142owacji nie znajdziesz tyle polskiej literatury w jednym miejscu, biblioteka Instytutu Polskiego mo\u017ce pochwali\u0107 si\u0119 zbiorem jedenastu tysi\u0119cy ksi\u0105\u017cek. Je\u017celi nie czytasz jeszcze po polsku, mo\u017cemy zaproponowa\u0107 Ci oko\u0142o pi\u0119ciuset t\u0142umacze\u0144 polskich dzie\u0142 na j\u0119zyk s\u0142owacki lub czeski. Studenci polonistyki znajd\u0105 u nas s\u0142owniki oraz inne materia\u0142y kt\u00f3re pomog\u0105 im szlifowa\u0107 ich [&hellip;]","og_url":"https:\/\/instytutpolski.pl\/bratislava\/pl\/o-instytucie-polskim\/biblioteka\/","og_site_name":"Instytut Polski w Bratys\u0142awie","article_modified_time":"2025-11-13T11:01:15+00:00","twitter_card":"summary_large_image","twitter_misc":{"Szacowany czas czytania":"1 minuta"},"schema":{"@context":"https:\/\/schema.org","@graph":[{"@type":"WebPage","@id":"https:\/\/instytutpolski.pl\/bratislava\/pl\/o-instytucie-polskim\/biblioteka\/","url":"https:\/\/instytutpolski.pl\/bratislava\/pl\/o-instytucie-polskim\/biblioteka\/","name":"Biblioteka - Instytut Polski w Bratys\u0142awie","isPartOf":{"@id":"https:\/\/instytutpolski.pl\/bratislava\/#website"},"datePublished":"2019-06-27T10:37:06+00:00","dateModified":"2025-11-13T11:01:15+00:00","breadcrumb":{"@id":"https:\/\/instytutpolski.pl\/bratislava\/pl\/o-instytucie-polskim\/biblioteka\/#breadcrumb"},"inLanguage":"pl-PL","potentialAction":[{"@type":"ReadAction","target":["https:\/\/instytutpolski.pl\/bratislava\/pl\/o-instytucie-polskim\/biblioteka\/"]}]},{"@type":"BreadcrumbList","@id":"https:\/\/instytutpolski.pl\/bratislava\/pl\/o-instytucie-polskim\/biblioteka\/#breadcrumb","itemListElement":[{"@type":"ListItem","position":1,"name":"Home","item":"https:\/\/instytutpolski.pl\/bratislava\/"},{"@type":"ListItem","position":2,"name":"O Instytucie Polskim","item":"https:\/\/instytutpolski.pl\/bratislava\/pl\/o-instytucie-polskim\/"},{"@type":"ListItem","position":3,"name":"Biblioteka"}]},{"@type":"WebSite","@id":"https:\/\/instytutpolski.pl\/bratislava\/#website","url":"https:\/\/instytutpolski.pl\/bratislava\/","name":"Instytut Polski w Bratys\u0142awie","description":"Instytuty Polskie","potentialAction":[{"@type":"SearchAction","target":{"@type":"EntryPoint","urlTemplate":"https:\/\/instytutpolski.pl\/bratislava\/?s={search_term_string}"},"query-input":{"@type":"PropertyValueSpecification","valueRequired":true,"valueName":"search_term_string"}}],"inLanguage":"pl-PL"}]}},"_links":{"self":[{"href":"https:\/\/instytutpolski.pl\/bratislava\/wp-json\/wp\/v2\/pages\/659","targetHints":{"allow":["GET"]}}],"collection":[{"href":"https:\/\/instytutpolski.pl\/bratislava\/wp-json\/wp\/v2\/pages"}],"about":[{"href":"https:\/\/instytutpolski.pl\/bratislava\/wp-json\/wp\/v2\/types\/page"}],"author":[{"embeddable":true,"href":"https:\/\/instytutpolski.pl\/bratislava\/wp-json\/wp\/v2\/users\/1"}],"replies":[{"embeddable":true,"href":"https:\/\/instytutpolski.pl\/bratislava\/wp-json\/wp\/v2\/comments?post=659"}],"version-history":[{"count":3,"href":"https:\/\/instytutpolski.pl\/bratislava\/wp-json\/wp\/v2\/pages\/659\/revisions"}],"predecessor-version":[{"id":9061,"href":"https:\/\/instytutpolski.pl\/bratislava\/wp-json\/wp\/v2\/pages\/659\/revisions\/9061"}],"up":[{"embeddable":true,"href":"https:\/\/instytutpolski.pl\/bratislava\/wp-json\/wp\/v2\/pages\/679"}],"wp:attachment":[{"href":"https:\/\/instytutpolski.pl\/bratislava\/wp-json\/wp\/v2\/media?parent=659"}],"curies":[{"name":"wp","href":"https:\/\/api.w.org\/{rel}","templated":true}]}}