{"id":665,"date":"2019-06-27T12:38:23","date_gmt":"2019-06-27T10:38:23","guid":{"rendered":"https:\/\/instytutpolski.pl\/bratyslawa\/?page_id=665"},"modified":"2022-09-27T18:40:27","modified_gmt":"2022-09-27T16:40:27","slug":"prax","status":"publish","type":"page","link":"https:\/\/instytutpolski.pl\/bratislava\/o-polskom-institute\/prax\/","title":{"rendered":"Prax \/ st\u00e1\u017e"},"content":{"rendered":"\n<p>Inform\u00e1cie pre z\u00e1ujemcov o prax \/ st\u00e1\u017e s\u00fa k dispoz\u00edcii na internetovej str\u00e1nke <a href=\"https:\/\/www.gov.pl\/web\/dyplomacja\/praktyki-wolontariat-i-staz\" target=\"_blank\" rel=\"noreferrer noopener\">Ministerstva zahrani\u010dn\u00fdch vec\u00ed Po\u013eskej republiky<\/a>.<\/p>\n","protected":false},"excerpt":{"rendered":"<p>Inform\u00e1cie pre z\u00e1ujemcov o prax \/ st\u00e1\u017e s\u00fa k dispoz\u00edcii na internetovej str\u00e1nke Ministerstva zahrani\u010dn\u00fdch vec\u00ed Po\u013eskej republiky.<\/p>\n","protected":false},"author":1,"featured_media":0,"parent":650,"menu_order":0,"comment_status":"closed","ping_status":"closed","template":"","meta":{"inline_featured_image":false,"_monsterinsights_skip_tracking":false,"_monsterinsights_sitenote_active":false,"_monsterinsights_sitenote_note":"","_monsterinsights_sitenote_category":0,"footnotes":""},"class_list":["post-665","page","type-page","status-publish","hentry"],"yoast_head":"<!-- This site is optimized with the Yoast SEO plugin v24.6 - https:\/\/yoast.com\/wordpress\/plugins\/seo\/ -->\n<title>Prax \/ st\u00e1\u017e - Instytut Polski w Bratys\u0142awie<\/title>\n<meta name=\"robots\" content=\"index, follow, max-snippet:-1, max-image-preview:large, max-video-preview:-1\" \/>\n<link rel=\"canonical\" href=\"https:\/\/instytutpolski.pl\/bratislava\/o-polskom-institute\/prax\/\" \/>\n<meta property=\"og:locale\" content=\"pl_PL\" \/>\n<meta property=\"og:type\" content=\"article\" \/>\n<meta property=\"og:title\" content=\"Prax \/ st\u00e1\u017e - Instytut Polski w Bratys\u0142awie\" \/>\n<meta property=\"og:description\" content=\"Inform\u00e1cie pre z\u00e1ujemcov o prax \/ st\u00e1\u017e s\u00fa k dispoz\u00edcii na internetovej str\u00e1nke Ministerstva zahrani\u010dn\u00fdch vec\u00ed Po\u013eskej republiky.\" \/>\n<meta property=\"og:url\" content=\"https:\/\/instytutpolski.pl\/bratislava\/o-polskom-institute\/prax\/\" \/>\n<meta property=\"og:site_name\" content=\"Instytut Polski w Bratys\u0142awie\" \/>\n<meta property=\"article:modified_time\" content=\"2022-09-27T16:40:27+00:00\" \/>\n<meta name=\"twitter:card\" content=\"summary_large_image\" \/>\n<meta name=\"twitter:label1\" content=\"Szacowany czas czytania\" \/>\n\t<meta name=\"twitter:data1\" content=\"1 minuta\" \/>\n<script type=\"application\/ld+json\" class=\"yoast-schema-graph\">{\"@context\":\"https:\/\/schema.org\",\"@graph\":[{\"@type\":\"WebPage\",\"@id\":\"https:\/\/instytutpolski.pl\/bratislava\/o-polskom-institute\/prax\/\",\"url\":\"https:\/\/instytutpolski.pl\/bratislava\/o-polskom-institute\/prax\/\",\"name\":\"Prax \/ st\u00e1\u017e - Instytut Polski w Bratys\u0142awie\",\"isPartOf\":{\"@id\":\"https:\/\/instytutpolski.pl\/bratislava\/#website\"},\"datePublished\":\"2019-06-27T10:38:23+00:00\",\"dateModified\":\"2022-09-27T16:40:27+00:00\",\"breadcrumb\":{\"@id\":\"https:\/\/instytutpolski.pl\/bratislava\/o-polskom-institute\/prax\/#breadcrumb\"},\"inLanguage\":\"pl-PL\",\"potentialAction\":[{\"@type\":\"ReadAction\",\"target\":[\"https:\/\/instytutpolski.pl\/bratislava\/o-polskom-institute\/prax\/\"]}]},{\"@type\":\"BreadcrumbList\",\"@id\":\"https:\/\/instytutpolski.pl\/bratislava\/o-polskom-institute\/prax\/#breadcrumb\",\"itemListElement\":[{\"@type\":\"ListItem\",\"position\":1,\"name\":\"Home\",\"item\":\"https:\/\/instytutpolski.pl\/bratislava\/\"},{\"@type\":\"ListItem\",\"position\":2,\"name\":\"O Po\u013eskom in\u0161tit\u00fate\",\"item\":\"https:\/\/instytutpolski.pl\/bratislava\/o-polskom-institute\/\"},{\"@type\":\"ListItem\",\"position\":3,\"name\":\"Prax \/ st\u00e1\u017e\"}]},{\"@type\":\"WebSite\",\"@id\":\"https:\/\/instytutpolski.pl\/bratislava\/#website\",\"url\":\"https:\/\/instytutpolski.pl\/bratislava\/\",\"name\":\"Instytut Polski w Bratys\u0142awie\",\"description\":\"Instytuty Polskie\",\"potentialAction\":[{\"@type\":\"SearchAction\",\"target\":{\"@type\":\"EntryPoint\",\"urlTemplate\":\"https:\/\/instytutpolski.pl\/bratislava\/?s={search_term_string}\"},\"query-input\":{\"@type\":\"PropertyValueSpecification\",\"valueRequired\":true,\"valueName\":\"search_term_string\"}}],\"inLanguage\":\"pl-PL\"}]}<\/script>\n<!-- \/ Yoast SEO plugin. -->","yoast_head_json":{"title":"Prax \/ st\u00e1\u017e - Instytut Polski w Bratys\u0142awie","robots":{"index":"index","follow":"follow","max-snippet":"max-snippet:-1","max-image-preview":"max-image-preview:large","max-video-preview":"max-video-preview:-1"},"canonical":"https:\/\/instytutpolski.pl\/bratislava\/o-polskom-institute\/prax\/","og_locale":"pl_PL","og_type":"article","og_title":"Prax \/ st\u00e1\u017e - Instytut Polski w Bratys\u0142awie","og_description":"Inform\u00e1cie pre z\u00e1ujemcov o prax \/ st\u00e1\u017e s\u00fa k dispoz\u00edcii na internetovej str\u00e1nke Ministerstva zahrani\u010dn\u00fdch vec\u00ed Po\u013eskej republiky.","og_url":"https:\/\/instytutpolski.pl\/bratislava\/o-polskom-institute\/prax\/","og_site_name":"Instytut Polski w Bratys\u0142awie","article_modified_time":"2022-09-27T16:40:27+00:00","twitter_card":"summary_large_image","twitter_misc":{"Szacowany czas czytania":"1 minuta"},"schema":{"@context":"https:\/\/schema.org","@graph":[{"@type":"WebPage","@id":"https:\/\/instytutpolski.pl\/bratislava\/o-polskom-institute\/prax\/","url":"https:\/\/instytutpolski.pl\/bratislava\/o-polskom-institute\/prax\/","name":"Prax \/ st\u00e1\u017e - Instytut Polski w Bratys\u0142awie","isPartOf":{"@id":"https:\/\/instytutpolski.pl\/bratislava\/#website"},"datePublished":"2019-06-27T10:38:23+00:00","dateModified":"2022-09-27T16:40:27+00:00","breadcrumb":{"@id":"https:\/\/instytutpolski.pl\/bratislava\/o-polskom-institute\/prax\/#breadcrumb"},"inLanguage":"pl-PL","potentialAction":[{"@type":"ReadAction","target":["https:\/\/instytutpolski.pl\/bratislava\/o-polskom-institute\/prax\/"]}]},{"@type":"BreadcrumbList","@id":"https:\/\/instytutpolski.pl\/bratislava\/o-polskom-institute\/prax\/#breadcrumb","itemListElement":[{"@type":"ListItem","position":1,"name":"Home","item":"https:\/\/instytutpolski.pl\/bratislava\/"},{"@type":"ListItem","position":2,"name":"O Po\u013eskom in\u0161tit\u00fate","item":"https:\/\/instytutpolski.pl\/bratislava\/o-polskom-institute\/"},{"@type":"ListItem","position":3,"name":"Prax \/ st\u00e1\u017e"}]},{"@type":"WebSite","@id":"https:\/\/instytutpolski.pl\/bratislava\/#website","url":"https:\/\/instytutpolski.pl\/bratislava\/","name":"Instytut Polski w Bratys\u0142awie","description":"Instytuty Polskie","potentialAction":[{"@type":"SearchAction","target":{"@type":"EntryPoint","urlTemplate":"https:\/\/instytutpolski.pl\/bratislava\/?s={search_term_string}"},"query-input":{"@type":"PropertyValueSpecification","valueRequired":true,"valueName":"search_term_string"}}],"inLanguage":"pl-PL"}]}},"_links":{"self":[{"href":"https:\/\/instytutpolski.pl\/bratislava\/wp-json\/wp\/v2\/pages\/665","targetHints":{"allow":["GET"]}}],"collection":[{"href":"https:\/\/instytutpolski.pl\/bratislava\/wp-json\/wp\/v2\/pages"}],"about":[{"href":"https:\/\/instytutpolski.pl\/bratislava\/wp-json\/wp\/v2\/types\/page"}],"author":[{"embeddable":true,"href":"https:\/\/instytutpolski.pl\/bratislava\/wp-json\/wp\/v2\/users\/1"}],"replies":[{"embeddable":true,"href":"https:\/\/instytutpolski.pl\/bratislava\/wp-json\/wp\/v2\/comments?post=665"}],"version-history":[{"count":3,"href":"https:\/\/instytutpolski.pl\/bratislava\/wp-json\/wp\/v2\/pages\/665\/revisions"}],"predecessor-version":[{"id":5251,"href":"https:\/\/instytutpolski.pl\/bratislava\/wp-json\/wp\/v2\/pages\/665\/revisions\/5251"}],"up":[{"embeddable":true,"href":"https:\/\/instytutpolski.pl\/bratislava\/wp-json\/wp\/v2\/pages\/650"}],"wp:attachment":[{"href":"https:\/\/instytutpolski.pl\/bratislava\/wp-json\/wp\/v2\/media?parent=665"}],"curies":[{"name":"wp","href":"https:\/\/api.w.org\/{rel}","templated":true}]}}