{"id":669,"date":"2019-06-27T12:38:55","date_gmt":"2019-06-27T10:38:55","guid":{"rendered":"https:\/\/instytutpolski.pl\/bratyslawa\/?page_id=669"},"modified":"2026-02-18T14:44:24","modified_gmt":"2026-02-18T13:44:24","slug":"tim-pracovnici","status":"publish","type":"page","link":"https:\/\/instytutpolski.pl\/bratislava\/o-polskom-institute\/tim-pracovnici\/","title":{"rendered":"Pracovn\u00edci"},"content":{"rendered":"\n<p><strong>Vedenie:<\/strong><br><strong>Agnieszka Kwiatkowska<\/strong><br>Riadite\u013eka Po\u013esk\u00e9ho in\u0161tit\u00fatu v Bratislave<br><em>sekretari\u00e1t e-mail: bratyslawa.ip.sekretariat@msz.gov.pl<br>sekretari\u00e1t tel.: +421 2 544 32 013, +421 2 544 32 030<\/em>, <em>+421 910 273 881<\/em><\/p>\n\n\n\n<p><strong>Programov\u00e9 oddelenie:<br>Marta Miara<\/strong><br>Expert pre verejn\u00fa a kult\u00farnu diplomaciu (v\u00fdstavy, v\u00fdtvarn\u00e9 umenie)<br>e-mail: marta.miara@instytutpolski.pl<br>mob.: +421 903 265 443<\/p>\n\n\n\n<p><strong>Teresa Luk\u00e1\u010dov\u00e1<br><\/strong>Expert pre verejn\u00fa a kult\u00farnu diplomaciu (literat\u00fara, s\u00fa\u0165a\u017ee), kni\u017enica, kurzy po\u013esk\u00e9ho jazyka <br>e-mail: teresa.lukacova@instytutpolski.pl<br>tel.: +421 2 544 32 088<\/p>\n\n\n\n<p><strong>Nina Z\u00e1vodsk\u00e1<br><\/strong>Mana\u017e\u00e9rka projektov (hudba, film, divadlo)<br>e-mail: nina.zavodska@instytutpolski.pl<br>mob.: +421 911 976 309<\/p>\n\n\n\n<p><strong>Mateusz Bo\u017cek<br><\/strong>Mana\u017e\u00e9r projektov (zameran\u00fdch na v\u0161eobecn\u00fa propag\u00e1ciu, populariz\u00e1ciu vedy, cestovn\u00e9ho ruchu, hist\u00f3rie, medzin\u00e1rodn\u00e1 spolupr\u00e1ca v r\u00e1mci EUNIC)<br>e-mail: mateusz.bozek@instytutpolski.pl<br>tel.: +421 905 607 622<\/p>\n\n\n\n<p><strong>M\u00e1rio Kyse\u013e<br><\/strong>Expert pre verejn\u00fa a kult\u00farnu diplomaciu (soci\u00e1lne siete a PR)<br>e-mail: mario.kysel@instytutpolski.pl<\/p>\n\n\n\n<p><strong>Administrat\u00edvne oddelenie:<br>Adrianna Cisowska<\/strong><br>Sekretari\u00e1t<br>e-mail: bratyslawa.ip.sekretariat@msz.gov.pl<br>mob.: +421 910 273 881<br>tel.: +421 2 544 32 013, +421 2 544 32\u00a0030<\/p>\n\n\n\n<p><strong>Andrzej Ba\u0142aj<\/strong><br>Vodi\u010d &#8211; administrat\u00edva<\/p>\n\n\n\n<p><strong>Mgr. Jana Drobotov\u00e1<\/strong><br><em>matersk\u00e1 dovolenka<\/em><\/p>\n","protected":false},"excerpt":{"rendered":"<p>Vedenie:Agnieszka KwiatkowskaRiadite\u013eka Po\u013esk\u00e9ho in\u0161tit\u00fatu v Bratislavesekretari\u00e1t e-mail: bratyslawa.ip.sekretariat@msz.gov.plsekretari\u00e1t tel.: +421 2 544 32 013, +421 2 544 32 030, +421 910 273 881 Programov\u00e9 oddelenie:Marta MiaraExpert pre verejn\u00fa a kult\u00farnu diplomaciu (v\u00fdstavy, v\u00fdtvarn\u00e9 umenie)e-mail: marta.miara@instytutpolski.plmob.: +421 903 265 443 Teresa Luk\u00e1\u010dov\u00e1Expert pre verejn\u00fa a kult\u00farnu diplomaciu (literat\u00fara, s\u00fa\u0165a\u017ee), kni\u017enica, kurzy po\u013esk\u00e9ho jazyka e-mail: teresa.lukacova@instytutpolski.pltel.: +421 [&hellip;]<\/p>\n","protected":false},"author":1,"featured_media":0,"parent":650,"menu_order":0,"comment_status":"closed","ping_status":"closed","template":"","meta":{"inline_featured_image":false,"_monsterinsights_skip_tracking":false,"_monsterinsights_sitenote_active":false,"_monsterinsights_sitenote_note":"","_monsterinsights_sitenote_category":0,"footnotes":""},"class_list":["post-669","page","type-page","status-publish","hentry"],"yoast_head":"<!-- This site is optimized with the Yoast SEO plugin v24.6 - https:\/\/yoast.com\/wordpress\/plugins\/seo\/ -->\n<title>Pracovn\u00edci - Instytut Polski w Bratys\u0142awie<\/title>\n<meta name=\"robots\" content=\"index, follow, max-snippet:-1, max-image-preview:large, max-video-preview:-1\" \/>\n<link rel=\"canonical\" href=\"https:\/\/instytutpolski.pl\/bratislava\/o-polskom-institute\/tim-pracovnici\/\" \/>\n<meta property=\"og:locale\" content=\"pl_PL\" \/>\n<meta property=\"og:type\" content=\"article\" \/>\n<meta property=\"og:title\" content=\"Pracovn\u00edci - Instytut Polski w Bratys\u0142awie\" \/>\n<meta property=\"og:description\" content=\"Vedenie:Agnieszka KwiatkowskaRiadite\u013eka Po\u013esk\u00e9ho in\u0161tit\u00fatu v Bratislavesekretari\u00e1t e-mail: bratyslawa.ip.sekretariat@msz.gov.plsekretari\u00e1t tel.: +421 2 544 32 013, +421 2 544 32 030, +421 910 273 881 Programov\u00e9 oddelenie:Marta MiaraExpert pre verejn\u00fa a kult\u00farnu diplomaciu (v\u00fdstavy, v\u00fdtvarn\u00e9 umenie)e-mail: marta.miara@instytutpolski.plmob.: +421 903 265 443 Teresa Luk\u00e1\u010dov\u00e1Expert pre verejn\u00fa a kult\u00farnu diplomaciu (literat\u00fara, s\u00fa\u0165a\u017ee), kni\u017enica, kurzy po\u013esk\u00e9ho jazyka e-mail: teresa.lukacova@instytutpolski.pltel.: +421 [&hellip;]\" \/>\n<meta property=\"og:url\" content=\"https:\/\/instytutpolski.pl\/bratislava\/o-polskom-institute\/tim-pracovnici\/\" \/>\n<meta property=\"og:site_name\" content=\"Instytut Polski w Bratys\u0142awie\" \/>\n<meta property=\"article:modified_time\" content=\"2026-02-18T13:44:24+00:00\" \/>\n<meta name=\"twitter:card\" content=\"summary_large_image\" \/>\n<meta name=\"twitter:label1\" content=\"Szacowany czas czytania\" \/>\n\t<meta name=\"twitter:data1\" content=\"1 minuta\" \/>\n<script type=\"application\/ld+json\" class=\"yoast-schema-graph\">{\"@context\":\"https:\/\/schema.org\",\"@graph\":[{\"@type\":\"WebPage\",\"@id\":\"https:\/\/instytutpolski.pl\/bratislava\/o-polskom-institute\/tim-pracovnici\/\",\"url\":\"https:\/\/instytutpolski.pl\/bratislava\/o-polskom-institute\/tim-pracovnici\/\",\"name\":\"Pracovn\u00edci - Instytut Polski w Bratys\u0142awie\",\"isPartOf\":{\"@id\":\"https:\/\/instytutpolski.pl\/bratislava\/#website\"},\"datePublished\":\"2019-06-27T10:38:55+00:00\",\"dateModified\":\"2026-02-18T13:44:24+00:00\",\"breadcrumb\":{\"@id\":\"https:\/\/instytutpolski.pl\/bratislava\/o-polskom-institute\/tim-pracovnici\/#breadcrumb\"},\"inLanguage\":\"pl-PL\",\"potentialAction\":[{\"@type\":\"ReadAction\",\"target\":[\"https:\/\/instytutpolski.pl\/bratislava\/o-polskom-institute\/tim-pracovnici\/\"]}]},{\"@type\":\"BreadcrumbList\",\"@id\":\"https:\/\/instytutpolski.pl\/bratislava\/o-polskom-institute\/tim-pracovnici\/#breadcrumb\",\"itemListElement\":[{\"@type\":\"ListItem\",\"position\":1,\"name\":\"Home\",\"item\":\"https:\/\/instytutpolski.pl\/bratislava\/\"},{\"@type\":\"ListItem\",\"position\":2,\"name\":\"O Po\u013eskom in\u0161tit\u00fate\",\"item\":\"https:\/\/instytutpolski.pl\/bratislava\/o-polskom-institute\/\"},{\"@type\":\"ListItem\",\"position\":3,\"name\":\"Pracovn\u00edci\"}]},{\"@type\":\"WebSite\",\"@id\":\"https:\/\/instytutpolski.pl\/bratislava\/#website\",\"url\":\"https:\/\/instytutpolski.pl\/bratislava\/\",\"name\":\"Instytut Polski w Bratys\u0142awie\",\"description\":\"Instytuty Polskie\",\"potentialAction\":[{\"@type\":\"SearchAction\",\"target\":{\"@type\":\"EntryPoint\",\"urlTemplate\":\"https:\/\/instytutpolski.pl\/bratislava\/?s={search_term_string}\"},\"query-input\":{\"@type\":\"PropertyValueSpecification\",\"valueRequired\":true,\"valueName\":\"search_term_string\"}}],\"inLanguage\":\"pl-PL\"}]}<\/script>\n<!-- \/ Yoast SEO plugin. -->","yoast_head_json":{"title":"Pracovn\u00edci - Instytut Polski w Bratys\u0142awie","robots":{"index":"index","follow":"follow","max-snippet":"max-snippet:-1","max-image-preview":"max-image-preview:large","max-video-preview":"max-video-preview:-1"},"canonical":"https:\/\/instytutpolski.pl\/bratislava\/o-polskom-institute\/tim-pracovnici\/","og_locale":"pl_PL","og_type":"article","og_title":"Pracovn\u00edci - Instytut Polski w Bratys\u0142awie","og_description":"Vedenie:Agnieszka KwiatkowskaRiadite\u013eka Po\u013esk\u00e9ho in\u0161tit\u00fatu v Bratislavesekretari\u00e1t e-mail: bratyslawa.ip.sekretariat@msz.gov.plsekretari\u00e1t tel.: +421 2 544 32 013, +421 2 544 32 030, +421 910 273 881 Programov\u00e9 oddelenie:Marta MiaraExpert pre verejn\u00fa a kult\u00farnu diplomaciu (v\u00fdstavy, v\u00fdtvarn\u00e9 umenie)e-mail: marta.miara@instytutpolski.plmob.: +421 903 265 443 Teresa Luk\u00e1\u010dov\u00e1Expert pre verejn\u00fa a kult\u00farnu diplomaciu (literat\u00fara, s\u00fa\u0165a\u017ee), kni\u017enica, kurzy po\u013esk\u00e9ho jazyka e-mail: teresa.lukacova@instytutpolski.pltel.: +421 [&hellip;]","og_url":"https:\/\/instytutpolski.pl\/bratislava\/o-polskom-institute\/tim-pracovnici\/","og_site_name":"Instytut Polski w Bratys\u0142awie","article_modified_time":"2026-02-18T13:44:24+00:00","twitter_card":"summary_large_image","twitter_misc":{"Szacowany czas czytania":"1 minuta"},"schema":{"@context":"https:\/\/schema.org","@graph":[{"@type":"WebPage","@id":"https:\/\/instytutpolski.pl\/bratislava\/o-polskom-institute\/tim-pracovnici\/","url":"https:\/\/instytutpolski.pl\/bratislava\/o-polskom-institute\/tim-pracovnici\/","name":"Pracovn\u00edci - Instytut Polski w Bratys\u0142awie","isPartOf":{"@id":"https:\/\/instytutpolski.pl\/bratislava\/#website"},"datePublished":"2019-06-27T10:38:55+00:00","dateModified":"2026-02-18T13:44:24+00:00","breadcrumb":{"@id":"https:\/\/instytutpolski.pl\/bratislava\/o-polskom-institute\/tim-pracovnici\/#breadcrumb"},"inLanguage":"pl-PL","potentialAction":[{"@type":"ReadAction","target":["https:\/\/instytutpolski.pl\/bratislava\/o-polskom-institute\/tim-pracovnici\/"]}]},{"@type":"BreadcrumbList","@id":"https:\/\/instytutpolski.pl\/bratislava\/o-polskom-institute\/tim-pracovnici\/#breadcrumb","itemListElement":[{"@type":"ListItem","position":1,"name":"Home","item":"https:\/\/instytutpolski.pl\/bratislava\/"},{"@type":"ListItem","position":2,"name":"O Po\u013eskom in\u0161tit\u00fate","item":"https:\/\/instytutpolski.pl\/bratislava\/o-polskom-institute\/"},{"@type":"ListItem","position":3,"name":"Pracovn\u00edci"}]},{"@type":"WebSite","@id":"https:\/\/instytutpolski.pl\/bratislava\/#website","url":"https:\/\/instytutpolski.pl\/bratislava\/","name":"Instytut Polski w Bratys\u0142awie","description":"Instytuty Polskie","potentialAction":[{"@type":"SearchAction","target":{"@type":"EntryPoint","urlTemplate":"https:\/\/instytutpolski.pl\/bratislava\/?s={search_term_string}"},"query-input":{"@type":"PropertyValueSpecification","valueRequired":true,"valueName":"search_term_string"}}],"inLanguage":"pl-PL"}]}},"_links":{"self":[{"href":"https:\/\/instytutpolski.pl\/bratislava\/wp-json\/wp\/v2\/pages\/669","targetHints":{"allow":["GET"]}}],"collection":[{"href":"https:\/\/instytutpolski.pl\/bratislava\/wp-json\/wp\/v2\/pages"}],"about":[{"href":"https:\/\/instytutpolski.pl\/bratislava\/wp-json\/wp\/v2\/types\/page"}],"author":[{"embeddable":true,"href":"https:\/\/instytutpolski.pl\/bratislava\/wp-json\/wp\/v2\/users\/1"}],"replies":[{"embeddable":true,"href":"https:\/\/instytutpolski.pl\/bratislava\/wp-json\/wp\/v2\/comments?post=669"}],"version-history":[{"count":37,"href":"https:\/\/instytutpolski.pl\/bratislava\/wp-json\/wp\/v2\/pages\/669\/revisions"}],"predecessor-version":[{"id":9248,"href":"https:\/\/instytutpolski.pl\/bratislava\/wp-json\/wp\/v2\/pages\/669\/revisions\/9248"}],"up":[{"embeddable":true,"href":"https:\/\/instytutpolski.pl\/bratislava\/wp-json\/wp\/v2\/pages\/650"}],"wp:attachment":[{"href":"https:\/\/instytutpolski.pl\/bratislava\/wp-json\/wp\/v2\/media?parent=669"}],"curies":[{"name":"wp","href":"https:\/\/api.w.org\/{rel}","templated":true}]}}