{"id":671,"date":"2019-06-27T12:38:55","date_gmt":"2019-06-27T10:38:55","guid":{"rendered":"https:\/\/instytutpolski.pl\/bratyslawa\/?page_id=671"},"modified":"2026-02-18T14:44:06","modified_gmt":"2026-02-18T13:44:06","slug":"zespol","status":"publish","type":"page","link":"https:\/\/instytutpolski.pl\/bratislava\/pl\/o-instytucie-polskim\/zespol\/","title":{"rendered":"Zesp\u00f3\u0142"},"content":{"rendered":"\n<p><strong>Dyrekcja:<br>Agnieszka Kwiatkowska<\/strong><br>Dyrektor Instytutu Polskiego w Bratys\u0142awie<br><em>sekretariat e-mail: bratyslawa.ip.sekretariat@msz.gov.pl<br>sekretariat tel.: +421 2 544 32 013, +421 2 544 32 030<\/em>, <em>+421 910 273 881<\/em><\/p>\n\n\n\n<p><strong>Dzia\u0142 programowy:<br>Marta Miara<\/strong><br>Ekspert ds. dyplomacji publicznej i kulturalnej (wystawy, sztuki wizualne)<br>e-mail: marta.miara@instytutpolski.pl<br>tel. kom.: +421 903 265 443<\/p>\n\n\n\n<p><strong>Teresa Luk\u00e1\u010dov\u00e1<br><\/strong>Ekspert ds. dyplomacji publicznej i kulturalnej (literatura, konkursy), biblioteka, kursy j\u0119zyka polskiego <br>e-mail: teresa.lukacova@instytutpolski.pl<br>tel.: +421 2 544 32 088<\/p>\n\n\n\n<p><strong>Nina Z\u00e1vodsk\u00e1<br><\/strong>Mened\u017cer projekt\u00f3w (muzyka, film, teatr)<br>e-mail: nina.zavodska@instytutpolski.pl<br>tel. kom.: +421 911 976 309<\/p>\n\n\n\n<p><strong>Mateusz Bo\u017cek<br><\/strong>Mened\u017cer projekt\u00f3w (promocja og\u00f3lna, promocja naukowa, promocja turystyczna, promocja historyczna, wsp\u00f3\u0142praca mi\u0119dzynarodowa ramach EUNIC)<br>e-mail: mateusz.bozek@instytutpolski.pl<br>tel. kom.: +421 905 607 622<\/p>\n\n\n\n<p><strong>M\u00e1rio Kyse\u013e<br><\/strong>Ekspert ds. dyplomacji publicznej i kulturalnej (PR, sieci spo\u0142eczno\u015bciowe)<br>e-mail: mario.kysel@instytutpolski.pl<\/p>\n\n\n\n<p><strong>Dzia\u0142 administracyjny:<br>Adrianna Cisowska<\/strong><br>Sekretariat<br>e-mail: bratyslawa.ip.sekretariat@msz.gov.pl<br>tel. kom.: +421 910 273 881<br>tel.: +421 2 544 32 013, +421 2 544 32\u00a0030<\/p>\n\n\n\n<p><strong>Andrzej Ba\u0142aj<\/strong><em><br><\/em>Kierowca &#8211; intendent<\/p>\n\n\n\n<p><strong>Mgr. Jana Drobotov\u00e1<\/strong><br><em>urlop macierzy\u0144ski<\/em><\/p>\n","protected":false},"excerpt":{"rendered":"<p>Dyrekcja:Agnieszka KwiatkowskaDyrektor Instytutu Polskiego w Bratys\u0142awiesekretariat e-mail: bratyslawa.ip.sekretariat@msz.gov.plsekretariat tel.: +421 2 544 32 013, +421 2 544 32 030, +421 910 273 881 Dzia\u0142 programowy:Marta MiaraEkspert ds. dyplomacji publicznej i kulturalnej (wystawy, sztuki wizualne)e-mail: marta.miara@instytutpolski.pltel. kom.: +421 903 265 443 Teresa Luk\u00e1\u010dov\u00e1Ekspert ds. dyplomacji publicznej i kulturalnej (literatura, konkursy), biblioteka, kursy j\u0119zyka polskiego e-mail: teresa.lukacova@instytutpolski.pltel.: [&hellip;]<\/p>\n","protected":false},"author":1,"featured_media":0,"parent":679,"menu_order":0,"comment_status":"closed","ping_status":"closed","template":"","meta":{"inline_featured_image":false,"_monsterinsights_skip_tracking":false,"_monsterinsights_sitenote_active":false,"_monsterinsights_sitenote_note":"","_monsterinsights_sitenote_category":0,"footnotes":""},"class_list":["post-671","page","type-page","status-publish","hentry"],"yoast_head":"<!-- This site is optimized with the Yoast SEO plugin v24.6 - https:\/\/yoast.com\/wordpress\/plugins\/seo\/ -->\n<title>Zesp\u00f3\u0142 - Instytut Polski w Bratys\u0142awie<\/title>\n<meta name=\"robots\" content=\"index, follow, max-snippet:-1, max-image-preview:large, max-video-preview:-1\" \/>\n<link rel=\"canonical\" href=\"https:\/\/instytutpolski.pl\/bratislava\/pl\/o-instytucie-polskim\/zespol\/\" \/>\n<meta property=\"og:locale\" content=\"pl_PL\" \/>\n<meta property=\"og:type\" content=\"article\" \/>\n<meta property=\"og:title\" content=\"Zesp\u00f3\u0142 - Instytut Polski w Bratys\u0142awie\" \/>\n<meta property=\"og:description\" content=\"Dyrekcja:Agnieszka KwiatkowskaDyrektor Instytutu Polskiego w Bratys\u0142awiesekretariat e-mail: bratyslawa.ip.sekretariat@msz.gov.plsekretariat tel.: +421 2 544 32 013, +421 2 544 32 030, +421 910 273 881 Dzia\u0142 programowy:Marta MiaraEkspert ds. dyplomacji publicznej i kulturalnej (wystawy, sztuki wizualne)e-mail: marta.miara@instytutpolski.pltel. kom.: +421 903 265 443 Teresa Luk\u00e1\u010dov\u00e1Ekspert ds. dyplomacji publicznej i kulturalnej (literatura, konkursy), biblioteka, kursy j\u0119zyka polskiego e-mail: teresa.lukacova@instytutpolski.pltel.: [&hellip;]\" \/>\n<meta property=\"og:url\" content=\"https:\/\/instytutpolski.pl\/bratislava\/pl\/o-instytucie-polskim\/zespol\/\" \/>\n<meta property=\"og:site_name\" content=\"Instytut Polski w Bratys\u0142awie\" \/>\n<meta property=\"article:modified_time\" content=\"2026-02-18T13:44:06+00:00\" \/>\n<meta name=\"twitter:card\" content=\"summary_large_image\" \/>\n<meta name=\"twitter:label1\" content=\"Szacowany czas czytania\" \/>\n\t<meta name=\"twitter:data1\" content=\"1 minuta\" \/>\n<script type=\"application\/ld+json\" class=\"yoast-schema-graph\">{\"@context\":\"https:\/\/schema.org\",\"@graph\":[{\"@type\":\"WebPage\",\"@id\":\"https:\/\/instytutpolski.pl\/bratislava\/pl\/o-instytucie-polskim\/zespol\/\",\"url\":\"https:\/\/instytutpolski.pl\/bratislava\/pl\/o-instytucie-polskim\/zespol\/\",\"name\":\"Zesp\u00f3\u0142 - Instytut Polski w Bratys\u0142awie\",\"isPartOf\":{\"@id\":\"https:\/\/instytutpolski.pl\/bratislava\/#website\"},\"datePublished\":\"2019-06-27T10:38:55+00:00\",\"dateModified\":\"2026-02-18T13:44:06+00:00\",\"breadcrumb\":{\"@id\":\"https:\/\/instytutpolski.pl\/bratislava\/pl\/o-instytucie-polskim\/zespol\/#breadcrumb\"},\"inLanguage\":\"pl-PL\",\"potentialAction\":[{\"@type\":\"ReadAction\",\"target\":[\"https:\/\/instytutpolski.pl\/bratislava\/pl\/o-instytucie-polskim\/zespol\/\"]}]},{\"@type\":\"BreadcrumbList\",\"@id\":\"https:\/\/instytutpolski.pl\/bratislava\/pl\/o-instytucie-polskim\/zespol\/#breadcrumb\",\"itemListElement\":[{\"@type\":\"ListItem\",\"position\":1,\"name\":\"Home\",\"item\":\"https:\/\/instytutpolski.pl\/bratislava\/\"},{\"@type\":\"ListItem\",\"position\":2,\"name\":\"O Instytucie Polskim\",\"item\":\"https:\/\/instytutpolski.pl\/bratislava\/pl\/o-instytucie-polskim\/\"},{\"@type\":\"ListItem\",\"position\":3,\"name\":\"Zesp\u00f3\u0142\"}]},{\"@type\":\"WebSite\",\"@id\":\"https:\/\/instytutpolski.pl\/bratislava\/#website\",\"url\":\"https:\/\/instytutpolski.pl\/bratislava\/\",\"name\":\"Instytut Polski w Bratys\u0142awie\",\"description\":\"Instytuty Polskie\",\"potentialAction\":[{\"@type\":\"SearchAction\",\"target\":{\"@type\":\"EntryPoint\",\"urlTemplate\":\"https:\/\/instytutpolski.pl\/bratislava\/?s={search_term_string}\"},\"query-input\":{\"@type\":\"PropertyValueSpecification\",\"valueRequired\":true,\"valueName\":\"search_term_string\"}}],\"inLanguage\":\"pl-PL\"}]}<\/script>\n<!-- \/ Yoast SEO plugin. -->","yoast_head_json":{"title":"Zesp\u00f3\u0142 - Instytut Polski w Bratys\u0142awie","robots":{"index":"index","follow":"follow","max-snippet":"max-snippet:-1","max-image-preview":"max-image-preview:large","max-video-preview":"max-video-preview:-1"},"canonical":"https:\/\/instytutpolski.pl\/bratislava\/pl\/o-instytucie-polskim\/zespol\/","og_locale":"pl_PL","og_type":"article","og_title":"Zesp\u00f3\u0142 - Instytut Polski w Bratys\u0142awie","og_description":"Dyrekcja:Agnieszka KwiatkowskaDyrektor Instytutu Polskiego w Bratys\u0142awiesekretariat e-mail: bratyslawa.ip.sekretariat@msz.gov.plsekretariat tel.: +421 2 544 32 013, +421 2 544 32 030, +421 910 273 881 Dzia\u0142 programowy:Marta MiaraEkspert ds. dyplomacji publicznej i kulturalnej (wystawy, sztuki wizualne)e-mail: marta.miara@instytutpolski.pltel. kom.: +421 903 265 443 Teresa Luk\u00e1\u010dov\u00e1Ekspert ds. dyplomacji publicznej i kulturalnej (literatura, konkursy), biblioteka, kursy j\u0119zyka polskiego e-mail: teresa.lukacova@instytutpolski.pltel.: [&hellip;]","og_url":"https:\/\/instytutpolski.pl\/bratislava\/pl\/o-instytucie-polskim\/zespol\/","og_site_name":"Instytut Polski w Bratys\u0142awie","article_modified_time":"2026-02-18T13:44:06+00:00","twitter_card":"summary_large_image","twitter_misc":{"Szacowany czas czytania":"1 minuta"},"schema":{"@context":"https:\/\/schema.org","@graph":[{"@type":"WebPage","@id":"https:\/\/instytutpolski.pl\/bratislava\/pl\/o-instytucie-polskim\/zespol\/","url":"https:\/\/instytutpolski.pl\/bratislava\/pl\/o-instytucie-polskim\/zespol\/","name":"Zesp\u00f3\u0142 - Instytut Polski w Bratys\u0142awie","isPartOf":{"@id":"https:\/\/instytutpolski.pl\/bratislava\/#website"},"datePublished":"2019-06-27T10:38:55+00:00","dateModified":"2026-02-18T13:44:06+00:00","breadcrumb":{"@id":"https:\/\/instytutpolski.pl\/bratislava\/pl\/o-instytucie-polskim\/zespol\/#breadcrumb"},"inLanguage":"pl-PL","potentialAction":[{"@type":"ReadAction","target":["https:\/\/instytutpolski.pl\/bratislava\/pl\/o-instytucie-polskim\/zespol\/"]}]},{"@type":"BreadcrumbList","@id":"https:\/\/instytutpolski.pl\/bratislava\/pl\/o-instytucie-polskim\/zespol\/#breadcrumb","itemListElement":[{"@type":"ListItem","position":1,"name":"Home","item":"https:\/\/instytutpolski.pl\/bratislava\/"},{"@type":"ListItem","position":2,"name":"O Instytucie Polskim","item":"https:\/\/instytutpolski.pl\/bratislava\/pl\/o-instytucie-polskim\/"},{"@type":"ListItem","position":3,"name":"Zesp\u00f3\u0142"}]},{"@type":"WebSite","@id":"https:\/\/instytutpolski.pl\/bratislava\/#website","url":"https:\/\/instytutpolski.pl\/bratislava\/","name":"Instytut Polski w Bratys\u0142awie","description":"Instytuty Polskie","potentialAction":[{"@type":"SearchAction","target":{"@type":"EntryPoint","urlTemplate":"https:\/\/instytutpolski.pl\/bratislava\/?s={search_term_string}"},"query-input":{"@type":"PropertyValueSpecification","valueRequired":true,"valueName":"search_term_string"}}],"inLanguage":"pl-PL"}]}},"_links":{"self":[{"href":"https:\/\/instytutpolski.pl\/bratislava\/wp-json\/wp\/v2\/pages\/671","targetHints":{"allow":["GET"]}}],"collection":[{"href":"https:\/\/instytutpolski.pl\/bratislava\/wp-json\/wp\/v2\/pages"}],"about":[{"href":"https:\/\/instytutpolski.pl\/bratislava\/wp-json\/wp\/v2\/types\/page"}],"author":[{"embeddable":true,"href":"https:\/\/instytutpolski.pl\/bratislava\/wp-json\/wp\/v2\/users\/1"}],"replies":[{"embeddable":true,"href":"https:\/\/instytutpolski.pl\/bratislava\/wp-json\/wp\/v2\/comments?post=671"}],"version-history":[{"count":38,"href":"https:\/\/instytutpolski.pl\/bratislava\/wp-json\/wp\/v2\/pages\/671\/revisions"}],"predecessor-version":[{"id":9247,"href":"https:\/\/instytutpolski.pl\/bratislava\/wp-json\/wp\/v2\/pages\/671\/revisions\/9247"}],"up":[{"embeddable":true,"href":"https:\/\/instytutpolski.pl\/bratislava\/wp-json\/wp\/v2\/pages\/679"}],"wp:attachment":[{"href":"https:\/\/instytutpolski.pl\/bratislava\/wp-json\/wp\/v2\/media?parent=671"}],"curies":[{"name":"wp","href":"https:\/\/api.w.org\/{rel}","templated":true}]}}