{"id":675,"date":"2019-06-27T12:40:48","date_gmt":"2019-06-27T10:40:48","guid":{"rendered":"https:\/\/instytutpolski.pl\/bratyslawa\/?page_id=675"},"modified":"2022-09-27T18:57:22","modified_gmt":"2022-09-27T16:57:22","slug":"wspolpraca","status":"publish","type":"page","link":"https:\/\/instytutpolski.pl\/bratislava\/pl\/o-instytucie-polskim\/wspolpraca\/","title":{"rendered":"Wsp\u00f3\u0142praca"},"content":{"rendered":"\n<p>Instytut Polski w Bratys\u0142awie anga\u017cuje si\u0119 w ponad 180 przedsi\u0119wzi\u0119\u0107 rocznie. Blisko po\u0142ow\u0119 z nich realizujemy poza nasz\u0105 siedzib\u0105 i poza Bratys\u0142aw\u0105. Wsp\u00f3\u0142pracujemy przede wszystkim z tw\u00f3rcami i instytucjami polskimi, ale liczne s\u0105 te\u017c projekty promuj\u0105ce polsk\u0105 kultur\u0119 realizowane ze s\u0142owackimi partnerami: tw\u00f3rcami, instytucjami, stowarzyszeniami. Opr\u00f3cz wsparcia informacyjnego i promocyjnego, oferujemy wsparcie organizacyjne, materialne, techniczne, logistyczne czy finansowe.<\/p>\n\n\n\n<p><strong>Wszystkich ch\u0119tnych zapraszamy do zg\u0142aszania pomys\u0142\u00f3w i projekt\u00f3w. <\/strong>Powinny one zawiera\u0107 podstawowe informacje: udzia\u0142 polskich uczestnik\u00f3w, odniesienie do polskiej tw\u00f3rczo\u015bci (np. przedstawienie teatralne, film, utw\u00f3r muzyczny), termin i miejsce realizacji, bud\u017cet ca\u0142kowity, w tym inne \u017ar\u00f3d\u0142a finansowania, sposoby promocji, do kogo projekt jest skierowany, jaka publiczno\u015b\u0107 jest spodziewana, zobowi\u0105zania g\u0142\u00f3wnego organizatora przedsi\u0119wzi\u0119cia,\u00a0oczekiwania wobec Instytutu Polskiego. Mile widziana jest skr\u00f3towa informacja o wydarzeniu, kt\u00f3r\u0105 mo\u017cemy umie\u015bci\u0107 w programie IP. Podstawowym kryterium oceny jest promocja polskiej kultury i polsko-s\u0142owackiej wsp\u00f3\u0142pracy kulturalnej.\u00a0\u00a0 <\/p>\n\n\n\n<p><strong>Im szybciej b\u0119dziemy wiedzie\u0107 o nowym projekcie, im wi\u0119cej b\u0119dziemy o nim wiedzie\u0107, tym wi\u0119ksza szansa na jego realizacj\u0119.<\/strong><\/p>\n\n\n\n<p><strong>Nasz program przygotowujemy w interwa\u0142ach kwartalnych.<\/strong> Zgodnie z obowi\u0105zuj\u0105cymi nas procedurami, projekt programu kwartalnego wysy\u0142amy do akceptacji do Departamentu Dyplomacji Publicznej i Kulturalnej MSZ. Dopiero jego decyzja stanowi potwierdzenie wsparcia Instytutu Polskiego dla danego projektu. Wszystkie projekty wsparte przez Instytut powinny by\u0107 opatrzone naszym logo \u2013 jest to minimalny warunek wsp\u00f3\u0142pracy.<\/p>\n\n\n\n<p>Zdaj\u0105c sobie\nspraw\u0119, \u017ce nie wszystkie projekty bywaj\u0105 realizowane zgodnie z planem,\noczekujemy te\u017c bezzw\u0142ocznej informacji o mo\u017cliwych zmianach w terminie i\nlokalizacji przedsi\u0119wzi\u0119cia, jego uczestnikach.<\/p>\n\n\n\n<p>Propozycje projekt\u00f3w mo\u017cecie wys\u0142a\u0107 do nas mailem na adres <strong>bratyslawa.ip.sekretariat@msz.gov.pl<\/strong>, lub poczt\u0105 na adres:<\/p>\n\n\n\n<p><strong>Po\u013esk\u00fd in\u0161tit\u00fat<br>PO Box. 153<br>N\u00e1m. SNP 27<br>814 99 Bratislava<\/strong><\/p>\n","protected":false},"excerpt":{"rendered":"<p>Instytut Polski w Bratys\u0142awie anga\u017cuje si\u0119 w ponad 180 przedsi\u0119wzi\u0119\u0107 rocznie. Blisko po\u0142ow\u0119 z nich realizujemy poza nasz\u0105 siedzib\u0105 i poza Bratys\u0142aw\u0105. Wsp\u00f3\u0142pracujemy przede wszystkim z tw\u00f3rcami i instytucjami polskimi, ale liczne s\u0105 te\u017c projekty promuj\u0105ce polsk\u0105 kultur\u0119 realizowane ze s\u0142owackimi partnerami: tw\u00f3rcami, instytucjami, stowarzyszeniami. Opr\u00f3cz wsparcia informacyjnego i promocyjnego, oferujemy wsparcie organizacyjne, materialne, techniczne, [&hellip;]<\/p>\n","protected":false},"author":1,"featured_media":0,"parent":679,"menu_order":0,"comment_status":"closed","ping_status":"closed","template":"","meta":{"inline_featured_image":false,"_monsterinsights_skip_tracking":false,"_monsterinsights_sitenote_active":false,"_monsterinsights_sitenote_note":"","_monsterinsights_sitenote_category":0,"footnotes":""},"class_list":["post-675","page","type-page","status-publish","hentry"],"yoast_head":"<!-- This site is optimized with the Yoast SEO plugin v24.6 - https:\/\/yoast.com\/wordpress\/plugins\/seo\/ -->\n<title>Wsp\u00f3\u0142praca - Instytut Polski w Bratys\u0142awie<\/title>\n<meta name=\"robots\" content=\"index, follow, max-snippet:-1, max-image-preview:large, max-video-preview:-1\" \/>\n<link rel=\"canonical\" href=\"https:\/\/instytutpolski.pl\/bratislava\/pl\/o-instytucie-polskim\/wspolpraca\/\" \/>\n<meta property=\"og:locale\" content=\"pl_PL\" \/>\n<meta property=\"og:type\" content=\"article\" \/>\n<meta property=\"og:title\" content=\"Wsp\u00f3\u0142praca - Instytut Polski w Bratys\u0142awie\" \/>\n<meta property=\"og:description\" content=\"Instytut Polski w Bratys\u0142awie anga\u017cuje si\u0119 w ponad 180 przedsi\u0119wzi\u0119\u0107 rocznie. Blisko po\u0142ow\u0119 z nich realizujemy poza nasz\u0105 siedzib\u0105 i poza Bratys\u0142aw\u0105. Wsp\u00f3\u0142pracujemy przede wszystkim z tw\u00f3rcami i instytucjami polskimi, ale liczne s\u0105 te\u017c projekty promuj\u0105ce polsk\u0105 kultur\u0119 realizowane ze s\u0142owackimi partnerami: tw\u00f3rcami, instytucjami, stowarzyszeniami. Opr\u00f3cz wsparcia informacyjnego i promocyjnego, oferujemy wsparcie organizacyjne, materialne, techniczne, [&hellip;]\" \/>\n<meta property=\"og:url\" content=\"https:\/\/instytutpolski.pl\/bratislava\/pl\/o-instytucie-polskim\/wspolpraca\/\" \/>\n<meta property=\"og:site_name\" content=\"Instytut Polski w Bratys\u0142awie\" \/>\n<meta property=\"article:modified_time\" content=\"2022-09-27T16:57:22+00:00\" \/>\n<meta name=\"twitter:card\" content=\"summary_large_image\" \/>\n<meta name=\"twitter:label1\" content=\"Szacowany czas czytania\" \/>\n\t<meta name=\"twitter:data1\" content=\"2 minuty\" \/>\n<script type=\"application\/ld+json\" class=\"yoast-schema-graph\">{\"@context\":\"https:\/\/schema.org\",\"@graph\":[{\"@type\":\"WebPage\",\"@id\":\"https:\/\/instytutpolski.pl\/bratislava\/pl\/o-instytucie-polskim\/wspolpraca\/\",\"url\":\"https:\/\/instytutpolski.pl\/bratislava\/pl\/o-instytucie-polskim\/wspolpraca\/\",\"name\":\"Wsp\u00f3\u0142praca - Instytut Polski w Bratys\u0142awie\",\"isPartOf\":{\"@id\":\"https:\/\/instytutpolski.pl\/bratislava\/#website\"},\"datePublished\":\"2019-06-27T10:40:48+00:00\",\"dateModified\":\"2022-09-27T16:57:22+00:00\",\"breadcrumb\":{\"@id\":\"https:\/\/instytutpolski.pl\/bratislava\/pl\/o-instytucie-polskim\/wspolpraca\/#breadcrumb\"},\"inLanguage\":\"pl-PL\",\"potentialAction\":[{\"@type\":\"ReadAction\",\"target\":[\"https:\/\/instytutpolski.pl\/bratislava\/pl\/o-instytucie-polskim\/wspolpraca\/\"]}]},{\"@type\":\"BreadcrumbList\",\"@id\":\"https:\/\/instytutpolski.pl\/bratislava\/pl\/o-instytucie-polskim\/wspolpraca\/#breadcrumb\",\"itemListElement\":[{\"@type\":\"ListItem\",\"position\":1,\"name\":\"Home\",\"item\":\"https:\/\/instytutpolski.pl\/bratislava\/\"},{\"@type\":\"ListItem\",\"position\":2,\"name\":\"O Instytucie Polskim\",\"item\":\"https:\/\/instytutpolski.pl\/bratislava\/pl\/o-instytucie-polskim\/\"},{\"@type\":\"ListItem\",\"position\":3,\"name\":\"Wsp\u00f3\u0142praca\"}]},{\"@type\":\"WebSite\",\"@id\":\"https:\/\/instytutpolski.pl\/bratislava\/#website\",\"url\":\"https:\/\/instytutpolski.pl\/bratislava\/\",\"name\":\"Instytut Polski w Bratys\u0142awie\",\"description\":\"Instytuty Polskie\",\"potentialAction\":[{\"@type\":\"SearchAction\",\"target\":{\"@type\":\"EntryPoint\",\"urlTemplate\":\"https:\/\/instytutpolski.pl\/bratislava\/?s={search_term_string}\"},\"query-input\":{\"@type\":\"PropertyValueSpecification\",\"valueRequired\":true,\"valueName\":\"search_term_string\"}}],\"inLanguage\":\"pl-PL\"}]}<\/script>\n<!-- \/ Yoast SEO plugin. -->","yoast_head_json":{"title":"Wsp\u00f3\u0142praca - Instytut Polski w Bratys\u0142awie","robots":{"index":"index","follow":"follow","max-snippet":"max-snippet:-1","max-image-preview":"max-image-preview:large","max-video-preview":"max-video-preview:-1"},"canonical":"https:\/\/instytutpolski.pl\/bratislava\/pl\/o-instytucie-polskim\/wspolpraca\/","og_locale":"pl_PL","og_type":"article","og_title":"Wsp\u00f3\u0142praca - Instytut Polski w Bratys\u0142awie","og_description":"Instytut Polski w Bratys\u0142awie anga\u017cuje si\u0119 w ponad 180 przedsi\u0119wzi\u0119\u0107 rocznie. Blisko po\u0142ow\u0119 z nich realizujemy poza nasz\u0105 siedzib\u0105 i poza Bratys\u0142aw\u0105. Wsp\u00f3\u0142pracujemy przede wszystkim z tw\u00f3rcami i instytucjami polskimi, ale liczne s\u0105 te\u017c projekty promuj\u0105ce polsk\u0105 kultur\u0119 realizowane ze s\u0142owackimi partnerami: tw\u00f3rcami, instytucjami, stowarzyszeniami. Opr\u00f3cz wsparcia informacyjnego i promocyjnego, oferujemy wsparcie organizacyjne, materialne, techniczne, [&hellip;]","og_url":"https:\/\/instytutpolski.pl\/bratislava\/pl\/o-instytucie-polskim\/wspolpraca\/","og_site_name":"Instytut Polski w Bratys\u0142awie","article_modified_time":"2022-09-27T16:57:22+00:00","twitter_card":"summary_large_image","twitter_misc":{"Szacowany czas czytania":"2 minuty"},"schema":{"@context":"https:\/\/schema.org","@graph":[{"@type":"WebPage","@id":"https:\/\/instytutpolski.pl\/bratislava\/pl\/o-instytucie-polskim\/wspolpraca\/","url":"https:\/\/instytutpolski.pl\/bratislava\/pl\/o-instytucie-polskim\/wspolpraca\/","name":"Wsp\u00f3\u0142praca - Instytut Polski w Bratys\u0142awie","isPartOf":{"@id":"https:\/\/instytutpolski.pl\/bratislava\/#website"},"datePublished":"2019-06-27T10:40:48+00:00","dateModified":"2022-09-27T16:57:22+00:00","breadcrumb":{"@id":"https:\/\/instytutpolski.pl\/bratislava\/pl\/o-instytucie-polskim\/wspolpraca\/#breadcrumb"},"inLanguage":"pl-PL","potentialAction":[{"@type":"ReadAction","target":["https:\/\/instytutpolski.pl\/bratislava\/pl\/o-instytucie-polskim\/wspolpraca\/"]}]},{"@type":"BreadcrumbList","@id":"https:\/\/instytutpolski.pl\/bratislava\/pl\/o-instytucie-polskim\/wspolpraca\/#breadcrumb","itemListElement":[{"@type":"ListItem","position":1,"name":"Home","item":"https:\/\/instytutpolski.pl\/bratislava\/"},{"@type":"ListItem","position":2,"name":"O Instytucie Polskim","item":"https:\/\/instytutpolski.pl\/bratislava\/pl\/o-instytucie-polskim\/"},{"@type":"ListItem","position":3,"name":"Wsp\u00f3\u0142praca"}]},{"@type":"WebSite","@id":"https:\/\/instytutpolski.pl\/bratislava\/#website","url":"https:\/\/instytutpolski.pl\/bratislava\/","name":"Instytut Polski w Bratys\u0142awie","description":"Instytuty Polskie","potentialAction":[{"@type":"SearchAction","target":{"@type":"EntryPoint","urlTemplate":"https:\/\/instytutpolski.pl\/bratislava\/?s={search_term_string}"},"query-input":{"@type":"PropertyValueSpecification","valueRequired":true,"valueName":"search_term_string"}}],"inLanguage":"pl-PL"}]}},"_links":{"self":[{"href":"https:\/\/instytutpolski.pl\/bratislava\/wp-json\/wp\/v2\/pages\/675","targetHints":{"allow":["GET"]}}],"collection":[{"href":"https:\/\/instytutpolski.pl\/bratislava\/wp-json\/wp\/v2\/pages"}],"about":[{"href":"https:\/\/instytutpolski.pl\/bratislava\/wp-json\/wp\/v2\/types\/page"}],"author":[{"embeddable":true,"href":"https:\/\/instytutpolski.pl\/bratislava\/wp-json\/wp\/v2\/users\/1"}],"replies":[{"embeddable":true,"href":"https:\/\/instytutpolski.pl\/bratislava\/wp-json\/wp\/v2\/comments?post=675"}],"version-history":[{"count":5,"href":"https:\/\/instytutpolski.pl\/bratislava\/wp-json\/wp\/v2\/pages\/675\/revisions"}],"predecessor-version":[{"id":5257,"href":"https:\/\/instytutpolski.pl\/bratislava\/wp-json\/wp\/v2\/pages\/675\/revisions\/5257"}],"up":[{"embeddable":true,"href":"https:\/\/instytutpolski.pl\/bratislava\/wp-json\/wp\/v2\/pages\/679"}],"wp:attachment":[{"href":"https:\/\/instytutpolski.pl\/bratislava\/wp-json\/wp\/v2\/media?parent=675"}],"curies":[{"name":"wp","href":"https:\/\/api.w.org\/{rel}","templated":true}]}}