{"id":679,"date":"2019-06-27T12:43:54","date_gmt":"2019-06-27T10:43:54","guid":{"rendered":"https:\/\/instytutpolski.pl\/bratyslawa\/?page_id=679"},"modified":"2020-02-06T19:23:32","modified_gmt":"2020-02-06T18:23:32","slug":"o-instytucie-polskim","status":"publish","type":"page","link":"https:\/\/instytutpolski.pl\/bratislava\/pl\/o-instytucie-polskim\/","title":{"rendered":"O Instytucie Polskim"},"content":{"rendered":"\n<p>Dzie\u0144 dobry, Polska w\nsercu Bratys\u0142awy! Tak mo\u017cna okre\u015bli\u0107 Instytut Polski w stolicy S\u0142owacji. Mimo\nr\u00f3\u017cnych nazw, lokalizacji czy zmian organizacyjnych, dzia\u0142amy w Bratys\u0142awie i\nna S\u0142owacji od 1950 r. W niepodleg\u0142ej S\u0142owacji od 1994 r. dzia\u0142amy pod nazw\u0105\nInstytut Polski. Od ponad 60 lat dysponujemy siedzib\u0105 przy Placu S\u0142owackiego\nPowstania Narodowego 27. Dzi\u0119ki temu tak silnie wro\u015bli\u015bmy w bratys\u0142awski\npejza\u017c. Powsta\u0142o nawet powiedzenie \u201espotkajmy si\u0119 u Polak\u00f3w\u201d, oznaczaj\u0105ce\nspotkanie na rogu Placu SNP i ulicy Klobucznickiej, przed siedzib\u0105 Instytutu\nPolskiego.<\/p>\n\n\n\n<p>W swoim dzia\u0142aniu\nkierujemy si\u0119 przede wszystkim wytycznymi polskiej polityki zagranicznej oraz\npriorytetami dyplomacji publicznej i kulturalnej, okre\u015blanymi przez\nMinisterstwo Spraw Zagranicznych. Istotne znaczenie dla dzia\u0142ania IP ma te\u017c\numowa o wsp\u00f3\u0142pracy kulturalnej, o\u015bwiatowej i naukowej zawarta mi\u0119dzy rz\u0105dami\nPolski i S\u0142owacji 23 marca 2000 r. Okre\u015bla ona w ramowy spos\u00f3b najwa\u017cniejsze\ndziedziny i sposoby promocji i wsp\u00f3\u0142pracy naszych pa\u0144stw w tej dziedzinie. Jej\nroboczym uzupe\u0142nieniem s\u0105 programy wsp\u00f3\u0142pracy \u2013 obecnie obowi\u0105zuj\u0105cy zosta\u0142\nzawarty na lata 2015-18.<\/p>\n\n\n\n<p>Podstawowym zadaniem IP\npozostaje promowanie polskiej kultury, sztuki, nauki, edukacji, dziedzictwa i\ntradycji, nauczania j\u0119zyka polskiego, historii i studi\u00f3w o Polsce, polskich\ntw\u00f3rc\u00f3w, polskiej kreatywno\u015bci. U\u0142atwiamy tak\u017ce wsp\u00f3\u0142prac\u0119 mi\u0119dzy Polsk\u0105 a\nS\u0142owacj\u0105, Polakami a S\u0142owakami w tych dziedzinach. Dbamy o kszta\u0142towanie\npozytywnego obrazu Polski i Polak\u00f3w w\u015br\u00f3d S\u0142owak\u00f3w. To wszystko w ramach\nszeroko rozumianej promocji \u201emarki Polska\u201d. W tym celu wsp\u00f3\u0142dzia\u0142amy nie tylko\nz polskimi instytucjami i tw\u00f3rcami, ale tak\u017ce z instytucjami s\u0142owackimi i\ns\u0142owackimi artystami, oraz z Polakami mieszkaj\u0105cymi na S\u0142owacji.<\/p>\n\n\n\n<p>Nasze dzia\u0142ania lokuj\u0105\nInstytut po\u015br\u00f3d najbardziej aktywnych instytucji pa\u0144stw trzecich na S\u0142owacji.\nIP w Bratys\u0142awie dysponuje w\u0142asn\u0105 galeri\u0105-sal\u0105 wystawowo-koncertow\u0105,\npozwalaj\u0105c\u0105 na du\u017c\u0105 swobod\u0119 w prezentowaniu r\u00f3\u017cnego rodzaju wystaw, organizacji\nkoncert\u00f3w, spotka\u0144 literackich czy dyskusji publicznych. Utrzymujemy czytelni\u0119\ni bibliotek\u0119 ze zbiorem ponad 11 tysi\u0119cy ksi\u0105\u017cek, czasopism i audiobook\u00f3w.\nPosiadamy te\u017c w\u0142asny zas\u00f3b DVD z polskimi filmami i p\u0142yt CD z polsk\u0105 muzyk\u0105.\nOrganizujemy lektoraty j\u0119zyka polskiego, niezmiennie ciesz\u0105ce si\u0119\nzainteresowaniem wielu S\u0142owak\u00f3w.<\/p>\n\n\n\n<p>Instytut Polski w\nBratys\u0142awie jest r\u00f3wnie\u017c cz\u0142onkiem bratys\u0142awskiego klastra EUNIC (EU National\nInstitutes of Culture), grupuj\u0105cego kilkana\u015bcie podobnych instytut\u00f3w kultury i\nambasad pa\u0144stw UE i stowarzyszonych. Wi\u0119cej informacji o dzia\u0142alno\u015bci klastra\nEUNIC dowiesz si\u0119 na www.bratislava.eunic-online.eu.<\/p>\n\n\n\n<p><strong>INSTYTUTY POLSKIE NA\n\u015aWIECIE<\/strong><\/p>\n\n\n\n<p>Instytut Polski w Bratys\u0142awie jest jednym z 24 podobnych instytut\u00f3w, dzia\u0142aj\u0105cych na \u015bwiecie. Zdecydowana wi\u0119kszo\u015b\u0107 z nich znajduje si\u0119 w Europie, w tym po dwa w Niemczech i Rosji. Poza Europ\u0105 istniej\u0105 instytuty w Stanach Zjednoczonych, Japonii, Indiach, Chinach oraz Izraelu. Podlegaj\u0105 one Ministerstwu Spraw Zagranicznych. Wi\u0119cej informacji o misji instytut\u00f3w polskich znajdziecie Pa\u0144stwo <a href=\"http:\/\/www.msz.gov.pl\/pl\/p\/msz_pl\/polityka_zagraniczna\/dyplomacja_publiczna\/instytuty_polskie\/instytuty_polskie\/__rp0x2Content!143030@16575_pageNo\/1?\">tutaj<\/a>.<\/p>\n","protected":false},"excerpt":{"rendered":"<p>Dzie\u0144 dobry, Polska w sercu Bratys\u0142awy! Tak mo\u017cna okre\u015bli\u0107 Instytut Polski w stolicy S\u0142owacji. Mimo r\u00f3\u017cnych nazw, lokalizacji czy zmian organizacyjnych, dzia\u0142amy w Bratys\u0142awie i na S\u0142owacji od 1950 r. W niepodleg\u0142ej S\u0142owacji od 1994 r. dzia\u0142amy pod nazw\u0105 Instytut Polski. Od ponad 60 lat dysponujemy siedzib\u0105 przy Placu S\u0142owackiego Powstania Narodowego 27. Dzi\u0119ki temu [&hellip;]<\/p>\n","protected":false},"author":1,"featured_media":5274,"parent":0,"menu_order":0,"comment_status":"closed","ping_status":"closed","template":"page-big-event.php","meta":{"inline_featured_image":false,"_monsterinsights_skip_tracking":false,"_monsterinsights_sitenote_active":false,"_monsterinsights_sitenote_note":"","_monsterinsights_sitenote_category":0,"footnotes":""},"class_list":["post-679","page","type-page","status-publish","has-post-thumbnail","hentry"],"yoast_head":"<!-- This site is optimized with the Yoast SEO plugin v24.6 - https:\/\/yoast.com\/wordpress\/plugins\/seo\/ -->\n<title>O Instytucie Polskim - Instytut Polski w Bratys\u0142awie<\/title>\n<meta name=\"robots\" content=\"index, follow, max-snippet:-1, max-image-preview:large, max-video-preview:-1\" \/>\n<link rel=\"canonical\" href=\"https:\/\/instytutpolski.pl\/bratislava\/pl\/o-instytucie-polskim\/\" \/>\n<meta property=\"og:locale\" content=\"pl_PL\" \/>\n<meta property=\"og:type\" content=\"article\" \/>\n<meta property=\"og:title\" content=\"O Instytucie Polskim - Instytut Polski w Bratys\u0142awie\" \/>\n<meta property=\"og:description\" content=\"Dzie\u0144 dobry, Polska w sercu Bratys\u0142awy! Tak mo\u017cna okre\u015bli\u0107 Instytut Polski w stolicy S\u0142owacji. Mimo r\u00f3\u017cnych nazw, lokalizacji czy zmian organizacyjnych, dzia\u0142amy w Bratys\u0142awie i na S\u0142owacji od 1950 r. W niepodleg\u0142ej S\u0142owacji od 1994 r. dzia\u0142amy pod nazw\u0105 Instytut Polski. Od ponad 60 lat dysponujemy siedzib\u0105 przy Placu S\u0142owackiego Powstania Narodowego 27. Dzi\u0119ki temu [&hellip;]\" \/>\n<meta property=\"og:url\" content=\"https:\/\/instytutpolski.pl\/bratislava\/pl\/o-instytucie-polskim\/\" \/>\n<meta property=\"og:site_name\" content=\"Instytut Polski w Bratys\u0142awie\" \/>\n<meta property=\"article:modified_time\" content=\"2020-02-06T18:23:32+00:00\" \/>\n<meta name=\"twitter:card\" content=\"summary_large_image\" \/>\n<meta name=\"twitter:label1\" content=\"Szacowany czas czytania\" \/>\n\t<meta name=\"twitter:data1\" content=\"3 minuty\" \/>\n<script type=\"application\/ld+json\" class=\"yoast-schema-graph\">{\"@context\":\"https:\/\/schema.org\",\"@graph\":[{\"@type\":\"WebPage\",\"@id\":\"https:\/\/instytutpolski.pl\/bratislava\/pl\/o-instytucie-polskim\/\",\"url\":\"https:\/\/instytutpolski.pl\/bratislava\/pl\/o-instytucie-polskim\/\",\"name\":\"O Instytucie Polskim - Instytut Polski w Bratys\u0142awie\",\"isPartOf\":{\"@id\":\"https:\/\/instytutpolski.pl\/bratislava\/#website\"},\"primaryImageOfPage\":{\"@id\":\"https:\/\/instytutpolski.pl\/bratislava\/pl\/o-instytucie-polskim\/#primaryimage\"},\"image\":{\"@id\":\"https:\/\/instytutpolski.pl\/bratislava\/pl\/o-instytucie-polskim\/#primaryimage\"},\"thumbnailUrl\":\"https:\/\/instytutpolski.pl\/bratislava\/wp-content\/uploads\/sites\/13\/2022\/09\/IPB.png\",\"datePublished\":\"2019-06-27T10:43:54+00:00\",\"dateModified\":\"2020-02-06T18:23:32+00:00\",\"breadcrumb\":{\"@id\":\"https:\/\/instytutpolski.pl\/bratislava\/pl\/o-instytucie-polskim\/#breadcrumb\"},\"inLanguage\":\"pl-PL\",\"potentialAction\":[{\"@type\":\"ReadAction\",\"target\":[\"https:\/\/instytutpolski.pl\/bratislava\/pl\/o-instytucie-polskim\/\"]}]},{\"@type\":\"ImageObject\",\"inLanguage\":\"pl-PL\",\"@id\":\"https:\/\/instytutpolski.pl\/bratislava\/pl\/o-instytucie-polskim\/#primaryimage\",\"url\":\"https:\/\/instytutpolski.pl\/bratislava\/wp-content\/uploads\/sites\/13\/2022\/09\/IPB.png\",\"contentUrl\":\"https:\/\/instytutpolski.pl\/bratislava\/wp-content\/uploads\/sites\/13\/2022\/09\/IPB.png\",\"width\":3840,\"height\":1981},{\"@type\":\"BreadcrumbList\",\"@id\":\"https:\/\/instytutpolski.pl\/bratislava\/pl\/o-instytucie-polskim\/#breadcrumb\",\"itemListElement\":[{\"@type\":\"ListItem\",\"position\":1,\"name\":\"Home\",\"item\":\"https:\/\/instytutpolski.pl\/bratislava\/\"},{\"@type\":\"ListItem\",\"position\":2,\"name\":\"O Instytucie Polskim\"}]},{\"@type\":\"WebSite\",\"@id\":\"https:\/\/instytutpolski.pl\/bratislava\/#website\",\"url\":\"https:\/\/instytutpolski.pl\/bratislava\/\",\"name\":\"Instytut Polski w Bratys\u0142awie\",\"description\":\"Instytuty Polskie\",\"potentialAction\":[{\"@type\":\"SearchAction\",\"target\":{\"@type\":\"EntryPoint\",\"urlTemplate\":\"https:\/\/instytutpolski.pl\/bratislava\/?s={search_term_string}\"},\"query-input\":{\"@type\":\"PropertyValueSpecification\",\"valueRequired\":true,\"valueName\":\"search_term_string\"}}],\"inLanguage\":\"pl-PL\"}]}<\/script>\n<!-- \/ Yoast SEO plugin. -->","yoast_head_json":{"title":"O Instytucie Polskim - Instytut Polski w Bratys\u0142awie","robots":{"index":"index","follow":"follow","max-snippet":"max-snippet:-1","max-image-preview":"max-image-preview:large","max-video-preview":"max-video-preview:-1"},"canonical":"https:\/\/instytutpolski.pl\/bratislava\/pl\/o-instytucie-polskim\/","og_locale":"pl_PL","og_type":"article","og_title":"O Instytucie Polskim - Instytut Polski w Bratys\u0142awie","og_description":"Dzie\u0144 dobry, Polska w sercu Bratys\u0142awy! Tak mo\u017cna okre\u015bli\u0107 Instytut Polski w stolicy S\u0142owacji. Mimo r\u00f3\u017cnych nazw, lokalizacji czy zmian organizacyjnych, dzia\u0142amy w Bratys\u0142awie i na S\u0142owacji od 1950 r. W niepodleg\u0142ej S\u0142owacji od 1994 r. dzia\u0142amy pod nazw\u0105 Instytut Polski. Od ponad 60 lat dysponujemy siedzib\u0105 przy Placu S\u0142owackiego Powstania Narodowego 27. Dzi\u0119ki temu [&hellip;]","og_url":"https:\/\/instytutpolski.pl\/bratislava\/pl\/o-instytucie-polskim\/","og_site_name":"Instytut Polski w Bratys\u0142awie","article_modified_time":"2020-02-06T18:23:32+00:00","twitter_card":"summary_large_image","twitter_misc":{"Szacowany czas czytania":"3 minuty"},"schema":{"@context":"https:\/\/schema.org","@graph":[{"@type":"WebPage","@id":"https:\/\/instytutpolski.pl\/bratislava\/pl\/o-instytucie-polskim\/","url":"https:\/\/instytutpolski.pl\/bratislava\/pl\/o-instytucie-polskim\/","name":"O Instytucie Polskim - Instytut Polski w Bratys\u0142awie","isPartOf":{"@id":"https:\/\/instytutpolski.pl\/bratislava\/#website"},"primaryImageOfPage":{"@id":"https:\/\/instytutpolski.pl\/bratislava\/pl\/o-instytucie-polskim\/#primaryimage"},"image":{"@id":"https:\/\/instytutpolski.pl\/bratislava\/pl\/o-instytucie-polskim\/#primaryimage"},"thumbnailUrl":"https:\/\/instytutpolski.pl\/bratislava\/wp-content\/uploads\/sites\/13\/2022\/09\/IPB.png","datePublished":"2019-06-27T10:43:54+00:00","dateModified":"2020-02-06T18:23:32+00:00","breadcrumb":{"@id":"https:\/\/instytutpolski.pl\/bratislava\/pl\/o-instytucie-polskim\/#breadcrumb"},"inLanguage":"pl-PL","potentialAction":[{"@type":"ReadAction","target":["https:\/\/instytutpolski.pl\/bratislava\/pl\/o-instytucie-polskim\/"]}]},{"@type":"ImageObject","inLanguage":"pl-PL","@id":"https:\/\/instytutpolski.pl\/bratislava\/pl\/o-instytucie-polskim\/#primaryimage","url":"https:\/\/instytutpolski.pl\/bratislava\/wp-content\/uploads\/sites\/13\/2022\/09\/IPB.png","contentUrl":"https:\/\/instytutpolski.pl\/bratislava\/wp-content\/uploads\/sites\/13\/2022\/09\/IPB.png","width":3840,"height":1981},{"@type":"BreadcrumbList","@id":"https:\/\/instytutpolski.pl\/bratislava\/pl\/o-instytucie-polskim\/#breadcrumb","itemListElement":[{"@type":"ListItem","position":1,"name":"Home","item":"https:\/\/instytutpolski.pl\/bratislava\/"},{"@type":"ListItem","position":2,"name":"O Instytucie Polskim"}]},{"@type":"WebSite","@id":"https:\/\/instytutpolski.pl\/bratislava\/#website","url":"https:\/\/instytutpolski.pl\/bratislava\/","name":"Instytut Polski w Bratys\u0142awie","description":"Instytuty Polskie","potentialAction":[{"@type":"SearchAction","target":{"@type":"EntryPoint","urlTemplate":"https:\/\/instytutpolski.pl\/bratislava\/?s={search_term_string}"},"query-input":{"@type":"PropertyValueSpecification","valueRequired":true,"valueName":"search_term_string"}}],"inLanguage":"pl-PL"}]}},"_links":{"self":[{"href":"https:\/\/instytutpolski.pl\/bratislava\/wp-json\/wp\/v2\/pages\/679","targetHints":{"allow":["GET"]}}],"collection":[{"href":"https:\/\/instytutpolski.pl\/bratislava\/wp-json\/wp\/v2\/pages"}],"about":[{"href":"https:\/\/instytutpolski.pl\/bratislava\/wp-json\/wp\/v2\/types\/page"}],"author":[{"embeddable":true,"href":"https:\/\/instytutpolski.pl\/bratislava\/wp-json\/wp\/v2\/users\/1"}],"replies":[{"embeddable":true,"href":"https:\/\/instytutpolski.pl\/bratislava\/wp-json\/wp\/v2\/comments?post=679"}],"version-history":[{"count":2,"href":"https:\/\/instytutpolski.pl\/bratislava\/wp-json\/wp\/v2\/pages\/679\/revisions"}],"predecessor-version":[{"id":951,"href":"https:\/\/instytutpolski.pl\/bratislava\/wp-json\/wp\/v2\/pages\/679\/revisions\/951"}],"wp:featuredmedia":[{"embeddable":true,"href":"https:\/\/instytutpolski.pl\/bratislava\/wp-json\/wp\/v2\/media\/5274"}],"wp:attachment":[{"href":"https:\/\/instytutpolski.pl\/bratislava\/wp-json\/wp\/v2\/media?parent=679"}],"curies":[{"name":"wp","href":"https:\/\/api.w.org\/{rel}","templated":true}]}}