{"id":682,"date":"2019-06-27T12:46:02","date_gmt":"2019-06-27T10:46:02","guid":{"rendered":"https:\/\/instytutpolski.pl\/bratyslawa\/?page_id=682"},"modified":"2019-06-27T12:46:02","modified_gmt":"2019-06-27T10:46:02","slug":"formularz-zgloszeniowy-projektow-partnerskich","status":"publish","type":"page","link":"https:\/\/instytutpolski.pl\/bratislava\/pl\/o-instytucie-polskim\/wspolpraca\/formularz-zgloszeniowy-projektow-partnerskich\/","title":{"rendered":"Formularz zg\u0142oszeniowy projekt\u00f3w partnerskich"},"content":{"rendered":"","protected":false},"excerpt":{"rendered":"","protected":false},"author":1,"featured_media":0,"parent":675,"menu_order":0,"comment_status":"closed","ping_status":"closed","template":"","meta":{"inline_featured_image":false,"_monsterinsights_skip_tracking":false,"_monsterinsights_sitenote_active":false,"_monsterinsights_sitenote_note":"","_monsterinsights_sitenote_category":0,"footnotes":""},"class_list":["post-682","page","type-page","status-publish","hentry"],"yoast_head":"<!-- This site is optimized with the Yoast SEO plugin v24.6 - https:\/\/yoast.com\/wordpress\/plugins\/seo\/ -->\n<title>Formularz zg\u0142oszeniowy projekt\u00f3w partnerskich - Instytut Polski w Bratys\u0142awie<\/title>\n<meta name=\"robots\" content=\"index, follow, max-snippet:-1, max-image-preview:large, max-video-preview:-1\" \/>\n<link rel=\"canonical\" href=\"https:\/\/instytutpolski.pl\/bratislava\/pl\/o-instytucie-polskim\/wspolpraca\/formularz-zgloszeniowy-projektow-partnerskich\/\" \/>\n<meta property=\"og:locale\" content=\"pl_PL\" \/>\n<meta property=\"og:type\" content=\"article\" \/>\n<meta property=\"og:title\" content=\"Formularz zg\u0142oszeniowy projekt\u00f3w partnerskich - Instytut Polski w Bratys\u0142awie\" \/>\n<meta property=\"og:url\" content=\"https:\/\/instytutpolski.pl\/bratislava\/pl\/o-instytucie-polskim\/wspolpraca\/formularz-zgloszeniowy-projektow-partnerskich\/\" \/>\n<meta property=\"og:site_name\" content=\"Instytut Polski w Bratys\u0142awie\" \/>\n<meta name=\"twitter:card\" content=\"summary_large_image\" \/>\n<script type=\"application\/ld+json\" class=\"yoast-schema-graph\">{\"@context\":\"https:\/\/schema.org\",\"@graph\":[{\"@type\":\"WebPage\",\"@id\":\"https:\/\/instytutpolski.pl\/bratislava\/pl\/o-instytucie-polskim\/wspolpraca\/formularz-zgloszeniowy-projektow-partnerskich\/\",\"url\":\"https:\/\/instytutpolski.pl\/bratislava\/pl\/o-instytucie-polskim\/wspolpraca\/formularz-zgloszeniowy-projektow-partnerskich\/\",\"name\":\"Formularz zg\u0142oszeniowy projekt\u00f3w partnerskich - Instytut Polski w Bratys\u0142awie\",\"isPartOf\":{\"@id\":\"https:\/\/instytutpolski.pl\/bratislava\/#website\"},\"datePublished\":\"2019-06-27T10:46:02+00:00\",\"breadcrumb\":{\"@id\":\"https:\/\/instytutpolski.pl\/bratislava\/pl\/o-instytucie-polskim\/wspolpraca\/formularz-zgloszeniowy-projektow-partnerskich\/#breadcrumb\"},\"inLanguage\":\"pl-PL\",\"potentialAction\":[{\"@type\":\"ReadAction\",\"target\":[\"https:\/\/instytutpolski.pl\/bratislava\/pl\/o-instytucie-polskim\/wspolpraca\/formularz-zgloszeniowy-projektow-partnerskich\/\"]}]},{\"@type\":\"BreadcrumbList\",\"@id\":\"https:\/\/instytutpolski.pl\/bratislava\/pl\/o-instytucie-polskim\/wspolpraca\/formularz-zgloszeniowy-projektow-partnerskich\/#breadcrumb\",\"itemListElement\":[{\"@type\":\"ListItem\",\"position\":1,\"name\":\"Home\",\"item\":\"https:\/\/instytutpolski.pl\/bratislava\/\"},{\"@type\":\"ListItem\",\"position\":2,\"name\":\"O Instytucie Polskim\",\"item\":\"https:\/\/instytutpolski.pl\/bratislava\/pl\/o-instytucie-polskim\/\"},{\"@type\":\"ListItem\",\"position\":3,\"name\":\"Wsp\u00f3\u0142praca\",\"item\":\"https:\/\/instytutpolski.pl\/bratislava\/pl\/o-instytucie-polskim\/wspolpraca\/\"},{\"@type\":\"ListItem\",\"position\":4,\"name\":\"Formularz zg\u0142oszeniowy projekt\u00f3w partnerskich\"}]},{\"@type\":\"WebSite\",\"@id\":\"https:\/\/instytutpolski.pl\/bratislava\/#website\",\"url\":\"https:\/\/instytutpolski.pl\/bratislava\/\",\"name\":\"Instytut Polski w Bratys\u0142awie\",\"description\":\"Instytuty Polskie\",\"potentialAction\":[{\"@type\":\"SearchAction\",\"target\":{\"@type\":\"EntryPoint\",\"urlTemplate\":\"https:\/\/instytutpolski.pl\/bratislava\/?s={search_term_string}\"},\"query-input\":{\"@type\":\"PropertyValueSpecification\",\"valueRequired\":true,\"valueName\":\"search_term_string\"}}],\"inLanguage\":\"pl-PL\"}]}<\/script>\n<!-- \/ Yoast SEO plugin. -->","yoast_head_json":{"title":"Formularz zg\u0142oszeniowy projekt\u00f3w partnerskich - Instytut Polski w Bratys\u0142awie","robots":{"index":"index","follow":"follow","max-snippet":"max-snippet:-1","max-image-preview":"max-image-preview:large","max-video-preview":"max-video-preview:-1"},"canonical":"https:\/\/instytutpolski.pl\/bratislava\/pl\/o-instytucie-polskim\/wspolpraca\/formularz-zgloszeniowy-projektow-partnerskich\/","og_locale":"pl_PL","og_type":"article","og_title":"Formularz zg\u0142oszeniowy projekt\u00f3w partnerskich - Instytut Polski w Bratys\u0142awie","og_url":"https:\/\/instytutpolski.pl\/bratislava\/pl\/o-instytucie-polskim\/wspolpraca\/formularz-zgloszeniowy-projektow-partnerskich\/","og_site_name":"Instytut Polski w Bratys\u0142awie","twitter_card":"summary_large_image","schema":{"@context":"https:\/\/schema.org","@graph":[{"@type":"WebPage","@id":"https:\/\/instytutpolski.pl\/bratislava\/pl\/o-instytucie-polskim\/wspolpraca\/formularz-zgloszeniowy-projektow-partnerskich\/","url":"https:\/\/instytutpolski.pl\/bratislava\/pl\/o-instytucie-polskim\/wspolpraca\/formularz-zgloszeniowy-projektow-partnerskich\/","name":"Formularz zg\u0142oszeniowy projekt\u00f3w partnerskich - Instytut Polski w Bratys\u0142awie","isPartOf":{"@id":"https:\/\/instytutpolski.pl\/bratislava\/#website"},"datePublished":"2019-06-27T10:46:02+00:00","breadcrumb":{"@id":"https:\/\/instytutpolski.pl\/bratislava\/pl\/o-instytucie-polskim\/wspolpraca\/formularz-zgloszeniowy-projektow-partnerskich\/#breadcrumb"},"inLanguage":"pl-PL","potentialAction":[{"@type":"ReadAction","target":["https:\/\/instytutpolski.pl\/bratislava\/pl\/o-instytucie-polskim\/wspolpraca\/formularz-zgloszeniowy-projektow-partnerskich\/"]}]},{"@type":"BreadcrumbList","@id":"https:\/\/instytutpolski.pl\/bratislava\/pl\/o-instytucie-polskim\/wspolpraca\/formularz-zgloszeniowy-projektow-partnerskich\/#breadcrumb","itemListElement":[{"@type":"ListItem","position":1,"name":"Home","item":"https:\/\/instytutpolski.pl\/bratislava\/"},{"@type":"ListItem","position":2,"name":"O Instytucie Polskim","item":"https:\/\/instytutpolski.pl\/bratislava\/pl\/o-instytucie-polskim\/"},{"@type":"ListItem","position":3,"name":"Wsp\u00f3\u0142praca","item":"https:\/\/instytutpolski.pl\/bratislava\/pl\/o-instytucie-polskim\/wspolpraca\/"},{"@type":"ListItem","position":4,"name":"Formularz zg\u0142oszeniowy projekt\u00f3w partnerskich"}]},{"@type":"WebSite","@id":"https:\/\/instytutpolski.pl\/bratislava\/#website","url":"https:\/\/instytutpolski.pl\/bratislava\/","name":"Instytut Polski w Bratys\u0142awie","description":"Instytuty Polskie","potentialAction":[{"@type":"SearchAction","target":{"@type":"EntryPoint","urlTemplate":"https:\/\/instytutpolski.pl\/bratislava\/?s={search_term_string}"},"query-input":{"@type":"PropertyValueSpecification","valueRequired":true,"valueName":"search_term_string"}}],"inLanguage":"pl-PL"}]}},"_links":{"self":[{"href":"https:\/\/instytutpolski.pl\/bratislava\/wp-json\/wp\/v2\/pages\/682","targetHints":{"allow":["GET"]}}],"collection":[{"href":"https:\/\/instytutpolski.pl\/bratislava\/wp-json\/wp\/v2\/pages"}],"about":[{"href":"https:\/\/instytutpolski.pl\/bratislava\/wp-json\/wp\/v2\/types\/page"}],"author":[{"embeddable":true,"href":"https:\/\/instytutpolski.pl\/bratislava\/wp-json\/wp\/v2\/users\/1"}],"replies":[{"embeddable":true,"href":"https:\/\/instytutpolski.pl\/bratislava\/wp-json\/wp\/v2\/comments?post=682"}],"version-history":[{"count":1,"href":"https:\/\/instytutpolski.pl\/bratislava\/wp-json\/wp\/v2\/pages\/682\/revisions"}],"predecessor-version":[{"id":683,"href":"https:\/\/instytutpolski.pl\/bratislava\/wp-json\/wp\/v2\/pages\/682\/revisions\/683"}],"up":[{"embeddable":true,"href":"https:\/\/instytutpolski.pl\/bratislava\/wp-json\/wp\/v2\/pages\/675"}],"wp:attachment":[{"href":"https:\/\/instytutpolski.pl\/bratislava\/wp-json\/wp\/v2\/media?parent=682"}],"curies":[{"name":"wp","href":"https:\/\/api.w.org\/{rel}","templated":true}]}}