{"id":688,"date":"2019-06-27T12:47:23","date_gmt":"2019-06-27T10:47:23","guid":{"rendered":"https:\/\/instytutpolski.pl\/bratyslawa\/?page_id=688"},"modified":"2022-09-28T14:54:04","modified_gmt":"2022-09-28T12:54:04","slug":"partneri","status":"publish","type":"page","link":"https:\/\/instytutpolski.pl\/bratislava\/o-polskom-institute\/partneri\/","title":{"rendered":"Partneri"},"content":{"rendered":"\n<figure class=\"wp-block-table\"><table><tbody><tr><td>\u00dastav pam\u00e4ti n\u00e1roda<\/td><td><a href=\"https:\/\/www.upn.gov.sk\/\">https:\/\/www.upn.gov.sk\/<\/a><\/td><\/tr><tr><td>Slovensk\u00fd filmov\u00fd \u00fastav<\/td><td><a href=\"http:\/\/www.sfu.sk\/\">http:\/\/www.sfu.sk\/<\/a><\/td><\/tr><tr><td>Stredoeur\u00f3psky dom fotografie<\/td><td><a href=\"https:\/\/www.sedf.sk\/\">https:\/\/www.sedf.sk\/<\/a><\/td><\/tr><tr><td>Liter\u00e1rne informa\u010dn\u00e9 centrum<\/td><td><a href=\"https:\/\/www.litcentrum.sk\/\">https:\/\/www.litcentrum.sk\/<\/a><\/td><\/tr><tr><td>Instytut Pami\u0119ci Narodowej<\/td><td><a href=\"https:\/\/ipn.gov.pl\/\">https:\/\/ipn.gov.pl\/<\/a><\/td><\/tr><tr><td>Instytut Ksi\u0105\u017cki<\/td><td><a href=\"https:\/\/instytutksiazki.pl\/\">https:\/\/instytutksiazki.pl\/<\/a><\/td><\/tr><tr><td>Narodowe Centrum Kultury<\/td><td><a href=\"https:\/\/nck.pl\/\">https:\/\/nck.pl\/<\/a><\/td><\/tr><tr><td>Klub Polski<\/td><td><a href=\"https:\/\/polonia.sk\/\">https:\/\/polonia.sk\/<\/a><\/td><\/tr><tr><td>OZ Polonus<\/td><td><a href=\"https:\/\/www.facebook.com\/ozpolonus\/\">https:\/\/www.facebook.com\/ozpolonus\/<\/a><\/td><\/tr><tr><td>OZ Polska<\/td><td><a href=\"https:\/\/www.facebook.com\/polska.sk\/\">https:\/\/www.facebook.com\/polska.sk\/<\/a><\/td><\/tr><tr><td>EUNIC<\/td><td><a href=\"https:\/\/www.eunicglobal.eu\/\">https:\/\/www.eunicglobal.eu\/<\/a><\/td><\/tr><\/tbody><\/table><\/figure>\n\n\n\n<p><\/p>\n","protected":false},"excerpt":{"rendered":"<p>\u00dastav pam\u00e4ti n\u00e1roda https:\/\/www.upn.gov.sk\/ Slovensk\u00fd filmov\u00fd \u00fastav http:\/\/www.sfu.sk\/ Stredoeur\u00f3psky dom fotografie https:\/\/www.sedf.sk\/ Liter\u00e1rne informa\u010dn\u00e9 centrum https:\/\/www.litcentrum.sk\/ Instytut Pami\u0119ci Narodowej https:\/\/ipn.gov.pl\/ Instytut Ksi\u0105\u017cki https:\/\/instytutksiazki.pl\/ Narodowe Centrum Kultury https:\/\/nck.pl\/ Klub Polski https:\/\/polonia.sk\/ OZ Polonus https:\/\/www.facebook.com\/ozpolonus\/ OZ Polska https:\/\/www.facebook.com\/polska.sk\/ EUNIC https:\/\/www.eunicglobal.eu\/<\/p>\n","protected":false},"author":1,"featured_media":0,"parent":650,"menu_order":0,"comment_status":"closed","ping_status":"closed","template":"","meta":{"inline_featured_image":false,"_monsterinsights_skip_tracking":false,"_monsterinsights_sitenote_active":false,"_monsterinsights_sitenote_note":"","_monsterinsights_sitenote_category":0,"footnotes":""},"class_list":["post-688","page","type-page","status-publish","hentry"],"yoast_head":"<!-- This site is optimized with the Yoast SEO plugin v24.6 - https:\/\/yoast.com\/wordpress\/plugins\/seo\/ -->\n<title>Partneri - Instytut Polski w Bratys\u0142awie<\/title>\n<meta name=\"robots\" content=\"index, follow, max-snippet:-1, max-image-preview:large, max-video-preview:-1\" \/>\n<link rel=\"canonical\" href=\"https:\/\/instytutpolski.pl\/bratislava\/o-polskom-institute\/partneri\/\" \/>\n<meta property=\"og:locale\" content=\"pl_PL\" \/>\n<meta property=\"og:type\" content=\"article\" \/>\n<meta property=\"og:title\" content=\"Partneri - Instytut Polski w Bratys\u0142awie\" \/>\n<meta property=\"og:description\" content=\"\u00dastav pam\u00e4ti n\u00e1roda https:\/\/www.upn.gov.sk\/ Slovensk\u00fd filmov\u00fd \u00fastav http:\/\/www.sfu.sk\/ Stredoeur\u00f3psky dom fotografie https:\/\/www.sedf.sk\/ Liter\u00e1rne informa\u010dn\u00e9 centrum https:\/\/www.litcentrum.sk\/ Instytut Pami\u0119ci Narodowej https:\/\/ipn.gov.pl\/ Instytut Ksi\u0105\u017cki https:\/\/instytutksiazki.pl\/ Narodowe Centrum Kultury https:\/\/nck.pl\/ Klub Polski https:\/\/polonia.sk\/ OZ Polonus https:\/\/www.facebook.com\/ozpolonus\/ OZ Polska https:\/\/www.facebook.com\/polska.sk\/ EUNIC https:\/\/www.eunicglobal.eu\/\" \/>\n<meta property=\"og:url\" content=\"https:\/\/instytutpolski.pl\/bratislava\/o-polskom-institute\/partneri\/\" \/>\n<meta property=\"og:site_name\" content=\"Instytut Polski w Bratys\u0142awie\" \/>\n<meta property=\"article:modified_time\" content=\"2022-09-28T12:54:04+00:00\" \/>\n<meta name=\"twitter:card\" content=\"summary_large_image\" \/>\n<meta name=\"twitter:label1\" content=\"Szacowany czas czytania\" \/>\n\t<meta name=\"twitter:data1\" content=\"1 minuta\" \/>\n<script type=\"application\/ld+json\" class=\"yoast-schema-graph\">{\"@context\":\"https:\/\/schema.org\",\"@graph\":[{\"@type\":\"WebPage\",\"@id\":\"https:\/\/instytutpolski.pl\/bratislava\/o-polskom-institute\/partneri\/\",\"url\":\"https:\/\/instytutpolski.pl\/bratislava\/o-polskom-institute\/partneri\/\",\"name\":\"Partneri - Instytut Polski w Bratys\u0142awie\",\"isPartOf\":{\"@id\":\"https:\/\/instytutpolski.pl\/bratislava\/#website\"},\"datePublished\":\"2019-06-27T10:47:23+00:00\",\"dateModified\":\"2022-09-28T12:54:04+00:00\",\"breadcrumb\":{\"@id\":\"https:\/\/instytutpolski.pl\/bratislava\/o-polskom-institute\/partneri\/#breadcrumb\"},\"inLanguage\":\"pl-PL\",\"potentialAction\":[{\"@type\":\"ReadAction\",\"target\":[\"https:\/\/instytutpolski.pl\/bratislava\/o-polskom-institute\/partneri\/\"]}]},{\"@type\":\"BreadcrumbList\",\"@id\":\"https:\/\/instytutpolski.pl\/bratislava\/o-polskom-institute\/partneri\/#breadcrumb\",\"itemListElement\":[{\"@type\":\"ListItem\",\"position\":1,\"name\":\"Home\",\"item\":\"https:\/\/instytutpolski.pl\/bratislava\/\"},{\"@type\":\"ListItem\",\"position\":2,\"name\":\"O Po\u013eskom in\u0161tit\u00fate\",\"item\":\"https:\/\/instytutpolski.pl\/bratislava\/o-polskom-institute\/\"},{\"@type\":\"ListItem\",\"position\":3,\"name\":\"Partneri\"}]},{\"@type\":\"WebSite\",\"@id\":\"https:\/\/instytutpolski.pl\/bratislava\/#website\",\"url\":\"https:\/\/instytutpolski.pl\/bratislava\/\",\"name\":\"Instytut Polski w Bratys\u0142awie\",\"description\":\"Instytuty Polskie\",\"potentialAction\":[{\"@type\":\"SearchAction\",\"target\":{\"@type\":\"EntryPoint\",\"urlTemplate\":\"https:\/\/instytutpolski.pl\/bratislava\/?s={search_term_string}\"},\"query-input\":{\"@type\":\"PropertyValueSpecification\",\"valueRequired\":true,\"valueName\":\"search_term_string\"}}],\"inLanguage\":\"pl-PL\"}]}<\/script>\n<!-- \/ Yoast SEO plugin. -->","yoast_head_json":{"title":"Partneri - Instytut Polski w Bratys\u0142awie","robots":{"index":"index","follow":"follow","max-snippet":"max-snippet:-1","max-image-preview":"max-image-preview:large","max-video-preview":"max-video-preview:-1"},"canonical":"https:\/\/instytutpolski.pl\/bratislava\/o-polskom-institute\/partneri\/","og_locale":"pl_PL","og_type":"article","og_title":"Partneri - Instytut Polski w Bratys\u0142awie","og_description":"\u00dastav pam\u00e4ti n\u00e1roda https:\/\/www.upn.gov.sk\/ Slovensk\u00fd filmov\u00fd \u00fastav http:\/\/www.sfu.sk\/ Stredoeur\u00f3psky dom fotografie https:\/\/www.sedf.sk\/ Liter\u00e1rne informa\u010dn\u00e9 centrum https:\/\/www.litcentrum.sk\/ Instytut Pami\u0119ci Narodowej https:\/\/ipn.gov.pl\/ Instytut Ksi\u0105\u017cki https:\/\/instytutksiazki.pl\/ Narodowe Centrum Kultury https:\/\/nck.pl\/ Klub Polski https:\/\/polonia.sk\/ OZ Polonus https:\/\/www.facebook.com\/ozpolonus\/ OZ Polska https:\/\/www.facebook.com\/polska.sk\/ EUNIC https:\/\/www.eunicglobal.eu\/","og_url":"https:\/\/instytutpolski.pl\/bratislava\/o-polskom-institute\/partneri\/","og_site_name":"Instytut Polski w Bratys\u0142awie","article_modified_time":"2022-09-28T12:54:04+00:00","twitter_card":"summary_large_image","twitter_misc":{"Szacowany czas czytania":"1 minuta"},"schema":{"@context":"https:\/\/schema.org","@graph":[{"@type":"WebPage","@id":"https:\/\/instytutpolski.pl\/bratislava\/o-polskom-institute\/partneri\/","url":"https:\/\/instytutpolski.pl\/bratislava\/o-polskom-institute\/partneri\/","name":"Partneri - Instytut Polski w Bratys\u0142awie","isPartOf":{"@id":"https:\/\/instytutpolski.pl\/bratislava\/#website"},"datePublished":"2019-06-27T10:47:23+00:00","dateModified":"2022-09-28T12:54:04+00:00","breadcrumb":{"@id":"https:\/\/instytutpolski.pl\/bratislava\/o-polskom-institute\/partneri\/#breadcrumb"},"inLanguage":"pl-PL","potentialAction":[{"@type":"ReadAction","target":["https:\/\/instytutpolski.pl\/bratislava\/o-polskom-institute\/partneri\/"]}]},{"@type":"BreadcrumbList","@id":"https:\/\/instytutpolski.pl\/bratislava\/o-polskom-institute\/partneri\/#breadcrumb","itemListElement":[{"@type":"ListItem","position":1,"name":"Home","item":"https:\/\/instytutpolski.pl\/bratislava\/"},{"@type":"ListItem","position":2,"name":"O Po\u013eskom in\u0161tit\u00fate","item":"https:\/\/instytutpolski.pl\/bratislava\/o-polskom-institute\/"},{"@type":"ListItem","position":3,"name":"Partneri"}]},{"@type":"WebSite","@id":"https:\/\/instytutpolski.pl\/bratislava\/#website","url":"https:\/\/instytutpolski.pl\/bratislava\/","name":"Instytut Polski w Bratys\u0142awie","description":"Instytuty Polskie","potentialAction":[{"@type":"SearchAction","target":{"@type":"EntryPoint","urlTemplate":"https:\/\/instytutpolski.pl\/bratislava\/?s={search_term_string}"},"query-input":{"@type":"PropertyValueSpecification","valueRequired":true,"valueName":"search_term_string"}}],"inLanguage":"pl-PL"}]}},"_links":{"self":[{"href":"https:\/\/instytutpolski.pl\/bratislava\/wp-json\/wp\/v2\/pages\/688","targetHints":{"allow":["GET"]}}],"collection":[{"href":"https:\/\/instytutpolski.pl\/bratislava\/wp-json\/wp\/v2\/pages"}],"about":[{"href":"https:\/\/instytutpolski.pl\/bratislava\/wp-json\/wp\/v2\/types\/page"}],"author":[{"embeddable":true,"href":"https:\/\/instytutpolski.pl\/bratislava\/wp-json\/wp\/v2\/users\/1"}],"replies":[{"embeddable":true,"href":"https:\/\/instytutpolski.pl\/bratislava\/wp-json\/wp\/v2\/comments?post=688"}],"version-history":[{"count":3,"href":"https:\/\/instytutpolski.pl\/bratislava\/wp-json\/wp\/v2\/pages\/688\/revisions"}],"predecessor-version":[{"id":5282,"href":"https:\/\/instytutpolski.pl\/bratislava\/wp-json\/wp\/v2\/pages\/688\/revisions\/5282"}],"up":[{"embeddable":true,"href":"https:\/\/instytutpolski.pl\/bratislava\/wp-json\/wp\/v2\/pages\/650"}],"wp:attachment":[{"href":"https:\/\/instytutpolski.pl\/bratislava\/wp-json\/wp\/v2\/media?parent=688"}],"curies":[{"name":"wp","href":"https:\/\/api.w.org\/{rel}","templated":true}]}}