{"id":16115,"date":"2025-02-14T13:24:23","date_gmt":"2025-02-14T12:24:23","guid":{"rendered":"https:\/\/instytutpolski.pl\/brussels\/?page_id=16115"},"modified":"2025-02-19T16:11:20","modified_gmt":"2025-02-19T15:11:20","slug":"pools-voorzitterschap-van-de-raad-van-de-eu","status":"publish","type":"page","link":"https:\/\/instytutpolski.pl\/brussels\/nl\/pools-voorzitterschap-van-de-raad-van-de-eu\/","title":{"rendered":"Pools voorzitterschap van de Raad van de EU"},"content":{"rendered":"\n<p style=\"text-align: center\"><strong>Kalender van culturele evenementen van het Pools Instituut Brussel en het Adam Mickiewicz Instituut tijdens het Poolse voorzitterschap van de Raad van de Europese Unie 2025<\/strong><\/p>\n<p style=\"text-align: center\">In de eerste helft van 2025 staat Polen centraal op de Europese culturele sc\u00e8ne met een bruisend en divers artistiek programma. Zes maanden lang zullen Poolse kunst, theater, film, muziek en literatuur mensen samenbrengen. Het programma onderstreept het vermogen van cultuur om als brug te fungeren tussen verschillende tradities, talen en percepties. Elk evenement biedt een unieke kans om de Poolse cultuur uit de eerste hand te ervaren en in contact te komen met getalenteerde Poolse kunstenaars en ontwerpers. Het programma legt in het bijzonder de nadruk op jonge ontwerpers die frisheid en een modern perspectief brengen, terwijl ze generaties en culturen met elkaar verbinden in een dialoog over de toekomst van Europa.<\/p>\n<p style=\"text-align: center\">Het culturele evenementenprogramma, dat deel uitmaakt van het Poolse voorzitterschap van de Raad van de Europese Unie, omvat projecten die plaatsvinden in veel Europese landen. Hieronder hebben we de offici\u00eble en begeleidende evenementen in Belgi\u00eb geselecteerd. De projecten die ge\u00efnitieerd en uitgevoerd worden door het Pools Instituut Brussel zijn met rood aangegeven. De volledige lijst van evenementen onder het thema \u201cCulture Sparks Unity\u201d is te vinden op de website <a href=\"https:\/\/poland2025eu.culture.pl\/\">https:\/\/poland2025eu.culture.pl<\/a>, geco\u00f6rdineerd door het Adam Mickiewicz Instituut.<\/p>\n<p style=\"text-align: center\">Meer informatie over het Poolse voorzitterschap van de Raad van de EU: <a href=\"http:\/\/poland25.eu\/\">http:\/\/poland25.eu\/<\/a><\/p>\n<h4 style=\"text-align: center\"><strong>Januari 2025<\/strong><\/h4>\n<ul>\n<li><span style=\"color: #ff0000\">7 januari 2025: Concert van het Karski Kwartet in het kader van de serie 'Poland&#8217;s Next Generation of Classical Music&#8217; in samenwerking met het Europees Parlement (Brussel) &#8211; Pools Instituut Brussel<\/span><\/li>\n<li>14 januari &#8211; 30 juni 2025: Tentoonstelling van Pools ontwerp, grafische vormgeving en illustratie bij de Raad van de Europese Unie en het Europees Parlement over het thema \u201cRegeneratie\u201d (curator: Aleksandra K\u0119dziorek) &#8211; Adam Mickiewicz Instituut<br \/>\u00a0&#8211; Presentatie van Pools ontwerp, grafische vormgeving en illustratie in het hoofdkwartier van de\u00a0 Raad van de Europese Unie en het Europees Parlement (interieurontwerp door Katarzyna Baumiller, Justus Lipsius, \u201cEuropa\u201d-gebouwen, Europees Parlement, Brussel)<br \/>&#8211; Installatie van Alicja Patanowska, We are the Weather (Justus Lipsius, Brussel)<br \/>&#8211; Installatie van Alicja Bia\u0142a Underneath the Hard Ground, Soft Ground in het hoofdkwartier van de Raad van de Europese Unie (Europagebouw, Brussel)<br \/>&#8211; Tentoonstelling van Poolse kunst uit de collectie van het Parlement van de Europese Unie en Poolse collecties (Europees Parlement, Brussel)<\/li>\n<\/ul>\n<ul>\n<li>13 &#8211; 17 januari 2025: Tentoonstelling Vrouwen en de Stem (Europees Parlement, Brussel) &#8211; Adam Mickiewicz Instituut<\/li>\n<li><span style=\"color: #ff0000\">16 januari &#8211; 28 februari 2025: \u201cLandschapsarchief\u201d tentoonstelling van de Stichting Zapomniane in het Centre Communautaire La\u00efc Juif (Brussel) &#8211; Pools Instituut Brussel<\/span><\/li>\n<li><span style=\"color: #ff0000\">16 januari &#8211; 1 maart 2025: Tentoonstelling van werk van Tatiana Wolska in Galerie Irene Laub (Brussel) &#8211; Pools Instituut Brussel<\/span><\/li>\n<li><span style=\"color: #ff0000\">23 januari: Paneldiscussie: Design Stories \/ Brussel in het Design Museum Brussels- Pools Instituut Brussel<\/span><\/li>\n<li><span style=\"color: #ff0000\">29 januari &#8211; 28 februari 2025: \u201cLandschapsarchief\u201d tentoonstelling van de Stichting Zapomniane in het Norway House (Brussel)- Pools Instituut Brussel<\/span><\/li>\n<li><span style=\"color: #ff0000\">23 januari &#8211; 23 februari 2025 : Post Tourism &#8211; tentoonstelling van Ada Zieli\u0144ska in La Nombreuse Gallery (PhotoBrussels Festival, Brussel) in het kader van de reeks Photography &#8211; Beyond Reality. De kunst van de beeldvorming. (in samenwerking met het Pools Instituut Brussel)- Pools Instituut Brussel<\/span><\/li>\n<\/ul>\n<h4 style=\"text-align: center\"><strong>Februari 2025<\/strong><\/h4>\n<ul>\n<li><span style=\"color: #ff0000\">4 februari 2025: Jazzconcert door Amelia Umeda en Micha\u0142 Aftyka in het kader van de serie 'Poland&#8217;s Next Generation of Classical Music&#8217; in samenwerking met het Europees Parlement (Brussel) &#8211; Pools Instituut Brussel<\/span><\/li>\n<li>5 februari: In gesprek met Olga Tokarczuk, (Henry Le Boeuf Zaal in het Bozar Paleis voor Schone Kunsten, Brussel) &#8211; Adam Mickiewicz Instituut<\/li>\n<li><span style=\"color: #ff0000\">13 &#8211; 16 februari 2025: Mapping door Elektro Moon Vision op de gevel van het Huis van de Europese Geschiedenis op het Bright Festival 2025 (Brussel) &#8211; Pools Instituut Brussel<\/span><\/li>\n<li><span style=\"color: #ff0000\">13 -14 februari 2025: Performance: 375 0908 2334. The body you are calling is currently not available door Igor Shugaleev &amp; Sergey Shabohin op het Festival de Li\u00e8ge, (Luik, Belgi\u00eb)- Pools Instituut Brussel<\/span><\/li>\n<li>14 &#8211; 15 februari 2025: Unsound Festival (Terarkenzaal in het Bozar Paleis voor Schone Kunsten, Reset Club, Brussel) &#8211; Adam Mickiewicz Instituut<\/li>\n<li><span style=\"color: #ff0000\">15-16 februari 2025: Dans: Every Minute Motherland door Maciej Ku\u017ami\u0144ski Company op het Festival de Li\u00e8ge, (Luik, Belgi\u00eb) &#8211; Pools Instituut Brussel<\/span><\/li>\n<li><span style=\"color: #ff0000\">28 februari &#8211; 9 maart 2025: Het Anima animatiefilmfestival &#8211; vertoning van vier Poolse producties en coproducties \u201cSlapeloosheid van Jutka\u201d, \u201cJoko\u201d, \u201cLola en de Geluidspiano\u201d, \u201c[S]\u201d (Brussel)- Pools Instituut Brussel<br \/><br \/><\/span><\/li>\n<\/ul>\n<h4 style=\"text-align: center\"><strong>Maart 2025<\/strong><\/h4>\n<ul>\n<li>TBA: Tentoonstelling van werken van Magdalena Abakanowicz in het Hof van Justitie van de Europese Unie, Luxemburg (Het Adam Mickiewicz Instituut in samenwerking met het <span style=\"color: #ff0000\">Pools Instituut Brussel<\/span>)<\/li>\n<li>5 maart: Solidariteit op het scherm: De filmbespreking van het Poolse voorzitterschap, NEW VOICES: Damian Kocur (film in het Bozar Centrum voor Schone Kunsten, Brussel) &#8211; Adam Mickiewicz Instituut<\/li>\n<li><span style=\"color: #ff0000\">11<\/span> <span style=\"color: #ff0000\">maart 2025: Concert van het Pools Cellokwartet in het kader van de reeks \u201cPoland&#8217;s Next Generation of Classical Music\u201d in samenwerking met het Europees Parlement (Brussel)- Pools Instituut Brussel<\/span><\/li>\n<li><span style=\"color: #ff0000\">13 &#8211; 16 maart 2025: De Franstalige boekenbeurs Foire du Livre &#8211; presentaties van Poolse boeken en ontmoetingen met auteurs (Brussel) &#8211; Pools Instituut Brussel<\/span><\/li>\n<li>4 maart &#8211; 29 juni 2025: (Begeleidend programma) Familiar Strangers. De Oost-Europeanen, samengesteld door Joanna Warsza (Bozar Centrum voor Schone Kunsten, Brussel) &#8211; Het Adam Mickiewicz Instituut<\/li>\n<li>25 maart: Stabat Mater uitgevoerd door het Nationaal Pools Radio Symfonieorkest (NOSPR) en het Nationaal Muziekkoor Forum (NFM), onder leiding van Marin Alsop (Henry Le Boeuf Zaal in het Bozar Paleis voor Schone Kunsten, Brussel) &#8211; Adam Mickiewicz Instituut<\/li>\n<li>26 &#8211; 30 maart 2025: Solidariteit op het scherm: The Polish Presidency Film Review, CLOSE-UP: Ma\u0142gorzata Szumowska &amp; Micha\u0142 Englert (bioscoop in het Bozar Paleis voor Schone Kunsten, Brussel) &#8211; Adam Mickiewicz Instituut<\/li>\n<li><span style=\"color: #ff0000\">30 maart 2025: Auteur Agnieszka Szpila op Passa Porta Festival (Brussel) &#8211; Pools Instituut Brussel<\/span><\/li>\n<\/ul>\n<h4 style=\"text-align: center\"><strong><br \/>April 2025<\/strong><\/h4>\n<ul>\n<li><span style=\"color: #ff0000\">April &#8211; september 2025: Tentoonstelling van de reeks monumentale sculpturen van Tatiana Wolska in het park van Tournay-Solvay, in samenwerking met de EU Space Sculpture (Watermaal-Bosvoorde, Belgi\u00eb) &#8211; Pools Instituut Brussel<\/span><\/li>\n<li>25 &#8211; 26 april 2025: Quanta, geregisseerd door \u0141ukasz Twarkowski in het kader van de reeks Selected Polish Performances at European Theatre Festivals (Het Adam Mickiewicz Instituut in samenwerking met het <span style=\"color: #ff0000\">Pools Instituut Brussel<\/span>, Internationaal Kunstencentrum de Singel, Antwerpen)<\/li>\n<\/ul>\n<h4 style=\"text-align: center\"><strong>Mei 2025<\/strong><\/h4>\n<ul>\n<li><span style=\"color: #ff0000\">9 mei &#8211; 28 september 2025: Tentoonstelling \u201cLooking Through Objects\u201d in het Design Museum Brussel &#8211; presentatie van het werk van 16 jonge Poolse ontwerpers. Curatoren: Jacobson-Cielecka, Gian Luca Amadei, Dario Lombardii, in samenwerking met het Design Museum Brussel en de School of Form (Brussel) &#8211; Pools Instituut Brussel.<\/span><\/li>\n<li>9 mei &#8211; 30 juni 2025: Tentoonstelling van werk van Ma\u0142gorzata Mirga-Tas (Het Adam Mickiewicz Instituut in samenwerking met het <span style=\"color: #ff0000\">Pools Instituut Brussel,<\/span> Koninklijk Museum voor Kunst en Geschiedenis, Brussel)<\/li>\n<li><span style=\"color: #ff0000\">22 mei 2025: Vioolconcert door Adam Suska in het kader van de serie Zomerconcerten in de tuin van de burgers van het Europees Parlement &#8211; Pools Instituut Brussel<\/span><\/li>\n<\/ul>\n<h4 style=\"text-align: center\"><strong>Juni 2025<\/strong><\/h4>\n<ul>\n<li>18 juni: Tomasz Sta\u0144ko Experience concert (Studio 4 in Flagey, Brussel) &#8211; Adam Mickiewicz Instituut<\/li>\n<li><span style=\"color: #ff0000\">24 juni 2025: Concert door het baroktrio R\u00e9gence sonore in het kader van de reeks Zomerconcerten in de tuin van de burgers van het Europees Parlement &#8211; Pools Instituut Brussel<\/span><\/li>\n<li>24 juni: Slotgala van het Internationaal Cultureel Programma van het Poolse Voorzitterschap van de Raad van de Europese Unie. De premi\u00e8re van Unity, gecomponeerd door Aleksander D\u0119bicz speciaal voor het Poolse voorzitterschap van de Raad van de EU, met medewerking van de veelgeprezen countertenor Jakub J\u00f3zef Orli\u0144ski en beroemde Poolse instrumentalisten (Studio 4 in Flagey, Brussel) &#8211; Adam Mickiewicz Instituut<\/li>\n<\/ul>\n","protected":false},"excerpt":{"rendered":"<p>Kalender van culturele evenementen van het Pools Instituut Brussel en het Adam Mickiewicz Instituut tijdens het Poolse voorzitterschap van de Raad van de Europese Unie 2025 In de eerste helft van 2025 staat Polen centraal op de Europese culturele sc\u00e8ne met een bruisend en divers artistiek programma. Zes maanden lang zullen Poolse kunst, theater, film, [&hellip;]<\/p>\n","protected":false},"author":212,"featured_media":15691,"parent":0,"menu_order":0,"comment_status":"closed","ping_status":"closed","template":"","meta":{"inline_featured_image":false,"_monsterinsights_skip_tracking":false,"_monsterinsights_sitenote_active":false,"_monsterinsights_sitenote_note":"","_monsterinsights_sitenote_category":0,"footnotes":""},"class_list":["post-16115","page","type-page","status-publish","has-post-thumbnail","hentry"],"yoast_head":"<!-- This site is optimized with the Yoast SEO plugin v24.6 - https:\/\/yoast.com\/wordpress\/plugins\/seo\/ -->\n<title>Pools voorzitterschap van de Raad van de EU - Instytut Polski w Brukseli<\/title>\n<meta name=\"robots\" content=\"index, follow, max-snippet:-1, max-image-preview:large, max-video-preview:-1\" \/>\n<link rel=\"canonical\" href=\"https:\/\/instytutpolski.pl\/brussels\/nl\/pools-voorzitterschap-van-de-raad-van-de-eu\/\" \/>\n<meta property=\"og:locale\" content=\"pl_PL\" \/>\n<meta property=\"og:type\" content=\"article\" \/>\n<meta property=\"og:title\" content=\"Pools voorzitterschap van de Raad van de EU - Instytut Polski w Brukseli\" \/>\n<meta property=\"og:description\" content=\"Kalender van culturele evenementen van het Pools Instituut Brussel en het Adam Mickiewicz Instituut tijdens het Poolse voorzitterschap van de Raad van de Europese Unie 2025 In de eerste helft van 2025 staat Polen centraal op de Europese culturele sc\u00e8ne met een bruisend en divers artistiek programma. Zes maanden lang zullen Poolse kunst, theater, film, [&hellip;]\" \/>\n<meta property=\"og:url\" content=\"https:\/\/instytutpolski.pl\/brussels\/nl\/pools-voorzitterschap-van-de-raad-van-de-eu\/\" \/>\n<meta property=\"og:site_name\" content=\"Instytut Polski w Brukseli\" \/>\n<meta property=\"article:modified_time\" content=\"2025-02-19T15:11:20+00:00\" \/>\n<meta property=\"og:image\" content=\"https:\/\/instytutpolski.pl\/brussels\/wp-content\/uploads\/sites\/4\/2025\/01\/Obraz11.png\" \/>\n\t<meta property=\"og:image:width\" content=\"2002\" \/>\n\t<meta property=\"og:image:height\" content=\"1127\" \/>\n\t<meta property=\"og:image:type\" content=\"image\/png\" \/>\n<meta name=\"twitter:card\" content=\"summary_large_image\" \/>\n<meta name=\"twitter:label1\" content=\"Szacowany czas czytania\" \/>\n\t<meta name=\"twitter:data1\" content=\"8 minut\" \/>\n<script type=\"application\/ld+json\" class=\"yoast-schema-graph\">{\"@context\":\"https:\/\/schema.org\",\"@graph\":[{\"@type\":\"WebPage\",\"@id\":\"https:\/\/instytutpolski.pl\/brussels\/nl\/pools-voorzitterschap-van-de-raad-van-de-eu\/\",\"url\":\"https:\/\/instytutpolski.pl\/brussels\/nl\/pools-voorzitterschap-van-de-raad-van-de-eu\/\",\"name\":\"Pools voorzitterschap van de Raad van de EU - Instytut Polski w Brukseli\",\"isPartOf\":{\"@id\":\"https:\/\/instytutpolski.pl\/brussels\/#website\"},\"primaryImageOfPage\":{\"@id\":\"https:\/\/instytutpolski.pl\/brussels\/nl\/pools-voorzitterschap-van-de-raad-van-de-eu\/#primaryimage\"},\"image\":{\"@id\":\"https:\/\/instytutpolski.pl\/brussels\/nl\/pools-voorzitterschap-van-de-raad-van-de-eu\/#primaryimage\"},\"thumbnailUrl\":\"https:\/\/instytutpolski.pl\/brussels\/wp-content\/uploads\/sites\/4\/2025\/01\/Obraz11.png\",\"datePublished\":\"2025-02-14T12:24:23+00:00\",\"dateModified\":\"2025-02-19T15:11:20+00:00\",\"breadcrumb\":{\"@id\":\"https:\/\/instytutpolski.pl\/brussels\/nl\/pools-voorzitterschap-van-de-raad-van-de-eu\/#breadcrumb\"},\"inLanguage\":\"pl-PL\",\"potentialAction\":[{\"@type\":\"ReadAction\",\"target\":[\"https:\/\/instytutpolski.pl\/brussels\/nl\/pools-voorzitterschap-van-de-raad-van-de-eu\/\"]}]},{\"@type\":\"ImageObject\",\"inLanguage\":\"pl-PL\",\"@id\":\"https:\/\/instytutpolski.pl\/brussels\/nl\/pools-voorzitterschap-van-de-raad-van-de-eu\/#primaryimage\",\"url\":\"https:\/\/instytutpolski.pl\/brussels\/wp-content\/uploads\/sites\/4\/2025\/01\/Obraz11.png\",\"contentUrl\":\"https:\/\/instytutpolski.pl\/brussels\/wp-content\/uploads\/sites\/4\/2025\/01\/Obraz11.png\",\"width\":2002,\"height\":1127},{\"@type\":\"BreadcrumbList\",\"@id\":\"https:\/\/instytutpolski.pl\/brussels\/nl\/pools-voorzitterschap-van-de-raad-van-de-eu\/#breadcrumb\",\"itemListElement\":[{\"@type\":\"ListItem\",\"position\":1,\"name\":\"Home\",\"item\":\"https:\/\/instytutpolski.pl\/brussels\/\"},{\"@type\":\"ListItem\",\"position\":2,\"name\":\"Pools voorzitterschap van de Raad van de EU\"}]},{\"@type\":\"WebSite\",\"@id\":\"https:\/\/instytutpolski.pl\/brussels\/#website\",\"url\":\"https:\/\/instytutpolski.pl\/brussels\/\",\"name\":\"Instytut Polski w Brukseli\",\"description\":\"Instytuty Polskie\",\"potentialAction\":[{\"@type\":\"SearchAction\",\"target\":{\"@type\":\"EntryPoint\",\"urlTemplate\":\"https:\/\/instytutpolski.pl\/brussels\/?s={search_term_string}\"},\"query-input\":{\"@type\":\"PropertyValueSpecification\",\"valueRequired\":true,\"valueName\":\"search_term_string\"}}],\"inLanguage\":\"pl-PL\"}]}<\/script>\n<!-- \/ Yoast SEO plugin. -->","yoast_head_json":{"title":"Pools voorzitterschap van de Raad van de EU - Instytut Polski w Brukseli","robots":{"index":"index","follow":"follow","max-snippet":"max-snippet:-1","max-image-preview":"max-image-preview:large","max-video-preview":"max-video-preview:-1"},"canonical":"https:\/\/instytutpolski.pl\/brussels\/nl\/pools-voorzitterschap-van-de-raad-van-de-eu\/","og_locale":"pl_PL","og_type":"article","og_title":"Pools voorzitterschap van de Raad van de EU - Instytut Polski w Brukseli","og_description":"Kalender van culturele evenementen van het Pools Instituut Brussel en het Adam Mickiewicz Instituut tijdens het Poolse voorzitterschap van de Raad van de Europese Unie 2025 In de eerste helft van 2025 staat Polen centraal op de Europese culturele sc\u00e8ne met een bruisend en divers artistiek programma. Zes maanden lang zullen Poolse kunst, theater, film, [&hellip;]","og_url":"https:\/\/instytutpolski.pl\/brussels\/nl\/pools-voorzitterschap-van-de-raad-van-de-eu\/","og_site_name":"Instytut Polski w Brukseli","article_modified_time":"2025-02-19T15:11:20+00:00","og_image":[{"width":2002,"height":1127,"url":"https:\/\/instytutpolski.pl\/brussels\/wp-content\/uploads\/sites\/4\/2025\/01\/Obraz11.png","type":"image\/png"}],"twitter_card":"summary_large_image","twitter_misc":{"Szacowany czas czytania":"8 minut"},"schema":{"@context":"https:\/\/schema.org","@graph":[{"@type":"WebPage","@id":"https:\/\/instytutpolski.pl\/brussels\/nl\/pools-voorzitterschap-van-de-raad-van-de-eu\/","url":"https:\/\/instytutpolski.pl\/brussels\/nl\/pools-voorzitterschap-van-de-raad-van-de-eu\/","name":"Pools voorzitterschap van de Raad van de EU - Instytut Polski w Brukseli","isPartOf":{"@id":"https:\/\/instytutpolski.pl\/brussels\/#website"},"primaryImageOfPage":{"@id":"https:\/\/instytutpolski.pl\/brussels\/nl\/pools-voorzitterschap-van-de-raad-van-de-eu\/#primaryimage"},"image":{"@id":"https:\/\/instytutpolski.pl\/brussels\/nl\/pools-voorzitterschap-van-de-raad-van-de-eu\/#primaryimage"},"thumbnailUrl":"https:\/\/instytutpolski.pl\/brussels\/wp-content\/uploads\/sites\/4\/2025\/01\/Obraz11.png","datePublished":"2025-02-14T12:24:23+00:00","dateModified":"2025-02-19T15:11:20+00:00","breadcrumb":{"@id":"https:\/\/instytutpolski.pl\/brussels\/nl\/pools-voorzitterschap-van-de-raad-van-de-eu\/#breadcrumb"},"inLanguage":"pl-PL","potentialAction":[{"@type":"ReadAction","target":["https:\/\/instytutpolski.pl\/brussels\/nl\/pools-voorzitterschap-van-de-raad-van-de-eu\/"]}]},{"@type":"ImageObject","inLanguage":"pl-PL","@id":"https:\/\/instytutpolski.pl\/brussels\/nl\/pools-voorzitterschap-van-de-raad-van-de-eu\/#primaryimage","url":"https:\/\/instytutpolski.pl\/brussels\/wp-content\/uploads\/sites\/4\/2025\/01\/Obraz11.png","contentUrl":"https:\/\/instytutpolski.pl\/brussels\/wp-content\/uploads\/sites\/4\/2025\/01\/Obraz11.png","width":2002,"height":1127},{"@type":"BreadcrumbList","@id":"https:\/\/instytutpolski.pl\/brussels\/nl\/pools-voorzitterschap-van-de-raad-van-de-eu\/#breadcrumb","itemListElement":[{"@type":"ListItem","position":1,"name":"Home","item":"https:\/\/instytutpolski.pl\/brussels\/"},{"@type":"ListItem","position":2,"name":"Pools voorzitterschap van de Raad van de EU"}]},{"@type":"WebSite","@id":"https:\/\/instytutpolski.pl\/brussels\/#website","url":"https:\/\/instytutpolski.pl\/brussels\/","name":"Instytut Polski w Brukseli","description":"Instytuty Polskie","potentialAction":[{"@type":"SearchAction","target":{"@type":"EntryPoint","urlTemplate":"https:\/\/instytutpolski.pl\/brussels\/?s={search_term_string}"},"query-input":{"@type":"PropertyValueSpecification","valueRequired":true,"valueName":"search_term_string"}}],"inLanguage":"pl-PL"}]}},"_links":{"self":[{"href":"https:\/\/instytutpolski.pl\/brussels\/wp-json\/wp\/v2\/pages\/16115","targetHints":{"allow":["GET"]}}],"collection":[{"href":"https:\/\/instytutpolski.pl\/brussels\/wp-json\/wp\/v2\/pages"}],"about":[{"href":"https:\/\/instytutpolski.pl\/brussels\/wp-json\/wp\/v2\/types\/page"}],"author":[{"embeddable":true,"href":"https:\/\/instytutpolski.pl\/brussels\/wp-json\/wp\/v2\/users\/212"}],"replies":[{"embeddable":true,"href":"https:\/\/instytutpolski.pl\/brussels\/wp-json\/wp\/v2\/comments?post=16115"}],"version-history":[{"count":4,"href":"https:\/\/instytutpolski.pl\/brussels\/wp-json\/wp\/v2\/pages\/16115\/revisions"}],"predecessor-version":[{"id":16119,"href":"https:\/\/instytutpolski.pl\/brussels\/wp-json\/wp\/v2\/pages\/16115\/revisions\/16119"}],"wp:featuredmedia":[{"embeddable":true,"href":"https:\/\/instytutpolski.pl\/brussels\/wp-json\/wp\/v2\/media\/15691"}],"wp:attachment":[{"href":"https:\/\/instytutpolski.pl\/brussels\/wp-json\/wp\/v2\/media?parent=16115"}],"curies":[{"name":"wp","href":"https:\/\/api.w.org\/{rel}","templated":true}]}}