{"id":2624,"date":"2019-06-25T15:20:09","date_gmt":"2019-06-25T13:20:09","guid":{"rendered":"https:\/\/instytutpolski.pl\/brussels\/?page_id=2624"},"modified":"2023-06-16T13:46:14","modified_gmt":"2023-06-16T11:46:14","slug":"contact","status":"publish","type":"page","link":"https:\/\/instytutpolski.pl\/brussels\/a-propos-de-linstitut-polonais\/contact\/","title":{"rendered":"Contact"},"content":{"rendered":"\n<p>Institut Polonais Bruxelles<br \/>Avenue des Gaulois 29, 1040 Bruxelles<\/p>\n<p><a href=\"mailto:bruksela@instytutpolski.pl\">bruksela@instytutpolski.pl<\/a><\/p>\n<p>T\u00e9l. : + 32 (0) 2 554 06 90<br \/>Fax : + 32 (0) 2 644 06 89<\/p>\n<p>Si vous souhaitez envoyer des propositions culturelles \u00e0 l&#8217;Institut Polonais Bruxelles, \u00e9crivez-nous \u00e0 l&#8217;adresse: <a href=\"mailto:bruksela@instytutpolski.pl\">bruksela@instytutpolski.pl<\/a><br \/><br \/>\u00c9tant donn\u00e9 le nombre \u00e9lev\u00e9 de demandes que nous recevons, vous ne serez recontact\u00e9s que si votre proposition est retenue.<\/p>\n\n\n\n<hr class=\"wp-block-separator has-css-opacity\" \/>\n\n\n\n<p><b>P\u00e9titions, plaintes et demandes <\/b><span style=\"font-weight: 400\">peuvent \u00eatre adress\u00e9es \u00e0 l&#8217;Institut Polonais Bruxelles des mani\u00e8res suivantes :\u00a0<\/span><\/p>\n<ul>\n<li style=\"font-weight: 400\"><span style=\"font-weight: 400\">Les personnes int\u00e9ress\u00e9es seront re\u00e7ues par le\u00a0 Directeur de l&#8217;Institut ou un employ\u00e9 d\u00e9sign\u00e9 par lui &#8211; chaque premier lundi du mois de 15h00 \u00e0 16h00, sur rendez-vous pr\u00e9alable.\u00a0<\/span><\/li>\n<li style=\"font-weight: 400\"><span style=\"font-weight: 400\">Par voie \u00e9lectronique \u00e0 l\u2019adresse <a href=\"mailto:bruksela@instytutpolski.pl\">bruksela@instytutpolski.pl<\/a> avec en objet s\u2019il s\u2019agit d\u2019une p\u00e9tition, d\u2019une plainte ou d\u2019une demande.\u00a0<\/span><\/li>\n<li style=\"font-weight: 400\"><span style=\"font-weight: 400\">Par voie postale \u00e0 l\u2019adresse Avenue des Gaulois 29, 1040 Bruxelles\u00a0<\/span><\/li>\n<\/ul>\n<p><b>Il est obligatoire dans le cadre de ces envois de renseigner l\u2019adresse du requ\u00e9rant (<\/b><span style=\"font-weight: 400\">ville, code postal, rue, n\u00b0<\/span><b>). <\/b><span style=\"font-weight: 400\">Les plaintes et les demandes ne contenant pas le nom et l\u2019adresse du requ\u00e9rant ne seront pas prises en compte.<\/span> <span style=\"font-weight: 400\">En raison de la pand\u00e9mie actuelle COVID-19, nous vous recommandons de nous contacter via les moyens \u00e9lectroniques.\u00a0<\/span><\/p>\n<p><span style=\"font-weight: 400\">RODO &#8211; Des informations sur le traitement des donn\u00e9es \u00e0 caract\u00e8re personnel sont disponibles sur le site web du MAE \u00e0 l&#8217;adresse suivante : <\/span><\/p>\n<p><a href=\"https:\/\/www.gov.pl\/web\/dyplomacja\/zloz-skarge-lub-wniosek\"><span style=\"font-weight: 400\">https:\/\/www.gov.pl\/web\/dyplomacja\/zloz-skarge-lub-wniosek<\/span><\/a><\/p>\n<p><a href=\"https:\/\/www.gov.pl\/web\/dyplomacja\/zloz-petycje\"><span style=\"font-weight: 400\">https:\/\/www.gov.pl\/web\/dyplomacja\/zloz-petycje<\/span><\/a><span style=\"font-weight: 400\">\u00a0<\/span><\/p>\n","protected":false},"excerpt":{"rendered":"<p>Institut Polonais BruxellesAvenue des Gaulois 29, 1040 Bruxelles bruksela@instytutpolski.pl T\u00e9l. : + 32 (0) 2 554 06 90Fax : + 32 (0) 2 644 06 89 Si vous souhaitez envoyer des propositions culturelles \u00e0 l&#8217;Institut Polonais Bruxelles, \u00e9crivez-nous \u00e0 l&#8217;adresse: bruksela@instytutpolski.pl \u00c9tant donn\u00e9 le nombre \u00e9lev\u00e9 de demandes que nous recevons, vous ne serez recontact\u00e9s [&hellip;]<\/p>\n","protected":false},"author":72,"featured_media":0,"parent":894,"menu_order":0,"comment_status":"closed","ping_status":"closed","template":"","meta":{"inline_featured_image":false,"_monsterinsights_skip_tracking":false,"_monsterinsights_sitenote_active":false,"_monsterinsights_sitenote_note":"","_monsterinsights_sitenote_category":0,"footnotes":""},"class_list":["post-2624","page","type-page","status-publish","hentry"],"yoast_head":"<!-- This site is optimized with the Yoast SEO plugin v24.6 - https:\/\/yoast.com\/wordpress\/plugins\/seo\/ -->\n<title>Contact - Instytut Polski w Brukseli<\/title>\n<meta name=\"robots\" content=\"index, follow, max-snippet:-1, max-image-preview:large, max-video-preview:-1\" \/>\n<link rel=\"canonical\" href=\"https:\/\/instytutpolski.pl\/brussels\/a-propos-de-linstitut-polonais\/contact\/\" \/>\n<meta property=\"og:locale\" content=\"pl_PL\" \/>\n<meta property=\"og:type\" content=\"article\" \/>\n<meta property=\"og:title\" content=\"Contact - Instytut Polski w Brukseli\" \/>\n<meta property=\"og:description\" content=\"Institut Polonais BruxellesAvenue des Gaulois 29, 1040 Bruxelles bruksela@instytutpolski.pl T\u00e9l. : + 32 (0) 2 554 06 90Fax : + 32 (0) 2 644 06 89 Si vous souhaitez envoyer des propositions culturelles \u00e0 l&#8217;Institut Polonais Bruxelles, \u00e9crivez-nous \u00e0 l&#8217;adresse: bruksela@instytutpolski.pl \u00c9tant donn\u00e9 le nombre \u00e9lev\u00e9 de demandes que nous recevons, vous ne serez recontact\u00e9s [&hellip;]\" \/>\n<meta property=\"og:url\" content=\"https:\/\/instytutpolski.pl\/brussels\/a-propos-de-linstitut-polonais\/contact\/\" \/>\n<meta property=\"og:site_name\" content=\"Instytut Polski w Brukseli\" \/>\n<meta property=\"article:modified_time\" content=\"2023-06-16T11:46:14+00:00\" \/>\n<meta name=\"twitter:card\" content=\"summary_large_image\" \/>\n<meta name=\"twitter:label1\" content=\"Szacowany czas czytania\" \/>\n\t<meta name=\"twitter:data1\" content=\"2 minuty\" \/>\n<script type=\"application\/ld+json\" class=\"yoast-schema-graph\">{\"@context\":\"https:\/\/schema.org\",\"@graph\":[{\"@type\":\"WebPage\",\"@id\":\"https:\/\/instytutpolski.pl\/brussels\/a-propos-de-linstitut-polonais\/contact\/\",\"url\":\"https:\/\/instytutpolski.pl\/brussels\/a-propos-de-linstitut-polonais\/contact\/\",\"name\":\"Contact - Instytut Polski w Brukseli\",\"isPartOf\":{\"@id\":\"https:\/\/instytutpolski.pl\/brussels\/#website\"},\"datePublished\":\"2019-06-25T13:20:09+00:00\",\"dateModified\":\"2023-06-16T11:46:14+00:00\",\"breadcrumb\":{\"@id\":\"https:\/\/instytutpolski.pl\/brussels\/a-propos-de-linstitut-polonais\/contact\/#breadcrumb\"},\"inLanguage\":\"pl-PL\",\"potentialAction\":[{\"@type\":\"ReadAction\",\"target\":[\"https:\/\/instytutpolski.pl\/brussels\/a-propos-de-linstitut-polonais\/contact\/\"]}]},{\"@type\":\"BreadcrumbList\",\"@id\":\"https:\/\/instytutpolski.pl\/brussels\/a-propos-de-linstitut-polonais\/contact\/#breadcrumb\",\"itemListElement\":[{\"@type\":\"ListItem\",\"position\":1,\"name\":\"Home\",\"item\":\"https:\/\/instytutpolski.pl\/brussels\/\"},{\"@type\":\"ListItem\",\"position\":2,\"name\":\"\u00c0 propos de l&#8217;Institut polonais\",\"item\":\"https:\/\/instytutpolski.pl\/brussels\/a-propos-de-linstitut-polonais\/\"},{\"@type\":\"ListItem\",\"position\":3,\"name\":\"Contact\"}]},{\"@type\":\"WebSite\",\"@id\":\"https:\/\/instytutpolski.pl\/brussels\/#website\",\"url\":\"https:\/\/instytutpolski.pl\/brussels\/\",\"name\":\"Instytut Polski w Brukseli\",\"description\":\"Instytuty Polskie\",\"potentialAction\":[{\"@type\":\"SearchAction\",\"target\":{\"@type\":\"EntryPoint\",\"urlTemplate\":\"https:\/\/instytutpolski.pl\/brussels\/?s={search_term_string}\"},\"query-input\":{\"@type\":\"PropertyValueSpecification\",\"valueRequired\":true,\"valueName\":\"search_term_string\"}}],\"inLanguage\":\"pl-PL\"}]}<\/script>\n<!-- \/ Yoast SEO plugin. -->","yoast_head_json":{"title":"Contact - Instytut Polski w Brukseli","robots":{"index":"index","follow":"follow","max-snippet":"max-snippet:-1","max-image-preview":"max-image-preview:large","max-video-preview":"max-video-preview:-1"},"canonical":"https:\/\/instytutpolski.pl\/brussels\/a-propos-de-linstitut-polonais\/contact\/","og_locale":"pl_PL","og_type":"article","og_title":"Contact - Instytut Polski w Brukseli","og_description":"Institut Polonais BruxellesAvenue des Gaulois 29, 1040 Bruxelles bruksela@instytutpolski.pl T\u00e9l. : + 32 (0) 2 554 06 90Fax : + 32 (0) 2 644 06 89 Si vous souhaitez envoyer des propositions culturelles \u00e0 l&#8217;Institut Polonais Bruxelles, \u00e9crivez-nous \u00e0 l&#8217;adresse: bruksela@instytutpolski.pl \u00c9tant donn\u00e9 le nombre \u00e9lev\u00e9 de demandes que nous recevons, vous ne serez recontact\u00e9s [&hellip;]","og_url":"https:\/\/instytutpolski.pl\/brussels\/a-propos-de-linstitut-polonais\/contact\/","og_site_name":"Instytut Polski w Brukseli","article_modified_time":"2023-06-16T11:46:14+00:00","twitter_card":"summary_large_image","twitter_misc":{"Szacowany czas czytania":"2 minuty"},"schema":{"@context":"https:\/\/schema.org","@graph":[{"@type":"WebPage","@id":"https:\/\/instytutpolski.pl\/brussels\/a-propos-de-linstitut-polonais\/contact\/","url":"https:\/\/instytutpolski.pl\/brussels\/a-propos-de-linstitut-polonais\/contact\/","name":"Contact - Instytut Polski w Brukseli","isPartOf":{"@id":"https:\/\/instytutpolski.pl\/brussels\/#website"},"datePublished":"2019-06-25T13:20:09+00:00","dateModified":"2023-06-16T11:46:14+00:00","breadcrumb":{"@id":"https:\/\/instytutpolski.pl\/brussels\/a-propos-de-linstitut-polonais\/contact\/#breadcrumb"},"inLanguage":"pl-PL","potentialAction":[{"@type":"ReadAction","target":["https:\/\/instytutpolski.pl\/brussels\/a-propos-de-linstitut-polonais\/contact\/"]}]},{"@type":"BreadcrumbList","@id":"https:\/\/instytutpolski.pl\/brussels\/a-propos-de-linstitut-polonais\/contact\/#breadcrumb","itemListElement":[{"@type":"ListItem","position":1,"name":"Home","item":"https:\/\/instytutpolski.pl\/brussels\/"},{"@type":"ListItem","position":2,"name":"\u00c0 propos de l&#8217;Institut polonais","item":"https:\/\/instytutpolski.pl\/brussels\/a-propos-de-linstitut-polonais\/"},{"@type":"ListItem","position":3,"name":"Contact"}]},{"@type":"WebSite","@id":"https:\/\/instytutpolski.pl\/brussels\/#website","url":"https:\/\/instytutpolski.pl\/brussels\/","name":"Instytut Polski w Brukseli","description":"Instytuty Polskie","potentialAction":[{"@type":"SearchAction","target":{"@type":"EntryPoint","urlTemplate":"https:\/\/instytutpolski.pl\/brussels\/?s={search_term_string}"},"query-input":{"@type":"PropertyValueSpecification","valueRequired":true,"valueName":"search_term_string"}}],"inLanguage":"pl-PL"}]}},"_links":{"self":[{"href":"https:\/\/instytutpolski.pl\/brussels\/wp-json\/wp\/v2\/pages\/2624","targetHints":{"allow":["GET"]}}],"collection":[{"href":"https:\/\/instytutpolski.pl\/brussels\/wp-json\/wp\/v2\/pages"}],"about":[{"href":"https:\/\/instytutpolski.pl\/brussels\/wp-json\/wp\/v2\/types\/page"}],"author":[{"embeddable":true,"href":"https:\/\/instytutpolski.pl\/brussels\/wp-json\/wp\/v2\/users\/72"}],"replies":[{"embeddable":true,"href":"https:\/\/instytutpolski.pl\/brussels\/wp-json\/wp\/v2\/comments?post=2624"}],"version-history":[{"count":10,"href":"https:\/\/instytutpolski.pl\/brussels\/wp-json\/wp\/v2\/pages\/2624\/revisions"}],"predecessor-version":[{"id":11970,"href":"https:\/\/instytutpolski.pl\/brussels\/wp-json\/wp\/v2\/pages\/2624\/revisions\/11970"}],"up":[{"embeddable":true,"href":"https:\/\/instytutpolski.pl\/brussels\/wp-json\/wp\/v2\/pages\/894"}],"wp:attachment":[{"href":"https:\/\/instytutpolski.pl\/brussels\/wp-json\/wp\/v2\/media?parent=2624"}],"curies":[{"name":"wp","href":"https:\/\/api.w.org\/{rel}","templated":true}]}}