{"id":433,"date":"2019-05-24T09:31:38","date_gmt":"2019-05-24T07:31:38","guid":{"rendered":"https:\/\/instytutpolski.pl\/bruksela\/?page_id=433"},"modified":"2019-06-10T10:43:37","modified_gmt":"2019-06-10T08:43:37","slug":"newsletter-2","status":"publish","type":"page","link":"https:\/\/instytutpolski.pl\/brussels\/newsletter-2\/","title":{"rendered":"Newsletter"},"content":{"rendered":"<!-- Widget Shortcode --><div id=\"acymailing_subform_widget-6\" class=\"widget widget_acymailing_subform_widget widget-shortcode area-footer-4 \"><script type=\"text\/javascript\">\tif(typeof acymailingModule == 'undefined'){\r\n\t\t\t\tvar acymailingModule = [];\r\n\t\t\t}\r\n\t\t\t\r\n\t\t\tacymailingModule['emailRegex'] = \/^[a-z0-9!#$%&\\'*+\\\/=?^_`{|}~-]+(?:\\.[a-z0-9!#$%&\\'*+\\\/=?^_`{|}~-]+)*\\@([a-z0-9-]+\\.)+[a-z0-9]{2,20}$\/i;\r\n\r\n\t\t\tacymailingModule['NAMECAPTION'] = 'Imi\u0119';\r\n\t\t\tacymailingModule['NAME_MISSING'] = 'Wpisz swoje imi\u0119';\r\n\t\t\tacymailingModule['EMAILCAPTION'] = 'E-mail';\r\n\t\t\tacymailingModule['VALID_EMAIL'] = 'Wpisz prawid\u0142owy adres e-mail';\r\n\t\t\tacymailingModule['ACCEPT_TERMS'] = 'Zapoznaj si\u0119 z regulaminem';\r\n\t\t\tacymailingModule['CAPTCHA_MISSING'] = 'Wpisz kod wy\u015bwietlony na obrazku';\r\n\t\t\tacymailingModule['NO_LIST_SELECTED'] = 'Prosz\u0119 wybra\u0107 listy kt\u00f3re chcesz prenumerowa\u0107';\r\n\t\t<\/script><script type=\"text\/javascript\" src=\"https:\/\/instytutpolski.pl\/brussels\/wp-content\/plugins\/acymailing5\/media\/js\/acymailing_module.js?v=5107\" async><\/script><link rel=\"stylesheet\" href=\"https:\/\/instytutpolski.pl\/brussels\/wp-content\/plugins\/acymailing5\/media\/css\/module_default.css?v=1554200310\" type=\"text\/css\"><h2 class=\"widgettitle\">S&#8217;abonner<\/h2><script type=\"text\/javascript\">\n                    <!--\n                        \n                acymailingModule['level'] = 'enterprise';\n                acymailingModule['reqFieldsformAcymailing24601'] = Array('html','rodo');\n                    acymailingModule['validFieldsformAcymailing24601'] = Array('Prosz\u0119 poda\u0107 warto\u015b\u0107 w polu Odbieranie','Prosz\u0119 wyrazi\u0107 zgod\u0119 aby kontynuowa\u0107');\n                    \n                    \/\/-->\n\t\t\t\t\t<\/script><div class=\"acymailing_module\" id=\"acymailing_module_formAcymailing24601\">\n    <div class=\"acymailing_fulldiv\" id=\"acymailing_fulldiv_formAcymailing24601\" >\n        <form id=\"formAcymailing24601\" action=\"https:\/\/instytutpolski.pl\/brussels\/wp-admin\/admin-ajax.php?page=acymailing5_front&ctrl=sub&action=acymailing5_frontrouter&noheader=1\" onsubmit=\"return submitacymailingform('optin','formAcymailing24601')\" method=\"post\" name=\"formAcymailing24601\"  >\n\n            <div class=\"acymailing_module_form\">\n\t\t<div class=\"acymailing_form\">\n\t\t<p class=\"onefield fieldacyemail\" id=\"field_email_formAcymailing24601\"><span class=\"acyfield_email acy_requiredField\"><input id=\"user_email_formAcymailing24601\"  style=\"width:80%\" onfocus=\"if(this.value == 'E-mail') this.value = '';\" onblur=\"if(this.value=='') this.value='E-mail';\" type=\"text\" class=\"inputbox required\" name=\"user[email]\" value=\"E-mail\" title=\"E-mail\"\/><\/span>\n\t\t\t\t\t\t<\/p><p class=\"onefield fieldacyrodo\" id=\"field_rodo_formAcymailing24601\"><span class=\"acyfield_rodo acy_requiredField\"> <input type=\"hidden\" name=\"user[rodo]\" value=\" \" \/>\n<span id=\"span_user_rodo_formAcymailing24601_rodo-zaakceptowane\"><label for=\"user_rodo_formAcymailing24601_rodo-zaakceptowane\"><input type=\"checkbox\" name=\"user[rodo][]\" value=\"rodo-zaakceptowane\" id=\"user_rodo_formAcymailing24601_rodo-zaakceptowane\"   title=\"\"\/> O\u015bwiadczam, \u017ce zapozna\u0142am\/em si\u0119 z informacjami zamieszczonymi poni\u017cej:<\/label><\/span>\n<\/span>\n\t\t\t\t\t\t<\/p><p class=\"onefield fieldacycustomtext_270_11_45_35\" id=\"field_customtext_270_11_45_35_formAcymailing24601\"><span class=\"acyfield_customtext_270_11_45_35\">Conform\u00e9ment \u00e0 l'article 6, paragraphe 1, point a), du r\u00e8glement (UE) n\u00b0 2016\/679 du Parlement europ\u00e9en et du Conseil du 27 avril 2016 relatif \u00e0 la protection des personnes physiques \u00e0 l'\u00e9gard du traitement des donn\u00e9es \u00e0 caract\u00e8re personnel et \u00e0 la libre circulation de ces donn\u00e9es et abrogeant la directive 95\/46\/CE (RGPD), j'autorise l'Institut Polonais \u00e0 Bruxelles (Avenue des Gaulois 29, 1040 Etterbeek) \u00e0 traiter mes donn\u00e9es personnelles - adresse e-mail- dans le cadre de l'abonnement \u00e0 la newsletter. Dans le m\u00eame temps, je d\u00e9clare avoir pris connaissance des informations contenues ci-dessous, \u00e0 savoir l'ex\u00e9cution de l'obligation d'information pr\u00e9vue \u00e0 l'article 13 du RGPD concernant le traitement de mes donn\u00e9es personnelles, et je connais \u00e9galement tous les droits qui me sont conf\u00e9r\u00e9s par l'article 15 - 20 du RGPD. More information<\/span>\n\t\t\t\t\t\t<\/p><script type=\"text\/javascript\">\n\t\t\t\t\t<!--\n\t\t\t\t\t\nacymailingModule['excludeValuesformAcymailing24601'] = [];\nacymailingModule['excludeValuesformAcymailing24601']['email'] = 'E-mail';\n\n\t\t\t\t\t\/\/-->\n\t\t\t\t\t<\/script>\t<\/div>\n\n\t<p class=\"acysubbuttons\">\n\t\t<button type=\"submit\" class=\"button subbutton\" value=\"S'abonner\" name=\"Submit\" onclick=\"try{ return submitacymailingform('optin','formAcymailing24601'); }catch(err){alert('The form could not be submitted '+err);return false;}\"><span class=\"fas fa-at\"><\/span><\/button>\n\t\t\t<\/p>\n<\/div>\n            <input type=\"hidden\" name=\"page\" value=\"front\"\/>\n            <input type=\"hidden\" name=\"ctrl\" value=\"sub\"\/>\n            <input type=\"hidden\" name=\"task\" value=\"notask\"\/>\n            <input type=\"hidden\" name=\"option\" value=\"acymailing5\"\/>\n\n            <input type=\"hidden\" name=\"ajax\" value=\"1\"\/>            <input type=\"hidden\" name=\"acy_source\" value=\"widget 6\" \/>\n                        <input type=\"hidden\" name=\"hiddenlists\" value=\"1\"\/>\n            <input type=\"hidden\" name=\"acyformname\" value=\"formAcymailing24601\" \/>\n\n                    <\/form>\n    <\/div>\n<\/div>\n<\/div><!-- \/Widget Shortcode -->\n","protected":false},"excerpt":{"rendered":"","protected":false},"author":1,"featured_media":0,"parent":0,"menu_order":0,"comment_status":"closed","ping_status":"closed","template":"","meta":{"inline_featured_image":false,"_monsterinsights_skip_tracking":false,"_monsterinsights_sitenote_active":false,"_monsterinsights_sitenote_note":"","_monsterinsights_sitenote_category":0,"footnotes":""},"class_list":["post-433","page","type-page","status-publish","hentry"],"yoast_head":"<!-- This site is optimized with the Yoast SEO plugin v24.6 - https:\/\/yoast.com\/wordpress\/plugins\/seo\/ -->\n<title>Newsletter - Instytut Polski w Brukseli<\/title>\n<meta name=\"robots\" content=\"index, follow, max-snippet:-1, max-image-preview:large, max-video-preview:-1\" \/>\n<link rel=\"canonical\" href=\"https:\/\/instytutpolski.pl\/brussels\/newsletter-2\/\" \/>\n<meta property=\"og:locale\" content=\"pl_PL\" \/>\n<meta property=\"og:type\" content=\"article\" \/>\n<meta property=\"og:title\" content=\"Newsletter - Instytut Polski w Brukseli\" \/>\n<meta property=\"og:url\" content=\"https:\/\/instytutpolski.pl\/brussels\/newsletter-2\/\" \/>\n<meta property=\"og:site_name\" content=\"Instytut Polski w Brukseli\" \/>\n<meta property=\"article:modified_time\" content=\"2019-06-10T08:43:37+00:00\" \/>\n<meta name=\"twitter:card\" content=\"summary_large_image\" \/>\n<script type=\"application\/ld+json\" class=\"yoast-schema-graph\">{\"@context\":\"https:\/\/schema.org\",\"@graph\":[{\"@type\":\"WebPage\",\"@id\":\"https:\/\/instytutpolski.pl\/brussels\/newsletter-2\/\",\"url\":\"https:\/\/instytutpolski.pl\/brussels\/newsletter-2\/\",\"name\":\"Newsletter - Instytut Polski w Brukseli\",\"isPartOf\":{\"@id\":\"https:\/\/instytutpolski.pl\/brussels\/#website\"},\"datePublished\":\"2019-05-24T07:31:38+00:00\",\"dateModified\":\"2019-06-10T08:43:37+00:00\",\"breadcrumb\":{\"@id\":\"https:\/\/instytutpolski.pl\/brussels\/newsletter-2\/#breadcrumb\"},\"inLanguage\":\"pl-PL\",\"potentialAction\":[{\"@type\":\"ReadAction\",\"target\":[\"https:\/\/instytutpolski.pl\/brussels\/newsletter-2\/\"]}]},{\"@type\":\"BreadcrumbList\",\"@id\":\"https:\/\/instytutpolski.pl\/brussels\/newsletter-2\/#breadcrumb\",\"itemListElement\":[{\"@type\":\"ListItem\",\"position\":1,\"name\":\"Home\",\"item\":\"https:\/\/instytutpolski.pl\/brussels\/\"},{\"@type\":\"ListItem\",\"position\":2,\"name\":\"Newsletter\"}]},{\"@type\":\"WebSite\",\"@id\":\"https:\/\/instytutpolski.pl\/brussels\/#website\",\"url\":\"https:\/\/instytutpolski.pl\/brussels\/\",\"name\":\"Instytut Polski w Brukseli\",\"description\":\"Instytuty Polskie\",\"potentialAction\":[{\"@type\":\"SearchAction\",\"target\":{\"@type\":\"EntryPoint\",\"urlTemplate\":\"https:\/\/instytutpolski.pl\/brussels\/?s={search_term_string}\"},\"query-input\":{\"@type\":\"PropertyValueSpecification\",\"valueRequired\":true,\"valueName\":\"search_term_string\"}}],\"inLanguage\":\"pl-PL\"}]}<\/script>\n<!-- \/ Yoast SEO plugin. -->","yoast_head_json":{"title":"Newsletter - Instytut Polski w Brukseli","robots":{"index":"index","follow":"follow","max-snippet":"max-snippet:-1","max-image-preview":"max-image-preview:large","max-video-preview":"max-video-preview:-1"},"canonical":"https:\/\/instytutpolski.pl\/brussels\/newsletter-2\/","og_locale":"pl_PL","og_type":"article","og_title":"Newsletter - Instytut Polski w Brukseli","og_url":"https:\/\/instytutpolski.pl\/brussels\/newsletter-2\/","og_site_name":"Instytut Polski w Brukseli","article_modified_time":"2019-06-10T08:43:37+00:00","twitter_card":"summary_large_image","schema":{"@context":"https:\/\/schema.org","@graph":[{"@type":"WebPage","@id":"https:\/\/instytutpolski.pl\/brussels\/newsletter-2\/","url":"https:\/\/instytutpolski.pl\/brussels\/newsletter-2\/","name":"Newsletter - Instytut Polski w Brukseli","isPartOf":{"@id":"https:\/\/instytutpolski.pl\/brussels\/#website"},"datePublished":"2019-05-24T07:31:38+00:00","dateModified":"2019-06-10T08:43:37+00:00","breadcrumb":{"@id":"https:\/\/instytutpolski.pl\/brussels\/newsletter-2\/#breadcrumb"},"inLanguage":"pl-PL","potentialAction":[{"@type":"ReadAction","target":["https:\/\/instytutpolski.pl\/brussels\/newsletter-2\/"]}]},{"@type":"BreadcrumbList","@id":"https:\/\/instytutpolski.pl\/brussels\/newsletter-2\/#breadcrumb","itemListElement":[{"@type":"ListItem","position":1,"name":"Home","item":"https:\/\/instytutpolski.pl\/brussels\/"},{"@type":"ListItem","position":2,"name":"Newsletter"}]},{"@type":"WebSite","@id":"https:\/\/instytutpolski.pl\/brussels\/#website","url":"https:\/\/instytutpolski.pl\/brussels\/","name":"Instytut Polski w Brukseli","description":"Instytuty Polskie","potentialAction":[{"@type":"SearchAction","target":{"@type":"EntryPoint","urlTemplate":"https:\/\/instytutpolski.pl\/brussels\/?s={search_term_string}"},"query-input":{"@type":"PropertyValueSpecification","valueRequired":true,"valueName":"search_term_string"}}],"inLanguage":"pl-PL"}]}},"_links":{"self":[{"href":"https:\/\/instytutpolski.pl\/brussels\/wp-json\/wp\/v2\/pages\/433","targetHints":{"allow":["GET"]}}],"collection":[{"href":"https:\/\/instytutpolski.pl\/brussels\/wp-json\/wp\/v2\/pages"}],"about":[{"href":"https:\/\/instytutpolski.pl\/brussels\/wp-json\/wp\/v2\/types\/page"}],"author":[{"embeddable":true,"href":"https:\/\/instytutpolski.pl\/brussels\/wp-json\/wp\/v2\/users\/1"}],"replies":[{"embeddable":true,"href":"https:\/\/instytutpolski.pl\/brussels\/wp-json\/wp\/v2\/comments?post=433"}],"version-history":[{"count":4,"href":"https:\/\/instytutpolski.pl\/brussels\/wp-json\/wp\/v2\/pages\/433\/revisions"}],"predecessor-version":[{"id":707,"href":"https:\/\/instytutpolski.pl\/brussels\/wp-json\/wp\/v2\/pages\/433\/revisions\/707"}],"wp:attachment":[{"href":"https:\/\/instytutpolski.pl\/brussels\/wp-json\/wp\/v2\/media?parent=433"}],"curies":[{"name":"wp","href":"https:\/\/api.w.org\/{rel}","templated":true}]}}