{"id":443,"date":"2019-05-24T09:35:03","date_gmt":"2019-05-24T07:35:03","guid":{"rendered":"https:\/\/instytutpolski.pl\/bruksela\/?page_id=443"},"modified":"2021-10-20T09:55:02","modified_gmt":"2021-10-20T07:55:02","slug":"contact","status":"publish","type":"page","link":"https:\/\/instytutpolski.pl\/brussels\/contact\/","title":{"rendered":"Contact"},"content":{"rendered":"\n<p>Institut Polonais<br \/>Service culturel de l&#8217;Ambassade de Pologne\u00a0<br \/>Avenue des Gaulois 29, 1040 Bruxelles<\/p>\n<p><strong><a href=\"http:\/\/culturepolonaise.eu\/mailoto:bruxelles@instytutpolski.org\">bruxelles@instytutpolski.org<\/a><\/strong><\/p>\n<p>T\u00e9l. : + 32 (0) 2 554 06 90<br \/>Fax : + 32 (0) 2 644 06 89<\/p>\n<p>Si vous souhaitez envoyer des propositions culturelles \u00e0 l&#8217;Institut Polonais, \u00e9crivez-nous \u00e0 l&#8217;adresse:\u00a0<strong><a href=\"mailto:bruxelles@instytutpolski.org\">bruxelles@instytutpolski.org<\/a>\u00a0<\/strong><br \/><br \/>Etant donn\u00e9 le nombre \u00e9lev\u00e9 de demandes que nous recevons, vous ne serez recontact\u00e9s que si votre proposition est retenue.<br \/><br \/><\/p>\n<p>L&#8217;\u00e9quipe du Service culturel de l&#8217;Ambassade de Pologne est compos\u00e9e de :<br \/><br \/><strong>Agnieszka Bolecka<br \/><\/strong>Chef de service<strong><br \/><a href=\"http:\/\/culturepolonaise.eu\/mailoto:bruxelles@instytutpolski.org\">bruxelles@instytutpolski.org<\/a><br \/><\/strong>Tel.: +32 (0)2 554 06 90<strong><br \/><br \/>Katarzyna Krause<br \/><\/strong>Chef de service adjoint<strong><br \/><a href=\"http:\/\/culturepolonaise.eu\/mailoto:bruxelles@instytutpolski.org\">bruxelles@instytutpolski.org<\/a><br \/><\/strong>Tel.: +32 (0)2 554 06 90<strong><br \/><br \/><\/strong><strong>Natalia Dyjak-Urbanik<br \/><\/strong>Assistante du chef de service<br \/><strong><a href=\"mailto:natalia.dyjak-urbanik@instytutpolski.org\">natalia.dyjak-urbanik@instytutpolski.org<\/a>\u00a0\u00a0<br \/><\/strong>Tel.: +32 (0)2 554 06 90<strong><br \/><br \/>Maria Winiarska<br \/><\/strong>Projets Musique et Th\u00e9\u00e2tre<br \/><strong><a href=\"mailto:mw@culturepolonaise.eu\">maria.winiarska@instytutpolski.org<\/a>\u00a0<\/strong><br \/>T\u00e9l. : + 32 (0) 2 554 06 92<br \/><br \/><strong>Anna Smolak<\/strong>\u00a0<br \/>Projets Arts Visuels\u00a0<br \/><a href=\"mailto:anna.smolak@instytutpolski.org\"><strong>anna.smolak@instytutpolski.org<\/strong><\/a><br \/>T\u00e9l. : +32 (0) 2 554 06 91<br \/><br \/><strong>Justyna Gajko-Berckmans\u00a0<\/strong><br \/>Projets Films, Presse et Communication\u00a0<br \/><strong><a href=\"mailto:justyna.gajko@instytutpolski.org\">justyna.gajko@instytutpolski.org<\/a><\/strong><br \/>T\u00e9l. : +32 (0) 2 554 06 95<\/p>\n\n\n","protected":false},"excerpt":{"rendered":"<p>Institut PolonaisService culturel de l&#8217;Ambassade de Pologne\u00a0Avenue des Gaulois 29, 1040 Bruxelles bruxelles@instytutpolski.org T\u00e9l. : + 32 (0) 2 554 06 90Fax : + 32 (0) 2 644 06 89 Si vous souhaitez envoyer des propositions culturelles \u00e0 l&#8217;Institut Polonais, \u00e9crivez-nous \u00e0 l&#8217;adresse:\u00a0bruxelles@instytutpolski.org\u00a0 Etant donn\u00e9 le nombre \u00e9lev\u00e9 de demandes que nous recevons, vous ne [&hellip;]<\/p>\n","protected":false},"author":1,"featured_media":0,"parent":0,"menu_order":0,"comment_status":"closed","ping_status":"closed","template":"","meta":{"inline_featured_image":false,"_monsterinsights_skip_tracking":false,"_monsterinsights_sitenote_active":false,"_monsterinsights_sitenote_note":"","_monsterinsights_sitenote_category":0,"footnotes":""},"class_list":["post-443","page","type-page","status-publish","hentry"],"yoast_head":"<!-- This site is optimized with the Yoast SEO plugin v24.6 - https:\/\/yoast.com\/wordpress\/plugins\/seo\/ -->\n<title>Contact - Instytut Polski w Brukseli<\/title>\n<meta name=\"robots\" content=\"index, follow, max-snippet:-1, max-image-preview:large, max-video-preview:-1\" \/>\n<link rel=\"canonical\" href=\"https:\/\/instytutpolski.pl\/brussels\/contact\/\" \/>\n<meta property=\"og:locale\" content=\"pl_PL\" \/>\n<meta property=\"og:type\" content=\"article\" \/>\n<meta property=\"og:title\" content=\"Contact - Instytut Polski w Brukseli\" \/>\n<meta property=\"og:description\" content=\"Institut PolonaisService culturel de l&#8217;Ambassade de Pologne\u00a0Avenue des Gaulois 29, 1040 Bruxelles bruxelles@instytutpolski.org T\u00e9l. : + 32 (0) 2 554 06 90Fax : + 32 (0) 2 644 06 89 Si vous souhaitez envoyer des propositions culturelles \u00e0 l&#8217;Institut Polonais, \u00e9crivez-nous \u00e0 l&#8217;adresse:\u00a0bruxelles@instytutpolski.org\u00a0 Etant donn\u00e9 le nombre \u00e9lev\u00e9 de demandes que nous recevons, vous ne [&hellip;]\" \/>\n<meta property=\"og:url\" content=\"https:\/\/instytutpolski.pl\/brussels\/contact\/\" \/>\n<meta property=\"og:site_name\" content=\"Instytut Polski w Brukseli\" \/>\n<meta property=\"article:modified_time\" content=\"2021-10-20T07:55:02+00:00\" \/>\n<meta name=\"twitter:card\" content=\"summary_large_image\" \/>\n<meta name=\"twitter:label1\" content=\"Szacowany czas czytania\" \/>\n\t<meta name=\"twitter:data1\" content=\"1 minuta\" \/>\n<script type=\"application\/ld+json\" class=\"yoast-schema-graph\">{\"@context\":\"https:\/\/schema.org\",\"@graph\":[{\"@type\":\"WebPage\",\"@id\":\"https:\/\/instytutpolski.pl\/brussels\/contact\/\",\"url\":\"https:\/\/instytutpolski.pl\/brussels\/contact\/\",\"name\":\"Contact - Instytut Polski w Brukseli\",\"isPartOf\":{\"@id\":\"https:\/\/instytutpolski.pl\/brussels\/#website\"},\"datePublished\":\"2019-05-24T07:35:03+00:00\",\"dateModified\":\"2021-10-20T07:55:02+00:00\",\"breadcrumb\":{\"@id\":\"https:\/\/instytutpolski.pl\/brussels\/contact\/#breadcrumb\"},\"inLanguage\":\"pl-PL\",\"potentialAction\":[{\"@type\":\"ReadAction\",\"target\":[\"https:\/\/instytutpolski.pl\/brussels\/contact\/\"]}]},{\"@type\":\"BreadcrumbList\",\"@id\":\"https:\/\/instytutpolski.pl\/brussels\/contact\/#breadcrumb\",\"itemListElement\":[{\"@type\":\"ListItem\",\"position\":1,\"name\":\"Home\",\"item\":\"https:\/\/instytutpolski.pl\/brussels\/\"},{\"@type\":\"ListItem\",\"position\":2,\"name\":\"Contact\"}]},{\"@type\":\"WebSite\",\"@id\":\"https:\/\/instytutpolski.pl\/brussels\/#website\",\"url\":\"https:\/\/instytutpolski.pl\/brussels\/\",\"name\":\"Instytut Polski w Brukseli\",\"description\":\"Instytuty Polskie\",\"potentialAction\":[{\"@type\":\"SearchAction\",\"target\":{\"@type\":\"EntryPoint\",\"urlTemplate\":\"https:\/\/instytutpolski.pl\/brussels\/?s={search_term_string}\"},\"query-input\":{\"@type\":\"PropertyValueSpecification\",\"valueRequired\":true,\"valueName\":\"search_term_string\"}}],\"inLanguage\":\"pl-PL\"}]}<\/script>\n<!-- \/ Yoast SEO plugin. -->","yoast_head_json":{"title":"Contact - Instytut Polski w Brukseli","robots":{"index":"index","follow":"follow","max-snippet":"max-snippet:-1","max-image-preview":"max-image-preview:large","max-video-preview":"max-video-preview:-1"},"canonical":"https:\/\/instytutpolski.pl\/brussels\/contact\/","og_locale":"pl_PL","og_type":"article","og_title":"Contact - Instytut Polski w Brukseli","og_description":"Institut PolonaisService culturel de l&#8217;Ambassade de Pologne\u00a0Avenue des Gaulois 29, 1040 Bruxelles bruxelles@instytutpolski.org T\u00e9l. : + 32 (0) 2 554 06 90Fax : + 32 (0) 2 644 06 89 Si vous souhaitez envoyer des propositions culturelles \u00e0 l&#8217;Institut Polonais, \u00e9crivez-nous \u00e0 l&#8217;adresse:\u00a0bruxelles@instytutpolski.org\u00a0 Etant donn\u00e9 le nombre \u00e9lev\u00e9 de demandes que nous recevons, vous ne [&hellip;]","og_url":"https:\/\/instytutpolski.pl\/brussels\/contact\/","og_site_name":"Instytut Polski w Brukseli","article_modified_time":"2021-10-20T07:55:02+00:00","twitter_card":"summary_large_image","twitter_misc":{"Szacowany czas czytania":"1 minuta"},"schema":{"@context":"https:\/\/schema.org","@graph":[{"@type":"WebPage","@id":"https:\/\/instytutpolski.pl\/brussels\/contact\/","url":"https:\/\/instytutpolski.pl\/brussels\/contact\/","name":"Contact - Instytut Polski w Brukseli","isPartOf":{"@id":"https:\/\/instytutpolski.pl\/brussels\/#website"},"datePublished":"2019-05-24T07:35:03+00:00","dateModified":"2021-10-20T07:55:02+00:00","breadcrumb":{"@id":"https:\/\/instytutpolski.pl\/brussels\/contact\/#breadcrumb"},"inLanguage":"pl-PL","potentialAction":[{"@type":"ReadAction","target":["https:\/\/instytutpolski.pl\/brussels\/contact\/"]}]},{"@type":"BreadcrumbList","@id":"https:\/\/instytutpolski.pl\/brussels\/contact\/#breadcrumb","itemListElement":[{"@type":"ListItem","position":1,"name":"Home","item":"https:\/\/instytutpolski.pl\/brussels\/"},{"@type":"ListItem","position":2,"name":"Contact"}]},{"@type":"WebSite","@id":"https:\/\/instytutpolski.pl\/brussels\/#website","url":"https:\/\/instytutpolski.pl\/brussels\/","name":"Instytut Polski w Brukseli","description":"Instytuty Polskie","potentialAction":[{"@type":"SearchAction","target":{"@type":"EntryPoint","urlTemplate":"https:\/\/instytutpolski.pl\/brussels\/?s={search_term_string}"},"query-input":{"@type":"PropertyValueSpecification","valueRequired":true,"valueName":"search_term_string"}}],"inLanguage":"pl-PL"}]}},"_links":{"self":[{"href":"https:\/\/instytutpolski.pl\/brussels\/wp-json\/wp\/v2\/pages\/443","targetHints":{"allow":["GET"]}}],"collection":[{"href":"https:\/\/instytutpolski.pl\/brussels\/wp-json\/wp\/v2\/pages"}],"about":[{"href":"https:\/\/instytutpolski.pl\/brussels\/wp-json\/wp\/v2\/types\/page"}],"author":[{"embeddable":true,"href":"https:\/\/instytutpolski.pl\/brussels\/wp-json\/wp\/v2\/users\/1"}],"replies":[{"embeddable":true,"href":"https:\/\/instytutpolski.pl\/brussels\/wp-json\/wp\/v2\/comments?post=443"}],"version-history":[{"count":9,"href":"https:\/\/instytutpolski.pl\/brussels\/wp-json\/wp\/v2\/pages\/443\/revisions"}],"predecessor-version":[{"id":7851,"href":"https:\/\/instytutpolski.pl\/brussels\/wp-json\/wp\/v2\/pages\/443\/revisions\/7851"}],"wp:attachment":[{"href":"https:\/\/instytutpolski.pl\/brussels\/wp-json\/wp\/v2\/media?parent=443"}],"curies":[{"name":"wp","href":"https:\/\/api.w.org\/{rel}","templated":true}]}}