{"id":484,"date":"2019-05-24T12:15:15","date_gmt":"2019-05-24T10:15:15","guid":{"rendered":"https:\/\/instytutpolski.pl\/bruksela\/?page_id=484"},"modified":"2019-05-24T12:40:58","modified_gmt":"2019-05-24T10:40:58","slug":"study-in-poland","status":"publish","type":"page","link":"https:\/\/instytutpolski.pl\/brussels\/study-in-poland\/","title":{"rendered":"Etudier en Pologne"},"content":{"rendered":"\n<p><strong>1.<\/strong>\u00a0Recherche<br \/><strong>2.\u00a0<\/strong>Bourses (polonaises et belges)<br \/><strong>3.\u00a0<\/strong>Universit\u00e9s d&#8217;accueil<br \/><strong>4.<\/strong>\u00a0Ecoles de langues pour \u00e9trangers (Universit\u00e9s polonaises)<br \/><strong>5.<\/strong>\u00a0S\u00e9jours linguistiques en Pologne (programmes belges non gouvernementaux)<br \/><br \/><\/p>\n<hr \/>\n<p><strong>\u00a01. Recherche<br \/><br \/><\/strong>Le Minist\u00e8re de la Science et de l&#8217;Enseignement Sup\u00e9rieur de la R\u00e9publique de Pologne a lanc\u00e9 une nouvelle page web intitul\u00e9e\u00a0<strong><span lang=\"EN-US\">&#8217;Ready, Study, Go! Poland&#8217;<\/span><\/strong>\u00a0de la campagne de promotion adress\u00e9e aux \u00e9trangers d\u00e9sireux d&#8217;\u00e9tudier en Pologne. L\u2019application de recherche \u201cStudyfinder\u201d sur le site web\u00a0<a href=\"http:\/\/www.go-poland.pl\/\" target=\"_blank\" rel=\"noopener\">Go Poland<\/a>\u00a0offre l&#8217;aide \u00e0 la recherche de stages en Pologne qui sont r\u00e9alis\u00e9s dans des langues \u00e9trang\u00e8res. Dans la la base de donn\u00e9es qui est r\u00e9guli\u00e8rement mis \u00e0 jour, vous pouvez choisir parmi plus de 500 cours\u00a0! A part de cela, le site presente des informations cl\u00e9s sur le syst\u00e8me d&#8217;enseignement sup\u00e9rieur, il donne la r\u00e9ponse pourquoi c\u2019est int\u00e9ressant de poursuivre vos \u00e9tudies en Pologne et comment pouvez-vous vous pr\u00e9parer pour aller \u00e9tudier en Pologne\u00a0:<strong><br \/><\/strong><\/p>\n<p><a title=\"Go Poland\" href=\"http:\/\/www.go-poland.pl\/\" target=\"_blank\" rel=\"noopener\">http:\/\/www.go-poland.pl\/<\/a><\/p>\n<p><strong>\u00a02. Bourses (polonaises et belges)<\/strong><\/p>\n<p>&gt;&gt;&gt; Prendre contact avec l&#8217;Institut Polonais &#8211; Service culturel de l&#8217;Ambassade de Pologne \u00e0 Bruxelles \/\u00a0\u00a0<a href=\"mailto:brussels@instytutpolski.org\">brussels@instytutpolski.org<\/a>\u00a0\u00a0<br \/><br \/>&gt;&gt;&gt;\u00a0Minist\u00e8re de la Science et de l&#8217;Enseignement Sup\u00e9rieur \/\u00a0<a title=\"Ministerstwo Nauki i Szkolnictwa Wy\u017cszego\" href=\"https:\/\/www.nauka.gov.pl\/dla-studentow-i-doktorantow\/\" target=\"_blank\" rel=\"noopener\">http:\/\/www.nauka.gov.pl\/<br \/><\/a><br \/>&gt;&gt;&gt; Bourses gouvernementales\u00a0polonaises\u00a0(art):<br \/>Site du Minist\u00e8re polonais de la Culture et du Patrimoine National (Ministerstwo Kultury i Dziedzictwa Narodowego) \/\u00a0<a href=\"http:\/\/www.mkidn.gov.pl\/pages\/strona-glowna\/uczniowie-i-studenci\/stypendia\/stypendia-dla-studentow-i-doktorantow.php\" target=\"_blank\" rel=\"noopener\">http:\/\/www.mkidn.gov.pl\/<br \/><\/a><br \/>&gt;&gt;&gt; Bourses gouvernementales\u00a0polonaises\u00a0(m\u00e9decine):\u00a0Site du Minist\u00e8re polonais de la Sant\u00e9 (Ministerstwo Zdrowia, MZ) \/\u00a0<a href=\"https:\/\/www.gov.pl\/zdrowie\/ksztalcenie-cudzoziemcow-w-jezyku-polskim\" target=\"_blank\" rel=\"noopener\">http:\/\/www.mz.gov.pl\/<br \/><\/a><br \/>&gt;&gt;&gt; Bourses gouvernementales\u00a0polonaises\u00a0(sauf art et m\u00e9decine):\u00a0Formulaires t\u00e9l\u00e9chargeables sur le site de l&#8217;Agence Nationale des Echanges Academiques (narodowa Agencja Wymiany Akademickiej) \/\u00a0<a href=\"https:\/\/nawa.gov.pl\/en\/\">https:\/\/nawa.gov.pl\/en\/<\/a><\/p>\n<p>&gt;&gt;&gt; Bourses de la Communaut\u00e9 Fran\u00e7aise de Belgique (Wallonie-Bruxelles International, WBI)\u00a0\/\u00a0<a href=\"http:\/\/wbi.be\/fr\/bourses\" target=\"_blank\" rel=\"noopener\">http:\/\/www.wbi.be\/<\/a><br \/><br \/>&gt;&gt;&gt; Portail de l&#8217;Union Europ\u00e9enne sur les opportunit\u00e9s d&#8217;\u00e9tudes et de formation en Europe (PLOTEUS) \/\u00a0<a href=\"http:\/\/ec.europa.eu\/ploteus\/home.jsp?language=fr\" target=\"_blank\" rel=\"noopener\">http:\/\/ec.europa.eu\/ploteus\/<\/a><\/p>\n<hr \/>\n<p>\u00a0<\/p>\n<p>\u00a0<strong>3. Universit\u00e9s d\u2019accueil<\/strong><\/p>\n<p>Liste des universit\u00e9s polonaises accueillant des \u00e9tudiants \u00e9trangers (tous domaines, toutes langues, toutes universit\u00e9s polonaises)\u00a0:<br \/>Programme &#8222;Study in Poland&#8221;\u00a0:\u00a0<a href=\"http:\/\/www.studyinpoland.pl\/\" target=\"_blank\" rel=\"noopener\">http:\/\/www.studyinpoland.pl\/<\/a>\u00a0<br \/>+++ En savoir plus sur la vie \u00e9tudiante\u00a0:\u00a0<a href=\"http:\/\/www.studyfun.pl\/\">http:\/\/www.studyfun.pl\/<\/a>\u00a0<\/p>\n<hr \/>\n<p><br \/><strong>4. Ecoles de langues pour \u00e9trangers (Universit\u00e9s polonaises)<\/strong><\/p>\n<p>&gt;&gt;&gt; Universit\u00e9 Casimir le Grand de Bydgoszcz \/\u00a0<strong>Uniwersytet Kazimierza Wielkiego w Bydgoszczy<\/strong>\u00a0\/\u00a0<a href=\"http:\/\/www.ukw.edu.pl\/\" target=\"_blank\" rel=\"noopener\">http:\/\/www.ukw.edu.pl\/<\/a>\u00a0<br \/>+\u00a0<a href=\"https:\/\/polski.ukw.edu.pl\/jednostka\/nauczanie_jezyka_polskiego\" target=\"_blank\" rel=\"noopener\">Centrum Nauczania J\u0119zyka Polskiego\u00a0dla Obcokrajowc\u00f3w<\/a>\u00a0 \u00a0<br \/><br \/>&gt;&gt;&gt; Universit\u00e9 Jagellonne de Cracovie \/\u00a0<strong>Uniwersytet Jagiello\u0144ski w Krakowie<\/strong>\/\u00a0<a href=\"http:\/\/www.uj.edu.pl\/\" target=\"_blank\" rel=\"noopener\">http:\/\/www.uj.edu.pl\/<\/a>\u00a0\u00a0\u00a0\u00a0\u00a0\u00a0\u00a0\u00a0<br \/>+\u00a0<a href=\"http:\/\/www.kurspolskiego.pl%20\/\" target=\"_blank\" rel=\"noopener\">Centrum J\u0119zyka Polskiego\u00a0<strong>Varia<\/strong><\/a><br \/><strong>++<a href=\"http:\/\/https\/\/www.varia-course.com\/en\/Polish_courses\/online-lessons\" target=\"_blank\" rel=\"noopener\">LEARN POLISH ONLINE<\/a><\/strong><br \/><br \/>&gt;&gt;&gt; Universit\u00e9 de Sil\u00e9sie, Katowice \/\u00a0<strong>Uniwersytet \u015al\u0105ski w Katowicach<\/strong>\u00a0\/\u00a0<a href=\"http:\/\/www.us.edu.pl\/\" target=\"_blank\" rel=\"noopener\">http:\/\/www.us.edu.pl\/<\/a>\u00a0\u00a0\u00a0\u00a0\u00a0\u00a0\u00a0\u00a0<br \/>+ Ecole de langue :\u00a0<a href=\"http:\/\/www.sjikp.us.edu.pl\/\" target=\"_blank\" rel=\"noopener\">Szko\u0142a J\u0119zyka i Kultury Polskiej<\/a><br \/><br \/>&gt;&gt;&gt; Universit\u00e9 de \u0141\u00f3d\u017a \/\u00a0<strong>Uniwersytet \u0141\u00f3dzki\u00a0<\/strong>\/\u00a0<a href=\"http:\/\/www.uni.lodz.pl\/\" target=\"_blank\" rel=\"noopener\">http:\/\/www.uni.lodz.pl\/<\/a>\u00a0\u00a0\u00a0\u00a0\u00a0\u00a0\u00a0<br \/>+ Ecole de langue :\u00a0<a href=\"http:\/\/www.sjpdc.uni.lodz.pl\/\" target=\"_blank\" rel=\"noopener\">School of Polish for Foreigners at the University of \u0141\u00f3d\u017c<\/a><br \/><br \/>&gt;&gt;&gt; Universit\u00e9 Catholique de Lublin \/\u00a0<strong>Katolicki<\/strong>\u00a0<strong>Uniwersytet Lubelski Jana Paw\u0142a II<\/strong><a href=\"http:\/\/www.kul.pl\/\" target=\"_blank\" rel=\"noopener\">http:\/\/www.kul.pl\/<\/a>\u00a0\u00a0\u00a0\u00a0\u00a0\u00a0\u00a0\u00a0\u00a0<br \/>+ Ecole de langue :\u00a0<a href=\"http:\/\/www.kul.pl\/11594.html\" target=\"_blank\" rel=\"noopener\">Szko\u0142a J\u0119zyka i Kultury Polskiej<\/a><br \/><br \/>&gt;&gt;&gt; Universit\u00e9 Marie Curie-Sk\u0142odowska de Lublin \/\u00a0<strong>Uniwersytet Marii Curie-Sk\u0142odowskiej w Lublinie\u00a0<\/strong>\/\u00a0<a href=\"http:\/\/www.umcs.lublin.pl\/\" target=\"_blank\" rel=\"noopener\">http:\/\/www.umcs.lublin.pl\/<\/a><br \/>+ Ecole de langue :\u00a0<a href=\"http:\/\/www.cjkp.umcs.lublin.pl\/\" target=\"_blank\" rel=\"noopener\">Centrum J\u0119zyka i Kultury Polskiej dla Polonii i Cudzoziemc\u00f3w UMCS<\/a>\u00a0<br \/><br \/>&gt;&gt;&gt; Universit\u00e9 Adam Mickiewicz de Pozna\u0144 \/\u00a0<strong>Uniwersytet Adama Mickiewicza w Poznaniu\u00a0<\/strong>\/\u00a0<a href=\"http:\/\/amu.edu.pl\/\" target=\"_blank\" rel=\"noopener\">http:\/\/amu.edu.pl\/<\/a>\u00a0\u00a0\u00a0\u00a0\u00a0<br \/>+ Ecole de langue :\u00a0<a href=\"http:\/\/schoolpl.amu.edu.pl\/\" target=\"_blank\" rel=\"noopener\">Studium J\u0119zyka i Kultury Polskiej dla Cudzoziemc\u00f3w<\/a><br \/><br \/>&gt;&gt;&gt; Universit\u00e9 de Rzesz\u00f3w \/\u00a0<strong>Uniwersytet Rzeszowski<\/strong>\u00a0\/\u00a0<a href=\"http:\/\/www.univ.rzeszow.pl\/\" target=\"_blank\" rel=\"noopener\">http:\/\/www.univ.rzeszow.pl\/<\/a>\u00a0<br \/>+\u00a0<a href=\"http:\/\/www.ur.edu.pl\/uniwersytet\/jednostki\/jednostki-pozawydzialowe\/centrum-kultury-i-jezyka-polskiego-dla-polakow-z-zagranicy-i-cudzoziemcow-polonus\" target=\"_blank\" rel=\"noopener\">Centrum Kultury i J\u0119zyka Polskiego\u00a0dla Polak\u00f3w z Zagranicy i Cudzoziemc\u00f3w &#8222;Polonus&#8221;<\/a><br \/><br \/>&gt;&gt;&gt; Universit\u00e9 Nicolas Copernic de Toru\u0144 \/\u00a0<strong>Uniwersytet Miko\u0142aja Kopernika w Toruniu<\/strong>\u00a0<a href=\"http:\/\/www.umk.pl\/\" target=\"_blank\" rel=\"noopener\">http:\/\/www.umk.pl\/<\/a>\u00a0<br \/>+\u00a0<a href=\"https:\/\/www.umk.pl\/uczelnia\/dydaktyczne\/skjpo\/\" target=\"_blank\" rel=\"noopener\">Studium Kultury i J\u0119zyka Polskiego dla Obcokrajowc\u00f3w\u00a0<\/a>\u00a0\u00a0<br \/><br \/>&gt;&gt;&gt; Universit\u00e9 de Varsovie \/\u00a0<strong>Uniwersytet Warszawski<\/strong>\u00a0\/\u00a0<a href=\"http:\/\/www.uw.edu.pl\/\" target=\"_blank\" rel=\"noopener\">http:\/\/www.uw.edu.pl\/<\/a>\u00a0\u00a0\u00a0<br \/>+ Ecole de langue :\u00a0<a href=\"http:\/\/www.polonicum.uw.edu.pl\/\" target=\"_blank\" rel=\"noopener\">Centrum J\u0119zyka Polskiego i Kultury Polskiej dla Cudzoziemc\u00f3w POLONICUM<\/a><br \/><br \/>&gt;&gt;&gt; Universit\u00e9 de Wroc\u0142aw \/\u00a0<strong>Uniwersytet Wroc\u0142awski<\/strong>\u00a0\/\u00a0<a href=\"http:\/\/www.uni.wroc.pl\/\" target=\"_blank\" rel=\"noopener\">http:\/\/www.uni.wroc.pl\/<\/a>\u00a0\u00a0<br \/>+ Ecole de langue :\u00a0<a href=\"http:\/\/www.sjpik.uni.wroc.pl\/\" target=\"_blank\" rel=\"noopener\">Szko\u0142a J\u0119zyka Polskiego i Kultury dla Cudzoziemc\u00f3w<\/a>\u00a0<br \/><br \/><\/p>\n<hr \/>\n<p><br \/><strong>5.\u00a0S\u00e9jours linguistiques en Pologne (programmes belges non gouvernementaux)<\/strong><br \/><strong><br \/><\/strong>&gt;&gt;&gt;<strong>\u00a0Langues Vivantes<br \/><\/strong><a href=\"http:\/\/languesvivantes.com\/\" target=\"_blank\" rel=\"noopener\">http:\/\/languesvivantes.com\/<\/a><br \/>S\u00e9jours pour hommes d&#8217;affaires, adulte et \u00e9tudiants \/ famille d&#8217;accueil\u00a0\/ cours en \u00e9cole de langue<br \/><strong><br \/><\/strong>&gt;&gt;&gt;<strong>\u00a0Youth for Understanding Bruxelles-Wallonie YFU<\/strong>\u00a0<br \/><a href=\"http:\/\/www.yfu-belgique.be\/\" target=\"_blank\" rel=\"noopener\">http:\/\/www.yfu-belgique.be\/<\/a>\u00a0<br \/>S\u00e9jours pour jeunes de 15 \u00e0 21 ans \/ famille d&#8217;accueil\u00a0\/ cours en \u00e9cole de langue\u00a0\u00a0<br \/>+ Pour la Pologne,\u00a0<a href=\"http:\/\/www.yfu-belgique.be\/pologne\" target=\"_blank\" rel=\"noopener\">cliquer ICI<\/a><br \/><strong><br \/><\/strong>&gt;&gt;&gt;<strong>\u00a0AILS &#8211; Agency for International Language Study\u00a0<br \/><\/strong><a href=\"http:\/\/www.sejours-linguistiques.com\/\">http:\/\/www.sejours-linguistiques.com\/<\/a>\u00a0<br \/>S\u00e9jours pour\u00a0adultes \/ h\u00e9bergement chez un professeur de langue<\/p>\n\n\n\n<p><strong>Liens<\/strong><\/p>\n\n\n<div class=\"partner\" id=\"partner-block_5ce7ca0604d9b\">\r\n\r\n                <div class=\"row align-items-center mb-2\">\r\n                <div class=\"col-4\"><a href=\"http:\/\/www.go-poland.pl\/\"><img decoding=\"async\" src=\"https:\/\/instytutpolski.pl\/brussels\/wp-content\/uploads\/sites\/4\/2019\/05\/gopoland.jpg\" \/><\/a><\/div>\r\n                <div class=\"col-8\"><strong>Go Poland<\/strong><\/div>\r\n\r\n            <\/div>\r\n                    <div class=\"row align-items-center mb-2\">\r\n                <div class=\"col-4\"><a href=\"http:\/\/www.studyinpoland.pl\/\"><img decoding=\"async\" src=\"https:\/\/instytutpolski.pl\/brussels\/wp-content\/uploads\/sites\/4\/2019\/05\/studyinpoland.jpg\" \/><\/a><\/div>\r\n                <div class=\"col-8\"><strong>Study in Poland<\/strong><\/div>\r\n\r\n            <\/div>\r\n        \r\n\r\n<\/div>\r\n","protected":false},"excerpt":{"rendered":"<p>1.\u00a0Recherche2.\u00a0Bourses (polonaises et belges)3.\u00a0Universit\u00e9s d&#8217;accueil4.\u00a0Ecoles de langues pour \u00e9trangers (Universit\u00e9s polonaises)5.\u00a0S\u00e9jours linguistiques en Pologne (programmes belges non gouvernementaux) \u00a01. Recherche Le Minist\u00e8re de la Science et de l&#8217;Enseignement Sup\u00e9rieur de la R\u00e9publique de Pologne a lanc\u00e9 une nouvelle page web intitul\u00e9e\u00a0&#8217;Ready, Study, Go! Poland&#8217;\u00a0de la campagne de promotion adress\u00e9e aux \u00e9trangers d\u00e9sireux d&#8217;\u00e9tudier en Pologne. [&hellip;]<\/p>\n","protected":false},"author":1,"featured_media":0,"parent":0,"menu_order":0,"comment_status":"closed","ping_status":"closed","template":"","meta":{"inline_featured_image":false,"_monsterinsights_skip_tracking":false,"_monsterinsights_sitenote_active":false,"_monsterinsights_sitenote_note":"","_monsterinsights_sitenote_category":0,"footnotes":""},"class_list":["post-484","page","type-page","status-publish","hentry"],"yoast_head":"<!-- This site is optimized with the Yoast SEO plugin v24.6 - https:\/\/yoast.com\/wordpress\/plugins\/seo\/ -->\n<title>Etudier en Pologne - Instytut Polski w Brukseli<\/title>\n<meta name=\"robots\" content=\"index, follow, max-snippet:-1, max-image-preview:large, max-video-preview:-1\" \/>\n<link rel=\"canonical\" href=\"https:\/\/instytutpolski.pl\/brussels\/study-in-poland\/\" \/>\n<meta property=\"og:locale\" content=\"pl_PL\" \/>\n<meta property=\"og:type\" content=\"article\" \/>\n<meta property=\"og:title\" content=\"Etudier en Pologne - Instytut Polski w Brukseli\" \/>\n<meta property=\"og:description\" content=\"1.\u00a0Recherche2.\u00a0Bourses (polonaises et belges)3.\u00a0Universit\u00e9s d&#8217;accueil4.\u00a0Ecoles de langues pour \u00e9trangers (Universit\u00e9s polonaises)5.\u00a0S\u00e9jours linguistiques en Pologne (programmes belges non gouvernementaux) \u00a01. Recherche Le Minist\u00e8re de la Science et de l&#8217;Enseignement Sup\u00e9rieur de la R\u00e9publique de Pologne a lanc\u00e9 une nouvelle page web intitul\u00e9e\u00a0&#8217;Ready, Study, Go! Poland&#8217;\u00a0de la campagne de promotion adress\u00e9e aux \u00e9trangers d\u00e9sireux d&#8217;\u00e9tudier en Pologne. [&hellip;]\" \/>\n<meta property=\"og:url\" content=\"https:\/\/instytutpolski.pl\/brussels\/study-in-poland\/\" \/>\n<meta property=\"og:site_name\" content=\"Instytut Polski w Brukseli\" \/>\n<meta property=\"article:modified_time\" content=\"2019-05-24T10:40:58+00:00\" \/>\n<meta name=\"twitter:card\" content=\"summary_large_image\" \/>\n<meta name=\"twitter:label1\" content=\"Szacowany czas czytania\" \/>\n\t<meta name=\"twitter:data1\" content=\"4 minuty\" \/>\n<script type=\"application\/ld+json\" class=\"yoast-schema-graph\">{\"@context\":\"https:\/\/schema.org\",\"@graph\":[{\"@type\":\"WebPage\",\"@id\":\"https:\/\/instytutpolski.pl\/brussels\/study-in-poland\/\",\"url\":\"https:\/\/instytutpolski.pl\/brussels\/study-in-poland\/\",\"name\":\"Etudier en Pologne - Instytut Polski w Brukseli\",\"isPartOf\":{\"@id\":\"https:\/\/instytutpolski.pl\/brussels\/#website\"},\"datePublished\":\"2019-05-24T10:15:15+00:00\",\"dateModified\":\"2019-05-24T10:40:58+00:00\",\"breadcrumb\":{\"@id\":\"https:\/\/instytutpolski.pl\/brussels\/study-in-poland\/#breadcrumb\"},\"inLanguage\":\"pl-PL\",\"potentialAction\":[{\"@type\":\"ReadAction\",\"target\":[\"https:\/\/instytutpolski.pl\/brussels\/study-in-poland\/\"]}]},{\"@type\":\"BreadcrumbList\",\"@id\":\"https:\/\/instytutpolski.pl\/brussels\/study-in-poland\/#breadcrumb\",\"itemListElement\":[{\"@type\":\"ListItem\",\"position\":1,\"name\":\"Home\",\"item\":\"https:\/\/instytutpolski.pl\/brussels\/\"},{\"@type\":\"ListItem\",\"position\":2,\"name\":\"Etudier en Pologne\"}]},{\"@type\":\"WebSite\",\"@id\":\"https:\/\/instytutpolski.pl\/brussels\/#website\",\"url\":\"https:\/\/instytutpolski.pl\/brussels\/\",\"name\":\"Instytut Polski w Brukseli\",\"description\":\"Instytuty Polskie\",\"potentialAction\":[{\"@type\":\"SearchAction\",\"target\":{\"@type\":\"EntryPoint\",\"urlTemplate\":\"https:\/\/instytutpolski.pl\/brussels\/?s={search_term_string}\"},\"query-input\":{\"@type\":\"PropertyValueSpecification\",\"valueRequired\":true,\"valueName\":\"search_term_string\"}}],\"inLanguage\":\"pl-PL\"}]}<\/script>\n<!-- \/ Yoast SEO plugin. -->","yoast_head_json":{"title":"Etudier en Pologne - Instytut Polski w Brukseli","robots":{"index":"index","follow":"follow","max-snippet":"max-snippet:-1","max-image-preview":"max-image-preview:large","max-video-preview":"max-video-preview:-1"},"canonical":"https:\/\/instytutpolski.pl\/brussels\/study-in-poland\/","og_locale":"pl_PL","og_type":"article","og_title":"Etudier en Pologne - Instytut Polski w Brukseli","og_description":"1.\u00a0Recherche2.\u00a0Bourses (polonaises et belges)3.\u00a0Universit\u00e9s d&#8217;accueil4.\u00a0Ecoles de langues pour \u00e9trangers (Universit\u00e9s polonaises)5.\u00a0S\u00e9jours linguistiques en Pologne (programmes belges non gouvernementaux) \u00a01. Recherche Le Minist\u00e8re de la Science et de l&#8217;Enseignement Sup\u00e9rieur de la R\u00e9publique de Pologne a lanc\u00e9 une nouvelle page web intitul\u00e9e\u00a0&#8217;Ready, Study, Go! Poland&#8217;\u00a0de la campagne de promotion adress\u00e9e aux \u00e9trangers d\u00e9sireux d&#8217;\u00e9tudier en Pologne. [&hellip;]","og_url":"https:\/\/instytutpolski.pl\/brussels\/study-in-poland\/","og_site_name":"Instytut Polski w Brukseli","article_modified_time":"2019-05-24T10:40:58+00:00","twitter_card":"summary_large_image","twitter_misc":{"Szacowany czas czytania":"4 minuty"},"schema":{"@context":"https:\/\/schema.org","@graph":[{"@type":"WebPage","@id":"https:\/\/instytutpolski.pl\/brussels\/study-in-poland\/","url":"https:\/\/instytutpolski.pl\/brussels\/study-in-poland\/","name":"Etudier en Pologne - Instytut Polski w Brukseli","isPartOf":{"@id":"https:\/\/instytutpolski.pl\/brussels\/#website"},"datePublished":"2019-05-24T10:15:15+00:00","dateModified":"2019-05-24T10:40:58+00:00","breadcrumb":{"@id":"https:\/\/instytutpolski.pl\/brussels\/study-in-poland\/#breadcrumb"},"inLanguage":"pl-PL","potentialAction":[{"@type":"ReadAction","target":["https:\/\/instytutpolski.pl\/brussels\/study-in-poland\/"]}]},{"@type":"BreadcrumbList","@id":"https:\/\/instytutpolski.pl\/brussels\/study-in-poland\/#breadcrumb","itemListElement":[{"@type":"ListItem","position":1,"name":"Home","item":"https:\/\/instytutpolski.pl\/brussels\/"},{"@type":"ListItem","position":2,"name":"Etudier en Pologne"}]},{"@type":"WebSite","@id":"https:\/\/instytutpolski.pl\/brussels\/#website","url":"https:\/\/instytutpolski.pl\/brussels\/","name":"Instytut Polski w Brukseli","description":"Instytuty Polskie","potentialAction":[{"@type":"SearchAction","target":{"@type":"EntryPoint","urlTemplate":"https:\/\/instytutpolski.pl\/brussels\/?s={search_term_string}"},"query-input":{"@type":"PropertyValueSpecification","valueRequired":true,"valueName":"search_term_string"}}],"inLanguage":"pl-PL"}]}},"_links":{"self":[{"href":"https:\/\/instytutpolski.pl\/brussels\/wp-json\/wp\/v2\/pages\/484","targetHints":{"allow":["GET"]}}],"collection":[{"href":"https:\/\/instytutpolski.pl\/brussels\/wp-json\/wp\/v2\/pages"}],"about":[{"href":"https:\/\/instytutpolski.pl\/brussels\/wp-json\/wp\/v2\/types\/page"}],"author":[{"embeddable":true,"href":"https:\/\/instytutpolski.pl\/brussels\/wp-json\/wp\/v2\/users\/1"}],"replies":[{"embeddable":true,"href":"https:\/\/instytutpolski.pl\/brussels\/wp-json\/wp\/v2\/comments?post=484"}],"version-history":[{"count":5,"href":"https:\/\/instytutpolski.pl\/brussels\/wp-json\/wp\/v2\/pages\/484\/revisions"}],"predecessor-version":[{"id":502,"href":"https:\/\/instytutpolski.pl\/brussels\/wp-json\/wp\/v2\/pages\/484\/revisions\/502"}],"wp:attachment":[{"href":"https:\/\/instytutpolski.pl\/brussels\/wp-json\/wp\/v2\/media?parent=484"}],"curies":[{"name":"wp","href":"https:\/\/api.w.org\/{rel}","templated":true}]}}