{"id":489,"date":"2019-05-24T12:15:15","date_gmt":"2019-05-24T10:15:15","guid":{"rendered":"https:\/\/instytutpolski.pl\/bruksela\/?page_id=489"},"modified":"2019-05-24T12:32:44","modified_gmt":"2019-05-24T10:32:44","slug":"study-in-poland-2","status":"publish","type":"page","link":"https:\/\/instytutpolski.pl\/brussels\/en\/study-in-poland-2\/","title":{"rendered":"Study in Poland"},"content":{"rendered":"\n<p><strong>1.&nbsp;<\/strong>Search<br><strong>2.<\/strong>&nbsp;Grants (Polish and Belgian)<br><strong>2.<\/strong>&nbsp;Host universities&nbsp;<br><strong>3.<\/strong>&nbsp;Language schools for foreign students (Polish universities)<br><strong>4.<\/strong>&nbsp;Language visits to Poland (Belgian non-governmental programmes)<br><br><\/p>\n<hr>\n<p><br><strong>1. Search<\/strong><\/p>\n<p>Ministry of Science and Higher Education of the Republic of Poland has launched a new web page within the &#8217;<strong>Ready, Study, Go! Poland<\/strong>&#8217; promotional campaign addressed to foreigners interested in studying in Poland. Through the search application \u201cStudyfinder\u201d the website&nbsp;<a title=\"Go Poland\" href=\"http:\/\/www.go-poland\/\" target=\"_blank\" rel=\"noopener noreferrer\">www.go-poland<\/a>&nbsp;offers help in finding courses in Poland that are carried out in foreign languages. You can choose from over 500 courses, the database of which is regularly updated! Apart from that the website provides key information on the higher education system, why is it worth to study in Poland and how to prepare yourself for the arrival&nbsp;:<\/p>\n<p><a title=\"Go Poland\" href=\"http:\/\/www.go-poland.pl\/\" target=\"_blank\" rel=\"noopener noreferrer\">http:\/\/www.go-poland.pl\/<br><\/a><br>&nbsp;<strong>2. Grants (Polish and Belgian)<br><br><\/strong>&gt;&gt;&gt; Get in touch with the cultural service of the Embassy of the Republic of Poland in Brussels \/&nbsp;<a href=\"mailto:brussels@instytutpolski.org\">brussels@instytutpolski.org<\/a>&nbsp;<br><br>&gt;&gt;&gt;&nbsp;Minist\u00e8re de la Science et de l&#8217;Enseignement Sup\u00e9rieur \/&nbsp;&nbsp;<a title=\"Ministerstwo Nauki i Szkolnictwa Wy\u017cszego\" href=\"https:\/\/www.nauka.gov.pl\/dla-studentow-i-doktorantow\/\" target=\"_blank\" rel=\"noopener noreferrer\">http:\/\/www.nauka.gov.pl\/<\/a><br><br>&gt;&gt;&gt; Polish government grants (apart from art and medicine):<br>Forms can be downloaded on the site of the Polish National Agency for Academic Exchange (narodowa Agencja Wymiany Akademickiej) \/&nbsp;<a href=\"https:\/\/nawa.gov.pl\/en\/\">https:\/\/nawa.gov.pl\/en\/<\/a>&nbsp;<br><br>&gt;&gt;&gt; Polish government grants (art):&nbsp;Site of the Polish Ministry of Culture and National Heritage&nbsp; (Ministerstwo Kultury i Dziedzictwa Narodowego, MKiDN)\/&nbsp;<a href=\"http:\/\/www.mkidn.gov.pl\/pages\/strona-glowna\/uczniowie-i-studenci\/stypendia\/stypendia-dla-studentow-i-doktorantow.php\" target=\"_blank\" rel=\"noopener noreferrer\">http:\/\/www.mkidn.gov.pl\/<\/a><a href=\"http:\/\/www.mkidn.gov.pl\/\"><br><\/a><\/p>\n<p>&gt;&gt;&gt; Polish government grants (medicine):<br>Site of the Polish Ministry of Health (Ministerstwo Zdrowia, MZ)&nbsp;<a href=\"https:\/\/www.gov.pl\/zdrowie\/ksztalcenie-cudzoziemcow-w-jezyku-polskim\" target=\"_blank\" rel=\"noopener noreferrer\">http:\/\/www.mz.gov.pl\/<\/a><\/p>\n<p>&gt;&gt;&gt; Grants from the French Community of Belgium (Wallonie-Bruxelles International, WBI) \/&nbsp;<a href=\"http:\/\/wbi.be\/fr\/bourses\" target=\"_blank\" rel=\"noopener noreferrer\">http:\/\/www.wbi.be\/<\/a><\/p>\n<p>&gt;&gt;&gt; European Union Portal on Learning Opportunities throughout the European Space (PLOTEUS) \/&nbsp;<a href=\"http:\/\/ec.europa.eu\/ploteus\/\" target=\"_blank\" rel=\"noopener noreferrer\">http:\/\/ec.europa.eu\/ploteus\/<\/a><\/p>\n<hr>\n<p><br><strong>3. Host Universities<\/strong><br>List of Polish universities which host foreign students (all fields, all languages, all Polish universities):<br>\u2018Study in Poland\u2019 programme:&nbsp;<a href=\"http:\/\/www.studyinpoland.pl\/\">http:\/\/www.studyinpoland.pl\/<\/a>&nbsp;<br>+++ More about the student life:&nbsp;<a href=\"http:\/\/www.studyfun.pl\/\">http:\/\/www.studyfun.pl\/<\/a><\/p>\n<hr>\n<p><strong><br>4. Language schools for foreign students (Polish universities)<\/strong><\/p>\n<p>&gt;&gt;&gt; Kazimierz Wielki University in Bydgoszcz \/&nbsp;<strong>Uniwersytet Kazimierza Wielkiego w Bydgoszczy&nbsp;<\/strong>\/&nbsp;&nbsp;<a href=\"http:\/\/www.ukw.edu.pl\/\" target=\"_blank\" rel=\"noopener noreferrer\">http:\/\/www.ukw.edu.pl\/<\/a>&nbsp;<br>+&nbsp;<a href=\"https:\/\/polski.ukw.edu.pl\/jednostka\/nauczanie_jezyka_polskiego\" target=\"_blank\" rel=\"noopener noreferrer\">Centrum Nauczania J\u0119zyka Polskiego&nbsp;dla Obcokrajowc\u00f3w<\/a><\/p>\n<p>&gt;&gt;&gt; Jagiellonian University in Krakow \/&nbsp;<strong>Uniwersytet Jagiello\u0144ski w Krakowie<\/strong>&nbsp;\/&nbsp;<a href=\"http:\/\/www.uj.edu.pl\/\">http:\/\/www.uj.edu.pl\/<\/a>&nbsp;&nbsp;&nbsp;&nbsp;&nbsp;&nbsp;&nbsp;&nbsp;<br><strong>+&nbsp;<a href=\"http:\/\/www.kurspolskiego.pl%20\/\" target=\"_blank\" rel=\"noopener noreferrer\">Centrum J\u0119zyka Polskiego&nbsp;Varia<\/a><br>++<a href=\"http:\/\/https\/\/www.varia-course.com\/en\/Polish_courses\/online-lessons\" target=\"_blank\" rel=\"noopener noreferrer\">LEARN POLISH ONLINE<\/a>&nbsp;<\/strong><\/p>\n<p>&gt;&gt;&gt; The University of Silesia in Katowice\/Uniwersytet \u015al\u0105ski w Katowicach \/&nbsp;<a href=\"http:\/\/www.us.edu.pl\/\" target=\"_blank\" rel=\"noopener noreferrer\">http:\/\/www.us.edu.pl\/<\/a>&nbsp;&nbsp;&nbsp;&nbsp;&nbsp;&nbsp;&nbsp;&nbsp;<br>+ Language School :&nbsp;<a href=\"http:\/\/www.sjikp.us.edu.pl\/\" target=\"_blank\" rel=\"noopener noreferrer\">Szko\u0142a J\u0119zyka i Kultury Polskiej<\/a><\/p>\n<p>&gt;&gt;&gt; The University of \u0141\u00f3d\u017a\/Uniwersytet \u0141\u00f3dzki \/&nbsp;<a href=\"http:\/\/iso.uni.lodz.pl\/\">http:\/\/iso.uni.lodz.pl\/<\/a><br>+ Language school:&nbsp;<a href=\"http:\/\/www.sjpdc.uni.lodz.pl\/\" target=\"_blank\" rel=\"noopener noreferrer\">School of Polish for Foreigners at the University of \u0141\u00f3d\u017a<\/a><\/p>\n<p>&gt;&gt;&gt; The John Paul II Catholic University of Lublin \/ Katolicki Uniwersytet Lubelski Jana Paw\u0142a II \/&nbsp;<a href=\"http:\/\/www.kul.pl\/\" target=\"_blank\" rel=\"noopener noreferrer\">http:\/\/www.kul.pl\/<\/a><br>+ Language school:&nbsp;<a href=\"http:\/\/www.kul.pl\/11594.html\" target=\"_blank\" rel=\"noopener noreferrer\">Szko\u0142a J\u0119zyka i Kultury Polskiej<\/a><\/p>\n<p>&gt;&gt;&gt; Marie Curie-Sk\u0142odowska University, Lublin\/Uniwersytet Marii Curie-Sk\u0142odowskiej w Lublinie \/&nbsp;<a href=\"http:\/\/www.umcs.lublin.pl\/\" target=\"_blank\" rel=\"noopener noreferrer\">http:\/\/www.umcs.lublin.pl\/<\/a><br>+ Language school:&nbsp;<a href=\"http:\/\/www.kul.pl\/11594.html\" target=\"_blank\" rel=\"noopener noreferrer\">Centrum J\u0119zyka i Kultury Polskiej dla Polonii i Cudzoziemc\u00f3w UMCS<\/a><\/p>\n<p>&gt;&gt;&gt; Adam Mickiewicz University in Pozna\u0144\/Uniwersytet Adama Mickiewicza w Poznaniu \/&nbsp;<a href=\"http:\/\/www.amu.edu.pl\/en\">http:\/\/www.amu.edu.pl\/en<\/a><br>+ Language school:&nbsp;<a href=\"http:\/\/schoolpl.amu.edu.pl\/\" target=\"_blank\" rel=\"noopener noreferrer\">Studium J\u0119zyka i Kultury Polskiej dla Cudzoziemc\u00f3w<\/a><\/p>\n<p>&gt;&gt;&gt; The University of Rzesz\u1f79w\/Uniwersytet Rzeszowski \/&nbsp;<a href=\"http:\/\/www.univ.rzeszow.pl\/\">http:\/\/www.univ.rzeszow.pl\/<\/a>&nbsp;<br>+&nbsp;<a href=\"http:\/\/www.ur.edu.pl\/uniwersytet\/jednostki\/jednostki-pozawydzialowe\/centrum-kultury-i-jezyka-polskiego-dla-polakow-z-zagranicy-i-cudzoziemcow-polonus\" target=\"_blank\" rel=\"noopener noreferrer\">Centrum Kultury i J\u0119zyka Polskiego&nbsp;dla Polak\u00f3w z Zagranicy i Cudzoziemc\u00f3w &#8222;Polonus&#8221;<\/a><\/p>\n<p>&gt;&gt;&gt; The Nicholas Copernicus University, Toru\u0144\/Uniwersytet Miko\u0142aja Kopernika w Toruniu \/&nbsp;<a href=\"http:\/\/www.umk.pl\/en\/\">http:\/\/www.umk.pl\/en\/<br><\/a>+&nbsp;<a href=\"https:\/\/www.umk.pl\/uczelnia\/dydaktyczne\/skjpo\/\" target=\"_blank\" rel=\"noopener noreferrer\">Studium Kultury i J\u0119zyka Polskiego dla Obcokrajowc\u00f3w&nbsp;<\/a>&nbsp;<\/p>\n<p>&gt;&gt;&gt; The University of Warsaw\/Uniwersytet Warszawski \/&nbsp;<a href=\"http:\/\/www.uw.edu.pl\/en\/\">http:\/\/www.uw.edu.pl\/en\/<\/a><br>+ Language school:&nbsp;<a href=\"http:\/\/www.polonicum.uw.edu.pl\/\" target=\"_blank\" rel=\"noopener noreferrer\">Centrum J\u0119zyka Polskiego i Kultury Polskiej dla Cudzoziemc\u00f3w POLONICUM<\/a><\/p>\n<p>&gt;&gt;&gt; The University of Wroc\u0142aw\/<strong>Uniwersytet Wroc\u0142awski \/<\/strong>&nbsp;<a href=\"http:\/\/international.uni.wroc.pl\/en\">http:\/\/international.uni.wroc.pl\/en<\/a>&nbsp;<br>+ Language school:&nbsp;<a href=\"http:\/\/www.sjpik.uni.wroc.pl\/?id=121\" target=\"_blank\" rel=\"noopener noreferrer\">Szko\u0142a J\u0119zyka Polskiego i Kultury dla Cudzoziemc\u00f3w<\/a>&nbsp;<br><strong><br><\/strong><\/p>\n<hr>\n<p><strong><br><br>5.&nbsp;Language visits to Poland (Belgian non-governmental programmes)<br><\/strong><strong><br><\/strong>&gt;&gt;&gt;<strong>&nbsp;Modern Languages<br><\/strong><a href=\"http:\/\/languesvivantes.com\/\" target=\"_blank\" rel=\"noopener noreferrer\">http:\/\/languesvivantes.com\/<\/a><br>Visits for business men and women, adults and students\/host family\/classes at a language school<\/p>\n<p>&gt;&gt;&gt;<strong>&nbsp;Brussels-Wallonia Youth for Understanding YFU<\/strong>&nbsp;<br><a href=\"http:\/\/www.yfu-belgique.be\/\">http:\/\/www.yfu-belgique.be\/<\/a>&nbsp;<br>Visits for young people aged between 15 and 21\/host family\/classes at a language school&nbsp;&nbsp;<br>+ For Poland, click&nbsp;<a href=\"http:\/\/www.yfu-belgique.be\/pologne\" target=\"_blank\" rel=\"noopener noreferrer\">HERE<\/a><\/p>\n<p>&gt;&gt;&gt;<strong>&nbsp;AILS &#8211; Agency for International Language Study&nbsp;<br><\/strong><a href=\"http:\/\/www.sejours-linguistiques.com\/\">http:\/\/www.sejours-linguistiques.com\/<\/a>&nbsp;<br>Visits for adults\/stay with a language teacher<\/p>\n\n\n\n<p><strong>Links<\/strong><\/p>\n\n\n<div class=\"partner\" id=\"partner-block_5ce7c817c2d70\">\r\n\r\n                <div class=\"row align-items-center mb-2\">\r\n                <div class=\"col-4\"><a href=\"http:\/\/www.go-poland.pl\/\"><img decoding=\"async\" src=\"https:\/\/instytutpolski.pl\/brussels\/wp-content\/uploads\/sites\/4\/2019\/05\/gopoland.jpg\" \/><\/a><\/div>\r\n                <div class=\"col-8\"><strong>Go Poland:<\/strong><\/div>\r\n\r\n            <\/div>\r\n                    <div class=\"row align-items-center mb-2\">\r\n                <div class=\"col-4\"><a href=\"http:\/\/www.studyinpoland.pl\/\"><img decoding=\"async\" src=\"https:\/\/instytutpolski.pl\/brussels\/wp-content\/uploads\/sites\/4\/2019\/05\/studyinpoland.jpg\" \/><\/a><\/div>\r\n                <div class=\"col-8\"><strong>Study in Poland<\/strong><\/div>\r\n\r\n            <\/div>\r\n        \r\n\r\n<\/div>\r\n","protected":false},"excerpt":{"rendered":"<p>1.&nbsp;Search2.&nbsp;Grants (Polish and Belgian)2.&nbsp;Host universities&nbsp;3.&nbsp;Language schools for foreign students (Polish universities)4.&nbsp;Language visits to Poland (Belgian non-governmental programmes) 1. Search Ministry of Science and Higher Education of the Republic of Poland has launched a new web page within the &#8217;Ready, Study, Go! Poland&#8217; promotional campaign addressed to foreigners interested in studying in Poland. Through the search [&hellip;]<\/p>\n","protected":false},"author":1,"featured_media":0,"parent":0,"menu_order":0,"comment_status":"closed","ping_status":"closed","template":"","meta":{"inline_featured_image":false,"_monsterinsights_skip_tracking":false,"_monsterinsights_sitenote_active":false,"_monsterinsights_sitenote_note":"","_monsterinsights_sitenote_category":0,"footnotes":""},"class_list":["post-489","page","type-page","status-publish","hentry"],"yoast_head":"<!-- This site is optimized with the Yoast SEO plugin v24.6 - https:\/\/yoast.com\/wordpress\/plugins\/seo\/ -->\n<title>Study in Poland - Instytut Polski w Brukseli<\/title>\n<meta name=\"robots\" content=\"index, follow, max-snippet:-1, max-image-preview:large, max-video-preview:-1\" \/>\n<link rel=\"canonical\" href=\"https:\/\/instytutpolski.pl\/brussels\/en\/study-in-poland-2\/\" \/>\n<meta property=\"og:locale\" content=\"pl_PL\" \/>\n<meta property=\"og:type\" content=\"article\" \/>\n<meta property=\"og:title\" content=\"Study in Poland - Instytut Polski w Brukseli\" \/>\n<meta property=\"og:description\" content=\"1.&nbsp;Search2.&nbsp;Grants (Polish and Belgian)2.&nbsp;Host universities&nbsp;3.&nbsp;Language schools for foreign students (Polish universities)4.&nbsp;Language visits to Poland (Belgian non-governmental programmes) 1. Search Ministry of Science and Higher Education of the Republic of Poland has launched a new web page within the &#8217;Ready, Study, Go! Poland&#8217; promotional campaign addressed to foreigners interested in studying in Poland. Through the search [&hellip;]\" \/>\n<meta property=\"og:url\" content=\"https:\/\/instytutpolski.pl\/brussels\/en\/study-in-poland-2\/\" \/>\n<meta property=\"og:site_name\" content=\"Instytut Polski w Brukseli\" \/>\n<meta property=\"article:modified_time\" content=\"2019-05-24T10:32:44+00:00\" \/>\n<meta name=\"twitter:card\" content=\"summary_large_image\" \/>\n<meta name=\"twitter:label1\" content=\"Szacowany czas czytania\" \/>\n\t<meta name=\"twitter:data1\" content=\"4 minuty\" \/>\n<script type=\"application\/ld+json\" class=\"yoast-schema-graph\">{\"@context\":\"https:\/\/schema.org\",\"@graph\":[{\"@type\":\"WebPage\",\"@id\":\"https:\/\/instytutpolski.pl\/brussels\/en\/study-in-poland-2\/\",\"url\":\"https:\/\/instytutpolski.pl\/brussels\/en\/study-in-poland-2\/\",\"name\":\"Study in Poland - Instytut Polski w Brukseli\",\"isPartOf\":{\"@id\":\"https:\/\/instytutpolski.pl\/brussels\/#website\"},\"datePublished\":\"2019-05-24T10:15:15+00:00\",\"dateModified\":\"2019-05-24T10:32:44+00:00\",\"breadcrumb\":{\"@id\":\"https:\/\/instytutpolski.pl\/brussels\/en\/study-in-poland-2\/#breadcrumb\"},\"inLanguage\":\"pl-PL\",\"potentialAction\":[{\"@type\":\"ReadAction\",\"target\":[\"https:\/\/instytutpolski.pl\/brussels\/en\/study-in-poland-2\/\"]}]},{\"@type\":\"BreadcrumbList\",\"@id\":\"https:\/\/instytutpolski.pl\/brussels\/en\/study-in-poland-2\/#breadcrumb\",\"itemListElement\":[{\"@type\":\"ListItem\",\"position\":1,\"name\":\"Home\",\"item\":\"https:\/\/instytutpolski.pl\/brussels\/\"},{\"@type\":\"ListItem\",\"position\":2,\"name\":\"Study in Poland\"}]},{\"@type\":\"WebSite\",\"@id\":\"https:\/\/instytutpolski.pl\/brussels\/#website\",\"url\":\"https:\/\/instytutpolski.pl\/brussels\/\",\"name\":\"Instytut Polski w Brukseli\",\"description\":\"Instytuty Polskie\",\"potentialAction\":[{\"@type\":\"SearchAction\",\"target\":{\"@type\":\"EntryPoint\",\"urlTemplate\":\"https:\/\/instytutpolski.pl\/brussels\/?s={search_term_string}\"},\"query-input\":{\"@type\":\"PropertyValueSpecification\",\"valueRequired\":true,\"valueName\":\"search_term_string\"}}],\"inLanguage\":\"pl-PL\"}]}<\/script>\n<!-- \/ Yoast SEO plugin. -->","yoast_head_json":{"title":"Study in Poland - Instytut Polski w Brukseli","robots":{"index":"index","follow":"follow","max-snippet":"max-snippet:-1","max-image-preview":"max-image-preview:large","max-video-preview":"max-video-preview:-1"},"canonical":"https:\/\/instytutpolski.pl\/brussels\/en\/study-in-poland-2\/","og_locale":"pl_PL","og_type":"article","og_title":"Study in Poland - Instytut Polski w Brukseli","og_description":"1.&nbsp;Search2.&nbsp;Grants (Polish and Belgian)2.&nbsp;Host universities&nbsp;3.&nbsp;Language schools for foreign students (Polish universities)4.&nbsp;Language visits to Poland (Belgian non-governmental programmes) 1. Search Ministry of Science and Higher Education of the Republic of Poland has launched a new web page within the &#8217;Ready, Study, Go! Poland&#8217; promotional campaign addressed to foreigners interested in studying in Poland. Through the search [&hellip;]","og_url":"https:\/\/instytutpolski.pl\/brussels\/en\/study-in-poland-2\/","og_site_name":"Instytut Polski w Brukseli","article_modified_time":"2019-05-24T10:32:44+00:00","twitter_card":"summary_large_image","twitter_misc":{"Szacowany czas czytania":"4 minuty"},"schema":{"@context":"https:\/\/schema.org","@graph":[{"@type":"WebPage","@id":"https:\/\/instytutpolski.pl\/brussels\/en\/study-in-poland-2\/","url":"https:\/\/instytutpolski.pl\/brussels\/en\/study-in-poland-2\/","name":"Study in Poland - Instytut Polski w Brukseli","isPartOf":{"@id":"https:\/\/instytutpolski.pl\/brussels\/#website"},"datePublished":"2019-05-24T10:15:15+00:00","dateModified":"2019-05-24T10:32:44+00:00","breadcrumb":{"@id":"https:\/\/instytutpolski.pl\/brussels\/en\/study-in-poland-2\/#breadcrumb"},"inLanguage":"pl-PL","potentialAction":[{"@type":"ReadAction","target":["https:\/\/instytutpolski.pl\/brussels\/en\/study-in-poland-2\/"]}]},{"@type":"BreadcrumbList","@id":"https:\/\/instytutpolski.pl\/brussels\/en\/study-in-poland-2\/#breadcrumb","itemListElement":[{"@type":"ListItem","position":1,"name":"Home","item":"https:\/\/instytutpolski.pl\/brussels\/"},{"@type":"ListItem","position":2,"name":"Study in Poland"}]},{"@type":"WebSite","@id":"https:\/\/instytutpolski.pl\/brussels\/#website","url":"https:\/\/instytutpolski.pl\/brussels\/","name":"Instytut Polski w Brukseli","description":"Instytuty Polskie","potentialAction":[{"@type":"SearchAction","target":{"@type":"EntryPoint","urlTemplate":"https:\/\/instytutpolski.pl\/brussels\/?s={search_term_string}"},"query-input":{"@type":"PropertyValueSpecification","valueRequired":true,"valueName":"search_term_string"}}],"inLanguage":"pl-PL"}]}},"_links":{"self":[{"href":"https:\/\/instytutpolski.pl\/brussels\/wp-json\/wp\/v2\/pages\/489","targetHints":{"allow":["GET"]}}],"collection":[{"href":"https:\/\/instytutpolski.pl\/brussels\/wp-json\/wp\/v2\/pages"}],"about":[{"href":"https:\/\/instytutpolski.pl\/brussels\/wp-json\/wp\/v2\/types\/page"}],"author":[{"embeddable":true,"href":"https:\/\/instytutpolski.pl\/brussels\/wp-json\/wp\/v2\/users\/1"}],"replies":[{"embeddable":true,"href":"https:\/\/instytutpolski.pl\/brussels\/wp-json\/wp\/v2\/comments?post=489"}],"version-history":[{"count":4,"href":"https:\/\/instytutpolski.pl\/brussels\/wp-json\/wp\/v2\/pages\/489\/revisions"}],"predecessor-version":[{"id":627,"href":"https:\/\/instytutpolski.pl\/brussels\/wp-json\/wp\/v2\/pages\/489\/revisions\/627"}],"wp:attachment":[{"href":"https:\/\/instytutpolski.pl\/brussels\/wp-json\/wp\/v2\/media?parent=489"}],"curies":[{"name":"wp","href":"https:\/\/api.w.org\/{rel}","templated":true}]}}