{"id":511,"date":"2019-05-24T13:01:01","date_gmt":"2019-05-24T11:01:01","guid":{"rendered":"https:\/\/instytutpolski.pl\/bruksela\/?page_id=511"},"modified":"2020-06-02T16:00:12","modified_gmt":"2020-06-02T14:00:12","slug":"apprendre-le-polonais","status":"publish","type":"page","link":"https:\/\/instytutpolski.pl\/brussels\/apprendre-le-polonais\/","title":{"rendered":"Apprendre le polonais"},"content":{"rendered":"\n<p><strong>\u00c0 propos de la langue polonaise&nbsp;<\/strong><\/p>\n<p>Le polonais est une langue indo-europ\u00e9enne appartenant au groupe des langues slaves occidentales (aux c\u00f4t\u00e9s du tch\u00e8que, slovaque, cachoube, haut sorabe et bas sorabe).<\/p>\n<p>La langue polonaise est parl\u00e9e par environ 50 millions de personnes, et ainsi class\u00e9e en 30e position parmi les langues les plus r\u00e9pondues dans le monde (selon Nationalencyklopedin). Le polonais est la plus grande langue slave de l&#8217;Union europ\u00e9enne, sa cinqui\u00e8me langue ethnique (ex aequo avec l&#8217;espagnol castillan, apr\u00e8s l&#8217;allemand, l&#8217;anglais, le fran\u00e7ais et l&#8217;italien).<span class=\"Apple-converted-space\">&nbsp;<\/span><\/p>\n<p>La plus ancienne phrase en polonais : &#8222;Day, ut ia pobrusa, a ti poziwai&#8221; [Permettez-moi, je vais moudre, et vous reposez-vous.] a \u00e9t\u00e9 \u00e9crite en alphabet latin en 1270 dans le<a href=\"http:\/\/www.unesco.org\/new\/en\/communication-and-information\/memory-of-the-world\/register\/full-list-of-registered-heritage\/registered-heritage-page-8\/the-book-of-henrykow\/\"> Livre de Henryk\u00f3w<\/a> \u2014 l&#8217;ouvrage inscrit (depuis 2005) sur la liste de la M\u00e9moire Mondiale de l&#8217;UNESCO. En 1285, lors de la convention de \u0141\u0119czyca, il a \u00e9t\u00e9 d\u00e9cid\u00e9 que la langue polonaise serait utilis\u00e9e \u00e0 c\u00f4t\u00e9 du latin dans les \u00e9coles monastiques et cath\u00e9drales.<\/p>\n<p>Si elle est parfois jug\u00e9e comme difficile \u00e0 apprendre, la grammaire polonaise n\u2019est pas toujours un casse-t\u00eate ! La langue polonaise est bas\u00e9e sur l&#8217;alphabet latin, se caract\u00e9rise par l&#8217;usage de l&#8217;accent tonique (stable) et de trois temps grammaticaux seulement.<span class=\"Apple-converted-space\">&nbsp;<\/span><\/p>\n<p>Pour noter le polonais, on utilise de 32 lettres, parmi lesquelles neuf lettres avec les signes diacritiques (\u0105, \u0107, \u0119, \u0142, \u0144, \u00f3, \u015b, \u017a, \u017c) accompagn\u00e9es par sept caract\u00e8res doubles (sz, rz, cz, ch, dz, j, d\u017a) et un triple (dzi) repr\u00e9sentant des phon\u00e8mes suppl\u00e9mentaires.<span class=\"Apple-converted-space\">&nbsp;<\/span><\/p>\n<p><br>Les noms, pronoms et adjectifs se d\u00e9clinent en sept cas (nominatif, g\u00e9nitif, datif, datif, accusatif, vocatif, instrumental et locatif), ce qui signifie que la fin des mots varie en fonction de leur fonction syntaxique dans la phrase.<\/p>\n<p>La langue polonaise a \u00e9t\u00e9 influenc\u00e9e par le latin, le grec, l&#8217;allemand, le tch\u00e8que, le russe, le turc, le fran\u00e7ais, l&#8217;italien, le hongrois, le yiddish et plus r\u00e9cemment l\u2019anglais.<span class=\"Apple-converted-space\">&nbsp;<\/span><\/p>\n<p>On estime qu&#8217;un Polonais moyen conna\u00eet activement environ 30 000 mots, et en comprend passivement environ 100 000. Selon les chercheurs universitaires, il suffit de conna\u00eetre 1200 mots, les plus fr\u00e9quemment utilis\u00e9s, pour pouvoir s\u2019exprimer en polonais. Ainsi, une ann\u00e9e d&#8217;\u00e9tudes (et pour les personnes motiv\u00e9es ou des amoureux de la langue &#8211; un semestre) peut donner des r\u00e9sultats tr\u00e8s satisfaisants.<\/p>\n\n\n\n<p>Apprenez davantage \u00e0 propos des possibilit\u00e9s d&#8217;apprentissage de la langue polonaise en <strong><a href=\"https:\/\/instytutpolski.pl\/brussels\/autres-cours-de-polonais\/\">Belgique<\/a>.<\/strong>\u00a0<\/p>\n<p>Pour apprendre davantage \u00e0 propos des possibilit\u00e9s d&#8217;apprentissage de la langue polonaise en <strong>Pologne.<\/strong><\/p>\n","protected":false},"excerpt":{"rendered":"<p>\u00c0 propos de la langue polonaise&nbsp; Le polonais est une langue indo-europ\u00e9enne appartenant au groupe des langues slaves occidentales (aux c\u00f4t\u00e9s du tch\u00e8que, slovaque, cachoube, haut sorabe et bas sorabe). La langue polonaise est parl\u00e9e par environ 50 millions de personnes, et ainsi class\u00e9e en 30e position parmi les langues les plus r\u00e9pondues dans le [&hellip;]<\/p>\n","protected":false},"author":1,"featured_media":842,"parent":0,"menu_order":0,"comment_status":"closed","ping_status":"closed","template":"","meta":{"inline_featured_image":false,"_monsterinsights_skip_tracking":false,"_monsterinsights_sitenote_active":false,"_monsterinsights_sitenote_note":"","_monsterinsights_sitenote_category":0,"footnotes":""},"class_list":["post-511","page","type-page","status-publish","has-post-thumbnail","hentry"],"yoast_head":"<!-- This site is optimized with the Yoast SEO plugin v24.6 - https:\/\/yoast.com\/wordpress\/plugins\/seo\/ -->\n<title>Apprendre le polonais - Instytut Polski w Brukseli<\/title>\n<meta name=\"robots\" content=\"index, follow, max-snippet:-1, max-image-preview:large, max-video-preview:-1\" \/>\n<link rel=\"canonical\" href=\"https:\/\/instytutpolski.pl\/brussels\/apprendre-le-polonais\/\" \/>\n<meta property=\"og:locale\" content=\"pl_PL\" \/>\n<meta property=\"og:type\" content=\"article\" \/>\n<meta property=\"og:title\" content=\"Apprendre le polonais - Instytut Polski w Brukseli\" \/>\n<meta property=\"og:description\" content=\"\u00c0 propos de la langue polonaise&nbsp; Le polonais est une langue indo-europ\u00e9enne appartenant au groupe des langues slaves occidentales (aux c\u00f4t\u00e9s du tch\u00e8que, slovaque, cachoube, haut sorabe et bas sorabe). La langue polonaise est parl\u00e9e par environ 50 millions de personnes, et ainsi class\u00e9e en 30e position parmi les langues les plus r\u00e9pondues dans le [&hellip;]\" \/>\n<meta property=\"og:url\" content=\"https:\/\/instytutpolski.pl\/brussels\/apprendre-le-polonais\/\" \/>\n<meta property=\"og:site_name\" content=\"Instytut Polski w Brukseli\" \/>\n<meta property=\"article:modified_time\" content=\"2020-06-02T14:00:12+00:00\" \/>\n<meta property=\"og:image\" content=\"https:\/\/instytutpolski.pl\/brussels\/wp-content\/uploads\/sites\/4\/2019\/06\/jezyk-polski.jpg\" \/>\n\t<meta property=\"og:image:width\" content=\"1920\" \/>\n\t<meta property=\"og:image:height\" content=\"700\" \/>\n\t<meta property=\"og:image:type\" content=\"image\/jpeg\" \/>\n<meta name=\"twitter:card\" content=\"summary_large_image\" \/>\n<meta name=\"twitter:label1\" content=\"Szacowany czas czytania\" \/>\n\t<meta name=\"twitter:data1\" content=\"2 minuty\" \/>\n<script type=\"application\/ld+json\" class=\"yoast-schema-graph\">{\"@context\":\"https:\/\/schema.org\",\"@graph\":[{\"@type\":\"WebPage\",\"@id\":\"https:\/\/instytutpolski.pl\/brussels\/apprendre-le-polonais\/\",\"url\":\"https:\/\/instytutpolski.pl\/brussels\/apprendre-le-polonais\/\",\"name\":\"Apprendre le polonais - Instytut Polski w Brukseli\",\"isPartOf\":{\"@id\":\"https:\/\/instytutpolski.pl\/brussels\/#website\"},\"primaryImageOfPage\":{\"@id\":\"https:\/\/instytutpolski.pl\/brussels\/apprendre-le-polonais\/#primaryimage\"},\"image\":{\"@id\":\"https:\/\/instytutpolski.pl\/brussels\/apprendre-le-polonais\/#primaryimage\"},\"thumbnailUrl\":\"https:\/\/instytutpolski.pl\/brussels\/wp-content\/uploads\/sites\/4\/2019\/06\/jezyk-polski.jpg\",\"datePublished\":\"2019-05-24T11:01:01+00:00\",\"dateModified\":\"2020-06-02T14:00:12+00:00\",\"breadcrumb\":{\"@id\":\"https:\/\/instytutpolski.pl\/brussels\/apprendre-le-polonais\/#breadcrumb\"},\"inLanguage\":\"pl-PL\",\"potentialAction\":[{\"@type\":\"ReadAction\",\"target\":[\"https:\/\/instytutpolski.pl\/brussels\/apprendre-le-polonais\/\"]}]},{\"@type\":\"ImageObject\",\"inLanguage\":\"pl-PL\",\"@id\":\"https:\/\/instytutpolski.pl\/brussels\/apprendre-le-polonais\/#primaryimage\",\"url\":\"https:\/\/instytutpolski.pl\/brussels\/wp-content\/uploads\/sites\/4\/2019\/06\/jezyk-polski.jpg\",\"contentUrl\":\"https:\/\/instytutpolski.pl\/brussels\/wp-content\/uploads\/sites\/4\/2019\/06\/jezyk-polski.jpg\",\"width\":1920,\"height\":700},{\"@type\":\"BreadcrumbList\",\"@id\":\"https:\/\/instytutpolski.pl\/brussels\/apprendre-le-polonais\/#breadcrumb\",\"itemListElement\":[{\"@type\":\"ListItem\",\"position\":1,\"name\":\"Home\",\"item\":\"https:\/\/instytutpolski.pl\/brussels\/\"},{\"@type\":\"ListItem\",\"position\":2,\"name\":\"Apprendre le polonais\"}]},{\"@type\":\"WebSite\",\"@id\":\"https:\/\/instytutpolski.pl\/brussels\/#website\",\"url\":\"https:\/\/instytutpolski.pl\/brussels\/\",\"name\":\"Instytut Polski w Brukseli\",\"description\":\"Instytuty Polskie\",\"potentialAction\":[{\"@type\":\"SearchAction\",\"target\":{\"@type\":\"EntryPoint\",\"urlTemplate\":\"https:\/\/instytutpolski.pl\/brussels\/?s={search_term_string}\"},\"query-input\":{\"@type\":\"PropertyValueSpecification\",\"valueRequired\":true,\"valueName\":\"search_term_string\"}}],\"inLanguage\":\"pl-PL\"}]}<\/script>\n<!-- \/ Yoast SEO plugin. -->","yoast_head_json":{"title":"Apprendre le polonais - Instytut Polski w Brukseli","robots":{"index":"index","follow":"follow","max-snippet":"max-snippet:-1","max-image-preview":"max-image-preview:large","max-video-preview":"max-video-preview:-1"},"canonical":"https:\/\/instytutpolski.pl\/brussels\/apprendre-le-polonais\/","og_locale":"pl_PL","og_type":"article","og_title":"Apprendre le polonais - Instytut Polski w Brukseli","og_description":"\u00c0 propos de la langue polonaise&nbsp; Le polonais est une langue indo-europ\u00e9enne appartenant au groupe des langues slaves occidentales (aux c\u00f4t\u00e9s du tch\u00e8que, slovaque, cachoube, haut sorabe et bas sorabe). La langue polonaise est parl\u00e9e par environ 50 millions de personnes, et ainsi class\u00e9e en 30e position parmi les langues les plus r\u00e9pondues dans le [&hellip;]","og_url":"https:\/\/instytutpolski.pl\/brussels\/apprendre-le-polonais\/","og_site_name":"Instytut Polski w Brukseli","article_modified_time":"2020-06-02T14:00:12+00:00","og_image":[{"width":1920,"height":700,"url":"https:\/\/instytutpolski.pl\/brussels\/wp-content\/uploads\/sites\/4\/2019\/06\/jezyk-polski.jpg","type":"image\/jpeg"}],"twitter_card":"summary_large_image","twitter_misc":{"Szacowany czas czytania":"2 minuty"},"schema":{"@context":"https:\/\/schema.org","@graph":[{"@type":"WebPage","@id":"https:\/\/instytutpolski.pl\/brussels\/apprendre-le-polonais\/","url":"https:\/\/instytutpolski.pl\/brussels\/apprendre-le-polonais\/","name":"Apprendre le polonais - Instytut Polski w Brukseli","isPartOf":{"@id":"https:\/\/instytutpolski.pl\/brussels\/#website"},"primaryImageOfPage":{"@id":"https:\/\/instytutpolski.pl\/brussels\/apprendre-le-polonais\/#primaryimage"},"image":{"@id":"https:\/\/instytutpolski.pl\/brussels\/apprendre-le-polonais\/#primaryimage"},"thumbnailUrl":"https:\/\/instytutpolski.pl\/brussels\/wp-content\/uploads\/sites\/4\/2019\/06\/jezyk-polski.jpg","datePublished":"2019-05-24T11:01:01+00:00","dateModified":"2020-06-02T14:00:12+00:00","breadcrumb":{"@id":"https:\/\/instytutpolski.pl\/brussels\/apprendre-le-polonais\/#breadcrumb"},"inLanguage":"pl-PL","potentialAction":[{"@type":"ReadAction","target":["https:\/\/instytutpolski.pl\/brussels\/apprendre-le-polonais\/"]}]},{"@type":"ImageObject","inLanguage":"pl-PL","@id":"https:\/\/instytutpolski.pl\/brussels\/apprendre-le-polonais\/#primaryimage","url":"https:\/\/instytutpolski.pl\/brussels\/wp-content\/uploads\/sites\/4\/2019\/06\/jezyk-polski.jpg","contentUrl":"https:\/\/instytutpolski.pl\/brussels\/wp-content\/uploads\/sites\/4\/2019\/06\/jezyk-polski.jpg","width":1920,"height":700},{"@type":"BreadcrumbList","@id":"https:\/\/instytutpolski.pl\/brussels\/apprendre-le-polonais\/#breadcrumb","itemListElement":[{"@type":"ListItem","position":1,"name":"Home","item":"https:\/\/instytutpolski.pl\/brussels\/"},{"@type":"ListItem","position":2,"name":"Apprendre le polonais"}]},{"@type":"WebSite","@id":"https:\/\/instytutpolski.pl\/brussels\/#website","url":"https:\/\/instytutpolski.pl\/brussels\/","name":"Instytut Polski w Brukseli","description":"Instytuty Polskie","potentialAction":[{"@type":"SearchAction","target":{"@type":"EntryPoint","urlTemplate":"https:\/\/instytutpolski.pl\/brussels\/?s={search_term_string}"},"query-input":{"@type":"PropertyValueSpecification","valueRequired":true,"valueName":"search_term_string"}}],"inLanguage":"pl-PL"}]}},"_links":{"self":[{"href":"https:\/\/instytutpolski.pl\/brussels\/wp-json\/wp\/v2\/pages\/511","targetHints":{"allow":["GET"]}}],"collection":[{"href":"https:\/\/instytutpolski.pl\/brussels\/wp-json\/wp\/v2\/pages"}],"about":[{"href":"https:\/\/instytutpolski.pl\/brussels\/wp-json\/wp\/v2\/types\/page"}],"author":[{"embeddable":true,"href":"https:\/\/instytutpolski.pl\/brussels\/wp-json\/wp\/v2\/users\/1"}],"replies":[{"embeddable":true,"href":"https:\/\/instytutpolski.pl\/brussels\/wp-json\/wp\/v2\/comments?post=511"}],"version-history":[{"count":11,"href":"https:\/\/instytutpolski.pl\/brussels\/wp-json\/wp\/v2\/pages\/511\/revisions"}],"predecessor-version":[{"id":5058,"href":"https:\/\/instytutpolski.pl\/brussels\/wp-json\/wp\/v2\/pages\/511\/revisions\/5058"}],"wp:featuredmedia":[{"embeddable":true,"href":"https:\/\/instytutpolski.pl\/brussels\/wp-json\/wp\/v2\/media\/842"}],"wp:attachment":[{"href":"https:\/\/instytutpolski.pl\/brussels\/wp-json\/wp\/v2\/media?parent=511"}],"curies":[{"name":"wp","href":"https:\/\/api.w.org\/{rel}","templated":true}]}}