{"id":539,"date":"2019-05-24T14:35:52","date_gmt":"2019-05-24T12:35:52","guid":{"rendered":"https:\/\/instytutpolski.pl\/bruksela\/?page_id=539"},"modified":"2020-04-28T15:14:32","modified_gmt":"2020-04-28T13:14:32","slug":"other-links","status":"publish","type":"page","link":"https:\/\/instytutpolski.pl\/brussels\/en\/other-links\/","title":{"rendered":"Cultural Institutions in Poland"},"content":{"rendered":"\n<p><strong>General sites on current Polish culture\u00a0\u00a0<br \/><br \/><\/strong><a href=\"http:\/\/www.culture.pl\/\">http:\/\/www.culture.pl<\/a><br \/><br \/>Festival \u0141\u00f3d\u017a of Four Cultures<br \/><a href=\"http:\/\/www.4kultury.pl\/\">http:\/\/www.4kultury.pl<\/a><br \/><br \/>Krak\u00f3w International Cultural Centre\u00a0<br \/><a href=\"http:\/\/mck.krakow.pl\/\" target=\"_blank\" rel=\"noopener noreferrer\">http:\/\/www.mck.krakow.pl<\/a><br \/><br \/>National Audiovisual Institute\u00a0<br \/><a href=\"http:\/\/nina.gov.pl\/en\/\" target=\"_blank\" rel=\"noopener noreferrer\">http:\/\/www.nina.gov.pl<\/a><br \/><br \/><\/p>\n<hr \/>\n<p><br \/><strong>Heritage\u00a0<br \/><br \/><\/strong>National Heritage Board of Poland\u00a0<br \/><a href=\"http:\/\/www.nid.pl\/en\/\" target=\"_blank\" rel=\"noopener noreferrer\">http:\/\/www.nid.pl<\/a><br \/><br \/>The Head Office of the State Archives<br \/><a href=\"http:\/\/www.archiwa.gov.pl\/\">http:\/\/www.archiwa.gov.pl<\/a><br \/><br \/><\/p>\n<hr \/>\n<p><br \/><strong>Theatre<br \/><br \/><\/strong>Zbigniew Raszewski Theatre Institute<br \/><a href=\"http:\/\/en.instytut-teatralny.pl\/\">http:\/\/www.instytut-teatralny.pl<\/a><br \/><br \/>Cricoteka \u2013 Centre for the Documentation of the Art of Tadeusz Kantor\u00a0<br \/><a href=\"http:\/\/www.cricoteka.pl\/pl\/en\/\">http:\/\/www.cricoteka.pl<\/a><br \/><br \/>Jerzy Grotowski Institute<br \/><a href=\"http:\/\/en.grotowski-institute.art.pl\/\">http:\/\/www.grotowski-institute.art.pl<\/a><br \/><br \/>\u2018Dialog-Wroc\u0142aw\u2019 International Theatre Festival\u00a0<br \/><a href=\"https:\/\/dialogfestival.pl\/en\/\" target=\"_blank\" rel=\"noopener noreferrer\">http:\/\/www.dialogfestival.pl<\/a><br \/><br \/>TR Warszawa<br \/><a href=\"http:\/\/www.trwarszawa.pl\/\">http:\/\/www.trwarszawa.pl<\/a><br \/><br \/>Warsaw Theatre<br \/><a href=\"http:\/\/www.teatrdramatyczny.pl\/\">http:\/\/www.teatrdramatyczny.pl<\/a>\u00a0\u00a0<br \/><br \/>Warsaw New Theatre<br \/><a href=\"http:\/\/www.nowyteatr.org\/\">http:\/\/www.nowyteatr.org<\/a>\u00a0\u00a0<br \/><br \/>Krak\u00f3w Old Theatre<br \/><a href=\"https:\/\/stary.pl\/en\/\" target=\"_blank\" rel=\"noopener noreferrer\">https:\/\/stary.pl<\/a><br \/><br \/>Grand Theatre \u2013 National Opera<br \/><a href=\"http:\/\/www.teatrwielki.pl\/\">http:\/\/www.teatrwielki.pl<\/a>\u00a0\u00a0<br \/><br \/>Bia\u0142ystok Puppet Theatre<br \/><a href=\"https:\/\/www.btl.bialystok.pl\/\" target=\"_blank\" rel=\"noopener noreferrer\">https:\/\/www.btl.bialystok.pl<\/a>\u00a0<br \/><br \/><\/p>\n<hr \/>\n<p><br \/><strong>Cinema<br \/><br \/><\/strong>Polish Film Institute<br \/><a href=\"http:\/\/www.pisf.pl\/\">http:\/\/www.pisf.pl<\/a>\u00a0\u00a0<br \/><br \/>The National Film Archive<br \/><a href=\"http:\/\/www.fn.org.pl\/en.html\" target=\"_blank\" rel=\"noopener noreferrer\">http:\/\/www.fn.org.pl<\/a>\u00a0\u00a0<br \/><br \/>Polish Film Festival in Gdynia<br \/><a href=\"http:\/\/www.festiwalgdynia.pl\/en\/\" target=\"_blank\" rel=\"noopener noreferrer\">http:\/\/www.festiwalgdynia.pl<\/a>\u00a0\u00a0<br \/><br \/><em>New Horizons<\/em>\u00a0International Film Festival\u00a0<br \/><a href=\"http:\/\/www.nowehoryzonty.pl\/\" target=\"_blank\" rel=\"noopener noreferrer\">http:\/\/www.nowehoryzonty.pl<\/a><br \/><br \/>Warsaw Film Festival\u00a0<br \/><a href=\"https:\/\/wff.pl\/en\/\" target=\"_blank\" rel=\"noopener noreferrer\">http:\/\/wff.pl<\/a><br \/><br \/><\/p>\n<hr \/>\n<p><br \/><br \/><strong>Music<br \/><\/strong><br \/>The Fryderyk Chopin Institute\u00a0<br \/><a href=\"http:\/\/pl.chopin.nifc.pl\/\">http:\/\/pl.chopin.nifc.pl<\/a>\u00a0\u00a0<br \/><br \/>The Polish Music Information Centre\u00a0<br \/><a href=\"http:\/\/www.polmic.pl\/\">http:\/\/www.polmic.pl<\/a>\u00a0\u00a0<br \/><br \/>\u2018Warsaw Autumn\u2019, International Festival of Contemporary Music\u00a0<br \/><a href=\"http:\/\/warszawska-jesien.art.pl\/\">http:\/\/www.warsaw-autumn.art.pl<\/a><br \/><br \/>The International \u2018Fryderyk Chopin\u2019 Piano Competition\u00a0<br \/><a href=\"http:\/\/en.chopin.nifc.pl\/institute\/chopincompetition\/info\" target=\"_blank\" rel=\"noopener noreferrer\">http:\/\/en.chopin.nifc.pl<\/a><br \/><br \/>International \u2018Henryk Wieniawski\u2019 Violin Competition\u00a0<br \/><a href=\"http:\/\/www.wieniawski.com\/\" target=\"_blank\" rel=\"noopener noreferrer\">http:\/\/www.wieniawski.com<\/a><br \/><br \/>\u2018Wratislavia Cantans\u2019 International Festival<br \/><a href=\"http:\/\/www.wratislavia.art.pl\/\">http:\/\/www.wratislavia.art.pl<\/a>\u00a0\u00a0<br \/><br \/>Wroc\u0142aw Opera<br \/><a href=\"http:\/\/www.opera.wroclaw.pl\/\">http:\/\/www.opera.wroclaw.pl<\/a>\u00a0\u00a0<br \/><br \/>National Philharmonic Orchestra (Warsaw Philharmonic)\u00a0<br \/><a href=\"http:\/\/filharmonia.pl\/strona-glowna_en\/\" target=\"_blank\" rel=\"noopener noreferrer\">http:\/\/filharmonia.pl<\/a><br \/><br \/>The Polish Baltic Fryderyk Chopin Philharmonic\u00a0<br \/><a href=\"http:\/\/www.filharmonia.gda.pl\/\">http:\/\/www.filharmonia.gda.pl<\/a>\u00a0\u00a0<br \/><br \/>\u2018Karol Szymanowski\u2019 Philharmonic Orchestra, Cracow\u00a0<br \/><a href=\"http:\/\/www.filharmonia.krakow.pl\/?l=2\">http:\/\/www.filharmonia.krakow.pl<\/a>\u00a0\u00a0<br \/><br \/>Cracow Opera<br \/><a href=\"https:\/\/www.opera.krakow.pl\/en\" target=\"_blank\" rel=\"noopener noreferrer\">http:\/\/www.opera.krakow.pl<\/a><br \/><br \/>Pozna\u0144 \u2018Tadeusz Szeligowski\u2019 Philharmonic Orchestra\u00a0<br \/><a href=\"http:\/\/www.filharmoniapoznanska.pl\/en\">http:\/\/www.filharmonia.poznan.pl<\/a>\u00a0\u00a0<br \/><br \/><\/p>\n<hr \/>\n<p><br \/><strong>Literature<br \/><\/strong><br \/>The Book Institute<br \/><a href=\"http:\/\/instytutksiazki.pl\/en\/\" target=\"_blank\" rel=\"noopener noreferrer\">http:\/\/instytutksiazki.pl\/<\/a>\u00a0<br \/><br \/>Warsaw subsidiary\u00a0<br \/>e-mail:\u00a0<a href=\"mailto:warszawa@instytutksiazki.pl\">warszawa@instytutksiazki.pl<\/a><br \/><br \/>The National Library\u00a0<br \/><a href=\"http:\/\/www.bn.org.pl\/\">http:\/\/www.bn.org.pl<\/a>\u00a0\u00a0<br \/><br \/>The Ossoli\u0144ski National Institute\u00a0<br \/><a href=\"https:\/\/ossolineum.pl\/index.php\/english\" target=\"_blank\" rel=\"noopener noreferrer\">https:\/\/ossolineum.pl<\/a>\u00a0\u00a0<br \/><br \/>Jagiellonian Library, Krak\u00f3w\u00a0<br \/><a href=\"http:\/\/www.bj.uj.edu.pl\/en_GB\/start-en\" target=\"_blank\" rel=\"noopener noreferrer\">http:\/\/www.bj.uj.edu.pl<\/a><br \/><br \/>The Institute of Literary Research of the Polish Academy of Sciences\u00a0<br \/><a href=\"http:\/\/ibl.waw.pl\/en\/start\" target=\"_blank\" rel=\"noopener noreferrer\">http:\/\/www.ibl.waw.pl<\/a><br \/><br \/><\/p>\n<hr \/>\n<p><br \/><strong>Visual art<br \/><\/strong><br \/>The National Museum in Warsaw\u00a0<br \/><a href=\"http:\/\/www.mnw.art.pl\/index.php\/en\/\" target=\"_blank\" rel=\"noopener noreferrer\">http:\/\/www.mnw.art.pl<\/a>\u00a0\u00a0<br \/><br \/>The National Museum in Krak\u00f3w\u00a0<br \/><a href=\"http:\/\/www.muzeum.krakow.pl\/\">http:\/\/www.muzeum.krakow.pl<\/a>\u00a0\u00a0<br \/><br \/>The National Museum in Wroc\u0142aw<br \/><a href=\"http:\/\/www.mnwr.art.pl\/\">http:\/\/www.mnwr.art.pl<\/a>\u00a0\u00a0<br \/><br \/>\u2018Zach\u0119ta\u2019 National Gallery of Art in Warsaw\u00a0\u00a0<br \/><a href=\"https:\/\/zacheta.art.pl\/en\" target=\"_blank\" rel=\"noopener noreferrer\">http:\/\/www.zacheta.art.pl<\/a><br \/><br \/>Centre for Contemporary Art \u2018Ujazdowski Castle\u2019 in Warsaw\u00a0\u00a0<br \/><a href=\"http:\/\/u-jazdowski.pl\/en\/main\" target=\"_blank\" rel=\"noopener noreferrer\">http:\/\/u-jazdowski.pl<\/a>\u00a0\u00a0<br \/><br \/>Centre of Contemporary Art in Toru\u0144<br \/><a href=\"http:\/\/en.csw.torun.pl\/\" target=\"_blank\" rel=\"noopener noreferrer\">http:\/\/www.csw.torun.pl<\/a>\u00a0\u00a0<br \/><br \/>Galeria \u2018Arsenal\u2019 in Bia\u0142ystok<br \/><a href=\"http:\/\/galeria-arsenal.pl\/\" target=\"_blank\" rel=\"noopener noreferrer\">http:\/\/www.galeria-arsenal.pl<\/a>\u00a0\u00a0<br \/><br \/>\u2018Art Bunker\u2019 in Krak\u00f3w\u00a0<br \/><a href=\"http:\/\/bunkier.art.pl\/?lang=en\">http:\/\/www.bunkier.art.pl<\/a>\u00a0\u00a0<br \/><br \/>\u2018\u0141a\u017ania\u2019 Centre for Contemporary Art in Gda\u0144sk<br \/><a href=\"http:\/\/www.laznia.pl\/index.php?&amp;lang=en\">http:\/\/www.laznia.pl<\/a>\u00a0<\/p>\n","protected":false},"excerpt":{"rendered":"<p>General sites on current Polish culture\u00a0\u00a0 http:\/\/www.culture.pl Festival \u0141\u00f3d\u017a of Four Cultureshttp:\/\/www.4kultury.pl Krak\u00f3w International Cultural Centre\u00a0http:\/\/www.mck.krakow.pl National Audiovisual Institute\u00a0http:\/\/www.nina.gov.pl Heritage\u00a0 National Heritage Board of Poland\u00a0http:\/\/www.nid.pl The Head Office of the State Archiveshttp:\/\/www.archiwa.gov.pl Theatre Zbigniew Raszewski Theatre Institutehttp:\/\/www.instytut-teatralny.pl Cricoteka \u2013 Centre for the Documentation of the Art of Tadeusz Kantor\u00a0http:\/\/www.cricoteka.pl Jerzy Grotowski Institutehttp:\/\/www.grotowski-institute.art.pl \u2018Dialog-Wroc\u0142aw\u2019 International Theatre [&hellip;]<\/p>\n","protected":false},"author":1,"featured_media":0,"parent":0,"menu_order":0,"comment_status":"closed","ping_status":"closed","template":"","meta":{"inline_featured_image":false,"_monsterinsights_skip_tracking":false,"_monsterinsights_sitenote_active":false,"_monsterinsights_sitenote_note":"","_monsterinsights_sitenote_category":0,"footnotes":""},"class_list":["post-539","page","type-page","status-publish","hentry"],"yoast_head":"<!-- This site is optimized with the Yoast SEO plugin v24.6 - https:\/\/yoast.com\/wordpress\/plugins\/seo\/ -->\n<title>Cultural Institutions in Poland - Instytut Polski w Brukseli<\/title>\n<meta name=\"robots\" content=\"index, follow, max-snippet:-1, max-image-preview:large, max-video-preview:-1\" \/>\n<link rel=\"canonical\" href=\"https:\/\/instytutpolski.pl\/brussels\/en\/other-links\/\" \/>\n<meta property=\"og:locale\" content=\"pl_PL\" \/>\n<meta property=\"og:type\" content=\"article\" \/>\n<meta property=\"og:title\" content=\"Cultural Institutions in Poland - Instytut Polski w Brukseli\" \/>\n<meta property=\"og:description\" content=\"General sites on current Polish culture\u00a0\u00a0 http:\/\/www.culture.pl Festival \u0141\u00f3d\u017a of Four Cultureshttp:\/\/www.4kultury.pl Krak\u00f3w International Cultural Centre\u00a0http:\/\/www.mck.krakow.pl National Audiovisual Institute\u00a0http:\/\/www.nina.gov.pl Heritage\u00a0 National Heritage Board of Poland\u00a0http:\/\/www.nid.pl The Head Office of the State Archiveshttp:\/\/www.archiwa.gov.pl Theatre Zbigniew Raszewski Theatre Institutehttp:\/\/www.instytut-teatralny.pl Cricoteka \u2013 Centre for the Documentation of the Art of Tadeusz Kantor\u00a0http:\/\/www.cricoteka.pl Jerzy Grotowski Institutehttp:\/\/www.grotowski-institute.art.pl \u2018Dialog-Wroc\u0142aw\u2019 International Theatre [&hellip;]\" \/>\n<meta property=\"og:url\" content=\"https:\/\/instytutpolski.pl\/brussels\/en\/other-links\/\" \/>\n<meta property=\"og:site_name\" content=\"Instytut Polski w Brukseli\" \/>\n<meta property=\"article:modified_time\" content=\"2020-04-28T13:14:32+00:00\" \/>\n<meta name=\"twitter:card\" content=\"summary_large_image\" \/>\n<meta name=\"twitter:label1\" content=\"Szacowany czas czytania\" \/>\n\t<meta name=\"twitter:data1\" content=\"2 minuty\" \/>\n<script type=\"application\/ld+json\" class=\"yoast-schema-graph\">{\"@context\":\"https:\/\/schema.org\",\"@graph\":[{\"@type\":\"WebPage\",\"@id\":\"https:\/\/instytutpolski.pl\/brussels\/en\/other-links\/\",\"url\":\"https:\/\/instytutpolski.pl\/brussels\/en\/other-links\/\",\"name\":\"Cultural Institutions in Poland - Instytut Polski w Brukseli\",\"isPartOf\":{\"@id\":\"https:\/\/instytutpolski.pl\/brussels\/#website\"},\"datePublished\":\"2019-05-24T12:35:52+00:00\",\"dateModified\":\"2020-04-28T13:14:32+00:00\",\"breadcrumb\":{\"@id\":\"https:\/\/instytutpolski.pl\/brussels\/en\/other-links\/#breadcrumb\"},\"inLanguage\":\"pl-PL\",\"potentialAction\":[{\"@type\":\"ReadAction\",\"target\":[\"https:\/\/instytutpolski.pl\/brussels\/en\/other-links\/\"]}]},{\"@type\":\"BreadcrumbList\",\"@id\":\"https:\/\/instytutpolski.pl\/brussels\/en\/other-links\/#breadcrumb\",\"itemListElement\":[{\"@type\":\"ListItem\",\"position\":1,\"name\":\"Home\",\"item\":\"https:\/\/instytutpolski.pl\/brussels\/\"},{\"@type\":\"ListItem\",\"position\":2,\"name\":\"Cultural Institutions in Poland\"}]},{\"@type\":\"WebSite\",\"@id\":\"https:\/\/instytutpolski.pl\/brussels\/#website\",\"url\":\"https:\/\/instytutpolski.pl\/brussels\/\",\"name\":\"Instytut Polski w Brukseli\",\"description\":\"Instytuty Polskie\",\"potentialAction\":[{\"@type\":\"SearchAction\",\"target\":{\"@type\":\"EntryPoint\",\"urlTemplate\":\"https:\/\/instytutpolski.pl\/brussels\/?s={search_term_string}\"},\"query-input\":{\"@type\":\"PropertyValueSpecification\",\"valueRequired\":true,\"valueName\":\"search_term_string\"}}],\"inLanguage\":\"pl-PL\"}]}<\/script>\n<!-- \/ Yoast SEO plugin. -->","yoast_head_json":{"title":"Cultural Institutions in Poland - Instytut Polski w Brukseli","robots":{"index":"index","follow":"follow","max-snippet":"max-snippet:-1","max-image-preview":"max-image-preview:large","max-video-preview":"max-video-preview:-1"},"canonical":"https:\/\/instytutpolski.pl\/brussels\/en\/other-links\/","og_locale":"pl_PL","og_type":"article","og_title":"Cultural Institutions in Poland - Instytut Polski w Brukseli","og_description":"General sites on current Polish culture\u00a0\u00a0 http:\/\/www.culture.pl Festival \u0141\u00f3d\u017a of Four Cultureshttp:\/\/www.4kultury.pl Krak\u00f3w International Cultural Centre\u00a0http:\/\/www.mck.krakow.pl National Audiovisual Institute\u00a0http:\/\/www.nina.gov.pl Heritage\u00a0 National Heritage Board of Poland\u00a0http:\/\/www.nid.pl The Head Office of the State Archiveshttp:\/\/www.archiwa.gov.pl Theatre Zbigniew Raszewski Theatre Institutehttp:\/\/www.instytut-teatralny.pl Cricoteka \u2013 Centre for the Documentation of the Art of Tadeusz Kantor\u00a0http:\/\/www.cricoteka.pl Jerzy Grotowski Institutehttp:\/\/www.grotowski-institute.art.pl \u2018Dialog-Wroc\u0142aw\u2019 International Theatre [&hellip;]","og_url":"https:\/\/instytutpolski.pl\/brussels\/en\/other-links\/","og_site_name":"Instytut Polski w Brukseli","article_modified_time":"2020-04-28T13:14:32+00:00","twitter_card":"summary_large_image","twitter_misc":{"Szacowany czas czytania":"2 minuty"},"schema":{"@context":"https:\/\/schema.org","@graph":[{"@type":"WebPage","@id":"https:\/\/instytutpolski.pl\/brussels\/en\/other-links\/","url":"https:\/\/instytutpolski.pl\/brussels\/en\/other-links\/","name":"Cultural Institutions in Poland - Instytut Polski w Brukseli","isPartOf":{"@id":"https:\/\/instytutpolski.pl\/brussels\/#website"},"datePublished":"2019-05-24T12:35:52+00:00","dateModified":"2020-04-28T13:14:32+00:00","breadcrumb":{"@id":"https:\/\/instytutpolski.pl\/brussels\/en\/other-links\/#breadcrumb"},"inLanguage":"pl-PL","potentialAction":[{"@type":"ReadAction","target":["https:\/\/instytutpolski.pl\/brussels\/en\/other-links\/"]}]},{"@type":"BreadcrumbList","@id":"https:\/\/instytutpolski.pl\/brussels\/en\/other-links\/#breadcrumb","itemListElement":[{"@type":"ListItem","position":1,"name":"Home","item":"https:\/\/instytutpolski.pl\/brussels\/"},{"@type":"ListItem","position":2,"name":"Cultural Institutions in Poland"}]},{"@type":"WebSite","@id":"https:\/\/instytutpolski.pl\/brussels\/#website","url":"https:\/\/instytutpolski.pl\/brussels\/","name":"Instytut Polski w Brukseli","description":"Instytuty Polskie","potentialAction":[{"@type":"SearchAction","target":{"@type":"EntryPoint","urlTemplate":"https:\/\/instytutpolski.pl\/brussels\/?s={search_term_string}"},"query-input":{"@type":"PropertyValueSpecification","valueRequired":true,"valueName":"search_term_string"}}],"inLanguage":"pl-PL"}]}},"_links":{"self":[{"href":"https:\/\/instytutpolski.pl\/brussels\/wp-json\/wp\/v2\/pages\/539","targetHints":{"allow":["GET"]}}],"collection":[{"href":"https:\/\/instytutpolski.pl\/brussels\/wp-json\/wp\/v2\/pages"}],"about":[{"href":"https:\/\/instytutpolski.pl\/brussels\/wp-json\/wp\/v2\/types\/page"}],"author":[{"embeddable":true,"href":"https:\/\/instytutpolski.pl\/brussels\/wp-json\/wp\/v2\/users\/1"}],"replies":[{"embeddable":true,"href":"https:\/\/instytutpolski.pl\/brussels\/wp-json\/wp\/v2\/comments?post=539"}],"version-history":[{"count":2,"href":"https:\/\/instytutpolski.pl\/brussels\/wp-json\/wp\/v2\/pages\/539\/revisions"}],"predecessor-version":[{"id":2608,"href":"https:\/\/instytutpolski.pl\/brussels\/wp-json\/wp\/v2\/pages\/539\/revisions\/2608"}],"wp:attachment":[{"href":"https:\/\/instytutpolski.pl\/brussels\/wp-json\/wp\/v2\/media?parent=539"}],"curies":[{"name":"wp","href":"https:\/\/api.w.org\/{rel}","templated":true}]}}