{"id":542,"date":"2019-05-24T14:35:52","date_gmt":"2019-05-24T12:35:52","guid":{"rendered":"https:\/\/instytutpolski.pl\/bruksela\/?page_id=542"},"modified":"2020-04-28T15:14:01","modified_gmt":"2020-04-28T13:14:01","slug":"cultural-institutions","status":"publish","type":"page","link":"https:\/\/instytutpolski.pl\/brussels\/nl\/cultural-institutions\/","title":{"rendered":"Culturele instellingen in Polen"},"content":{"rendered":"\n<p><strong>Algemene sites<\/strong><br \/>Over de hedendaagse Poolse cultuur<br \/><a href=\"http:\/\/www.culture.pl\/en\/culture\/\" target=\"_blink\" rel=\"noopener noreferrer\">http:\/\/www.culture.pl<\/a><br \/><br \/>Festival \u0141\u00f3d\u017a van Vier Culturen<br \/><a href=\"http:\/\/www.4kultury.pl\/?ln=en\/\" target=\"_blink\" rel=\"noopener noreferrer\">http:\/\/www.4kultury.pl<\/a><br \/><br \/>Internationaal Cultureel Centrum te Krakau<br \/><a href=\"http:\/\/mck.krakow.pl\/\" target=\"_blank\" rel=\"noopener noreferrer\">http:\/\/www.mck.krakow.pl<\/a><br \/><br \/>Nationaal Audiovisueel Instituut<br \/><a href=\"http:\/\/nina.gov.pl\/en\/\" target=\"_blank\" rel=\"noopener noreferrer\">http:\/\/www.nina.gov.pl<\/a><br \/><strong><br \/>Erfgoed<\/strong><br \/>Nationaal Onderzoeks- en Documentatiecentrum voor Monumenten<br \/><a href=\"http:\/\/www.nid.pl\/en\/\" target=\"_blank\" rel=\"noopener noreferrer\">http:\/\/www.nid.pl<\/a><br \/><strong><br \/>Toneel<\/strong><br \/>Zbigniew Raszewski Theaterinstituut<br \/><a href=\"http:\/\/en.instytut-teatralny.pl\/\">http:\/\/www.instytut-teatralny.pl<\/a><br \/><br \/>Cricotheek. Documentatiecentrum voor het werk van Tadeusz Kantor<br \/><a href=\"http:\/\/www.cricoteka.pl\/pl\/en\/\">http:\/\/www.cricoteka.pl<\/a><br \/><br \/>Jerzy Grotowski-instituut<br \/><a href=\"http:\/\/en.grotowski-institute.art.pl\/\">http:\/\/www.grotowski-institute.art.pl<\/a><br \/><br \/>Internationaal Theaterfestival\u00a0<em>Dialog-Wroc\u0142aw<\/em><br \/><a href=\"https:\/\/dialogfestival.pl\/en\/\" target=\"_blank\" rel=\"noopener noreferrer\">http:\/\/www.dialogfestival.pl<\/a><br \/><br \/>TR Warszawa<br \/><a href=\"http:\/\/www.trwarszawa.pl\/en\" target=\"_blink\" rel=\"noopener noreferrer\">http:\/\/www.trwarszawa.pl<\/a><br \/><br \/>Theater voor Drama van de stad Warschau<br \/><a href=\"http:\/\/www.teatrdramatyczny.pl\/\" target=\"_blink\" rel=\"noopener noreferrer\">http:\/\/www.teatrdramatyczny.pl<\/a><br \/><br \/>Nieuw Theater te Warschau<br \/><a href=\"http:\/\/www.nowyteatr.org\/#\/en\" target=\"_blink\" rel=\"noopener noreferrer\">http:\/\/www.nowyteatr.org<\/a><br \/><br \/>Oud Theater te Krakau<br \/><a href=\"https:\/\/stary.pl\/en\/\" target=\"_blank\" rel=\"noopener noreferrer\">https:\/\/stary.pl<\/a><br \/><br \/>Groot Theater &#8211; Nationale Opera<br \/><a href=\"http:\/\/www.teatrwielki.pl\/en.html\" target=\"_blink\" rel=\"noopener noreferrer\">http:\/\/www.teatrwielki.pl<\/a><br \/><br \/>Poppentheater van Bia\u0142ystok<br \/><a href=\"https:\/\/www.btl.bialystok.pl\/\" target=\"_blank\" rel=\"noopener noreferrer\">https:\/\/www.btl.bialystok.pl<\/a><br \/><strong><br \/>Film<\/strong><br \/>Pools Filminstituut<br \/><a href=\"http:\/\/www.pisf.pl\/en\/\" target=\"_blink\" rel=\"noopener noreferrer\">http:\/\/www.pisf.pl<\/a><br \/><br \/>Nationale Filmotheek<br \/><a href=\"http:\/\/www.fn.org.pl\/en.html\" target=\"_blank\" rel=\"noopener noreferrer\">http:\/\/www.fn.org.pl<\/a><br \/><br \/>Festival voor Poolse Fictiefilm te Gdynia<br \/><a href=\"http:\/\/www.festiwalgdynia.pl\/en\/\" target=\"_blank\" rel=\"noopener noreferrer\">http:\/\/www.festiwalgdynia.pl<\/a><br \/><br \/>Festival\u00a0<em>Nieuwe Horizonten<\/em><br \/><a href=\"http:\/\/www.nowehoryzonty.pl\/\" target=\"_blank\" rel=\"noopener noreferrer\">http:\/\/www.nowehoryzonty.pl<\/a><br \/><br \/>Filmfestival van Warschau<br \/><a href=\"https:\/\/wff.pl\/en\/\" target=\"_blank\" rel=\"noopener noreferrer\">http:\/\/wff.pl<\/a><br \/><br \/><br \/><strong><br \/>Muziek<\/strong><br \/>Nationaal Fr\u00e9d\u00e9ric Chopininstituut<br \/><a href=\"http:\/\/en.chopin.nifc.pl\/institute\/\" target=\"_blink\" rel=\"noopener noreferrer\">http:\/\/pl.chopin.nifc.pl<\/a><br \/><br \/>Pools Centrum voor Muziekinformatie<br \/><a href=\"http:\/\/www.polmic.pl\/index.php?lang=en\" target=\"_blink\" rel=\"noopener noreferrer\">http:\/\/www.polmic.pl<\/a><br \/><br \/><em>Warschause Herfst &#8211;\u00a0<\/em>Internationaal Festival voor Hedendaagse Muziek<br \/><a href=\"http:\/\/warszawska-jesien.art.pl\/\">http:\/\/www.warsaw-autumn.art.pl<\/a><br \/><br \/>Internationale Fr\u00e9d\u00e9ric\u00a0Chopin Pianowedstrijd<br \/><a href=\"http:\/\/en.chopin.nifc.pl\/institute\/chopincompetition\/info\" target=\"_blank\" rel=\"noopener noreferrer\">http:\/\/en.chopin.nifc.pl<\/a><br \/><br \/>Internationale Henryk Wieniawski Vioolwedstrijd<br \/><a href=\"http:\/\/www.wieniawski.com\/\" target=\"_blank\" rel=\"noopener noreferrer\">http:\/\/www.wieniawski.com<\/a><br \/><br \/><em>Wratislavia Cantans<\/em>\u00a0&#8211; Internationaal Festival<br \/><a href=\"http:\/\/www.wratislaviacantans.pl\/?lang=en\" target=\"_blink\" rel=\"noopener noreferrer\">http:\/\/www.wratislavia.art.pl<\/a><br \/><br \/>Opera van Wroc\u0142aw<br \/><a href=\"http:\/\/www.opera.wroclaw.pl\/1\/index.php?lang=_en\" target=\"_blink\" rel=\"noopener noreferrer\">http:\/\/www.opera.wroclaw.pl<\/a><br \/><br \/>Nationale Filharmonie<br \/><a href=\"http:\/\/filharmonia.pl\/strona-glowna_en\/\" target=\"_blank\" rel=\"noopener noreferrer\">http:\/\/filharmonia.pl<\/a><br \/><br \/>Pools-Baltische Fr\u00e9d\u00e9ric\u00a0Chopinfilharmonie<br \/><a href=\"http:\/\/www.filharmonia.gda.pl\/index.php?lang=8\" target=\"_blink\" rel=\"noopener noreferrer\">http:\/\/www.filharmonia.gda.pl<\/a><br \/><br \/>Karol Szymanowskifilharmonie te Krakau<br \/><a href=\"http:\/\/www.filharmonia.krakow.pl\/?l=2\">http:\/\/www.filharmonia.krakow.pl<\/a><br \/><br \/><em>Opera Krakowska<\/em>\u00a0te Krakau<br \/><a href=\"https:\/\/www.opera.krakow.pl\/en\" target=\"_blank\" rel=\"noopener noreferrer\">http:\/\/www.opera.krakow.pl<\/a><br \/><br \/>Tadeusz Szeligowskifilharmonie te Pozna\u0144<br \/><a href=\"http:\/\/www.filharmoniapoznanska.pl\/en\" target=\"_blank\" rel=\"noopener noreferrer\">http:\/\/www.filharmonia.poznan.pl<\/a><br \/><strong><br \/>Literatuur<\/strong><br \/>Instituut van het Boek<br \/><a href=\"http:\/\/instytutksiazki.pl\/en\/\" target=\"_blank\" rel=\"noopener noreferrer\">http:\/\/instytutksiazki.pl\/<\/a><br \/><br \/>filiaal te Warschau<br \/>e-mail:\u00a0<a href=\"mailto:warszawa@instytutksiazki.pl\">warszawa@instytutksiazki.pl<\/a><br \/><br \/>Nationale Bibliotheek<br \/><a href=\"http:\/\/bn.org.pl\/en\/\" target=\"_blink\" rel=\"noopener noreferrer\">http:\/\/www.bn.org.pl<\/a><br \/><br \/>Nationaal Ossoli\u0144skifonds<br \/><a href=\"https:\/\/ossolineum.pl\/index.php\/english\" target=\"_blank\" rel=\"noopener noreferrer\">https:\/\/ossolineum.pl<\/a><br \/><br \/>Jagiellonische Bibliotheek<br \/><a href=\"http:\/\/www.bj.uj.edu.pl\/en_GB\/start-en\" target=\"_blank\" rel=\"noopener noreferrer\">http:\/\/www.bj.uj.edu.pl<\/a><br \/><br \/>Instituut voor Literatuuronderzoek van de Poolse Academie van Wetenschappen<br \/><a href=\"http:\/\/ibl.waw.pl\/en\/start\" target=\"_blank\" rel=\"noopener noreferrer\">http:\/\/www.ibl.waw.pl<\/a><br \/><br \/><br \/><strong><br \/>Beeldende kunsten<\/strong><br \/>Nationaal Museum te Warschau<br \/><a href=\"http:\/\/www.mnw.art.pl\/index.php\/en\/\" target=\"_blank\" rel=\"noopener noreferrer\">http:\/\/www.mnw.art.pl<\/a>\u00a0\u00a0<br \/><br \/>Nationaal Museum te Krakau<br \/><a href=\"http:\/\/www.muzeum.krakow.pl\/?L=1\" target=\"_blink\" rel=\"noopener noreferrer\">http:\/\/www.muzeum.krakow.pl<\/a><br \/><br \/>Nationaal Museum te Wroc\u0142aw<br \/><a href=\"http:\/\/www.en.mnwr.art.pl\/\" target=\"_blink\" rel=\"noopener noreferrer\">http:\/\/www.mnwr.art.pl<\/a><br \/><br \/><em>Zach\u0119ta<\/em>\u00a0Nationale kunstgalerij te Warschau<br \/><a href=\"https:\/\/zacheta.art.pl\/en\" target=\"_blank\" rel=\"noopener noreferrer\">http:\/\/www.zacheta.art.pl<\/a><br \/><br \/>Centrum voor Hedendaagse Kunst in het Ujazdowskikasteel, Warschau<br \/><a href=\"http:\/\/u-jazdowski.pl\/en\/main\" target=\"_blank\" rel=\"noopener noreferrer\">http:\/\/u-jazdowski.pl<\/a><br \/><br \/>Centrum voor Hedendaagse Kunst, Toru\u0144<br \/><a href=\"http:\/\/en.csw.torun.pl\/\">http:\/\/www.csw.torun.pl<\/a><br \/><br \/>Galerie\u00a0<em>Arsenal<\/em>, Bia\u0142ystok<br \/><a href=\"http:\/\/galeria-arsenal.pl\/\" target=\"_blank\" rel=\"noopener noreferrer\">http:\/\/www.galeria-arsenal.pl<\/a><br \/><br \/>De Kunstbunker, Krakau<br \/><a href=\"http:\/\/bunkier.art.pl\/?lang=en\">http:\/\/www.bunkier.art.pl<\/a><br \/><br \/><em>\u0141a\u017ania<\/em>\u00a0Centrum voor Hedendaagse Kunst te Gda\u0144sk<br \/><a href=\"http:\/\/www.laznia.pl\/index.php?&amp;lang=en\">http:\/\/www.laznia.pl<\/a><\/p>\n","protected":false},"excerpt":{"rendered":"<p>Algemene sitesOver de hedendaagse Poolse cultuurhttp:\/\/www.culture.pl Festival \u0141\u00f3d\u017a van Vier Culturenhttp:\/\/www.4kultury.pl Internationaal Cultureel Centrum te Krakauhttp:\/\/www.mck.krakow.pl Nationaal Audiovisueel Instituuthttp:\/\/www.nina.gov.plErfgoedNationaal Onderzoeks- en Documentatiecentrum voor Monumentenhttp:\/\/www.nid.plToneelZbigniew Raszewski Theaterinstituuthttp:\/\/www.instytut-teatralny.pl Cricotheek. Documentatiecentrum voor het werk van Tadeusz Kantorhttp:\/\/www.cricoteka.pl Jerzy Grotowski-instituuthttp:\/\/www.grotowski-institute.art.pl Internationaal Theaterfestival\u00a0Dialog-Wroc\u0142awhttp:\/\/www.dialogfestival.pl TR Warszawahttp:\/\/www.trwarszawa.pl Theater voor Drama van de stad Warschauhttp:\/\/www.teatrdramatyczny.pl Nieuw Theater te Warschauhttp:\/\/www.nowyteatr.org Oud Theater te Krakauhttps:\/\/stary.pl [&hellip;]<\/p>\n","protected":false},"author":1,"featured_media":0,"parent":0,"menu_order":0,"comment_status":"closed","ping_status":"closed","template":"","meta":{"inline_featured_image":false,"_monsterinsights_skip_tracking":false,"_monsterinsights_sitenote_active":false,"_monsterinsights_sitenote_note":"","_monsterinsights_sitenote_category":0,"footnotes":""},"class_list":["post-542","page","type-page","status-publish","hentry"],"yoast_head":"<!-- This site is optimized with the Yoast SEO plugin v24.6 - https:\/\/yoast.com\/wordpress\/plugins\/seo\/ -->\n<title>Culturele instellingen in Polen - Instytut Polski w Brukseli<\/title>\n<meta name=\"robots\" content=\"index, follow, max-snippet:-1, max-image-preview:large, max-video-preview:-1\" \/>\n<link rel=\"canonical\" href=\"https:\/\/instytutpolski.pl\/brussels\/nl\/cultural-institutions\/\" \/>\n<meta property=\"og:locale\" content=\"pl_PL\" \/>\n<meta property=\"og:type\" content=\"article\" \/>\n<meta property=\"og:title\" content=\"Culturele instellingen in Polen - Instytut Polski w Brukseli\" \/>\n<meta property=\"og:description\" content=\"Algemene sitesOver de hedendaagse Poolse cultuurhttp:\/\/www.culture.pl Festival \u0141\u00f3d\u017a van Vier Culturenhttp:\/\/www.4kultury.pl Internationaal Cultureel Centrum te Krakauhttp:\/\/www.mck.krakow.pl Nationaal Audiovisueel Instituuthttp:\/\/www.nina.gov.plErfgoedNationaal Onderzoeks- en Documentatiecentrum voor Monumentenhttp:\/\/www.nid.plToneelZbigniew Raszewski Theaterinstituuthttp:\/\/www.instytut-teatralny.pl Cricotheek. Documentatiecentrum voor het werk van Tadeusz Kantorhttp:\/\/www.cricoteka.pl Jerzy Grotowski-instituuthttp:\/\/www.grotowski-institute.art.pl Internationaal Theaterfestival\u00a0Dialog-Wroc\u0142awhttp:\/\/www.dialogfestival.pl TR Warszawahttp:\/\/www.trwarszawa.pl Theater voor Drama van de stad Warschauhttp:\/\/www.teatrdramatyczny.pl Nieuw Theater te Warschauhttp:\/\/www.nowyteatr.org Oud Theater te Krakauhttps:\/\/stary.pl [&hellip;]\" \/>\n<meta property=\"og:url\" content=\"https:\/\/instytutpolski.pl\/brussels\/nl\/cultural-institutions\/\" \/>\n<meta property=\"og:site_name\" content=\"Instytut Polski w Brukseli\" \/>\n<meta property=\"article:modified_time\" content=\"2020-04-28T13:14:01+00:00\" \/>\n<meta name=\"twitter:card\" content=\"summary_large_image\" \/>\n<meta name=\"twitter:label1\" content=\"Szacowany czas czytania\" \/>\n\t<meta name=\"twitter:data1\" content=\"2 minuty\" \/>\n<script type=\"application\/ld+json\" class=\"yoast-schema-graph\">{\"@context\":\"https:\/\/schema.org\",\"@graph\":[{\"@type\":\"WebPage\",\"@id\":\"https:\/\/instytutpolski.pl\/brussels\/nl\/cultural-institutions\/\",\"url\":\"https:\/\/instytutpolski.pl\/brussels\/nl\/cultural-institutions\/\",\"name\":\"Culturele instellingen in Polen - Instytut Polski w Brukseli\",\"isPartOf\":{\"@id\":\"https:\/\/instytutpolski.pl\/brussels\/#website\"},\"datePublished\":\"2019-05-24T12:35:52+00:00\",\"dateModified\":\"2020-04-28T13:14:01+00:00\",\"breadcrumb\":{\"@id\":\"https:\/\/instytutpolski.pl\/brussels\/nl\/cultural-institutions\/#breadcrumb\"},\"inLanguage\":\"pl-PL\",\"potentialAction\":[{\"@type\":\"ReadAction\",\"target\":[\"https:\/\/instytutpolski.pl\/brussels\/nl\/cultural-institutions\/\"]}]},{\"@type\":\"BreadcrumbList\",\"@id\":\"https:\/\/instytutpolski.pl\/brussels\/nl\/cultural-institutions\/#breadcrumb\",\"itemListElement\":[{\"@type\":\"ListItem\",\"position\":1,\"name\":\"Home\",\"item\":\"https:\/\/instytutpolski.pl\/brussels\/\"},{\"@type\":\"ListItem\",\"position\":2,\"name\":\"Culturele instellingen in Polen\"}]},{\"@type\":\"WebSite\",\"@id\":\"https:\/\/instytutpolski.pl\/brussels\/#website\",\"url\":\"https:\/\/instytutpolski.pl\/brussels\/\",\"name\":\"Instytut Polski w Brukseli\",\"description\":\"Instytuty Polskie\",\"potentialAction\":[{\"@type\":\"SearchAction\",\"target\":{\"@type\":\"EntryPoint\",\"urlTemplate\":\"https:\/\/instytutpolski.pl\/brussels\/?s={search_term_string}\"},\"query-input\":{\"@type\":\"PropertyValueSpecification\",\"valueRequired\":true,\"valueName\":\"search_term_string\"}}],\"inLanguage\":\"pl-PL\"}]}<\/script>\n<!-- \/ Yoast SEO plugin. -->","yoast_head_json":{"title":"Culturele instellingen in Polen - Instytut Polski w Brukseli","robots":{"index":"index","follow":"follow","max-snippet":"max-snippet:-1","max-image-preview":"max-image-preview:large","max-video-preview":"max-video-preview:-1"},"canonical":"https:\/\/instytutpolski.pl\/brussels\/nl\/cultural-institutions\/","og_locale":"pl_PL","og_type":"article","og_title":"Culturele instellingen in Polen - Instytut Polski w Brukseli","og_description":"Algemene sitesOver de hedendaagse Poolse cultuurhttp:\/\/www.culture.pl Festival \u0141\u00f3d\u017a van Vier Culturenhttp:\/\/www.4kultury.pl Internationaal Cultureel Centrum te Krakauhttp:\/\/www.mck.krakow.pl Nationaal Audiovisueel Instituuthttp:\/\/www.nina.gov.plErfgoedNationaal Onderzoeks- en Documentatiecentrum voor Monumentenhttp:\/\/www.nid.plToneelZbigniew Raszewski Theaterinstituuthttp:\/\/www.instytut-teatralny.pl Cricotheek. Documentatiecentrum voor het werk van Tadeusz Kantorhttp:\/\/www.cricoteka.pl Jerzy Grotowski-instituuthttp:\/\/www.grotowski-institute.art.pl Internationaal Theaterfestival\u00a0Dialog-Wroc\u0142awhttp:\/\/www.dialogfestival.pl TR Warszawahttp:\/\/www.trwarszawa.pl Theater voor Drama van de stad Warschauhttp:\/\/www.teatrdramatyczny.pl Nieuw Theater te Warschauhttp:\/\/www.nowyteatr.org Oud Theater te Krakauhttps:\/\/stary.pl [&hellip;]","og_url":"https:\/\/instytutpolski.pl\/brussels\/nl\/cultural-institutions\/","og_site_name":"Instytut Polski w Brukseli","article_modified_time":"2020-04-28T13:14:01+00:00","twitter_card":"summary_large_image","twitter_misc":{"Szacowany czas czytania":"2 minuty"},"schema":{"@context":"https:\/\/schema.org","@graph":[{"@type":"WebPage","@id":"https:\/\/instytutpolski.pl\/brussels\/nl\/cultural-institutions\/","url":"https:\/\/instytutpolski.pl\/brussels\/nl\/cultural-institutions\/","name":"Culturele instellingen in Polen - Instytut Polski w Brukseli","isPartOf":{"@id":"https:\/\/instytutpolski.pl\/brussels\/#website"},"datePublished":"2019-05-24T12:35:52+00:00","dateModified":"2020-04-28T13:14:01+00:00","breadcrumb":{"@id":"https:\/\/instytutpolski.pl\/brussels\/nl\/cultural-institutions\/#breadcrumb"},"inLanguage":"pl-PL","potentialAction":[{"@type":"ReadAction","target":["https:\/\/instytutpolski.pl\/brussels\/nl\/cultural-institutions\/"]}]},{"@type":"BreadcrumbList","@id":"https:\/\/instytutpolski.pl\/brussels\/nl\/cultural-institutions\/#breadcrumb","itemListElement":[{"@type":"ListItem","position":1,"name":"Home","item":"https:\/\/instytutpolski.pl\/brussels\/"},{"@type":"ListItem","position":2,"name":"Culturele instellingen in Polen"}]},{"@type":"WebSite","@id":"https:\/\/instytutpolski.pl\/brussels\/#website","url":"https:\/\/instytutpolski.pl\/brussels\/","name":"Instytut Polski w Brukseli","description":"Instytuty Polskie","potentialAction":[{"@type":"SearchAction","target":{"@type":"EntryPoint","urlTemplate":"https:\/\/instytutpolski.pl\/brussels\/?s={search_term_string}"},"query-input":{"@type":"PropertyValueSpecification","valueRequired":true,"valueName":"search_term_string"}}],"inLanguage":"pl-PL"}]}},"_links":{"self":[{"href":"https:\/\/instytutpolski.pl\/brussels\/wp-json\/wp\/v2\/pages\/542","targetHints":{"allow":["GET"]}}],"collection":[{"href":"https:\/\/instytutpolski.pl\/brussels\/wp-json\/wp\/v2\/pages"}],"about":[{"href":"https:\/\/instytutpolski.pl\/brussels\/wp-json\/wp\/v2\/types\/page"}],"author":[{"embeddable":true,"href":"https:\/\/instytutpolski.pl\/brussels\/wp-json\/wp\/v2\/users\/1"}],"replies":[{"embeddable":true,"href":"https:\/\/instytutpolski.pl\/brussels\/wp-json\/wp\/v2\/comments?post=542"}],"version-history":[{"count":4,"href":"https:\/\/instytutpolski.pl\/brussels\/wp-json\/wp\/v2\/pages\/542\/revisions"}],"predecessor-version":[{"id":2607,"href":"https:\/\/instytutpolski.pl\/brussels\/wp-json\/wp\/v2\/pages\/542\/revisions\/2607"}],"wp:attachment":[{"href":"https:\/\/instytutpolski.pl\/brussels\/wp-json\/wp\/v2\/media?parent=542"}],"curies":[{"name":"wp","href":"https:\/\/api.w.org\/{rel}","templated":true}]}}