{"id":754,"date":"2019-06-25T14:38:23","date_gmt":"2019-06-25T12:38:23","guid":{"rendered":"https:\/\/instytutpolski.pl\/bruksela\/?page_id=754"},"modified":"2020-06-01T14:19:32","modified_gmt":"2020-06-01T12:19:32","slug":"a-propos-de-la-pologne","status":"publish","type":"page","link":"https:\/\/instytutpolski.pl\/brussels\/a-propos-de-la-pologne\/","title":{"rendered":"\u00c0 propos de la Pologne"},"content":{"rendered":"\n<div class=\"wp-block-group\"><div class=\"wp-block-group__inner-container is-layout-flow wp-block-group-is-layout-flow\">\n<figure class=\"wp-block-image size-large\"><img loading=\"lazy\" decoding=\"async\" width=\"1024\" height=\"596\" src=\"https:\/\/instytutpolski.pl\/brussels\/wp-content\/uploads\/sites\/4\/2020\/06\/mapa-Polski-About-1024x596.jpg\" alt=\"\" class=\"wp-image-4840\" srcset=\"https:\/\/instytutpolski.pl\/brussels\/wp-content\/uploads\/sites\/4\/2020\/06\/mapa-Polski-About-1024x596.jpg 1024w, https:\/\/instytutpolski.pl\/brussels\/wp-content\/uploads\/sites\/4\/2020\/06\/mapa-Polski-About-300x175.jpg 300w, https:\/\/instytutpolski.pl\/brussels\/wp-content\/uploads\/sites\/4\/2020\/06\/mapa-Polski-About-768x447.jpg 768w, https:\/\/instytutpolski.pl\/brussels\/wp-content\/uploads\/sites\/4\/2020\/06\/mapa-Polski-About-1536x894.jpg 1536w, https:\/\/instytutpolski.pl\/brussels\/wp-content\/uploads\/sites\/4\/2020\/06\/mapa-Polski-About.jpg 1858w\" sizes=\"auto, (max-width: 1024px) 100vw, 1024px\" \/><\/figure>\n<\/div><\/div>\n\n\n\n<p>Pendant plus de mille ans de son histoire, la Pologne a connu beaucoup de changements : elle a \u00e9t\u00e9 une puissance europ\u00e9enne, perdu son ind\u00e9pendance pendant 123 ans, et est devenue aujourd\u2019hui un pionnier \u00e9conomique de l&#8217;Europe centrale et orientale. L&#8217;enthousiasme, la cr\u00e9ativit\u00e9 et le potentiel de l&#8217;entrepreneuriat polonais sont largement connus dans le monde. Gr\u00e2ce \u00e0 la d\u00e9termination des Polonais, \u00e0 la Solidarno\u015b\u0107 et \u00e0 l&#8217;autorit\u00e9 spirituelle du pape Jean-Paul II, la Pologne est sortie de la d\u00e9pression du r\u00e9gime communiste et, depuis 1989, elle est un pays libre dont la riche tradition et les coutumes attirent des millions de touristes du monde entier.<span class=\"Apple-converted-space\">&nbsp;<\/span><\/p>\n\n\n\n<figure class=\"wp-block-embed-issuu wp-block-embed is-type-rich is-provider-issuu\"><div class=\"wp-block-embed__wrapper\">\nhttps:\/\/issuu.com\/msz.gov.pl\/docs\/about_polska_fr_issuu\n<\/div><\/figure>\n\n\n\n<p>Pendant des si\u00e8cles, l\u2019art et la culture ont renforc\u00e9 l&#8217;identit\u00e9 nationale des Polonais et les ont aid\u00e9s \u00e0 survivre aux moments les plus difficiles. Les artistes polonais continuent \u00e0 inspirer le monde. C&#8217;est en Pologne qu&#8217;est n\u00e9 l&#8217;un des plus grands compositeurs et pianistes, Fryderyk Chopin. L&#8217;un des plus importants concours de musique au monde est consacr\u00e9 \u00e0 sa cr\u00e9ation \u2014 le Concours international de piano de Fryderyk Chopin, qui se tient \u00e0 Varsovie tous les cinq ans, depuis 1927.<\/p>\n<p><a href=\"https:\/\/instytutpolski.pl\/brussels\/en-savoir-plus-sur-la-pologne__trashed\/la-culture-en-pologne\/\">D\u00e9couvrez les principales institutions culturelles en Pologne.<\/a>&nbsp;<\/p>\n\n\n\n<figure class=\"wp-block-image size-large\"><img loading=\"lazy\" decoding=\"async\" width=\"1024\" height=\"683\" src=\"https:\/\/instytutpolski.pl\/brussels\/wp-content\/uploads\/sites\/4\/2020\/05\/Pomnik-Chopina-1024x683.jpg\" alt=\"\" class=\"wp-image-3753\" srcset=\"https:\/\/instytutpolski.pl\/brussels\/wp-content\/uploads\/sites\/4\/2020\/05\/Pomnik-Chopina-1024x683.jpg 1024w, https:\/\/instytutpolski.pl\/brussels\/wp-content\/uploads\/sites\/4\/2020\/05\/Pomnik-Chopina-300x200.jpg 300w, https:\/\/instytutpolski.pl\/brussels\/wp-content\/uploads\/sites\/4\/2020\/05\/Pomnik-Chopina-768x512.jpg 768w, https:\/\/instytutpolski.pl\/brussels\/wp-content\/uploads\/sites\/4\/2020\/05\/Pomnik-Chopina-1536x1024.jpg 1536w, https:\/\/instytutpolski.pl\/brussels\/wp-content\/uploads\/sites\/4\/2020\/05\/Pomnik-Chopina.jpg 2048w\" sizes=\"auto, (max-width: 1024px) 100vw, 1024px\" \/><figcaption>Le monument d\u00e9di\u00e9 \u00e0 Fryderyk Chopin \u00e0 Varsovie. Photo : Mariusz Cieszewski<\/figcaption><\/figure>\n\n\n\n<p>La Pologne est un pays de gens qui ont des id\u00e9es. Les scientifiques polonais peuvent se f\u00e9liciter de d\u00e9couvertes et d&#8217;inventions importantes qui ont chang\u00e9 le monde. Maria Sk\u0142odowska-Curie venait de Varsovie. Consid\u00e9r\u00e9e comme l&#8217;une des plus grandes scientifiques de tous les temps, elle reste \u00e0 ce jour la seule femme \u00e0 avoir re\u00e7u le prix Nobel \u00e0 deux reprises (en 1903 et 1911) et la seule chercheuse honor\u00e9e dans deux domaines diff\u00e9rents des sciences naturelles. Elle a \u00e9t\u00e9 la premi\u00e8re femme \u00e0 recevoir le prix Nobel de chimie (pour la d\u00e9couverte du polonium et du radium), la premi\u00e8re femme \u00e0 \u00eatre nomm\u00e9e professeur \u00e0 l&#8217;universit\u00e9 de la Sorbonne \u00e0 Paris et la premi\u00e8re femme \u00e0 \u00eatre admise \u00e0 l&#8217;Acad\u00e9mie de m\u00e9decine.<span class=\"Apple-converted-space\">\u00a0<\/span><\/p>\n<p>Jan Czochralski, un physicien polonais, a invent\u00e9 la m\u00e9thode de culture des monocristaux, qui s&#8217;est av\u00e9r\u00e9e \u00eatre la base de l&#8217;\u00e9lectronique moderne. Les monocristaux de silicium obtenus par cette m\u00e9thode sont utilis\u00e9s pour fabriquer des dispositifs semi-conducteurs. Gr\u00e2ce \u00e0 eux, ordinateurs, tablettes, t\u00e9l\u00e9phones portables, appareils photo num\u00e9riques, lecteurs mp3 et autres appareils \u00e9lectroniques fonctionnent. Les math\u00e9maticiens polonais Marian Rejewski, Jerzy R\u00f3\u017cycki et Henryk Zygalski ont bris\u00e9 les codes de la plus c\u00e9l\u00e8bre machine \u00e0 chiffrer de l&#8217;histoire &#8211; l&#8217;Enigme allemande. Par leurs r\u00e9alisations, ils ont contribu\u00e9 \u00e0 la fin de la Seconde Guerre mondiale.<span class=\"Apple-converted-space\">\u00a0<\/span><\/p>\n\n\n\n<figure class=\"wp-block-image size-large\"><img loading=\"lazy\" decoding=\"async\" width=\"750\" height=\"1024\" src=\"https:\/\/instytutpolski.pl\/brussels\/wp-content\/uploads\/sites\/4\/2020\/06\/800px-Maria_Sk\u0142odowska-Curie_1903-750x1024.jpg\" alt=\"\" class=\"wp-image-4841\" srcset=\"https:\/\/instytutpolski.pl\/brussels\/wp-content\/uploads\/sites\/4\/2020\/06\/800px-Maria_Sk\u0142odowska-Curie_1903-750x1024.jpg 750w, https:\/\/instytutpolski.pl\/brussels\/wp-content\/uploads\/sites\/4\/2020\/06\/800px-Maria_Sk\u0142odowska-Curie_1903-220x300.jpg 220w, https:\/\/instytutpolski.pl\/brussels\/wp-content\/uploads\/sites\/4\/2020\/06\/800px-Maria_Sk\u0142odowska-Curie_1903-768x1048.jpg 768w, https:\/\/instytutpolski.pl\/brussels\/wp-content\/uploads\/sites\/4\/2020\/06\/800px-Maria_Sk\u0142odowska-Curie_1903.jpg 800w\" sizes=\"auto, (max-width: 750px) 100vw, 750px\" \/><figcaption>Maria Sk\u0142odowska-Curie en 1903. <\/figcaption><\/figure>\n\n\n\n<p>Les artistes et \u00e9crivains polonais ont \u00e9galement une renomm\u00e9e internationale. Gr\u00e2ce aux prix Nobel, dont Wis\u0142awa Szymborska, Czes\u0142aw Mi\u0142osz et Olga Tokarczuk, la Pologne a acquis une r\u00e9putation de terre de po\u00e8tes et d\u2019\u00e9crivains. C&#8217;est en polonais qu&#8217;il a cr\u00e9\u00e9 les \u0153uvres cin\u00e9matographiques d&#8217;Andrzej Wajda, laur\u00e9at de prix prestigieux, dont l&#8217;Oscar pour l&#8217;ensemble de sa carri\u00e8re. Le Polonais \u00e9tait Krzysztof Penderecki, un compositeur exceptionnel, quatre fois laur\u00e9at du Grammy Award.<span class=\"Apple-converted-space\">\u00a0<\/span><\/p>\n\n\n\n\n\n<figure class=\"wp-block-embed-issuu wp-block-embed is-type-rich is-provider-issuu\"><div class=\"wp-block-embed__wrapper\">\nhttps:\/\/issuu.com\/msz.gov.pl\/docs\/precis_d_histoire_de_la_pologne\n<\/div><\/figure>\n","protected":false},"excerpt":{"rendered":"<p>Pendant plus de mille ans de son histoire, la Pologne a connu beaucoup de changements : elle a \u00e9t\u00e9 une puissance europ\u00e9enne, perdu son ind\u00e9pendance pendant 123 ans, et est devenue aujourd\u2019hui un pionnier \u00e9conomique de l&#8217;Europe centrale et orientale. L&#8217;enthousiasme, la cr\u00e9ativit\u00e9 et le potentiel de l&#8217;entrepreneuriat polonais sont largement connus dans le monde. [&hellip;]<\/p>\n","protected":false},"author":1,"featured_media":0,"parent":0,"menu_order":0,"comment_status":"closed","ping_status":"closed","template":"","meta":{"inline_featured_image":false,"_monsterinsights_skip_tracking":false,"_monsterinsights_sitenote_active":false,"_monsterinsights_sitenote_note":"","_monsterinsights_sitenote_category":0,"footnotes":""},"class_list":["post-754","page","type-page","status-publish","hentry"],"yoast_head":"<!-- This site is optimized with the Yoast SEO plugin v24.6 - https:\/\/yoast.com\/wordpress\/plugins\/seo\/ -->\n<title>\u00c0 propos de la Pologne - Instytut Polski w Brukseli<\/title>\n<meta name=\"robots\" content=\"index, follow, max-snippet:-1, max-image-preview:large, max-video-preview:-1\" \/>\n<link rel=\"canonical\" href=\"https:\/\/instytutpolski.pl\/brussels\/a-propos-de-la-pologne\/\" \/>\n<meta property=\"og:locale\" content=\"pl_PL\" \/>\n<meta property=\"og:type\" content=\"article\" \/>\n<meta property=\"og:title\" content=\"\u00c0 propos de la Pologne - Instytut Polski w Brukseli\" \/>\n<meta property=\"og:description\" content=\"Pendant plus de mille ans de son histoire, la Pologne a connu beaucoup de changements : elle a \u00e9t\u00e9 une puissance europ\u00e9enne, perdu son ind\u00e9pendance pendant 123 ans, et est devenue aujourd\u2019hui un pionnier \u00e9conomique de l&#8217;Europe centrale et orientale. L&#8217;enthousiasme, la cr\u00e9ativit\u00e9 et le potentiel de l&#8217;entrepreneuriat polonais sont largement connus dans le monde. [&hellip;]\" \/>\n<meta property=\"og:url\" content=\"https:\/\/instytutpolski.pl\/brussels\/a-propos-de-la-pologne\/\" \/>\n<meta property=\"og:site_name\" content=\"Instytut Polski w Brukseli\" \/>\n<meta property=\"article:modified_time\" content=\"2020-06-01T12:19:32+00:00\" \/>\n<meta property=\"og:image\" content=\"https:\/\/instytutpolski.pl\/brussels\/wp-content\/uploads\/sites\/4\/2020\/06\/mapa-Polski-About-1024x596.jpg\" \/>\n<meta name=\"twitter:card\" content=\"summary_large_image\" \/>\n<meta name=\"twitter:label1\" content=\"Szacowany czas czytania\" \/>\n\t<meta name=\"twitter:data1\" content=\"3 minuty\" \/>\n<script type=\"application\/ld+json\" class=\"yoast-schema-graph\">{\"@context\":\"https:\/\/schema.org\",\"@graph\":[{\"@type\":\"WebPage\",\"@id\":\"https:\/\/instytutpolski.pl\/brussels\/a-propos-de-la-pologne\/\",\"url\":\"https:\/\/instytutpolski.pl\/brussels\/a-propos-de-la-pologne\/\",\"name\":\"\u00c0 propos de la Pologne - Instytut Polski w Brukseli\",\"isPartOf\":{\"@id\":\"https:\/\/instytutpolski.pl\/brussels\/#website\"},\"primaryImageOfPage\":{\"@id\":\"https:\/\/instytutpolski.pl\/brussels\/a-propos-de-la-pologne\/#primaryimage\"},\"image\":{\"@id\":\"https:\/\/instytutpolski.pl\/brussels\/a-propos-de-la-pologne\/#primaryimage\"},\"thumbnailUrl\":\"https:\/\/instytutpolski.pl\/brussels\/wp-content\/uploads\/sites\/4\/2020\/06\/mapa-Polski-About-1024x596.jpg\",\"datePublished\":\"2019-06-25T12:38:23+00:00\",\"dateModified\":\"2020-06-01T12:19:32+00:00\",\"breadcrumb\":{\"@id\":\"https:\/\/instytutpolski.pl\/brussels\/a-propos-de-la-pologne\/#breadcrumb\"},\"inLanguage\":\"pl-PL\",\"potentialAction\":[{\"@type\":\"ReadAction\",\"target\":[\"https:\/\/instytutpolski.pl\/brussels\/a-propos-de-la-pologne\/\"]}]},{\"@type\":\"ImageObject\",\"inLanguage\":\"pl-PL\",\"@id\":\"https:\/\/instytutpolski.pl\/brussels\/a-propos-de-la-pologne\/#primaryimage\",\"url\":\"https:\/\/instytutpolski.pl\/brussels\/wp-content\/uploads\/sites\/4\/2020\/06\/mapa-Polski-About.jpg\",\"contentUrl\":\"https:\/\/instytutpolski.pl\/brussels\/wp-content\/uploads\/sites\/4\/2020\/06\/mapa-Polski-About.jpg\",\"width\":1858,\"height\":1082},{\"@type\":\"BreadcrumbList\",\"@id\":\"https:\/\/instytutpolski.pl\/brussels\/a-propos-de-la-pologne\/#breadcrumb\",\"itemListElement\":[{\"@type\":\"ListItem\",\"position\":1,\"name\":\"Home\",\"item\":\"https:\/\/instytutpolski.pl\/brussels\/\"},{\"@type\":\"ListItem\",\"position\":2,\"name\":\"\u00c0 propos de la Pologne\"}]},{\"@type\":\"WebSite\",\"@id\":\"https:\/\/instytutpolski.pl\/brussels\/#website\",\"url\":\"https:\/\/instytutpolski.pl\/brussels\/\",\"name\":\"Instytut Polski w Brukseli\",\"description\":\"Instytuty Polskie\",\"potentialAction\":[{\"@type\":\"SearchAction\",\"target\":{\"@type\":\"EntryPoint\",\"urlTemplate\":\"https:\/\/instytutpolski.pl\/brussels\/?s={search_term_string}\"},\"query-input\":{\"@type\":\"PropertyValueSpecification\",\"valueRequired\":true,\"valueName\":\"search_term_string\"}}],\"inLanguage\":\"pl-PL\"}]}<\/script>\n<!-- \/ Yoast SEO plugin. -->","yoast_head_json":{"title":"\u00c0 propos de la Pologne - Instytut Polski w Brukseli","robots":{"index":"index","follow":"follow","max-snippet":"max-snippet:-1","max-image-preview":"max-image-preview:large","max-video-preview":"max-video-preview:-1"},"canonical":"https:\/\/instytutpolski.pl\/brussels\/a-propos-de-la-pologne\/","og_locale":"pl_PL","og_type":"article","og_title":"\u00c0 propos de la Pologne - Instytut Polski w Brukseli","og_description":"Pendant plus de mille ans de son histoire, la Pologne a connu beaucoup de changements : elle a \u00e9t\u00e9 une puissance europ\u00e9enne, perdu son ind\u00e9pendance pendant 123 ans, et est devenue aujourd\u2019hui un pionnier \u00e9conomique de l&#8217;Europe centrale et orientale. L&#8217;enthousiasme, la cr\u00e9ativit\u00e9 et le potentiel de l&#8217;entrepreneuriat polonais sont largement connus dans le monde. [&hellip;]","og_url":"https:\/\/instytutpolski.pl\/brussels\/a-propos-de-la-pologne\/","og_site_name":"Instytut Polski w Brukseli","article_modified_time":"2020-06-01T12:19:32+00:00","og_image":[{"url":"https:\/\/instytutpolski.pl\/brussels\/wp-content\/uploads\/sites\/4\/2020\/06\/mapa-Polski-About-1024x596.jpg","type":"","width":"","height":""}],"twitter_card":"summary_large_image","twitter_misc":{"Szacowany czas czytania":"3 minuty"},"schema":{"@context":"https:\/\/schema.org","@graph":[{"@type":"WebPage","@id":"https:\/\/instytutpolski.pl\/brussels\/a-propos-de-la-pologne\/","url":"https:\/\/instytutpolski.pl\/brussels\/a-propos-de-la-pologne\/","name":"\u00c0 propos de la Pologne - Instytut Polski w Brukseli","isPartOf":{"@id":"https:\/\/instytutpolski.pl\/brussels\/#website"},"primaryImageOfPage":{"@id":"https:\/\/instytutpolski.pl\/brussels\/a-propos-de-la-pologne\/#primaryimage"},"image":{"@id":"https:\/\/instytutpolski.pl\/brussels\/a-propos-de-la-pologne\/#primaryimage"},"thumbnailUrl":"https:\/\/instytutpolski.pl\/brussels\/wp-content\/uploads\/sites\/4\/2020\/06\/mapa-Polski-About-1024x596.jpg","datePublished":"2019-06-25T12:38:23+00:00","dateModified":"2020-06-01T12:19:32+00:00","breadcrumb":{"@id":"https:\/\/instytutpolski.pl\/brussels\/a-propos-de-la-pologne\/#breadcrumb"},"inLanguage":"pl-PL","potentialAction":[{"@type":"ReadAction","target":["https:\/\/instytutpolski.pl\/brussels\/a-propos-de-la-pologne\/"]}]},{"@type":"ImageObject","inLanguage":"pl-PL","@id":"https:\/\/instytutpolski.pl\/brussels\/a-propos-de-la-pologne\/#primaryimage","url":"https:\/\/instytutpolski.pl\/brussels\/wp-content\/uploads\/sites\/4\/2020\/06\/mapa-Polski-About.jpg","contentUrl":"https:\/\/instytutpolski.pl\/brussels\/wp-content\/uploads\/sites\/4\/2020\/06\/mapa-Polski-About.jpg","width":1858,"height":1082},{"@type":"BreadcrumbList","@id":"https:\/\/instytutpolski.pl\/brussels\/a-propos-de-la-pologne\/#breadcrumb","itemListElement":[{"@type":"ListItem","position":1,"name":"Home","item":"https:\/\/instytutpolski.pl\/brussels\/"},{"@type":"ListItem","position":2,"name":"\u00c0 propos de la Pologne"}]},{"@type":"WebSite","@id":"https:\/\/instytutpolski.pl\/brussels\/#website","url":"https:\/\/instytutpolski.pl\/brussels\/","name":"Instytut Polski w Brukseli","description":"Instytuty Polskie","potentialAction":[{"@type":"SearchAction","target":{"@type":"EntryPoint","urlTemplate":"https:\/\/instytutpolski.pl\/brussels\/?s={search_term_string}"},"query-input":{"@type":"PropertyValueSpecification","valueRequired":true,"valueName":"search_term_string"}}],"inLanguage":"pl-PL"}]}},"_links":{"self":[{"href":"https:\/\/instytutpolski.pl\/brussels\/wp-json\/wp\/v2\/pages\/754","targetHints":{"allow":["GET"]}}],"collection":[{"href":"https:\/\/instytutpolski.pl\/brussels\/wp-json\/wp\/v2\/pages"}],"about":[{"href":"https:\/\/instytutpolski.pl\/brussels\/wp-json\/wp\/v2\/types\/page"}],"author":[{"embeddable":true,"href":"https:\/\/instytutpolski.pl\/brussels\/wp-json\/wp\/v2\/users\/1"}],"replies":[{"embeddable":true,"href":"https:\/\/instytutpolski.pl\/brussels\/wp-json\/wp\/v2\/comments?post=754"}],"version-history":[{"count":16,"href":"https:\/\/instytutpolski.pl\/brussels\/wp-json\/wp\/v2\/pages\/754\/revisions"}],"predecessor-version":[{"id":4929,"href":"https:\/\/instytutpolski.pl\/brussels\/wp-json\/wp\/v2\/pages\/754\/revisions\/4929"}],"wp:attachment":[{"href":"https:\/\/instytutpolski.pl\/brussels\/wp-json\/wp\/v2\/media?parent=754"}],"curies":[{"name":"wp","href":"https:\/\/api.w.org\/{rel}","templated":true}]}}