{"id":758,"date":"2019-06-25T14:38:23","date_gmt":"2019-06-25T12:38:23","guid":{"rendered":"https:\/\/instytutpolski.pl\/bruksela\/?page_id=758"},"modified":"2020-06-01T20:30:16","modified_gmt":"2020-06-01T18:30:16","slug":"over-polen","status":"publish","type":"page","link":"https:\/\/instytutpolski.pl\/brussels\/nl\/over-polen\/","title":{"rendered":"Over Polen"},"content":{"rendered":"\n<figure class=\"wp-block-image size-large\"><img loading=\"lazy\" decoding=\"async\" width=\"1024\" height=\"596\" src=\"https:\/\/instytutpolski.pl\/brussels\/wp-content\/uploads\/sites\/4\/2020\/06\/mapa-Polski-About-1024x596.jpg\" alt=\"\" class=\"wp-image-4840\" srcset=\"https:\/\/instytutpolski.pl\/brussels\/wp-content\/uploads\/sites\/4\/2020\/06\/mapa-Polski-About-1024x596.jpg 1024w, https:\/\/instytutpolski.pl\/brussels\/wp-content\/uploads\/sites\/4\/2020\/06\/mapa-Polski-About-300x175.jpg 300w, https:\/\/instytutpolski.pl\/brussels\/wp-content\/uploads\/sites\/4\/2020\/06\/mapa-Polski-About-768x447.jpg 768w, https:\/\/instytutpolski.pl\/brussels\/wp-content\/uploads\/sites\/4\/2020\/06\/mapa-Polski-About-1536x894.jpg 1536w, https:\/\/instytutpolski.pl\/brussels\/wp-content\/uploads\/sites\/4\/2020\/06\/mapa-Polski-About.jpg 1858w\" sizes=\"auto, (max-width: 1024px) 100vw, 1024px\" \/><\/figure>\n\n\n\n<p>In de loop van meer dan duizend jaar van zijn geschiedenis heeft Polen vele veranderingen ondergaan: het is een Europese mogendheid geweest, heeft 123 jaar lang zijn onafhankelijkheid verloren en is vandaag de dag een economische pionier van Midden- en Oost-Europa geworden. Het enthousiasme, de creativiteit en het potentieel van het Poolse ondernemerschap zijn over de hele wereld bekend. Dankzij de vastberadenheid van de Polen, Solidarno\u015b\u0107 en het spirituele gezag van paus Johannes Paulus II is Polen uit de depressie van het communistische regime gekomen en sinds 1989 is het een vrij land waarvan de rijke traditie en gebruiken miljoenen toeristen van over de hele wereld aantrekken.<\/p>\n<p><strong>Ontdek Polen met About Polska guide.\u00a0<\/strong><\/p>\n\n\n\n<figure class=\"wp-block-embed-issuu wp-block-embed is-type-rich is-provider-issuu\"><div class=\"wp-block-embed__wrapper\">\nhttps:\/\/issuu.com\/msz.gov.pl\/docs\/about_polska_en_issuu\n<\/div><\/figure>\n\n\n\n<p>Eeuwenlang hebben kunst en cultuur de nationale identiteit van de Polen versterkt en hen geholpen de moeilijkste tijden te overleven. Poolse kunstenaars blijven de wereld inspireren. Een van de grootste componisten en pianisten, Fryderyk Chopin, werd in Polen geboren. Een van de belangrijkste muziekwedstrijden ter wereld is gewijd aan zijn creatie &#8211; de Fryderyk Chopin International Piano Competition, die sinds 1927 elke vijf jaar in Warschau wordt gehouden.<\/p>\n<p>Ontdek de belangrijkste culturele instellingen in Polen.<\/p>\n\n\n\n<figure class=\"wp-block-image size-large\"><img loading=\"lazy\" decoding=\"async\" width=\"1024\" height=\"683\" src=\"https:\/\/instytutpolski.pl\/brussels\/wp-content\/uploads\/sites\/4\/2020\/05\/Pomnik-Chopina-1-1024x683.jpg\" alt=\"\" class=\"wp-image-4560\" srcset=\"https:\/\/instytutpolski.pl\/brussels\/wp-content\/uploads\/sites\/4\/2020\/05\/Pomnik-Chopina-1-1024x683.jpg 1024w, https:\/\/instytutpolski.pl\/brussels\/wp-content\/uploads\/sites\/4\/2020\/05\/Pomnik-Chopina-1-300x200.jpg 300w, https:\/\/instytutpolski.pl\/brussels\/wp-content\/uploads\/sites\/4\/2020\/05\/Pomnik-Chopina-1-768x512.jpg 768w, https:\/\/instytutpolski.pl\/brussels\/wp-content\/uploads\/sites\/4\/2020\/05\/Pomnik-Chopina-1-1536x1024.jpg 1536w, https:\/\/instytutpolski.pl\/brussels\/wp-content\/uploads\/sites\/4\/2020\/05\/Pomnik-Chopina-1.jpg 2048w\" sizes=\"auto, (max-width: 1024px) 100vw, 1024px\" \/><figcaption>Het monument voor Fryderyk Chopin in Warschau. Foto : Mariusz Cieszewski<\/figcaption><\/figure>\n\n\n\n<p>Polen is een land van mensen met idee\u00ebn. Poolse wetenschappers kunnen trots zijn op belangrijke ontdekkingen en uitvindingen die de wereld hebben veranderd. Maria Sk\u0142odowska-Curie kwam uit Warschau. Zij wordt beschouwd als een van de grootste wetenschappers aller tijden en is tot op de dag van vandaag de enige vrouw die de Nobelprijs tweemaal heeft ontvangen (in 1903 en 1911) en de enige vrouwelijke onderzoeker die op twee verschillende gebieden van de natuurwetenschappen wordt ge\u00eberd. Zij was de eerste vrouw die de Nobelprijs voor de scheikunde ontving (voor de ontdekking van polonium en radium), de eerste vrouw die werd benoemd tot professor aan de Sorbonne-universiteit in Parijs en de eerste vrouw die werd toegelaten tot de Academie voor Geneeskunde.<\/p>\n\n\n\n<p>Jan Czochralski, een Poolse fysicus, vond de methode uit om enkele kristallen te kweken, wat de basis bleek te zijn van de moderne elektronica. De enkelvoudige kristallen van silicium die met deze methode worden verkregen, worden gebruikt om halfgeleiderapparaten te maken. Dankzij hen werken computers, tablets, mobiele telefoons, digitale camera&#8217;s, mp3-spelers en andere elektronische apparaten. De Poolse wiskundigen Marian Rejewski, Jerzy R\u00f3\u017cycki en Henryk Zygalski braken de codes van de beroemdste codeermachine uit de geschiedenis &#8211; de Duitse Enigma. Hun prestaties droegen bij aan het einde van de Tweede Wereldoorlog.<\/p>\n\n\n\n<figure class=\"wp-block-image size-large\"><img loading=\"lazy\" decoding=\"async\" width=\"750\" height=\"1024\" src=\"https:\/\/instytutpolski.pl\/brussels\/wp-content\/uploads\/sites\/4\/2020\/06\/800px-Maria_Sk\u0142odowska-Curie_1903-750x1024.jpg\" alt=\"\" class=\"wp-image-4841\" srcset=\"https:\/\/instytutpolski.pl\/brussels\/wp-content\/uploads\/sites\/4\/2020\/06\/800px-Maria_Sk\u0142odowska-Curie_1903-750x1024.jpg 750w, https:\/\/instytutpolski.pl\/brussels\/wp-content\/uploads\/sites\/4\/2020\/06\/800px-Maria_Sk\u0142odowska-Curie_1903-220x300.jpg 220w, https:\/\/instytutpolski.pl\/brussels\/wp-content\/uploads\/sites\/4\/2020\/06\/800px-Maria_Sk\u0142odowska-Curie_1903-768x1048.jpg 768w, https:\/\/instytutpolski.pl\/brussels\/wp-content\/uploads\/sites\/4\/2020\/06\/800px-Maria_Sk\u0142odowska-Curie_1903.jpg 800w\" sizes=\"auto, (max-width: 750px) 100vw, 750px\" \/><figcaption>Maria Sk\u0142odowska-Curie in 1903.<\/figcaption><\/figure>\n\n\n\n<p>Poolse kunstenaars en schrijvers hebben ook een internationale reputatie. Dankzij Nobelprijswinnaars, waaronder Wis\u0142awa Szymborska, Czes\u0142aw Mi\u0142osz en Olga Tokarczuk, heeft Polen een reputatie opgebouwd als een land van dichters en schrijvers. Het was in het Pools dat hij de cinematografische werken van Andrzej Wajda cre\u00eberde, winnaar van prestigieuze prijzen, waaronder de Oscar voor zijn hele carri\u00e8re. De Pool was Krzysztof Penderecki, een uitstekende componist, en viervoudig Grammy Award winnaar.\u00a0<\/p>\n<p><strong>Lees meer over de geschiedenis van Polen.<\/strong><\/p>\n\n\n\n<figure class=\"wp-block-embed-issuu wp-block-embed is-type-rich is-provider-issuu\"><div class=\"wp-block-embed__wrapper\">\nhttps:\/\/issuu.com\/msz.gov.pl\/docs\/a_guide_to_the_history_of_poland\n<\/div><\/figure>\n","protected":false},"excerpt":{"rendered":"<p>In de loop van meer dan duizend jaar van zijn geschiedenis heeft Polen vele veranderingen ondergaan: het is een Europese mogendheid geweest, heeft 123 jaar lang zijn onafhankelijkheid verloren en is vandaag de dag een economische pionier van Midden- en Oost-Europa geworden. Het enthousiasme, de creativiteit en het potentieel van het Poolse ondernemerschap zijn over [&hellip;]<\/p>\n","protected":false},"author":1,"featured_media":0,"parent":0,"menu_order":0,"comment_status":"closed","ping_status":"closed","template":"","meta":{"inline_featured_image":false,"_monsterinsights_skip_tracking":false,"_monsterinsights_sitenote_active":false,"_monsterinsights_sitenote_note":"","_monsterinsights_sitenote_category":0,"footnotes":""},"class_list":["post-758","page","type-page","status-publish","hentry"],"yoast_head":"<!-- This site is optimized with the Yoast SEO plugin v24.6 - https:\/\/yoast.com\/wordpress\/plugins\/seo\/ -->\n<title>Over Polen - Instytut Polski w Brukseli<\/title>\n<meta name=\"robots\" content=\"index, follow, max-snippet:-1, max-image-preview:large, max-video-preview:-1\" \/>\n<link rel=\"canonical\" href=\"https:\/\/instytutpolski.pl\/brussels\/nl\/over-polen\/\" \/>\n<meta property=\"og:locale\" content=\"pl_PL\" \/>\n<meta property=\"og:type\" content=\"article\" \/>\n<meta property=\"og:title\" content=\"Over Polen - Instytut Polski w Brukseli\" \/>\n<meta property=\"og:description\" content=\"In de loop van meer dan duizend jaar van zijn geschiedenis heeft Polen vele veranderingen ondergaan: het is een Europese mogendheid geweest, heeft 123 jaar lang zijn onafhankelijkheid verloren en is vandaag de dag een economische pionier van Midden- en Oost-Europa geworden. Het enthousiasme, de creativiteit en het potentieel van het Poolse ondernemerschap zijn over [&hellip;]\" \/>\n<meta property=\"og:url\" content=\"https:\/\/instytutpolski.pl\/brussels\/nl\/over-polen\/\" \/>\n<meta property=\"og:site_name\" content=\"Instytut Polski w Brukseli\" \/>\n<meta property=\"article:modified_time\" content=\"2020-06-01T18:30:16+00:00\" \/>\n<meta property=\"og:image\" content=\"https:\/\/instytutpolski.pl\/brussels\/wp-content\/uploads\/sites\/4\/2020\/06\/mapa-Polski-About-1024x596.jpg\" \/>\n<meta name=\"twitter:card\" content=\"summary_large_image\" \/>\n<meta name=\"twitter:label1\" content=\"Szacowany czas czytania\" \/>\n\t<meta name=\"twitter:data1\" content=\"3 minuty\" \/>\n<script type=\"application\/ld+json\" class=\"yoast-schema-graph\">{\"@context\":\"https:\/\/schema.org\",\"@graph\":[{\"@type\":\"WebPage\",\"@id\":\"https:\/\/instytutpolski.pl\/brussels\/nl\/over-polen\/\",\"url\":\"https:\/\/instytutpolski.pl\/brussels\/nl\/over-polen\/\",\"name\":\"Over Polen - Instytut Polski w Brukseli\",\"isPartOf\":{\"@id\":\"https:\/\/instytutpolski.pl\/brussels\/#website\"},\"primaryImageOfPage\":{\"@id\":\"https:\/\/instytutpolski.pl\/brussels\/nl\/over-polen\/#primaryimage\"},\"image\":{\"@id\":\"https:\/\/instytutpolski.pl\/brussels\/nl\/over-polen\/#primaryimage\"},\"thumbnailUrl\":\"https:\/\/instytutpolski.pl\/brussels\/wp-content\/uploads\/sites\/4\/2020\/06\/mapa-Polski-About-1024x596.jpg\",\"datePublished\":\"2019-06-25T12:38:23+00:00\",\"dateModified\":\"2020-06-01T18:30:16+00:00\",\"breadcrumb\":{\"@id\":\"https:\/\/instytutpolski.pl\/brussels\/nl\/over-polen\/#breadcrumb\"},\"inLanguage\":\"pl-PL\",\"potentialAction\":[{\"@type\":\"ReadAction\",\"target\":[\"https:\/\/instytutpolski.pl\/brussels\/nl\/over-polen\/\"]}]},{\"@type\":\"ImageObject\",\"inLanguage\":\"pl-PL\",\"@id\":\"https:\/\/instytutpolski.pl\/brussels\/nl\/over-polen\/#primaryimage\",\"url\":\"https:\/\/instytutpolski.pl\/brussels\/wp-content\/uploads\/sites\/4\/2020\/06\/mapa-Polski-About.jpg\",\"contentUrl\":\"https:\/\/instytutpolski.pl\/brussels\/wp-content\/uploads\/sites\/4\/2020\/06\/mapa-Polski-About.jpg\",\"width\":1858,\"height\":1082},{\"@type\":\"BreadcrumbList\",\"@id\":\"https:\/\/instytutpolski.pl\/brussels\/nl\/over-polen\/#breadcrumb\",\"itemListElement\":[{\"@type\":\"ListItem\",\"position\":1,\"name\":\"Home\",\"item\":\"https:\/\/instytutpolski.pl\/brussels\/\"},{\"@type\":\"ListItem\",\"position\":2,\"name\":\"Over Polen\"}]},{\"@type\":\"WebSite\",\"@id\":\"https:\/\/instytutpolski.pl\/brussels\/#website\",\"url\":\"https:\/\/instytutpolski.pl\/brussels\/\",\"name\":\"Instytut Polski w Brukseli\",\"description\":\"Instytuty Polskie\",\"potentialAction\":[{\"@type\":\"SearchAction\",\"target\":{\"@type\":\"EntryPoint\",\"urlTemplate\":\"https:\/\/instytutpolski.pl\/brussels\/?s={search_term_string}\"},\"query-input\":{\"@type\":\"PropertyValueSpecification\",\"valueRequired\":true,\"valueName\":\"search_term_string\"}}],\"inLanguage\":\"pl-PL\"}]}<\/script>\n<!-- \/ Yoast SEO plugin. -->","yoast_head_json":{"title":"Over Polen - Instytut Polski w Brukseli","robots":{"index":"index","follow":"follow","max-snippet":"max-snippet:-1","max-image-preview":"max-image-preview:large","max-video-preview":"max-video-preview:-1"},"canonical":"https:\/\/instytutpolski.pl\/brussels\/nl\/over-polen\/","og_locale":"pl_PL","og_type":"article","og_title":"Over Polen - Instytut Polski w Brukseli","og_description":"In de loop van meer dan duizend jaar van zijn geschiedenis heeft Polen vele veranderingen ondergaan: het is een Europese mogendheid geweest, heeft 123 jaar lang zijn onafhankelijkheid verloren en is vandaag de dag een economische pionier van Midden- en Oost-Europa geworden. Het enthousiasme, de creativiteit en het potentieel van het Poolse ondernemerschap zijn over [&hellip;]","og_url":"https:\/\/instytutpolski.pl\/brussels\/nl\/over-polen\/","og_site_name":"Instytut Polski w Brukseli","article_modified_time":"2020-06-01T18:30:16+00:00","og_image":[{"url":"https:\/\/instytutpolski.pl\/brussels\/wp-content\/uploads\/sites\/4\/2020\/06\/mapa-Polski-About-1024x596.jpg","type":"","width":"","height":""}],"twitter_card":"summary_large_image","twitter_misc":{"Szacowany czas czytania":"3 minuty"},"schema":{"@context":"https:\/\/schema.org","@graph":[{"@type":"WebPage","@id":"https:\/\/instytutpolski.pl\/brussels\/nl\/over-polen\/","url":"https:\/\/instytutpolski.pl\/brussels\/nl\/over-polen\/","name":"Over Polen - Instytut Polski w Brukseli","isPartOf":{"@id":"https:\/\/instytutpolski.pl\/brussels\/#website"},"primaryImageOfPage":{"@id":"https:\/\/instytutpolski.pl\/brussels\/nl\/over-polen\/#primaryimage"},"image":{"@id":"https:\/\/instytutpolski.pl\/brussels\/nl\/over-polen\/#primaryimage"},"thumbnailUrl":"https:\/\/instytutpolski.pl\/brussels\/wp-content\/uploads\/sites\/4\/2020\/06\/mapa-Polski-About-1024x596.jpg","datePublished":"2019-06-25T12:38:23+00:00","dateModified":"2020-06-01T18:30:16+00:00","breadcrumb":{"@id":"https:\/\/instytutpolski.pl\/brussels\/nl\/over-polen\/#breadcrumb"},"inLanguage":"pl-PL","potentialAction":[{"@type":"ReadAction","target":["https:\/\/instytutpolski.pl\/brussels\/nl\/over-polen\/"]}]},{"@type":"ImageObject","inLanguage":"pl-PL","@id":"https:\/\/instytutpolski.pl\/brussels\/nl\/over-polen\/#primaryimage","url":"https:\/\/instytutpolski.pl\/brussels\/wp-content\/uploads\/sites\/4\/2020\/06\/mapa-Polski-About.jpg","contentUrl":"https:\/\/instytutpolski.pl\/brussels\/wp-content\/uploads\/sites\/4\/2020\/06\/mapa-Polski-About.jpg","width":1858,"height":1082},{"@type":"BreadcrumbList","@id":"https:\/\/instytutpolski.pl\/brussels\/nl\/over-polen\/#breadcrumb","itemListElement":[{"@type":"ListItem","position":1,"name":"Home","item":"https:\/\/instytutpolski.pl\/brussels\/"},{"@type":"ListItem","position":2,"name":"Over Polen"}]},{"@type":"WebSite","@id":"https:\/\/instytutpolski.pl\/brussels\/#website","url":"https:\/\/instytutpolski.pl\/brussels\/","name":"Instytut Polski w Brukseli","description":"Instytuty Polskie","potentialAction":[{"@type":"SearchAction","target":{"@type":"EntryPoint","urlTemplate":"https:\/\/instytutpolski.pl\/brussels\/?s={search_term_string}"},"query-input":{"@type":"PropertyValueSpecification","valueRequired":true,"valueName":"search_term_string"}}],"inLanguage":"pl-PL"}]}},"_links":{"self":[{"href":"https:\/\/instytutpolski.pl\/brussels\/wp-json\/wp\/v2\/pages\/758","targetHints":{"allow":["GET"]}}],"collection":[{"href":"https:\/\/instytutpolski.pl\/brussels\/wp-json\/wp\/v2\/pages"}],"about":[{"href":"https:\/\/instytutpolski.pl\/brussels\/wp-json\/wp\/v2\/types\/page"}],"author":[{"embeddable":true,"href":"https:\/\/instytutpolski.pl\/brussels\/wp-json\/wp\/v2\/users\/1"}],"replies":[{"embeddable":true,"href":"https:\/\/instytutpolski.pl\/brussels\/wp-json\/wp\/v2\/comments?post=758"}],"version-history":[{"count":4,"href":"https:\/\/instytutpolski.pl\/brussels\/wp-json\/wp\/v2\/pages\/758\/revisions"}],"predecessor-version":[{"id":4976,"href":"https:\/\/instytutpolski.pl\/brussels\/wp-json\/wp\/v2\/pages\/758\/revisions\/4976"}],"wp:attachment":[{"href":"https:\/\/instytutpolski.pl\/brussels\/wp-json\/wp\/v2\/media?parent=758"}],"curies":[{"name":"wp","href":"https:\/\/api.w.org\/{rel}","templated":true}]}}