{"id":805,"date":"2019-06-25T15:02:36","date_gmt":"2019-06-25T13:02:36","guid":{"rendered":"https:\/\/instytutpolski.pl\/bruksela\/?page_id=805"},"modified":"2020-09-08T14:53:52","modified_gmt":"2020-09-08T12:53:52","slug":"universites-polonaises","status":"publish","type":"page","link":"https:\/\/instytutpolski.pl\/brussels\/lenseignement-en-pologne\/universites-polonaises\/","title":{"rendered":"Universit\u00e9s polonaises"},"content":{"rendered":"\n<p>Vous trouverez ci-dessous une liste des universit\u00e9s polonaises, ainsi que les liens utiles vers leur programmes d&#8217;apprentissage de la langue polonaise :<\/p>\n<ul>\n<li><strong>Universit\u00e9 Casimir le Grand de Bydgoszcz<\/strong> [Uniwersytet Kazimierza Wielkiego w Bydgoszczy]<br>&nbsp;<a href=\"http:\/\/www.ukw.edu.pl\/\" target=\"_blank\" rel=\"noopener noreferrer\">http:\/\/www.ukw.edu.pl\/<\/a>&nbsp;<br>\u2014 &nbsp;<a href=\"https:\/\/polski.ukw.edu.pl\/jednostka\/nauczanie_jezyka_polskiego\" target=\"_blank\" rel=\"noopener noreferrer\">Centrum Nauczania J\u0119zyka Polskiego&nbsp;dla Obcokrajowc\u00f3w<\/a>&nbsp; <br>&nbsp;<\/li>\n<li><strong>Universit\u00e9 Jagellonne de Cracovie<\/strong> [Uniwersytet Jagiello\u0144ski w Krakowie]&nbsp;<br><a href=\"http:\/\/www.uj.edu.pl\/\" target=\"_blank\" rel=\"noopener noreferrer\">http:\/\/www.uj.edu.pl\/<\/a>&nbsp;<br>\u2014 <a href=\"https:\/\/plschool.uj.edu.pl\/en_GB\/\">\u00c9cole de langue et de culture polonaises, Universit\u00e9 Jagellon de Cracovie&nbsp;<\/a> &nbsp; &nbsp;&nbsp;<\/li>\n<li>\n<p><span lang=\"fr-BE\"><strong>Universit\u00e9 de Gda\u0144sk<\/strong> [Uniwersytet Gda\u0144ski]&nbsp;<br><\/span><a href=\"https:\/\/en.ug.edu.pl\/\" target=\"_blank\" rel=\"noopener noreferrer\" data-auth=\"NotApplicable\"><span lang=\"fr-BE\">https:\/\/en.ug.edu.pl\/<\/span><\/a><br>\u2014 <a href=\"https:\/\/polskidlacudzoziemcow.ug.edu.pl\/polish-language-courses-offer-for-foreigners\/\">Centre de la culture polonaise et de la langue polonaise pour les \u00e9trangers \u00e0 l&#8217;Universit\u00e9 de Gda\u0144sk<\/a><\/p>\n<\/li>\n<li><strong>Universit\u00e9 de Sil\u00e9sie \u00e0 Katowice<\/strong> [Uniwersytet \u015al\u0105ski w Katowicach]&nbsp;<br><a href=\"http:\/\/www.us.edu.pl\/\" target=\"_blank\" rel=\"noopener noreferrer\">http:\/\/www.us.edu.pl\/<\/a>&nbsp;&nbsp;&nbsp;&nbsp;&nbsp;&nbsp;&nbsp; <br>\u2014 \u00c9cole de langue : <a href=\"http:\/\/www.sjikp.us.edu.pl\/\" target=\"_blank\" rel=\"noopener noreferrer\">Szko\u0142a J\u0119zyka i Kultury Polskiej<\/a><br><br><\/li>\n<li>&nbsp;<strong>Universit\u00e9 de \u0141\u00f3d\u017a<\/strong> [Uniwersytet \u0141\u00f3dzki]&nbsp;<a href=\"http:\/\/www.uni.lodz.pl\/\" target=\"_blank\" rel=\"noopener noreferrer\">http:\/\/www.uni.lodz.pl\/<\/a>&nbsp;&nbsp;&nbsp;&nbsp;&nbsp;&nbsp; <br>\u2014 Ecole de langue : <a href=\"http:\/\/www.sjpdc.uni.lodz.pl\/\" target=\"_blank\" rel=\"noopener noreferrer\">School of Polish for Foreigners at the University of \u0141\u00f3d\u017c<\/a><br><br><\/li>\n<li>&nbsp;<strong>Universit\u00e9 Catholique de Lublin<\/strong>&nbsp;[Katolicki Uniwersytet Lubelski Jana Paw\u0142a II]<strong><br><\/strong><a style=\"font-size: 16px\" href=\"http:\/\/www.kul.pl\/\" target=\"_blank\" rel=\"noopener noreferrer\">http:\/\/www.kul.pl\/<\/a><strong><br><\/strong>\u2014 &nbsp;\u00c9cole de langue : <a href=\"http:\/\/www.kul.pl\/11594.html\" target=\"_blank\" rel=\"noopener noreferrer\">Szko\u0142a J\u0119zyka i Kultury Polskiej<\/a><br><br><\/li>\n<li><strong>Universit\u00e9 Marie Curie-Sk\u0142odowska de Lublin<\/strong> [Uniwersytet Marii Curie-Sk\u0142odowskiej w Lublinie]&nbsp;<a href=\"http:\/\/www.umcs.lublin.pl\/\" target=\"_blank\" rel=\"noopener noreferrer\">http:\/\/www.umcs.lublin.pl\/<\/a><br>\u2014 \u00c9cole de langue : <a href=\"http:\/\/www.cjkp.umcs.lublin.pl\/\" target=\"_blank\" rel=\"noopener noreferrer\">Centrum J\u0119zyka i Kultury Polskiej dla Polonii i Cudzoziemc\u00f3w UMCS<\/a>&nbsp;<br><br><\/li>\n<li><strong>Universit\u00e9 Adam Mickiewicz de Pozna\u0144<\/strong> [Uniwersytet Adama Mickiewicza w Poznaniu]&nbsp;<strong><br><\/strong>&nbsp;<a href=\"http:\/\/amu.edu.pl\/\" target=\"_blank\" rel=\"noopener noreferrer\">http:\/\/amu.edu.pl\/<\/a>&nbsp;&nbsp;&nbsp;&nbsp; <br>\u2014 &nbsp;\u00c9cole de langue : <a href=\"http:\/\/schoolpl.amu.edu.pl\/\" target=\"_blank\" rel=\"noopener noreferrer\">Studium J\u0119zyka i Kultury Polskiej dla Cudzoziemc\u00f3w<\/a><br><br><\/li>\n<li><strong>Universit\u00e9 de Rzesz\u00f3w<\/strong> [Uniwersytet Rzeszowski]&nbsp;<a href=\"http:\/\/old.ur.edu.pl\/en\">http:\/\/www.univ.rzeszow.pl\/&nbsp;<\/a><br>\u2014&nbsp;<a href=\"http:\/\/www.ur.edu.pl\/uniwersytet\/jednostki\/jednostki-pozawydzialowe\/centrum-kultury-i-jezyka-polskiego-dla-polakow-z-zagranicy-i-cudzoziemcow-polonus\" target=\"_blank\" rel=\"noopener noreferrer\">Centrum Kultury i J\u0119zyka Polskiego&nbsp;dla Polak\u00f3w z Zagranicy i Cudzoziemc\u00f3w &#8222;Polonus&#8221;<\/a><br><br><\/li>\n<li><strong>Universit\u00e9 Nicolas Copernic de Toru\u0144<\/strong> [Uniwersytet Miko\u0142aja Kopernika w Toruniu]&nbsp;<strong><br><\/strong><a href=\"http:\/\/www.umk.pl\/\" target=\"_blank\" rel=\"noopener noreferrer\">http:\/\/www.umk.pl\/<\/a>&nbsp;<br>\u2014 <a href=\"https:\/\/www.umk.pl\/uczelnia\/dydaktyczne\/skjpo\/\" target=\"_blank\" rel=\"noopener noreferrer\">Studium Kultury i J\u0119zyka Polskiego dla Obcokrajowc\u00f3w&nbsp;<\/a> &nbsp;<br><br><\/li>\n<li><strong>Universit\u00e9 de Varsovie<\/strong> [Uniwersytet Warszawski]&nbsp;<a href=\"http:\/\/www.uw.edu.pl\/\" target=\"_blank\" rel=\"noopener noreferrer\">http:\/\/www.uw.edu.pl\/<\/a>&nbsp;&nbsp; <br>\u2014 \u00c9cole de langue : <a href=\"http:\/\/www.polonicum.uw.edu.pl\/\" target=\"_blank\" rel=\"noopener noreferrer\">Centrum J\u0119zyka Polskiego i Kultury Polskiej dla Cudzoziemc\u00f3w POLONICUM<\/a><br><br><\/li>\n<li><strong>Universit\u00e9 de Wroc\u0142aw<\/strong>&nbsp;[Uniwersytet Wroc\u0142awski] <a href=\"http:\/\/www.uni.wroc.pl\/\" target=\"_blank\" rel=\"noopener noreferrer\">http:\/\/www.uni.wroc.pl\/<\/a>&nbsp; <br>\u2014 &nbsp;\u00c9cole de langue : <a href=\"http:\/\/www.sjpik.uni.wroc.pl\/\" target=\"_blank\" rel=\"noopener noreferrer\">Szko\u0142a J\u0119zyka Polskiego i Kultury dla Cudzoziemc\u00f3w<\/a>&nbsp;<\/li>\n<\/ul>\n\n\n\n<p>Pour savoir plus \u00e0 propos des universit\u00e9s polonaises accueillant des \u00e9tudiants \u00e9trangers (tous domaines, toutes langues, toutes universit\u00e9s polonaises)\u00a0:<br \/>Programme &#8222;Study in Poland&#8221;\u00a0: <a href=\"http:\/\/www.studyinpoland.pl\/\" target=\"_blank\" rel=\"noopener noreferrer\">http:\/\/www.studyinpoland.pl\/<\/a>\u00a0<\/p>\n<p>Pour savoir plus sur la vie \u00e9tudiante\u00a0: <a href=\"http:\/\/www.studyfun.pl\/\">http:\/\/www.studyfun.pl\/<\/a>\u00a0<\/p>\n","protected":false},"excerpt":{"rendered":"<p>Vous trouverez ci-dessous une liste des universit\u00e9s polonaises, ainsi que les liens utiles vers leur programmes d&#8217;apprentissage de la langue polonaise : Universit\u00e9 Casimir le Grand de Bydgoszcz [Uniwersytet Kazimierza Wielkiego w Bydgoszczy]&nbsp;http:\/\/www.ukw.edu.pl\/&nbsp;\u2014 &nbsp;Centrum Nauczania J\u0119zyka Polskiego&nbsp;dla Obcokrajowc\u00f3w&nbsp; &nbsp; Universit\u00e9 Jagellonne de Cracovie [Uniwersytet Jagiello\u0144ski w Krakowie]&nbsp;http:\/\/www.uj.edu.pl\/&nbsp;\u2014 \u00c9cole de langue et de culture polonaises, Universit\u00e9 [&hellip;]<\/p>\n","protected":false},"author":1,"featured_media":806,"parent":796,"menu_order":0,"comment_status":"closed","ping_status":"closed","template":"","meta":{"inline_featured_image":false,"_monsterinsights_skip_tracking":false,"_monsterinsights_sitenote_active":false,"_monsterinsights_sitenote_note":"","_monsterinsights_sitenote_category":0,"footnotes":""},"class_list":["post-805","page","type-page","status-publish","has-post-thumbnail","hentry"],"yoast_head":"<!-- This site is optimized with the Yoast SEO plugin v24.6 - https:\/\/yoast.com\/wordpress\/plugins\/seo\/ -->\n<title>Universit\u00e9s polonaises - Instytut Polski w Brukseli<\/title>\n<meta name=\"robots\" content=\"index, follow, max-snippet:-1, max-image-preview:large, max-video-preview:-1\" \/>\n<link rel=\"canonical\" href=\"https:\/\/instytutpolski.pl\/brussels\/lenseignement-en-pologne\/universites-polonaises\/\" \/>\n<meta property=\"og:locale\" content=\"pl_PL\" \/>\n<meta property=\"og:type\" content=\"article\" \/>\n<meta property=\"og:title\" content=\"Universit\u00e9s polonaises - Instytut Polski w Brukseli\" \/>\n<meta property=\"og:description\" content=\"Vous trouverez ci-dessous une liste des universit\u00e9s polonaises, ainsi que les liens utiles vers leur programmes d&#8217;apprentissage de la langue polonaise : Universit\u00e9 Casimir le Grand de Bydgoszcz [Uniwersytet Kazimierza Wielkiego w Bydgoszczy]&nbsp;http:\/\/www.ukw.edu.pl\/&nbsp;\u2014 &nbsp;Centrum Nauczania J\u0119zyka Polskiego&nbsp;dla Obcokrajowc\u00f3w&nbsp; &nbsp; Universit\u00e9 Jagellonne de Cracovie [Uniwersytet Jagiello\u0144ski w Krakowie]&nbsp;http:\/\/www.uj.edu.pl\/&nbsp;\u2014 \u00c9cole de langue et de culture polonaises, Universit\u00e9 [&hellip;]\" \/>\n<meta property=\"og:url\" content=\"https:\/\/instytutpolski.pl\/brussels\/lenseignement-en-pologne\/universites-polonaises\/\" \/>\n<meta property=\"og:site_name\" content=\"Instytut Polski w Brukseli\" \/>\n<meta property=\"article:modified_time\" content=\"2020-09-08T12:53:52+00:00\" \/>\n<meta property=\"og:image\" content=\"https:\/\/instytutpolski.pl\/brussels\/wp-content\/uploads\/sites\/4\/2019\/06\/polskie-uczelnie.jpg\" \/>\n\t<meta property=\"og:image:width\" content=\"1920\" \/>\n\t<meta property=\"og:image:height\" content=\"700\" \/>\n\t<meta property=\"og:image:type\" content=\"image\/jpeg\" \/>\n<meta name=\"twitter:card\" content=\"summary_large_image\" \/>\n<meta name=\"twitter:label1\" content=\"Szacowany czas czytania\" \/>\n\t<meta name=\"twitter:data1\" content=\"2 minuty\" \/>\n<script type=\"application\/ld+json\" class=\"yoast-schema-graph\">{\"@context\":\"https:\/\/schema.org\",\"@graph\":[{\"@type\":\"WebPage\",\"@id\":\"https:\/\/instytutpolski.pl\/brussels\/lenseignement-en-pologne\/universites-polonaises\/\",\"url\":\"https:\/\/instytutpolski.pl\/brussels\/lenseignement-en-pologne\/universites-polonaises\/\",\"name\":\"Universit\u00e9s polonaises - Instytut Polski w Brukseli\",\"isPartOf\":{\"@id\":\"https:\/\/instytutpolski.pl\/brussels\/#website\"},\"primaryImageOfPage\":{\"@id\":\"https:\/\/instytutpolski.pl\/brussels\/lenseignement-en-pologne\/universites-polonaises\/#primaryimage\"},\"image\":{\"@id\":\"https:\/\/instytutpolski.pl\/brussels\/lenseignement-en-pologne\/universites-polonaises\/#primaryimage\"},\"thumbnailUrl\":\"https:\/\/instytutpolski.pl\/brussels\/wp-content\/uploads\/sites\/4\/2019\/06\/polskie-uczelnie.jpg\",\"datePublished\":\"2019-06-25T13:02:36+00:00\",\"dateModified\":\"2020-09-08T12:53:52+00:00\",\"breadcrumb\":{\"@id\":\"https:\/\/instytutpolski.pl\/brussels\/lenseignement-en-pologne\/universites-polonaises\/#breadcrumb\"},\"inLanguage\":\"pl-PL\",\"potentialAction\":[{\"@type\":\"ReadAction\",\"target\":[\"https:\/\/instytutpolski.pl\/brussels\/lenseignement-en-pologne\/universites-polonaises\/\"]}]},{\"@type\":\"ImageObject\",\"inLanguage\":\"pl-PL\",\"@id\":\"https:\/\/instytutpolski.pl\/brussels\/lenseignement-en-pologne\/universites-polonaises\/#primaryimage\",\"url\":\"https:\/\/instytutpolski.pl\/brussels\/wp-content\/uploads\/sites\/4\/2019\/06\/polskie-uczelnie.jpg\",\"contentUrl\":\"https:\/\/instytutpolski.pl\/brussels\/wp-content\/uploads\/sites\/4\/2019\/06\/polskie-uczelnie.jpg\",\"width\":1920,\"height\":700},{\"@type\":\"BreadcrumbList\",\"@id\":\"https:\/\/instytutpolski.pl\/brussels\/lenseignement-en-pologne\/universites-polonaises\/#breadcrumb\",\"itemListElement\":[{\"@type\":\"ListItem\",\"position\":1,\"name\":\"Home\",\"item\":\"https:\/\/instytutpolski.pl\/brussels\/\"},{\"@type\":\"ListItem\",\"position\":2,\"name\":\"L\u2019enseignement en Pologne\",\"item\":\"https:\/\/instytutpolski.pl\/brussels\/lenseignement-en-pologne\/\"},{\"@type\":\"ListItem\",\"position\":3,\"name\":\"Universit\u00e9s polonaises\"}]},{\"@type\":\"WebSite\",\"@id\":\"https:\/\/instytutpolski.pl\/brussels\/#website\",\"url\":\"https:\/\/instytutpolski.pl\/brussels\/\",\"name\":\"Instytut Polski w Brukseli\",\"description\":\"Instytuty Polskie\",\"potentialAction\":[{\"@type\":\"SearchAction\",\"target\":{\"@type\":\"EntryPoint\",\"urlTemplate\":\"https:\/\/instytutpolski.pl\/brussels\/?s={search_term_string}\"},\"query-input\":{\"@type\":\"PropertyValueSpecification\",\"valueRequired\":true,\"valueName\":\"search_term_string\"}}],\"inLanguage\":\"pl-PL\"}]}<\/script>\n<!-- \/ Yoast SEO plugin. -->","yoast_head_json":{"title":"Universit\u00e9s polonaises - Instytut Polski w Brukseli","robots":{"index":"index","follow":"follow","max-snippet":"max-snippet:-1","max-image-preview":"max-image-preview:large","max-video-preview":"max-video-preview:-1"},"canonical":"https:\/\/instytutpolski.pl\/brussels\/lenseignement-en-pologne\/universites-polonaises\/","og_locale":"pl_PL","og_type":"article","og_title":"Universit\u00e9s polonaises - Instytut Polski w Brukseli","og_description":"Vous trouverez ci-dessous une liste des universit\u00e9s polonaises, ainsi que les liens utiles vers leur programmes d&#8217;apprentissage de la langue polonaise : Universit\u00e9 Casimir le Grand de Bydgoszcz [Uniwersytet Kazimierza Wielkiego w Bydgoszczy]&nbsp;http:\/\/www.ukw.edu.pl\/&nbsp;\u2014 &nbsp;Centrum Nauczania J\u0119zyka Polskiego&nbsp;dla Obcokrajowc\u00f3w&nbsp; &nbsp; Universit\u00e9 Jagellonne de Cracovie [Uniwersytet Jagiello\u0144ski w Krakowie]&nbsp;http:\/\/www.uj.edu.pl\/&nbsp;\u2014 \u00c9cole de langue et de culture polonaises, Universit\u00e9 [&hellip;]","og_url":"https:\/\/instytutpolski.pl\/brussels\/lenseignement-en-pologne\/universites-polonaises\/","og_site_name":"Instytut Polski w Brukseli","article_modified_time":"2020-09-08T12:53:52+00:00","og_image":[{"width":1920,"height":700,"url":"https:\/\/instytutpolski.pl\/brussels\/wp-content\/uploads\/sites\/4\/2019\/06\/polskie-uczelnie.jpg","type":"image\/jpeg"}],"twitter_card":"summary_large_image","twitter_misc":{"Szacowany czas czytania":"2 minuty"},"schema":{"@context":"https:\/\/schema.org","@graph":[{"@type":"WebPage","@id":"https:\/\/instytutpolski.pl\/brussels\/lenseignement-en-pologne\/universites-polonaises\/","url":"https:\/\/instytutpolski.pl\/brussels\/lenseignement-en-pologne\/universites-polonaises\/","name":"Universit\u00e9s polonaises - Instytut Polski w Brukseli","isPartOf":{"@id":"https:\/\/instytutpolski.pl\/brussels\/#website"},"primaryImageOfPage":{"@id":"https:\/\/instytutpolski.pl\/brussels\/lenseignement-en-pologne\/universites-polonaises\/#primaryimage"},"image":{"@id":"https:\/\/instytutpolski.pl\/brussels\/lenseignement-en-pologne\/universites-polonaises\/#primaryimage"},"thumbnailUrl":"https:\/\/instytutpolski.pl\/brussels\/wp-content\/uploads\/sites\/4\/2019\/06\/polskie-uczelnie.jpg","datePublished":"2019-06-25T13:02:36+00:00","dateModified":"2020-09-08T12:53:52+00:00","breadcrumb":{"@id":"https:\/\/instytutpolski.pl\/brussels\/lenseignement-en-pologne\/universites-polonaises\/#breadcrumb"},"inLanguage":"pl-PL","potentialAction":[{"@type":"ReadAction","target":["https:\/\/instytutpolski.pl\/brussels\/lenseignement-en-pologne\/universites-polonaises\/"]}]},{"@type":"ImageObject","inLanguage":"pl-PL","@id":"https:\/\/instytutpolski.pl\/brussels\/lenseignement-en-pologne\/universites-polonaises\/#primaryimage","url":"https:\/\/instytutpolski.pl\/brussels\/wp-content\/uploads\/sites\/4\/2019\/06\/polskie-uczelnie.jpg","contentUrl":"https:\/\/instytutpolski.pl\/brussels\/wp-content\/uploads\/sites\/4\/2019\/06\/polskie-uczelnie.jpg","width":1920,"height":700},{"@type":"BreadcrumbList","@id":"https:\/\/instytutpolski.pl\/brussels\/lenseignement-en-pologne\/universites-polonaises\/#breadcrumb","itemListElement":[{"@type":"ListItem","position":1,"name":"Home","item":"https:\/\/instytutpolski.pl\/brussels\/"},{"@type":"ListItem","position":2,"name":"L\u2019enseignement en Pologne","item":"https:\/\/instytutpolski.pl\/brussels\/lenseignement-en-pologne\/"},{"@type":"ListItem","position":3,"name":"Universit\u00e9s polonaises"}]},{"@type":"WebSite","@id":"https:\/\/instytutpolski.pl\/brussels\/#website","url":"https:\/\/instytutpolski.pl\/brussels\/","name":"Instytut Polski w Brukseli","description":"Instytuty Polskie","potentialAction":[{"@type":"SearchAction","target":{"@type":"EntryPoint","urlTemplate":"https:\/\/instytutpolski.pl\/brussels\/?s={search_term_string}"},"query-input":{"@type":"PropertyValueSpecification","valueRequired":true,"valueName":"search_term_string"}}],"inLanguage":"pl-PL"}]}},"_links":{"self":[{"href":"https:\/\/instytutpolski.pl\/brussels\/wp-json\/wp\/v2\/pages\/805","targetHints":{"allow":["GET"]}}],"collection":[{"href":"https:\/\/instytutpolski.pl\/brussels\/wp-json\/wp\/v2\/pages"}],"about":[{"href":"https:\/\/instytutpolski.pl\/brussels\/wp-json\/wp\/v2\/types\/page"}],"author":[{"embeddable":true,"href":"https:\/\/instytutpolski.pl\/brussels\/wp-json\/wp\/v2\/users\/1"}],"replies":[{"embeddable":true,"href":"https:\/\/instytutpolski.pl\/brussels\/wp-json\/wp\/v2\/comments?post=805"}],"version-history":[{"count":17,"href":"https:\/\/instytutpolski.pl\/brussels\/wp-json\/wp\/v2\/pages\/805\/revisions"}],"predecessor-version":[{"id":5783,"href":"https:\/\/instytutpolski.pl\/brussels\/wp-json\/wp\/v2\/pages\/805\/revisions\/5783"}],"up":[{"embeddable":true,"href":"https:\/\/instytutpolski.pl\/brussels\/wp-json\/wp\/v2\/pages\/796"}],"wp:featuredmedia":[{"embeddable":true,"href":"https:\/\/instytutpolski.pl\/brussels\/wp-json\/wp\/v2\/media\/806"}],"wp:attachment":[{"href":"https:\/\/instytutpolski.pl\/brussels\/wp-json\/wp\/v2\/media?parent=805"}],"curies":[{"name":"wp","href":"https:\/\/api.w.org\/{rel}","templated":true}]}}