{"id":833,"date":"2019-06-25T15:09:07","date_gmt":"2019-06-25T13:09:07","guid":{"rendered":"https:\/\/instytutpolski.pl\/bruksela\/?page_id=833"},"modified":"2020-05-31T12:52:16","modified_gmt":"2020-05-31T10:52:16","slug":"etudier-en-pologne","status":"publish","type":"page","link":"https:\/\/instytutpolski.pl\/brussels\/lenseignement-en-pologne\/etudier-en-pologne\/","title":{"rendered":"\u00c9tudier en Pologne"},"content":{"rendered":"\n<p><span id=\"p1\">Pour savoir plus sur les possibilit\u00e9s d\u2019\u00e9tudier en Pologne nous vous invitons \u00e0 consulter la plateforme \u00ab&nbsp;<span id=\"9\">Ready<\/span>, <span id=\"10\">Study<\/span>, <span id=\"11\">Go!<\/span><\/span><span id=\"p2\"> <span id=\"13\" class=\"s-rg-t\">Poland<\/span>&nbsp;\u00bb lanc\u00e9e par le Minist\u00e8re de la Science et de l\u2019Enseignement Sup\u00e9rieur de la R\u00e9publique de Pologne en 2012 et dirig\u00e9e aujourd\u2019hui par <span id=\"14\" class=\"s-rg-t\">Narodowa<\/span> <span id=\"15\" class=\"s-rg-t\">Agencja<\/span> <span id=\"16\" class=\"s-rg-t\">Wymiany<\/span> <span id=\"17\" class=\"s-rg-t\">Akademickiej<\/span> <span id=\"p0\">(<span id=\"8\" class=\"s-rg-t\">NAWA<\/span>)<\/span>.<\/span><br><br><span id=\"p3\">Vous y trouverez toutes les informations \u00e0 propos de la Pologne en tant que destination d&#8217;\u00e9tudes et de recherche universitaire.<\/span><span id=\"p4\"> <\/span><br><br><span id=\"p5\">Si vous \u00eates \u00e0 la recherche des programmes d\u2019\u00e9tudes en langues \u00e9trang\u00e8res leur application \u201c<span id=\"20\">Studyfinder<\/span>\u201d regroupant plus de 800 programmes d\u2019\u00e9tude en anglais et plus de 5 000 programmes en polonais, vous sera \u00e9galement tr\u00e8s utile.<\/span><span id=\"p6\"> <\/span><br><br><span id=\"p7\">\u00c9galement, vous y trouverez les r\u00e9ponses \u00e0 toutes vos questions pratiques li\u00e9es \u00e0 votre arriv\u00e9e en Pologne.<\/span><\/p>\n<p>&nbsp;<\/p>\n\n\n\n<div class=\"wp-block-image\"><figure class=\"aligncenter size-large is-resized\"><a href=\"https:\/\/go-poland.pl\"><img loading=\"lazy\" decoding=\"async\" src=\"https:\/\/instytutpolski.pl\/brussels\/wp-content\/uploads\/sites\/4\/2020\/05\/logo_120_0.png\" alt=\"\" class=\"wp-image-4280\" width=\"120\" height=\"120\" \/><\/a><\/figure><\/div>\n\n\n","protected":false},"excerpt":{"rendered":"<p>Pour savoir plus sur les possibilit\u00e9s d\u2019\u00e9tudier en Pologne nous vous invitons \u00e0 consulter la plateforme \u00ab&nbsp;Ready, Study, Go! Poland&nbsp;\u00bb lanc\u00e9e par le Minist\u00e8re de la Science et de l\u2019Enseignement Sup\u00e9rieur de la R\u00e9publique de Pologne en 2012 et dirig\u00e9e aujourd\u2019hui par Narodowa Agencja Wymiany Akademickiej (NAWA). Vous y trouverez toutes les informations \u00e0 propos [&hellip;]<\/p>\n","protected":false},"author":1,"featured_media":834,"parent":796,"menu_order":0,"comment_status":"closed","ping_status":"closed","template":"","meta":{"inline_featured_image":false,"_monsterinsights_skip_tracking":false,"_monsterinsights_sitenote_active":false,"_monsterinsights_sitenote_note":"","_monsterinsights_sitenote_category":0,"footnotes":""},"class_list":["post-833","page","type-page","status-publish","has-post-thumbnail","hentry"],"yoast_head":"<!-- This site is optimized with the Yoast SEO plugin v24.6 - https:\/\/yoast.com\/wordpress\/plugins\/seo\/ -->\n<title>\u00c9tudier en Pologne - Instytut Polski w Brukseli<\/title>\n<meta name=\"robots\" content=\"index, follow, max-snippet:-1, max-image-preview:large, max-video-preview:-1\" \/>\n<link rel=\"canonical\" href=\"https:\/\/instytutpolski.pl\/brussels\/lenseignement-en-pologne\/etudier-en-pologne\/\" \/>\n<meta property=\"og:locale\" content=\"pl_PL\" \/>\n<meta property=\"og:type\" content=\"article\" \/>\n<meta property=\"og:title\" content=\"\u00c9tudier en Pologne - Instytut Polski w Brukseli\" \/>\n<meta property=\"og:description\" content=\"Pour savoir plus sur les possibilit\u00e9s d\u2019\u00e9tudier en Pologne nous vous invitons \u00e0 consulter la plateforme \u00ab&nbsp;Ready, Study, Go! Poland&nbsp;\u00bb lanc\u00e9e par le Minist\u00e8re de la Science et de l\u2019Enseignement Sup\u00e9rieur de la R\u00e9publique de Pologne en 2012 et dirig\u00e9e aujourd\u2019hui par Narodowa Agencja Wymiany Akademickiej (NAWA). Vous y trouverez toutes les informations \u00e0 propos [&hellip;]\" \/>\n<meta property=\"og:url\" content=\"https:\/\/instytutpolski.pl\/brussels\/lenseignement-en-pologne\/etudier-en-pologne\/\" \/>\n<meta property=\"og:site_name\" content=\"Instytut Polski w Brukseli\" \/>\n<meta property=\"article:modified_time\" content=\"2020-05-31T10:52:16+00:00\" \/>\n<meta property=\"og:image\" content=\"https:\/\/instytutpolski.pl\/brussels\/wp-content\/uploads\/sites\/4\/2019\/06\/studiuj-w-polsce-1.jpg\" \/>\n\t<meta property=\"og:image:width\" content=\"1920\" \/>\n\t<meta property=\"og:image:height\" content=\"700\" \/>\n\t<meta property=\"og:image:type\" content=\"image\/jpeg\" \/>\n<meta name=\"twitter:card\" content=\"summary_large_image\" \/>\n<meta name=\"twitter:label1\" content=\"Szacowany czas czytania\" \/>\n\t<meta name=\"twitter:data1\" content=\"1 minuta\" \/>\n<script type=\"application\/ld+json\" class=\"yoast-schema-graph\">{\"@context\":\"https:\/\/schema.org\",\"@graph\":[{\"@type\":\"WebPage\",\"@id\":\"https:\/\/instytutpolski.pl\/brussels\/lenseignement-en-pologne\/etudier-en-pologne\/\",\"url\":\"https:\/\/instytutpolski.pl\/brussels\/lenseignement-en-pologne\/etudier-en-pologne\/\",\"name\":\"\u00c9tudier en Pologne - Instytut Polski w Brukseli\",\"isPartOf\":{\"@id\":\"https:\/\/instytutpolski.pl\/brussels\/#website\"},\"primaryImageOfPage\":{\"@id\":\"https:\/\/instytutpolski.pl\/brussels\/lenseignement-en-pologne\/etudier-en-pologne\/#primaryimage\"},\"image\":{\"@id\":\"https:\/\/instytutpolski.pl\/brussels\/lenseignement-en-pologne\/etudier-en-pologne\/#primaryimage\"},\"thumbnailUrl\":\"https:\/\/instytutpolski.pl\/brussels\/wp-content\/uploads\/sites\/4\/2019\/06\/studiuj-w-polsce-1.jpg\",\"datePublished\":\"2019-06-25T13:09:07+00:00\",\"dateModified\":\"2020-05-31T10:52:16+00:00\",\"breadcrumb\":{\"@id\":\"https:\/\/instytutpolski.pl\/brussels\/lenseignement-en-pologne\/etudier-en-pologne\/#breadcrumb\"},\"inLanguage\":\"pl-PL\",\"potentialAction\":[{\"@type\":\"ReadAction\",\"target\":[\"https:\/\/instytutpolski.pl\/brussels\/lenseignement-en-pologne\/etudier-en-pologne\/\"]}]},{\"@type\":\"ImageObject\",\"inLanguage\":\"pl-PL\",\"@id\":\"https:\/\/instytutpolski.pl\/brussels\/lenseignement-en-pologne\/etudier-en-pologne\/#primaryimage\",\"url\":\"https:\/\/instytutpolski.pl\/brussels\/wp-content\/uploads\/sites\/4\/2019\/06\/studiuj-w-polsce-1.jpg\",\"contentUrl\":\"https:\/\/instytutpolski.pl\/brussels\/wp-content\/uploads\/sites\/4\/2019\/06\/studiuj-w-polsce-1.jpg\",\"width\":1920,\"height\":700},{\"@type\":\"BreadcrumbList\",\"@id\":\"https:\/\/instytutpolski.pl\/brussels\/lenseignement-en-pologne\/etudier-en-pologne\/#breadcrumb\",\"itemListElement\":[{\"@type\":\"ListItem\",\"position\":1,\"name\":\"Home\",\"item\":\"https:\/\/instytutpolski.pl\/brussels\/\"},{\"@type\":\"ListItem\",\"position\":2,\"name\":\"L\u2019enseignement en Pologne\",\"item\":\"https:\/\/instytutpolski.pl\/brussels\/lenseignement-en-pologne\/\"},{\"@type\":\"ListItem\",\"position\":3,\"name\":\"\u00c9tudier en Pologne\"}]},{\"@type\":\"WebSite\",\"@id\":\"https:\/\/instytutpolski.pl\/brussels\/#website\",\"url\":\"https:\/\/instytutpolski.pl\/brussels\/\",\"name\":\"Instytut Polski w Brukseli\",\"description\":\"Instytuty Polskie\",\"potentialAction\":[{\"@type\":\"SearchAction\",\"target\":{\"@type\":\"EntryPoint\",\"urlTemplate\":\"https:\/\/instytutpolski.pl\/brussels\/?s={search_term_string}\"},\"query-input\":{\"@type\":\"PropertyValueSpecification\",\"valueRequired\":true,\"valueName\":\"search_term_string\"}}],\"inLanguage\":\"pl-PL\"}]}<\/script>\n<!-- \/ Yoast SEO plugin. -->","yoast_head_json":{"title":"\u00c9tudier en Pologne - Instytut Polski w Brukseli","robots":{"index":"index","follow":"follow","max-snippet":"max-snippet:-1","max-image-preview":"max-image-preview:large","max-video-preview":"max-video-preview:-1"},"canonical":"https:\/\/instytutpolski.pl\/brussels\/lenseignement-en-pologne\/etudier-en-pologne\/","og_locale":"pl_PL","og_type":"article","og_title":"\u00c9tudier en Pologne - Instytut Polski w Brukseli","og_description":"Pour savoir plus sur les possibilit\u00e9s d\u2019\u00e9tudier en Pologne nous vous invitons \u00e0 consulter la plateforme \u00ab&nbsp;Ready, Study, Go! Poland&nbsp;\u00bb lanc\u00e9e par le Minist\u00e8re de la Science et de l\u2019Enseignement Sup\u00e9rieur de la R\u00e9publique de Pologne en 2012 et dirig\u00e9e aujourd\u2019hui par Narodowa Agencja Wymiany Akademickiej (NAWA). Vous y trouverez toutes les informations \u00e0 propos [&hellip;]","og_url":"https:\/\/instytutpolski.pl\/brussels\/lenseignement-en-pologne\/etudier-en-pologne\/","og_site_name":"Instytut Polski w Brukseli","article_modified_time":"2020-05-31T10:52:16+00:00","og_image":[{"width":1920,"height":700,"url":"https:\/\/instytutpolski.pl\/brussels\/wp-content\/uploads\/sites\/4\/2019\/06\/studiuj-w-polsce-1.jpg","type":"image\/jpeg"}],"twitter_card":"summary_large_image","twitter_misc":{"Szacowany czas czytania":"1 minuta"},"schema":{"@context":"https:\/\/schema.org","@graph":[{"@type":"WebPage","@id":"https:\/\/instytutpolski.pl\/brussels\/lenseignement-en-pologne\/etudier-en-pologne\/","url":"https:\/\/instytutpolski.pl\/brussels\/lenseignement-en-pologne\/etudier-en-pologne\/","name":"\u00c9tudier en Pologne - Instytut Polski w Brukseli","isPartOf":{"@id":"https:\/\/instytutpolski.pl\/brussels\/#website"},"primaryImageOfPage":{"@id":"https:\/\/instytutpolski.pl\/brussels\/lenseignement-en-pologne\/etudier-en-pologne\/#primaryimage"},"image":{"@id":"https:\/\/instytutpolski.pl\/brussels\/lenseignement-en-pologne\/etudier-en-pologne\/#primaryimage"},"thumbnailUrl":"https:\/\/instytutpolski.pl\/brussels\/wp-content\/uploads\/sites\/4\/2019\/06\/studiuj-w-polsce-1.jpg","datePublished":"2019-06-25T13:09:07+00:00","dateModified":"2020-05-31T10:52:16+00:00","breadcrumb":{"@id":"https:\/\/instytutpolski.pl\/brussels\/lenseignement-en-pologne\/etudier-en-pologne\/#breadcrumb"},"inLanguage":"pl-PL","potentialAction":[{"@type":"ReadAction","target":["https:\/\/instytutpolski.pl\/brussels\/lenseignement-en-pologne\/etudier-en-pologne\/"]}]},{"@type":"ImageObject","inLanguage":"pl-PL","@id":"https:\/\/instytutpolski.pl\/brussels\/lenseignement-en-pologne\/etudier-en-pologne\/#primaryimage","url":"https:\/\/instytutpolski.pl\/brussels\/wp-content\/uploads\/sites\/4\/2019\/06\/studiuj-w-polsce-1.jpg","contentUrl":"https:\/\/instytutpolski.pl\/brussels\/wp-content\/uploads\/sites\/4\/2019\/06\/studiuj-w-polsce-1.jpg","width":1920,"height":700},{"@type":"BreadcrumbList","@id":"https:\/\/instytutpolski.pl\/brussels\/lenseignement-en-pologne\/etudier-en-pologne\/#breadcrumb","itemListElement":[{"@type":"ListItem","position":1,"name":"Home","item":"https:\/\/instytutpolski.pl\/brussels\/"},{"@type":"ListItem","position":2,"name":"L\u2019enseignement en Pologne","item":"https:\/\/instytutpolski.pl\/brussels\/lenseignement-en-pologne\/"},{"@type":"ListItem","position":3,"name":"\u00c9tudier en Pologne"}]},{"@type":"WebSite","@id":"https:\/\/instytutpolski.pl\/brussels\/#website","url":"https:\/\/instytutpolski.pl\/brussels\/","name":"Instytut Polski w Brukseli","description":"Instytuty Polskie","potentialAction":[{"@type":"SearchAction","target":{"@type":"EntryPoint","urlTemplate":"https:\/\/instytutpolski.pl\/brussels\/?s={search_term_string}"},"query-input":{"@type":"PropertyValueSpecification","valueRequired":true,"valueName":"search_term_string"}}],"inLanguage":"pl-PL"}]}},"_links":{"self":[{"href":"https:\/\/instytutpolski.pl\/brussels\/wp-json\/wp\/v2\/pages\/833","targetHints":{"allow":["GET"]}}],"collection":[{"href":"https:\/\/instytutpolski.pl\/brussels\/wp-json\/wp\/v2\/pages"}],"about":[{"href":"https:\/\/instytutpolski.pl\/brussels\/wp-json\/wp\/v2\/types\/page"}],"author":[{"embeddable":true,"href":"https:\/\/instytutpolski.pl\/brussels\/wp-json\/wp\/v2\/users\/1"}],"replies":[{"embeddable":true,"href":"https:\/\/instytutpolski.pl\/brussels\/wp-json\/wp\/v2\/comments?post=833"}],"version-history":[{"count":6,"href":"https:\/\/instytutpolski.pl\/brussels\/wp-json\/wp\/v2\/pages\/833\/revisions"}],"predecessor-version":[{"id":4765,"href":"https:\/\/instytutpolski.pl\/brussels\/wp-json\/wp\/v2\/pages\/833\/revisions\/4765"}],"up":[{"embeddable":true,"href":"https:\/\/instytutpolski.pl\/brussels\/wp-json\/wp\/v2\/pages\/796"}],"wp:featuredmedia":[{"embeddable":true,"href":"https:\/\/instytutpolski.pl\/brussels\/wp-json\/wp\/v2\/media\/834"}],"wp:attachment":[{"href":"https:\/\/instytutpolski.pl\/brussels\/wp-json\/wp\/v2\/media?parent=833"}],"curies":[{"name":"wp","href":"https:\/\/api.w.org\/{rel}","templated":true}]}}