{"id":857,"date":"2019-06-25T15:12:35","date_gmt":"2019-06-25T13:12:35","guid":{"rendered":"https:\/\/instytutpolski.pl\/bruksela\/?page_id=857"},"modified":"2022-02-08T22:12:16","modified_gmt":"2022-02-08T21:12:16","slug":"autres-cours-de-polonais","status":"publish","type":"page","link":"https:\/\/instytutpolski.pl\/brussels\/autres-cours-de-polonais\/","title":{"rendered":"Autres cours de polonais"},"content":{"rendered":"\n<p>Actuellement, l&#8217;Institut Polonais n&#8217;organise pas de cours de polonais. Nous vous invitons \u00e0 consulter l&#8217;offre des \u00e9tablissements publics, priv\u00e9s et associations proposant les cours de langue de qualit\u00e9.<\/p>\n<ul>\n<li style=\"text-align: left\"><strong>Bruxelles<\/strong><\/li>\n<\/ul>\n<p>&gt;&gt; IHECS Academy \/ free-choice classes \/ <a href=\"https:\/\/www.ihecs-academy.be\/product\/polonais\/\" target=\"_blank\" rel=\"noopener noreferrer\">https:\/\/www.ihecs-academy.be\/formations\/polonais\/<\/a><br \/>&gt;&gt;\u00a0Berlitz (Av. Louise) \/ free-choice classes \/ <a href=\"http:\/\/www.berlitz.be\/\" target=\"_blank\" rel=\"noopener noreferrer\">http:\/\/www.berlitz.be\/<br \/><\/a>&gt;&gt;\u00a0Berlitz (Av. de Tervueren) \/ free-choice classes \/ <a href=\"http:\/\/www.berlitz.be\/\" target=\"_blank\" rel=\"noopener noreferrer\">http:\/\/www.berlitz.be\/<\/a><br \/>&gt;&gt;\u00a0CVO Meise-Jette \/ evening classes \/ <a href=\"https:\/\/www.cvomj.be\/nl\/talen\/cursussen-pools.php?taalniv=Breakthrough\" target=\"_blank\" rel=\"noopener noreferrer\">http:\/\/www.cvomj.be\/<\/a><a href=\"http:\/\/www.cvomj.be\/\" target=\"_blank\" rel=\"noopener noreferrer\"><br \/><\/a>&gt;&gt; Europa Language School Brussels \/\u00a0<a href=\"http:\/\/www.elsb.be\/polish-courses-brussels\/\" target=\"_blank\" rel=\"noopener noreferrer\">http:\/\/www.elsb.be\/polish-courses-brussels\/<\/a><br \/>&gt;&gt; GLTT Rhode-Saint-Gen\u00e8se \/ day and evening classes \/ <a href=\"http:\/\/www.gltt.be\/\" target=\"_blank\" rel=\"noopener noreferrer\">http:\/\/www.gltt.be<\/a> <br \/>&gt;&gt;\u00a0LC Language Centre \/ free-choice classes \/ <a href=\"http:\/\/www.lclanguagecentre.com\/\" target=\"_blank\" rel=\"noopener noreferrer\">http:\/\/www.lclanguagecentre.com\/<br \/><\/a>&gt;&gt;\u00a0Liren International Institute \/ free-choice classes \/ <a href=\"http:\/\/www.liren.be\/\" target=\"_blank\" rel=\"noopener noreferrer\">http:\/\/www.liren.be\/<\/a>\u00a0<\/p>\n<p>\u00a0<\/p>\n<ul>\n<li><strong>Wallonie<\/strong><\/li>\n<\/ul>\n<p><br \/><strong>Li\u00e8ge<\/strong><\/p>\n<p>&gt;&gt; Berlitz \/ free-choice classes \/ <a href=\"http:\/\/www.berlitz.be\/\" target=\"_blank\" rel=\"noopener noreferrer\">http:\/\/www.berlitz.be\/<\/a><br \/>&gt;&gt;\u00a0Forma Lingua \/ free-choice classes \/ <a href=\"http:\/\/www.formalingua.be\/\" target=\"_blank\" rel=\"noopener noreferrer\">http:\/\/www.formalingua.be\/<\/a><br \/><strong>Mons<br \/><\/strong>&gt;&gt;\u00a0Acad\u00e9mie des Langues \/ free-choice classes \/ <a href=\"http:\/\/acalangues.net\/index.php\" target=\"_blank\" rel=\"noopener noreferrer\">http:\/\/acalangues.net\/index.php<\/a><strong><br \/><\/strong><strong>Waterloo<\/strong><br \/>&gt;&gt;\u00a0Berlitz \/ free-choice classes \/ <a href=\"http:\/\/www.berlitz.be\/\" target=\"_blank\" rel=\"noopener noreferrer\">http:\/\/www.berlitz.be\/<\/a><\/p>\n<p>\u00a0<\/p>\n<ul>\n<li><strong>Flandres<\/strong><\/li>\n<\/ul>\n<p><strong>Aarschot<\/strong> <br \/>&gt;&gt;\u00a0CVO Hageland \/ free-choice classes \/ <a href=\"http:\/\/cvohageland.sjca.be\/\" target=\"_blank\" rel=\"noopener noreferrer\">http:\/\/cvohageland.sjca.be\/<\/a> <br \/><strong>Antwerp<\/strong> <br \/>&gt;&gt;\u00a0Berlitz \/ free-choice classes \/ <a href=\"http:\/\/www.berlitz.be\/\" target=\"_blank\" rel=\"noopener noreferrer\">http:\/\/www.berlitz.be\/<\/a> <br \/>&gt;&gt; SCVO-Talen \/ dag- en avondonderwijs \/<strong>\u00a0<a href=\"https:\/\/www.stedelijkonderwijs.be\/encora\/opleiding\/pools-1\" target=\"_blank\" rel=\"noopener noreferrer\">http:\/\/www.scvo-talen.be\/<\/a>\u00a0<br \/>Bruges<\/strong><br \/>&gt;&gt;\u00a0IVO Sint-Michiels \/ evening classes \/ <a href=\"http:\/\/www.ivobrugge.be\/\" target=\"_blank\" rel=\"noopener noreferrer\">http:\/\/www.ivobrugge.be\/<\/a> <br \/><strong>Dendermonde<\/strong> <br \/>&gt;&gt;\u00a0CVO Leerstad \/ evening classes \/ <a href=\"https:\/\/leerstad.be\/index.php\/15-cursusaanbod\/talen\/189-pools\" target=\"_blank\" rel=\"noopener noreferrer\">http:\/\/leerstaad.be\/<\/a><br \/><strong>Geel<\/strong> <br \/>&gt;&gt;\u00a0CVO H.I.Kempen \/ evening classes \/ <a href=\"http:\/\/www.hik.be\/\" target=\"_blank\" rel=\"noopener noreferrer\">http:\/\/www.hik.be\/<\/a> <br \/><strong>Ghent<\/strong> <br \/>&gt;&gt;\u00a0Berlitz \/ free-choice classes \/ <a href=\"http:\/\/www.berlitz.be\/\" target=\"_blank\" rel=\"noopener noreferrer\">http:\/\/www.berlitz.be\/<\/a> <br \/>&gt;&gt;\u00a0Het perspectief \/ evening classes \/ <a href=\"https:\/\/hetperspectief.net\/pools\" target=\"_blank\" rel=\"noopener noreferrer\">http:\/\/www.hetperspectief.net\/<\/a> <br \/><strong>Hasselt<\/strong> <br \/>&gt;&gt;\u00a0PCVO Moderne Talen Hasselt \/ evening classes \/ <a href=\"http:\/\/www.modernetalen.be\/\" target=\"_blank\" rel=\"noopener noreferrer\">http:\/\/www.modernetalen.be\/<\/a> <br \/><strong>Herentals<\/strong> <br \/>&gt;&gt;\u00a0DTL \/ evening classes \/ <a href=\"https:\/\/www.dtl.be\/\" target=\"_blank\" rel=\"noopener noreferrer\">https:\/\/www.dtl.be<\/a> <br \/><strong>Leuven <\/strong><br \/>&gt;&gt;\u00a0Centrum voor levende talen \/ evening classes \/ <a href=\"https:\/\/www.clt.be\/CLTSite2016\/index.php?mi=23&amp;si=128&amp;tlid=14\" target=\"_blank\" rel=\"noopener noreferrer\">http:\/\/www.clt.be\/<\/a> <br \/>&gt;&gt; Polish School \/ Polish for non-native speakers \/ <a href=\"http:\/\/polskaszkolaleuven.eu\/pools-voor-anderstaligen\/\" target=\"_blank\" rel=\"noopener noreferrer\">http:\/\/polskaszkolaleuven.eu<\/a><br \/><strong>Maasmechelen\u00a0<br \/><\/strong>&gt;&gt; Qrios Campus De Helix \/ avondonderwijs \/\u00a0<a href=\"https:\/\/www.qrios.be\/\">https:\/\/www.qrios.be\/<\/a><strong><br \/>Mechelen<\/strong> <br \/>&gt;&gt;\u00a0CVO Crescendo \/ evening classes \/\u00a0<a href=\"http:\/\/www.cvo-crescendo.be\/\" target=\"_blank\" rel=\"noopener noreferrer\">www.cvo-crescendo.be<\/a> <br \/><strong>Meise<\/strong> <br \/>&gt;&gt;\u00a0CVO Meise-Jette \/ evening classes \/ <a href=\"http:\/\/www.cvomj.be\/\" target=\"_blank\" rel=\"noopener noreferrer\">http:\/\/www.cvomj.be\/<\/a> <br \/><strong>Sint-Genesius-Rode <\/strong><br \/>&gt;&gt;\u00a0GLTT \/ day and evening classes \/ <a href=\"https:\/\/www.gltt.be\/en\/courses\/language-courses\/polish\" target=\"_blank\" rel=\"noopener noreferrer\">http:\/\/www.gltt.be<\/a> <br \/><strong>Tienen<\/strong> <br \/>&gt;&gt;\u00a0Berlitz \/ free-choice classes \/ <a href=\"http:\/\/www.berlitz.be\/\" target=\"_blank\" rel=\"noopener noreferrer\">http:\/\/www.berlitz.be\/<\/a> <br \/><strong>Turnhout<\/strong> <br \/>&gt;&gt;\u00a0CVO Turnhout \/ evening classes \/ <a href=\"http:\/\/www.cvotaxandria.be\/pools\/page\/path\" target=\"_blank\" rel=\"noopener noreferrer\">http:\/\/www.cvotaxandria.be\/<\/a>\u00a0<br \/><strong>Zelzate<\/strong> <br \/>&gt;&gt;\u00a0CVO ISBO \/ evening classes \/ <a href=\"http:\/\/www.isbo.be\/opleidingen\/talen\/pools\/\" target=\"_blank\" rel=\"noopener noreferrer\">http:\/\/www.isbo.be\/<\/a><\/p>\n<p>\u00a0<\/p>\n","protected":false},"excerpt":{"rendered":"<p>Actuellement, l&#8217;Institut Polonais n&#8217;organise pas de cours de polonais. Nous vous invitons \u00e0 consulter l&#8217;offre des \u00e9tablissements publics, priv\u00e9s et associations proposant les cours de langue de qualit\u00e9. Bruxelles &gt;&gt; IHECS Academy \/ free-choice classes \/ https:\/\/www.ihecs-academy.be\/formations\/polonais\/&gt;&gt;\u00a0Berlitz (Av. Louise) \/ free-choice classes \/ http:\/\/www.berlitz.be\/&gt;&gt;\u00a0Berlitz (Av. de Tervueren) \/ free-choice classes \/ http:\/\/www.berlitz.be\/&gt;&gt;\u00a0CVO Meise-Jette \/ evening [&hellip;]<\/p>\n","protected":false},"author":1,"featured_media":842,"parent":0,"menu_order":0,"comment_status":"closed","ping_status":"closed","template":"","meta":{"inline_featured_image":false,"_monsterinsights_skip_tracking":false,"_monsterinsights_sitenote_active":false,"_monsterinsights_sitenote_note":"","_monsterinsights_sitenote_category":0,"footnotes":""},"class_list":["post-857","page","type-page","status-publish","has-post-thumbnail","hentry"],"yoast_head":"<!-- This site is optimized with the Yoast SEO plugin v24.6 - https:\/\/yoast.com\/wordpress\/plugins\/seo\/ -->\n<title>Autres cours de polonais - Instytut Polski w Brukseli<\/title>\n<meta name=\"robots\" content=\"index, follow, max-snippet:-1, max-image-preview:large, max-video-preview:-1\" \/>\n<link rel=\"canonical\" href=\"https:\/\/instytutpolski.pl\/brussels\/autres-cours-de-polonais\/\" \/>\n<meta property=\"og:locale\" content=\"pl_PL\" \/>\n<meta property=\"og:type\" content=\"article\" \/>\n<meta property=\"og:title\" content=\"Autres cours de polonais - Instytut Polski w Brukseli\" \/>\n<meta property=\"og:description\" content=\"Actuellement, l&#8217;Institut Polonais n&#8217;organise pas de cours de polonais. Nous vous invitons \u00e0 consulter l&#8217;offre des \u00e9tablissements publics, priv\u00e9s et associations proposant les cours de langue de qualit\u00e9. Bruxelles &gt;&gt; IHECS Academy \/ free-choice classes \/ https:\/\/www.ihecs-academy.be\/formations\/polonais\/&gt;&gt;\u00a0Berlitz (Av. Louise) \/ free-choice classes \/ http:\/\/www.berlitz.be\/&gt;&gt;\u00a0Berlitz (Av. de Tervueren) \/ free-choice classes \/ http:\/\/www.berlitz.be\/&gt;&gt;\u00a0CVO Meise-Jette \/ evening [&hellip;]\" \/>\n<meta property=\"og:url\" content=\"https:\/\/instytutpolski.pl\/brussels\/autres-cours-de-polonais\/\" \/>\n<meta property=\"og:site_name\" content=\"Instytut Polski w Brukseli\" \/>\n<meta property=\"article:modified_time\" content=\"2022-02-08T21:12:16+00:00\" \/>\n<meta property=\"og:image\" content=\"https:\/\/instytutpolski.pl\/brussels\/wp-content\/uploads\/sites\/4\/2019\/06\/jezyk-polski.jpg\" \/>\n\t<meta property=\"og:image:width\" content=\"1920\" \/>\n\t<meta property=\"og:image:height\" content=\"700\" \/>\n\t<meta property=\"og:image:type\" content=\"image\/jpeg\" \/>\n<meta name=\"twitter:card\" content=\"summary_large_image\" \/>\n<meta name=\"twitter:label1\" content=\"Szacowany czas czytania\" \/>\n\t<meta name=\"twitter:data1\" content=\"2 minuty\" \/>\n<script type=\"application\/ld+json\" class=\"yoast-schema-graph\">{\"@context\":\"https:\/\/schema.org\",\"@graph\":[{\"@type\":\"WebPage\",\"@id\":\"https:\/\/instytutpolski.pl\/brussels\/autres-cours-de-polonais\/\",\"url\":\"https:\/\/instytutpolski.pl\/brussels\/autres-cours-de-polonais\/\",\"name\":\"Autres cours de polonais - Instytut Polski w Brukseli\",\"isPartOf\":{\"@id\":\"https:\/\/instytutpolski.pl\/brussels\/#website\"},\"primaryImageOfPage\":{\"@id\":\"https:\/\/instytutpolski.pl\/brussels\/autres-cours-de-polonais\/#primaryimage\"},\"image\":{\"@id\":\"https:\/\/instytutpolski.pl\/brussels\/autres-cours-de-polonais\/#primaryimage\"},\"thumbnailUrl\":\"https:\/\/instytutpolski.pl\/brussels\/wp-content\/uploads\/sites\/4\/2019\/06\/jezyk-polski.jpg\",\"datePublished\":\"2019-06-25T13:12:35+00:00\",\"dateModified\":\"2022-02-08T21:12:16+00:00\",\"breadcrumb\":{\"@id\":\"https:\/\/instytutpolski.pl\/brussels\/autres-cours-de-polonais\/#breadcrumb\"},\"inLanguage\":\"pl-PL\",\"potentialAction\":[{\"@type\":\"ReadAction\",\"target\":[\"https:\/\/instytutpolski.pl\/brussels\/autres-cours-de-polonais\/\"]}]},{\"@type\":\"ImageObject\",\"inLanguage\":\"pl-PL\",\"@id\":\"https:\/\/instytutpolski.pl\/brussels\/autres-cours-de-polonais\/#primaryimage\",\"url\":\"https:\/\/instytutpolski.pl\/brussels\/wp-content\/uploads\/sites\/4\/2019\/06\/jezyk-polski.jpg\",\"contentUrl\":\"https:\/\/instytutpolski.pl\/brussels\/wp-content\/uploads\/sites\/4\/2019\/06\/jezyk-polski.jpg\",\"width\":1920,\"height\":700},{\"@type\":\"BreadcrumbList\",\"@id\":\"https:\/\/instytutpolski.pl\/brussels\/autres-cours-de-polonais\/#breadcrumb\",\"itemListElement\":[{\"@type\":\"ListItem\",\"position\":1,\"name\":\"Home\",\"item\":\"https:\/\/instytutpolski.pl\/brussels\/\"},{\"@type\":\"ListItem\",\"position\":2,\"name\":\"Autres cours de polonais\"}]},{\"@type\":\"WebSite\",\"@id\":\"https:\/\/instytutpolski.pl\/brussels\/#website\",\"url\":\"https:\/\/instytutpolski.pl\/brussels\/\",\"name\":\"Instytut Polski w Brukseli\",\"description\":\"Instytuty Polskie\",\"potentialAction\":[{\"@type\":\"SearchAction\",\"target\":{\"@type\":\"EntryPoint\",\"urlTemplate\":\"https:\/\/instytutpolski.pl\/brussels\/?s={search_term_string}\"},\"query-input\":{\"@type\":\"PropertyValueSpecification\",\"valueRequired\":true,\"valueName\":\"search_term_string\"}}],\"inLanguage\":\"pl-PL\"}]}<\/script>\n<!-- \/ Yoast SEO plugin. -->","yoast_head_json":{"title":"Autres cours de polonais - Instytut Polski w Brukseli","robots":{"index":"index","follow":"follow","max-snippet":"max-snippet:-1","max-image-preview":"max-image-preview:large","max-video-preview":"max-video-preview:-1"},"canonical":"https:\/\/instytutpolski.pl\/brussels\/autres-cours-de-polonais\/","og_locale":"pl_PL","og_type":"article","og_title":"Autres cours de polonais - Instytut Polski w Brukseli","og_description":"Actuellement, l&#8217;Institut Polonais n&#8217;organise pas de cours de polonais. Nous vous invitons \u00e0 consulter l&#8217;offre des \u00e9tablissements publics, priv\u00e9s et associations proposant les cours de langue de qualit\u00e9. Bruxelles &gt;&gt; IHECS Academy \/ free-choice classes \/ https:\/\/www.ihecs-academy.be\/formations\/polonais\/&gt;&gt;\u00a0Berlitz (Av. Louise) \/ free-choice classes \/ http:\/\/www.berlitz.be\/&gt;&gt;\u00a0Berlitz (Av. de Tervueren) \/ free-choice classes \/ http:\/\/www.berlitz.be\/&gt;&gt;\u00a0CVO Meise-Jette \/ evening [&hellip;]","og_url":"https:\/\/instytutpolski.pl\/brussels\/autres-cours-de-polonais\/","og_site_name":"Instytut Polski w Brukseli","article_modified_time":"2022-02-08T21:12:16+00:00","og_image":[{"width":1920,"height":700,"url":"https:\/\/instytutpolski.pl\/brussels\/wp-content\/uploads\/sites\/4\/2019\/06\/jezyk-polski.jpg","type":"image\/jpeg"}],"twitter_card":"summary_large_image","twitter_misc":{"Szacowany czas czytania":"2 minuty"},"schema":{"@context":"https:\/\/schema.org","@graph":[{"@type":"WebPage","@id":"https:\/\/instytutpolski.pl\/brussels\/autres-cours-de-polonais\/","url":"https:\/\/instytutpolski.pl\/brussels\/autres-cours-de-polonais\/","name":"Autres cours de polonais - Instytut Polski w Brukseli","isPartOf":{"@id":"https:\/\/instytutpolski.pl\/brussels\/#website"},"primaryImageOfPage":{"@id":"https:\/\/instytutpolski.pl\/brussels\/autres-cours-de-polonais\/#primaryimage"},"image":{"@id":"https:\/\/instytutpolski.pl\/brussels\/autres-cours-de-polonais\/#primaryimage"},"thumbnailUrl":"https:\/\/instytutpolski.pl\/brussels\/wp-content\/uploads\/sites\/4\/2019\/06\/jezyk-polski.jpg","datePublished":"2019-06-25T13:12:35+00:00","dateModified":"2022-02-08T21:12:16+00:00","breadcrumb":{"@id":"https:\/\/instytutpolski.pl\/brussels\/autres-cours-de-polonais\/#breadcrumb"},"inLanguage":"pl-PL","potentialAction":[{"@type":"ReadAction","target":["https:\/\/instytutpolski.pl\/brussels\/autres-cours-de-polonais\/"]}]},{"@type":"ImageObject","inLanguage":"pl-PL","@id":"https:\/\/instytutpolski.pl\/brussels\/autres-cours-de-polonais\/#primaryimage","url":"https:\/\/instytutpolski.pl\/brussels\/wp-content\/uploads\/sites\/4\/2019\/06\/jezyk-polski.jpg","contentUrl":"https:\/\/instytutpolski.pl\/brussels\/wp-content\/uploads\/sites\/4\/2019\/06\/jezyk-polski.jpg","width":1920,"height":700},{"@type":"BreadcrumbList","@id":"https:\/\/instytutpolski.pl\/brussels\/autres-cours-de-polonais\/#breadcrumb","itemListElement":[{"@type":"ListItem","position":1,"name":"Home","item":"https:\/\/instytutpolski.pl\/brussels\/"},{"@type":"ListItem","position":2,"name":"Autres cours de polonais"}]},{"@type":"WebSite","@id":"https:\/\/instytutpolski.pl\/brussels\/#website","url":"https:\/\/instytutpolski.pl\/brussels\/","name":"Instytut Polski w Brukseli","description":"Instytuty Polskie","potentialAction":[{"@type":"SearchAction","target":{"@type":"EntryPoint","urlTemplate":"https:\/\/instytutpolski.pl\/brussels\/?s={search_term_string}"},"query-input":{"@type":"PropertyValueSpecification","valueRequired":true,"valueName":"search_term_string"}}],"inLanguage":"pl-PL"}]}},"_links":{"self":[{"href":"https:\/\/instytutpolski.pl\/brussels\/wp-json\/wp\/v2\/pages\/857","targetHints":{"allow":["GET"]}}],"collection":[{"href":"https:\/\/instytutpolski.pl\/brussels\/wp-json\/wp\/v2\/pages"}],"about":[{"href":"https:\/\/instytutpolski.pl\/brussels\/wp-json\/wp\/v2\/types\/page"}],"author":[{"embeddable":true,"href":"https:\/\/instytutpolski.pl\/brussels\/wp-json\/wp\/v2\/users\/1"}],"replies":[{"embeddable":true,"href":"https:\/\/instytutpolski.pl\/brussels\/wp-json\/wp\/v2\/comments?post=857"}],"version-history":[{"count":7,"href":"https:\/\/instytutpolski.pl\/brussels\/wp-json\/wp\/v2\/pages\/857\/revisions"}],"predecessor-version":[{"id":8182,"href":"https:\/\/instytutpolski.pl\/brussels\/wp-json\/wp\/v2\/pages\/857\/revisions\/8182"}],"wp:featuredmedia":[{"embeddable":true,"href":"https:\/\/instytutpolski.pl\/brussels\/wp-json\/wp\/v2\/media\/842"}],"wp:attachment":[{"href":"https:\/\/instytutpolski.pl\/brussels\/wp-json\/wp\/v2\/media?parent=857"}],"curies":[{"name":"wp","href":"https:\/\/api.w.org\/{rel}","templated":true}]}}