{"id":888,"date":"2019-06-25T15:17:37","date_gmt":"2019-06-25T13:17:37","guid":{"rendered":"https:\/\/instytutpolski.pl\/bruksela\/?page_id=888"},"modified":"2025-08-13T09:54:55","modified_gmt":"2025-08-13T07:54:55","slug":"cours-et-materiels-en-ligne","status":"publish","type":"page","link":"https:\/\/instytutpolski.pl\/brussels\/cours-et-materiels-en-ligne\/","title":{"rendered":"Cours et mat\u00e9riels en ligne"},"content":{"rendered":"\n<p><strong>Apprenez le polonais avec Ania! <\/strong><\/p>\n<p>Vous avez peur de la grammaire polonaise? Plus maintenant!<\/p>\n<p>Faites la rencontre de la professeure Anna Rabczuk du Centre Polonicum de langue et de culture polonaises pour \u00e9trangers \u00e0 l&#8217;Universit\u00e9 de Varsovie et essayez d&#8217;am\u00e9liorer votre polonais avec son cours de grammaire <a href=\"https:\/\/www.youtube.com\/channel\/UCOJ8InFS6bdCVzsZKIdmK4w\">en ligne<\/a>.\u00a0 \u00a0 \u00a0 \u00a0 \u00a0 \u00a0<\/p>\n<p>Nous promettons que cette fois la grammaire polonaise ne vous mordra pas!<\/p>\n<p>\u00a0<\/p>\n<p><strong>Let&#8217;s Speak Polish:<\/strong> <a href=\"https:\/\/speakpolish.edu.pl\/en\/online-polish-lessons\">https:\/\/speakpolish.edu.pl\/en\/online-polish-lessons<\/a><\/p>\n<p><strong>Polonais Facile: <\/strong><a href=\"https:\/\/www.polonais-facile.fr\">https:\/\/www.polonais-facile.fr<\/a><\/p>\n<p><strong>PROLOG Publishing<\/strong> \u2013 les livres les plus populaires pour apprendre le polonais:\u00a0<a href=\"http:\/\/www.prologpublishing.com\/\">www.prologpublishing.com<\/a>\u00a0 \u00a0<\/p>\n<p><strong>VARIA:<\/strong> <a href=\"https:\/\/varia-course.com\/courses-online\/\">https:\/\/varia-course.com\/courses-online\/<\/a>\u00a0\u00a0 \u00a0\u00a0<\/p>\n<p>\u00a0 \u00a0 \u00a0 \u00a0<\/p>\n","protected":false},"excerpt":{"rendered":"<p>Apprenez le polonais avec Ania! Vous avez peur de la grammaire polonaise? Plus maintenant! Faites la rencontre de la professeure Anna Rabczuk du Centre Polonicum de langue et de culture polonaises pour \u00e9trangers \u00e0 l&#8217;Universit\u00e9 de Varsovie et essayez d&#8217;am\u00e9liorer votre polonais avec son cours de grammaire en ligne.\u00a0 \u00a0 \u00a0 \u00a0 \u00a0 \u00a0 Nous [&hellip;]<\/p>\n","protected":false},"author":1,"featured_media":0,"parent":0,"menu_order":0,"comment_status":"closed","ping_status":"closed","template":"","meta":{"inline_featured_image":false,"_monsterinsights_skip_tracking":false,"_monsterinsights_sitenote_active":false,"_monsterinsights_sitenote_note":"","_monsterinsights_sitenote_category":0,"footnotes":""},"class_list":["post-888","page","type-page","status-publish","hentry"],"yoast_head":"<!-- This site is optimized with the Yoast SEO plugin v24.6 - https:\/\/yoast.com\/wordpress\/plugins\/seo\/ -->\n<title>Cours et mat\u00e9riels en ligne - Instytut Polski w Brukseli<\/title>\n<meta name=\"robots\" content=\"index, follow, max-snippet:-1, max-image-preview:large, max-video-preview:-1\" \/>\n<link rel=\"canonical\" href=\"https:\/\/instytutpolski.pl\/brussels\/cours-et-materiels-en-ligne\/\" \/>\n<meta property=\"og:locale\" content=\"pl_PL\" \/>\n<meta property=\"og:type\" content=\"article\" \/>\n<meta property=\"og:title\" content=\"Cours et mat\u00e9riels en ligne - Instytut Polski w Brukseli\" \/>\n<meta property=\"og:description\" content=\"Apprenez le polonais avec Ania! Vous avez peur de la grammaire polonaise? Plus maintenant! Faites la rencontre de la professeure Anna Rabczuk du Centre Polonicum de langue et de culture polonaises pour \u00e9trangers \u00e0 l&#8217;Universit\u00e9 de Varsovie et essayez d&#8217;am\u00e9liorer votre polonais avec son cours de grammaire en ligne.\u00a0 \u00a0 \u00a0 \u00a0 \u00a0 \u00a0 Nous [&hellip;]\" \/>\n<meta property=\"og:url\" content=\"https:\/\/instytutpolski.pl\/brussels\/cours-et-materiels-en-ligne\/\" \/>\n<meta property=\"og:site_name\" content=\"Instytut Polski w Brukseli\" \/>\n<meta property=\"article:modified_time\" content=\"2025-08-13T07:54:55+00:00\" \/>\n<meta name=\"twitter:card\" content=\"summary_large_image\" \/>\n<meta name=\"twitter:label1\" content=\"Szacowany czas czytania\" \/>\n\t<meta name=\"twitter:data1\" content=\"1 minuta\" \/>\n<script type=\"application\/ld+json\" class=\"yoast-schema-graph\">{\"@context\":\"https:\/\/schema.org\",\"@graph\":[{\"@type\":\"WebPage\",\"@id\":\"https:\/\/instytutpolski.pl\/brussels\/cours-et-materiels-en-ligne\/\",\"url\":\"https:\/\/instytutpolski.pl\/brussels\/cours-et-materiels-en-ligne\/\",\"name\":\"Cours et mat\u00e9riels en ligne - Instytut Polski w Brukseli\",\"isPartOf\":{\"@id\":\"https:\/\/instytutpolski.pl\/brussels\/#website\"},\"datePublished\":\"2019-06-25T13:17:37+00:00\",\"dateModified\":\"2025-08-13T07:54:55+00:00\",\"breadcrumb\":{\"@id\":\"https:\/\/instytutpolski.pl\/brussels\/cours-et-materiels-en-ligne\/#breadcrumb\"},\"inLanguage\":\"pl-PL\",\"potentialAction\":[{\"@type\":\"ReadAction\",\"target\":[\"https:\/\/instytutpolski.pl\/brussels\/cours-et-materiels-en-ligne\/\"]}]},{\"@type\":\"BreadcrumbList\",\"@id\":\"https:\/\/instytutpolski.pl\/brussels\/cours-et-materiels-en-ligne\/#breadcrumb\",\"itemListElement\":[{\"@type\":\"ListItem\",\"position\":1,\"name\":\"Home\",\"item\":\"https:\/\/instytutpolski.pl\/brussels\/\"},{\"@type\":\"ListItem\",\"position\":2,\"name\":\"Cours et mat\u00e9riels en ligne\"}]},{\"@type\":\"WebSite\",\"@id\":\"https:\/\/instytutpolski.pl\/brussels\/#website\",\"url\":\"https:\/\/instytutpolski.pl\/brussels\/\",\"name\":\"Instytut Polski w Brukseli\",\"description\":\"Instytuty Polskie\",\"potentialAction\":[{\"@type\":\"SearchAction\",\"target\":{\"@type\":\"EntryPoint\",\"urlTemplate\":\"https:\/\/instytutpolski.pl\/brussels\/?s={search_term_string}\"},\"query-input\":{\"@type\":\"PropertyValueSpecification\",\"valueRequired\":true,\"valueName\":\"search_term_string\"}}],\"inLanguage\":\"pl-PL\"}]}<\/script>\n<!-- \/ Yoast SEO plugin. -->","yoast_head_json":{"title":"Cours et mat\u00e9riels en ligne - Instytut Polski w Brukseli","robots":{"index":"index","follow":"follow","max-snippet":"max-snippet:-1","max-image-preview":"max-image-preview:large","max-video-preview":"max-video-preview:-1"},"canonical":"https:\/\/instytutpolski.pl\/brussels\/cours-et-materiels-en-ligne\/","og_locale":"pl_PL","og_type":"article","og_title":"Cours et mat\u00e9riels en ligne - Instytut Polski w Brukseli","og_description":"Apprenez le polonais avec Ania! Vous avez peur de la grammaire polonaise? Plus maintenant! Faites la rencontre de la professeure Anna Rabczuk du Centre Polonicum de langue et de culture polonaises pour \u00e9trangers \u00e0 l&#8217;Universit\u00e9 de Varsovie et essayez d&#8217;am\u00e9liorer votre polonais avec son cours de grammaire en ligne.\u00a0 \u00a0 \u00a0 \u00a0 \u00a0 \u00a0 Nous [&hellip;]","og_url":"https:\/\/instytutpolski.pl\/brussels\/cours-et-materiels-en-ligne\/","og_site_name":"Instytut Polski w Brukseli","article_modified_time":"2025-08-13T07:54:55+00:00","twitter_card":"summary_large_image","twitter_misc":{"Szacowany czas czytania":"1 minuta"},"schema":{"@context":"https:\/\/schema.org","@graph":[{"@type":"WebPage","@id":"https:\/\/instytutpolski.pl\/brussels\/cours-et-materiels-en-ligne\/","url":"https:\/\/instytutpolski.pl\/brussels\/cours-et-materiels-en-ligne\/","name":"Cours et mat\u00e9riels en ligne - Instytut Polski w Brukseli","isPartOf":{"@id":"https:\/\/instytutpolski.pl\/brussels\/#website"},"datePublished":"2019-06-25T13:17:37+00:00","dateModified":"2025-08-13T07:54:55+00:00","breadcrumb":{"@id":"https:\/\/instytutpolski.pl\/brussels\/cours-et-materiels-en-ligne\/#breadcrumb"},"inLanguage":"pl-PL","potentialAction":[{"@type":"ReadAction","target":["https:\/\/instytutpolski.pl\/brussels\/cours-et-materiels-en-ligne\/"]}]},{"@type":"BreadcrumbList","@id":"https:\/\/instytutpolski.pl\/brussels\/cours-et-materiels-en-ligne\/#breadcrumb","itemListElement":[{"@type":"ListItem","position":1,"name":"Home","item":"https:\/\/instytutpolski.pl\/brussels\/"},{"@type":"ListItem","position":2,"name":"Cours et mat\u00e9riels en ligne"}]},{"@type":"WebSite","@id":"https:\/\/instytutpolski.pl\/brussels\/#website","url":"https:\/\/instytutpolski.pl\/brussels\/","name":"Instytut Polski w Brukseli","description":"Instytuty Polskie","potentialAction":[{"@type":"SearchAction","target":{"@type":"EntryPoint","urlTemplate":"https:\/\/instytutpolski.pl\/brussels\/?s={search_term_string}"},"query-input":{"@type":"PropertyValueSpecification","valueRequired":true,"valueName":"search_term_string"}}],"inLanguage":"pl-PL"}]}},"_links":{"self":[{"href":"https:\/\/instytutpolski.pl\/brussels\/wp-json\/wp\/v2\/pages\/888","targetHints":{"allow":["GET"]}}],"collection":[{"href":"https:\/\/instytutpolski.pl\/brussels\/wp-json\/wp\/v2\/pages"}],"about":[{"href":"https:\/\/instytutpolski.pl\/brussels\/wp-json\/wp\/v2\/types\/page"}],"author":[{"embeddable":true,"href":"https:\/\/instytutpolski.pl\/brussels\/wp-json\/wp\/v2\/users\/1"}],"replies":[{"embeddable":true,"href":"https:\/\/instytutpolski.pl\/brussels\/wp-json\/wp\/v2\/comments?post=888"}],"version-history":[{"count":8,"href":"https:\/\/instytutpolski.pl\/brussels\/wp-json\/wp\/v2\/pages\/888\/revisions"}],"predecessor-version":[{"id":17613,"href":"https:\/\/instytutpolski.pl\/brussels\/wp-json\/wp\/v2\/pages\/888\/revisions\/17613"}],"wp:attachment":[{"href":"https:\/\/instytutpolski.pl\/brussels\/wp-json\/wp\/v2\/media?parent=888"}],"curies":[{"name":"wp","href":"https:\/\/api.w.org\/{rel}","templated":true}]}}