{"id":913,"date":"2019-06-25T15:21:43","date_gmt":"2019-06-25T13:21:43","guid":{"rendered":"https:\/\/instytutpolski.pl\/bruksela\/?page_id=913"},"modified":"2020-04-28T14:15:30","modified_gmt":"2020-04-28T12:15:30","slug":"online-ressources","status":"publish","type":"page","link":"https:\/\/instytutpolski.pl\/brussels\/en\/about-us-2\/online-ressources\/","title":{"rendered":"Online Ressources"},"content":{"rendered":"\n<p>PDF versions available<\/p>\n<p><strong>Check out our digital library at <a href=\"http:\/\/issuu.com\/PolishCultureBrussels\/\" target=\"_blank\" rel=\"noopener noreferrer\">http:\/\/issuu.com\/PolishCultureBrussels\/<\/a><\/strong><br \/><br \/><\/p>\n<hr \/>\n<p><strong>In English\u00a0<br \/><\/strong><\/p>\n<ul>\n<li><strong><sup><em>[posters exhibition]<\/em><\/sup>\u00a0<a href=\"http:\/\/issuu.com\/polishculturebrussels\/docs\/enfant_terrible_katalog_150ppi\" target=\"_blank\" rel=\"noopener noreferrer\">HERE<\/a>\u00a0is the catalogue <\/strong>of the<strong> exhibition <\/strong>&#8217;Enfant Terrible&#8217; dedicated to the youngest Polish generation of <strong>poster designers<\/strong> (Bozar, 05.09&gt;13.10.2014)\u00a0<\/li>\n<li><sup><em>[music]\u00a0<\/em><\/sup>read\u00a0<a href=\"http:\/\/issuu.com\/polishculturebrussels\/docs\/01_-_gwizdalanka_lutoslawski\" target=\"_blank\" rel=\"noopener noreferrer\">HERE<\/a>\u00a0the <strong>article<\/strong> 'Witold Lutos\u0142awski&#8217;, by <strong>Danuta Gwizdalanka<\/strong> (from the brochure 'Witold Lutos\u0142awski&#8217; published by the Polish Institute in Brussels<\/li>\n<li><sup><em>[music]\u00a0<\/em><\/sup>read\u00a0<a href=\"http:\/\/issuu.com\/polishculturebrussels\/docs\/02_-_skowron_lutoslawski\" target=\"_blank\" rel=\"noopener noreferrer\">HERE<\/a>\u00a0the <strong>article<\/strong> 'The Brilliance of Witold Lutos\u0142awski&#8217;s Music&#8217;, by <strong>Zbigniew Skowron<\/strong> (from the brochure 'Witold Lutos\u0142awski&#8217; published by the Polish Institute in Brussels<\/li>\n<li><sup><em>[music]\u00a0<\/em><\/sup>read\u00a0<a href=\"http:\/\/issuu.com\/polishculturebrussels\/docs\/03_-_reyland_lutoslawski\" target=\"_blank\" rel=\"noopener noreferrer\">HERE<\/a>\u00a0the <strong>article<\/strong> 'Witold Lutos\u0142awski&#8217;s Listerner(s)&#8217;, by <strong>Nicholas Reyland<\/strong> (from the brochure 'Witold Lutos\u0142awski&#8217; published by the Polish Institute in Brussels<\/li>\n<li><sup><em>[music]\u00a0<\/em><\/sup>read\u00a0<a href=\"http:\/\/issuu.com\/polishculturebrussels\/docs\/04_-_bodman_rae_lutoslawski\" target=\"_blank\" rel=\"noopener noreferrer\">HERE<\/a>\u00a0the <strong>article<\/strong> 'Lutos\u0142awski&#8217;s Music for Children&#8217;, by <strong>Charles Bodman Ray<\/strong> (from the brochure 'Witold Lutos\u0142awski&#8217; published by the Polish Institute in Brussels<\/li>\n<li><sup><em>[music]\u00a0<\/em><\/sup>read\u00a0<a href=\"http:\/\/issuu.com\/polishculturebrussels\/docs\/05_-_thomas_lutoslawski\" target=\"_blank\" rel=\"noopener noreferrer\">HERE<\/a>\u00a0the <strong>article<\/strong> 'Witold Lutos\u0142awski and his performers&#8217;, by <strong>Adrian Thomas<\/strong> (from the brochure 'Witold Lutos\u0142awski&#8217; published by the Polish Institute in Brussels)<\/li>\n<li><sup><em>[music]\u00a0<\/em><\/sup>read\u00a0<a href=\"http:\/\/issuu.com\/polishculturebrussels\/docs\/06_-_lutoslawski__calendar_\" target=\"_blank\" rel=\"noopener noreferrer\">HERE<\/a>\u00a0the\u00a0<strong>calendar <\/strong>entitled\u00a0'Some Dates in the Life of Witold Lutos\u0142awski&#8217;, by\u00a0<strong>the team of the Polish Institute in Brussels<\/strong>\u00a0(from the brochure 'Witold Lutos\u0142awski&#8217; published by the Polish Institute in Brussels)<\/li>\n<li><em><sup>[music] <strong>Lyrics<\/strong> of\u00a0<a href=\"http:\/\/issuu.com\/polishculturebrussels\/docs\/sacer_nidus_en\" target=\"_blank\" rel=\"noopener noreferrer\">Sacer Nidus<\/a> in a translation by Howard Weiner and Cara Thornton)<\/sup><\/em><\/li>\n<li><sup><em>[music]<\/em> <\/sup><strong>Article\u00a0<\/strong><em><a href=\"http:\/\/issuu.com\/polishculturebrussels\/docs\/budzinska_en\" target=\"_blank\" rel=\"noopener noreferrer\">A mature man at the peak of power and a young man of ephemeral charm<\/a>\u00a0<\/em>(about Boles\u0142aw I and\u00a0emperor Otto III), by\u00a0El\u017cbieta Cherezi\u0144ska and Agnieszka Budzi\u0144ska-Bennett<\/li>\n<li><strong><sup><em>[Janusz Korczak exhibition]\u00a0<\/em><\/sup><a href=\"http:\/\/issuu.com\/polishculturebrussels\/docs\/korczak?mode=window&amp;pageNumber=2\" target=\"_blank\" rel=\"noopener noreferrer\">HERE<\/a> <\/strong>are the boards of the<strong> exhibition<\/strong>, prepared by the Polish MFA, dedicated to<strong> Janusz Korczak\u00a0<\/strong><\/li>\n<li><strong><em><sup>[literature]<\/sup> <\/em><\/strong>Fragment of<strong> Jacek Dehnel<\/strong>&#8217;s <a href=\"http:\/\/www.issuu.com\/polishculturebrussels\/docs\/dehnel_saturn_en?mode=window&amp;pageNumber=1\" target=\"_blank\" rel=\"noopener noreferrer\"><em>Saturn<\/em><\/a>, translated into English by Antonia Lloyd-Jones\u00a0<\/li>\n<\/ul>\n<p>\u00a0<\/p>\n<hr \/>\n<p><strong>In French and Dutch<br \/><\/strong><\/p>\n<ul>\n<li><em><sup>[litt\u00e9rature]<\/sup><\/em><strong>\u00a0Extraits\u00a0<\/strong>de <a href=\"http:\/\/issuu.com\/polishculturebrussels\/docs\/bator-g__ra_piaskowa__2_\" target=\"_blank\" rel=\"noopener noreferrer\"><em>L<\/em><\/a><a href=\"http:\/\/issuu.com\/polishculturebrussels\/docs\/bator-g__ra_piaskowa__2_\" target=\"_blank\" rel=\"noopener noreferrer\"><em>a Montagne de sable<\/em><\/a>\u00a0(Piaskowa G\u00f3ra) de <strong>Joanna Bator<\/strong>, traduits en fran\u00e7ais par\u00a0Caroline Raszka-Dewez<\/li>\n<li><em><sup>[musique]\u00a0<\/sup><\/em><strong>Brochure\u00a0<\/strong><a href=\"http:\/\/issuu.com\/polishculturebrussels\/docs\/lutos__awski_broszura_pelna\" target=\"_blank\" rel=\"noopener noreferrer\"><em>Witold Lutos\u0142awski<\/em><\/a>, publi\u00e9e par l\u2019Institut Polonais \u2013 Service Culturel de l\u2019Ambassade de la R\u00e9publique de Pologne \u00e0 Bruxelles (avec des articles de <strong>Danuta Gwizdalanka<\/strong>, <strong>Zbigniew Skowron<\/strong>, <strong>Adrian Thomas<\/strong>, <strong>Nicholas Reyland<\/strong>, <strong>Charles Bodman Ray<\/strong>)<\/li>\n<li><em><sup>[musique] <\/sup><\/em><strong>Article <\/strong><a href=\"http:\/\/issuu.com\/polishculturebrussels\/docs\/szczecinska_historiamuzykipolskiej_fr?mode=window&amp;pageNumber=1\" target=\"_blank\" rel=\"noopener noreferrer\"><em>La musique polonaise et l&#8217;Histoire. De J.\u00a0Elsner a P.\u00a0Mykietyn<\/em><\/a>, par El\u017cbieta Szczeci\u0144ska<\/li>\n<li><em><sup>[musique] <\/sup><\/em><strong>Article <\/strong><a href=\"http:\/\/issuu.com\/polishculturebrussels\/docs\/helman_piesn_fr?mode=window&amp;pageNumber=1\" target=\"_blank\" rel=\"noopener noreferrer\"><em>La m\u00e9lodie polonaise<\/em><\/a>, par Zofia Helman<\/li>\n<li><em><sup>[litt\u00e9rature]<\/sup><\/em><strong> Extrait <\/strong>de <a href=\"http:\/\/issuu.com\/polishculturebrussels\/docs\/stasiuk_dziennik_fr?mode=window&amp;pageNumber=1\" target=\"_blank\" rel=\"noopener noreferrer\"><em>Journal ecrit par apres<\/em><\/a> d&#8217;<strong>Andrzej Stasiuk<\/strong>, traduit en fran\u00e7ais par Charles Zaremba<\/li>\n<li><em><sup>[litt\u00e9rature]<\/sup><\/em><strong> Extrait <\/strong>de <em><a href=\"http:\/\/issuu.com\/polishculturebrussels\/docs\/szablowski_zabojca_fr?mode=window&amp;pageNumber=1\" target=\"_blank\" rel=\"noopener noreferrer\">Le meurtrier de la ville des abricots<\/a>\u00a0<\/em>de <strong>Witold Szab\u0142owski<\/strong>, traduit en fran\u00e7ais par Maryla Laurent<\/li>\n<li><em><sup>[literatuur] <\/sup><\/em><strong>Artikel\u00a0<\/strong><a href=\"http:\/\/issuu.com\/polishculturebrussels\/docs\/vanheuckelom_szymborska_nl?mode=window&amp;pageNumber=1\" target=\"_blank\" rel=\"noopener noreferrer\"><em>&#8222;Over de dood, zonder overdrijving&#8221; Wis\u0142awa Szymborska (1923-2012)<\/em><\/a>\u00a0van\u00a0Kris van Heuckelom (KU Leuven)<\/li>\n<li><em><sup>[litt\u00e9rature]<\/sup><\/em><strong>\u00a0Article\u00a0<\/strong><a href=\"http:\/\/issuu.com\/polishculturebrussels\/docs\/walczak_szymborska_fr\" target=\"_blank\" rel=\"noopener noreferrer\"><em>Wis\u0142awa Szymborska (1923-2012)<\/em><\/a>\u00a0de\u00a0<strong>Dorota Walczak <\/strong>(ULB)<\/li>\n<li><em><sup>[musique]\u00a0<\/sup><\/em><strong>Brochure\u00a0<\/strong><a href=\"http:\/\/issuu.com\/polishculturebrussels\/docs\/karolszymanowski?mode=window&amp;pageNumber=1\" target=\"_blank\" rel=\"noopener noreferrer\"><em>Karol Szymanowski<\/em><\/a>, par Z.\u00a0Helman, A. Wightman, D. van Moere, M. Pinkwart &amp; J.\u00a0Van Hyfte<\/li>\n<li><em><sup>[musique]<\/sup>\u00a0<\/em><strong>Brochure\u00a0<\/strong><a href=\"http:\/\/issuu.com\/polishculturebrussels\/docs\/chopin_fr?mode=window&amp;pageNumber=1\" target=\"_blank\" rel=\"noopener noreferrer\"><em>Chopin 2010\u00a0en Belgique<\/em><\/a>, par J.-J.\u00a0Eigeldinger, V. Dufour, L.\u00a0Brogniez, C.\u00a0Seron, S.\u00a0Thieffry, I.\u00a0Goddeeris, M.\u00a0Couvreur &amp; A.\u00a0Knast<\/li>\n<\/ul>\n","protected":false},"excerpt":{"rendered":"<p>PDF versions available Check out our digital library at http:\/\/issuu.com\/PolishCultureBrussels\/ In English\u00a0 [posters exhibition]\u00a0HERE\u00a0is the catalogue of the exhibition &#8217;Enfant Terrible&#8217; dedicated to the youngest Polish generation of poster designers (Bozar, 05.09&gt;13.10.2014)\u00a0 [music]\u00a0read\u00a0HERE\u00a0the article 'Witold Lutos\u0142awski&#8217;, by Danuta Gwizdalanka (from the brochure 'Witold Lutos\u0142awski&#8217; published by the Polish Institute in Brussels [music]\u00a0read\u00a0HERE\u00a0the article 'The Brilliance [&hellip;]<\/p>\n","protected":false},"author":1,"featured_media":797,"parent":896,"menu_order":0,"comment_status":"closed","ping_status":"closed","template":"","meta":{"inline_featured_image":false,"_monsterinsights_skip_tracking":false,"_monsterinsights_sitenote_active":false,"_monsterinsights_sitenote_note":"","_monsterinsights_sitenote_category":0,"footnotes":""},"class_list":["post-913","page","type-page","status-publish","has-post-thumbnail","hentry"],"yoast_head":"<!-- This site is optimized with the Yoast SEO plugin v24.6 - https:\/\/yoast.com\/wordpress\/plugins\/seo\/ -->\n<title>Online Ressources - Instytut Polski w Brukseli<\/title>\n<meta name=\"robots\" content=\"index, follow, max-snippet:-1, max-image-preview:large, max-video-preview:-1\" \/>\n<link rel=\"canonical\" href=\"https:\/\/instytutpolski.pl\/brussels\/en\/about-us-2\/online-ressources\/\" \/>\n<meta property=\"og:locale\" content=\"pl_PL\" \/>\n<meta property=\"og:type\" content=\"article\" \/>\n<meta property=\"og:title\" content=\"Online Ressources - Instytut Polski w Brukseli\" \/>\n<meta property=\"og:description\" content=\"PDF versions available Check out our digital library at http:\/\/issuu.com\/PolishCultureBrussels\/ In English\u00a0 [posters exhibition]\u00a0HERE\u00a0is the catalogue of the exhibition &#8217;Enfant Terrible&#8217; dedicated to the youngest Polish generation of poster designers (Bozar, 05.09&gt;13.10.2014)\u00a0 [music]\u00a0read\u00a0HERE\u00a0the article &#039;Witold Lutos\u0142awski&#8217;, by Danuta Gwizdalanka (from the brochure &#039;Witold Lutos\u0142awski&#8217; published by the Polish Institute in Brussels [music]\u00a0read\u00a0HERE\u00a0the article &#039;The Brilliance [&hellip;]\" \/>\n<meta property=\"og:url\" content=\"https:\/\/instytutpolski.pl\/brussels\/en\/about-us-2\/online-ressources\/\" \/>\n<meta property=\"og:site_name\" content=\"Instytut Polski w Brukseli\" \/>\n<meta property=\"article:modified_time\" content=\"2020-04-28T12:15:30+00:00\" \/>\n<meta property=\"og:image\" content=\"https:\/\/instytutpolski.pl\/brussels\/wp-content\/uploads\/sites\/4\/2019\/06\/studiuj-w-polsce.jpg\" \/>\n\t<meta property=\"og:image:width\" content=\"1920\" \/>\n\t<meta property=\"og:image:height\" content=\"700\" \/>\n\t<meta property=\"og:image:type\" content=\"image\/jpeg\" \/>\n<meta name=\"twitter:card\" content=\"summary_large_image\" \/>\n<meta name=\"twitter:label1\" content=\"Szacowany czas czytania\" \/>\n\t<meta name=\"twitter:data1\" content=\"2 minuty\" \/>\n<script type=\"application\/ld+json\" class=\"yoast-schema-graph\">{\"@context\":\"https:\/\/schema.org\",\"@graph\":[{\"@type\":\"WebPage\",\"@id\":\"https:\/\/instytutpolski.pl\/brussels\/en\/about-us-2\/online-ressources\/\",\"url\":\"https:\/\/instytutpolski.pl\/brussels\/en\/about-us-2\/online-ressources\/\",\"name\":\"Online Ressources - Instytut Polski w Brukseli\",\"isPartOf\":{\"@id\":\"https:\/\/instytutpolski.pl\/brussels\/#website\"},\"primaryImageOfPage\":{\"@id\":\"https:\/\/instytutpolski.pl\/brussels\/en\/about-us-2\/online-ressources\/#primaryimage\"},\"image\":{\"@id\":\"https:\/\/instytutpolski.pl\/brussels\/en\/about-us-2\/online-ressources\/#primaryimage\"},\"thumbnailUrl\":\"https:\/\/instytutpolski.pl\/brussels\/wp-content\/uploads\/sites\/4\/2019\/06\/studiuj-w-polsce.jpg\",\"datePublished\":\"2019-06-25T13:21:43+00:00\",\"dateModified\":\"2020-04-28T12:15:30+00:00\",\"breadcrumb\":{\"@id\":\"https:\/\/instytutpolski.pl\/brussels\/en\/about-us-2\/online-ressources\/#breadcrumb\"},\"inLanguage\":\"pl-PL\",\"potentialAction\":[{\"@type\":\"ReadAction\",\"target\":[\"https:\/\/instytutpolski.pl\/brussels\/en\/about-us-2\/online-ressources\/\"]}]},{\"@type\":\"ImageObject\",\"inLanguage\":\"pl-PL\",\"@id\":\"https:\/\/instytutpolski.pl\/brussels\/en\/about-us-2\/online-ressources\/#primaryimage\",\"url\":\"https:\/\/instytutpolski.pl\/brussels\/wp-content\/uploads\/sites\/4\/2019\/06\/studiuj-w-polsce.jpg\",\"contentUrl\":\"https:\/\/instytutpolski.pl\/brussels\/wp-content\/uploads\/sites\/4\/2019\/06\/studiuj-w-polsce.jpg\",\"width\":1920,\"height\":700},{\"@type\":\"BreadcrumbList\",\"@id\":\"https:\/\/instytutpolski.pl\/brussels\/en\/about-us-2\/online-ressources\/#breadcrumb\",\"itemListElement\":[{\"@type\":\"ListItem\",\"position\":1,\"name\":\"Home\",\"item\":\"https:\/\/instytutpolski.pl\/brussels\/\"},{\"@type\":\"ListItem\",\"position\":2,\"name\":\"About Polish Institute Brussels\",\"item\":\"https:\/\/instytutpolski.pl\/brussels\/en\/about-us-2\/\"},{\"@type\":\"ListItem\",\"position\":3,\"name\":\"Online Ressources\"}]},{\"@type\":\"WebSite\",\"@id\":\"https:\/\/instytutpolski.pl\/brussels\/#website\",\"url\":\"https:\/\/instytutpolski.pl\/brussels\/\",\"name\":\"Instytut Polski w Brukseli\",\"description\":\"Instytuty Polskie\",\"potentialAction\":[{\"@type\":\"SearchAction\",\"target\":{\"@type\":\"EntryPoint\",\"urlTemplate\":\"https:\/\/instytutpolski.pl\/brussels\/?s={search_term_string}\"},\"query-input\":{\"@type\":\"PropertyValueSpecification\",\"valueRequired\":true,\"valueName\":\"search_term_string\"}}],\"inLanguage\":\"pl-PL\"}]}<\/script>\n<!-- \/ Yoast SEO plugin. -->","yoast_head_json":{"title":"Online Ressources - Instytut Polski w Brukseli","robots":{"index":"index","follow":"follow","max-snippet":"max-snippet:-1","max-image-preview":"max-image-preview:large","max-video-preview":"max-video-preview:-1"},"canonical":"https:\/\/instytutpolski.pl\/brussels\/en\/about-us-2\/online-ressources\/","og_locale":"pl_PL","og_type":"article","og_title":"Online Ressources - Instytut Polski w Brukseli","og_description":"PDF versions available Check out our digital library at http:\/\/issuu.com\/PolishCultureBrussels\/ In English\u00a0 [posters exhibition]\u00a0HERE\u00a0is the catalogue of the exhibition &#8217;Enfant Terrible&#8217; dedicated to the youngest Polish generation of poster designers (Bozar, 05.09&gt;13.10.2014)\u00a0 [music]\u00a0read\u00a0HERE\u00a0the article 'Witold Lutos\u0142awski&#8217;, by Danuta Gwizdalanka (from the brochure 'Witold Lutos\u0142awski&#8217; published by the Polish Institute in Brussels [music]\u00a0read\u00a0HERE\u00a0the article 'The Brilliance [&hellip;]","og_url":"https:\/\/instytutpolski.pl\/brussels\/en\/about-us-2\/online-ressources\/","og_site_name":"Instytut Polski w Brukseli","article_modified_time":"2020-04-28T12:15:30+00:00","og_image":[{"width":1920,"height":700,"url":"https:\/\/instytutpolski.pl\/brussels\/wp-content\/uploads\/sites\/4\/2019\/06\/studiuj-w-polsce.jpg","type":"image\/jpeg"}],"twitter_card":"summary_large_image","twitter_misc":{"Szacowany czas czytania":"2 minuty"},"schema":{"@context":"https:\/\/schema.org","@graph":[{"@type":"WebPage","@id":"https:\/\/instytutpolski.pl\/brussels\/en\/about-us-2\/online-ressources\/","url":"https:\/\/instytutpolski.pl\/brussels\/en\/about-us-2\/online-ressources\/","name":"Online Ressources - Instytut Polski w Brukseli","isPartOf":{"@id":"https:\/\/instytutpolski.pl\/brussels\/#website"},"primaryImageOfPage":{"@id":"https:\/\/instytutpolski.pl\/brussels\/en\/about-us-2\/online-ressources\/#primaryimage"},"image":{"@id":"https:\/\/instytutpolski.pl\/brussels\/en\/about-us-2\/online-ressources\/#primaryimage"},"thumbnailUrl":"https:\/\/instytutpolski.pl\/brussels\/wp-content\/uploads\/sites\/4\/2019\/06\/studiuj-w-polsce.jpg","datePublished":"2019-06-25T13:21:43+00:00","dateModified":"2020-04-28T12:15:30+00:00","breadcrumb":{"@id":"https:\/\/instytutpolski.pl\/brussels\/en\/about-us-2\/online-ressources\/#breadcrumb"},"inLanguage":"pl-PL","potentialAction":[{"@type":"ReadAction","target":["https:\/\/instytutpolski.pl\/brussels\/en\/about-us-2\/online-ressources\/"]}]},{"@type":"ImageObject","inLanguage":"pl-PL","@id":"https:\/\/instytutpolski.pl\/brussels\/en\/about-us-2\/online-ressources\/#primaryimage","url":"https:\/\/instytutpolski.pl\/brussels\/wp-content\/uploads\/sites\/4\/2019\/06\/studiuj-w-polsce.jpg","contentUrl":"https:\/\/instytutpolski.pl\/brussels\/wp-content\/uploads\/sites\/4\/2019\/06\/studiuj-w-polsce.jpg","width":1920,"height":700},{"@type":"BreadcrumbList","@id":"https:\/\/instytutpolski.pl\/brussels\/en\/about-us-2\/online-ressources\/#breadcrumb","itemListElement":[{"@type":"ListItem","position":1,"name":"Home","item":"https:\/\/instytutpolski.pl\/brussels\/"},{"@type":"ListItem","position":2,"name":"About Polish Institute Brussels","item":"https:\/\/instytutpolski.pl\/brussels\/en\/about-us-2\/"},{"@type":"ListItem","position":3,"name":"Online Ressources"}]},{"@type":"WebSite","@id":"https:\/\/instytutpolski.pl\/brussels\/#website","url":"https:\/\/instytutpolski.pl\/brussels\/","name":"Instytut Polski w Brukseli","description":"Instytuty Polskie","potentialAction":[{"@type":"SearchAction","target":{"@type":"EntryPoint","urlTemplate":"https:\/\/instytutpolski.pl\/brussels\/?s={search_term_string}"},"query-input":{"@type":"PropertyValueSpecification","valueRequired":true,"valueName":"search_term_string"}}],"inLanguage":"pl-PL"}]}},"_links":{"self":[{"href":"https:\/\/instytutpolski.pl\/brussels\/wp-json\/wp\/v2\/pages\/913","targetHints":{"allow":["GET"]}}],"collection":[{"href":"https:\/\/instytutpolski.pl\/brussels\/wp-json\/wp\/v2\/pages"}],"about":[{"href":"https:\/\/instytutpolski.pl\/brussels\/wp-json\/wp\/v2\/types\/page"}],"author":[{"embeddable":true,"href":"https:\/\/instytutpolski.pl\/brussels\/wp-json\/wp\/v2\/users\/1"}],"replies":[{"embeddable":true,"href":"https:\/\/instytutpolski.pl\/brussels\/wp-json\/wp\/v2\/comments?post=913"}],"version-history":[{"count":7,"href":"https:\/\/instytutpolski.pl\/brussels\/wp-json\/wp\/v2\/pages\/913\/revisions"}],"predecessor-version":[{"id":2599,"href":"https:\/\/instytutpolski.pl\/brussels\/wp-json\/wp\/v2\/pages\/913\/revisions\/2599"}],"up":[{"embeddable":true,"href":"https:\/\/instytutpolski.pl\/brussels\/wp-json\/wp\/v2\/pages\/896"}],"wp:featuredmedia":[{"embeddable":true,"href":"https:\/\/instytutpolski.pl\/brussels\/wp-json\/wp\/v2\/media\/797"}],"wp:attachment":[{"href":"https:\/\/instytutpolski.pl\/brussels\/wp-json\/wp\/v2\/media?parent=913"}],"curies":[{"name":"wp","href":"https:\/\/api.w.org\/{rel}","templated":true}]}}