{"id":917,"date":"2019-06-25T15:22:20","date_gmt":"2019-06-25T13:22:20","guid":{"rendered":"https:\/\/instytutpolski.pl\/bruksela\/?page_id=917"},"modified":"2025-06-23T11:11:29","modified_gmt":"2025-06-23T09:11:29","slug":"emploi-et-stages","status":"publish","type":"page","link":"https:\/\/instytutpolski.pl\/brussels\/a-propos-de-linstitut-polonais\/emploi-et-stages\/","title":{"rendered":"Emploi et stages"},"content":{"rendered":"\n<p><span lang=\"fr-BE\">L&#8217;Institut Polonais Bruxelles offre des possibilit\u00e9s de r\u00e9aliser des stages pour une p\u00e9riode de 1 \u00e0 3 mois tout au long de l\u2019ann\u00e9e. <\/span><\/p>\n<p><span lang=\"fr-BE\">Nous sommes \u00e0 la recherche d\u2019\u00e9tudiants ou de jeunes dipl\u00f4m\u00e9s motiv\u00e9s qui souhaitent <\/span><span data-ogsc=\"rgb(149, 79, 114)\">promouvoir la culture polonaise en Belgique tout en acqu\u00e9rant une pr\u00e9cieuse exp\u00e9rience professionnelle.<\/span><\/p>\n<p><span lang=\"fr-BE\">Aidez-nous \u00e0 planifier et \u00e0 g\u00e9rer des projets, rencontrez des personnes cr\u00e9atives et participez \u00e0 des \u00e9v\u00e9nements passionnants.<\/span><\/p>\n<p><span lang=\"fr-BE\">Pour toute demande de renseignements et\/ou pour d\u00e9poser votre candidature au stage, veuillez nous envoyer votre CV et une lettre de motivation \u00e0 l\u2019adresse suivante : <a href=\"mailto:bruksela@instytutpolski.pl\">bruksela@instytutpolski.pl<\/a><\/span><span lang=\"fr-BE\">\u00a0.<\/span><\/p>\n<p>Au plaisir de vous rencontrer !<\/p>\n","protected":false},"excerpt":{"rendered":"<p>L&#8217;Institut Polonais Bruxelles offre des possibilit\u00e9s de r\u00e9aliser des stages pour une p\u00e9riode de 1 \u00e0 3 mois tout au long de l\u2019ann\u00e9e. Nous sommes \u00e0 la recherche d\u2019\u00e9tudiants ou de jeunes dipl\u00f4m\u00e9s motiv\u00e9s qui souhaitent promouvoir la culture polonaise en Belgique tout en acqu\u00e9rant une pr\u00e9cieuse exp\u00e9rience professionnelle. Aidez-nous \u00e0 planifier et \u00e0 g\u00e9rer [&hellip;]<\/p>\n","protected":false},"author":125,"featured_media":0,"parent":894,"menu_order":0,"comment_status":"closed","ping_status":"closed","template":"","meta":{"inline_featured_image":false,"_monsterinsights_skip_tracking":false,"_monsterinsights_sitenote_active":false,"_monsterinsights_sitenote_note":"","_monsterinsights_sitenote_category":0,"footnotes":""},"class_list":["post-917","page","type-page","status-publish","hentry"],"yoast_head":"<!-- This site is optimized with the Yoast SEO plugin v24.6 - https:\/\/yoast.com\/wordpress\/plugins\/seo\/ -->\n<title>Emploi et stages - Instytut Polski w Brukseli<\/title>\n<meta name=\"robots\" content=\"index, follow, max-snippet:-1, max-image-preview:large, max-video-preview:-1\" \/>\n<link rel=\"canonical\" href=\"https:\/\/instytutpolski.pl\/brussels\/a-propos-de-linstitut-polonais\/emploi-et-stages\/\" \/>\n<meta property=\"og:locale\" content=\"pl_PL\" \/>\n<meta property=\"og:type\" content=\"article\" \/>\n<meta property=\"og:title\" content=\"Emploi et stages - Instytut Polski w Brukseli\" \/>\n<meta property=\"og:description\" content=\"L&#8217;Institut Polonais Bruxelles offre des possibilit\u00e9s de r\u00e9aliser des stages pour une p\u00e9riode de 1 \u00e0 3 mois tout au long de l\u2019ann\u00e9e. Nous sommes \u00e0 la recherche d\u2019\u00e9tudiants ou de jeunes dipl\u00f4m\u00e9s motiv\u00e9s qui souhaitent promouvoir la culture polonaise en Belgique tout en acqu\u00e9rant une pr\u00e9cieuse exp\u00e9rience professionnelle. Aidez-nous \u00e0 planifier et \u00e0 g\u00e9rer [&hellip;]\" \/>\n<meta property=\"og:url\" content=\"https:\/\/instytutpolski.pl\/brussels\/a-propos-de-linstitut-polonais\/emploi-et-stages\/\" \/>\n<meta property=\"og:site_name\" content=\"Instytut Polski w Brukseli\" \/>\n<meta property=\"article:modified_time\" content=\"2025-06-23T09:11:29+00:00\" \/>\n<meta name=\"twitter:card\" content=\"summary_large_image\" \/>\n<meta name=\"twitter:label1\" content=\"Szacowany czas czytania\" \/>\n\t<meta name=\"twitter:data1\" content=\"1 minuta\" \/>\n<script type=\"application\/ld+json\" class=\"yoast-schema-graph\">{\"@context\":\"https:\/\/schema.org\",\"@graph\":[{\"@type\":\"WebPage\",\"@id\":\"https:\/\/instytutpolski.pl\/brussels\/a-propos-de-linstitut-polonais\/emploi-et-stages\/\",\"url\":\"https:\/\/instytutpolski.pl\/brussels\/a-propos-de-linstitut-polonais\/emploi-et-stages\/\",\"name\":\"Emploi et stages - Instytut Polski w Brukseli\",\"isPartOf\":{\"@id\":\"https:\/\/instytutpolski.pl\/brussels\/#website\"},\"datePublished\":\"2019-06-25T13:22:20+00:00\",\"dateModified\":\"2025-06-23T09:11:29+00:00\",\"breadcrumb\":{\"@id\":\"https:\/\/instytutpolski.pl\/brussels\/a-propos-de-linstitut-polonais\/emploi-et-stages\/#breadcrumb\"},\"inLanguage\":\"pl-PL\",\"potentialAction\":[{\"@type\":\"ReadAction\",\"target\":[\"https:\/\/instytutpolski.pl\/brussels\/a-propos-de-linstitut-polonais\/emploi-et-stages\/\"]}]},{\"@type\":\"BreadcrumbList\",\"@id\":\"https:\/\/instytutpolski.pl\/brussels\/a-propos-de-linstitut-polonais\/emploi-et-stages\/#breadcrumb\",\"itemListElement\":[{\"@type\":\"ListItem\",\"position\":1,\"name\":\"Home\",\"item\":\"https:\/\/instytutpolski.pl\/brussels\/\"},{\"@type\":\"ListItem\",\"position\":2,\"name\":\"\u00c0 propos de l&#8217;Institut polonais\",\"item\":\"https:\/\/instytutpolski.pl\/brussels\/a-propos-de-linstitut-polonais\/\"},{\"@type\":\"ListItem\",\"position\":3,\"name\":\"Emploi et stages\"}]},{\"@type\":\"WebSite\",\"@id\":\"https:\/\/instytutpolski.pl\/brussels\/#website\",\"url\":\"https:\/\/instytutpolski.pl\/brussels\/\",\"name\":\"Instytut Polski w Brukseli\",\"description\":\"Instytuty Polskie\",\"potentialAction\":[{\"@type\":\"SearchAction\",\"target\":{\"@type\":\"EntryPoint\",\"urlTemplate\":\"https:\/\/instytutpolski.pl\/brussels\/?s={search_term_string}\"},\"query-input\":{\"@type\":\"PropertyValueSpecification\",\"valueRequired\":true,\"valueName\":\"search_term_string\"}}],\"inLanguage\":\"pl-PL\"}]}<\/script>\n<!-- \/ Yoast SEO plugin. -->","yoast_head_json":{"title":"Emploi et stages - Instytut Polski w Brukseli","robots":{"index":"index","follow":"follow","max-snippet":"max-snippet:-1","max-image-preview":"max-image-preview:large","max-video-preview":"max-video-preview:-1"},"canonical":"https:\/\/instytutpolski.pl\/brussels\/a-propos-de-linstitut-polonais\/emploi-et-stages\/","og_locale":"pl_PL","og_type":"article","og_title":"Emploi et stages - Instytut Polski w Brukseli","og_description":"L&#8217;Institut Polonais Bruxelles offre des possibilit\u00e9s de r\u00e9aliser des stages pour une p\u00e9riode de 1 \u00e0 3 mois tout au long de l\u2019ann\u00e9e. Nous sommes \u00e0 la recherche d\u2019\u00e9tudiants ou de jeunes dipl\u00f4m\u00e9s motiv\u00e9s qui souhaitent promouvoir la culture polonaise en Belgique tout en acqu\u00e9rant une pr\u00e9cieuse exp\u00e9rience professionnelle. Aidez-nous \u00e0 planifier et \u00e0 g\u00e9rer [&hellip;]","og_url":"https:\/\/instytutpolski.pl\/brussels\/a-propos-de-linstitut-polonais\/emploi-et-stages\/","og_site_name":"Instytut Polski w Brukseli","article_modified_time":"2025-06-23T09:11:29+00:00","twitter_card":"summary_large_image","twitter_misc":{"Szacowany czas czytania":"1 minuta"},"schema":{"@context":"https:\/\/schema.org","@graph":[{"@type":"WebPage","@id":"https:\/\/instytutpolski.pl\/brussels\/a-propos-de-linstitut-polonais\/emploi-et-stages\/","url":"https:\/\/instytutpolski.pl\/brussels\/a-propos-de-linstitut-polonais\/emploi-et-stages\/","name":"Emploi et stages - Instytut Polski w Brukseli","isPartOf":{"@id":"https:\/\/instytutpolski.pl\/brussels\/#website"},"datePublished":"2019-06-25T13:22:20+00:00","dateModified":"2025-06-23T09:11:29+00:00","breadcrumb":{"@id":"https:\/\/instytutpolski.pl\/brussels\/a-propos-de-linstitut-polonais\/emploi-et-stages\/#breadcrumb"},"inLanguage":"pl-PL","potentialAction":[{"@type":"ReadAction","target":["https:\/\/instytutpolski.pl\/brussels\/a-propos-de-linstitut-polonais\/emploi-et-stages\/"]}]},{"@type":"BreadcrumbList","@id":"https:\/\/instytutpolski.pl\/brussels\/a-propos-de-linstitut-polonais\/emploi-et-stages\/#breadcrumb","itemListElement":[{"@type":"ListItem","position":1,"name":"Home","item":"https:\/\/instytutpolski.pl\/brussels\/"},{"@type":"ListItem","position":2,"name":"\u00c0 propos de l&#8217;Institut polonais","item":"https:\/\/instytutpolski.pl\/brussels\/a-propos-de-linstitut-polonais\/"},{"@type":"ListItem","position":3,"name":"Emploi et stages"}]},{"@type":"WebSite","@id":"https:\/\/instytutpolski.pl\/brussels\/#website","url":"https:\/\/instytutpolski.pl\/brussels\/","name":"Instytut Polski w Brukseli","description":"Instytuty Polskie","potentialAction":[{"@type":"SearchAction","target":{"@type":"EntryPoint","urlTemplate":"https:\/\/instytutpolski.pl\/brussels\/?s={search_term_string}"},"query-input":{"@type":"PropertyValueSpecification","valueRequired":true,"valueName":"search_term_string"}}],"inLanguage":"pl-PL"}]}},"_links":{"self":[{"href":"https:\/\/instytutpolski.pl\/brussels\/wp-json\/wp\/v2\/pages\/917","targetHints":{"allow":["GET"]}}],"collection":[{"href":"https:\/\/instytutpolski.pl\/brussels\/wp-json\/wp\/v2\/pages"}],"about":[{"href":"https:\/\/instytutpolski.pl\/brussels\/wp-json\/wp\/v2\/types\/page"}],"author":[{"embeddable":true,"href":"https:\/\/instytutpolski.pl\/brussels\/wp-json\/wp\/v2\/users\/125"}],"replies":[{"embeddable":true,"href":"https:\/\/instytutpolski.pl\/brussels\/wp-json\/wp\/v2\/comments?post=917"}],"version-history":[{"count":5,"href":"https:\/\/instytutpolski.pl\/brussels\/wp-json\/wp\/v2\/pages\/917\/revisions"}],"predecessor-version":[{"id":17442,"href":"https:\/\/instytutpolski.pl\/brussels\/wp-json\/wp\/v2\/pages\/917\/revisions\/17442"}],"up":[{"embeddable":true,"href":"https:\/\/instytutpolski.pl\/brussels\/wp-json\/wp\/v2\/pages\/894"}],"wp:attachment":[{"href":"https:\/\/instytutpolski.pl\/brussels\/wp-json\/wp\/v2\/media?parent=917"}],"curies":[{"name":"wp","href":"https:\/\/api.w.org\/{rel}","templated":true}]}}