{"id":944,"date":"2019-06-25T15:26:40","date_gmt":"2019-06-25T13:26:40","guid":{"rendered":"https:\/\/instytutpolski.pl\/bruksela\/?page_id=944"},"modified":"2022-08-01T10:55:28","modified_gmt":"2022-08-01T08:55:28","slug":"institutions","status":"publish","type":"page","link":"https:\/\/instytutpolski.pl\/brussels\/a-propos-de-linstitut-polonais\/institutions\/","title":{"rendered":"Institutions Polonaises en Belgique"},"content":{"rendered":"\n<p><strong>Ambassade de la R\u00e9publique de Pologne \u00e0 Bruxelles<\/strong><br \/>Rue St\u00e9vin 139<br \/>1000 Bruxelles<br \/>T\u00e9l.\u00a0: +32 (0)2\u00a0739 01 00<br \/>e-mail\u00a0: <a href=\"mailto:bebruamb2@msz.gov.pl\">bebruamb2@msz.gov.pl<\/a><br \/>\u00a0<br \/><strong>Section consulaire de l&#8217;Ambassade de la R\u00e9publique de Pologne \u00e0 Bruxelles<\/strong><br \/>Rue des Francs 28<br \/>1040 Bruxelles<br \/>T\u00e9l.\u00a0: +32 (0)2 739 01 01<br \/>Fax\u00a0: +32 (0)2 736 44 59<br \/>e-mail : <a href=\"mailto:bebruamb3@msz.gov.pl\" target=\"_blank\" rel=\"noopener noreferrer\" data-auth=\"NotApplicable\" data-linkindex=\"0\">bebruamb3@msz.gov.pl<\/a><br \/><a href=\"http:\/\/www.bruksela.msz.gov.pl\" target=\"_blank\" rel=\"noopener noreferrer\">http:\/\/www.bruksela.msz.gov.pl<\/a><br \/><br \/>Horaire d&#8217;ouvrture :\u00a0<br \/>&#8211; le mardi, de 9h\u00a0\u00e0 13h<br \/>&#8211; le mercredi, de 13h\u00a0\u00e0 18h<br \/>&#8211; le jeudi,\u00a0de 9h\u00a0\u00e0 13h<br \/>&#8211; le vendredi,\u00a0de 9h\u00a0\u00e0 13h<br \/><br \/>Num\u00e9ro d&#8217;urgence +32 (0) 492 727 405<br \/>En dehors des heures de bureau, ce num\u00e9ro ne peut \u00eatre contact\u00e9 que dans des cas n\u00e9cessitant une intervention imm\u00e9diate, tels que les d\u00e9c\u00e8s, les accidents et les situations mettant la vie en danger.<br \/><br \/><strong>Agence Polonaise de l&#8217;Investissement et du Commerce\u00a0 <br \/><\/strong>Rue Bagatela 12<br \/>00-585 Varsovie<br \/>Tel: +48 22 334 98 00<br \/>Fax: +48 22 334 99 99<br \/>e-mail: <a href=\"mailto:bruksela@paih.gov.pl\">bruksela@paih.gov.pl<\/a><br \/><a href=\"http:\/\/www.paih.gov.pl\/\">http:\/\/www.paih.gov.pl\/<\/a><br \/><br \/><br \/><strong>Repr\u00e9sentation permanente de la R\u00e9publique de Pologne aupr\u00e8s de l&#8217;Union Europ\u00e9enne <\/strong><br \/>Rue St\u00e9vin 139<br \/>1000 Bruxelles<br \/>T\u00e9l.\u00a0: +32 (0)2 780 42 00<br \/>Fax\u00a0: +32 (0)2 780 42 97<br \/>e-mail\u00a0: <a href=\"mailto:bebrustpe@msz.gov.pl\">bebrustpe@msz.gov.pl<\/a><br \/><a href=\"https:\/\/brukselaue.msz.gov.pl\/pl\/p\/brukselaue_be_s_pl\/\" target=\"_blank\" rel=\"noopener noreferrer\">https:\/\/brukselaue.msz.gov.pl\/<\/a><br \/>\u00a0<br \/><strong>Repr\u00e9sentation permanente de la R\u00e9publique de Pologne aupr\u00e8s de l&#8217;OTAN<\/strong><br \/>Bld Leopold III<br \/>1110 Bruxelles<br \/>T\u00e9l.\u00a0: +32 (0)2\u00a0707 13 88\u00a0<br \/>Fax\u00a0: +32 (0)2\u00a0707 13 89<br \/>e-mail\u00a0: <a href=\"mailto:bruksela.nato.sekretariat@msz.gov.pl\">bruksela.nato.sekretariat@msz.gov.pl<\/a> <br \/><a href=\"https:\/\/brukselaue.msz.gov.pl\/pl\/polska_w_brukseli\/przedstawicielstwo_rp_nato\/przedstawicielstwo_rp_nato\" target=\"_blank\" rel=\"noopener noreferrer\">https:\/\/brukselaue.msz.gov.pl\/pl\/polska_w_brukseli\/przedstawicielstwo_rp_nato\/<\/a><br \/>\u00a0<br \/><strong>Office Polonais de Tourisme<\/strong><br \/>Av. de la Renaissance 20 bte 25<br \/>1000 Bruxelles<br \/>T\u00e9l.\u00a0: +32 (0)2\u00a0740 06 20<br \/>Fax\u00a0: +32 (0)2\u00a0742 37 35<br \/>e-mail\u00a0: <a href=\"mailto:info.be@pologne.traval\">info.be@pologne.traval<\/a> <br \/><a href=\"http:\/\/www.pologne.travel\/fr-be\">http:\/\/www.pologne.travel<\/a>\u00a0<br \/><strong><br \/>Repr\u00e9sentation de la vo\u00efvodie de Lublin \u00e0 Bruxelles<\/strong><br \/>Av. de Tervueren 48<br \/>1040 Bruxelles<br \/>tel, +32 2 738 02 24<br \/>fax. +32 2 735 33 20<br \/>e-mail\u00a0: <a href=\"mailto:info@eastpoland.eu\">info@eastpoland.eu<\/a><br \/><a href=\"http:\/\/eastpoland.eu\/\" target=\"_blank\" rel=\"noopener noreferrer\">http:\/\/eastpoland.eu\/<\/a><br \/><br \/><strong>Repr\u00e9sentation de la vo\u00efvodie de \u0141\u00f3d\u017a \u00e0 Bruxelles<\/strong><br \/>Square Marie-Louise 1<br \/>1000 Bruxelles<br \/>T\u00e9l.\u00a0: +32 (0)2\u00a0230 90 77<br \/>Fax\u00a0: +32 (0)2\u00a0231 15 87<br \/>e-mail\u00a0:\u00a0<a href=\"mailto:rbwl@lodzkie.pl\">rbwl@lodzkie.pl<\/a><br \/><a href=\"http:\/\/bruksela.lodzkie.pl\/en\" target=\"_blank\" rel=\"noopener noreferrer\">http:\/\/www.bruksela.lodzkie.pl<\/a><br \/><br \/><strong>Repr\u00e9sentation de la vo\u00efvodie de Petite-Pologne \u00e0 Bruxelles<\/strong><br \/>Rond-point Schuman 14<br \/>1040 Bruxelles<br \/>T\u00e9l.\u00a0: +32 (0)2\u00a0286 85 21<br \/>Fax\u00a0: +32 (0)2\u00a0286 85 28<br \/>e-mail\u00a0: <a href=\"mailto:%20bruxelles@umwm.pl\">bruxelles@umwm.pl<\/a><br \/><a href=\"https:\/\/facebook.com\/MalopolskaRegionBrussels\/\" target=\"_blank\" rel=\"noopener noreferrer\">https:\/\/facebook.com\/MalopolskaRegionBrussels\/<\/a><br \/><br \/><strong>Centre r\u00e9gional de la vo\u00efvodie de Mazovie<\/strong><br \/>Rue Victor Hugo 199<br \/>1030 Bruxelles<br \/>T\u00e9l.\u00a0: +32 (0)2\u00a0230 96 62<br \/>Fax\u00a0: +32 (0)2\u00a0230 70 83<br \/>e-mail : <a href=\"mailto:urzad_marszalkowski@mazovia.pl\" target=\"_blank\" rel=\"noopener noreferrer\" data-auth=\"NotApplicable\" data-linkindex=\"1\">urzad_marszalkowski@mazovia.pl<\/a>\u00a0<br \/><a href=\"https:\/\/www.mazovia.pl\/en\/international-cooperation\/the-representative-office-of-mazovia-voivodeship-in-brussels\" target=\"_blank\" rel=\"noopener noreferrer\">http:\/\/www.mazovia.pl\/<br \/><\/a><br \/><strong>Bureau d&#8217;Information de la Vo\u00efvodie d&#8217;Opole \u00e0 Bruxelles<\/strong> <br \/>Rue du Luxembourg 3 (3e \u00e9t.)<br \/>1000 Bruxelles<br \/>T\u00e9l.\u00a0:\u00a0+32 2 207 13 70<br \/>email : <a href=\"mailto:bruksela@opolskie.pl\">bruksela@opolskie.pl<\/a><a href=\"http:\/\/www.opolskie.pl\/lokalizacje\/biuro-informacyjne-wojewodztwa-opolskiego-w-brukseli\/\"><br \/>http:\/\/www.opolskie.pl\/<br \/><\/a><\/p>\n<p><strong>Centre r\u00e9gional de la vo\u00efvodie de Pom\u00e9ranie<\/strong><br \/>Rue du Luxembourg 3<br \/>1040 Bruxelles<br \/>T\u00e9l.\u00a0: +32 (0)2\u00a0282 84 10<br \/>Fax\u00a0: +32 (0)2\u00a0282 84 12<br \/>e-mail\u00a0: <a href=\"mailto:pomorskie@pomorskieregion.eu\">pomorskie@pomorskieregion.eu<\/a><br \/><a href=\"https:\/\/pomorskieregion.eu\/\" target=\"_blank\" rel=\"noopener noreferrer\">https:\/\/pomorskieregion.eu\/<\/a><br \/><br \/><strong>Centre r\u00e9gional de la vo\u00efvodie de Sil\u00e9sie<\/strong><br \/>Rue de la Science 41<br \/>1040\u00a0Brussels<br \/>T\u00e9l.\u00a0:\u00a0+32 2 514 77 67<br \/>e-mail\u00a0: <a href=\"mailto:info@southpolandhouse.eu\">info@southpolandhouse.eu<\/a><br \/><a href=\"http:\/\/www.southpolandhouse.eu\/\" target=\"_blank\" rel=\"noopener noreferrer\">http:\/\/www.southpolandhouse.eu\/<\/a><br \/><br \/><strong>Repr\u00e9sentation de la vo\u00efvodie de Varmie-Mazurie \u00e0 Bruxelles<\/strong><br \/>Avenue de Tervueren 48<br \/>1040 Bruxelles<br \/>T\u00e9l.\u00a0: +32 2 738 02 20<br \/>Fax\u00a0: +32 (0)2 735 33 20<br \/>e-mail\u00a0: <a href=\"mailto:info@eastpoland.eu\">info@eastpoland.eu<\/a><br \/><a href=\"http:\/\/www.eastpoland.eu\/index.html\" target=\"_blank\" rel=\"noopener noreferrer\">http:\/\/www.eastpoland.eu\/<\/a><br \/><br \/><strong>Centre d&#8217;information de la vo\u00efvodie de Grande Pologne \u00e0 Bruxelles<\/strong><br \/>Av. de l&#8217;Yser 19<br \/>1040 Bruxelles<br \/>T\u00e9l.\u00a0: +32 (0)2\u00a0734 09 41<br \/>Fax\u00a0: +32 (0)2\u00a0734 09 44<br \/>e-mail\u00a0: <a href=\"mailto:brussels.office@wielkopolska.eu\">brussels.office@wielkopolska.eu<\/a><br \/><a href=\"http:\/\/www.wielkopolska.eu\/francais-topmenu-81\" target=\"_blank\" rel=\"noopener noreferrer\">http:\/\/www.wielkopolska.eu<\/a><br \/><br \/><strong>Centre r\u00e9gional de la vo\u00efvodie de Basse-Sil\u00e9sie \u00e0 Bruxelles<\/strong><br \/>Av. d&#8217;Auderghem 22-28<br \/>1040 Bruxelles<br \/>T\u00e9l.\u00a0: +32 (0)2\u00a0740 27 26<br \/>Fax\u00a0: +32 (0)2\u00a0740 27 20<br \/>e-mail\u00a0: <a href=\"mailto:office@lowersilesia.pl\">office@lowersilesia.pl<\/a><br \/><a href=\"http:\/\/www.umwd.dolnyslask.pl\/en\/biuro\/]\" target=\"_blank\" rel=\"noopener noreferrer\">http:\/\/www.umwd.dolnyslask.pl<\/a><br \/><br \/><strong>Centre d&#8217;information de la vo\u00efvodie de Cujavie-Pom\u00e9ranie \u00e0 Bruxelles<\/strong><br \/>Av. de Tervuren 84<br \/>1040 Bruxelles<br \/>T\u00e9l.\u00a0: +32 (0)2\u00a0734 12 17<br \/>Fax\u00a0: +32 (0)2\u00a0734 29 96<br \/>e-mail\u00a0: <a href=\"mailto:brussels@kujawsko-pomorskie.pl\" target=\"_blink\" rel=\"noopener noreferrer\">brussels@kujawsko-pomorskie.pl<\/a><br \/><a href=\"http:\/\/www.mojregion.eu\/index.php\/bruksela\/fr\" target=\"_blank\" rel=\"noopener noreferrer\">www.kujawsko-pomorskie.pl<\/a><br \/><br \/><strong>Centre r\u00e9gional de la vo\u00efvodie de Pom\u00e9ranie-Occidentale \u00e0 Bruxelles<br \/><\/strong>Rue Montoyer 31<br \/>1000 Bruxelles<br \/>T\u00e9l. : +32 (0)2 414 96 04<br \/>Fax : +32 (0)2 411 32 15<br \/>e-mail\u00a0: <a href=\"mailto:westpomerania@wzp.pl\">westpomerania@wzp.pl<\/a><br \/><em><a href=\"http:\/\/wzp.pl\/westpomerania\/fr\/bienvenus\" target=\"_blank\" rel=\"noopener noreferrer\">http:\/\/www.westpomerania.wzp.pl<\/a><\/em><br \/><br \/><strong>Centre r\u00e9gional de la vo\u00efvodie de Podlachie \u00e0 Bruxelles<\/strong><br \/>Av. des Celtes 20<br \/>1040 Bruxelles<br \/>T\u00e9l.\u00a0: +32 (0)2\u00a0733 64 24<br \/>Fax\u00a0: +32 (0)2\u00a0733 77 25<br \/>e-mail\u00a0: <a href=\"mailto:podlaskie_region@wrotapodlasia.pl\">podlaskie_region@wrotapodlasia.pl<\/a><br \/><a href=\"http:\/\/www.wrotapodlasia.pl\/en\/ue\/\" target=\"_blink\" rel=\"noopener noreferrer\">http:\/\/www.wrotapodlasia.pl<\/a><br \/><br \/><strong>Centre d&#8217;information de la vo\u00efvodie de Lubusz<\/strong><br \/>Av. Palmerston 3<br \/>1000 Bruxelles<br \/>T\u00e9l.\u00a0: +32 (0)2\u00a0234 68 56<br \/>Fax\u00a0: +32 (0)2\u00a0234 68 56<br \/>e-mail\u00a0: <a href=\"mailto:bruksela@lubuski.pl\">bruksela@lubuski.pl<\/a><br \/><a href=\"http:\/\/www.bruksela.lubuskie.pl\/\" target=\"_blink\" rel=\"noopener noreferrer\">http:\/\/www.bruksela.lubuskie.pl<\/a><br \/><br \/><strong>Centre d&#8217;information de la vo\u00efvodie de Basses-Carpates<\/strong><br \/>Avenue de Tervueren 48<br \/>1040 Bruxelles<br \/>T\u00e9l.\u00a0: +32 2 738 02 20<br \/>Fax\u00a0: +32 (0)2 735 33 20<br \/>e-mail\u00a0:\u00a0<a href=\"mailto:info@eastpoland.eu\">info@eastpoland.eu<\/a><br \/><a href=\"http:\/\/www.eastpoland.eu\/index.html\" target=\"_blank\" rel=\"noopener noreferrer\">http:\/\/www.eastpoland.eu\/<\/a><\/p>\n","protected":false},"excerpt":{"rendered":"<p>Ambassade de la R\u00e9publique de Pologne \u00e0 BruxellesRue St\u00e9vin 1391000 BruxellesT\u00e9l.\u00a0: +32 (0)2\u00a0739 01 00e-mail\u00a0: bebruamb2@msz.gov.pl\u00a0Section consulaire de l&#8217;Ambassade de la R\u00e9publique de Pologne \u00e0 BruxellesRue des Francs 281040 BruxellesT\u00e9l.\u00a0: +32 (0)2 739 01 01Fax\u00a0: +32 (0)2 736 44 59e-mail : bebruamb3@msz.gov.plhttp:\/\/www.bruksela.msz.gov.pl Horaire d&#8217;ouvrture :\u00a0&#8211; le mardi, de 9h\u00a0\u00e0 13h&#8211; le mercredi, de 13h\u00a0\u00e0 18h&#8211; [&hellip;]<\/p>\n","protected":false},"author":1,"featured_media":0,"parent":894,"menu_order":0,"comment_status":"closed","ping_status":"closed","template":"","meta":{"inline_featured_image":false,"_monsterinsights_skip_tracking":false,"_monsterinsights_sitenote_active":false,"_monsterinsights_sitenote_note":"","_monsterinsights_sitenote_category":0,"footnotes":""},"class_list":["post-944","page","type-page","status-publish","hentry"],"yoast_head":"<!-- This site is optimized with the Yoast SEO plugin v24.6 - https:\/\/yoast.com\/wordpress\/plugins\/seo\/ -->\n<title>Institutions Polonaises en Belgique - Instytut Polski w Brukseli<\/title>\n<meta name=\"robots\" content=\"index, follow, max-snippet:-1, max-image-preview:large, max-video-preview:-1\" \/>\n<link rel=\"canonical\" href=\"https:\/\/instytutpolski.pl\/brussels\/a-propos-de-linstitut-polonais\/institutions\/\" \/>\n<meta property=\"og:locale\" content=\"pl_PL\" \/>\n<meta property=\"og:type\" content=\"article\" \/>\n<meta property=\"og:title\" content=\"Institutions Polonaises en Belgique - Instytut Polski w Brukseli\" \/>\n<meta property=\"og:description\" content=\"Ambassade de la R\u00e9publique de Pologne \u00e0 BruxellesRue St\u00e9vin 1391000 BruxellesT\u00e9l.\u00a0: +32 (0)2\u00a0739 01 00e-mail\u00a0: bebruamb2@msz.gov.pl\u00a0Section consulaire de l&#8217;Ambassade de la R\u00e9publique de Pologne \u00e0 BruxellesRue des Francs 281040 BruxellesT\u00e9l.\u00a0: +32 (0)2 739 01 01Fax\u00a0: +32 (0)2 736 44 59e-mail : bebruamb3@msz.gov.plhttp:\/\/www.bruksela.msz.gov.pl Horaire d&#8217;ouvrture :\u00a0&#8211; le mardi, de 9h\u00a0\u00e0 13h&#8211; le mercredi, de 13h\u00a0\u00e0 18h&#8211; [&hellip;]\" \/>\n<meta property=\"og:url\" content=\"https:\/\/instytutpolski.pl\/brussels\/a-propos-de-linstitut-polonais\/institutions\/\" \/>\n<meta property=\"og:site_name\" content=\"Instytut Polski w Brukseli\" \/>\n<meta property=\"article:modified_time\" content=\"2022-08-01T08:55:28+00:00\" \/>\n<meta name=\"twitter:card\" content=\"summary_large_image\" \/>\n<meta name=\"twitter:label1\" content=\"Szacowany czas czytania\" \/>\n\t<meta name=\"twitter:data1\" content=\"4 minuty\" \/>\n<script type=\"application\/ld+json\" class=\"yoast-schema-graph\">{\"@context\":\"https:\/\/schema.org\",\"@graph\":[{\"@type\":\"WebPage\",\"@id\":\"https:\/\/instytutpolski.pl\/brussels\/a-propos-de-linstitut-polonais\/institutions\/\",\"url\":\"https:\/\/instytutpolski.pl\/brussels\/a-propos-de-linstitut-polonais\/institutions\/\",\"name\":\"Institutions Polonaises en Belgique - Instytut Polski w Brukseli\",\"isPartOf\":{\"@id\":\"https:\/\/instytutpolski.pl\/brussels\/#website\"},\"datePublished\":\"2019-06-25T13:26:40+00:00\",\"dateModified\":\"2022-08-01T08:55:28+00:00\",\"breadcrumb\":{\"@id\":\"https:\/\/instytutpolski.pl\/brussels\/a-propos-de-linstitut-polonais\/institutions\/#breadcrumb\"},\"inLanguage\":\"pl-PL\",\"potentialAction\":[{\"@type\":\"ReadAction\",\"target\":[\"https:\/\/instytutpolski.pl\/brussels\/a-propos-de-linstitut-polonais\/institutions\/\"]}]},{\"@type\":\"BreadcrumbList\",\"@id\":\"https:\/\/instytutpolski.pl\/brussels\/a-propos-de-linstitut-polonais\/institutions\/#breadcrumb\",\"itemListElement\":[{\"@type\":\"ListItem\",\"position\":1,\"name\":\"Home\",\"item\":\"https:\/\/instytutpolski.pl\/brussels\/\"},{\"@type\":\"ListItem\",\"position\":2,\"name\":\"\u00c0 propos de l&#8217;Institut polonais\",\"item\":\"https:\/\/instytutpolski.pl\/brussels\/a-propos-de-linstitut-polonais\/\"},{\"@type\":\"ListItem\",\"position\":3,\"name\":\"Institutions Polonaises en Belgique\"}]},{\"@type\":\"WebSite\",\"@id\":\"https:\/\/instytutpolski.pl\/brussels\/#website\",\"url\":\"https:\/\/instytutpolski.pl\/brussels\/\",\"name\":\"Instytut Polski w Brukseli\",\"description\":\"Instytuty Polskie\",\"potentialAction\":[{\"@type\":\"SearchAction\",\"target\":{\"@type\":\"EntryPoint\",\"urlTemplate\":\"https:\/\/instytutpolski.pl\/brussels\/?s={search_term_string}\"},\"query-input\":{\"@type\":\"PropertyValueSpecification\",\"valueRequired\":true,\"valueName\":\"search_term_string\"}}],\"inLanguage\":\"pl-PL\"}]}<\/script>\n<!-- \/ Yoast SEO plugin. -->","yoast_head_json":{"title":"Institutions Polonaises en Belgique - Instytut Polski w Brukseli","robots":{"index":"index","follow":"follow","max-snippet":"max-snippet:-1","max-image-preview":"max-image-preview:large","max-video-preview":"max-video-preview:-1"},"canonical":"https:\/\/instytutpolski.pl\/brussels\/a-propos-de-linstitut-polonais\/institutions\/","og_locale":"pl_PL","og_type":"article","og_title":"Institutions Polonaises en Belgique - Instytut Polski w Brukseli","og_description":"Ambassade de la R\u00e9publique de Pologne \u00e0 BruxellesRue St\u00e9vin 1391000 BruxellesT\u00e9l.\u00a0: +32 (0)2\u00a0739 01 00e-mail\u00a0: bebruamb2@msz.gov.pl\u00a0Section consulaire de l&#8217;Ambassade de la R\u00e9publique de Pologne \u00e0 BruxellesRue des Francs 281040 BruxellesT\u00e9l.\u00a0: +32 (0)2 739 01 01Fax\u00a0: +32 (0)2 736 44 59e-mail : bebruamb3@msz.gov.plhttp:\/\/www.bruksela.msz.gov.pl Horaire d&#8217;ouvrture :\u00a0&#8211; le mardi, de 9h\u00a0\u00e0 13h&#8211; le mercredi, de 13h\u00a0\u00e0 18h&#8211; [&hellip;]","og_url":"https:\/\/instytutpolski.pl\/brussels\/a-propos-de-linstitut-polonais\/institutions\/","og_site_name":"Instytut Polski w Brukseli","article_modified_time":"2022-08-01T08:55:28+00:00","twitter_card":"summary_large_image","twitter_misc":{"Szacowany czas czytania":"4 minuty"},"schema":{"@context":"https:\/\/schema.org","@graph":[{"@type":"WebPage","@id":"https:\/\/instytutpolski.pl\/brussels\/a-propos-de-linstitut-polonais\/institutions\/","url":"https:\/\/instytutpolski.pl\/brussels\/a-propos-de-linstitut-polonais\/institutions\/","name":"Institutions Polonaises en Belgique - Instytut Polski w Brukseli","isPartOf":{"@id":"https:\/\/instytutpolski.pl\/brussels\/#website"},"datePublished":"2019-06-25T13:26:40+00:00","dateModified":"2022-08-01T08:55:28+00:00","breadcrumb":{"@id":"https:\/\/instytutpolski.pl\/brussels\/a-propos-de-linstitut-polonais\/institutions\/#breadcrumb"},"inLanguage":"pl-PL","potentialAction":[{"@type":"ReadAction","target":["https:\/\/instytutpolski.pl\/brussels\/a-propos-de-linstitut-polonais\/institutions\/"]}]},{"@type":"BreadcrumbList","@id":"https:\/\/instytutpolski.pl\/brussels\/a-propos-de-linstitut-polonais\/institutions\/#breadcrumb","itemListElement":[{"@type":"ListItem","position":1,"name":"Home","item":"https:\/\/instytutpolski.pl\/brussels\/"},{"@type":"ListItem","position":2,"name":"\u00c0 propos de l&#8217;Institut polonais","item":"https:\/\/instytutpolski.pl\/brussels\/a-propos-de-linstitut-polonais\/"},{"@type":"ListItem","position":3,"name":"Institutions Polonaises en Belgique"}]},{"@type":"WebSite","@id":"https:\/\/instytutpolski.pl\/brussels\/#website","url":"https:\/\/instytutpolski.pl\/brussels\/","name":"Instytut Polski w Brukseli","description":"Instytuty Polskie","potentialAction":[{"@type":"SearchAction","target":{"@type":"EntryPoint","urlTemplate":"https:\/\/instytutpolski.pl\/brussels\/?s={search_term_string}"},"query-input":{"@type":"PropertyValueSpecification","valueRequired":true,"valueName":"search_term_string"}}],"inLanguage":"pl-PL"}]}},"_links":{"self":[{"href":"https:\/\/instytutpolski.pl\/brussels\/wp-json\/wp\/v2\/pages\/944","targetHints":{"allow":["GET"]}}],"collection":[{"href":"https:\/\/instytutpolski.pl\/brussels\/wp-json\/wp\/v2\/pages"}],"about":[{"href":"https:\/\/instytutpolski.pl\/brussels\/wp-json\/wp\/v2\/types\/page"}],"author":[{"embeddable":true,"href":"https:\/\/instytutpolski.pl\/brussels\/wp-json\/wp\/v2\/users\/1"}],"replies":[{"embeddable":true,"href":"https:\/\/instytutpolski.pl\/brussels\/wp-json\/wp\/v2\/comments?post=944"}],"version-history":[{"count":4,"href":"https:\/\/instytutpolski.pl\/brussels\/wp-json\/wp\/v2\/pages\/944\/revisions"}],"predecessor-version":[{"id":8914,"href":"https:\/\/instytutpolski.pl\/brussels\/wp-json\/wp\/v2\/pages\/944\/revisions\/8914"}],"up":[{"embeddable":true,"href":"https:\/\/instytutpolski.pl\/brussels\/wp-json\/wp\/v2\/pages\/894"}],"wp:attachment":[{"href":"https:\/\/instytutpolski.pl\/brussels\/wp-json\/wp\/v2\/media?parent=944"}],"curies":[{"name":"wp","href":"https:\/\/api.w.org\/{rel}","templated":true}]}}