{"id":962,"date":"2019-06-25T15:29:01","date_gmt":"2019-06-25T13:29:01","guid":{"rendered":"https:\/\/instytutpolski.pl\/bruksela\/?page_id=962"},"modified":"2023-06-16T13:52:47","modified_gmt":"2023-06-16T11:52:47","slug":"espace-presse","status":"publish","type":"page","link":"https:\/\/instytutpolski.pl\/brussels\/a-propos-de-linstitut-polonais\/espace-presse\/","title":{"rendered":"Espace presse"},"content":{"rendered":"\n<p>Vous souhaitez de recevoir des informations \u00e0 propos des activit\u00e9s de l&#8217;Institut Polonais Bruxelles, les communiqu\u00e9es de presse ou notre logo ? Contactez nous par e-mail <a href=\"mailto:kaja.strzelka@instytutpolski.pl\">kaja.strzelka@instytutpolski.pl<\/a>.\u00a0<\/p>\n\n\n\n\n","protected":false},"excerpt":{"rendered":"<p>Vous souhaitez de recevoir des informations \u00e0 propos des activit\u00e9s de l&#8217;Institut Polonais Bruxelles, les communiqu\u00e9es de presse ou notre logo ? Contactez nous par e-mail kaja.strzelka@instytutpolski.pl.\u00a0<\/p>\n","protected":false},"author":125,"featured_media":0,"parent":894,"menu_order":0,"comment_status":"closed","ping_status":"closed","template":"","meta":{"inline_featured_image":false,"_monsterinsights_skip_tracking":false,"_monsterinsights_sitenote_active":false,"_monsterinsights_sitenote_note":"","_monsterinsights_sitenote_category":0,"footnotes":""},"class_list":["post-962","page","type-page","status-publish","hentry"],"yoast_head":"<!-- This site is optimized with the Yoast SEO plugin v24.6 - https:\/\/yoast.com\/wordpress\/plugins\/seo\/ -->\n<title>Espace presse - Instytut Polski w Brukseli<\/title>\n<meta name=\"robots\" content=\"index, follow, max-snippet:-1, max-image-preview:large, max-video-preview:-1\" \/>\n<link rel=\"canonical\" href=\"https:\/\/instytutpolski.pl\/brussels\/a-propos-de-linstitut-polonais\/espace-presse\/\" \/>\n<meta property=\"og:locale\" content=\"pl_PL\" \/>\n<meta property=\"og:type\" content=\"article\" \/>\n<meta property=\"og:title\" content=\"Espace presse - Instytut Polski w Brukseli\" \/>\n<meta property=\"og:description\" content=\"Vous souhaitez de recevoir des informations \u00e0 propos des activit\u00e9s de l&#8217;Institut Polonais Bruxelles, les communiqu\u00e9es de presse ou notre logo ? Contactez nous par e-mail kaja.strzelka@instytutpolski.pl.\u00a0\" \/>\n<meta property=\"og:url\" content=\"https:\/\/instytutpolski.pl\/brussels\/a-propos-de-linstitut-polonais\/espace-presse\/\" \/>\n<meta property=\"og:site_name\" content=\"Instytut Polski w Brukseli\" \/>\n<meta property=\"article:modified_time\" content=\"2023-06-16T11:52:47+00:00\" \/>\n<meta name=\"twitter:card\" content=\"summary_large_image\" \/>\n<meta name=\"twitter:label1\" content=\"Szacowany czas czytania\" \/>\n\t<meta name=\"twitter:data1\" content=\"1 minuta\" \/>\n<script type=\"application\/ld+json\" class=\"yoast-schema-graph\">{\"@context\":\"https:\/\/schema.org\",\"@graph\":[{\"@type\":\"WebPage\",\"@id\":\"https:\/\/instytutpolski.pl\/brussels\/a-propos-de-linstitut-polonais\/espace-presse\/\",\"url\":\"https:\/\/instytutpolski.pl\/brussels\/a-propos-de-linstitut-polonais\/espace-presse\/\",\"name\":\"Espace presse - Instytut Polski w Brukseli\",\"isPartOf\":{\"@id\":\"https:\/\/instytutpolski.pl\/brussels\/#website\"},\"datePublished\":\"2019-06-25T13:29:01+00:00\",\"dateModified\":\"2023-06-16T11:52:47+00:00\",\"breadcrumb\":{\"@id\":\"https:\/\/instytutpolski.pl\/brussels\/a-propos-de-linstitut-polonais\/espace-presse\/#breadcrumb\"},\"inLanguage\":\"pl-PL\",\"potentialAction\":[{\"@type\":\"ReadAction\",\"target\":[\"https:\/\/instytutpolski.pl\/brussels\/a-propos-de-linstitut-polonais\/espace-presse\/\"]}]},{\"@type\":\"BreadcrumbList\",\"@id\":\"https:\/\/instytutpolski.pl\/brussels\/a-propos-de-linstitut-polonais\/espace-presse\/#breadcrumb\",\"itemListElement\":[{\"@type\":\"ListItem\",\"position\":1,\"name\":\"Home\",\"item\":\"https:\/\/instytutpolski.pl\/brussels\/\"},{\"@type\":\"ListItem\",\"position\":2,\"name\":\"\u00c0 propos de l&#8217;Institut polonais\",\"item\":\"https:\/\/instytutpolski.pl\/brussels\/a-propos-de-linstitut-polonais\/\"},{\"@type\":\"ListItem\",\"position\":3,\"name\":\"Espace presse\"}]},{\"@type\":\"WebSite\",\"@id\":\"https:\/\/instytutpolski.pl\/brussels\/#website\",\"url\":\"https:\/\/instytutpolski.pl\/brussels\/\",\"name\":\"Instytut Polski w Brukseli\",\"description\":\"Instytuty Polskie\",\"potentialAction\":[{\"@type\":\"SearchAction\",\"target\":{\"@type\":\"EntryPoint\",\"urlTemplate\":\"https:\/\/instytutpolski.pl\/brussels\/?s={search_term_string}\"},\"query-input\":{\"@type\":\"PropertyValueSpecification\",\"valueRequired\":true,\"valueName\":\"search_term_string\"}}],\"inLanguage\":\"pl-PL\"}]}<\/script>\n<!-- \/ Yoast SEO plugin. -->","yoast_head_json":{"title":"Espace presse - Instytut Polski w Brukseli","robots":{"index":"index","follow":"follow","max-snippet":"max-snippet:-1","max-image-preview":"max-image-preview:large","max-video-preview":"max-video-preview:-1"},"canonical":"https:\/\/instytutpolski.pl\/brussels\/a-propos-de-linstitut-polonais\/espace-presse\/","og_locale":"pl_PL","og_type":"article","og_title":"Espace presse - Instytut Polski w Brukseli","og_description":"Vous souhaitez de recevoir des informations \u00e0 propos des activit\u00e9s de l&#8217;Institut Polonais Bruxelles, les communiqu\u00e9es de presse ou notre logo ? Contactez nous par e-mail kaja.strzelka@instytutpolski.pl.\u00a0","og_url":"https:\/\/instytutpolski.pl\/brussels\/a-propos-de-linstitut-polonais\/espace-presse\/","og_site_name":"Instytut Polski w Brukseli","article_modified_time":"2023-06-16T11:52:47+00:00","twitter_card":"summary_large_image","twitter_misc":{"Szacowany czas czytania":"1 minuta"},"schema":{"@context":"https:\/\/schema.org","@graph":[{"@type":"WebPage","@id":"https:\/\/instytutpolski.pl\/brussels\/a-propos-de-linstitut-polonais\/espace-presse\/","url":"https:\/\/instytutpolski.pl\/brussels\/a-propos-de-linstitut-polonais\/espace-presse\/","name":"Espace presse - Instytut Polski w Brukseli","isPartOf":{"@id":"https:\/\/instytutpolski.pl\/brussels\/#website"},"datePublished":"2019-06-25T13:29:01+00:00","dateModified":"2023-06-16T11:52:47+00:00","breadcrumb":{"@id":"https:\/\/instytutpolski.pl\/brussels\/a-propos-de-linstitut-polonais\/espace-presse\/#breadcrumb"},"inLanguage":"pl-PL","potentialAction":[{"@type":"ReadAction","target":["https:\/\/instytutpolski.pl\/brussels\/a-propos-de-linstitut-polonais\/espace-presse\/"]}]},{"@type":"BreadcrumbList","@id":"https:\/\/instytutpolski.pl\/brussels\/a-propos-de-linstitut-polonais\/espace-presse\/#breadcrumb","itemListElement":[{"@type":"ListItem","position":1,"name":"Home","item":"https:\/\/instytutpolski.pl\/brussels\/"},{"@type":"ListItem","position":2,"name":"\u00c0 propos de l&#8217;Institut polonais","item":"https:\/\/instytutpolski.pl\/brussels\/a-propos-de-linstitut-polonais\/"},{"@type":"ListItem","position":3,"name":"Espace presse"}]},{"@type":"WebSite","@id":"https:\/\/instytutpolski.pl\/brussels\/#website","url":"https:\/\/instytutpolski.pl\/brussels\/","name":"Instytut Polski w Brukseli","description":"Instytuty Polskie","potentialAction":[{"@type":"SearchAction","target":{"@type":"EntryPoint","urlTemplate":"https:\/\/instytutpolski.pl\/brussels\/?s={search_term_string}"},"query-input":{"@type":"PropertyValueSpecification","valueRequired":true,"valueName":"search_term_string"}}],"inLanguage":"pl-PL"}]}},"_links":{"self":[{"href":"https:\/\/instytutpolski.pl\/brussels\/wp-json\/wp\/v2\/pages\/962","targetHints":{"allow":["GET"]}}],"collection":[{"href":"https:\/\/instytutpolski.pl\/brussels\/wp-json\/wp\/v2\/pages"}],"about":[{"href":"https:\/\/instytutpolski.pl\/brussels\/wp-json\/wp\/v2\/types\/page"}],"author":[{"embeddable":true,"href":"https:\/\/instytutpolski.pl\/brussels\/wp-json\/wp\/v2\/users\/125"}],"replies":[{"embeddable":true,"href":"https:\/\/instytutpolski.pl\/brussels\/wp-json\/wp\/v2\/comments?post=962"}],"version-history":[{"count":9,"href":"https:\/\/instytutpolski.pl\/brussels\/wp-json\/wp\/v2\/pages\/962\/revisions"}],"predecessor-version":[{"id":11981,"href":"https:\/\/instytutpolski.pl\/brussels\/wp-json\/wp\/v2\/pages\/962\/revisions\/11981"}],"up":[{"embeddable":true,"href":"https:\/\/instytutpolski.pl\/brussels\/wp-json\/wp\/v2\/pages\/894"}],"wp:attachment":[{"href":"https:\/\/instytutpolski.pl\/brussels\/wp-json\/wp\/v2\/media?parent=962"}],"curies":[{"name":"wp","href":"https:\/\/api.w.org\/{rel}","templated":true}]}}