{"id":122,"date":"2019-06-05T21:09:24","date_gmt":"2019-06-05T19:09:24","guid":{"rendered":"https:\/\/instytutpolski.pl\/bukareszt\/?page_id=122"},"modified":"2020-05-31T23:41:33","modified_gmt":"2020-05-31T21:41:33","slug":"agnieszka-skieterska","status":"publish","type":"page","link":"https:\/\/instytutpolski.pl\/bucuresti\/agnieszka-skieterska\/","title":{"rendered":"Agnieszka Skieterska"},"content":{"rendered":"\n<p><strong>Agnieszka Skieterska \u2013 director al Institutului Polonez din Bucure\u0219ti \u00eencep\u00e2nd cu luna octombrie 2015.<\/strong><\/p>\n<p><a href=\"https:\/\/instytutpolski.pl\/bukareszt\/wp-content\/uploads\/sites\/11\/2019\/06\/a-skieterska-small.jpg\"><img loading=\"lazy\" decoding=\"async\" class=\"wp-image-123 alignright\" src=\"https:\/\/instytutpolski.pl\/bukareszt\/wp-content\/uploads\/sites\/11\/2019\/06\/a-skieterska-small.jpg\" alt=\"\" width=\"225\" height=\"312\" srcset=\"https:\/\/instytutpolski.pl\/bucuresti\/wp-content\/uploads\/sites\/11\/2019\/06\/a-skieterska-small.jpg 497w, https:\/\/instytutpolski.pl\/bucuresti\/wp-content\/uploads\/sites\/11\/2019\/06\/a-skieterska-small-216x300.jpg 216w\" sizes=\"auto, (max-width: 225px) 100vw, 225px\" \/><\/a>Face parte din Ministerul Afacerilor Externe al Republicii Polone \u00eenc\u0103 din anul 2011, unde a lucrat \u00een cadrul Biroului Purt\u0103torului de Cuv\u00e2nt fiind responsabil\u0103 pentru diploma\u021bia digital\u0103 \u0219i comunicarea prin internet a institu\u021biei \u0219i a misiunilor diplomatice poloneze \u00een str\u0103in\u0103tate.<\/p>\n<p>\u00cenainte de intrarea \u00een diploma\u021bie, a fost jurnalist \u0219i reporter pentru diferite institu\u021bii media din Polonia. \u00cen activitatea sa ca jurnalist s-a ocupat \u00een mod special de zona Balcanilor, a scris \u0219i despre Rom\u00e2nia, pe care a vizitat-o cu regularitate \u00eencep\u00e2nd din anul 2001.<\/p>\n<p>Este absolvent\u0103 a Facult\u0103\u021bii de Jurnalism din cadrul Universit\u0103\u021bii din Var\u0219ovia \u0219i a studiat, de asemenea, la Colegiul Europei de Est din cadrul aceleia\u0219i universit\u0103\u021bi. \u00cen timpul liber este o pasionat\u0103 exploratoare a zonei Carpa\u021bilor \u0219i ghid montan.<\/p>\n","protected":false},"excerpt":{"rendered":"<p>Agnieszka Skieterska \u2013 director al Institutului Polonez din Bucure\u0219ti \u00eencep\u00e2nd cu luna octombrie 2015. Face parte din Ministerul Afacerilor Externe al Republicii Polone \u00eenc\u0103 din anul 2011, unde a lucrat \u00een cadrul Biroului Purt\u0103torului de Cuv\u00e2nt fiind responsabil\u0103 pentru diploma\u021bia digital\u0103 \u0219i comunicarea prin internet a institu\u021biei \u0219i a misiunilor diplomatice poloneze \u00een str\u0103in\u0103tate. \u00cenainte [&hellip;]<\/p>\n","protected":false},"author":1,"featured_media":1285,"parent":0,"menu_order":0,"comment_status":"closed","ping_status":"closed","template":"","meta":{"inline_featured_image":false,"_monsterinsights_skip_tracking":false,"_monsterinsights_sitenote_active":false,"_monsterinsights_sitenote_note":"","_monsterinsights_sitenote_category":0,"footnotes":""},"class_list":["post-122","page","type-page","status-publish","has-post-thumbnail","hentry"],"yoast_head":"<!-- This site is optimized with the Yoast SEO plugin v24.6 - https:\/\/yoast.com\/wordpress\/plugins\/seo\/ -->\n<title>Agnieszka Skieterska - Instytut Polski w Bukareszcie<\/title>\n<meta name=\"robots\" content=\"index, follow, max-snippet:-1, max-image-preview:large, max-video-preview:-1\" \/>\n<link rel=\"canonical\" href=\"https:\/\/instytutpolski.pl\/bucuresti\/agnieszka-skieterska\/\" \/>\n<meta property=\"og:locale\" content=\"pl_PL\" \/>\n<meta property=\"og:type\" content=\"article\" \/>\n<meta property=\"og:title\" content=\"Agnieszka Skieterska - Instytut Polski w Bukareszcie\" \/>\n<meta property=\"og:description\" content=\"Agnieszka Skieterska \u2013 director al Institutului Polonez din Bucure\u0219ti \u00eencep\u00e2nd cu luna octombrie 2015. Face parte din Ministerul Afacerilor Externe al Republicii Polone \u00eenc\u0103 din anul 2011, unde a lucrat \u00een cadrul Biroului Purt\u0103torului de Cuv\u00e2nt fiind responsabil\u0103 pentru diploma\u021bia digital\u0103 \u0219i comunicarea prin internet a institu\u021biei \u0219i a misiunilor diplomatice poloneze \u00een str\u0103in\u0103tate. \u00cenainte [&hellip;]\" \/>\n<meta property=\"og:url\" content=\"https:\/\/instytutpolski.pl\/bucuresti\/agnieszka-skieterska\/\" \/>\n<meta property=\"og:site_name\" content=\"Instytut Polski w Bukareszcie\" \/>\n<meta property=\"article:modified_time\" content=\"2020-05-31T21:41:33+00:00\" \/>\n<meta property=\"og:image\" content=\"https:\/\/instytutpolski.pl\/bucuresti\/wp-content\/uploads\/sites\/11\/2020\/03\/Mediateka_IP.jpg\" \/>\n\t<meta property=\"og:image:width\" content=\"1641\" \/>\n\t<meta property=\"og:image:height\" content=\"988\" \/>\n\t<meta property=\"og:image:type\" content=\"image\/jpeg\" \/>\n<meta name=\"twitter:card\" content=\"summary_large_image\" \/>\n<meta name=\"twitter:label1\" content=\"Szacowany czas czytania\" \/>\n\t<meta name=\"twitter:data1\" content=\"1 minuta\" \/>\n<script type=\"application\/ld+json\" class=\"yoast-schema-graph\">{\"@context\":\"https:\/\/schema.org\",\"@graph\":[{\"@type\":\"WebPage\",\"@id\":\"https:\/\/instytutpolski.pl\/bucuresti\/agnieszka-skieterska\/\",\"url\":\"https:\/\/instytutpolski.pl\/bucuresti\/agnieszka-skieterska\/\",\"name\":\"Agnieszka Skieterska - Instytut Polski w Bukareszcie\",\"isPartOf\":{\"@id\":\"https:\/\/instytutpolski.pl\/bucuresti\/#website\"},\"primaryImageOfPage\":{\"@id\":\"https:\/\/instytutpolski.pl\/bucuresti\/agnieszka-skieterska\/#primaryimage\"},\"image\":{\"@id\":\"https:\/\/instytutpolski.pl\/bucuresti\/agnieszka-skieterska\/#primaryimage\"},\"thumbnailUrl\":\"https:\/\/instytutpolski.pl\/bucuresti\/wp-content\/uploads\/sites\/11\/2020\/03\/Mediateka_IP.jpg\",\"datePublished\":\"2019-06-05T19:09:24+00:00\",\"dateModified\":\"2020-05-31T21:41:33+00:00\",\"breadcrumb\":{\"@id\":\"https:\/\/instytutpolski.pl\/bucuresti\/agnieszka-skieterska\/#breadcrumb\"},\"inLanguage\":\"pl-PL\",\"potentialAction\":[{\"@type\":\"ReadAction\",\"target\":[\"https:\/\/instytutpolski.pl\/bucuresti\/agnieszka-skieterska\/\"]}]},{\"@type\":\"ImageObject\",\"inLanguage\":\"pl-PL\",\"@id\":\"https:\/\/instytutpolski.pl\/bucuresti\/agnieszka-skieterska\/#primaryimage\",\"url\":\"https:\/\/instytutpolski.pl\/bucuresti\/wp-content\/uploads\/sites\/11\/2020\/03\/Mediateka_IP.jpg\",\"contentUrl\":\"https:\/\/instytutpolski.pl\/bucuresti\/wp-content\/uploads\/sites\/11\/2020\/03\/Mediateka_IP.jpg\",\"width\":1641,\"height\":988,\"caption\":\"Mediateka Instytutu Polskiego w Bukareszcie. Fot. Agnieszka Skieterska\"},{\"@type\":\"BreadcrumbList\",\"@id\":\"https:\/\/instytutpolski.pl\/bucuresti\/agnieszka-skieterska\/#breadcrumb\",\"itemListElement\":[{\"@type\":\"ListItem\",\"position\":1,\"name\":\"Home\",\"item\":\"https:\/\/instytutpolski.pl\/bucuresti\/\"},{\"@type\":\"ListItem\",\"position\":2,\"name\":\"Agnieszka Skieterska\"}]},{\"@type\":\"WebSite\",\"@id\":\"https:\/\/instytutpolski.pl\/bucuresti\/#website\",\"url\":\"https:\/\/instytutpolski.pl\/bucuresti\/\",\"name\":\"Instytut Polski w Bukareszcie\",\"description\":\"Instytuty Polskie\",\"potentialAction\":[{\"@type\":\"SearchAction\",\"target\":{\"@type\":\"EntryPoint\",\"urlTemplate\":\"https:\/\/instytutpolski.pl\/bucuresti\/?s={search_term_string}\"},\"query-input\":{\"@type\":\"PropertyValueSpecification\",\"valueRequired\":true,\"valueName\":\"search_term_string\"}}],\"inLanguage\":\"pl-PL\"}]}<\/script>\n<!-- \/ Yoast SEO plugin. -->","yoast_head_json":{"title":"Agnieszka Skieterska - Instytut Polski w Bukareszcie","robots":{"index":"index","follow":"follow","max-snippet":"max-snippet:-1","max-image-preview":"max-image-preview:large","max-video-preview":"max-video-preview:-1"},"canonical":"https:\/\/instytutpolski.pl\/bucuresti\/agnieszka-skieterska\/","og_locale":"pl_PL","og_type":"article","og_title":"Agnieszka Skieterska - Instytut Polski w Bukareszcie","og_description":"Agnieszka Skieterska \u2013 director al Institutului Polonez din Bucure\u0219ti \u00eencep\u00e2nd cu luna octombrie 2015. Face parte din Ministerul Afacerilor Externe al Republicii Polone \u00eenc\u0103 din anul 2011, unde a lucrat \u00een cadrul Biroului Purt\u0103torului de Cuv\u00e2nt fiind responsabil\u0103 pentru diploma\u021bia digital\u0103 \u0219i comunicarea prin internet a institu\u021biei \u0219i a misiunilor diplomatice poloneze \u00een str\u0103in\u0103tate. \u00cenainte [&hellip;]","og_url":"https:\/\/instytutpolski.pl\/bucuresti\/agnieszka-skieterska\/","og_site_name":"Instytut Polski w Bukareszcie","article_modified_time":"2020-05-31T21:41:33+00:00","og_image":[{"width":1641,"height":988,"url":"https:\/\/instytutpolski.pl\/bucuresti\/wp-content\/uploads\/sites\/11\/2020\/03\/Mediateka_IP.jpg","type":"image\/jpeg"}],"twitter_card":"summary_large_image","twitter_misc":{"Szacowany czas czytania":"1 minuta"},"schema":{"@context":"https:\/\/schema.org","@graph":[{"@type":"WebPage","@id":"https:\/\/instytutpolski.pl\/bucuresti\/agnieszka-skieterska\/","url":"https:\/\/instytutpolski.pl\/bucuresti\/agnieszka-skieterska\/","name":"Agnieszka Skieterska - Instytut Polski w Bukareszcie","isPartOf":{"@id":"https:\/\/instytutpolski.pl\/bucuresti\/#website"},"primaryImageOfPage":{"@id":"https:\/\/instytutpolski.pl\/bucuresti\/agnieszka-skieterska\/#primaryimage"},"image":{"@id":"https:\/\/instytutpolski.pl\/bucuresti\/agnieszka-skieterska\/#primaryimage"},"thumbnailUrl":"https:\/\/instytutpolski.pl\/bucuresti\/wp-content\/uploads\/sites\/11\/2020\/03\/Mediateka_IP.jpg","datePublished":"2019-06-05T19:09:24+00:00","dateModified":"2020-05-31T21:41:33+00:00","breadcrumb":{"@id":"https:\/\/instytutpolski.pl\/bucuresti\/agnieszka-skieterska\/#breadcrumb"},"inLanguage":"pl-PL","potentialAction":[{"@type":"ReadAction","target":["https:\/\/instytutpolski.pl\/bucuresti\/agnieszka-skieterska\/"]}]},{"@type":"ImageObject","inLanguage":"pl-PL","@id":"https:\/\/instytutpolski.pl\/bucuresti\/agnieszka-skieterska\/#primaryimage","url":"https:\/\/instytutpolski.pl\/bucuresti\/wp-content\/uploads\/sites\/11\/2020\/03\/Mediateka_IP.jpg","contentUrl":"https:\/\/instytutpolski.pl\/bucuresti\/wp-content\/uploads\/sites\/11\/2020\/03\/Mediateka_IP.jpg","width":1641,"height":988,"caption":"Mediateka Instytutu Polskiego w Bukareszcie. Fot. Agnieszka Skieterska"},{"@type":"BreadcrumbList","@id":"https:\/\/instytutpolski.pl\/bucuresti\/agnieszka-skieterska\/#breadcrumb","itemListElement":[{"@type":"ListItem","position":1,"name":"Home","item":"https:\/\/instytutpolski.pl\/bucuresti\/"},{"@type":"ListItem","position":2,"name":"Agnieszka Skieterska"}]},{"@type":"WebSite","@id":"https:\/\/instytutpolski.pl\/bucuresti\/#website","url":"https:\/\/instytutpolski.pl\/bucuresti\/","name":"Instytut Polski w Bukareszcie","description":"Instytuty Polskie","potentialAction":[{"@type":"SearchAction","target":{"@type":"EntryPoint","urlTemplate":"https:\/\/instytutpolski.pl\/bucuresti\/?s={search_term_string}"},"query-input":{"@type":"PropertyValueSpecification","valueRequired":true,"valueName":"search_term_string"}}],"inLanguage":"pl-PL"}]}},"_links":{"self":[{"href":"https:\/\/instytutpolski.pl\/bucuresti\/wp-json\/wp\/v2\/pages\/122","targetHints":{"allow":["GET"]}}],"collection":[{"href":"https:\/\/instytutpolski.pl\/bucuresti\/wp-json\/wp\/v2\/pages"}],"about":[{"href":"https:\/\/instytutpolski.pl\/bucuresti\/wp-json\/wp\/v2\/types\/page"}],"author":[{"embeddable":true,"href":"https:\/\/instytutpolski.pl\/bucuresti\/wp-json\/wp\/v2\/users\/1"}],"replies":[{"embeddable":true,"href":"https:\/\/instytutpolski.pl\/bucuresti\/wp-json\/wp\/v2\/comments?post=122"}],"version-history":[{"count":6,"href":"https:\/\/instytutpolski.pl\/bucuresti\/wp-json\/wp\/v2\/pages\/122\/revisions"}],"predecessor-version":[{"id":2735,"href":"https:\/\/instytutpolski.pl\/bucuresti\/wp-json\/wp\/v2\/pages\/122\/revisions\/2735"}],"wp:featuredmedia":[{"embeddable":true,"href":"https:\/\/instytutpolski.pl\/bucuresti\/wp-json\/wp\/v2\/media\/1285"}],"wp:attachment":[{"href":"https:\/\/instytutpolski.pl\/bucuresti\/wp-json\/wp\/v2\/media?parent=122"}],"curies":[{"name":"wp","href":"https:\/\/api.w.org\/{rel}","templated":true}]}}