{"id":125,"date":"2019-06-05T21:09:24","date_gmt":"2019-06-05T19:09:24","guid":{"rendered":"https:\/\/instytutpolski.pl\/bukareszt\/?page_id=125"},"modified":"2020-05-31T23:51:30","modified_gmt":"2020-05-31T21:51:30","slug":"agnieszka-skieterska-2","status":"publish","type":"page","link":"https:\/\/instytutpolski.pl\/bucuresti\/pl\/agnieszka-skieterska-2\/","title":{"rendered":"Agnieszka Skieterska"},"content":{"rendered":"\n<p><a href=\"https:\/\/instytutpolski.pl\/bukareszt\/wp-content\/uploads\/sites\/11\/2019\/06\/a-skieterska-small.jpg\"><img loading=\"lazy\" decoding=\"async\" class=\"wp-image-123 alignright\" src=\"https:\/\/instytutpolski.pl\/bukareszt\/wp-content\/uploads\/sites\/11\/2019\/06\/a-skieterska-small.jpg\" alt=\"\" width=\"262\" height=\"364\" srcset=\"https:\/\/instytutpolski.pl\/bucuresti\/wp-content\/uploads\/sites\/11\/2019\/06\/a-skieterska-small.jpg 497w, https:\/\/instytutpolski.pl\/bucuresti\/wp-content\/uploads\/sites\/11\/2019\/06\/a-skieterska-small-216x300.jpg 216w\" sizes=\"auto, (max-width: 262px) 100vw, 262px\" \/><\/a>Agnieszka Skieterska kieruje Instytutem Polskim w Bukareszcie od jesieni 2015 roku. Wcze\u015bniej od 2011 roku zwi\u0105zana z Ministerstwem Spraw Zagranicznych RP, w kt\u00f3rym odpowiada\u0142a za dyplomacj\u0119 cyfrow\u0105 i komunikacj\u0119 internetow\u0105 resortu oraz ponad 160 polskich plac\u00f3wek zagranicznych. Jej dzia\u0142ania w tym zakresie by\u0142y dostrzegane i nagradzane w kraju oraz za granic\u0105 (m.in. najwy\u017csze w historii polskiej dyplomacji III miejsce MSZ RP w globalnym rankingu Twiplomacy 2013 w kat. najlepiej po\u0142\u0105czonych na Twitterze, nagroda Mobile Trends Awards 2014 dla strony Polska.pl).\u00a0<\/p>\n<p>Przed rozpocz\u0119ciem pracy w dyplomacji przez ponad dekad\u0119 by\u0142a dziennikark\u0105 i reporterk\u0105 polskich medi\u00f3w, w tym m.in. Rzeczpospolitej, Gazety\u00a0Wyborczej, Polskiego Radia.\u00a0W pracy dziennikarskiej zajmowa\u0142a si\u0119 przede wszystkim Ba\u0142kanami, pisa\u0142a tak\u017ce o Rumunii, kt\u00f3r\u0105 odwiedza\u0142a regularnie od 2001 roku.<\/p>\n<p>Dla organizacji medialnych tworzy\u0142a strategie i z\u0142o\u017cone projekty cyfrowe. Prowadzi\u0142a\u00a0wiele szkole\u0144 z zakresu komunikacji internetowej i medi\u00f3w spo\u0142eczno\u015bciowych, w tym tak\u017ce dla kilkuset urz\u0119dnik\u00f3w.<\/p>\n<p>Absolwentka dziennikarstwa na Uniwersytecie Warszawskim, studiowa\u0142a r\u00f3wnie\u017c w Studium Europy Wschodniej Uniwersytetu Warszawskiego. W wolnych chwilach pasjonatka Karpat i przewodniczka g\u00f3rska.<\/p>\n","protected":false},"excerpt":{"rendered":"<p>Agnieszka Skieterska kieruje Instytutem Polskim w Bukareszcie od jesieni 2015 roku. Wcze\u015bniej od 2011 roku zwi\u0105zana z Ministerstwem Spraw Zagranicznych RP, w kt\u00f3rym odpowiada\u0142a za dyplomacj\u0119 cyfrow\u0105 i komunikacj\u0119 internetow\u0105 resortu oraz ponad 160 polskich plac\u00f3wek zagranicznych. Jej dzia\u0142ania w tym zakresie by\u0142y dostrzegane i nagradzane w kraju oraz za granic\u0105 (m.in. najwy\u017csze w historii [&hellip;]<\/p>\n","protected":false},"author":1,"featured_media":1285,"parent":0,"menu_order":0,"comment_status":"closed","ping_status":"closed","template":"","meta":{"inline_featured_image":false,"_monsterinsights_skip_tracking":false,"_monsterinsights_sitenote_active":false,"_monsterinsights_sitenote_note":"","_monsterinsights_sitenote_category":0,"footnotes":""},"class_list":["post-125","page","type-page","status-publish","has-post-thumbnail","hentry"],"yoast_head":"<!-- This site is optimized with the Yoast SEO plugin v24.6 - https:\/\/yoast.com\/wordpress\/plugins\/seo\/ -->\n<title>Agnieszka Skieterska - Instytut Polski w Bukareszcie<\/title>\n<meta name=\"robots\" content=\"index, follow, max-snippet:-1, max-image-preview:large, max-video-preview:-1\" \/>\n<link rel=\"canonical\" href=\"https:\/\/instytutpolski.pl\/bucuresti\/pl\/agnieszka-skieterska-2\/\" \/>\n<meta property=\"og:locale\" content=\"pl_PL\" \/>\n<meta property=\"og:type\" content=\"article\" \/>\n<meta property=\"og:title\" content=\"Agnieszka Skieterska - Instytut Polski w Bukareszcie\" \/>\n<meta property=\"og:description\" content=\"Agnieszka Skieterska kieruje Instytutem Polskim w Bukareszcie od jesieni 2015 roku. Wcze\u015bniej od 2011 roku zwi\u0105zana z Ministerstwem Spraw Zagranicznych RP, w kt\u00f3rym odpowiada\u0142a za dyplomacj\u0119 cyfrow\u0105 i komunikacj\u0119 internetow\u0105 resortu oraz ponad 160 polskich plac\u00f3wek zagranicznych. Jej dzia\u0142ania w tym zakresie by\u0142y dostrzegane i nagradzane w kraju oraz za granic\u0105 (m.in. najwy\u017csze w historii [&hellip;]\" \/>\n<meta property=\"og:url\" content=\"https:\/\/instytutpolski.pl\/bucuresti\/pl\/agnieszka-skieterska-2\/\" \/>\n<meta property=\"og:site_name\" content=\"Instytut Polski w Bukareszcie\" \/>\n<meta property=\"article:modified_time\" content=\"2020-05-31T21:51:30+00:00\" \/>\n<meta property=\"og:image\" content=\"https:\/\/instytutpolski.pl\/bucuresti\/wp-content\/uploads\/sites\/11\/2020\/03\/Mediateka_IP.jpg\" \/>\n\t<meta property=\"og:image:width\" content=\"1641\" \/>\n\t<meta property=\"og:image:height\" content=\"988\" \/>\n\t<meta property=\"og:image:type\" content=\"image\/jpeg\" \/>\n<meta name=\"twitter:card\" content=\"summary_large_image\" \/>\n<meta name=\"twitter:label1\" content=\"Szacowany czas czytania\" \/>\n\t<meta name=\"twitter:data1\" content=\"1 minuta\" \/>\n<script type=\"application\/ld+json\" class=\"yoast-schema-graph\">{\"@context\":\"https:\/\/schema.org\",\"@graph\":[{\"@type\":\"WebPage\",\"@id\":\"https:\/\/instytutpolski.pl\/bucuresti\/pl\/agnieszka-skieterska-2\/\",\"url\":\"https:\/\/instytutpolski.pl\/bucuresti\/pl\/agnieszka-skieterska-2\/\",\"name\":\"Agnieszka Skieterska - Instytut Polski w Bukareszcie\",\"isPartOf\":{\"@id\":\"https:\/\/instytutpolski.pl\/bucuresti\/#website\"},\"primaryImageOfPage\":{\"@id\":\"https:\/\/instytutpolski.pl\/bucuresti\/pl\/agnieszka-skieterska-2\/#primaryimage\"},\"image\":{\"@id\":\"https:\/\/instytutpolski.pl\/bucuresti\/pl\/agnieszka-skieterska-2\/#primaryimage\"},\"thumbnailUrl\":\"https:\/\/instytutpolski.pl\/bucuresti\/wp-content\/uploads\/sites\/11\/2020\/03\/Mediateka_IP.jpg\",\"datePublished\":\"2019-06-05T19:09:24+00:00\",\"dateModified\":\"2020-05-31T21:51:30+00:00\",\"breadcrumb\":{\"@id\":\"https:\/\/instytutpolski.pl\/bucuresti\/pl\/agnieszka-skieterska-2\/#breadcrumb\"},\"inLanguage\":\"pl-PL\",\"potentialAction\":[{\"@type\":\"ReadAction\",\"target\":[\"https:\/\/instytutpolski.pl\/bucuresti\/pl\/agnieszka-skieterska-2\/\"]}]},{\"@type\":\"ImageObject\",\"inLanguage\":\"pl-PL\",\"@id\":\"https:\/\/instytutpolski.pl\/bucuresti\/pl\/agnieszka-skieterska-2\/#primaryimage\",\"url\":\"https:\/\/instytutpolski.pl\/bucuresti\/wp-content\/uploads\/sites\/11\/2020\/03\/Mediateka_IP.jpg\",\"contentUrl\":\"https:\/\/instytutpolski.pl\/bucuresti\/wp-content\/uploads\/sites\/11\/2020\/03\/Mediateka_IP.jpg\",\"width\":1641,\"height\":988,\"caption\":\"Mediateka Instytutu Polskiego w Bukareszcie. Fot. Agnieszka Skieterska\"},{\"@type\":\"BreadcrumbList\",\"@id\":\"https:\/\/instytutpolski.pl\/bucuresti\/pl\/agnieszka-skieterska-2\/#breadcrumb\",\"itemListElement\":[{\"@type\":\"ListItem\",\"position\":1,\"name\":\"Home\",\"item\":\"https:\/\/instytutpolski.pl\/bucuresti\/\"},{\"@type\":\"ListItem\",\"position\":2,\"name\":\"Agnieszka Skieterska\"}]},{\"@type\":\"WebSite\",\"@id\":\"https:\/\/instytutpolski.pl\/bucuresti\/#website\",\"url\":\"https:\/\/instytutpolski.pl\/bucuresti\/\",\"name\":\"Instytut Polski w Bukareszcie\",\"description\":\"Instytuty Polskie\",\"potentialAction\":[{\"@type\":\"SearchAction\",\"target\":{\"@type\":\"EntryPoint\",\"urlTemplate\":\"https:\/\/instytutpolski.pl\/bucuresti\/?s={search_term_string}\"},\"query-input\":{\"@type\":\"PropertyValueSpecification\",\"valueRequired\":true,\"valueName\":\"search_term_string\"}}],\"inLanguage\":\"pl-PL\"}]}<\/script>\n<!-- \/ Yoast SEO plugin. -->","yoast_head_json":{"title":"Agnieszka Skieterska - Instytut Polski w Bukareszcie","robots":{"index":"index","follow":"follow","max-snippet":"max-snippet:-1","max-image-preview":"max-image-preview:large","max-video-preview":"max-video-preview:-1"},"canonical":"https:\/\/instytutpolski.pl\/bucuresti\/pl\/agnieszka-skieterska-2\/","og_locale":"pl_PL","og_type":"article","og_title":"Agnieszka Skieterska - Instytut Polski w Bukareszcie","og_description":"Agnieszka Skieterska kieruje Instytutem Polskim w Bukareszcie od jesieni 2015 roku. Wcze\u015bniej od 2011 roku zwi\u0105zana z Ministerstwem Spraw Zagranicznych RP, w kt\u00f3rym odpowiada\u0142a za dyplomacj\u0119 cyfrow\u0105 i komunikacj\u0119 internetow\u0105 resortu oraz ponad 160 polskich plac\u00f3wek zagranicznych. Jej dzia\u0142ania w tym zakresie by\u0142y dostrzegane i nagradzane w kraju oraz za granic\u0105 (m.in. najwy\u017csze w historii [&hellip;]","og_url":"https:\/\/instytutpolski.pl\/bucuresti\/pl\/agnieszka-skieterska-2\/","og_site_name":"Instytut Polski w Bukareszcie","article_modified_time":"2020-05-31T21:51:30+00:00","og_image":[{"width":1641,"height":988,"url":"https:\/\/instytutpolski.pl\/bucuresti\/wp-content\/uploads\/sites\/11\/2020\/03\/Mediateka_IP.jpg","type":"image\/jpeg"}],"twitter_card":"summary_large_image","twitter_misc":{"Szacowany czas czytania":"1 minuta"},"schema":{"@context":"https:\/\/schema.org","@graph":[{"@type":"WebPage","@id":"https:\/\/instytutpolski.pl\/bucuresti\/pl\/agnieszka-skieterska-2\/","url":"https:\/\/instytutpolski.pl\/bucuresti\/pl\/agnieszka-skieterska-2\/","name":"Agnieszka Skieterska - Instytut Polski w Bukareszcie","isPartOf":{"@id":"https:\/\/instytutpolski.pl\/bucuresti\/#website"},"primaryImageOfPage":{"@id":"https:\/\/instytutpolski.pl\/bucuresti\/pl\/agnieszka-skieterska-2\/#primaryimage"},"image":{"@id":"https:\/\/instytutpolski.pl\/bucuresti\/pl\/agnieszka-skieterska-2\/#primaryimage"},"thumbnailUrl":"https:\/\/instytutpolski.pl\/bucuresti\/wp-content\/uploads\/sites\/11\/2020\/03\/Mediateka_IP.jpg","datePublished":"2019-06-05T19:09:24+00:00","dateModified":"2020-05-31T21:51:30+00:00","breadcrumb":{"@id":"https:\/\/instytutpolski.pl\/bucuresti\/pl\/agnieszka-skieterska-2\/#breadcrumb"},"inLanguage":"pl-PL","potentialAction":[{"@type":"ReadAction","target":["https:\/\/instytutpolski.pl\/bucuresti\/pl\/agnieszka-skieterska-2\/"]}]},{"@type":"ImageObject","inLanguage":"pl-PL","@id":"https:\/\/instytutpolski.pl\/bucuresti\/pl\/agnieszka-skieterska-2\/#primaryimage","url":"https:\/\/instytutpolski.pl\/bucuresti\/wp-content\/uploads\/sites\/11\/2020\/03\/Mediateka_IP.jpg","contentUrl":"https:\/\/instytutpolski.pl\/bucuresti\/wp-content\/uploads\/sites\/11\/2020\/03\/Mediateka_IP.jpg","width":1641,"height":988,"caption":"Mediateka Instytutu Polskiego w Bukareszcie. Fot. Agnieszka Skieterska"},{"@type":"BreadcrumbList","@id":"https:\/\/instytutpolski.pl\/bucuresti\/pl\/agnieszka-skieterska-2\/#breadcrumb","itemListElement":[{"@type":"ListItem","position":1,"name":"Home","item":"https:\/\/instytutpolski.pl\/bucuresti\/"},{"@type":"ListItem","position":2,"name":"Agnieszka Skieterska"}]},{"@type":"WebSite","@id":"https:\/\/instytutpolski.pl\/bucuresti\/#website","url":"https:\/\/instytutpolski.pl\/bucuresti\/","name":"Instytut Polski w Bukareszcie","description":"Instytuty Polskie","potentialAction":[{"@type":"SearchAction","target":{"@type":"EntryPoint","urlTemplate":"https:\/\/instytutpolski.pl\/bucuresti\/?s={search_term_string}"},"query-input":{"@type":"PropertyValueSpecification","valueRequired":true,"valueName":"search_term_string"}}],"inLanguage":"pl-PL"}]}},"_links":{"self":[{"href":"https:\/\/instytutpolski.pl\/bucuresti\/wp-json\/wp\/v2\/pages\/125","targetHints":{"allow":["GET"]}}],"collection":[{"href":"https:\/\/instytutpolski.pl\/bucuresti\/wp-json\/wp\/v2\/pages"}],"about":[{"href":"https:\/\/instytutpolski.pl\/bucuresti\/wp-json\/wp\/v2\/types\/page"}],"author":[{"embeddable":true,"href":"https:\/\/instytutpolski.pl\/bucuresti\/wp-json\/wp\/v2\/users\/1"}],"replies":[{"embeddable":true,"href":"https:\/\/instytutpolski.pl\/bucuresti\/wp-json\/wp\/v2\/comments?post=125"}],"version-history":[{"count":3,"href":"https:\/\/instytutpolski.pl\/bucuresti\/wp-json\/wp\/v2\/pages\/125\/revisions"}],"predecessor-version":[{"id":2742,"href":"https:\/\/instytutpolski.pl\/bucuresti\/wp-json\/wp\/v2\/pages\/125\/revisions\/2742"}],"wp:featuredmedia":[{"embeddable":true,"href":"https:\/\/instytutpolski.pl\/bucuresti\/wp-json\/wp\/v2\/media\/1285"}],"wp:attachment":[{"href":"https:\/\/instytutpolski.pl\/bucuresti\/wp-json\/wp\/v2\/media?parent=125"}],"curies":[{"name":"wp","href":"https:\/\/api.w.org\/{rel}","templated":true}]}}