{"id":129,"date":"2019-06-05T21:13:00","date_gmt":"2019-06-05T19:13:00","guid":{"rendered":"https:\/\/instytutpolski.pl\/bukareszt\/?page_id=129"},"modified":"2026-01-26T12:51:07","modified_gmt":"2026-01-26T11:51:07","slug":"istoria","status":"publish","type":"page","link":"https:\/\/instytutpolski.pl\/bucuresti\/despre-institutul-polonez-2\/istoria\/","title":{"rendered":"Istoria"},"content":{"rendered":"\n<p><strong>Institutul Polonez din Bucure\u0219ti a luat fiin\u021b\u0103 \u00een anul 2001, iar trei ani mai t\u00e2rziu \u0219i-a \u00eenceput activitatea \u0219i \u00een Republica Moldova.<\/strong><\/p>\n<p>Institutul continu\u0103 misiunea \u00eenceput\u0103 pe 23 noiembrie 1937 de c\u0103tre Institutul Cultural Polonez \u00eenfiin\u021bat atunci la Bucure\u0219ti, prima institu\u021bie polonez\u0103 de acest tip din lume (\u00eenainte de Al Doilea R\u0103zboi Mondial institu\u021bii asem\u0103n\u0103toare mai ap\u0103ruser\u0103 la Budapesta \u0219i \u00een Londra).<\/p>\n<p>Din anul 2008, sediul nostru se afl\u0103 \u00eentr-o vil\u0103 \u00een stil modernist aflat\u0103 pe\u00a0str. Popa Savu nr. 28, la c\u00e2\u021biva pa\u0219i de sta\u021bia de\u00a0metrou Aviatorilor. Designul interior actual al cl\u0103dirii a fost proiectat de c\u0103tre arhitec\u021bi polonezi \u0219i dotat cu piese de mobilier create de designeri polonezi. Numeroase obiecte, care sunt elemente de decor interior al Institutului, au fost premiate la festivaluri de design.<\/p>\n<p>Cl\u0103direa noastr\u0103 \u00eendepline\u0219te aproape exclusiv func\u021bia de birou managerial &#8211; nu exist\u0103 un spa\u021biu destinat spectacolelor sau concertelor, prin urmare toate evenimentele organizate de noi au loc \u00een diferite locuri din Bucure\u0219ti.<\/p>\n<p>Cu toate acestea, merit\u0103 s\u0103 ne face\u021bi o vizit\u0103, pentru c\u0103 \u00een sediu avem o\u00a0<strong><a href=\"https:\/\/instytutpolski.pl\/bukareszt\/mediateca\/\">mediatec\u0103<\/a><\/strong>, de care pot beneficia to\u021bi cei interesa\u021bi de Polonia. La dispozi\u021bia lor se afl\u0103 o selec\u021bie bogat\u0103 de volume (incluz\u00e2nd \u0219i literatur\u0103 polon\u0103 tradus\u0103 \u00een limba rom\u00e2n\u0103), filme \u0219i muzic\u0103.<\/p>\n<p>Anterior, birourile noastre s-au aflat pe str. Alexandru Constantinescu nr. 46-48.<\/p>\n<p>\u00cencep\u00e2nd din anul 2009, Institutul Polonez din Bucure\u0219ti, la fel ca \u0219i celelalte Institute Poloneze din lume, folose\u0219te o nou\u0103 sigl\u0103, al c\u0103rei element principal \u00eel constituie omule\u021bul ro\u0219u, proiectat de Lech Majewski. Noul logo a \u00eenlocuit pana, care reprezentase \u00eenainte sigla Institutului.<\/p>\n<p>De-a lungul timpului, \u00een cadrul Institutului Polonez au lucrat: <strong>Roland Chojnacki<\/strong> (director de la \u00eenfiin\u021barea Institutului, \u00een 2001, p\u00e2n\u0103 \u00een octombrie 2006),\u00a0<strong>Jaros\u0142aw Godun<\/strong> (coordonator de programe din 2001, director din octombrie 2006 p\u00e2n\u0103 \u00een august 2010), <strong>Maja Wawrzyk<\/strong>\u00a0(director din aprilie 2011 p\u00e2n\u0103 \u00een octombrie 2015),\u00a0<strong>Agnieszka Skieterska<\/strong> (director din octombrie 2015 p\u00e2n\u0103 \u00een august 2020), <strong>Natalia Mosor<\/strong> (director din octombrie 2020, director adjunct din iulie 2007 p\u00e2n\u0103 \u00een august 2013, director interimar \u00een perioada august 2010-aprilie 2011), Leszek Bia\u0142y (director adjunct din 2013 p\u00e2n\u0103 \u00een mai 2017), Wojciech Mrozowski (director adjunct din februarie 2018 p\u00e2n\u0103 \u00een octombrie 2025), precum \u0219i exper\u021bii de proiecte \u0219i PR, responsabilii pentru probleme de secretariat \u0219i administra\u021bie: Ecaterina Budimir, Anda Cadariu, Sabra Daici, Silviu Dancu, Loredana Dumitru, Joanna Grams, Raluca Keskin, Ana Maria Luft (St\u0103nculescu), Stanca Potoroac\u0103, Ioana R\u00eepeanu, Luiza S\u0103vescu, Cristina Trifon (Iacob), Monica Voitovici \u0219i Monika Widomska.<\/p>\n","protected":false},"excerpt":{"rendered":"<p>Institutul Polonez din Bucure\u0219ti a luat fiin\u021b\u0103 \u00een anul 2001, iar trei ani mai t\u00e2rziu \u0219i-a \u00eenceput activitatea \u0219i \u00een Republica Moldova. Institutul continu\u0103 misiunea \u00eenceput\u0103 pe 23 noiembrie 1937 de c\u0103tre Institutul Cultural Polonez \u00eenfiin\u021bat atunci la Bucure\u0219ti, prima institu\u021bie polonez\u0103 de acest tip din lume (\u00eenainte de Al Doilea R\u0103zboi Mondial institu\u021bii asem\u0103n\u0103toare [&hellip;]<\/p>\n","protected":false},"author":1,"featured_media":130,"parent":360,"menu_order":0,"comment_status":"closed","ping_status":"closed","template":"","meta":{"inline_featured_image":false,"_monsterinsights_skip_tracking":false,"_monsterinsights_sitenote_active":false,"_monsterinsights_sitenote_note":"","_monsterinsights_sitenote_category":0,"footnotes":""},"class_list":["post-129","page","type-page","status-publish","has-post-thumbnail","hentry"],"yoast_head":"<!-- This site is optimized with the Yoast SEO plugin v24.6 - https:\/\/yoast.com\/wordpress\/plugins\/seo\/ -->\n<title>Istoria - Instytut Polski w Bukareszcie<\/title>\n<meta name=\"robots\" content=\"index, follow, max-snippet:-1, max-image-preview:large, max-video-preview:-1\" \/>\n<link rel=\"canonical\" href=\"https:\/\/instytutpolski.pl\/bucuresti\/despre-institutul-polonez-2\/istoria\/\" \/>\n<meta property=\"og:locale\" content=\"pl_PL\" \/>\n<meta property=\"og:type\" content=\"article\" \/>\n<meta property=\"og:title\" content=\"Istoria - Instytut Polski w Bukareszcie\" \/>\n<meta property=\"og:description\" content=\"Institutul Polonez din Bucure\u0219ti a luat fiin\u021b\u0103 \u00een anul 2001, iar trei ani mai t\u00e2rziu \u0219i-a \u00eenceput activitatea \u0219i \u00een Republica Moldova. Institutul continu\u0103 misiunea \u00eenceput\u0103 pe 23 noiembrie 1937 de c\u0103tre Institutul Cultural Polonez \u00eenfiin\u021bat atunci la Bucure\u0219ti, prima institu\u021bie polonez\u0103 de acest tip din lume (\u00eenainte de Al Doilea R\u0103zboi Mondial institu\u021bii asem\u0103n\u0103toare [&hellip;]\" \/>\n<meta property=\"og:url\" content=\"https:\/\/instytutpolski.pl\/bucuresti\/despre-institutul-polonez-2\/istoria\/\" \/>\n<meta property=\"og:site_name\" content=\"Instytut Polski w Bukareszcie\" \/>\n<meta property=\"article:modified_time\" content=\"2026-01-26T11:51:07+00:00\" \/>\n<meta property=\"og:image\" content=\"https:\/\/instytutpolski.pl\/bucuresti\/wp-content\/uploads\/sites\/11\/2019\/06\/ip-bukareszt.jpg\" \/>\n\t<meta property=\"og:image:width\" content=\"660\" \/>\n\t<meta property=\"og:image:height\" content=\"438\" \/>\n\t<meta property=\"og:image:type\" content=\"image\/jpeg\" \/>\n<meta name=\"twitter:card\" content=\"summary_large_image\" \/>\n<meta name=\"twitter:label1\" content=\"Szacowany czas czytania\" \/>\n\t<meta name=\"twitter:data1\" content=\"3 minuty\" \/>\n<script type=\"application\/ld+json\" class=\"yoast-schema-graph\">{\"@context\":\"https:\/\/schema.org\",\"@graph\":[{\"@type\":\"WebPage\",\"@id\":\"https:\/\/instytutpolski.pl\/bucuresti\/despre-institutul-polonez-2\/istoria\/\",\"url\":\"https:\/\/instytutpolski.pl\/bucuresti\/despre-institutul-polonez-2\/istoria\/\",\"name\":\"Istoria - Instytut Polski w Bukareszcie\",\"isPartOf\":{\"@id\":\"https:\/\/instytutpolski.pl\/bucuresti\/#website\"},\"primaryImageOfPage\":{\"@id\":\"https:\/\/instytutpolski.pl\/bucuresti\/despre-institutul-polonez-2\/istoria\/#primaryimage\"},\"image\":{\"@id\":\"https:\/\/instytutpolski.pl\/bucuresti\/despre-institutul-polonez-2\/istoria\/#primaryimage\"},\"thumbnailUrl\":\"https:\/\/instytutpolski.pl\/bucuresti\/wp-content\/uploads\/sites\/11\/2019\/06\/ip-bukareszt.jpg\",\"datePublished\":\"2019-06-05T19:13:00+00:00\",\"dateModified\":\"2026-01-26T11:51:07+00:00\",\"breadcrumb\":{\"@id\":\"https:\/\/instytutpolski.pl\/bucuresti\/despre-institutul-polonez-2\/istoria\/#breadcrumb\"},\"inLanguage\":\"pl-PL\",\"potentialAction\":[{\"@type\":\"ReadAction\",\"target\":[\"https:\/\/instytutpolski.pl\/bucuresti\/despre-institutul-polonez-2\/istoria\/\"]}]},{\"@type\":\"ImageObject\",\"inLanguage\":\"pl-PL\",\"@id\":\"https:\/\/instytutpolski.pl\/bucuresti\/despre-institutul-polonez-2\/istoria\/#primaryimage\",\"url\":\"https:\/\/instytutpolski.pl\/bucuresti\/wp-content\/uploads\/sites\/11\/2019\/06\/ip-bukareszt.jpg\",\"contentUrl\":\"https:\/\/instytutpolski.pl\/bucuresti\/wp-content\/uploads\/sites\/11\/2019\/06\/ip-bukareszt.jpg\",\"width\":660,\"height\":438},{\"@type\":\"BreadcrumbList\",\"@id\":\"https:\/\/instytutpolski.pl\/bucuresti\/despre-institutul-polonez-2\/istoria\/#breadcrumb\",\"itemListElement\":[{\"@type\":\"ListItem\",\"position\":1,\"name\":\"Home\",\"item\":\"https:\/\/instytutpolski.pl\/bucuresti\/\"},{\"@type\":\"ListItem\",\"position\":2,\"name\":\"Despre Institutul Polonez\",\"item\":\"https:\/\/instytutpolski.pl\/bucuresti\/despre-institutul-polonez-2\/\"},{\"@type\":\"ListItem\",\"position\":3,\"name\":\"Istoria\"}]},{\"@type\":\"WebSite\",\"@id\":\"https:\/\/instytutpolski.pl\/bucuresti\/#website\",\"url\":\"https:\/\/instytutpolski.pl\/bucuresti\/\",\"name\":\"Instytut Polski w Bukareszcie\",\"description\":\"Instytuty Polskie\",\"potentialAction\":[{\"@type\":\"SearchAction\",\"target\":{\"@type\":\"EntryPoint\",\"urlTemplate\":\"https:\/\/instytutpolski.pl\/bucuresti\/?s={search_term_string}\"},\"query-input\":{\"@type\":\"PropertyValueSpecification\",\"valueRequired\":true,\"valueName\":\"search_term_string\"}}],\"inLanguage\":\"pl-PL\"}]}<\/script>\n<!-- \/ Yoast SEO plugin. -->","yoast_head_json":{"title":"Istoria - Instytut Polski w Bukareszcie","robots":{"index":"index","follow":"follow","max-snippet":"max-snippet:-1","max-image-preview":"max-image-preview:large","max-video-preview":"max-video-preview:-1"},"canonical":"https:\/\/instytutpolski.pl\/bucuresti\/despre-institutul-polonez-2\/istoria\/","og_locale":"pl_PL","og_type":"article","og_title":"Istoria - Instytut Polski w Bukareszcie","og_description":"Institutul Polonez din Bucure\u0219ti a luat fiin\u021b\u0103 \u00een anul 2001, iar trei ani mai t\u00e2rziu \u0219i-a \u00eenceput activitatea \u0219i \u00een Republica Moldova. Institutul continu\u0103 misiunea \u00eenceput\u0103 pe 23 noiembrie 1937 de c\u0103tre Institutul Cultural Polonez \u00eenfiin\u021bat atunci la Bucure\u0219ti, prima institu\u021bie polonez\u0103 de acest tip din lume (\u00eenainte de Al Doilea R\u0103zboi Mondial institu\u021bii asem\u0103n\u0103toare [&hellip;]","og_url":"https:\/\/instytutpolski.pl\/bucuresti\/despre-institutul-polonez-2\/istoria\/","og_site_name":"Instytut Polski w Bukareszcie","article_modified_time":"2026-01-26T11:51:07+00:00","og_image":[{"width":660,"height":438,"url":"https:\/\/instytutpolski.pl\/bucuresti\/wp-content\/uploads\/sites\/11\/2019\/06\/ip-bukareszt.jpg","type":"image\/jpeg"}],"twitter_card":"summary_large_image","twitter_misc":{"Szacowany czas czytania":"3 minuty"},"schema":{"@context":"https:\/\/schema.org","@graph":[{"@type":"WebPage","@id":"https:\/\/instytutpolski.pl\/bucuresti\/despre-institutul-polonez-2\/istoria\/","url":"https:\/\/instytutpolski.pl\/bucuresti\/despre-institutul-polonez-2\/istoria\/","name":"Istoria - Instytut Polski w Bukareszcie","isPartOf":{"@id":"https:\/\/instytutpolski.pl\/bucuresti\/#website"},"primaryImageOfPage":{"@id":"https:\/\/instytutpolski.pl\/bucuresti\/despre-institutul-polonez-2\/istoria\/#primaryimage"},"image":{"@id":"https:\/\/instytutpolski.pl\/bucuresti\/despre-institutul-polonez-2\/istoria\/#primaryimage"},"thumbnailUrl":"https:\/\/instytutpolski.pl\/bucuresti\/wp-content\/uploads\/sites\/11\/2019\/06\/ip-bukareszt.jpg","datePublished":"2019-06-05T19:13:00+00:00","dateModified":"2026-01-26T11:51:07+00:00","breadcrumb":{"@id":"https:\/\/instytutpolski.pl\/bucuresti\/despre-institutul-polonez-2\/istoria\/#breadcrumb"},"inLanguage":"pl-PL","potentialAction":[{"@type":"ReadAction","target":["https:\/\/instytutpolski.pl\/bucuresti\/despre-institutul-polonez-2\/istoria\/"]}]},{"@type":"ImageObject","inLanguage":"pl-PL","@id":"https:\/\/instytutpolski.pl\/bucuresti\/despre-institutul-polonez-2\/istoria\/#primaryimage","url":"https:\/\/instytutpolski.pl\/bucuresti\/wp-content\/uploads\/sites\/11\/2019\/06\/ip-bukareszt.jpg","contentUrl":"https:\/\/instytutpolski.pl\/bucuresti\/wp-content\/uploads\/sites\/11\/2019\/06\/ip-bukareszt.jpg","width":660,"height":438},{"@type":"BreadcrumbList","@id":"https:\/\/instytutpolski.pl\/bucuresti\/despre-institutul-polonez-2\/istoria\/#breadcrumb","itemListElement":[{"@type":"ListItem","position":1,"name":"Home","item":"https:\/\/instytutpolski.pl\/bucuresti\/"},{"@type":"ListItem","position":2,"name":"Despre Institutul Polonez","item":"https:\/\/instytutpolski.pl\/bucuresti\/despre-institutul-polonez-2\/"},{"@type":"ListItem","position":3,"name":"Istoria"}]},{"@type":"WebSite","@id":"https:\/\/instytutpolski.pl\/bucuresti\/#website","url":"https:\/\/instytutpolski.pl\/bucuresti\/","name":"Instytut Polski w Bukareszcie","description":"Instytuty Polskie","potentialAction":[{"@type":"SearchAction","target":{"@type":"EntryPoint","urlTemplate":"https:\/\/instytutpolski.pl\/bucuresti\/?s={search_term_string}"},"query-input":{"@type":"PropertyValueSpecification","valueRequired":true,"valueName":"search_term_string"}}],"inLanguage":"pl-PL"}]}},"_links":{"self":[{"href":"https:\/\/instytutpolski.pl\/bucuresti\/wp-json\/wp\/v2\/pages\/129","targetHints":{"allow":["GET"]}}],"collection":[{"href":"https:\/\/instytutpolski.pl\/bucuresti\/wp-json\/wp\/v2\/pages"}],"about":[{"href":"https:\/\/instytutpolski.pl\/bucuresti\/wp-json\/wp\/v2\/types\/page"}],"author":[{"embeddable":true,"href":"https:\/\/instytutpolski.pl\/bucuresti\/wp-json\/wp\/v2\/users\/1"}],"replies":[{"embeddable":true,"href":"https:\/\/instytutpolski.pl\/bucuresti\/wp-json\/wp\/v2\/comments?post=129"}],"version-history":[{"count":24,"href":"https:\/\/instytutpolski.pl\/bucuresti\/wp-json\/wp\/v2\/pages\/129\/revisions"}],"predecessor-version":[{"id":14757,"href":"https:\/\/instytutpolski.pl\/bucuresti\/wp-json\/wp\/v2\/pages\/129\/revisions\/14757"}],"up":[{"embeddable":true,"href":"https:\/\/instytutpolski.pl\/bucuresti\/wp-json\/wp\/v2\/pages\/360"}],"wp:featuredmedia":[{"embeddable":true,"href":"https:\/\/instytutpolski.pl\/bucuresti\/wp-json\/wp\/v2\/media\/130"}],"wp:attachment":[{"href":"https:\/\/instytutpolski.pl\/bucuresti\/wp-json\/wp\/v2\/media?parent=129"}],"curies":[{"name":"wp","href":"https:\/\/api.w.org\/{rel}","templated":true}]}}