{"id":138,"date":"2019-06-05T21:22:29","date_gmt":"2019-06-05T19:22:29","guid":{"rendered":"https:\/\/instytutpolski.pl\/bukareszt\/?page_id=138"},"modified":"2019-06-05T21:22:30","modified_gmt":"2019-06-05T19:22:30","slug":"practica","status":"publish","type":"page","link":"https:\/\/instytutpolski.pl\/bucuresti\/practica\/","title":{"rendered":"Practic\u0103"},"content":{"rendered":"\n<p>Vre\u0163i s\u0103 v\u0103 al\u0103tura\u0163i nou\u0103? Pute\u0163i aplica pentru un stagiu de practic\u0103 la Institutul Polonez!<\/p>\n<p>De cur\u00e2nd am deschis por\u0163ile pentru a primi pentru stagii de practic\u0103\u00a0<strong>studen\u0163i rom\u00e2ni\u00a0<\/strong>\u015fi din celelalte state membre UE, ceea ce ne face s\u0103 sper\u0103m c\u0103 de acum \u00eenainte vom putea \u00eemp\u0103rt\u0103\u015fi\u00a0<strong>experien\u0163a<\/strong>\u00a0noastr\u0103 tot mai multor tineri care vor s\u0103 se implice \u00een activitatea de promovare a culturii. Astfel, ca practican\u0163i ve\u0163i putea participa la tot ce e<strong>\u00a0frumos \u015fi surprinz\u0103tor\u00a0<\/strong>\u00een activitatea Institutului, dar \u015fi la ce e greu \u015fi monoton sau palpitant. Ve\u0163i privi a\u015fadar toate fa\u0163etele muncii noastre, chiar din interior. Pe parcursul stagiului ve\u0163i avea ocazia s\u0103 fi\u0163i \u00een culisele evenimentelor noastre \u015fi\u00a0s\u0103 lucra\u0163i al\u0103turi de\u00a0<strong>echipa IP<\/strong>,<strong>\u00a0<\/strong>iar la terminarea acestuia ve\u0163i primi un certificat care atest\u0103 realizarea stagiului \u00een cadrul Ministerului de Externe al Poloniei.<\/p>\n<p>Candidatul pentru practic\u0103 la IP trebuie:<\/p>\n<ul>\n<li>s\u0103 fie cet\u0103\u0163ean al unei\u00a0<strong>\u0163\u0103ri membre UE<\/strong>,<\/li>\n<li>s\u0103 fie student\u00a0<strong>cel pu\u0163in \u00een anul 3\u00a0<\/strong>de studii pentru licen\u0163\u0103,<\/li>\n<li>s\u0103 studieze un domeniu<strong>\u00a0relevant\u00a0<\/strong>pentru activitatea Institutului,<\/li>\n<li>s\u0103 ne transmit\u0103 aplica\u0163ia pentru practic\u0103* cu cel\u00a0<strong>pu\u0163in o lun\u0103 \u015fi jum\u0103tate\u00a0<\/strong>\u00eenaintea termenului la care ar dori s\u0103 \u00eenceap\u0103 stagiul.<\/li>\n<\/ul>\n<p>V\u0103 a\u015fteapt\u0103,<\/p>\n<p>Echipa Institutului Polonez din Bucure\u015fti<\/p>\n<p>*Formularul pentru aplica\u0163ie \u015fi detalii privind stagiul de practic\u0103 la IP poate fi ob\u0163inut contact\u00e2ndu-ne la adresa de e-mail:\u00a0bucuresti@instytutpolski.org\u00a0sau la num\u0103rul de telefon: 021 224 45 56.<\/p>\n","protected":false},"excerpt":{"rendered":"<p>Vre\u0163i s\u0103 v\u0103 al\u0103tura\u0163i nou\u0103? Pute\u0163i aplica pentru un stagiu de practic\u0103 la Institutul Polonez! De cur\u00e2nd am deschis por\u0163ile pentru a primi pentru stagii de practic\u0103\u00a0studen\u0163i rom\u00e2ni\u00a0\u015fi din celelalte state membre UE, ceea ce ne face s\u0103 sper\u0103m c\u0103 de acum \u00eenainte vom putea \u00eemp\u0103rt\u0103\u015fi\u00a0experien\u0163a\u00a0noastr\u0103 tot mai multor tineri care vor s\u0103 se implice [&hellip;]<\/p>\n","protected":false},"author":1,"featured_media":0,"parent":0,"menu_order":0,"comment_status":"closed","ping_status":"closed","template":"","meta":{"inline_featured_image":false,"_monsterinsights_skip_tracking":false,"_monsterinsights_sitenote_active":false,"_monsterinsights_sitenote_note":"","_monsterinsights_sitenote_category":0,"footnotes":""},"class_list":["post-138","page","type-page","status-publish","hentry"],"yoast_head":"<!-- This site is optimized with the Yoast SEO plugin v24.6 - https:\/\/yoast.com\/wordpress\/plugins\/seo\/ -->\n<title>Practic\u0103 - Instytut Polski w Bukareszcie<\/title>\n<meta name=\"robots\" content=\"index, follow, max-snippet:-1, max-image-preview:large, max-video-preview:-1\" \/>\n<link rel=\"canonical\" href=\"https:\/\/instytutpolski.pl\/bucuresti\/practica\/\" \/>\n<meta property=\"og:locale\" content=\"pl_PL\" \/>\n<meta property=\"og:type\" content=\"article\" \/>\n<meta property=\"og:title\" content=\"Practic\u0103 - Instytut Polski w Bukareszcie\" \/>\n<meta property=\"og:description\" content=\"Vre\u0163i s\u0103 v\u0103 al\u0103tura\u0163i nou\u0103? Pute\u0163i aplica pentru un stagiu de practic\u0103 la Institutul Polonez! De cur\u00e2nd am deschis por\u0163ile pentru a primi pentru stagii de practic\u0103\u00a0studen\u0163i rom\u00e2ni\u00a0\u015fi din celelalte state membre UE, ceea ce ne face s\u0103 sper\u0103m c\u0103 de acum \u00eenainte vom putea \u00eemp\u0103rt\u0103\u015fi\u00a0experien\u0163a\u00a0noastr\u0103 tot mai multor tineri care vor s\u0103 se implice [&hellip;]\" \/>\n<meta property=\"og:url\" content=\"https:\/\/instytutpolski.pl\/bucuresti\/practica\/\" \/>\n<meta property=\"og:site_name\" content=\"Instytut Polski w Bukareszcie\" \/>\n<meta property=\"article:modified_time\" content=\"2019-06-05T19:22:30+00:00\" \/>\n<meta name=\"twitter:card\" content=\"summary_large_image\" \/>\n<meta name=\"twitter:label1\" content=\"Szacowany czas czytania\" \/>\n\t<meta name=\"twitter:data1\" content=\"1 minuta\" \/>\n<script type=\"application\/ld+json\" class=\"yoast-schema-graph\">{\"@context\":\"https:\/\/schema.org\",\"@graph\":[{\"@type\":\"WebPage\",\"@id\":\"https:\/\/instytutpolski.pl\/bucuresti\/practica\/\",\"url\":\"https:\/\/instytutpolski.pl\/bucuresti\/practica\/\",\"name\":\"Practic\u0103 - Instytut Polski w Bukareszcie\",\"isPartOf\":{\"@id\":\"https:\/\/instytutpolski.pl\/bucuresti\/#website\"},\"datePublished\":\"2019-06-05T19:22:29+00:00\",\"dateModified\":\"2019-06-05T19:22:30+00:00\",\"breadcrumb\":{\"@id\":\"https:\/\/instytutpolski.pl\/bucuresti\/practica\/#breadcrumb\"},\"inLanguage\":\"pl-PL\",\"potentialAction\":[{\"@type\":\"ReadAction\",\"target\":[\"https:\/\/instytutpolski.pl\/bucuresti\/practica\/\"]}]},{\"@type\":\"BreadcrumbList\",\"@id\":\"https:\/\/instytutpolski.pl\/bucuresti\/practica\/#breadcrumb\",\"itemListElement\":[{\"@type\":\"ListItem\",\"position\":1,\"name\":\"Home\",\"item\":\"https:\/\/instytutpolski.pl\/bucuresti\/\"},{\"@type\":\"ListItem\",\"position\":2,\"name\":\"Practic\u0103\"}]},{\"@type\":\"WebSite\",\"@id\":\"https:\/\/instytutpolski.pl\/bucuresti\/#website\",\"url\":\"https:\/\/instytutpolski.pl\/bucuresti\/\",\"name\":\"Instytut Polski w Bukareszcie\",\"description\":\"Instytuty Polskie\",\"potentialAction\":[{\"@type\":\"SearchAction\",\"target\":{\"@type\":\"EntryPoint\",\"urlTemplate\":\"https:\/\/instytutpolski.pl\/bucuresti\/?s={search_term_string}\"},\"query-input\":{\"@type\":\"PropertyValueSpecification\",\"valueRequired\":true,\"valueName\":\"search_term_string\"}}],\"inLanguage\":\"pl-PL\"}]}<\/script>\n<!-- \/ Yoast SEO plugin. -->","yoast_head_json":{"title":"Practic\u0103 - Instytut Polski w Bukareszcie","robots":{"index":"index","follow":"follow","max-snippet":"max-snippet:-1","max-image-preview":"max-image-preview:large","max-video-preview":"max-video-preview:-1"},"canonical":"https:\/\/instytutpolski.pl\/bucuresti\/practica\/","og_locale":"pl_PL","og_type":"article","og_title":"Practic\u0103 - Instytut Polski w Bukareszcie","og_description":"Vre\u0163i s\u0103 v\u0103 al\u0103tura\u0163i nou\u0103? Pute\u0163i aplica pentru un stagiu de practic\u0103 la Institutul Polonez! De cur\u00e2nd am deschis por\u0163ile pentru a primi pentru stagii de practic\u0103\u00a0studen\u0163i rom\u00e2ni\u00a0\u015fi din celelalte state membre UE, ceea ce ne face s\u0103 sper\u0103m c\u0103 de acum \u00eenainte vom putea \u00eemp\u0103rt\u0103\u015fi\u00a0experien\u0163a\u00a0noastr\u0103 tot mai multor tineri care vor s\u0103 se implice [&hellip;]","og_url":"https:\/\/instytutpolski.pl\/bucuresti\/practica\/","og_site_name":"Instytut Polski w Bukareszcie","article_modified_time":"2019-06-05T19:22:30+00:00","twitter_card":"summary_large_image","twitter_misc":{"Szacowany czas czytania":"1 minuta"},"schema":{"@context":"https:\/\/schema.org","@graph":[{"@type":"WebPage","@id":"https:\/\/instytutpolski.pl\/bucuresti\/practica\/","url":"https:\/\/instytutpolski.pl\/bucuresti\/practica\/","name":"Practic\u0103 - Instytut Polski w Bukareszcie","isPartOf":{"@id":"https:\/\/instytutpolski.pl\/bucuresti\/#website"},"datePublished":"2019-06-05T19:22:29+00:00","dateModified":"2019-06-05T19:22:30+00:00","breadcrumb":{"@id":"https:\/\/instytutpolski.pl\/bucuresti\/practica\/#breadcrumb"},"inLanguage":"pl-PL","potentialAction":[{"@type":"ReadAction","target":["https:\/\/instytutpolski.pl\/bucuresti\/practica\/"]}]},{"@type":"BreadcrumbList","@id":"https:\/\/instytutpolski.pl\/bucuresti\/practica\/#breadcrumb","itemListElement":[{"@type":"ListItem","position":1,"name":"Home","item":"https:\/\/instytutpolski.pl\/bucuresti\/"},{"@type":"ListItem","position":2,"name":"Practic\u0103"}]},{"@type":"WebSite","@id":"https:\/\/instytutpolski.pl\/bucuresti\/#website","url":"https:\/\/instytutpolski.pl\/bucuresti\/","name":"Instytut Polski w Bukareszcie","description":"Instytuty Polskie","potentialAction":[{"@type":"SearchAction","target":{"@type":"EntryPoint","urlTemplate":"https:\/\/instytutpolski.pl\/bucuresti\/?s={search_term_string}"},"query-input":{"@type":"PropertyValueSpecification","valueRequired":true,"valueName":"search_term_string"}}],"inLanguage":"pl-PL"}]}},"_links":{"self":[{"href":"https:\/\/instytutpolski.pl\/bucuresti\/wp-json\/wp\/v2\/pages\/138","targetHints":{"allow":["GET"]}}],"collection":[{"href":"https:\/\/instytutpolski.pl\/bucuresti\/wp-json\/wp\/v2\/pages"}],"about":[{"href":"https:\/\/instytutpolski.pl\/bucuresti\/wp-json\/wp\/v2\/types\/page"}],"author":[{"embeddable":true,"href":"https:\/\/instytutpolski.pl\/bucuresti\/wp-json\/wp\/v2\/users\/1"}],"replies":[{"embeddable":true,"href":"https:\/\/instytutpolski.pl\/bucuresti\/wp-json\/wp\/v2\/comments?post=138"}],"version-history":[{"count":1,"href":"https:\/\/instytutpolski.pl\/bucuresti\/wp-json\/wp\/v2\/pages\/138\/revisions"}],"predecessor-version":[{"id":139,"href":"https:\/\/instytutpolski.pl\/bucuresti\/wp-json\/wp\/v2\/pages\/138\/revisions\/139"}],"wp:attachment":[{"href":"https:\/\/instytutpolski.pl\/bucuresti\/wp-json\/wp\/v2\/media?parent=138"}],"curies":[{"name":"wp","href":"https:\/\/api.w.org\/{rel}","templated":true}]}}