{"id":140,"date":"2019-06-05T21:23:05","date_gmt":"2019-06-05T19:23:05","guid":{"rendered":"https:\/\/instytutpolski.pl\/bukareszt\/?page_id=140"},"modified":"2019-06-05T21:23:05","modified_gmt":"2019-06-05T19:23:05","slug":"praktyki-i-wolontariat","status":"publish","type":"page","link":"https:\/\/instytutpolski.pl\/bucuresti\/pl\/praktyki-i-wolontariat\/","title":{"rendered":"Praktyki i wolontariat"},"content":{"rendered":"\n<p>Czyli jak do nas do\u0142\u0105czy\u0107, przynajmniej na jaki\u015b czas. Zapraszamy student\u00f3w, absolwent\u00f3w i wolontariuszy.<\/p>\n<p>Dzi\u0119kujemy za zainteresowanie praktykami studenckimi w Instytucie Polskim w Bukareszcie. Z przyjemno\u015bci\u0105 rozpatrzymy ka\u017cdy wniosek. Warunki dopuszczenia do praktyk s\u0105 nast\u0119puj\u0105ce:<\/p>\n<p>&#8211; kandydat jest obywatelem RP lub innego pa\u0144stwa cz\u0142onkowskiego UE,<\/p>\n<p>&#8211; jest studentem co najmniej trzeciego roku studi\u00f3w pierwszego stopnia,<\/p>\n<p>&#8211; studiuje na kierunku istotnym z punktu widzenia MSZ,<\/p>\n<p>&#8211; rozpocznie procedur\u0119 ubiegania si\u0119 o praktyki na co najmniej 45 dni (ok. 6 tygodni) przed planowanym terminem ich rozpocz\u0119cia.<\/p>\n<p>Procedura wygl\u0105da nast\u0119puj\u0105co:<\/p>\n<ol>\n<li>Prosimy o zapoznanie si\u0119 z<strong><a href=\"http:\/\/www.msz.gov.pl\/pl\/ministerstwo\/praca_i_kariera\/praktyki\/zarzadzenie_2011_13\" target=\"_blank\" rel=\"noopener noreferrer\">\u00a0rozporz\u0105dzeniem na temat praktyk<\/a><\/strong>, dost\u0119pnym na stronie\u00a0<a href=\"http:\/\/www.msz.gov.pl\/pl\/ministerstwo\/praca_i_kariera\/praktyki\/praktyki__wolontariat_i_staz\" target=\"_blank\" rel=\"noopener noreferrer\">Ministerstwa Spraw Zagranicznych<\/a>.<\/li>\n<\/ol>\n<ul>\n<li>Prosimy o wype\u0142nienie, podpisanie i wys\u0142anie na nasz adres odpowiedniego<strong>\u00a0formularza aplikacyjnego<\/strong>:\u00a0<a href=\"http:\/\/www.msz.gov.pl\/resource\/96a44be6-9cc8-4bde-8f72-dc02ff743c4a:JCR\" target=\"_blank\" rel=\"noopener noreferrer\">dla student\u00f3w<\/a>,\u00a0<a href=\"http:\/\/www.msz.gov.pl\/resource\/e94250af-f2fd-4270-90cd-73bcd58dbf57:JCR\" target=\"_blank\" rel=\"noopener noreferrer\">dla absolwent\u00f3w<\/a>,\u00a0<a href=\"http:\/\/www.msz.gov.pl\/resource\/5cd25c34-04fd-4bb7-a813-0ade99064d36:JCR\" target=\"_blank\" rel=\"noopener noreferrer\">dla wolontariuszy<\/a>.<\/li>\n<li>oraz za\u0142\u0105cznik\u00f3w:<\/li>\n<li><a href=\"http:\/\/www.msz.gov.pl\/resource\/6ca33129-2968-46a2-8c57-5793ac6b4f29:JCR\" target=\"_blank\" rel=\"noopener noreferrer\"><strong>o\u015bwiadczenie o zapoznaniu si\u0119 z regulaminem praktyk i wolontariatu<\/strong><\/a><\/li>\n<li><a href=\"http:\/\/www.msz.gov.pl\/resource\/ee3d24cd-5446-4312-a121-b91fed423645:JCR\" target=\"_blank\" rel=\"noopener noreferrer\"><strong>o\u015bwi<\/strong><strong>adczenie o niekaralno\u015bci<\/strong><\/a><\/li>\n<li><strong>kopia dowodu osobistego lub stron paszportu ze zdj\u0119ciem<\/strong><\/li>\n<\/ul>\n<p>Dokumenty te mo\u017cna wys\u0142a\u0107 poczt\u0105 elektroniczn\u0105 w formie skan\u00f3w.<\/p>\n<p>Dodatkowo, co najmniej na 14 dni przed planowanym terminem rozpocz\u0119cia praktyk nale\u017cy przes\u0142a\u0107:<\/p>\n<ul>\n<li><strong>zdj\u0119cie typu paszportowego w formie elektronicznej<\/strong><\/li>\n<\/ul>\n<ol start=\"2\">\n<li>Decyzj\u0119 odno\u015bnie dopuszczenia do odbywania praktyk podejmuje dyrektor plac\u00f3wki. Kandydat otrzymuje informacj\u0119 odno\u015bnie dopuszczenia do praktyk telefonicznie lub poczt\u0105 elektroniczn\u0105 \u00a0co najmniej na 14 dni przed planowanym terminem rozpocz\u0119cia praktyk.<\/li>\n<li>*Najp\u00f3\u017aniej w dniu rozpocz\u0119cia praktyk kandydat zobowi\u0105zany jest do przedstawienia<\/li>\n<\/ol>\n<ul>\n<li>orygina\u0142\u00f3w dokument\u00f3w aplikacyjnych (formularza i za\u0142\u0105cznik\u00f3w)<\/li>\n<li>dowodu ubezpieczenia NNW na okres odbywania praktyki<\/li>\n<\/ul>\n<p>\u00a0<\/p>\n<p>Planuj\u0105c\u00a0 praktyk\u0119, prosimy o zwr\u00f3cenie uwagi na nast\u0119puj\u0105ce warunki:<\/p>\n<p>&#8211; Praktyka studencka jest bezp\u0142atna.<\/p>\n<p>&#8211; Plac\u00f3wka nie zapewnia wy\u017cywienia ani zakwaterowania, ani nie po\u015bredniczy w wynajmie mieszkania.<\/p>\n<p>&#8211; Doradzamy kontakt z miejscowymi organizacjami studenckimi, uczelniami oraz biurami nieruchomo\u015bci w celu wynajmu pokoju w akademiku lub mieszkania na okres praktyk.<\/p>\n<p>W razie pyta\u0144, w\u0105tpliwo\u015bci lub niejasno\u015bci, prosimy o kontakt: emailem\u00a0<u>bucuresti@instytutpolski.org<\/u>\u00a0lub telefonicznie\u00a0+40 21 224 45 56.<\/p>\n","protected":false},"excerpt":{"rendered":"<p>Czyli jak do nas do\u0142\u0105czy\u0107, przynajmniej na jaki\u015b czas. Zapraszamy student\u00f3w, absolwent\u00f3w i wolontariuszy. Dzi\u0119kujemy za zainteresowanie praktykami studenckimi w Instytucie Polskim w Bukareszcie. Z przyjemno\u015bci\u0105 rozpatrzymy ka\u017cdy wniosek. Warunki dopuszczenia do praktyk s\u0105 nast\u0119puj\u0105ce: &#8211; kandydat jest obywatelem RP lub innego pa\u0144stwa cz\u0142onkowskiego UE, &#8211; jest studentem co najmniej trzeciego roku studi\u00f3w pierwszego stopnia, [&hellip;]<\/p>\n","protected":false},"author":1,"featured_media":0,"parent":0,"menu_order":0,"comment_status":"closed","ping_status":"closed","template":"","meta":{"inline_featured_image":false,"_monsterinsights_skip_tracking":false,"_monsterinsights_sitenote_active":false,"_monsterinsights_sitenote_note":"","_monsterinsights_sitenote_category":0,"footnotes":""},"class_list":["post-140","page","type-page","status-publish","hentry"],"yoast_head":"<!-- This site is optimized with the Yoast SEO plugin v24.6 - https:\/\/yoast.com\/wordpress\/plugins\/seo\/ -->\n<title>Praktyki i wolontariat - Instytut Polski w Bukareszcie<\/title>\n<meta name=\"robots\" content=\"index, follow, max-snippet:-1, max-image-preview:large, max-video-preview:-1\" \/>\n<link rel=\"canonical\" href=\"https:\/\/instytutpolski.pl\/bucuresti\/pl\/praktyki-i-wolontariat\/\" \/>\n<meta property=\"og:locale\" content=\"pl_PL\" \/>\n<meta property=\"og:type\" content=\"article\" \/>\n<meta property=\"og:title\" content=\"Praktyki i wolontariat - Instytut Polski w Bukareszcie\" \/>\n<meta property=\"og:description\" content=\"Czyli jak do nas do\u0142\u0105czy\u0107, przynajmniej na jaki\u015b czas. Zapraszamy student\u00f3w, absolwent\u00f3w i wolontariuszy. Dzi\u0119kujemy za zainteresowanie praktykami studenckimi w Instytucie Polskim w Bukareszcie. Z przyjemno\u015bci\u0105 rozpatrzymy ka\u017cdy wniosek. Warunki dopuszczenia do praktyk s\u0105 nast\u0119puj\u0105ce: &#8211; kandydat jest obywatelem RP lub innego pa\u0144stwa cz\u0142onkowskiego UE, &#8211; jest studentem co najmniej trzeciego roku studi\u00f3w pierwszego stopnia, [&hellip;]\" \/>\n<meta property=\"og:url\" content=\"https:\/\/instytutpolski.pl\/bucuresti\/pl\/praktyki-i-wolontariat\/\" \/>\n<meta property=\"og:site_name\" content=\"Instytut Polski w Bukareszcie\" \/>\n<meta name=\"twitter:card\" content=\"summary_large_image\" \/>\n<meta name=\"twitter:label1\" content=\"Szacowany czas czytania\" \/>\n\t<meta name=\"twitter:data1\" content=\"2 minuty\" \/>\n<script type=\"application\/ld+json\" class=\"yoast-schema-graph\">{\"@context\":\"https:\/\/schema.org\",\"@graph\":[{\"@type\":\"WebPage\",\"@id\":\"https:\/\/instytutpolski.pl\/bucuresti\/pl\/praktyki-i-wolontariat\/\",\"url\":\"https:\/\/instytutpolski.pl\/bucuresti\/pl\/praktyki-i-wolontariat\/\",\"name\":\"Praktyki i wolontariat - Instytut Polski w Bukareszcie\",\"isPartOf\":{\"@id\":\"https:\/\/instytutpolski.pl\/bucuresti\/#website\"},\"datePublished\":\"2019-06-05T19:23:05+00:00\",\"breadcrumb\":{\"@id\":\"https:\/\/instytutpolski.pl\/bucuresti\/pl\/praktyki-i-wolontariat\/#breadcrumb\"},\"inLanguage\":\"pl-PL\",\"potentialAction\":[{\"@type\":\"ReadAction\",\"target\":[\"https:\/\/instytutpolski.pl\/bucuresti\/pl\/praktyki-i-wolontariat\/\"]}]},{\"@type\":\"BreadcrumbList\",\"@id\":\"https:\/\/instytutpolski.pl\/bucuresti\/pl\/praktyki-i-wolontariat\/#breadcrumb\",\"itemListElement\":[{\"@type\":\"ListItem\",\"position\":1,\"name\":\"Home\",\"item\":\"https:\/\/instytutpolski.pl\/bucuresti\/\"},{\"@type\":\"ListItem\",\"position\":2,\"name\":\"Praktyki i wolontariat\"}]},{\"@type\":\"WebSite\",\"@id\":\"https:\/\/instytutpolski.pl\/bucuresti\/#website\",\"url\":\"https:\/\/instytutpolski.pl\/bucuresti\/\",\"name\":\"Instytut Polski w Bukareszcie\",\"description\":\"Instytuty Polskie\",\"potentialAction\":[{\"@type\":\"SearchAction\",\"target\":{\"@type\":\"EntryPoint\",\"urlTemplate\":\"https:\/\/instytutpolski.pl\/bucuresti\/?s={search_term_string}\"},\"query-input\":{\"@type\":\"PropertyValueSpecification\",\"valueRequired\":true,\"valueName\":\"search_term_string\"}}],\"inLanguage\":\"pl-PL\"}]}<\/script>\n<!-- \/ Yoast SEO plugin. -->","yoast_head_json":{"title":"Praktyki i wolontariat - Instytut Polski w Bukareszcie","robots":{"index":"index","follow":"follow","max-snippet":"max-snippet:-1","max-image-preview":"max-image-preview:large","max-video-preview":"max-video-preview:-1"},"canonical":"https:\/\/instytutpolski.pl\/bucuresti\/pl\/praktyki-i-wolontariat\/","og_locale":"pl_PL","og_type":"article","og_title":"Praktyki i wolontariat - Instytut Polski w Bukareszcie","og_description":"Czyli jak do nas do\u0142\u0105czy\u0107, przynajmniej na jaki\u015b czas. Zapraszamy student\u00f3w, absolwent\u00f3w i wolontariuszy. Dzi\u0119kujemy za zainteresowanie praktykami studenckimi w Instytucie Polskim w Bukareszcie. Z przyjemno\u015bci\u0105 rozpatrzymy ka\u017cdy wniosek. Warunki dopuszczenia do praktyk s\u0105 nast\u0119puj\u0105ce: &#8211; kandydat jest obywatelem RP lub innego pa\u0144stwa cz\u0142onkowskiego UE, &#8211; jest studentem co najmniej trzeciego roku studi\u00f3w pierwszego stopnia, [&hellip;]","og_url":"https:\/\/instytutpolski.pl\/bucuresti\/pl\/praktyki-i-wolontariat\/","og_site_name":"Instytut Polski w Bukareszcie","twitter_card":"summary_large_image","twitter_misc":{"Szacowany czas czytania":"2 minuty"},"schema":{"@context":"https:\/\/schema.org","@graph":[{"@type":"WebPage","@id":"https:\/\/instytutpolski.pl\/bucuresti\/pl\/praktyki-i-wolontariat\/","url":"https:\/\/instytutpolski.pl\/bucuresti\/pl\/praktyki-i-wolontariat\/","name":"Praktyki i wolontariat - Instytut Polski w Bukareszcie","isPartOf":{"@id":"https:\/\/instytutpolski.pl\/bucuresti\/#website"},"datePublished":"2019-06-05T19:23:05+00:00","breadcrumb":{"@id":"https:\/\/instytutpolski.pl\/bucuresti\/pl\/praktyki-i-wolontariat\/#breadcrumb"},"inLanguage":"pl-PL","potentialAction":[{"@type":"ReadAction","target":["https:\/\/instytutpolski.pl\/bucuresti\/pl\/praktyki-i-wolontariat\/"]}]},{"@type":"BreadcrumbList","@id":"https:\/\/instytutpolski.pl\/bucuresti\/pl\/praktyki-i-wolontariat\/#breadcrumb","itemListElement":[{"@type":"ListItem","position":1,"name":"Home","item":"https:\/\/instytutpolski.pl\/bucuresti\/"},{"@type":"ListItem","position":2,"name":"Praktyki i wolontariat"}]},{"@type":"WebSite","@id":"https:\/\/instytutpolski.pl\/bucuresti\/#website","url":"https:\/\/instytutpolski.pl\/bucuresti\/","name":"Instytut Polski w Bukareszcie","description":"Instytuty Polskie","potentialAction":[{"@type":"SearchAction","target":{"@type":"EntryPoint","urlTemplate":"https:\/\/instytutpolski.pl\/bucuresti\/?s={search_term_string}"},"query-input":{"@type":"PropertyValueSpecification","valueRequired":true,"valueName":"search_term_string"}}],"inLanguage":"pl-PL"}]}},"_links":{"self":[{"href":"https:\/\/instytutpolski.pl\/bucuresti\/wp-json\/wp\/v2\/pages\/140","targetHints":{"allow":["GET"]}}],"collection":[{"href":"https:\/\/instytutpolski.pl\/bucuresti\/wp-json\/wp\/v2\/pages"}],"about":[{"href":"https:\/\/instytutpolski.pl\/bucuresti\/wp-json\/wp\/v2\/types\/page"}],"author":[{"embeddable":true,"href":"https:\/\/instytutpolski.pl\/bucuresti\/wp-json\/wp\/v2\/users\/1"}],"replies":[{"embeddable":true,"href":"https:\/\/instytutpolski.pl\/bucuresti\/wp-json\/wp\/v2\/comments?post=140"}],"version-history":[{"count":1,"href":"https:\/\/instytutpolski.pl\/bucuresti\/wp-json\/wp\/v2\/pages\/140\/revisions"}],"predecessor-version":[{"id":141,"href":"https:\/\/instytutpolski.pl\/bucuresti\/wp-json\/wp\/v2\/pages\/140\/revisions\/141"}],"wp:attachment":[{"href":"https:\/\/instytutpolski.pl\/bucuresti\/wp-json\/wp\/v2\/media?parent=140"}],"curies":[{"name":"wp","href":"https:\/\/api.w.org\/{rel}","templated":true}]}}