{"id":142,"date":"2019-06-05T21:25:59","date_gmt":"2019-06-05T19:25:59","guid":{"rendered":"https:\/\/instytutpolski.pl\/bukareszt\/?page_id=142"},"modified":"2019-06-05T21:25:59","modified_gmt":"2019-06-05T19:25:59","slug":"institute-poloneze-in-lume","status":"publish","type":"page","link":"https:\/\/instytutpolski.pl\/bucuresti\/institute-poloneze-in-lume\/","title":{"rendered":"Institute Poloneze \u00een lume"},"content":{"rendered":"\n<p>\u00cen prezent exist\u0103 Institute Poloneze \u00een 24 de ora\u015fe importante din Europa \u015fi din afara ei, activ\u00e2nd \u00een 21 de \u0163\u0103ri:<\/p>\n<ul>\n<li>Austria (<a href=\"http:\/\/www.polnisches-institut.at\/\" target=\"_blank\" rel=\"noopener noreferrer\"><strong>Viena<\/strong><\/a>)<\/li>\n<li>Belarus (<a href=\"http:\/\/www.instpol.by\/\" target=\"_blank\" rel=\"noopener noreferrer\"><strong>Minsk<\/strong><\/a>)<\/li>\n<li>Belgia (<a href=\"http:\/\/www.culturepolonaise.eu\/\" target=\"_blank\" rel=\"noopener noreferrer\"><strong>Bruxelles<\/strong><\/a>)<\/li>\n<li>Bulgaria (<a href=\"http:\/\/institutpolski.org\/\" target=\"_blank\" rel=\"noopener noreferrer\"><strong>Sofia<\/strong><\/a>)<\/li>\n<li>Cehia (<a href=\"http:\/\/www.polskyinstitut.cz\/\" target=\"_blank\" rel=\"noopener noreferrer\"><strong>Praga<\/strong><\/a>)<\/li>\n<li>China (<strong><a href=\"http:\/\/beijing.mfa.gov.pl\/en\/bilateral_cooperation\/culture\/\" target=\"_blank\" rel=\"noopener noreferrer\">Beijing<\/a><\/strong>)<\/li>\n<li>Fran\u0163a (<a href=\"http:\/\/www.institutpolonais.fr\/\" target=\"_blank\" rel=\"noopener noreferrer\"><strong>Paris<\/strong><\/a>)<\/li>\n<li>Germania (<a href=\"http:\/\/berlin.polnischekultur.de\/\" target=\"_blank\" rel=\"noopener noreferrer\"><strong>Berlin<\/strong><\/a>,\u00a0<a href=\"http:\/\/www.polnisches-institut.de\/\" target=\"_blank\" rel=\"noopener noreferrer\"><strong>D\u00fcsseldorf<\/strong><\/a>,\u00a0<a href=\"http:\/\/leipzig.polnischekultur.de\/\" target=\"_blank\" rel=\"noopener noreferrer\"><strong>Leipzig<\/strong><\/a>)<\/li>\n<li>India (<strong><a href=\"http:\/\/polishinstitute.in\/\" target=\"_blank\" rel=\"noopener noreferrer\">New Delhi<\/a><\/strong>)<\/li>\n<li>Israel (<a href=\"http:\/\/www.polishinstitute.org.il\/\" target=\"_blank\" rel=\"noopener noreferrer\"><strong>Tel Aviv<\/strong><\/a>)<\/li>\n<li>Italia (<a href=\"http:\/\/www.istitutopolacco.it\/\" target=\"_blank\" rel=\"noopener noreferrer\"><strong>Roma<\/strong><\/a>)<\/li>\n<li>Lituania (<a href=\"http:\/\/www.lenkukultura.lt\/\" target=\"_blank\" rel=\"noopener noreferrer\"><strong>Vilnius<\/strong><\/a>)<\/li>\n<li>Marea Britanie (<a href=\"http:\/\/www.polishculture.org.uk\/\" target=\"_blank\" rel=\"noopener noreferrer\"><strong>Londra<\/strong><\/a>)<\/li>\n<li>Rom\u00e2nia \u015fi Republica Moldova (<a href=\"\/\/www.culturapoloneza.ro\/\"><strong>Bucure\u015fti<\/strong><\/a>)<\/li>\n<li>Rusia (<a href=\"http:\/\/kulturapolshi.ru\/\" target=\"_blank\" rel=\"noopener noreferrer\"><strong>Moscova<\/strong><\/a>,\u00a0<a href=\"http:\/\/www.polinst.ru\/\" target=\"_blank\" rel=\"noopener noreferrer\"><strong>Sankt Petersburg<\/strong><\/a>)<\/li>\n<li>Slovacia (<a href=\"http:\/\/www.polinst.sk\/\" target=\"_blank\" rel=\"noopener noreferrer\"><strong>Bratislava<\/strong><\/a>)<\/li>\n<li>Spania (<a href=\"http:\/\/www.culturapolaca.es\/\" target=\"_blank\" rel=\"noopener noreferrer\"><strong>Madrid<\/strong><\/a>)<\/li>\n<li>Statele Unite ale Americii (<a href=\"http:\/\/www.polishculture-nyc.org\/\" target=\"_blank\" rel=\"noopener noreferrer\"><strong>New York<\/strong><\/a>)<\/li>\n<li>Suedia (<a href=\"http:\/\/www.polskainstitutet.se\/\" target=\"_blank\" rel=\"noopener noreferrer\"><strong>Stockholm<\/strong><\/a>)<\/li>\n<li>Ucraina (<a href=\"http:\/\/www.polinst.kiev.ua\/\" target=\"_blank\" rel=\"noopener noreferrer\"><strong>Kiev<\/strong><\/a>)<\/li>\n<li>Ungaria (<a href=\"http:\/\/polinst.hu\/\" target=\"_blank\" rel=\"noopener noreferrer\"><strong>Budapesta<\/strong><\/a>)<\/li>\n<\/ul>\n","protected":false},"excerpt":{"rendered":"<p>\u00cen prezent exist\u0103 Institute Poloneze \u00een 24 de ora\u015fe importante din Europa \u015fi din afara ei, activ\u00e2nd \u00een 21 de \u0163\u0103ri: Austria (Viena) Belarus (Minsk) Belgia (Bruxelles) Bulgaria (Sofia) Cehia (Praga) China (Beijing) Fran\u0163a (Paris) Germania (Berlin,\u00a0D\u00fcsseldorf,\u00a0Leipzig) India (New Delhi) Israel (Tel Aviv) Italia (Roma) Lituania (Vilnius) Marea Britanie (Londra) Rom\u00e2nia \u015fi Republica Moldova (Bucure\u015fti) [&hellip;]<\/p>\n","protected":false},"author":1,"featured_media":0,"parent":0,"menu_order":0,"comment_status":"closed","ping_status":"closed","template":"","meta":{"inline_featured_image":false,"_monsterinsights_skip_tracking":false,"_monsterinsights_sitenote_active":false,"_monsterinsights_sitenote_note":"","_monsterinsights_sitenote_category":0,"footnotes":""},"class_list":["post-142","page","type-page","status-publish","hentry"],"yoast_head":"<!-- This site is optimized with the Yoast SEO plugin v24.6 - https:\/\/yoast.com\/wordpress\/plugins\/seo\/ -->\n<title>Institute Poloneze \u00een lume - Instytut Polski w Bukareszcie<\/title>\n<meta name=\"robots\" content=\"index, follow, max-snippet:-1, max-image-preview:large, max-video-preview:-1\" \/>\n<link rel=\"canonical\" href=\"https:\/\/instytutpolski.pl\/bucuresti\/institute-poloneze-in-lume\/\" \/>\n<meta property=\"og:locale\" content=\"pl_PL\" \/>\n<meta property=\"og:type\" content=\"article\" \/>\n<meta property=\"og:title\" content=\"Institute Poloneze \u00een lume - Instytut Polski w Bukareszcie\" \/>\n<meta property=\"og:description\" content=\"\u00cen prezent exist\u0103 Institute Poloneze \u00een 24 de ora\u015fe importante din Europa \u015fi din afara ei, activ\u00e2nd \u00een 21 de \u0163\u0103ri: Austria (Viena) Belarus (Minsk) Belgia (Bruxelles) Bulgaria (Sofia) Cehia (Praga) China (Beijing) Fran\u0163a (Paris) Germania (Berlin,\u00a0D\u00fcsseldorf,\u00a0Leipzig) India (New Delhi) Israel (Tel Aviv) Italia (Roma) Lituania (Vilnius) Marea Britanie (Londra) Rom\u00e2nia \u015fi Republica Moldova (Bucure\u015fti) [&hellip;]\" \/>\n<meta property=\"og:url\" content=\"https:\/\/instytutpolski.pl\/bucuresti\/institute-poloneze-in-lume\/\" \/>\n<meta property=\"og:site_name\" content=\"Instytut Polski w Bukareszcie\" \/>\n<meta name=\"twitter:card\" content=\"summary_large_image\" \/>\n<script type=\"application\/ld+json\" class=\"yoast-schema-graph\">{\"@context\":\"https:\/\/schema.org\",\"@graph\":[{\"@type\":\"WebPage\",\"@id\":\"https:\/\/instytutpolski.pl\/bucuresti\/institute-poloneze-in-lume\/\",\"url\":\"https:\/\/instytutpolski.pl\/bucuresti\/institute-poloneze-in-lume\/\",\"name\":\"Institute Poloneze \u00een lume - Instytut Polski w Bukareszcie\",\"isPartOf\":{\"@id\":\"https:\/\/instytutpolski.pl\/bucuresti\/#website\"},\"datePublished\":\"2019-06-05T19:25:59+00:00\",\"breadcrumb\":{\"@id\":\"https:\/\/instytutpolski.pl\/bucuresti\/institute-poloneze-in-lume\/#breadcrumb\"},\"inLanguage\":\"pl-PL\",\"potentialAction\":[{\"@type\":\"ReadAction\",\"target\":[\"https:\/\/instytutpolski.pl\/bucuresti\/institute-poloneze-in-lume\/\"]}]},{\"@type\":\"BreadcrumbList\",\"@id\":\"https:\/\/instytutpolski.pl\/bucuresti\/institute-poloneze-in-lume\/#breadcrumb\",\"itemListElement\":[{\"@type\":\"ListItem\",\"position\":1,\"name\":\"Home\",\"item\":\"https:\/\/instytutpolski.pl\/bucuresti\/\"},{\"@type\":\"ListItem\",\"position\":2,\"name\":\"Institute Poloneze \u00een lume\"}]},{\"@type\":\"WebSite\",\"@id\":\"https:\/\/instytutpolski.pl\/bucuresti\/#website\",\"url\":\"https:\/\/instytutpolski.pl\/bucuresti\/\",\"name\":\"Instytut Polski w Bukareszcie\",\"description\":\"Instytuty Polskie\",\"potentialAction\":[{\"@type\":\"SearchAction\",\"target\":{\"@type\":\"EntryPoint\",\"urlTemplate\":\"https:\/\/instytutpolski.pl\/bucuresti\/?s={search_term_string}\"},\"query-input\":{\"@type\":\"PropertyValueSpecification\",\"valueRequired\":true,\"valueName\":\"search_term_string\"}}],\"inLanguage\":\"pl-PL\"}]}<\/script>\n<!-- \/ Yoast SEO plugin. -->","yoast_head_json":{"title":"Institute Poloneze \u00een lume - Instytut Polski w Bukareszcie","robots":{"index":"index","follow":"follow","max-snippet":"max-snippet:-1","max-image-preview":"max-image-preview:large","max-video-preview":"max-video-preview:-1"},"canonical":"https:\/\/instytutpolski.pl\/bucuresti\/institute-poloneze-in-lume\/","og_locale":"pl_PL","og_type":"article","og_title":"Institute Poloneze \u00een lume - Instytut Polski w Bukareszcie","og_description":"\u00cen prezent exist\u0103 Institute Poloneze \u00een 24 de ora\u015fe importante din Europa \u015fi din afara ei, activ\u00e2nd \u00een 21 de \u0163\u0103ri: Austria (Viena) Belarus (Minsk) Belgia (Bruxelles) Bulgaria (Sofia) Cehia (Praga) China (Beijing) Fran\u0163a (Paris) Germania (Berlin,\u00a0D\u00fcsseldorf,\u00a0Leipzig) India (New Delhi) Israel (Tel Aviv) Italia (Roma) Lituania (Vilnius) Marea Britanie (Londra) Rom\u00e2nia \u015fi Republica Moldova (Bucure\u015fti) [&hellip;]","og_url":"https:\/\/instytutpolski.pl\/bucuresti\/institute-poloneze-in-lume\/","og_site_name":"Instytut Polski w Bukareszcie","twitter_card":"summary_large_image","schema":{"@context":"https:\/\/schema.org","@graph":[{"@type":"WebPage","@id":"https:\/\/instytutpolski.pl\/bucuresti\/institute-poloneze-in-lume\/","url":"https:\/\/instytutpolski.pl\/bucuresti\/institute-poloneze-in-lume\/","name":"Institute Poloneze \u00een lume - Instytut Polski w Bukareszcie","isPartOf":{"@id":"https:\/\/instytutpolski.pl\/bucuresti\/#website"},"datePublished":"2019-06-05T19:25:59+00:00","breadcrumb":{"@id":"https:\/\/instytutpolski.pl\/bucuresti\/institute-poloneze-in-lume\/#breadcrumb"},"inLanguage":"pl-PL","potentialAction":[{"@type":"ReadAction","target":["https:\/\/instytutpolski.pl\/bucuresti\/institute-poloneze-in-lume\/"]}]},{"@type":"BreadcrumbList","@id":"https:\/\/instytutpolski.pl\/bucuresti\/institute-poloneze-in-lume\/#breadcrumb","itemListElement":[{"@type":"ListItem","position":1,"name":"Home","item":"https:\/\/instytutpolski.pl\/bucuresti\/"},{"@type":"ListItem","position":2,"name":"Institute Poloneze \u00een lume"}]},{"@type":"WebSite","@id":"https:\/\/instytutpolski.pl\/bucuresti\/#website","url":"https:\/\/instytutpolski.pl\/bucuresti\/","name":"Instytut Polski w Bukareszcie","description":"Instytuty Polskie","potentialAction":[{"@type":"SearchAction","target":{"@type":"EntryPoint","urlTemplate":"https:\/\/instytutpolski.pl\/bucuresti\/?s={search_term_string}"},"query-input":{"@type":"PropertyValueSpecification","valueRequired":true,"valueName":"search_term_string"}}],"inLanguage":"pl-PL"}]}},"_links":{"self":[{"href":"https:\/\/instytutpolski.pl\/bucuresti\/wp-json\/wp\/v2\/pages\/142","targetHints":{"allow":["GET"]}}],"collection":[{"href":"https:\/\/instytutpolski.pl\/bucuresti\/wp-json\/wp\/v2\/pages"}],"about":[{"href":"https:\/\/instytutpolski.pl\/bucuresti\/wp-json\/wp\/v2\/types\/page"}],"author":[{"embeddable":true,"href":"https:\/\/instytutpolski.pl\/bucuresti\/wp-json\/wp\/v2\/users\/1"}],"replies":[{"embeddable":true,"href":"https:\/\/instytutpolski.pl\/bucuresti\/wp-json\/wp\/v2\/comments?post=142"}],"version-history":[{"count":1,"href":"https:\/\/instytutpolski.pl\/bucuresti\/wp-json\/wp\/v2\/pages\/142\/revisions"}],"predecessor-version":[{"id":145,"href":"https:\/\/instytutpolski.pl\/bucuresti\/wp-json\/wp\/v2\/pages\/142\/revisions\/145"}],"wp:attachment":[{"href":"https:\/\/instytutpolski.pl\/bucuresti\/wp-json\/wp\/v2\/media?parent=142"}],"curies":[{"name":"wp","href":"https:\/\/api.w.org\/{rel}","templated":true}]}}