{"id":143,"date":"2019-06-05T21:25:34","date_gmt":"2019-06-05T19:25:34","guid":{"rendered":"https:\/\/instytutpolski.pl\/bukareszt\/?page_id=143"},"modified":"2019-06-05T21:25:35","modified_gmt":"2019-06-05T19:25:35","slug":"instytuty-polskie-na-swiecie","status":"publish","type":"page","link":"https:\/\/instytutpolski.pl\/bucuresti\/pl\/instytuty-polskie-na-swiecie\/","title":{"rendered":"Instytuty Polskie na \u015bwiecie"},"content":{"rendered":"\n<p>Instytuty Polskie dzia\u0142aj\u0105 w 24 miastach, g\u0142\u00f3wnie europejskich i swoj\u0105 aktywno\u015bci\u0105 obejmuj\u0105 21 pa\u0144stw:<\/p>\n<ul>\n<li>Austria (<a href=\"http:\/\/www.polnisches-institut.at\/\" target=\"_blank\" rel=\"noopener noreferrer\"><strong>Wiede\u0144<\/strong><\/a>)<\/li>\n<li>Bia\u0142oru\u015b (<a href=\"http:\/\/www.instpol.by\/\" target=\"_blank\" rel=\"noopener noreferrer\"><strong>Mi\u0144sk<\/strong><\/a>)<\/li>\n<li>Belgia (<a href=\"http:\/\/www.culturepolonaise.eu\/\" target=\"_blank\" rel=\"noopener noreferrer\"><strong>Bruksela<\/strong><\/a>)<\/li>\n<li>Bu\u0142garia (<a href=\"http:\/\/institutpolski.org\/\" target=\"_blank\" rel=\"noopener noreferrer\"><strong>Sofia<\/strong><\/a>)<\/li>\n<li>Chiny (<strong><a href=\"http:\/\/pekin.msz.gov.pl\/pl\/wspolpraca_dwustronna\/kultura\/\" target=\"_blank\" rel=\"noopener noreferrer\">Pekin<\/a><\/strong>)<\/li>\n<li>Czechy (<a href=\"http:\/\/www.polskyinstitut.cz\/\" target=\"_blank\" rel=\"noopener noreferrer\"><strong>Praga<\/strong><\/a>)<\/li>\n<li>Francja (<a href=\"http:\/\/www.institutpolonais.fr\/\" target=\"_blank\" rel=\"noopener noreferrer\"><strong>Pary\u017c<\/strong><\/a>)<\/li>\n<li>Hiszpania (<a href=\"http:\/\/www.culturapolaca.es\/\" target=\"_blank\" rel=\"noopener noreferrer\"><strong>Madryd<\/strong><\/a>)<\/li>\n<li>Indie (<strong><a href=\"http:\/\/polishinstitute.in\/\" target=\"_blank\" rel=\"noopener noreferrer\">Nowe Delhi<\/a><\/strong>)<\/li>\n<li>Izrael (<a href=\"http:\/\/www.polishinstitute.org.il\/\" target=\"_blank\" rel=\"noopener noreferrer\"><strong>Tel Aviv<\/strong><\/a>)<\/li>\n<li>Litwa (<a href=\"http:\/\/www.lenkukultura.lt\/\" target=\"_blank\" rel=\"noopener noreferrer\"><strong>Wilno<\/strong><\/a>)<\/li>\n<li>Niemcy (<a href=\"http:\/\/berlin.polnischekultur.de\/\" target=\"_blank\" rel=\"noopener noreferrer\"><strong>Berlin<\/strong><\/a>,\u00a0<a href=\"http:\/\/www.polnisches-institut.de\/\" target=\"_blank\" rel=\"noopener noreferrer\"><strong>D\u00fcsseldorf<\/strong><\/a>,\u00a0<a href=\"http:\/\/leipzig.polnischekultur.de\/\" target=\"_blank\" rel=\"noopener noreferrer\"><strong>Lipsk<\/strong><\/a>)<\/li>\n<li>Rosja (<a href=\"http:\/\/kulturapolshi.ru\/\" target=\"_blank\" rel=\"noopener noreferrer\"><strong>Moskwa<\/strong><\/a>,\u00a0<a href=\"http:\/\/www.polinst.ru\/\" target=\"_blank\" rel=\"noopener noreferrer\"><strong>Sankt Petersburg<\/strong><\/a>)<\/li>\n<li>Rumunia i Republika Mo\u0142dawii (<a href=\"\/\/www.culturapoloneza.ro\/\"><strong>Bukareszt<\/strong><\/a>)<\/li>\n<li>S\u0142owacja (<a href=\"http:\/\/www.polinst.sk\/\" target=\"_blank\" rel=\"noopener noreferrer\"><strong>Bratys\u0142awa<\/strong><\/a>)<\/li>\n<li>Stany Zjednoczone (<a href=\"http:\/\/www.polishculture-nyc.org\/\" target=\"_blank\" rel=\"noopener noreferrer\"><strong>Nowy Jork<\/strong><\/a>)<\/li>\n<li>Szwecja (<a href=\"http:\/\/www.polskainstitutet.se\/\" target=\"_blank\" rel=\"noopener noreferrer\"><strong>Sztokholm<\/strong><\/a>)<\/li>\n<li>Ukraina (<a href=\"http:\/\/www.polinst.kiev.ua\/\" target=\"_blank\" rel=\"noopener noreferrer\"><strong>Kij\u00f3w<\/strong><\/a>)<\/li>\n<li>W\u0119gry (<a href=\"http:\/\/polinst.hu\/\" target=\"_blank\" rel=\"noopener noreferrer\"><strong>Budapeszt<\/strong><\/a>)<\/li>\n<li>Wielka Brytania (<a href=\"http:\/\/www.polishculture.org.uk\/\" target=\"_blank\" rel=\"noopener noreferrer\"><strong>Londyn<\/strong><\/a>)<\/li>\n<li>W\u0142ochy (<a href=\"http:\/\/www.istitutopolacco.it\/\" target=\"_blank\" rel=\"noopener noreferrer\"><strong>Rzym<\/strong><\/a>)<\/li>\n<\/ul>\n","protected":false},"excerpt":{"rendered":"<p>Instytuty Polskie dzia\u0142aj\u0105 w 24 miastach, g\u0142\u00f3wnie europejskich i swoj\u0105 aktywno\u015bci\u0105 obejmuj\u0105 21 pa\u0144stw: Austria (Wiede\u0144) Bia\u0142oru\u015b (Mi\u0144sk) Belgia (Bruksela) Bu\u0142garia (Sofia) Chiny (Pekin) Czechy (Praga) Francja (Pary\u017c) Hiszpania (Madryd) Indie (Nowe Delhi) Izrael (Tel Aviv) Litwa (Wilno) Niemcy (Berlin,\u00a0D\u00fcsseldorf,\u00a0Lipsk) Rosja (Moskwa,\u00a0Sankt Petersburg) Rumunia i Republika Mo\u0142dawii (Bukareszt) S\u0142owacja (Bratys\u0142awa) Stany Zjednoczone (Nowy Jork) Szwecja [&hellip;]<\/p>\n","protected":false},"author":1,"featured_media":0,"parent":0,"menu_order":0,"comment_status":"closed","ping_status":"closed","template":"","meta":{"inline_featured_image":false,"_monsterinsights_skip_tracking":false,"_monsterinsights_sitenote_active":false,"_monsterinsights_sitenote_note":"","_monsterinsights_sitenote_category":0,"footnotes":""},"class_list":["post-143","page","type-page","status-publish","hentry"],"yoast_head":"<!-- This site is optimized with the Yoast SEO plugin v24.6 - https:\/\/yoast.com\/wordpress\/plugins\/seo\/ -->\n<title>Instytuty Polskie na \u015bwiecie - Instytut Polski w Bukareszcie<\/title>\n<meta name=\"robots\" content=\"index, follow, max-snippet:-1, max-image-preview:large, max-video-preview:-1\" \/>\n<link rel=\"canonical\" href=\"https:\/\/instytutpolski.pl\/bucuresti\/pl\/instytuty-polskie-na-swiecie\/\" \/>\n<meta property=\"og:locale\" content=\"pl_PL\" \/>\n<meta property=\"og:type\" content=\"article\" \/>\n<meta property=\"og:title\" content=\"Instytuty Polskie na \u015bwiecie - Instytut Polski w Bukareszcie\" \/>\n<meta property=\"og:description\" content=\"Instytuty Polskie dzia\u0142aj\u0105 w 24 miastach, g\u0142\u00f3wnie europejskich i swoj\u0105 aktywno\u015bci\u0105 obejmuj\u0105 21 pa\u0144stw: Austria (Wiede\u0144) Bia\u0142oru\u015b (Mi\u0144sk) Belgia (Bruksela) Bu\u0142garia (Sofia) Chiny (Pekin) Czechy (Praga) Francja (Pary\u017c) Hiszpania (Madryd) Indie (Nowe Delhi) Izrael (Tel Aviv) Litwa (Wilno) Niemcy (Berlin,\u00a0D\u00fcsseldorf,\u00a0Lipsk) Rosja (Moskwa,\u00a0Sankt Petersburg) Rumunia i Republika Mo\u0142dawii (Bukareszt) S\u0142owacja (Bratys\u0142awa) Stany Zjednoczone (Nowy Jork) Szwecja [&hellip;]\" \/>\n<meta property=\"og:url\" content=\"https:\/\/instytutpolski.pl\/bucuresti\/pl\/instytuty-polskie-na-swiecie\/\" \/>\n<meta property=\"og:site_name\" content=\"Instytut Polski w Bukareszcie\" \/>\n<meta property=\"article:modified_time\" content=\"2019-06-05T19:25:35+00:00\" \/>\n<meta name=\"twitter:card\" content=\"summary_large_image\" \/>\n<script type=\"application\/ld+json\" class=\"yoast-schema-graph\">{\"@context\":\"https:\/\/schema.org\",\"@graph\":[{\"@type\":\"WebPage\",\"@id\":\"https:\/\/instytutpolski.pl\/bucuresti\/pl\/instytuty-polskie-na-swiecie\/\",\"url\":\"https:\/\/instytutpolski.pl\/bucuresti\/pl\/instytuty-polskie-na-swiecie\/\",\"name\":\"Instytuty Polskie na \u015bwiecie - Instytut Polski w Bukareszcie\",\"isPartOf\":{\"@id\":\"https:\/\/instytutpolski.pl\/bucuresti\/#website\"},\"datePublished\":\"2019-06-05T19:25:34+00:00\",\"dateModified\":\"2019-06-05T19:25:35+00:00\",\"breadcrumb\":{\"@id\":\"https:\/\/instytutpolski.pl\/bucuresti\/pl\/instytuty-polskie-na-swiecie\/#breadcrumb\"},\"inLanguage\":\"pl-PL\",\"potentialAction\":[{\"@type\":\"ReadAction\",\"target\":[\"https:\/\/instytutpolski.pl\/bucuresti\/pl\/instytuty-polskie-na-swiecie\/\"]}]},{\"@type\":\"BreadcrumbList\",\"@id\":\"https:\/\/instytutpolski.pl\/bucuresti\/pl\/instytuty-polskie-na-swiecie\/#breadcrumb\",\"itemListElement\":[{\"@type\":\"ListItem\",\"position\":1,\"name\":\"Home\",\"item\":\"https:\/\/instytutpolski.pl\/bucuresti\/\"},{\"@type\":\"ListItem\",\"position\":2,\"name\":\"Instytuty Polskie na \u015bwiecie\"}]},{\"@type\":\"WebSite\",\"@id\":\"https:\/\/instytutpolski.pl\/bucuresti\/#website\",\"url\":\"https:\/\/instytutpolski.pl\/bucuresti\/\",\"name\":\"Instytut Polski w Bukareszcie\",\"description\":\"Instytuty Polskie\",\"potentialAction\":[{\"@type\":\"SearchAction\",\"target\":{\"@type\":\"EntryPoint\",\"urlTemplate\":\"https:\/\/instytutpolski.pl\/bucuresti\/?s={search_term_string}\"},\"query-input\":{\"@type\":\"PropertyValueSpecification\",\"valueRequired\":true,\"valueName\":\"search_term_string\"}}],\"inLanguage\":\"pl-PL\"}]}<\/script>\n<!-- \/ Yoast SEO plugin. -->","yoast_head_json":{"title":"Instytuty Polskie na \u015bwiecie - Instytut Polski w Bukareszcie","robots":{"index":"index","follow":"follow","max-snippet":"max-snippet:-1","max-image-preview":"max-image-preview:large","max-video-preview":"max-video-preview:-1"},"canonical":"https:\/\/instytutpolski.pl\/bucuresti\/pl\/instytuty-polskie-na-swiecie\/","og_locale":"pl_PL","og_type":"article","og_title":"Instytuty Polskie na \u015bwiecie - Instytut Polski w Bukareszcie","og_description":"Instytuty Polskie dzia\u0142aj\u0105 w 24 miastach, g\u0142\u00f3wnie europejskich i swoj\u0105 aktywno\u015bci\u0105 obejmuj\u0105 21 pa\u0144stw: Austria (Wiede\u0144) Bia\u0142oru\u015b (Mi\u0144sk) Belgia (Bruksela) Bu\u0142garia (Sofia) Chiny (Pekin) Czechy (Praga) Francja (Pary\u017c) Hiszpania (Madryd) Indie (Nowe Delhi) Izrael (Tel Aviv) Litwa (Wilno) Niemcy (Berlin,\u00a0D\u00fcsseldorf,\u00a0Lipsk) Rosja (Moskwa,\u00a0Sankt Petersburg) Rumunia i Republika Mo\u0142dawii (Bukareszt) S\u0142owacja (Bratys\u0142awa) Stany Zjednoczone (Nowy Jork) Szwecja [&hellip;]","og_url":"https:\/\/instytutpolski.pl\/bucuresti\/pl\/instytuty-polskie-na-swiecie\/","og_site_name":"Instytut Polski w Bukareszcie","article_modified_time":"2019-06-05T19:25:35+00:00","twitter_card":"summary_large_image","schema":{"@context":"https:\/\/schema.org","@graph":[{"@type":"WebPage","@id":"https:\/\/instytutpolski.pl\/bucuresti\/pl\/instytuty-polskie-na-swiecie\/","url":"https:\/\/instytutpolski.pl\/bucuresti\/pl\/instytuty-polskie-na-swiecie\/","name":"Instytuty Polskie na \u015bwiecie - Instytut Polski w Bukareszcie","isPartOf":{"@id":"https:\/\/instytutpolski.pl\/bucuresti\/#website"},"datePublished":"2019-06-05T19:25:34+00:00","dateModified":"2019-06-05T19:25:35+00:00","breadcrumb":{"@id":"https:\/\/instytutpolski.pl\/bucuresti\/pl\/instytuty-polskie-na-swiecie\/#breadcrumb"},"inLanguage":"pl-PL","potentialAction":[{"@type":"ReadAction","target":["https:\/\/instytutpolski.pl\/bucuresti\/pl\/instytuty-polskie-na-swiecie\/"]}]},{"@type":"BreadcrumbList","@id":"https:\/\/instytutpolski.pl\/bucuresti\/pl\/instytuty-polskie-na-swiecie\/#breadcrumb","itemListElement":[{"@type":"ListItem","position":1,"name":"Home","item":"https:\/\/instytutpolski.pl\/bucuresti\/"},{"@type":"ListItem","position":2,"name":"Instytuty Polskie na \u015bwiecie"}]},{"@type":"WebSite","@id":"https:\/\/instytutpolski.pl\/bucuresti\/#website","url":"https:\/\/instytutpolski.pl\/bucuresti\/","name":"Instytut Polski w Bukareszcie","description":"Instytuty Polskie","potentialAction":[{"@type":"SearchAction","target":{"@type":"EntryPoint","urlTemplate":"https:\/\/instytutpolski.pl\/bucuresti\/?s={search_term_string}"},"query-input":{"@type":"PropertyValueSpecification","valueRequired":true,"valueName":"search_term_string"}}],"inLanguage":"pl-PL"}]}},"_links":{"self":[{"href":"https:\/\/instytutpolski.pl\/bucuresti\/wp-json\/wp\/v2\/pages\/143","targetHints":{"allow":["GET"]}}],"collection":[{"href":"https:\/\/instytutpolski.pl\/bucuresti\/wp-json\/wp\/v2\/pages"}],"about":[{"href":"https:\/\/instytutpolski.pl\/bucuresti\/wp-json\/wp\/v2\/types\/page"}],"author":[{"embeddable":true,"href":"https:\/\/instytutpolski.pl\/bucuresti\/wp-json\/wp\/v2\/users\/1"}],"replies":[{"embeddable":true,"href":"https:\/\/instytutpolski.pl\/bucuresti\/wp-json\/wp\/v2\/comments?post=143"}],"version-history":[{"count":1,"href":"https:\/\/instytutpolski.pl\/bucuresti\/wp-json\/wp\/v2\/pages\/143\/revisions"}],"predecessor-version":[{"id":144,"href":"https:\/\/instytutpolski.pl\/bucuresti\/wp-json\/wp\/v2\/pages\/143\/revisions\/144"}],"wp:attachment":[{"href":"https:\/\/instytutpolski.pl\/bucuresti\/wp-json\/wp\/v2\/media?parent=143"}],"curies":[{"name":"wp","href":"https:\/\/api.w.org\/{rel}","templated":true}]}}