{"id":195,"date":"2019-06-05T23:15:01","date_gmt":"2019-06-05T21:15:01","guid":{"rendered":"https:\/\/instytutpolski.pl\/bukareszt\/?page_id=195"},"modified":"2021-08-23T13:12:21","modified_gmt":"2021-08-23T11:12:21","slug":"ce-urmeaza","status":"publish","type":"page","link":"https:\/\/instytutpolski.pl\/bucuresti\/ce-urmeaza\/","title":{"rendered":"Ce urmeaz\u0103"},"content":{"rendered":"\n<p>Pe aceast\u0103 pagin\u0103 public\u0103m o list\u0103 cu evenimentele pe care le organiz\u0103m \u00een lunile urm\u0103toare \u00een Rom\u00e2nia \u0219i Republica Moldova, \u00eempreun\u0103 cu partenerii no\u0219tri. Programul de activitate al Institutului Polonez este actualizat constant, iar detaliile privind evenimentele le pute\u021bi g\u0103si \u00een link-uri. V\u0103 \u00eendemn\u0103m s\u0103 v\u0103 abona\u021bi la newsletterul nostru \u0219i s\u0103 ne urm\u0103ri\u021bi pe Facebook \u0219i Twitter.<\/p>\n<section class=\"post-image\"><\/section>\n<p><strong>AUGUST<\/strong><\/p>\n<p><strong>p\u00e2n\u0103 pe 31 august, Gole\u0219ti<\/strong> &#8211; expozi\u021bia \u201ePoloneze \u0219i rom\u00e2nce care au schimbat lumea\u201d, Muzeul Gole\u0219ti, str. Banul Radu Golescu nr. 34. <a href=\"https:\/\/instytutpolski.pl\/bucuresti\/2021\/07\/06\/poloneze-si-romance-la-muzeul-golesti\/\">Detalii &lt;&lt;&lt;<\/a>\u00a0<\/p>\n<p>\u00a0<\/p>\n<p>\u00a0<\/p>\n\n\n\n<p><\/p>\n","protected":false},"excerpt":{"rendered":"<p>Pe aceast\u0103 pagin\u0103 public\u0103m o list\u0103 cu evenimentele pe care le organiz\u0103m \u00een lunile urm\u0103toare \u00een Rom\u00e2nia \u0219i Republica Moldova, \u00eempreun\u0103 cu partenerii no\u0219tri. Programul de activitate al Institutului Polonez este actualizat constant, iar detaliile privind evenimentele le pute\u021bi g\u0103si \u00een link-uri. V\u0103 \u00eendemn\u0103m s\u0103 v\u0103 abona\u021bi la newsletterul nostru \u0219i s\u0103 ne urm\u0103ri\u021bi pe [&hellip;]<\/p>\n","protected":false},"author":1,"featured_media":2815,"parent":0,"menu_order":0,"comment_status":"closed","ping_status":"closed","template":"","meta":{"inline_featured_image":false,"_monsterinsights_skip_tracking":false,"_monsterinsights_sitenote_active":false,"_monsterinsights_sitenote_note":"","_monsterinsights_sitenote_category":0,"footnotes":""},"class_list":["post-195","page","type-page","status-publish","has-post-thumbnail","hentry"],"yoast_head":"<!-- This site is optimized with the Yoast SEO plugin v24.6 - https:\/\/yoast.com\/wordpress\/plugins\/seo\/ -->\n<title>Ce urmeaz\u0103 - Instytut Polski w Bukareszcie<\/title>\n<meta name=\"robots\" content=\"index, follow, max-snippet:-1, max-image-preview:large, max-video-preview:-1\" \/>\n<link rel=\"canonical\" href=\"https:\/\/instytutpolski.pl\/bucuresti\/ce-urmeaza\/\" \/>\n<meta property=\"og:locale\" content=\"pl_PL\" \/>\n<meta property=\"og:type\" content=\"article\" \/>\n<meta property=\"og:title\" content=\"Ce urmeaz\u0103 - Instytut Polski w Bukareszcie\" \/>\n<meta property=\"og:description\" content=\"Pe aceast\u0103 pagin\u0103 public\u0103m o list\u0103 cu evenimentele pe care le organiz\u0103m \u00een lunile urm\u0103toare \u00een Rom\u00e2nia \u0219i Republica Moldova, \u00eempreun\u0103 cu partenerii no\u0219tri. Programul de activitate al Institutului Polonez este actualizat constant, iar detaliile privind evenimentele le pute\u021bi g\u0103si \u00een link-uri. V\u0103 \u00eendemn\u0103m s\u0103 v\u0103 abona\u021bi la newsletterul nostru \u0219i s\u0103 ne urm\u0103ri\u021bi pe [&hellip;]\" \/>\n<meta property=\"og:url\" content=\"https:\/\/instytutpolski.pl\/bucuresti\/ce-urmeaza\/\" \/>\n<meta property=\"og:site_name\" content=\"Instytut Polski w Bukareszcie\" \/>\n<meta property=\"article:modified_time\" content=\"2021-08-23T11:12:21+00:00\" \/>\n<meta property=\"og:image\" content=\"https:\/\/instytutpolski.pl\/bucuresti\/wp-content\/uploads\/sites\/11\/2020\/06\/Garana_2016.jpg\" \/>\n\t<meta property=\"og:image:width\" content=\"2048\" \/>\n\t<meta property=\"og:image:height\" content=\"1365\" \/>\n\t<meta property=\"og:image:type\" content=\"image\/jpeg\" \/>\n<meta name=\"twitter:card\" content=\"summary_large_image\" \/>\n<script type=\"application\/ld+json\" class=\"yoast-schema-graph\">{\"@context\":\"https:\/\/schema.org\",\"@graph\":[{\"@type\":\"WebPage\",\"@id\":\"https:\/\/instytutpolski.pl\/bucuresti\/ce-urmeaza\/\",\"url\":\"https:\/\/instytutpolski.pl\/bucuresti\/ce-urmeaza\/\",\"name\":\"Ce urmeaz\u0103 - Instytut Polski w Bukareszcie\",\"isPartOf\":{\"@id\":\"https:\/\/instytutpolski.pl\/bucuresti\/#website\"},\"primaryImageOfPage\":{\"@id\":\"https:\/\/instytutpolski.pl\/bucuresti\/ce-urmeaza\/#primaryimage\"},\"image\":{\"@id\":\"https:\/\/instytutpolski.pl\/bucuresti\/ce-urmeaza\/#primaryimage\"},\"thumbnailUrl\":\"https:\/\/instytutpolski.pl\/bucuresti\/wp-content\/uploads\/sites\/11\/2020\/06\/Garana_2016.jpg\",\"datePublished\":\"2019-06-05T21:15:01+00:00\",\"dateModified\":\"2021-08-23T11:12:21+00:00\",\"breadcrumb\":{\"@id\":\"https:\/\/instytutpolski.pl\/bucuresti\/ce-urmeaza\/#breadcrumb\"},\"inLanguage\":\"pl-PL\",\"potentialAction\":[{\"@type\":\"ReadAction\",\"target\":[\"https:\/\/instytutpolski.pl\/bucuresti\/ce-urmeaza\/\"]}]},{\"@type\":\"ImageObject\",\"inLanguage\":\"pl-PL\",\"@id\":\"https:\/\/instytutpolski.pl\/bucuresti\/ce-urmeaza\/#primaryimage\",\"url\":\"https:\/\/instytutpolski.pl\/bucuresti\/wp-content\/uploads\/sites\/11\/2020\/06\/Garana_2016.jpg\",\"contentUrl\":\"https:\/\/instytutpolski.pl\/bucuresti\/wp-content\/uploads\/sites\/11\/2020\/06\/Garana_2016.jpg\",\"width\":2048,\"height\":1365,\"caption\":\"Festiwal Garana, fot. Agnieszka Skieterska\"},{\"@type\":\"BreadcrumbList\",\"@id\":\"https:\/\/instytutpolski.pl\/bucuresti\/ce-urmeaza\/#breadcrumb\",\"itemListElement\":[{\"@type\":\"ListItem\",\"position\":1,\"name\":\"Home\",\"item\":\"https:\/\/instytutpolski.pl\/bucuresti\/\"},{\"@type\":\"ListItem\",\"position\":2,\"name\":\"Ce urmeaz\u0103\"}]},{\"@type\":\"WebSite\",\"@id\":\"https:\/\/instytutpolski.pl\/bucuresti\/#website\",\"url\":\"https:\/\/instytutpolski.pl\/bucuresti\/\",\"name\":\"Instytut Polski w Bukareszcie\",\"description\":\"Instytuty Polskie\",\"potentialAction\":[{\"@type\":\"SearchAction\",\"target\":{\"@type\":\"EntryPoint\",\"urlTemplate\":\"https:\/\/instytutpolski.pl\/bucuresti\/?s={search_term_string}\"},\"query-input\":{\"@type\":\"PropertyValueSpecification\",\"valueRequired\":true,\"valueName\":\"search_term_string\"}}],\"inLanguage\":\"pl-PL\"}]}<\/script>\n<!-- \/ Yoast SEO plugin. -->","yoast_head_json":{"title":"Ce urmeaz\u0103 - Instytut Polski w Bukareszcie","robots":{"index":"index","follow":"follow","max-snippet":"max-snippet:-1","max-image-preview":"max-image-preview:large","max-video-preview":"max-video-preview:-1"},"canonical":"https:\/\/instytutpolski.pl\/bucuresti\/ce-urmeaza\/","og_locale":"pl_PL","og_type":"article","og_title":"Ce urmeaz\u0103 - Instytut Polski w Bukareszcie","og_description":"Pe aceast\u0103 pagin\u0103 public\u0103m o list\u0103 cu evenimentele pe care le organiz\u0103m \u00een lunile urm\u0103toare \u00een Rom\u00e2nia \u0219i Republica Moldova, \u00eempreun\u0103 cu partenerii no\u0219tri. Programul de activitate al Institutului Polonez este actualizat constant, iar detaliile privind evenimentele le pute\u021bi g\u0103si \u00een link-uri. V\u0103 \u00eendemn\u0103m s\u0103 v\u0103 abona\u021bi la newsletterul nostru \u0219i s\u0103 ne urm\u0103ri\u021bi pe [&hellip;]","og_url":"https:\/\/instytutpolski.pl\/bucuresti\/ce-urmeaza\/","og_site_name":"Instytut Polski w Bukareszcie","article_modified_time":"2021-08-23T11:12:21+00:00","og_image":[{"width":2048,"height":1365,"url":"https:\/\/instytutpolski.pl\/bucuresti\/wp-content\/uploads\/sites\/11\/2020\/06\/Garana_2016.jpg","type":"image\/jpeg"}],"twitter_card":"summary_large_image","schema":{"@context":"https:\/\/schema.org","@graph":[{"@type":"WebPage","@id":"https:\/\/instytutpolski.pl\/bucuresti\/ce-urmeaza\/","url":"https:\/\/instytutpolski.pl\/bucuresti\/ce-urmeaza\/","name":"Ce urmeaz\u0103 - Instytut Polski w Bukareszcie","isPartOf":{"@id":"https:\/\/instytutpolski.pl\/bucuresti\/#website"},"primaryImageOfPage":{"@id":"https:\/\/instytutpolski.pl\/bucuresti\/ce-urmeaza\/#primaryimage"},"image":{"@id":"https:\/\/instytutpolski.pl\/bucuresti\/ce-urmeaza\/#primaryimage"},"thumbnailUrl":"https:\/\/instytutpolski.pl\/bucuresti\/wp-content\/uploads\/sites\/11\/2020\/06\/Garana_2016.jpg","datePublished":"2019-06-05T21:15:01+00:00","dateModified":"2021-08-23T11:12:21+00:00","breadcrumb":{"@id":"https:\/\/instytutpolski.pl\/bucuresti\/ce-urmeaza\/#breadcrumb"},"inLanguage":"pl-PL","potentialAction":[{"@type":"ReadAction","target":["https:\/\/instytutpolski.pl\/bucuresti\/ce-urmeaza\/"]}]},{"@type":"ImageObject","inLanguage":"pl-PL","@id":"https:\/\/instytutpolski.pl\/bucuresti\/ce-urmeaza\/#primaryimage","url":"https:\/\/instytutpolski.pl\/bucuresti\/wp-content\/uploads\/sites\/11\/2020\/06\/Garana_2016.jpg","contentUrl":"https:\/\/instytutpolski.pl\/bucuresti\/wp-content\/uploads\/sites\/11\/2020\/06\/Garana_2016.jpg","width":2048,"height":1365,"caption":"Festiwal Garana, fot. Agnieszka Skieterska"},{"@type":"BreadcrumbList","@id":"https:\/\/instytutpolski.pl\/bucuresti\/ce-urmeaza\/#breadcrumb","itemListElement":[{"@type":"ListItem","position":1,"name":"Home","item":"https:\/\/instytutpolski.pl\/bucuresti\/"},{"@type":"ListItem","position":2,"name":"Ce urmeaz\u0103"}]},{"@type":"WebSite","@id":"https:\/\/instytutpolski.pl\/bucuresti\/#website","url":"https:\/\/instytutpolski.pl\/bucuresti\/","name":"Instytut Polski w Bukareszcie","description":"Instytuty Polskie","potentialAction":[{"@type":"SearchAction","target":{"@type":"EntryPoint","urlTemplate":"https:\/\/instytutpolski.pl\/bucuresti\/?s={search_term_string}"},"query-input":{"@type":"PropertyValueSpecification","valueRequired":true,"valueName":"search_term_string"}}],"inLanguage":"pl-PL"}]}},"_links":{"self":[{"href":"https:\/\/instytutpolski.pl\/bucuresti\/wp-json\/wp\/v2\/pages\/195","targetHints":{"allow":["GET"]}}],"collection":[{"href":"https:\/\/instytutpolski.pl\/bucuresti\/wp-json\/wp\/v2\/pages"}],"about":[{"href":"https:\/\/instytutpolski.pl\/bucuresti\/wp-json\/wp\/v2\/types\/page"}],"author":[{"embeddable":true,"href":"https:\/\/instytutpolski.pl\/bucuresti\/wp-json\/wp\/v2\/users\/1"}],"replies":[{"embeddable":true,"href":"https:\/\/instytutpolski.pl\/bucuresti\/wp-json\/wp\/v2\/comments?post=195"}],"version-history":[{"count":70,"href":"https:\/\/instytutpolski.pl\/bucuresti\/wp-json\/wp\/v2\/pages\/195\/revisions"}],"predecessor-version":[{"id":7066,"href":"https:\/\/instytutpolski.pl\/bucuresti\/wp-json\/wp\/v2\/pages\/195\/revisions\/7066"}],"wp:featuredmedia":[{"embeddable":true,"href":"https:\/\/instytutpolski.pl\/bucuresti\/wp-json\/wp\/v2\/media\/2815"}],"wp:attachment":[{"href":"https:\/\/instytutpolski.pl\/bucuresti\/wp-json\/wp\/v2\/media?parent=195"}],"curies":[{"name":"wp","href":"https:\/\/api.w.org\/{rel}","templated":true}]}}