{"id":197,"date":"2019-06-05T23:15:01","date_gmt":"2019-06-05T21:15:01","guid":{"rendered":"https:\/\/instytutpolski.pl\/bukareszt\/?page_id=197"},"modified":"2021-08-23T13:14:22","modified_gmt":"2021-08-23T11:14:22","slug":"nadchodzace","status":"publish","type":"page","link":"https:\/\/instytutpolski.pl\/bucuresti\/pl\/nadchodzace\/","title":{"rendered":"Nadchodz\u0105ce"},"content":{"rendered":"\n<div class=\"head\">\n<p>Na tej stronie publikujemy list\u0119 wydarze\u0144, kt\u00f3re w najbli\u017cszych miesi\u0105cach organizujemy w Rumunii i Mo\u0142dawii wsp\u00f3lnie z naszymi partnerami. Skr\u00f3towy program Instytutu Polskiego w Bukareszcie jest regularnie aktualizowany, a szczeg\u00f3\u0142y na temat wymienionych w nim wydarze\u0144 mo\u017cna przeczyta\u0107 po klikni\u0119ciu na poszczeg\u00f3lne linki. \u00a0Zach\u0119camy te\u017c do zapisywania si\u0119 na newsletter i do obserwowania nas na Facebook\u2019u i Twitterze.<\/p>\n<p><strong>SIERPIE\u0143<\/strong><\/p>\n<p><strong>do 31 sierpnia, Gole\u0219ti<\/strong> &#8211; wystawa \u201ePolki i Rumunki, kt\u00f3re zmieni\u0142y \u015bwiat\u201d, Muzeum Gole\u0219ti, ul. Banul Radu Golescu nr 34<\/p>\n<\/div>\n\n\n\n<p><\/p>\n\n\n","protected":false},"excerpt":{"rendered":"<p>Na tej stronie publikujemy list\u0119 wydarze\u0144, kt\u00f3re w najbli\u017cszych miesi\u0105cach organizujemy w Rumunii i Mo\u0142dawii wsp\u00f3lnie z naszymi partnerami. Skr\u00f3towy program Instytutu Polskiego w Bukareszcie jest regularnie aktualizowany, a szczeg\u00f3\u0142y na temat wymienionych w nim wydarze\u0144 mo\u017cna przeczyta\u0107 po klikni\u0119ciu na poszczeg\u00f3lne linki. \u00a0Zach\u0119camy te\u017c do zapisywania si\u0119 na newsletter i do obserwowania nas na [&hellip;]<\/p>\n","protected":false},"author":1,"featured_media":2815,"parent":0,"menu_order":0,"comment_status":"closed","ping_status":"closed","template":"","meta":{"inline_featured_image":false,"_monsterinsights_skip_tracking":false,"_monsterinsights_sitenote_active":false,"_monsterinsights_sitenote_note":"","_monsterinsights_sitenote_category":0,"footnotes":""},"class_list":["post-197","page","type-page","status-publish","has-post-thumbnail","hentry"],"yoast_head":"<!-- This site is optimized with the Yoast SEO plugin v24.6 - https:\/\/yoast.com\/wordpress\/plugins\/seo\/ -->\n<title>Nadchodz\u0105ce - Instytut Polski w Bukareszcie<\/title>\n<meta name=\"robots\" content=\"index, follow, max-snippet:-1, max-image-preview:large, max-video-preview:-1\" \/>\n<link rel=\"canonical\" href=\"https:\/\/instytutpolski.pl\/bucuresti\/pl\/nadchodzace\/\" \/>\n<meta property=\"og:locale\" content=\"pl_PL\" \/>\n<meta property=\"og:type\" content=\"article\" \/>\n<meta property=\"og:title\" content=\"Nadchodz\u0105ce - Instytut Polski w Bukareszcie\" \/>\n<meta property=\"og:description\" content=\"Na tej stronie publikujemy list\u0119 wydarze\u0144, kt\u00f3re w najbli\u017cszych miesi\u0105cach organizujemy w Rumunii i Mo\u0142dawii wsp\u00f3lnie z naszymi partnerami. Skr\u00f3towy program Instytutu Polskiego w Bukareszcie jest regularnie aktualizowany, a szczeg\u00f3\u0142y na temat wymienionych w nim wydarze\u0144 mo\u017cna przeczyta\u0107 po klikni\u0119ciu na poszczeg\u00f3lne linki. \u00a0Zach\u0119camy te\u017c do zapisywania si\u0119 na newsletter i do obserwowania nas na [&hellip;]\" \/>\n<meta property=\"og:url\" content=\"https:\/\/instytutpolski.pl\/bucuresti\/pl\/nadchodzace\/\" \/>\n<meta property=\"og:site_name\" content=\"Instytut Polski w Bukareszcie\" \/>\n<meta property=\"article:modified_time\" content=\"2021-08-23T11:14:22+00:00\" \/>\n<meta property=\"og:image\" content=\"https:\/\/instytutpolski.pl\/bucuresti\/wp-content\/uploads\/sites\/11\/2020\/06\/Garana_2016.jpg\" \/>\n\t<meta property=\"og:image:width\" content=\"2048\" \/>\n\t<meta property=\"og:image:height\" content=\"1365\" \/>\n\t<meta property=\"og:image:type\" content=\"image\/jpeg\" \/>\n<meta name=\"twitter:card\" content=\"summary_large_image\" \/>\n<script type=\"application\/ld+json\" class=\"yoast-schema-graph\">{\"@context\":\"https:\/\/schema.org\",\"@graph\":[{\"@type\":\"WebPage\",\"@id\":\"https:\/\/instytutpolski.pl\/bucuresti\/pl\/nadchodzace\/\",\"url\":\"https:\/\/instytutpolski.pl\/bucuresti\/pl\/nadchodzace\/\",\"name\":\"Nadchodz\u0105ce - Instytut Polski w Bukareszcie\",\"isPartOf\":{\"@id\":\"https:\/\/instytutpolski.pl\/bucuresti\/#website\"},\"primaryImageOfPage\":{\"@id\":\"https:\/\/instytutpolski.pl\/bucuresti\/pl\/nadchodzace\/#primaryimage\"},\"image\":{\"@id\":\"https:\/\/instytutpolski.pl\/bucuresti\/pl\/nadchodzace\/#primaryimage\"},\"thumbnailUrl\":\"https:\/\/instytutpolski.pl\/bucuresti\/wp-content\/uploads\/sites\/11\/2020\/06\/Garana_2016.jpg\",\"datePublished\":\"2019-06-05T21:15:01+00:00\",\"dateModified\":\"2021-08-23T11:14:22+00:00\",\"breadcrumb\":{\"@id\":\"https:\/\/instytutpolski.pl\/bucuresti\/pl\/nadchodzace\/#breadcrumb\"},\"inLanguage\":\"pl-PL\",\"potentialAction\":[{\"@type\":\"ReadAction\",\"target\":[\"https:\/\/instytutpolski.pl\/bucuresti\/pl\/nadchodzace\/\"]}]},{\"@type\":\"ImageObject\",\"inLanguage\":\"pl-PL\",\"@id\":\"https:\/\/instytutpolski.pl\/bucuresti\/pl\/nadchodzace\/#primaryimage\",\"url\":\"https:\/\/instytutpolski.pl\/bucuresti\/wp-content\/uploads\/sites\/11\/2020\/06\/Garana_2016.jpg\",\"contentUrl\":\"https:\/\/instytutpolski.pl\/bucuresti\/wp-content\/uploads\/sites\/11\/2020\/06\/Garana_2016.jpg\",\"width\":2048,\"height\":1365,\"caption\":\"Festiwal Garana, fot. Agnieszka Skieterska\"},{\"@type\":\"BreadcrumbList\",\"@id\":\"https:\/\/instytutpolski.pl\/bucuresti\/pl\/nadchodzace\/#breadcrumb\",\"itemListElement\":[{\"@type\":\"ListItem\",\"position\":1,\"name\":\"Home\",\"item\":\"https:\/\/instytutpolski.pl\/bucuresti\/\"},{\"@type\":\"ListItem\",\"position\":2,\"name\":\"Nadchodz\u0105ce\"}]},{\"@type\":\"WebSite\",\"@id\":\"https:\/\/instytutpolski.pl\/bucuresti\/#website\",\"url\":\"https:\/\/instytutpolski.pl\/bucuresti\/\",\"name\":\"Instytut Polski w Bukareszcie\",\"description\":\"Instytuty Polskie\",\"potentialAction\":[{\"@type\":\"SearchAction\",\"target\":{\"@type\":\"EntryPoint\",\"urlTemplate\":\"https:\/\/instytutpolski.pl\/bucuresti\/?s={search_term_string}\"},\"query-input\":{\"@type\":\"PropertyValueSpecification\",\"valueRequired\":true,\"valueName\":\"search_term_string\"}}],\"inLanguage\":\"pl-PL\"}]}<\/script>\n<!-- \/ Yoast SEO plugin. -->","yoast_head_json":{"title":"Nadchodz\u0105ce - Instytut Polski w Bukareszcie","robots":{"index":"index","follow":"follow","max-snippet":"max-snippet:-1","max-image-preview":"max-image-preview:large","max-video-preview":"max-video-preview:-1"},"canonical":"https:\/\/instytutpolski.pl\/bucuresti\/pl\/nadchodzace\/","og_locale":"pl_PL","og_type":"article","og_title":"Nadchodz\u0105ce - Instytut Polski w Bukareszcie","og_description":"Na tej stronie publikujemy list\u0119 wydarze\u0144, kt\u00f3re w najbli\u017cszych miesi\u0105cach organizujemy w Rumunii i Mo\u0142dawii wsp\u00f3lnie z naszymi partnerami. Skr\u00f3towy program Instytutu Polskiego w Bukareszcie jest regularnie aktualizowany, a szczeg\u00f3\u0142y na temat wymienionych w nim wydarze\u0144 mo\u017cna przeczyta\u0107 po klikni\u0119ciu na poszczeg\u00f3lne linki. \u00a0Zach\u0119camy te\u017c do zapisywania si\u0119 na newsletter i do obserwowania nas na [&hellip;]","og_url":"https:\/\/instytutpolski.pl\/bucuresti\/pl\/nadchodzace\/","og_site_name":"Instytut Polski w Bukareszcie","article_modified_time":"2021-08-23T11:14:22+00:00","og_image":[{"width":2048,"height":1365,"url":"https:\/\/instytutpolski.pl\/bucuresti\/wp-content\/uploads\/sites\/11\/2020\/06\/Garana_2016.jpg","type":"image\/jpeg"}],"twitter_card":"summary_large_image","schema":{"@context":"https:\/\/schema.org","@graph":[{"@type":"WebPage","@id":"https:\/\/instytutpolski.pl\/bucuresti\/pl\/nadchodzace\/","url":"https:\/\/instytutpolski.pl\/bucuresti\/pl\/nadchodzace\/","name":"Nadchodz\u0105ce - Instytut Polski w Bukareszcie","isPartOf":{"@id":"https:\/\/instytutpolski.pl\/bucuresti\/#website"},"primaryImageOfPage":{"@id":"https:\/\/instytutpolski.pl\/bucuresti\/pl\/nadchodzace\/#primaryimage"},"image":{"@id":"https:\/\/instytutpolski.pl\/bucuresti\/pl\/nadchodzace\/#primaryimage"},"thumbnailUrl":"https:\/\/instytutpolski.pl\/bucuresti\/wp-content\/uploads\/sites\/11\/2020\/06\/Garana_2016.jpg","datePublished":"2019-06-05T21:15:01+00:00","dateModified":"2021-08-23T11:14:22+00:00","breadcrumb":{"@id":"https:\/\/instytutpolski.pl\/bucuresti\/pl\/nadchodzace\/#breadcrumb"},"inLanguage":"pl-PL","potentialAction":[{"@type":"ReadAction","target":["https:\/\/instytutpolski.pl\/bucuresti\/pl\/nadchodzace\/"]}]},{"@type":"ImageObject","inLanguage":"pl-PL","@id":"https:\/\/instytutpolski.pl\/bucuresti\/pl\/nadchodzace\/#primaryimage","url":"https:\/\/instytutpolski.pl\/bucuresti\/wp-content\/uploads\/sites\/11\/2020\/06\/Garana_2016.jpg","contentUrl":"https:\/\/instytutpolski.pl\/bucuresti\/wp-content\/uploads\/sites\/11\/2020\/06\/Garana_2016.jpg","width":2048,"height":1365,"caption":"Festiwal Garana, fot. Agnieszka Skieterska"},{"@type":"BreadcrumbList","@id":"https:\/\/instytutpolski.pl\/bucuresti\/pl\/nadchodzace\/#breadcrumb","itemListElement":[{"@type":"ListItem","position":1,"name":"Home","item":"https:\/\/instytutpolski.pl\/bucuresti\/"},{"@type":"ListItem","position":2,"name":"Nadchodz\u0105ce"}]},{"@type":"WebSite","@id":"https:\/\/instytutpolski.pl\/bucuresti\/#website","url":"https:\/\/instytutpolski.pl\/bucuresti\/","name":"Instytut Polski w Bukareszcie","description":"Instytuty Polskie","potentialAction":[{"@type":"SearchAction","target":{"@type":"EntryPoint","urlTemplate":"https:\/\/instytutpolski.pl\/bucuresti\/?s={search_term_string}"},"query-input":{"@type":"PropertyValueSpecification","valueRequired":true,"valueName":"search_term_string"}}],"inLanguage":"pl-PL"}]}},"_links":{"self":[{"href":"https:\/\/instytutpolski.pl\/bucuresti\/wp-json\/wp\/v2\/pages\/197","targetHints":{"allow":["GET"]}}],"collection":[{"href":"https:\/\/instytutpolski.pl\/bucuresti\/wp-json\/wp\/v2\/pages"}],"about":[{"href":"https:\/\/instytutpolski.pl\/bucuresti\/wp-json\/wp\/v2\/types\/page"}],"author":[{"embeddable":true,"href":"https:\/\/instytutpolski.pl\/bucuresti\/wp-json\/wp\/v2\/users\/1"}],"replies":[{"embeddable":true,"href":"https:\/\/instytutpolski.pl\/bucuresti\/wp-json\/wp\/v2\/comments?post=197"}],"version-history":[{"count":56,"href":"https:\/\/instytutpolski.pl\/bucuresti\/wp-json\/wp\/v2\/pages\/197\/revisions"}],"predecessor-version":[{"id":7068,"href":"https:\/\/instytutpolski.pl\/bucuresti\/wp-json\/wp\/v2\/pages\/197\/revisions\/7068"}],"wp:featuredmedia":[{"embeddable":true,"href":"https:\/\/instytutpolski.pl\/bucuresti\/wp-json\/wp\/v2\/media\/2815"}],"wp:attachment":[{"href":"https:\/\/instytutpolski.pl\/bucuresti\/wp-json\/wp\/v2\/media?parent=197"}],"curies":[{"name":"wp","href":"https:\/\/api.w.org\/{rel}","templated":true}]}}