{"id":25,"date":"2019-06-05T18:49:20","date_gmt":"2019-06-05T16:49:20","guid":{"rendered":"https:\/\/instytutpolski.pl\/bukareszt\/?page_id=25"},"modified":"2025-06-03T10:22:31","modified_gmt":"2025-06-03T08:22:31","slug":"contact-institutul-polonez","status":"publish","type":"page","link":"https:\/\/instytutpolski.pl\/bucuresti\/contact-institutul-polonez\/","title":{"rendered":"Contact Institutul Polonez"},"content":{"rendered":"\n<p>Adres\u0103, num\u0103rul de telefon, fax, email \u015fi coordonatele pe hart\u0103.<\/p>\n<h3>Institutul Polonez din Bucure\u015fti<\/h3>\n<p>Str. Popa Savu nr. 28, sector 1, cod 011433, Bucure\u015fti<\/p>\n<p>Tel.: +40 21 22 44 556<\/p>\n<p>e-mail: bucuresti[at]instytutpolski.pl<\/p>\n<p><strong>Programul de func\u021bionare:<\/strong><\/p>\n<p>luni-vineri 9.00-17.00<\/p>\n<p><strong>Internet<\/strong><\/p>\n<ul>\n<li><a href=\"https:\/\/instytutpolski.pl\/bukareszt\/\">instytutpolski.pl\/bukareszt\/<\/a><\/li>\n<li><a href=\"https:\/\/www.facebook.com\/pages\/Institutul-Polonez\/285041241432\" target=\"_blank\" rel=\"noopener noreferrer\">Institutul Polonez pe Facebook<\/a><\/li>\n<li><a href=\"http:\/\/twitter.com\/#!\/InstitutulPOL\" target=\"_blank\" rel=\"noopener noreferrer\">Institutul Polonez pe Twitter<\/a><\/li>\n<li><a href=\"http:\/\/www.youtube.com\/user\/InstitutulPolonez\" target=\"_blank\" rel=\"noopener noreferrer\">Institutul Polonez pe YouTube<\/a><\/li>\n<li><a href=\"https:\/\/www.instagram.com\/institutulpolonez\/\" target=\"_blank\" rel=\"noopener noreferrer\">Institutul Polonez pe Instagram<\/a><\/li>\n<\/ul>\n<p>\u00a0<\/p>\n<h2>Harta<\/h2>\n\n\n","protected":false},"excerpt":{"rendered":"<p>Adres\u0103, num\u0103rul de telefon, fax, email \u015fi coordonatele pe hart\u0103. Institutul Polonez din Bucure\u015fti Str. Popa Savu nr. 28, sector 1, cod 011433, Bucure\u015fti Tel.: +40 21 22 44 556 e-mail: bucuresti[at]instytutpolski.pl Programul de func\u021bionare: luni-vineri 9.00-17.00 Internet instytutpolski.pl\/bukareszt\/ Institutul Polonez pe Facebook Institutul Polonez pe Twitter Institutul Polonez pe YouTube Institutul Polonez pe Instagram [&hellip;]<\/p>\n","protected":false},"author":1,"featured_media":0,"parent":0,"menu_order":0,"comment_status":"closed","ping_status":"closed","template":"","meta":{"inline_featured_image":false,"_monsterinsights_skip_tracking":false,"_monsterinsights_sitenote_active":false,"_monsterinsights_sitenote_note":"","_monsterinsights_sitenote_category":0,"footnotes":""},"class_list":["post-25","page","type-page","status-publish","hentry"],"yoast_head":"<!-- This site is optimized with the Yoast SEO plugin v24.6 - https:\/\/yoast.com\/wordpress\/plugins\/seo\/ -->\n<title>Contact Institutul Polonez - Instytut Polski w Bukareszcie<\/title>\n<meta name=\"robots\" content=\"index, follow, max-snippet:-1, max-image-preview:large, max-video-preview:-1\" \/>\n<link rel=\"canonical\" href=\"https:\/\/instytutpolski.pl\/bucuresti\/contact-institutul-polonez\/\" \/>\n<meta property=\"og:locale\" content=\"pl_PL\" \/>\n<meta property=\"og:type\" content=\"article\" \/>\n<meta property=\"og:title\" content=\"Contact Institutul Polonez - Instytut Polski w Bukareszcie\" \/>\n<meta property=\"og:description\" content=\"Adres\u0103, num\u0103rul de telefon, fax, email \u015fi coordonatele pe hart\u0103. Institutul Polonez din Bucure\u015fti Str. Popa Savu nr. 28, sector 1, cod 011433, Bucure\u015fti Tel.: +40 21 22 44 556 e-mail: bucuresti[at]instytutpolski.pl Programul de func\u021bionare: luni-vineri 9.00-17.00 Internet instytutpolski.pl\/bukareszt\/ Institutul Polonez pe Facebook Institutul Polonez pe Twitter Institutul Polonez pe YouTube Institutul Polonez pe Instagram [&hellip;]\" \/>\n<meta property=\"og:url\" content=\"https:\/\/instytutpolski.pl\/bucuresti\/contact-institutul-polonez\/\" \/>\n<meta property=\"og:site_name\" content=\"Instytut Polski w Bukareszcie\" \/>\n<meta property=\"article:modified_time\" content=\"2025-06-03T08:22:31+00:00\" \/>\n<meta name=\"twitter:card\" content=\"summary_large_image\" \/>\n<meta name=\"twitter:label1\" content=\"Szacowany czas czytania\" \/>\n\t<meta name=\"twitter:data1\" content=\"1 minuta\" \/>\n<script type=\"application\/ld+json\" class=\"yoast-schema-graph\">{\"@context\":\"https:\/\/schema.org\",\"@graph\":[{\"@type\":\"WebPage\",\"@id\":\"https:\/\/instytutpolski.pl\/bucuresti\/contact-institutul-polonez\/\",\"url\":\"https:\/\/instytutpolski.pl\/bucuresti\/contact-institutul-polonez\/\",\"name\":\"Contact Institutul Polonez - Instytut Polski w Bukareszcie\",\"isPartOf\":{\"@id\":\"https:\/\/instytutpolski.pl\/bucuresti\/#website\"},\"datePublished\":\"2019-06-05T16:49:20+00:00\",\"dateModified\":\"2025-06-03T08:22:31+00:00\",\"breadcrumb\":{\"@id\":\"https:\/\/instytutpolski.pl\/bucuresti\/contact-institutul-polonez\/#breadcrumb\"},\"inLanguage\":\"pl-PL\",\"potentialAction\":[{\"@type\":\"ReadAction\",\"target\":[\"https:\/\/instytutpolski.pl\/bucuresti\/contact-institutul-polonez\/\"]}]},{\"@type\":\"BreadcrumbList\",\"@id\":\"https:\/\/instytutpolski.pl\/bucuresti\/contact-institutul-polonez\/#breadcrumb\",\"itemListElement\":[{\"@type\":\"ListItem\",\"position\":1,\"name\":\"Home\",\"item\":\"https:\/\/instytutpolski.pl\/bucuresti\/\"},{\"@type\":\"ListItem\",\"position\":2,\"name\":\"Contact Institutul Polonez\"}]},{\"@type\":\"WebSite\",\"@id\":\"https:\/\/instytutpolski.pl\/bucuresti\/#website\",\"url\":\"https:\/\/instytutpolski.pl\/bucuresti\/\",\"name\":\"Instytut Polski w Bukareszcie\",\"description\":\"Instytuty Polskie\",\"potentialAction\":[{\"@type\":\"SearchAction\",\"target\":{\"@type\":\"EntryPoint\",\"urlTemplate\":\"https:\/\/instytutpolski.pl\/bucuresti\/?s={search_term_string}\"},\"query-input\":{\"@type\":\"PropertyValueSpecification\",\"valueRequired\":true,\"valueName\":\"search_term_string\"}}],\"inLanguage\":\"pl-PL\"}]}<\/script>\n<!-- \/ Yoast SEO plugin. -->","yoast_head_json":{"title":"Contact Institutul Polonez - Instytut Polski w Bukareszcie","robots":{"index":"index","follow":"follow","max-snippet":"max-snippet:-1","max-image-preview":"max-image-preview:large","max-video-preview":"max-video-preview:-1"},"canonical":"https:\/\/instytutpolski.pl\/bucuresti\/contact-institutul-polonez\/","og_locale":"pl_PL","og_type":"article","og_title":"Contact Institutul Polonez - Instytut Polski w Bukareszcie","og_description":"Adres\u0103, num\u0103rul de telefon, fax, email \u015fi coordonatele pe hart\u0103. Institutul Polonez din Bucure\u015fti Str. Popa Savu nr. 28, sector 1, cod 011433, Bucure\u015fti Tel.: +40 21 22 44 556 e-mail: bucuresti[at]instytutpolski.pl Programul de func\u021bionare: luni-vineri 9.00-17.00 Internet instytutpolski.pl\/bukareszt\/ Institutul Polonez pe Facebook Institutul Polonez pe Twitter Institutul Polonez pe YouTube Institutul Polonez pe Instagram [&hellip;]","og_url":"https:\/\/instytutpolski.pl\/bucuresti\/contact-institutul-polonez\/","og_site_name":"Instytut Polski w Bukareszcie","article_modified_time":"2025-06-03T08:22:31+00:00","twitter_card":"summary_large_image","twitter_misc":{"Szacowany czas czytania":"1 minuta"},"schema":{"@context":"https:\/\/schema.org","@graph":[{"@type":"WebPage","@id":"https:\/\/instytutpolski.pl\/bucuresti\/contact-institutul-polonez\/","url":"https:\/\/instytutpolski.pl\/bucuresti\/contact-institutul-polonez\/","name":"Contact Institutul Polonez - Instytut Polski w Bukareszcie","isPartOf":{"@id":"https:\/\/instytutpolski.pl\/bucuresti\/#website"},"datePublished":"2019-06-05T16:49:20+00:00","dateModified":"2025-06-03T08:22:31+00:00","breadcrumb":{"@id":"https:\/\/instytutpolski.pl\/bucuresti\/contact-institutul-polonez\/#breadcrumb"},"inLanguage":"pl-PL","potentialAction":[{"@type":"ReadAction","target":["https:\/\/instytutpolski.pl\/bucuresti\/contact-institutul-polonez\/"]}]},{"@type":"BreadcrumbList","@id":"https:\/\/instytutpolski.pl\/bucuresti\/contact-institutul-polonez\/#breadcrumb","itemListElement":[{"@type":"ListItem","position":1,"name":"Home","item":"https:\/\/instytutpolski.pl\/bucuresti\/"},{"@type":"ListItem","position":2,"name":"Contact Institutul Polonez"}]},{"@type":"WebSite","@id":"https:\/\/instytutpolski.pl\/bucuresti\/#website","url":"https:\/\/instytutpolski.pl\/bucuresti\/","name":"Instytut Polski w Bukareszcie","description":"Instytuty Polskie","potentialAction":[{"@type":"SearchAction","target":{"@type":"EntryPoint","urlTemplate":"https:\/\/instytutpolski.pl\/bucuresti\/?s={search_term_string}"},"query-input":{"@type":"PropertyValueSpecification","valueRequired":true,"valueName":"search_term_string"}}],"inLanguage":"pl-PL"}]}},"_links":{"self":[{"href":"https:\/\/instytutpolski.pl\/bucuresti\/wp-json\/wp\/v2\/pages\/25","targetHints":{"allow":["GET"]}}],"collection":[{"href":"https:\/\/instytutpolski.pl\/bucuresti\/wp-json\/wp\/v2\/pages"}],"about":[{"href":"https:\/\/instytutpolski.pl\/bucuresti\/wp-json\/wp\/v2\/types\/page"}],"author":[{"embeddable":true,"href":"https:\/\/instytutpolski.pl\/bucuresti\/wp-json\/wp\/v2\/users\/1"}],"replies":[{"embeddable":true,"href":"https:\/\/instytutpolski.pl\/bucuresti\/wp-json\/wp\/v2\/comments?post=25"}],"version-history":[{"count":11,"href":"https:\/\/instytutpolski.pl\/bucuresti\/wp-json\/wp\/v2\/pages\/25\/revisions"}],"predecessor-version":[{"id":14013,"href":"https:\/\/instytutpolski.pl\/bucuresti\/wp-json\/wp\/v2\/pages\/25\/revisions\/14013"}],"wp:attachment":[{"href":"https:\/\/instytutpolski.pl\/bucuresti\/wp-json\/wp\/v2\/media?parent=25"}],"curies":[{"name":"wp","href":"https:\/\/api.w.org\/{rel}","templated":true}]}}